{"id":23923,"date":"2019-04-17T08:02:01","date_gmt":"2019-04-17T07:02:01","guid":{"rendered":"https:\/\/konkret.store\/?page_id=23923"},"modified":"2025-03-19T21:24:54","modified_gmt":"2025-03-19T20:24:54","slug":"beschwerden","status":"publish","type":"page","link":"https:\/\/konkret.store\/de\/beschwerden\/","title":{"rendered":"Beschwerden"},"content":{"rendered":"<section class=\"image-text\">\n  <div class=\"container\">\n    <div class=\"row align-items-center\">\n      <div class=\"col-lg-6  image-text--left\">\n        <div class=\"image-text__image\">\n          <img loading=\"lazy\" decoding=\"async\" width=\"200\" height=\"191\" src=\"https:\/\/konkret.store\/app\/uploads\/2019\/05\/retur-logo.png\" class=\"attachment-full size-full\" alt=\"\" \/>        <\/div>\n      <\/div>\n      <div class=\"col-lg-5  offset-lg-1 \">\n                <h2>Etwas ist schiefgelaufen?<\/h2>\n        <div class=\"image-text__text\">\n          <p><img loading=\"lazy\" decoding=\"async\" class=\"alignnone wp-image-16049 lazyloaded\" src=\"https:\/\/konkret.store\/app\/uploads\/2023\/04\/star-removebg-300x231.png\" sizes=\"auto, (max-width: 27px) 100vw, 27px\" srcset=\"https:\/\/konkret.store\/app\/uploads\/2023\/04\/star-removebg-300x231.png 300w, https:\/\/konkret.store\/app\/uploads\/2023\/04\/star-removebg-610x469.png 610w, https:\/\/konkret.store\/app\/uploads\/2023\/04\/star-removebg-64x49.png 64w, https:\/\/konkret.store\/app\/uploads\/2023\/04\/star-removebg.png 612w\" alt=\"\" width=\"27\" height=\"21\" data-srcset=\"https:\/\/konkret.store\/app\/uploads\/2023\/04\/star-removebg-300x231.png 300w, https:\/\/konkret.store\/app\/uploads\/2023\/04\/star-removebg-610x469.png 610w, https:\/\/konkret.store\/app\/uploads\/2023\/04\/star-removebg-64x49.png 64w, https:\/\/konkret.store\/app\/uploads\/2023\/04\/star-removebg.png 612w\" data-src=\"https:\/\/konkret.store\/app\/uploads\/2023\/04\/star-removebg-300x231.png\" data-sizes=\"(max-width: 27px) 100vw, 27px\" \/>Hat sich herausgestellt, dass das Produkt fehlerhaft oder besch\u00e4digt ist?<\/p>\n<p>Falls das Produkt w\u00e4hrend des Transports besch\u00e4digt wurde, bitten wir Sie, ein Schadensprotokoll beizuf\u00fcgen, das in Anwesenheit des Kuriers erstellt wurde.<\/p>\n<p><img loading=\"lazy\" decoding=\"async\" class=\"alignnone wp-image-16049 lazyloaded\" src=\"https:\/\/konkret.store\/app\/uploads\/2023\/04\/star-removebg-300x231.png\" sizes=\"auto, (max-width: 27px) 100vw, 27px\" srcset=\"https:\/\/konkret.store\/app\/uploads\/2023\/04\/star-removebg-300x231.png 300w, https:\/\/konkret.store\/app\/uploads\/2023\/04\/star-removebg-610x469.png 610w, https:\/\/konkret.store\/app\/uploads\/2023\/04\/star-removebg-64x49.png 64w, https:\/\/konkret.store\/app\/uploads\/2023\/04\/star-removebg.png 612w\" alt=\"\" width=\"27\" height=\"21\" data-srcset=\"https:\/\/konkret.store\/app\/uploads\/2023\/04\/star-removebg-300x231.png 300w, https:\/\/konkret.store\/app\/uploads\/2023\/04\/star-removebg-610x469.png 610w, https:\/\/konkret.store\/app\/uploads\/2023\/04\/star-removebg-64x49.png 64w, https:\/\/konkret.store\/app\/uploads\/2023\/04\/star-removebg.png 612w\" data-src=\"https:\/\/konkret.store\/app\/uploads\/2023\/04\/star-removebg-300x231.png\" data-sizes=\"(max-width: 27px) 100vw, 27px\" \/>Befindet sich in der Sendung ein anderes Produkt als bestellt? Gibt es einen anderen Grund?<\/p>\n<p>Sie k\u00f6nnen Ihre Reklamation per E-Mail an folgende Adresse einreichen: <a href=\"mailto:hello@konkret.store\">hello@konkret.store<\/a><\/p>\n<p><img loading=\"lazy\" decoding=\"async\" class=\"alignnone wp-image-16049 lazyloaded\" src=\"https:\/\/konkret.store\/app\/uploads\/2023\/04\/star-removebg-300x231.png\" sizes=\"auto, (max-width: 27px) 100vw, 27px\" srcset=\"https:\/\/konkret.store\/app\/uploads\/2023\/04\/star-removebg-300x231.png 300w, https:\/\/konkret.store\/app\/uploads\/2023\/04\/star-removebg-610x469.png 610w, https:\/\/konkret.store\/app\/uploads\/2023\/04\/star-removebg-64x49.png 64w, https:\/\/konkret.store\/app\/uploads\/2023\/04\/star-removebg.png 612w\" alt=\"\" width=\"27\" height=\"21\" data-srcset=\"https:\/\/konkret.store\/app\/uploads\/2023\/04\/star-removebg-300x231.png 300w, https:\/\/konkret.store\/app\/uploads\/2023\/04\/star-removebg-610x469.png 610w, https:\/\/konkret.store\/app\/uploads\/2023\/04\/star-removebg-64x49.png 64w, https:\/\/konkret.store\/app\/uploads\/2023\/04\/star-removebg.png 612w\" data-src=\"https:\/\/konkret.store\/app\/uploads\/2023\/04\/star-removebg-300x231.png\" data-sizes=\"(max-width: 27px) 100vw, 27px\" \/>Antwortfrist f\u00fcr Reklamationen.<\/p>\n<p>Die Bearbeitungszeit f\u00fcr Reklamationen von Waren, die vor dem 1. Januar 2023 gekauft wurden, betr\u00e4gt 14 Kalendertage und betrifft ausschlie\u00dflich Anfragen zu: Reparatur, Umtausch oder Preisminderung.<\/p>\n<p><img loading=\"lazy\" decoding=\"async\" class=\"alignnone wp-image-16049 lazyloaded\" src=\"https:\/\/konkret.store\/app\/uploads\/2023\/04\/star-removebg-300x231.png\" sizes=\"auto, (max-width: 27px) 100vw, 27px\" srcset=\"https:\/\/konkret.store\/app\/uploads\/2023\/04\/star-removebg-300x231.png 300w, https:\/\/konkret.store\/app\/uploads\/2023\/04\/star-removebg-610x469.png 610w, https:\/\/konkret.store\/app\/uploads\/2023\/04\/star-removebg-64x49.png 64w, https:\/\/konkret.store\/app\/uploads\/2023\/04\/star-removebg.png 612w\" alt=\"\" width=\"27\" height=\"21\" data-srcset=\"https:\/\/konkret.store\/app\/uploads\/2023\/04\/star-removebg-300x231.png 300w, https:\/\/konkret.store\/app\/uploads\/2023\/04\/star-removebg-610x469.png 610w, https:\/\/konkret.store\/app\/uploads\/2023\/04\/star-removebg-64x49.png 64w, https:\/\/konkret.store\/app\/uploads\/2023\/04\/star-removebg.png 612w\" data-src=\"https:\/\/konkret.store\/app\/uploads\/2023\/04\/star-removebg-300x231.png\" data-sizes=\"(max-width: 27px) 100vw, 27px\" \/>Was ben\u00f6tigen wir?<\/p>\n<p>Ihre Kontaktdaten sowie Informationen zur Reklamation (Produktname, Bestellnummer, Beschreibung der Reklamation und notwendige Fotos).<\/p>\n<p>Auf diese Weise erhalten wir in kurzer Zeit alle notwendigen Informationen, die die Bearbeitung Ihrer Reklamation erleichtern.<br \/>\n<strong>Das hilft uns sehr \u2013 vielen Dank!<\/strong><\/p>\n        <\/div>\n              <\/div>\n    <\/div>\n  <\/div>\n<\/section>\n","protected":false},"excerpt":{"rendered":"","protected":false},"author":1,"featured_media":0,"parent":0,"menu_order":0,"comment_status":"closed","ping_status":"closed","template":"views\/page-informational.blade.php","meta":{"_acf_changed":false,"footnotes":""},"class_list":["post-23923","page","type-page","status-publish","hentry"],"acf":[],"yoast_head":"<!-- This site is optimized with the Yoast SEO plugin v26.8 - https:\/\/yoast.com\/product\/yoast-seo-wordpress\/ -->\n<title>Beschwerden - konkret.store<\/title>\n<meta name=\"robots\" content=\"index, follow, max-snippet:-1, max-image-preview:large, max-video-preview:-1\" \/>\n<link rel=\"canonical\" href=\"https:\/\/konkret.store\/de\/beschwerden\/\" \/>\n<meta property=\"og:locale\" content=\"de_DE\" \/>\n<meta property=\"og:type\" content=\"article\" \/>\n<meta property=\"og:title\" content=\"Beschwerden - konkret.store\" \/>\n<meta property=\"og:url\" content=\"https:\/\/konkret.store\/de\/beschwerden\/\" \/>\n<meta property=\"og:site_name\" content=\"konkret.store\" \/>\n<meta property=\"article:publisher\" content=\"https:\/\/facebook.com\/konkret.store\/\" \/>\n<meta property=\"article:modified_time\" content=\"2025-03-19T20:24:54+00:00\" \/>\n<meta name=\"twitter:card\" content=\"summary_large_image\" \/>\n<script type=\"application\/ld+json\" class=\"yoast-schema-graph\">{\"@context\":\"https:\/\/schema.org\",\"@graph\":[{\"@type\":\"WebPage\",\"@id\":\"https:\/\/konkret.store\/de\/beschwerden\/\",\"url\":\"https:\/\/konkret.store\/de\/beschwerden\/\",\"name\":\"Beschwerden - konkret.store\",\"isPartOf\":{\"@id\":\"https:\/\/konkret.store\/de\/#website\"},\"datePublished\":\"2019-04-17T07:02:01+00:00\",\"dateModified\":\"2025-03-19T20:24:54+00:00\",\"breadcrumb\":{\"@id\":\"https:\/\/konkret.store\/de\/beschwerden\/#breadcrumb\"},\"inLanguage\":\"de-DE\",\"potentialAction\":[{\"@type\":\"ReadAction\",\"target\":[\"https:\/\/konkret.store\/de\/beschwerden\/\"]}]},{\"@type\":\"BreadcrumbList\",\"@id\":\"https:\/\/konkret.store\/de\/beschwerden\/#breadcrumb\",\"itemListElement\":[{\"@type\":\"ListItem\",\"position\":1,\"name\":\"Strona g\u0142\u00f3wna\",\"item\":\"https:\/\/konkret.store\/de\/\"},{\"@type\":\"ListItem\",\"position\":2,\"name\":\"Beschwerden\"}]},{\"@type\":\"WebSite\",\"@id\":\"https:\/\/konkret.store\/de\/#website\",\"url\":\"https:\/\/konkret.store\/de\/\",\"name\":\"konkret.store\",\"description\":\"Tylko konkrety\",\"potentialAction\":[{\"@type\":\"SearchAction\",\"target\":{\"@type\":\"EntryPoint\",\"urlTemplate\":\"https:\/\/konkret.store\/de\/?s={search_term_string}\"},\"query-input\":{\"@type\":\"PropertyValueSpecification\",\"valueRequired\":true,\"valueName\":\"search_term_string\"}}],\"inLanguage\":\"de-DE\"}]}<\/script>\n<!-- \/ Yoast SEO plugin. -->","yoast_head_json":{"title":"Beschwerden - konkret.store","robots":{"index":"index","follow":"follow","max-snippet":"max-snippet:-1","max-image-preview":"max-image-preview:large","max-video-preview":"max-video-preview:-1"},"canonical":"https:\/\/konkret.store\/de\/beschwerden\/","og_locale":"de_DE","og_type":"article","og_title":"Beschwerden - konkret.store","og_url":"https:\/\/konkret.store\/de\/beschwerden\/","og_site_name":"konkret.store","article_publisher":"https:\/\/facebook.com\/konkret.store\/","article_modified_time":"2025-03-19T20:24:54+00:00","twitter_card":"summary_large_image","schema":{"@context":"https:\/\/schema.org","@graph":[{"@type":"WebPage","@id":"https:\/\/konkret.store\/de\/beschwerden\/","url":"https:\/\/konkret.store\/de\/beschwerden\/","name":"Beschwerden - konkret.store","isPartOf":{"@id":"https:\/\/konkret.store\/de\/#website"},"datePublished":"2019-04-17T07:02:01+00:00","dateModified":"2025-03-19T20:24:54+00:00","breadcrumb":{"@id":"https:\/\/konkret.store\/de\/beschwerden\/#breadcrumb"},"inLanguage":"de-DE","potentialAction":[{"@type":"ReadAction","target":["https:\/\/konkret.store\/de\/beschwerden\/"]}]},{"@type":"BreadcrumbList","@id":"https:\/\/konkret.store\/de\/beschwerden\/#breadcrumb","itemListElement":[{"@type":"ListItem","position":1,"name":"Strona g\u0142\u00f3wna","item":"https:\/\/konkret.store\/de\/"},{"@type":"ListItem","position":2,"name":"Beschwerden"}]},{"@type":"WebSite","@id":"https:\/\/konkret.store\/de\/#website","url":"https:\/\/konkret.store\/de\/","name":"konkret.store","description":"Tylko konkrety","potentialAction":[{"@type":"SearchAction","target":{"@type":"EntryPoint","urlTemplate":"https:\/\/konkret.store\/de\/?s={search_term_string}"},"query-input":{"@type":"PropertyValueSpecification","valueRequired":true,"valueName":"search_term_string"}}],"inLanguage":"de-DE"}]}},"_links":{"self":[{"href":"https:\/\/konkret.store\/de\/wp-json\/wp\/v2\/pages\/23923","targetHints":{"allow":["GET"]}}],"collection":[{"href":"https:\/\/konkret.store\/de\/wp-json\/wp\/v2\/pages"}],"about":[{"href":"https:\/\/konkret.store\/de\/wp-json\/wp\/v2\/types\/page"}],"author":[{"embeddable":true,"href":"https:\/\/konkret.store\/de\/wp-json\/wp\/v2\/users\/1"}],"replies":[{"embeddable":true,"href":"https:\/\/konkret.store\/de\/wp-json\/wp\/v2\/comments?post=23923"}],"version-history":[{"count":1,"href":"https:\/\/konkret.store\/de\/wp-json\/wp\/v2\/pages\/23923\/revisions"}],"predecessor-version":[{"id":23931,"href":"https:\/\/konkret.store\/de\/wp-json\/wp\/v2\/pages\/23923\/revisions\/23931"}],"wp:attachment":[{"href":"https:\/\/konkret.store\/de\/wp-json\/wp\/v2\/media?parent=23923"}],"curies":[{"name":"wp","href":"https:\/\/api.w.org\/{rel}","templated":true}]}}