{"id":23930,"date":"2024-04-14T22:20:56","date_gmt":"2024-04-14T21:20:56","guid":{"rendered":"https:\/\/konkret.store\/?page_id=23930"},"modified":"2025-03-21T23:52:35","modified_gmt":"2025-03-21T22:52:35","slug":"copyright","status":"publish","type":"page","link":"https:\/\/konkret.store\/de\/copyright\/","title":{"rendered":"Copyright"},"content":{"rendered":"<section class=\"image-text\">\n  <div class=\"container\">\n    <div class=\"row align-items-center\">\n      <div class=\"col-lg-6  image-text--left\">\n        <div class=\"image-text__image\">\n          <img loading=\"lazy\" decoding=\"async\" width=\"450\" height=\"210\" src=\"https:\/\/konkret.store\/app\/uploads\/2024\/04\/213988040-prawa-autorskie-do-kreskowek-lub-litera-c-i-klodka-prawo-do-pierwszej-publikacji-kopia-prawo-removebg-preview.png\" class=\"attachment-full size-full\" alt=\"\" srcset=\"https:\/\/konkret.store\/app\/uploads\/2024\/04\/213988040-prawa-autorskie-do-kreskowek-lub-litera-c-i-klodka-prawo-do-pierwszej-publikacji-kopia-prawo-removebg-preview.png 450w, https:\/\/konkret.store\/app\/uploads\/2024\/04\/213988040-prawa-autorskie-do-kreskowek-lub-litera-c-i-klodka-prawo-do-pierwszej-publikacji-kopia-prawo-removebg-preview-300x140.png 300w, https:\/\/konkret.store\/app\/uploads\/2024\/04\/213988040-prawa-autorskie-do-kreskowek-lub-litera-c-i-klodka-prawo-do-pierwszej-publikacji-kopia-prawo-removebg-preview-64x30.png 64w\" sizes=\"auto, (max-width: 450px) 100vw, 450px\" \/>        <\/div>\n      <\/div>\n      <div class=\"col-lg-5  offset-lg-1 \">\n                <h2><\/h2>\n        <div class=\"image-text__text\">\n          <p data-start=\"59\" data-end=\"76\"><strong data-start=\"59\" data-end=\"76\">URHEBERRECHTE<\/strong><\/p>\n<p data-start=\"78\" data-end=\"502\">Alle Urheberrechte an den Inhalten auf der Website des Shops geh\u00f6ren dem Verk\u00e4ufer und sind vorbehalten. Materialien auf der Website des Shops, einschlie\u00dflich Texte, Grafiken und Quellcodes, d\u00fcrfen in keiner Form und auf keine Weise vervielf\u00e4ltigt, \u00fcbertragen oder verwendet werden. Die Nutzung der Inhalte der Website des Shops ohne vorherige schriftliche Genehmigung des Verk\u00e4ufers ist untersagt und f\u00fchrt zur Nichtigkeit.<\/p>\n<p data-start=\"504\" data-end=\"771\">Es ist dem Kunden untersagt, im Shop, einschlie\u00dflich in Bewertungen \u00fcber Waren, Inhalte zu platzieren, die rechtswidrig sind, insbesondere beleidigender Natur, die Pers\u00f6nlichkeitsrechte des Verk\u00e4ufers oder Dritter verletzen, unwahr sind oder irref\u00fchrend sein k\u00f6nnten.<\/p>\n<p data-start=\"773\" data-end=\"1036\">Es ist dem Kunden untersagt, die Website des Shops oder die vom Verk\u00e4ufer elektronisch bereitgestellten Dienstleistungen in einer Weise zu nutzen, die gegen das Gesetz, die guten Sitten verst\u00f6\u00dft oder die Pers\u00f6nlichkeitsrechte des Verk\u00e4ufers oder Dritter verletzt.<\/p>\n<p data-start=\"1038\" data-end=\"1289\">Es ist den Kunden untersagt, die Website des Shops, ihre Ressourcen und die bereitgestellten Funktionen zu nutzen, um eine T\u00e4tigkeit auszu\u00fcben, die die Interessen des Verk\u00e4ufers verletzt oder negative Auswirkungen auf den Betrieb des Online-Shops hat.<\/p>\n<p data-start=\"1291\" data-end=\"1546\">Es ist untersagt, den Shop f\u00fcr Zwecke zu nutzen, die seinem Verwendungszweck widersprechen, insbesondere zur \u00dcbermittlung von Gesch\u00e4fts- oder Werbeinformationen durch Kunden oder zur Durchf\u00fchrung von kommerziellen oder werblichen Aktivit\u00e4ten durch Kunden.<\/p>\n<p data-start=\"1548\" data-end=\"1821\">Ein Kunde, der Informationen dar\u00fcber erh\u00e4lt, dass im Online-Shop ein rechtswidriger oder den Bestimmungen des Regulativs widersprechender Inhalt ver\u00f6ffentlicht wurde, kann dies dem Verk\u00e4ufer melden, indem er eine Nachricht an die E-Mail-Adresse: <a rel=\"noopener\" data-start=\"1794\" data-end=\"1813\">hello@konkret.store<\/a> sendet.<\/p>\n        <\/div>\n              <\/div>\n    <\/div>\n  <\/div>\n<\/section>\n","protected":false},"excerpt":{"rendered":"","protected":false},"author":1,"featured_media":0,"parent":0,"menu_order":0,"comment_status":"closed","ping_status":"closed","template":"views\/page-informational.blade.php","meta":{"_acf_changed":false,"footnotes":""},"class_list":["post-23930","page","type-page","status-publish","hentry"],"acf":[],"yoast_head":"<!-- This site is optimized with the Yoast SEO plugin v26.8 - https:\/\/yoast.com\/product\/yoast-seo-wordpress\/ -->\n<title>Copyright - konkret.store<\/title>\n<meta name=\"robots\" content=\"index, follow, max-snippet:-1, max-image-preview:large, max-video-preview:-1\" \/>\n<link rel=\"canonical\" href=\"https:\/\/konkret.store\/de\/copyright\/\" \/>\n<meta property=\"og:locale\" content=\"de_DE\" \/>\n<meta property=\"og:type\" content=\"article\" \/>\n<meta property=\"og:title\" content=\"Copyright - konkret.store\" \/>\n<meta property=\"og:url\" content=\"https:\/\/konkret.store\/de\/copyright\/\" \/>\n<meta property=\"og:site_name\" content=\"konkret.store\" \/>\n<meta property=\"article:publisher\" content=\"https:\/\/facebook.com\/konkret.store\/\" \/>\n<meta property=\"article:modified_time\" content=\"2025-03-21T22:52:35+00:00\" \/>\n<meta name=\"twitter:card\" content=\"summary_large_image\" \/>\n<script type=\"application\/ld+json\" class=\"yoast-schema-graph\">{\"@context\":\"https:\/\/schema.org\",\"@graph\":[{\"@type\":\"WebPage\",\"@id\":\"https:\/\/konkret.store\/de\/copyright\/\",\"url\":\"https:\/\/konkret.store\/de\/copyright\/\",\"name\":\"Copyright - konkret.store\",\"isPartOf\":{\"@id\":\"https:\/\/konkret.store\/de\/#website\"},\"datePublished\":\"2024-04-14T21:20:56+00:00\",\"dateModified\":\"2025-03-21T22:52:35+00:00\",\"breadcrumb\":{\"@id\":\"https:\/\/konkret.store\/de\/copyright\/#breadcrumb\"},\"inLanguage\":\"de-DE\",\"potentialAction\":[{\"@type\":\"ReadAction\",\"target\":[\"https:\/\/konkret.store\/de\/copyright\/\"]}]},{\"@type\":\"BreadcrumbList\",\"@id\":\"https:\/\/konkret.store\/de\/copyright\/#breadcrumb\",\"itemListElement\":[{\"@type\":\"ListItem\",\"position\":1,\"name\":\"Strona g\u0142\u00f3wna\",\"item\":\"https:\/\/konkret.store\/de\/\"},{\"@type\":\"ListItem\",\"position\":2,\"name\":\"Copyright\"}]},{\"@type\":\"WebSite\",\"@id\":\"https:\/\/konkret.store\/de\/#website\",\"url\":\"https:\/\/konkret.store\/de\/\",\"name\":\"konkret.store\",\"description\":\"Tylko konkrety\",\"potentialAction\":[{\"@type\":\"SearchAction\",\"target\":{\"@type\":\"EntryPoint\",\"urlTemplate\":\"https:\/\/konkret.store\/de\/?s={search_term_string}\"},\"query-input\":{\"@type\":\"PropertyValueSpecification\",\"valueRequired\":true,\"valueName\":\"search_term_string\"}}],\"inLanguage\":\"de-DE\"}]}<\/script>\n<!-- \/ Yoast SEO plugin. -->","yoast_head_json":{"title":"Copyright - konkret.store","robots":{"index":"index","follow":"follow","max-snippet":"max-snippet:-1","max-image-preview":"max-image-preview:large","max-video-preview":"max-video-preview:-1"},"canonical":"https:\/\/konkret.store\/de\/copyright\/","og_locale":"de_DE","og_type":"article","og_title":"Copyright - konkret.store","og_url":"https:\/\/konkret.store\/de\/copyright\/","og_site_name":"konkret.store","article_publisher":"https:\/\/facebook.com\/konkret.store\/","article_modified_time":"2025-03-21T22:52:35+00:00","twitter_card":"summary_large_image","schema":{"@context":"https:\/\/schema.org","@graph":[{"@type":"WebPage","@id":"https:\/\/konkret.store\/de\/copyright\/","url":"https:\/\/konkret.store\/de\/copyright\/","name":"Copyright - konkret.store","isPartOf":{"@id":"https:\/\/konkret.store\/de\/#website"},"datePublished":"2024-04-14T21:20:56+00:00","dateModified":"2025-03-21T22:52:35+00:00","breadcrumb":{"@id":"https:\/\/konkret.store\/de\/copyright\/#breadcrumb"},"inLanguage":"de-DE","potentialAction":[{"@type":"ReadAction","target":["https:\/\/konkret.store\/de\/copyright\/"]}]},{"@type":"BreadcrumbList","@id":"https:\/\/konkret.store\/de\/copyright\/#breadcrumb","itemListElement":[{"@type":"ListItem","position":1,"name":"Strona g\u0142\u00f3wna","item":"https:\/\/konkret.store\/de\/"},{"@type":"ListItem","position":2,"name":"Copyright"}]},{"@type":"WebSite","@id":"https:\/\/konkret.store\/de\/#website","url":"https:\/\/konkret.store\/de\/","name":"konkret.store","description":"Tylko konkrety","potentialAction":[{"@type":"SearchAction","target":{"@type":"EntryPoint","urlTemplate":"https:\/\/konkret.store\/de\/?s={search_term_string}"},"query-input":{"@type":"PropertyValueSpecification","valueRequired":true,"valueName":"search_term_string"}}],"inLanguage":"de-DE"}]}},"_links":{"self":[{"href":"https:\/\/konkret.store\/de\/wp-json\/wp\/v2\/pages\/23930","targetHints":{"allow":["GET"]}}],"collection":[{"href":"https:\/\/konkret.store\/de\/wp-json\/wp\/v2\/pages"}],"about":[{"href":"https:\/\/konkret.store\/de\/wp-json\/wp\/v2\/types\/page"}],"author":[{"embeddable":true,"href":"https:\/\/konkret.store\/de\/wp-json\/wp\/v2\/users\/1"}],"replies":[{"embeddable":true,"href":"https:\/\/konkret.store\/de\/wp-json\/wp\/v2\/comments?post=23930"}],"version-history":[{"count":2,"href":"https:\/\/konkret.store\/de\/wp-json\/wp\/v2\/pages\/23930\/revisions"}],"predecessor-version":[{"id":24503,"href":"https:\/\/konkret.store\/de\/wp-json\/wp\/v2\/pages\/23930\/revisions\/24503"}],"wp:attachment":[{"href":"https:\/\/konkret.store\/de\/wp-json\/wp\/v2\/media?parent=23930"}],"curies":[{"name":"wp","href":"https:\/\/api.w.org\/{rel}","templated":true}]}}