{"id":23934,"date":"2019-04-17T08:01:47","date_gmt":"2019-04-17T07:01:47","guid":{"rendered":"https:\/\/konkret.store\/regulaminsklepu\/"},"modified":"2025-03-21T23:43:58","modified_gmt":"2025-03-21T22:43:58","slug":"ladenordnung","status":"publish","type":"page","link":"https:\/\/konkret.store\/de\/ladenordnung\/","title":{"rendered":"Ladenordnung"},"content":{"rendered":"<section class=\"text-block\">\n  <div class=\"container\">\n          <div class=\"weight-300\">\n<div class=\"weight-300\">\n<p><img loading=\"lazy\" decoding=\"async\" class=\"wp-image-19074 aligncenter\" src=\"https:\/\/konkret.store\/app\/uploads\/2023\/05\/Unknown-removebg-preview.png\" alt=\"\" width=\"85\" height=\"85\" srcset=\"https:\/\/konkret.store\/app\/uploads\/2023\/05\/Unknown-removebg-preview.png 225w, https:\/\/konkret.store\/app\/uploads\/2023\/05\/Unknown-removebg-preview-100x100.png 100w, https:\/\/konkret.store\/app\/uploads\/2023\/05\/Unknown-removebg-preview-64x64.png 64w\" sizes=\"auto, (max-width: 85px) 100vw, 85px\" \/><\/p>\n<p>&nbsp;<\/p>\n<div class=\"weight-300\">\n<h3 class=\"text-center\">Allgemeine Gesch\u00e4ftsbedingungen f\u00fcr den Online-Shop<\/h3>\n<div class=\"weight-300\">\n<p>1. ALLGEMEIN<\/p>\n<p>1.1 Diese Nutzungsbedingungen (die \u201eBedingungen\u201c) definieren die Nutzungsbedingungen des KONKRET STORE (der \u201eDienst\u201c) \u00fcber eine Website, die unter http:\/\/www.konkret.store verf\u00fcgbar ist.<\/p>\n<p>1.2 Der Dienst wird betrieben von:<\/p>\n<p>KONKRET STORE Sp. z o.o.<\/p>\n<p>Dworcowa 4, 64-224 \u015awi\u0119tno<\/p>\n<p>NIP 9231742025<\/p>\n<p>REGON: 524681773<\/p>\n<p>1.3 Der Anbieter stellt jedem Nutzer des Dienstes (der \u201eNutzer\u201c) Zugang zum Dienst zur Verf\u00fcgung und erm\u00f6glicht insbesondere den Zugang zu den Elementen des Dienstes, die es dem Nutzer erm\u00f6glichen:<\/p>\n<p>a) die Konfiguration (Festlegung von Parametern wie H\u00f6he, Breite, Tiefe, Farbe, Material; die \u201eSpezifikationen\u201c) der vom Anbieter angebotenen M\u00f6bel (das \u201eProdukt\u201c),<\/p>\n<p>b) die Visualisierung des Produkts in erweiterter Realit\u00e4t, das gem\u00e4\u00df der Spezifikation und in einer vom Nutzer gew\u00e4hlten Umgebung fertiggestellt wurde,<\/p>\n<p>c) die Bestellung des Produkts gem\u00e4\u00df der Spezifikation (seine Produktion und Lieferung) (die \u201eBestellung\u201c),<\/p>\n<p>d) die Verwaltung des Nutzerkontos im Dienst (das \u201eKonto\u201c),<\/p>\n<p>(alles zusammen die \u201eDienste\u201c).<\/p>\n<p>1.4 Die Dienste werden kostenlos bereitgestellt. Der Nutzer tr\u00e4gt jedoch die mit der Bestellung verbundenen Kosten, wie den Preis des Produkts und die Kosten f\u00fcr die Montage des Produkts, falls eine solche Option gew\u00e4hlt wird.<\/p>\n<p>2. DER DIENSTVERTRAG<\/p>\n<p>Um eine Bestellung bei konkret.store aufzugeben, ist kein Konto erforderlich. Wenn Sie sich jedoch registrieren m\u00f6chten, stellen wir Ihnen ein pers\u00f6nliches Konto zur Verf\u00fcgung. Daf\u00fcr m\u00fcssen Sie uns Ihre pers\u00f6nlichen Daten mitteilen und uns die Verarbeitung dieser Daten gestatten. Sie m\u00fcssen auch diese Bedingungen akzeptieren.<\/p>\n<p>2.1. Die Nutzung des Dienstes gem\u00e4\u00df Abschnitt 1.3, Punkt d) dieser Bedingungen ist nur m\u00f6glich, wenn ein Dienstvertrag zwischen dem Anbieter und dem Nutzer (der \u201eVertrag\u201c) abgeschlossen wird. Eine Bestellung kann auch ohne Abschluss des Vertrags aufgegeben werden. Der Vertrag wird abgeschlossen, sobald der Nutzer sich beim Dienst registriert, indem er:<\/p>\n<p>a) ein Registrierungsformular \u00fcber den Dienst ausf\u00fcllt und abschickt.<\/p>\n<p>b) sich beim Dienst registriert und diese Bedingungen akzeptiert (die \u201eRegistrierung\u201c). Nach Abschluss der Registrierung erh\u00e4lt der Nutzer eine E-Mail an die w\u00e4hrend der Registrierung angegebene E-Mail-Adresse, die den Abschluss des Vertrags best\u00e4tigt. Diese E-Mail kann auch Informationen enthalten, die gem\u00e4\u00df dem polnischen Gesetz zum Schutz personenbezogener Daten vom 18. Mai 2018 (Dz. U. 2018 Nr. 1000, in der ge\u00e4nderten Fassung) (das \u201eGesetz zum Schutz personenbezogener Daten\u201c) und der Verordnung (EU) 2016\/679 des Europ\u00e4ischen Parlaments und des Rates vom 27. April 2016 zum Schutz nat\u00fcrlicher Personen bei der Verarbeitung personenbezogener Daten sowie zum freien Verkehr solcher Daten und zur Aufhebung der Richtlinie 95\/46\/EG (die \u201eDSGVO\u201c) \u00fcber die Verarbeitung personenbezogener Daten, die von einer dritten Partei erhalten wurden, erforderlich sind.<\/p>\n<p>2.2. Der Nutzer verpflichtet sich, bei der Registrierung nur wahrheitsgem\u00e4\u00dfe und genaue Daten bereitzustellen.<\/p>\n<p>2.3. Die f\u00fcr den Abschluss des Vertrags erforderlichen Nutzerdaten sind im Registrierungsformular klar gekennzeichnet (die \u201eBasisdaten\u201c).<\/p>\n<p>2.4. Die Registrierung und damit der Vertrag werden als ung\u00fcltig angesehen, wenn der Nutzer bei der Registrierung:<\/p>\n<p>a) diese Bedingungen nicht akzeptiert.<\/p>\n<p>b) sich weigert, die Basisdaten bereitzustellen.<\/p>\n<p>c) unvollst\u00e4ndige oder falsche Daten angibt.<\/p>\n<p>2.5. Durch das Markieren des entsprechenden Feldes w\u00e4hrend der Registrierung erkennt der Nutzer an, dass sein Datenverwalter KONKRET STORE ist (im Folgenden auch als \u201eAdministrator\u201c bezeichnet). Der Administrator ist \u00fcber die E-Mail-Adresse hello@konkret.store zu erreichen. Der Nutzer kann sich in allen Angelegenheiten, die die Verarbeitung personenbezogener Daten betreffen, an den Datenverwalter wenden und seine Rechte zur Datenverarbeitung aus\u00fcben.<\/p>\n<p>Die personenbezogenen Daten des Nutzers k\u00f6nnen verarbeitet werden, um den Vertrag zu erf\u00fcllen, Direktmarketing f\u00fcr eigene Produkte und Dienstleistungen des Administrators, einschlie\u00dflich analytischer Zwecke und Beantwortung von Anfragen \u2013 die rechtliche Grundlage f\u00fcr die Datenverarbeitung ist die Notwendigkeit der Verarbeitung f\u00fcr den Vertrag und das berechtigte Interesse des Administrators; es ist gerechtfertigt, dem Kunden Informationen \u00fcber seine Dienstleistungen zu geben, Angebote zu pr\u00e4sentieren, die auf die Bed\u00fcrfnisse und Interessen des Kunden zugeschnitten sind, und die Verkaufszahlen seiner Dienstleistungen zu steigern. Ihre Daten k\u00f6nnen an Stellen weitergegeben werden, die personenbezogene Daten auf Anfrage des Administrators verarbeiten, einschlie\u00dflich IT-Dienstleistern, Marketingagenturen oder Agenten \u2013 diese Stellen verarbeiten die Daten auf Grundlage eines Vertrags mit dem Administrator und nur gem\u00e4\u00df den Anweisungen des Administrators.<\/p>\n<p>Die personenbezogenen Daten des Nutzers werden so lange aufbewahrt, bis die Anspr\u00fcche aus der Ausf\u00fchrung der Anfrage verj\u00e4hren oder die gesetzliche Aufbewahrungspflicht gem\u00e4\u00df den gesetzlichen Bestimmungen abl\u00e4uft. Der Administrator wird die f\u00fcr Direktmarketingzwecke verwendeten Daten nicht mehr verarbeiten, wenn der Nutzer der Verarbeitung seiner Daten zu diesen Zwecken widerspricht. Der Nutzer hat das Recht auf Zugang zu seinen Daten und das Recht, deren Berichtigung, L\u00f6schung oder Einschr\u00e4nkung der Verarbeitung zu verlangen.<\/p>\n<p>Soweit die Grundlage f\u00fcr die Verarbeitung der personenbezogenen Daten des Nutzers das berechtigte Interesse des Administrators darstellt, hat der Nutzer das Recht, der Verarbeitung seiner personenbezogenen Daten zu widersprechen. Insbesondere hat der Nutzer das Recht, der Verarbeitung von Daten zu Zwecken der Direktwerbung und Profilierung zu widersprechen. Soweit die Grundlage f\u00fcr die Verarbeitung der personenbezogenen Daten des Nutzers die Zustimmung ist, hat der Nutzer das Recht, seine Zustimmung zu widerrufen. Der Widerruf der Zustimmung ber\u00fchrt nicht die Rechtm\u00e4\u00dfigkeit der Verarbeitung, die auf der Grundlage der Zustimmung vor ihrem Widerruf erfolgte.<\/p>\n<p>Soweit Ihre Daten in automatisierter Weise verarbeitet werden, um den Vertrag abzuschlie\u00dfen und zu erf\u00fcllen, oder auf der Grundlage einer Zustimmung verarbeitet werden, hat der Nutzer auch das Recht, personenbezogene Daten zu \u00fcbertragen, d.h. die personenbezogenen Daten vom Verantwortlichen in einem strukturierten, allgemein verwendeten, maschinenlesbaren Format zu erhalten. Der Nutzer kann diese Daten an einen anderen Datenverwalter weitergeben. Der Nutzer hat auch das Recht, eine Beschwerde bei der Aufsichtsbeh\u00f6rde, die f\u00fcr den Datenschutz zust\u00e4ndig ist, einzureichen. Um die oben genannten Rechte auszu\u00fcben, sollte der Nutzer den Datenverwalter kontaktieren.<\/p>\n<p>Die Kontaktdaten sind oben angegeben. Die Bereitstellung personenbezogener Daten durch den Nutzer ist freiwillig, jedoch verhindert das Fehlen der Bereitstellung personenbezogener Daten, dass der Vertrag bearbeitet wird, und wir k\u00f6nnen nicht auf die erhaltene Nachricht antworten.<\/p>\n<p>Die Verarbeitung der personenbezogenen Daten des Nutzers erfolgt im Rahmen und gem\u00e4\u00df den Bestimmungen des polnischen Gesetzes \u00fcber elektronische Dienstleistungen vom 18. Juli 2002 (Dz. U. 2002 Nr. 144, Pos. 1204, in ge\u00e4nderter Fassung) (das \u201eGesetz \u00fcber elektronische Dienstleistungen\u201c) und der DSGVO.<\/p>\n<p>2.6. Durch das Markieren des entsprechenden Feldes w\u00e4hrend der Registrierung erkl\u00e4rt der Nutzer seine Zustimmung, zuvor unaufgefordert kommerzielle Informationen vom Anbieter im eigenen Namen oder im Namen von Dritten (z.B. Informationen \u00fcber Angebote oder neue Produkte, die im Dienst verf\u00fcgbar sind) an die vom Nutzer w\u00e4hrend der Registrierung angegebene E-Mail-Adresse zu erhalten. Die Zustimmung zu dieser Erkl\u00e4rung gilt auch f\u00fcr den Zeitraum nach der Beendigung des Dienstes und insbesondere nach der K\u00fcndigung des Vertrags.<\/p>\n<p>2.7. Der Vertrag wird auf unbestimmte Zeit geschlossen und kann vom Nutzer oder vom Anbieter gem\u00e4\u00df Punkt 8 dieser Bedingungen gek\u00fcndigt werden.<\/p>\n<p>2.8. Nach dem Abschluss des Vertrags und zur Bereitstellung der Dienste wird der Anbieter die folgenden Basisdaten verarbeiten:<\/p>\n<p>a) Vorname und Nachname des Nutzers,<\/p>\n<p>b) E-Mail-Adresse des Nutzers.<\/p>\n<p>c) Adresse des Nutzers.<\/p>\n<p>d) Telefonnummer des Nutzers.<\/p>\n<p>2.9. Durch das Markieren des entsprechenden Feldes w\u00e4hrend der Registrierung bittet der Nutzer den Anbieter, mit der Bereitstellung der Dienste vor Ablauf der in Punkt 9.1 dieser Bedingungen genannten Widerrufsfrist zu beginnen.<\/p>\n<p>3. RECHTE UND PFLICHTEN<\/p>\n<p>Wir k\u00f6nnen den Zugang zu Ihrem Konto jederzeit blockieren, einschr\u00e4nken oder begrenzen, wenn wir der Meinung sind, dass dies eine Bedrohung f\u00fcr Sie selbst, uns oder andere Nutzer darstellen k\u00f6nnte. Sie sind f\u00fcr alle Inhalte verantwortlich, die \u00fcber www.konkret.store gepostet, gespeichert, ver\u00f6ffentlicht oder \u00fcbermittelt werden.<\/p>\n<p>3.1. Der Anbieter beh\u00e4lt sich das Recht vor, ein Konto vor\u00fcbergehend zu sperren, den Zugriff auf bestimmte Dienste zu suspendieren oder den Zugriff auf den gesamten Dienst zu suspendieren, wenn festgestellt wird, dass die Sicherheit des Kontos, des Dienstes oder anderer Nutzer gef\u00e4hrdet ist. Der Anbieter kann vom Nutzer verlangen, sein Passwort zur\u00fcckzusetzen. In diesem Fall erh\u00e4lt der Nutzer sofort wieder Zugriff auf sein Konto, nachdem das Passwort zur\u00fcckgesetzt wurde.<\/p>\n<p>3.2. Im Falle eines schwerwiegenden Versto\u00dfes gegen diese Bedingungen durch den Nutzer oder eines Versuchs des Nutzers, zum Nachteil eines anderen Nutzers oder des Anbieters zu handeln, beh\u00e4lt sich der Anbieter das Recht vor, zus\u00e4tzliche Einschr\u00e4nkungen in der Nutzung des Kontos umzusetzen oder das Konto vollst\u00e4ndig zu l\u00f6schen (siehe Punkt 9.2 unten).<\/p>\n<p>3.3. Der Anbieter ist nicht verantwortlich f\u00fcr Inhalte, die vom Nutzer \u00fcber den Dienst und im Zusammenhang mit den Diensten gepostet, gespeichert, ver\u00f6ffentlicht oder \u00fcbermittelt werden. Der Nutzer verpflichtet sich, keine illegalen Inhalte oder Materialien zu posten, zu speichern, zu ver\u00f6ffentlichen oder zu \u00fcbermitteln (\u00fcber den Dienst oder im Zusammenhang mit den Diensten), die die Sicherheit der Konten, der anderen Nutzer oder des Dienstes bedrohen.<\/p>\n<p data-start=\"10174\" data-end=\"10191\"><strong data-start=\"10174\" data-end=\"10191\">4. BESTELLUNG<\/strong><\/p>\n<p data-start=\"10193\" data-end=\"10801\">Sie geben eine Bestellung auf, nachdem Sie den Konfigurationsprozess abgeschlossen und den \u201eJetzt bezahlen\u201c-Button geklickt haben. Wenn Sie ein Konto haben, m\u00fcssen Sie Ihre pers\u00f6nlichen Daten nicht erneut angeben. Alle Zahlungen und Lieferungen werden von Drittanbietern bearbeitet. Beachten Sie, dass wir Ihre Bestellung nicht bearbeiten, bevor wir die Zahlungsbest\u00e4tigung erhalten haben. Aufgrund der Tatsache, dass all unsere Produkte ma\u00dfgefertigt sind, k\u00f6nnen Sie Ihre Bestellung nicht stornieren oder \u00e4ndern. Sie k\u00f6nnen jedoch Ihr Produkt innerhalb von 14 Tagen zur\u00fccksenden, ohne einen Grund anzugeben.<\/p>\n<p data-start=\"10803\" data-end=\"10861\">Der Versand ist derzeit nur f\u00fcr folgende L\u00e4nder verf\u00fcgbar:<\/p>\n<p data-start=\"10863\" data-end=\"11119\">\u00d6sterreich, Belgien, Bulgarien, Kroatien, Tschechische Republik, D\u00e4nemark, Estland, Finnland, Frankreich, Deutschland, Griechenland, Ungarn, Irland, Italien, Lettland, Litauen, Luxemburg, Niederlande, Polen, Portugal, Slowakei, Slowenien, Spanien, Schweiz.<\/p>\n<p data-start=\"59\" data-end=\"573\"><strong data-start=\"59\" data-end=\"67\">4.1.<\/strong> Eine Bestellung wird aufgegeben, sobald der Nutzer: (i) die Produktspezifikation festlegt und (ii) auf einen deutlich markierten Button klickt, der ihn zur Zahlungsseite weiterleitet. Der Nutzer gibt eine Bestellung auf, indem er die folgenden Schritte innerhalb des Dienstes befolgt. Falls eine Bestellung von einem Nutzer aufgegeben wird, der keinen Vertrag abgeschlossen hat, gelten die \u00a7\u00a7 2.2 bis 2.7 dieser Bedingungen w\u00e4hrend der Bestellung und f\u00fcr die w\u00e4hrend der Bestellung bereitgestellten Daten.<\/p>\n<p data-start=\"575\" data-end=\"623\"><strong data-start=\"575\" data-end=\"583\">4.2.<\/strong> Sobald die Bestellung aufgegeben wurde:<\/p>\n<p data-start=\"625\" data-end=\"800\">a) ist der Anbieter verpflichtet, dem Nutzer ein Produkt zu liefern, das f\u00fcr den Gebrauch geeignet, frei von M\u00e4ngeln und gem\u00e4\u00df der endg\u00fcltigen Spezifikation gefertigt ist, und<\/p>\n<p data-start=\"802\" data-end=\"1436\">b) ist der Nutzer verpflichtet, den Endpreis des Produkts zu bezahlen. F\u00fcr alle Nutzer innerhalb der Europ\u00e4ischen Union ist der Endpreis des Produkts, der im Dienst angezeigt wird, brutto (d.h. er beinhaltet die Mehrwertsteuer). Der Endpreis des Produkts wird in einer W\u00e4hrung angezeigt, die der Region entspricht, in der der Nutzer einkauft. Der Anbieter ist nicht verantwortlich f\u00fcr Wechselkurse oder Geb\u00fchren, die auf den Endpreis des Produkts und die Montagekosten des Produkts angewendet werden, falls der Nutzer sich entscheidet, die Zahlung in einer anderen W\u00e4hrung als dem angegebenen regionalspezifischen Endpreis zu leisten.<\/p>\n<p data-start=\"1438\" data-end=\"1534\"><strong data-start=\"1438\" data-end=\"1446\">4.3.<\/strong> Vor der Bestellung erh\u00e4lt der Nutzer Informationen zu den verf\u00fcgbaren Zahlungsmethoden.<\/p>\n<p data-start=\"1438\" data-end=\"1534\"><img loading=\"lazy\" decoding=\"async\" class=\"alignnone wp-image-23043\" src=\"https:\/\/konkret.store\/app\/uploads\/2024\/05\/Przyklad_platnosci-removebg-preview-300x31.png\" sizes=\"auto, (max-width: 348px) 100vw, 348px\" srcset=\"https:\/\/konkret.store\/app\/uploads\/2024\/05\/Przyklad_platnosci-removebg-preview-300x31.png 300w, https:\/\/konkret.store\/app\/uploads\/2024\/05\/Przyklad_platnosci-removebg-preview-610x64.png 610w, https:\/\/konkret.store\/app\/uploads\/2024\/05\/Przyklad_platnosci-removebg-preview-64x7.png 64w, https:\/\/konkret.store\/app\/uploads\/2024\/05\/Przyklad_platnosci-removebg-preview.png 730w\" alt=\"\" width=\"348\" height=\"36\" \/><\/p>\n<p data-start=\"1536\" data-end=\"1958\"><strong data-start=\"1536\" data-end=\"1544\">4.4.<\/strong> Sobald die Bestellung aufgegeben wurde, erh\u00e4lt der Nutzer eine E-Mail, die die endg\u00fcltige Produktspezifikation der Bestellung und deren Best\u00e4tigung durch den Anbieter enth\u00e4lt. Zu diesem Zeitpunkt kommt ein Kaufvertrag \u00fcber das bestellte Produkt zwischen dem Anbieter und dem Nutzer (der \u201eKaufvertrag\u201c) zustande, und die Bestellung, die Spezifikation sowie der Kaufvertrag selbst k\u00f6nnen nicht mehr ge\u00e4ndert werden.<\/p>\n<p data-start=\"1960\" data-end=\"2269\"><strong data-start=\"1960\" data-end=\"1968\">4.5.<\/strong> Der Anbieter wird mit der Ausf\u00fchrung der Bestellung beginnen (d.h. die Produktion und Lieferung des Produkts einleiten), sobald die Best\u00e4tigung der relevanten Zahlung des Nutzers vom Vermittler erhalten wurde. Der Nutzer kann seine Bestellung \u00fcber die entsprechende Registerkarte im Dienst verfolgen.<\/p>\n<p data-start=\"2271\" data-end=\"2754\"><strong data-start=\"2271\" data-end=\"2279\">4.6.<\/strong> Der Produktionsprozess \u2013 von der Bestellung des Nutzers bis zum fertigen Produkt \u2013 kann bis zu 70 Tage dauern. Sobald die Produktion und Verpackung des Produkts abgeschlossen ist, wird das Produkt einem Transportunternehmen, Lieferdienst oder Spediteur (der \u201eLieferer\u201c) \u00fcbergeben. Der Lieferer liefert das Produkt an den Nutzer. Das Risiko von Besch\u00e4digungen oder Verlust des Produkts geht auf den Nutzer \u00fcber, sobald das Produkt ordnungsgem\u00e4\u00df an den Nutzer geliefert wurde.<\/p>\n<p data-start=\"2756\" data-end=\"3107\"><strong data-start=\"2756\" data-end=\"2764\">4.7.<\/strong> Da das Produkt nicht vorgefertigt ist und gem\u00e4\u00df der Spezifikation produziert wird, kann der Nutzer den Kaufvertrag gem\u00e4\u00df Art. 38 Abs. 3 des polnischen Verbraucherschutzgesetzes vom 30. Mai 2014 (Dz. U. 2014 Pos. 827) (das \u201eVerbraucherschutzgesetz\u201c) nur unter den Bedingungen von \u00a7 8 unten k\u00fcndigen, \u00fcber die der Nutzer vorher informiert wird.<\/p>\n<p data-start=\"3109\" data-end=\"3788\"><strong data-start=\"3109\" data-end=\"3117\">4.8.<\/strong> In besonderen F\u00e4llen, die durch die spezifische Natur der Bestellung verursacht werden, insbesondere durch das hohe Ma\u00df an Individualisierung und Komplexit\u00e4t des Projekts, die zahlreichen Phasen des Design- und Produktionsprozesses, die Verpflichtung zur Verwendung von Materialien, die Qualit\u00e4tsanforderungen erf\u00fcllen, sowie die Verpflichtung, die Produkte auf ihre \u00dcbereinstimmung mit technischen Anforderungen zu testen, beh\u00e4lt sich der Anbieter das Recht vor, die Frist gem\u00e4\u00df Punkt 5.6 der Vorschrift zu verl\u00e4ngern. Der Anbieter wird den Nutzer sofort \u00fcber die voraussichtliche neue Lieferzeit informieren, die eine \u00c4nderung der Bedingungen der Bestellung darstellt.<\/p>\n<\/div>\n<\/div>\n<\/div>\n<\/div>\n      <\/div>\n<\/section>\n","protected":false},"excerpt":{"rendered":"","protected":false},"author":1,"featured_media":0,"parent":0,"menu_order":0,"comment_status":"closed","ping_status":"closed","template":"views\/page-informational.blade.php","meta":{"_acf_changed":false,"footnotes":""},"class_list":["post-23934","page","type-page","status-publish","hentry"],"acf":[],"yoast_head":"<!-- This site is optimized with the Yoast SEO plugin v26.8 - https:\/\/yoast.com\/product\/yoast-seo-wordpress\/ -->\n<title>Ladenordnung - konkret.store<\/title>\n<meta name=\"description\" content=\"Dieser Vertrag bezieht sich auf die Bedingungen, Regeln und Methoden des Verkaufs, der \u00fcber den Online-Shop auf der Website http:\/\/www.konkret.store abgewickelt wird, einschlie\u00dflich des Abschlusses von Fernabsatzvertr\u00e4gen mit Verbrauchern sowie der Erbringung von Dienstleistungen auf elektronischem Wege durch das Unternehmen:\" \/>\n<meta name=\"robots\" content=\"index, follow, max-snippet:-1, max-image-preview:large, max-video-preview:-1\" \/>\n<link rel=\"canonical\" href=\"https:\/\/konkret.store\/de\/ladenordnung\/\" \/>\n<meta property=\"og:locale\" content=\"de_DE\" \/>\n<meta property=\"og:type\" content=\"article\" \/>\n<meta property=\"og:title\" content=\"Ladenordnung - konkret.store\" \/>\n<meta property=\"og:description\" content=\"Dieser Vertrag bezieht sich auf die Bedingungen, Regeln und Methoden des Verkaufs, der \u00fcber den Online-Shop auf der Website http:\/\/www.konkret.store abgewickelt wird, einschlie\u00dflich des Abschlusses von Fernabsatzvertr\u00e4gen mit Verbrauchern sowie der Erbringung von Dienstleistungen auf elektronischem Wege durch das Unternehmen:\" \/>\n<meta property=\"og:url\" content=\"https:\/\/konkret.store\/de\/ladenordnung\/\" \/>\n<meta property=\"og:site_name\" content=\"konkret.store\" \/>\n<meta property=\"article:publisher\" content=\"https:\/\/facebook.com\/konkret.store\/\" \/>\n<meta property=\"article:modified_time\" content=\"2025-03-21T22:43:58+00:00\" \/>\n<meta name=\"twitter:card\" content=\"summary_large_image\" \/>\n<script type=\"application\/ld+json\" class=\"yoast-schema-graph\">{\"@context\":\"https:\/\/schema.org\",\"@graph\":[{\"@type\":\"WebPage\",\"@id\":\"https:\/\/konkret.store\/de\/ladenordnung\/\",\"url\":\"https:\/\/konkret.store\/de\/ladenordnung\/\",\"name\":\"Ladenordnung - konkret.store\",\"isPartOf\":{\"@id\":\"https:\/\/konkret.store\/de\/#website\"},\"datePublished\":\"2019-04-17T07:01:47+00:00\",\"dateModified\":\"2025-03-21T22:43:58+00:00\",\"description\":\"Dieser Vertrag bezieht sich auf die Bedingungen, Regeln und Methoden des Verkaufs, der \u00fcber den Online-Shop auf der Website http:\/\/www.konkret.store abgewickelt wird, einschlie\u00dflich des Abschlusses von Fernabsatzvertr\u00e4gen mit Verbrauchern sowie der Erbringung von Dienstleistungen auf elektronischem Wege durch das Unternehmen:\",\"breadcrumb\":{\"@id\":\"https:\/\/konkret.store\/de\/ladenordnung\/#breadcrumb\"},\"inLanguage\":\"de-DE\",\"potentialAction\":[{\"@type\":\"ReadAction\",\"target\":[\"https:\/\/konkret.store\/de\/ladenordnung\/\"]}]},{\"@type\":\"BreadcrumbList\",\"@id\":\"https:\/\/konkret.store\/de\/ladenordnung\/#breadcrumb\",\"itemListElement\":[{\"@type\":\"ListItem\",\"position\":1,\"name\":\"Strona g\u0142\u00f3wna\",\"item\":\"https:\/\/konkret.store\/de\/\"},{\"@type\":\"ListItem\",\"position\":2,\"name\":\"Ladenordnung\"}]},{\"@type\":\"WebSite\",\"@id\":\"https:\/\/konkret.store\/de\/#website\",\"url\":\"https:\/\/konkret.store\/de\/\",\"name\":\"konkret.store\",\"description\":\"Tylko konkrety\",\"potentialAction\":[{\"@type\":\"SearchAction\",\"target\":{\"@type\":\"EntryPoint\",\"urlTemplate\":\"https:\/\/konkret.store\/de\/?s={search_term_string}\"},\"query-input\":{\"@type\":\"PropertyValueSpecification\",\"valueRequired\":true,\"valueName\":\"search_term_string\"}}],\"inLanguage\":\"de-DE\"}]}<\/script>\n<!-- \/ Yoast SEO plugin. -->","yoast_head_json":{"title":"Ladenordnung - konkret.store","description":"Dieser Vertrag bezieht sich auf die Bedingungen, Regeln und Methoden des Verkaufs, der \u00fcber den Online-Shop auf der Website http:\/\/www.konkret.store abgewickelt wird, einschlie\u00dflich des Abschlusses von Fernabsatzvertr\u00e4gen mit Verbrauchern sowie der Erbringung von Dienstleistungen auf elektronischem Wege durch das Unternehmen:","robots":{"index":"index","follow":"follow","max-snippet":"max-snippet:-1","max-image-preview":"max-image-preview:large","max-video-preview":"max-video-preview:-1"},"canonical":"https:\/\/konkret.store\/de\/ladenordnung\/","og_locale":"de_DE","og_type":"article","og_title":"Ladenordnung - konkret.store","og_description":"Dieser Vertrag bezieht sich auf die Bedingungen, Regeln und Methoden des Verkaufs, der \u00fcber den Online-Shop auf der Website http:\/\/www.konkret.store abgewickelt wird, einschlie\u00dflich des Abschlusses von Fernabsatzvertr\u00e4gen mit Verbrauchern sowie der Erbringung von Dienstleistungen auf elektronischem Wege durch das Unternehmen:","og_url":"https:\/\/konkret.store\/de\/ladenordnung\/","og_site_name":"konkret.store","article_publisher":"https:\/\/facebook.com\/konkret.store\/","article_modified_time":"2025-03-21T22:43:58+00:00","twitter_card":"summary_large_image","schema":{"@context":"https:\/\/schema.org","@graph":[{"@type":"WebPage","@id":"https:\/\/konkret.store\/de\/ladenordnung\/","url":"https:\/\/konkret.store\/de\/ladenordnung\/","name":"Ladenordnung - konkret.store","isPartOf":{"@id":"https:\/\/konkret.store\/de\/#website"},"datePublished":"2019-04-17T07:01:47+00:00","dateModified":"2025-03-21T22:43:58+00:00","description":"Dieser Vertrag bezieht sich auf die Bedingungen, Regeln und Methoden des Verkaufs, der \u00fcber den Online-Shop auf der Website http:\/\/www.konkret.store abgewickelt wird, einschlie\u00dflich des Abschlusses von Fernabsatzvertr\u00e4gen mit Verbrauchern sowie der Erbringung von Dienstleistungen auf elektronischem Wege durch das Unternehmen:","breadcrumb":{"@id":"https:\/\/konkret.store\/de\/ladenordnung\/#breadcrumb"},"inLanguage":"de-DE","potentialAction":[{"@type":"ReadAction","target":["https:\/\/konkret.store\/de\/ladenordnung\/"]}]},{"@type":"BreadcrumbList","@id":"https:\/\/konkret.store\/de\/ladenordnung\/#breadcrumb","itemListElement":[{"@type":"ListItem","position":1,"name":"Strona g\u0142\u00f3wna","item":"https:\/\/konkret.store\/de\/"},{"@type":"ListItem","position":2,"name":"Ladenordnung"}]},{"@type":"WebSite","@id":"https:\/\/konkret.store\/de\/#website","url":"https:\/\/konkret.store\/de\/","name":"konkret.store","description":"Tylko konkrety","potentialAction":[{"@type":"SearchAction","target":{"@type":"EntryPoint","urlTemplate":"https:\/\/konkret.store\/de\/?s={search_term_string}"},"query-input":{"@type":"PropertyValueSpecification","valueRequired":true,"valueName":"search_term_string"}}],"inLanguage":"de-DE"}]}},"_links":{"self":[{"href":"https:\/\/konkret.store\/de\/wp-json\/wp\/v2\/pages\/23934","targetHints":{"allow":["GET"]}}],"collection":[{"href":"https:\/\/konkret.store\/de\/wp-json\/wp\/v2\/pages"}],"about":[{"href":"https:\/\/konkret.store\/de\/wp-json\/wp\/v2\/types\/page"}],"author":[{"embeddable":true,"href":"https:\/\/konkret.store\/de\/wp-json\/wp\/v2\/users\/1"}],"replies":[{"embeddable":true,"href":"https:\/\/konkret.store\/de\/wp-json\/wp\/v2\/comments?post=23934"}],"version-history":[{"count":2,"href":"https:\/\/konkret.store\/de\/wp-json\/wp\/v2\/pages\/23934\/revisions"}],"predecessor-version":[{"id":24499,"href":"https:\/\/konkret.store\/de\/wp-json\/wp\/v2\/pages\/23934\/revisions\/24499"}],"wp:attachment":[{"href":"https:\/\/konkret.store\/de\/wp-json\/wp\/v2\/media?parent=23934"}],"curies":[{"name":"wp","href":"https:\/\/api.w.org\/{rel}","templated":true}]}}