{"id":23950,"date":"2019-04-17T08:02:11","date_gmt":"2019-04-17T07:02:11","guid":{"rendered":"https:\/\/konkret.store\/?page_id=23950"},"modified":"2025-03-21T23:49:43","modified_gmt":"2025-03-21T22:49:43","slug":"erhalt-ihrer-bestellung","status":"publish","type":"page","link":"https:\/\/konkret.store\/de\/erhalt-ihrer-bestellung\/","title":{"rendered":"Erhalt Ihrer Bestellung"},"content":{"rendered":"<section class=\"image-text\">\n  <div class=\"container\">\n    <div class=\"row align-items-center\">\n      <div class=\"col-lg-6  image-text--left\">\n        <div class=\"image-text__image\">\n          <img loading=\"lazy\" decoding=\"async\" width=\"200\" height=\"200\" src=\"https:\/\/konkret.store\/app\/uploads\/2019\/05\/delivery-info.png\" class=\"attachment-full size-full\" alt=\"\" srcset=\"https:\/\/konkret.store\/app\/uploads\/2019\/05\/delivery-info.png 200w, https:\/\/konkret.store\/app\/uploads\/2019\/05\/delivery-info-100x100.png 100w, https:\/\/konkret.store\/app\/uploads\/2019\/05\/delivery-info-150x150.png 150w\" sizes=\"auto, (max-width: 200px) 100vw, 200px\" \/>        <\/div>\n      <\/div>\n      <div class=\"col-lg-5  offset-lg-1 \">\n                <h2><\/h2>\n        <div class=\"image-text__text\">\n          <p data-start=\"59\" data-end=\"164\"><strong data-start=\"59\" data-end=\"164\">Lieber Kunde! Bitte lesen Sie die folgenden Informationen zum Empfang Ihrer Sendung sorgf\u00e4ltig durch:<\/strong><\/p>\n<ol data-start=\"166\" data-end=\"911\">\n<li data-start=\"166\" data-end=\"459\">\n<p data-start=\"169\" data-end=\"459\">Ihre Bestellung wird in Zusammenarbeit mit externen Firmen versendet. Daher bitten wir Sie, sich auf den Empfang der Sendung vorzubereiten und sich Zeit zu nehmen, um den Inhalt in Anwesenheit des Zustellers zu \u00fcberpr\u00fcfen. Dies verhindert m\u00f6gliche Komplikationen im Falle einer Reklamation.<\/p>\n<\/li>\n<li data-start=\"461\" data-end=\"911\">\n<p data-start=\"464\" data-end=\"911\">Wenn der Inhalt Ihres Pakets Anzeichen von Besch\u00e4digungen aufweist, ist der Zusteller verpflichtet, ein Protokoll zu erstellen; dieses Dokument ist erforderlich, um gegebenenfalls ein Reklamationsverfahren zu starten. Es ist sehr wichtig, dass dieses Protokoll in Anwesenheit des Empf\u00e4ngers und des Zustellers zum Zeitpunkt der Lieferung erstellt wird. Protokolle, die versp\u00e4tet erstellt werden, werden leider oft von den Kurierdiensten abgelehnt.<\/p>\n<\/li>\n<\/ol>\n<p data-start=\"913\" data-end=\"1274\"><strong data-start=\"913\" data-end=\"925\">Hinweis!<\/strong> Es kommt vor, dass Zusteller unvollst\u00e4ndige Informationen in das Protokoll eintragen oder angeben, dass sie dieses Dokument nicht haben. In diesem Fall bitten wir Sie, das Protokoll von Hand zu schreiben und so viele Informationen wie m\u00f6glich aufzunehmen. Dies verk\u00fcrzt die Bearbeitungszeit unserer Formalit\u00e4ten im Zusammenhang mit der Reklamation.<\/p>\n<ol start=\"3\" data-start=\"1276\" data-end=\"1493\">\n<li data-start=\"1276\" data-end=\"1493\">Falls Unregelm\u00e4\u00dfigkeiten auftreten, empfehlen wir, das Paket in jeder Phase des Auspackens zu fotografieren. Wichtig sind sowohl der Zustand der \u00e4u\u00dferen Verpackung, der Schutzmaterialien als auch der Inhalt selbst.<\/li>\n<\/ol>\n<p data-start=\"1495\" data-end=\"1911\">Denken Sie daran, dass Sie nach dem Empfang die Verantwortung f\u00fcr die Sendung \u00fcbernehmen. Bitte melden Sie etwaige Sch\u00e4den sofort nach Erhalt der Sendung. Die Meldung sollte das Protokoll enthalten, das w\u00e4hrend der Lieferung erstellt wurde, Fotos der besch\u00e4digten Verpackung und des defekten Produkts, Informationen \u00fcber das betreffende M\u00f6belst\u00fcck (Modell) sowie die Bestellnummer (Bestellnummer\/Rechnungsnummer\/WZ).<\/p>\n<p data-start=\"1913\" data-end=\"1986\">Bitte reichen Sie Ihre Reklamation per E-Mail an <a href=\"mailto:hello@konkret.store\" rel=\"noopener\" data-start=\"1962\" data-end=\"1981\">hello@konkret.store<\/a> ein.<\/p>\n        <\/div>\n              <\/div>\n    <\/div>\n  <\/div>\n<\/section>\n","protected":false},"excerpt":{"rendered":"","protected":false},"author":1,"featured_media":0,"parent":0,"menu_order":0,"comment_status":"closed","ping_status":"closed","template":"views\/page-informational.blade.php","meta":{"_acf_changed":false,"footnotes":""},"class_list":["post-23950","page","type-page","status-publish","hentry"],"acf":[],"yoast_head":"<!-- This site is optimized with the Yoast SEO plugin v26.8 - https:\/\/yoast.com\/product\/yoast-seo-wordpress\/ -->\n<title>Erhalt Ihrer Bestellung - konkret.store<\/title>\n<meta name=\"robots\" content=\"index, follow, max-snippet:-1, max-image-preview:large, max-video-preview:-1\" \/>\n<link rel=\"canonical\" href=\"https:\/\/konkret.store\/de\/erhalt-ihrer-bestellung\/\" \/>\n<meta property=\"og:locale\" content=\"de_DE\" \/>\n<meta property=\"og:type\" content=\"article\" \/>\n<meta property=\"og:title\" content=\"Erhalt Ihrer Bestellung - konkret.store\" \/>\n<meta property=\"og:url\" content=\"https:\/\/konkret.store\/de\/erhalt-ihrer-bestellung\/\" \/>\n<meta property=\"og:site_name\" content=\"konkret.store\" \/>\n<meta property=\"article:publisher\" content=\"https:\/\/facebook.com\/konkret.store\/\" \/>\n<meta property=\"article:modified_time\" content=\"2025-03-21T22:49:43+00:00\" \/>\n<meta name=\"twitter:card\" content=\"summary_large_image\" \/>\n<script type=\"application\/ld+json\" class=\"yoast-schema-graph\">{\"@context\":\"https:\/\/schema.org\",\"@graph\":[{\"@type\":\"WebPage\",\"@id\":\"https:\/\/konkret.store\/de\/erhalt-ihrer-bestellung\/\",\"url\":\"https:\/\/konkret.store\/de\/erhalt-ihrer-bestellung\/\",\"name\":\"Erhalt Ihrer Bestellung - konkret.store\",\"isPartOf\":{\"@id\":\"https:\/\/konkret.store\/de\/#website\"},\"datePublished\":\"2019-04-17T07:02:11+00:00\",\"dateModified\":\"2025-03-21T22:49:43+00:00\",\"breadcrumb\":{\"@id\":\"https:\/\/konkret.store\/de\/erhalt-ihrer-bestellung\/#breadcrumb\"},\"inLanguage\":\"de-DE\",\"potentialAction\":[{\"@type\":\"ReadAction\",\"target\":[\"https:\/\/konkret.store\/de\/erhalt-ihrer-bestellung\/\"]}]},{\"@type\":\"BreadcrumbList\",\"@id\":\"https:\/\/konkret.store\/de\/erhalt-ihrer-bestellung\/#breadcrumb\",\"itemListElement\":[{\"@type\":\"ListItem\",\"position\":1,\"name\":\"Strona g\u0142\u00f3wna\",\"item\":\"https:\/\/konkret.store\/de\/\"},{\"@type\":\"ListItem\",\"position\":2,\"name\":\"Erhalt Ihrer Bestellung\"}]},{\"@type\":\"WebSite\",\"@id\":\"https:\/\/konkret.store\/de\/#website\",\"url\":\"https:\/\/konkret.store\/de\/\",\"name\":\"konkret.store\",\"description\":\"Tylko konkrety\",\"potentialAction\":[{\"@type\":\"SearchAction\",\"target\":{\"@type\":\"EntryPoint\",\"urlTemplate\":\"https:\/\/konkret.store\/de\/?s={search_term_string}\"},\"query-input\":{\"@type\":\"PropertyValueSpecification\",\"valueRequired\":true,\"valueName\":\"search_term_string\"}}],\"inLanguage\":\"de-DE\"}]}<\/script>\n<!-- \/ Yoast SEO plugin. -->","yoast_head_json":{"title":"Erhalt Ihrer Bestellung - konkret.store","robots":{"index":"index","follow":"follow","max-snippet":"max-snippet:-1","max-image-preview":"max-image-preview:large","max-video-preview":"max-video-preview:-1"},"canonical":"https:\/\/konkret.store\/de\/erhalt-ihrer-bestellung\/","og_locale":"de_DE","og_type":"article","og_title":"Erhalt Ihrer Bestellung - konkret.store","og_url":"https:\/\/konkret.store\/de\/erhalt-ihrer-bestellung\/","og_site_name":"konkret.store","article_publisher":"https:\/\/facebook.com\/konkret.store\/","article_modified_time":"2025-03-21T22:49:43+00:00","twitter_card":"summary_large_image","schema":{"@context":"https:\/\/schema.org","@graph":[{"@type":"WebPage","@id":"https:\/\/konkret.store\/de\/erhalt-ihrer-bestellung\/","url":"https:\/\/konkret.store\/de\/erhalt-ihrer-bestellung\/","name":"Erhalt Ihrer Bestellung - konkret.store","isPartOf":{"@id":"https:\/\/konkret.store\/de\/#website"},"datePublished":"2019-04-17T07:02:11+00:00","dateModified":"2025-03-21T22:49:43+00:00","breadcrumb":{"@id":"https:\/\/konkret.store\/de\/erhalt-ihrer-bestellung\/#breadcrumb"},"inLanguage":"de-DE","potentialAction":[{"@type":"ReadAction","target":["https:\/\/konkret.store\/de\/erhalt-ihrer-bestellung\/"]}]},{"@type":"BreadcrumbList","@id":"https:\/\/konkret.store\/de\/erhalt-ihrer-bestellung\/#breadcrumb","itemListElement":[{"@type":"ListItem","position":1,"name":"Strona g\u0142\u00f3wna","item":"https:\/\/konkret.store\/de\/"},{"@type":"ListItem","position":2,"name":"Erhalt Ihrer Bestellung"}]},{"@type":"WebSite","@id":"https:\/\/konkret.store\/de\/#website","url":"https:\/\/konkret.store\/de\/","name":"konkret.store","description":"Tylko konkrety","potentialAction":[{"@type":"SearchAction","target":{"@type":"EntryPoint","urlTemplate":"https:\/\/konkret.store\/de\/?s={search_term_string}"},"query-input":{"@type":"PropertyValueSpecification","valueRequired":true,"valueName":"search_term_string"}}],"inLanguage":"de-DE"}]}},"_links":{"self":[{"href":"https:\/\/konkret.store\/de\/wp-json\/wp\/v2\/pages\/23950","targetHints":{"allow":["GET"]}}],"collection":[{"href":"https:\/\/konkret.store\/de\/wp-json\/wp\/v2\/pages"}],"about":[{"href":"https:\/\/konkret.store\/de\/wp-json\/wp\/v2\/types\/page"}],"author":[{"embeddable":true,"href":"https:\/\/konkret.store\/de\/wp-json\/wp\/v2\/users\/1"}],"replies":[{"embeddable":true,"href":"https:\/\/konkret.store\/de\/wp-json\/wp\/v2\/comments?post=23950"}],"version-history":[{"count":2,"href":"https:\/\/konkret.store\/de\/wp-json\/wp\/v2\/pages\/23950\/revisions"}],"predecessor-version":[{"id":24501,"href":"https:\/\/konkret.store\/de\/wp-json\/wp\/v2\/pages\/23950\/revisions\/24501"}],"wp:attachment":[{"href":"https:\/\/konkret.store\/de\/wp-json\/wp\/v2\/media?parent=23950"}],"curies":[{"name":"wp","href":"https:\/\/api.w.org\/{rel}","templated":true}]}}