{"id":23951,"date":"2022-12-20T20:50:41","date_gmt":"2022-12-20T19:50:41","guid":{"rendered":"https:\/\/konkret.store\/?page_id=23951"},"modified":"2025-03-21T23:34:29","modified_gmt":"2025-03-21T22:34:29","slug":"pflege-und-anwendung","status":"publish","type":"page","link":"https:\/\/konkret.store\/de\/pflege-und-anwendung\/","title":{"rendered":"Pflege und Anwendung"},"content":{"rendered":"<section class=\"text-block\">\n  <div class=\"container\">\n          <p style=\"text-align: center;\">Bei KONKRET STORE finden Sie M\u00f6bel, die Ihren Erwartungen entsprechen und mit denen Sie ein sch\u00f6nes Interieur schaffen, das Sie noch mehr lieben werden.<\/p>\n<p style=\"text-align: center;\">Deshalb haben wir einige Informationen gesammelt, die Ihnen helfen, sich richtig um Ihr neues M\u00f6belst\u00fcck zu k\u00fcmmern, damit Sie lange Freude an seinem einzigartigen Charakter haben.<\/p>\n<p style=\"text-align: center;\">Sch\u00f6nheit braucht Zeit, deshalb wird der Gro\u00dfteil unserer Produkte auf Bestellung gefertigt und besteht aus nat\u00fcrlichen Materialien.<\/p>\n<p style=\"text-align: center;\">Hinter ihrer Einzigartigkeit steht nicht nur die Sorgfalt in der Ausf\u00fchrung, sondern auch eine \u00f6kologische und nachhaltige Produktion.<\/p>\n<pre style=\"text-align: center;\">Denken Sie daran, die Umwelt zu sch\u00fctzen \u2013 drucken Sie nicht, wenn es nicht unbedingt n\u00f6tig ist.<\/pre>\n<p>&nbsp;<\/p>\n      <\/div>\n<\/section>\n\n\n<section class=\"text-block\">\n  <div class=\"container\">\n          <hr \/>\n<p style=\"text-align: center;\">KONKRET STORE arbeitet an der Erh\u00f6hung des Anteils nachhaltiger Materialien. Dies geschieht, um eine breite Palette nachhaltiger Produkte im Sortiment anzubieten und somit zur Reduzierung der Umweltbelastung beizutragen und langfristig eine ges\u00fcndere Erde zu f\u00f6rdern. Die Auswirkung eines Produkts auf die Umwelt wird teilweise durch die Wahl der Materialien bestimmt. Einige Materialien haben weniger Einfluss auf die Umwelt, da sie nicht so viele Chemikalien, Energie und Wasserressourcen wie andere ben\u00f6tigen.<\/p>\n<p><img loading=\"lazy\" decoding=\"async\" class=\" wp-image-14690 aligncenter\" src=\"https:\/\/konkret.store\/app\/uploads\/2023\/03\/organic_materials-300x291.png\" alt=\"\" width=\"118\" height=\"114\" srcset=\"https:\/\/konkret.store\/app\/uploads\/2023\/03\/organic_materials-300x291.png 300w, https:\/\/konkret.store\/app\/uploads\/2023\/03\/organic_materials-64x62.png 64w, https:\/\/konkret.store\/app\/uploads\/2023\/03\/organic_materials.png 557w\" sizes=\"auto, (max-width: 118px) 100vw, 118px\" \/><\/p>\n<hr \/>\n<div><\/div>\n      <\/div>\n<\/section>\n\n\n<section class=\"image-text\">\n  <div class=\"container\">\n    <div class=\"row align-items-center\">\n      <div class=\"col-lg-6  image-text--left\">\n        <div class=\"image-text__image\">\n          <img loading=\"lazy\" decoding=\"async\" width=\"1600\" height=\"1067\" src=\"https:\/\/konkret.store\/app\/uploads\/2024\/04\/image-3.jpeg\" class=\"attachment-full size-full\" alt=\"\" srcset=\"https:\/\/konkret.store\/app\/uploads\/2024\/04\/image-3.jpeg 1600w, https:\/\/konkret.store\/app\/uploads\/2024\/04\/image-3-300x200.jpeg 300w, https:\/\/konkret.store\/app\/uploads\/2024\/04\/image-3-1024x683.jpeg 1024w, https:\/\/konkret.store\/app\/uploads\/2024\/04\/image-3-768x512.jpeg 768w, https:\/\/konkret.store\/app\/uploads\/2024\/04\/image-3-1536x1024.jpeg 1536w, https:\/\/konkret.store\/app\/uploads\/2024\/04\/image-3-610x407.jpeg 610w, https:\/\/konkret.store\/app\/uploads\/2024\/04\/image-3-64x43.jpeg 64w\" sizes=\"auto, (max-width: 1600px) 100vw, 1600px\" \/>        <\/div>\n      <\/div>\n      <div class=\"col-lg-5  offset-lg-1 \">\n                <h2>M\u00f6bel aus Massivholz<\/h2>\n        <div class=\"image-text__text\">\n          <p>Der am weitesten verbreitete und gleichzeitig nat\u00fcrliche Rohstoff in der Umgebung jedes Menschen. Seine Popularit\u00e4t beruht haupts\u00e4chlich auf seiner Verf\u00fcgbarkeit und Einzigartigkeit sowie auf der relativen Erneuerbarkeit seiner Ressourcen. Wor\u00fcber sprechen wir?<\/p>\n<p><strong>\u00dcber Holz!<\/strong><\/p>\n<p>Holz ist ein Material, dessen Prozess \u00e4u\u00dferst faszinierend ist, und bei dem kleine Wunder geschehen. Es geh\u00f6rt zu den beliebtesten Materialien, mit denen die besten polnischen Marken ihre Produkte herstellen. Kein Wunder \u2013 Holz ist der Hauptrohstoff, der in der M\u00f6belproduktion verwendet wird.<\/p>\n<p>Deshalb haben wir die wichtigsten und interessantesten Informationen aus der Welt der Natur, Industrie und des Designs gesammelt und ein Kompendium des Wissens \u00fcber Holz f\u00fcr euch erstellt.<\/p>\n<p>&nbsp;<\/p>\n<p>&nbsp;<\/p>\n<p>&nbsp;<\/p>\n        <\/div>\n              <\/div>\n    <\/div>\n  <\/div>\n<\/section>\n\n\n<section class=\"image-text\">\n  <div class=\"container\">\n    <div class=\"row align-items-center\">\n      <div class=\"col-lg-6  offset-lg-1  image-text--right\">\n        <div class=\"image-text__image\">\n          <img loading=\"lazy\" decoding=\"async\" width=\"577\" height=\"600\" src=\"https:\/\/konkret.store\/app\/uploads\/2024\/04\/blyszcz-sek-drewno.jpg\" class=\"attachment-full size-full\" alt=\"\" srcset=\"https:\/\/konkret.store\/app\/uploads\/2024\/04\/blyszcz-sek-drewno.jpg 577w, https:\/\/konkret.store\/app\/uploads\/2024\/04\/blyszcz-sek-drewno-289x300.jpg 289w, https:\/\/konkret.store\/app\/uploads\/2024\/04\/blyszcz-sek-drewno-64x67.jpg 64w\" sizes=\"auto, (max-width: 577px) 100vw, 577px\" \/>        <\/div>\n      <\/div>\n      <div class=\"col-lg-5 \">\n                <h2><\/h2>\n        <div class=\"image-text__text\">\n          <p>M\u00f6bel aus Massivholz oder solche, die mit furnierten Oberfl\u00e4chen gefertigt sind, geh\u00f6ren zur unangefochtenen Klassik. Wir sch\u00e4tzen Holz f\u00fcr seine Edelhartigkeit, Nat\u00fcrlichkeit, Haltbarkeit und Vielfalt. Diese Eigenschaften machen es besonders und verdienen daher besondere Aufmerksamkeit.<\/p>\n<p>Jede Holzart hat ihre eigenen, einzigartigen Merkmale. Wenn Sie sich f\u00fcr Eichenholz entschieden haben, wird die Holzmaserung sicherlich deutlich und charakteristisch sein.<\/p>\n<p>Esche hat eine sehr abwechslungsreiche Maserung \u2013 hellere T\u00f6ne vermischen sich mit braunen. Auch bei Walnuss kann die Farbgebung sehr unterschiedlich sein. Wir pers\u00f6nlich finden, dass das gr\u00f6\u00dfte Merkmal der Walnuss die au\u00dfergew\u00f6hnliche und einzigartige Maserung ist, die zugleich deutlich und unregelm\u00e4\u00dfig ist.<\/p>\n<p>Unabh\u00e4ngig von der gew\u00e4hlten Holzart hat jedes Holzst\u00fcck nat\u00fcrliche Eigenschaften, die nicht als M\u00e4ngel betrachtet werden sollten. Jeder Zentimeter ist anders, weist nat\u00fcrliche Unterschiede im Farbton auf, sichtbare Markstrahlen und andere anatomische Merkmale wie kleine dunklere Verf\u00e4rbungen, so genannte falsche Kernrinde, nat\u00fcrliche M\u00e4ngel, Risse, Glanz und \u00c4ste. Letztere kommen in vielen Formen vor, daher besteht bei einem rustikal gestalteten M\u00f6belst\u00fcck die M\u00f6glichkeit, dass Durchgangs\u00e4ste \u2013 die besonders auff\u00e4llig sind \u2013 auftreten.<\/p>\n<p>Gef\u00e4rbte und lackierte Elemente k\u00f6nnen in den Farbt\u00f6nen variieren. All diese Merkmale zeugen von der Authentizit\u00e4t des Holzes und seinem einzigartigen Charakter \u2013 sie sind kein Grund f\u00fcr Reklamationen. Es sind auch Farbabweichungen zwischen dem M\u00f6belst\u00fcck und dem Farbmuster zul\u00e4ssig. Dies liegt unter anderem an der viel kleineren Gr\u00f6\u00dfe der Muster.<\/p>\n<p style=\"text-align: left;\">\n        <\/div>\n              <\/div>\n    <\/div>\n  <\/div>\n<\/section>\n\n\n<section class=\"text-block\">\n  <div class=\"container\">\n          <p style=\"text-align: center;\"><strong>\u201eNAT\u00dcRLICHES HOLZ IST EINZIGARTIG!\u201d<\/strong><\/p>\n<p style=\"text-align: center;\"><strong>FARBE UND MASERUNG<\/strong><\/p>\n<p style=\"text-align: center;\">Die Vorz\u00fcge von nat\u00fcrlichem Holz, wie Eiche oder Walnuss, sind sein sch\u00f6ner \u201eZeichnung\u201c, die f\u00fcr jede Holzart charakteristisch ist, sowie die einzigartigen Farbt\u00f6ne und die abwechslungsreiche Maserung. Je nach den Bedingungen, unter denen der Baum gewachsen ist, zeichnet sich das daraus gewonnene Material durch einzigartige Merkmale aus.<\/p>\n<p style=\"text-align: center;\">Denken Sie daran, dass dieses Material ungleichm\u00e4\u00dfig sein kann, mit nat\u00fcrlichen Farbabweichungen, Flecken, einzigartigen Wellen und Knoten in der Maserung. Sogar Material von h\u00f6chster Qualit\u00e4t kann Unterschiede aufweisen, jede Charge ist anders \u2013 \u201enichts passiert zweimal\u201c. Dies ist ein charakteristisches Merkmal und ein unbestreitbarer Charme des Holzes, das sich unter anderem durch seine Einzigartigkeit von Kunststoffimitaten unterscheidet.<\/p>\n<p style=\"text-align: center;\">Es ist wichtig, daran zu denken, dass sich der Farbton solcher Produkte im Laufe der Zeit durch Faktoren wie Licht und Feuchtigkeit nat\u00fcrlich ver\u00e4ndern kann.<\/p>\n      <\/div>\n<\/section>\n\n\n<section class=\"image-text image-text--centered\">\n  <div class=\"container\">\n    <div class=\"row align-items-center\">\n      <div class=\"col-lg-6 offset-lg-3\">\n                <h2><\/h2>\n        <div class=\"image-text__text\">\n                  <\/div>\n              <\/div>\n      <div class=\"col-lg-8 offset-lg-2\">\n        <div class=\"image-text__image\">\n          <img loading=\"lazy\" decoding=\"async\" width=\"2000\" height=\"1040\" src=\"https:\/\/konkret.store\/app\/uploads\/2024\/04\/parowanie1-e1645615807983.jpg\" class=\"attachment-full size-full\" alt=\"\" srcset=\"https:\/\/konkret.store\/app\/uploads\/2024\/04\/parowanie1-e1645615807983.jpg 2000w, https:\/\/konkret.store\/app\/uploads\/2024\/04\/parowanie1-e1645615807983-300x156.jpg 300w, https:\/\/konkret.store\/app\/uploads\/2024\/04\/parowanie1-e1645615807983-1024x532.jpg 1024w, https:\/\/konkret.store\/app\/uploads\/2024\/04\/parowanie1-e1645615807983-768x399.jpg 768w, https:\/\/konkret.store\/app\/uploads\/2024\/04\/parowanie1-e1645615807983-1536x799.jpg 1536w, https:\/\/konkret.store\/app\/uploads\/2024\/04\/parowanie1-e1645615807983-610x317.jpg 610w, https:\/\/konkret.store\/app\/uploads\/2024\/04\/parowanie1-e1645615807983-64x33.jpg 64w\" sizes=\"auto, (max-width: 2000px) 100vw, 2000px\" \/>        <\/div>\n      <\/div>\n    <\/div>\n  <\/div>\n<\/section>\n\n\n<section class=\"image-text image-text--centered\">\n  <div class=\"container\">\n    <div class=\"row align-items-center\">\n      <div class=\"col-lg-6 offset-lg-3\">\n                <h2>Pflege von Massivholzm\u00f6beln<\/h2>\n        <div class=\"image-text__text\">\n          <p>Bei der Auswahl von M\u00f6beln mit lackierter Oberfl\u00e4che oder einer Behandlung mit \u00d6l-Wachs\/Wachs l\u00e4sst sich der Prozess des \u00d6lens erfolgreich vermeiden. Diese Oberfl\u00e4chen sind effektiv gesch\u00fctzt, aber sie erfordern genauso viel Pflege wie ge\u00f6lte M\u00f6bel. Lacke, \u00d6l-Wachs und Wachse sind ebenfalls empfindlich gegen\u00fcber Kratzern und hei\u00dfen Gegenst\u00e4nden. Einige einfache Pflegeregeln garantieren die Sch\u00f6nheit Ihrer M\u00f6bel \u00fcber Jahre hinweg.<\/p>\n<p>Um die Holzoptik zu bewahren, ist es wichtig, auch die richtigen Bedingungen im Raum zu schaffen. Die Luftfeuchtigkeit sollte zwischen 45 % und 60 % liegen. Ebenso muss unbedingt vermieden werden, M\u00f6bel in der N\u00e4he von W\u00e4rmequellen wie Kaminen, Heizk\u00f6rpern oder \u00d6fen aufzustellen. Es ist ein nat\u00fcrlicher Prozess, dass Holz in trockenen Umgebungen schrumpft und in feuchter Luft expandiert.<\/p>\n<p>Ein weiterer unvermeidlicher Prozess ist das Altern des Holzes, was zu einer Ver\u00e4nderung seiner Farbe f\u00fchrt. Um diesen Prozess zu verlangsamen, sollte man \u00fcberm\u00e4\u00dfige Sonneneinstrahlung auf das Holz vermeiden. Die oben genannten Merkmale und Empfehlungen gelten f\u00fcr Massivholz sowie M\u00f6bel mit nat\u00fcrlicher Furnieroberfl\u00e4che.<\/p>\n        <\/div>\n              <\/div>\n      <div class=\"col-lg-8 offset-lg-2\">\n        <div class=\"image-text__image\">\n          <img loading=\"lazy\" decoding=\"async\" width=\"1000\" height=\"252\" src=\"https:\/\/konkret.store\/app\/uploads\/2024\/07\/zasady-pielegnacji-1-drewno-piktohgramy-e1661406876625-removebg.png\" class=\"attachment-full size-full\" alt=\"\" srcset=\"https:\/\/konkret.store\/app\/uploads\/2024\/07\/zasady-pielegnacji-1-drewno-piktohgramy-e1661406876625-removebg.png 1000w, https:\/\/konkret.store\/app\/uploads\/2024\/07\/zasady-pielegnacji-1-drewno-piktohgramy-e1661406876625-removebg-300x76.png 300w, https:\/\/konkret.store\/app\/uploads\/2024\/07\/zasady-pielegnacji-1-drewno-piktohgramy-e1661406876625-removebg-768x194.png 768w, https:\/\/konkret.store\/app\/uploads\/2024\/07\/zasady-pielegnacji-1-drewno-piktohgramy-e1661406876625-removebg-610x154.png 610w, https:\/\/konkret.store\/app\/uploads\/2024\/07\/zasady-pielegnacji-1-drewno-piktohgramy-e1661406876625-removebg-64x16.png 64w\" sizes=\"auto, (max-width: 1000px) 100vw, 1000px\" \/>        <\/div>\n      <\/div>\n    <\/div>\n  <\/div>\n<\/section>\n","protected":false},"excerpt":{"rendered":"","protected":false},"author":1,"featured_media":0,"parent":0,"menu_order":0,"comment_status":"closed","ping_status":"closed","template":"views\/page-informational.blade.php","meta":{"_acf_changed":false,"footnotes":""},"class_list":["post-23951","page","type-page","status-publish","hentry"],"acf":[],"yoast_head":"<!-- This site is optimized with the Yoast SEO plugin v26.8 - https:\/\/yoast.com\/product\/yoast-seo-wordpress\/ -->\n<title>Pflege und Anwendung - konkret.store<\/title>\n<meta name=\"description\" content=\"Bei KONKRET STORE finden Sie M\u00f6bel, die Ihren Erwartungen entsprechen und mit denen Sie ein sch\u00f6nes Interieur schaffen, das Sie noch mehr lieben werden.Deshalb haben wir einige Informationen gesammelt, die Ihnen helfen, sich richtig um Ihr neues M\u00f6belst\u00fcck zu k\u00fcmmern, damit Sie lange Freude an seinem einzigartigen Charakter haben.Sch\u00f6nheit braucht Zeit, deshalb wird der Gro\u00dfteil unserer Produkte auf Bestellung gefertigt und besteht aus nat\u00fcrlichen Materialien.Hinter ihrer Einzigartigkeit steht nicht nur die Sorgfalt in der Ausf\u00fchrung, sondern auch eine \u00f6kologische und nachhaltige Produktion.\" \/>\n<meta name=\"robots\" content=\"index, follow, max-snippet:-1, max-image-preview:large, max-video-preview:-1\" \/>\n<link rel=\"canonical\" href=\"https:\/\/konkret.store\/de\/pflege-und-anwendung\/\" \/>\n<meta property=\"og:locale\" content=\"de_DE\" \/>\n<meta property=\"og:type\" content=\"article\" \/>\n<meta property=\"og:title\" content=\"Pflege und Anwendung - konkret.store\" \/>\n<meta property=\"og:description\" content=\"Bei KONKRET STORE finden Sie M\u00f6bel, die Ihren Erwartungen entsprechen und mit denen Sie ein sch\u00f6nes Interieur schaffen, das Sie noch mehr lieben werden.Deshalb haben wir einige Informationen gesammelt, die Ihnen helfen, sich richtig um Ihr neues M\u00f6belst\u00fcck zu k\u00fcmmern, damit Sie lange Freude an seinem einzigartigen Charakter haben.Sch\u00f6nheit braucht Zeit, deshalb wird der Gro\u00dfteil unserer Produkte auf Bestellung gefertigt und besteht aus nat\u00fcrlichen Materialien.Hinter ihrer Einzigartigkeit steht nicht nur die Sorgfalt in der Ausf\u00fchrung, sondern auch eine \u00f6kologische und nachhaltige Produktion.\" \/>\n<meta property=\"og:url\" content=\"https:\/\/konkret.store\/de\/pflege-und-anwendung\/\" \/>\n<meta property=\"og:site_name\" content=\"konkret.store\" \/>\n<meta property=\"article:publisher\" content=\"https:\/\/facebook.com\/konkret.store\/\" \/>\n<meta property=\"article:modified_time\" content=\"2025-03-21T22:34:29+00:00\" \/>\n<meta name=\"twitter:card\" content=\"summary_large_image\" \/>\n<script type=\"application\/ld+json\" class=\"yoast-schema-graph\">{\"@context\":\"https:\/\/schema.org\",\"@graph\":[{\"@type\":\"WebPage\",\"@id\":\"https:\/\/konkret.store\/de\/pflege-und-anwendung\/\",\"url\":\"https:\/\/konkret.store\/de\/pflege-und-anwendung\/\",\"name\":\"Pflege und Anwendung - konkret.store\",\"isPartOf\":{\"@id\":\"https:\/\/konkret.store\/de\/#website\"},\"datePublished\":\"2022-12-20T19:50:41+00:00\",\"dateModified\":\"2025-03-21T22:34:29+00:00\",\"description\":\"Bei KONKRET STORE finden Sie M\u00f6bel, die Ihren Erwartungen entsprechen und mit denen Sie ein sch\u00f6nes Interieur schaffen, das Sie noch mehr lieben werden.Deshalb haben wir einige Informationen gesammelt, die Ihnen helfen, sich richtig um Ihr neues M\u00f6belst\u00fcck zu k\u00fcmmern, damit Sie lange Freude an seinem einzigartigen Charakter haben.Sch\u00f6nheit braucht Zeit, deshalb wird der Gro\u00dfteil unserer Produkte auf Bestellung gefertigt und besteht aus nat\u00fcrlichen Materialien.Hinter ihrer Einzigartigkeit steht nicht nur die Sorgfalt in der Ausf\u00fchrung, sondern auch eine \u00f6kologische und nachhaltige Produktion.\",\"breadcrumb\":{\"@id\":\"https:\/\/konkret.store\/de\/pflege-und-anwendung\/#breadcrumb\"},\"inLanguage\":\"de-DE\",\"potentialAction\":[{\"@type\":\"ReadAction\",\"target\":[\"https:\/\/konkret.store\/de\/pflege-und-anwendung\/\"]}]},{\"@type\":\"BreadcrumbList\",\"@id\":\"https:\/\/konkret.store\/de\/pflege-und-anwendung\/#breadcrumb\",\"itemListElement\":[{\"@type\":\"ListItem\",\"position\":1,\"name\":\"Strona g\u0142\u00f3wna\",\"item\":\"https:\/\/konkret.store\/de\/\"},{\"@type\":\"ListItem\",\"position\":2,\"name\":\"Pflege und Anwendung\"}]},{\"@type\":\"WebSite\",\"@id\":\"https:\/\/konkret.store\/de\/#website\",\"url\":\"https:\/\/konkret.store\/de\/\",\"name\":\"konkret.store\",\"description\":\"Tylko konkrety\",\"potentialAction\":[{\"@type\":\"SearchAction\",\"target\":{\"@type\":\"EntryPoint\",\"urlTemplate\":\"https:\/\/konkret.store\/de\/?s={search_term_string}\"},\"query-input\":{\"@type\":\"PropertyValueSpecification\",\"valueRequired\":true,\"valueName\":\"search_term_string\"}}],\"inLanguage\":\"de-DE\"}]}<\/script>\n<!-- \/ Yoast SEO plugin. -->","yoast_head_json":{"title":"Pflege und Anwendung - konkret.store","description":"Bei KONKRET STORE finden Sie M\u00f6bel, die Ihren Erwartungen entsprechen und mit denen Sie ein sch\u00f6nes Interieur schaffen, das Sie noch mehr lieben werden.Deshalb haben wir einige Informationen gesammelt, die Ihnen helfen, sich richtig um Ihr neues M\u00f6belst\u00fcck zu k\u00fcmmern, damit Sie lange Freude an seinem einzigartigen Charakter haben.Sch\u00f6nheit braucht Zeit, deshalb wird der Gro\u00dfteil unserer Produkte auf Bestellung gefertigt und besteht aus nat\u00fcrlichen Materialien.Hinter ihrer Einzigartigkeit steht nicht nur die Sorgfalt in der Ausf\u00fchrung, sondern auch eine \u00f6kologische und nachhaltige Produktion.","robots":{"index":"index","follow":"follow","max-snippet":"max-snippet:-1","max-image-preview":"max-image-preview:large","max-video-preview":"max-video-preview:-1"},"canonical":"https:\/\/konkret.store\/de\/pflege-und-anwendung\/","og_locale":"de_DE","og_type":"article","og_title":"Pflege und Anwendung - konkret.store","og_description":"Bei KONKRET STORE finden Sie M\u00f6bel, die Ihren Erwartungen entsprechen und mit denen Sie ein sch\u00f6nes Interieur schaffen, das Sie noch mehr lieben werden.Deshalb haben wir einige Informationen gesammelt, die Ihnen helfen, sich richtig um Ihr neues M\u00f6belst\u00fcck zu k\u00fcmmern, damit Sie lange Freude an seinem einzigartigen Charakter haben.Sch\u00f6nheit braucht Zeit, deshalb wird der Gro\u00dfteil unserer Produkte auf Bestellung gefertigt und besteht aus nat\u00fcrlichen Materialien.Hinter ihrer Einzigartigkeit steht nicht nur die Sorgfalt in der Ausf\u00fchrung, sondern auch eine \u00f6kologische und nachhaltige Produktion.","og_url":"https:\/\/konkret.store\/de\/pflege-und-anwendung\/","og_site_name":"konkret.store","article_publisher":"https:\/\/facebook.com\/konkret.store\/","article_modified_time":"2025-03-21T22:34:29+00:00","twitter_card":"summary_large_image","schema":{"@context":"https:\/\/schema.org","@graph":[{"@type":"WebPage","@id":"https:\/\/konkret.store\/de\/pflege-und-anwendung\/","url":"https:\/\/konkret.store\/de\/pflege-und-anwendung\/","name":"Pflege und Anwendung - konkret.store","isPartOf":{"@id":"https:\/\/konkret.store\/de\/#website"},"datePublished":"2022-12-20T19:50:41+00:00","dateModified":"2025-03-21T22:34:29+00:00","description":"Bei KONKRET STORE finden Sie M\u00f6bel, die Ihren Erwartungen entsprechen und mit denen Sie ein sch\u00f6nes Interieur schaffen, das Sie noch mehr lieben werden.Deshalb haben wir einige Informationen gesammelt, die Ihnen helfen, sich richtig um Ihr neues M\u00f6belst\u00fcck zu k\u00fcmmern, damit Sie lange Freude an seinem einzigartigen Charakter haben.Sch\u00f6nheit braucht Zeit, deshalb wird der Gro\u00dfteil unserer Produkte auf Bestellung gefertigt und besteht aus nat\u00fcrlichen Materialien.Hinter ihrer Einzigartigkeit steht nicht nur die Sorgfalt in der Ausf\u00fchrung, sondern auch eine \u00f6kologische und nachhaltige Produktion.","breadcrumb":{"@id":"https:\/\/konkret.store\/de\/pflege-und-anwendung\/#breadcrumb"},"inLanguage":"de-DE","potentialAction":[{"@type":"ReadAction","target":["https:\/\/konkret.store\/de\/pflege-und-anwendung\/"]}]},{"@type":"BreadcrumbList","@id":"https:\/\/konkret.store\/de\/pflege-und-anwendung\/#breadcrumb","itemListElement":[{"@type":"ListItem","position":1,"name":"Strona g\u0142\u00f3wna","item":"https:\/\/konkret.store\/de\/"},{"@type":"ListItem","position":2,"name":"Pflege und Anwendung"}]},{"@type":"WebSite","@id":"https:\/\/konkret.store\/de\/#website","url":"https:\/\/konkret.store\/de\/","name":"konkret.store","description":"Tylko konkrety","potentialAction":[{"@type":"SearchAction","target":{"@type":"EntryPoint","urlTemplate":"https:\/\/konkret.store\/de\/?s={search_term_string}"},"query-input":{"@type":"PropertyValueSpecification","valueRequired":true,"valueName":"search_term_string"}}],"inLanguage":"de-DE"}]}},"_links":{"self":[{"href":"https:\/\/konkret.store\/de\/wp-json\/wp\/v2\/pages\/23951","targetHints":{"allow":["GET"]}}],"collection":[{"href":"https:\/\/konkret.store\/de\/wp-json\/wp\/v2\/pages"}],"about":[{"href":"https:\/\/konkret.store\/de\/wp-json\/wp\/v2\/types\/page"}],"author":[{"embeddable":true,"href":"https:\/\/konkret.store\/de\/wp-json\/wp\/v2\/users\/1"}],"replies":[{"embeddable":true,"href":"https:\/\/konkret.store\/de\/wp-json\/wp\/v2\/comments?post=23951"}],"version-history":[{"count":2,"href":"https:\/\/konkret.store\/de\/wp-json\/wp\/v2\/pages\/23951\/revisions"}],"predecessor-version":[{"id":24497,"href":"https:\/\/konkret.store\/de\/wp-json\/wp\/v2\/pages\/23951\/revisions\/24497"}],"wp:attachment":[{"href":"https:\/\/konkret.store\/de\/wp-json\/wp\/v2\/media?parent=23951"}],"curies":[{"name":"wp","href":"https:\/\/api.w.org\/{rel}","templated":true}]}}