{"id":24256,"date":"2025-01-31T21:40:12","date_gmt":"2025-01-31T20:40:12","guid":{"rendered":"https:\/\/konkret.store\/product\/stol-okragly-vega-lity-dab\/"},"modified":"2025-04-24T23:13:50","modified_gmt":"2025-04-24T22:13:50","slug":"runder-kalisto","status":"publish","type":"product","link":"https:\/\/konkret.store\/de\/produkt\/runder-kalisto\/","title":{"rendered":"Runder Ausziehtisch KALISTO &#8211; Massivholz Eiche"},"content":{"rendered":"<section class=\"image-text\">\n  <div class=\"container\">\n    <div class=\"row align-items-center\">\n      <div class=\"col-lg-6  offset-lg-1  image-text--right\">\n        <div class=\"image-text__image\">\n          <img loading=\"lazy\" decoding=\"async\" width=\"2560\" height=\"1706\" src=\"https:\/\/konkret.store\/app\/uploads\/2025\/01\/AR_stol_kalisto_roz-scaled-1.jpg\" class=\"attachment-full size-full\" alt=\"\" srcset=\"https:\/\/konkret.store\/app\/uploads\/2025\/01\/AR_stol_kalisto_roz-scaled-1.jpg 2560w, https:\/\/konkret.store\/app\/uploads\/2025\/01\/AR_stol_kalisto_roz-scaled-1-300x200.jpg 300w, https:\/\/konkret.store\/app\/uploads\/2025\/01\/AR_stol_kalisto_roz-scaled-1-1024x682.jpg 1024w, https:\/\/konkret.store\/app\/uploads\/2025\/01\/AR_stol_kalisto_roz-scaled-1-768x512.jpg 768w, https:\/\/konkret.store\/app\/uploads\/2025\/01\/AR_stol_kalisto_roz-scaled-1-1536x1024.jpg 1536w, https:\/\/konkret.store\/app\/uploads\/2025\/01\/AR_stol_kalisto_roz-scaled-1-2048x1365.jpg 2048w, https:\/\/konkret.store\/app\/uploads\/2025\/01\/AR_stol_kalisto_roz-scaled-1-610x407.jpg 610w, https:\/\/konkret.store\/app\/uploads\/2025\/01\/AR_stol_kalisto_roz-scaled-1-64x43.jpg 64w\" sizes=\"auto, (max-width: 2560px) 100vw, 2560px\" \/>        <\/div>\n      <\/div>\n      <div class=\"col-lg-5 \">\n                <h2><\/h2>\n        <div class=\"image-text__text\">\n          <p><strong data-start=\"86\" data-end=\"153\">Ausziehtisch, der seine Oberfl\u00e4che um bis zu 150 cm vergr\u00f6\u00dfert.<\/strong><br data-start=\"153\" data-end=\"156\" \/>Dank des praktischen Auszugsmechanismus kann die Tischplatte flexibel erweitert werden \u2013 je nach Bedarf um 50, 100 oder sogar 150 cm.<\/p>\n        <\/div>\n              <\/div>\n    <\/div>\n  <\/div>\n<\/section>\n\n\n<section class=\"image-text image-text--centered\">\n  <div class=\"container\">\n    <div class=\"row align-items-center\">\n      <div class=\"col-lg-6 offset-lg-3\">\n                          <div class=\"image-text__text\">\n            <p><img loading=\"lazy\" decoding=\"async\" class=\"alignnone wp-image-14171 ls-is-cached lazyloaded\" src=\"https:\/\/design4u.no\/app\/uploads\/2023\/03\/Hand_made-removebg-preview.png\" sizes=\"auto, (max-width: 35px) 100vw, 35px\" srcset=\"https:\/\/design4u.no\/app\/uploads\/2023\/03\/Hand_made-removebg-preview.png 76w, https:\/\/design4u.no\/app\/uploads\/2023\/03\/Hand_made-removebg-preview-64x64.png 64w\" alt=\"\" width=\"35\" height=\"35\" data-srcset=\"https:\/\/design4u.no\/app\/uploads\/2023\/03\/Hand_made-removebg-preview.png 76w, https:\/\/design4u.no\/app\/uploads\/2023\/03\/Hand_made-removebg-preview-64x64.png 64w\" data-src=\"https:\/\/design4u.no\/app\/uploads\/2023\/03\/Hand_made-removebg-preview.png\" data-sizes=\"(max-width: 35px) 100vw, 35px\" \/>\u00a0 Handgefertigt in h\u00f6chster Qualit\u00e4t \u00a0<img loading=\"lazy\" decoding=\"async\" class=\"alignnone wp-image-23684\" src=\"https:\/\/konkret.store\/app\/uploads\/2025\/02\/solid--300x300.png\" sizes=\"auto, (max-width: 35px) 100vw, 35px\" srcset=\"https:\/\/konkret.store\/app\/uploads\/2025\/02\/solid--300x300.png 300w, https:\/\/konkret.store\/app\/uploads\/2025\/02\/solid--768x768.png 768w, https:\/\/konkret.store\/app\/uploads\/2025\/02\/solid--610x610.png 610w, https:\/\/konkret.store\/app\/uploads\/2025\/02\/solid--100x100.png 100w, https:\/\/konkret.store\/app\/uploads\/2025\/02\/solid--64x64.png 64w, https:\/\/konkret.store\/app\/uploads\/2025\/02\/solid-.png 800w\" alt=\"\" width=\"35\" height=\"35\" \/> Massivholz<\/p>\n          <\/div>\n                      <\/div>\n      <div class=\"col-lg-8 offset-lg-2\">\n        <div class=\"image-text__image\">\n                      <div class=\"swiper gallerySwiper\">\n              <div class=\"swiperNav\">\n                <div class=\"swiperNav-prev\"><svg width=\"81\" height=\"81\" viewBox=\"0 0 81 81\" fill=\"none\" xmlns=\"http:\/\/www.w3.org\/2000\/svg\"><rect width=\"81\" height=\"81\" rx=\"40\" fill=\"#333\"\/><path fill-rule=\"evenodd\" clip-rule=\"evenodd\" d=\"M46 28l-2-2-14 14 2 2 12 12 2-2-12-12 12-12z\" fill=\"#F2F2F2\"\/><\/svg><\/div>\n                <div class=\"swiperNav-next\"><svg width=\"82\" height=\"82\" viewBox=\"0 0 82 82\" fill=\"none\" xmlns=\"http:\/\/www.w3.org\/2000\/svg\"><rect width=\"82\" height=\"82\" rx=\"40\" fill=\"#333\"\/><path fill-rule=\"evenodd\" clip-rule=\"evenodd\" d=\"M35 52l2 2 14-14-2-2-12-12-2 2 12 12-12 12z\" fill=\"#F2F2F2\"\/><\/svg><\/div>\n              <\/div>\n              <div class=\"swiper-wrapper\">\n                                  <div class=\"swiper-slide\">\n                    <img loading=\"lazy\" decoding=\"async\" width=\"2560\" height=\"1706\" src=\"https:\/\/konkret.store\/app\/uploads\/2025\/01\/kalisto_1-scaled-1.jpg\" class=\"attachment-gallery size-gallery\" alt=\"\" srcset=\"https:\/\/konkret.store\/app\/uploads\/2025\/01\/kalisto_1-scaled-1.jpg 2560w, https:\/\/konkret.store\/app\/uploads\/2025\/01\/kalisto_1-scaled-1-300x200.jpg 300w, https:\/\/konkret.store\/app\/uploads\/2025\/01\/kalisto_1-scaled-1-1024x682.jpg 1024w, https:\/\/konkret.store\/app\/uploads\/2025\/01\/kalisto_1-scaled-1-768x512.jpg 768w, https:\/\/konkret.store\/app\/uploads\/2025\/01\/kalisto_1-scaled-1-1536x1024.jpg 1536w, https:\/\/konkret.store\/app\/uploads\/2025\/01\/kalisto_1-scaled-1-2048x1365.jpg 2048w, https:\/\/konkret.store\/app\/uploads\/2025\/01\/kalisto_1-scaled-1-610x407.jpg 610w, https:\/\/konkret.store\/app\/uploads\/2025\/01\/kalisto_1-scaled-1-64x43.jpg 64w\" sizes=\"auto, (max-width: 2560px) 100vw, 2560px\" \/>                  <\/div>\n                              <\/div>\n            <\/div>\n                  <\/div>\n      <\/div>\n    <\/div>\n  <\/div>\n<\/section>\n","protected":false},"excerpt":{"rendered":"<p><strong>Ein schlichter und eleganter runder Esstisch mit einem soliden, s\u00e4ulenf\u00f6rmigen Fu\u00df. Er verleiht jedem Raum eine stilvolle Note \u2013 vom privaten Esszimmer \u00fcber ein modernes Restaurant bis hin zum Gemeinschaftsbereich im B\u00fcro.<\/strong><\/p>\n<p>Erwarten Sie G\u00e4ste? Der Tisch l\u00e4sst sich im Handumdrehen mit zus\u00e4tzlichen Einlegeplatten erweitern.<\/p>\n<p>Hergestellt aus FSC-zertifiziertem Holz\u00a0\u00a0<a href=\"https:\/\/pl.fsc.org\/pl-pl\/sprawdz-i-znajdz-certyfikat\"><img loading=\"lazy\" decoding=\"async\" class=\"alignnone wp-image-11268 lazyloaded\" src=\"https:\/\/konkret.store\/app\/uploads\/2023\/02\/Forest_Stewardship_Council_logo-251x300.png\" alt=\"\" width=\"32\" height=\"38\" data-src=\"https:\/\/konkret.store\/app\/uploads\/2023\/02\/Forest_Stewardship_Council_logo-251x300.png\" srcset=\"https:\/\/konkret.store\/app\/uploads\/2023\/02\/Forest_Stewardship_Council_logo-251x300.png 251w, https:\/\/konkret.store\/app\/uploads\/2023\/02\/Forest_Stewardship_Council_logo-855x1024.png 855w, https:\/\/konkret.store\/app\/uploads\/2023\/02\/Forest_Stewardship_Council_logo-768x920.png 768w, https:\/\/konkret.store\/app\/uploads\/2023\/02\/Forest_Stewardship_Council_logo-610x730.png 610w, https:\/\/konkret.store\/app\/uploads\/2023\/02\/Forest_Stewardship_Council_logo-64x77.png 64w, https:\/\/konkret.store\/app\/uploads\/2023\/02\/Forest_Stewardship_Council_logo.png 1200w\" sizes=\"auto, (max-width: 32px) 100vw, 32px\" \/><\/a><\/p>\n<hr \/>\n<p>Sind Sie sich nicht sicher, welche Farbe Sie w\u00e4hlen sollen? Bestellen Sie <strong><a href=\"https:\/\/konkret.store\/de\/produkt\/eichenholzproben-9-farben\/\">sie hier<\/a><\/strong>, um Farbproben zu erhalten.<\/p>\n","protected":false},"featured_media":24257,"comment_status":"closed","ping_status":"closed","template":"","meta":{"_acf_changed":true},"product_brand":[],"product_cat":[271],"product_tag":[],"class_list":{"0":"post-24256","1":"product","2":"type-product","3":"status-publish","4":"has-post-thumbnail","6":"product_cat-unsere-konkrete","8":"first","9":"onbackorder","10":"taxable","11":"shipping-taxable","12":"purchasable","13":"product-type-simple"},"exclude_global_add_ons":false,"addons":[{"name":"Holzfarbe","type":"multiple_choice","position":0,"required":true,"title_format":"label","default":"","description_enable":true,"description":"Jede Farbe auf dem M\u00f6belst\u00fcck ist mit Lack \u00fcberzogen, was bedeutet, dass es keine Wartung erfordert. Der Lack bietet einen soliden Schutz und minimiert den Bedarf an regelm\u00e4\u00dfiger Pflege, sodass das M\u00f6belst\u00fcck sein sch\u00f6nes Aussehen ohne zus\u00e4tzlichen Aufwand bewahren kann.  \r\nHergestellt aus massivem Eichenholz oder Walnuss.","placeholder_enable":false,"placeholder":"","display":"patterns","restrictions_type":"any_text","adjust_price":false,"price":"","price_type":"flat_fee","restrictions":false,"min":"0","max":"0","options":[{"label":"24030","price":"","price_type":"quantity_based","image":0,"visibility":true},{"label":"24026","price":"45","price_type":"percentage_based","image":0,"visibility":true}],"id":1744753717},{"name":"Durchmesser","type":"multiple_choice","position":1,"required":true,"title_format":"label","default":"","description_enable":false,"description":"","placeholder_enable":false,"placeholder":"","display":"select","restrictions_type":"any_text","adjust_price":false,"price":"","price_type":"flat_fee","restrictions":false,"min":"0","max":"0","options":[{"label":"\u00d8110cm","price":"","price_type":"quantity_based","image":0,"visibility":true},{"label":"\u00d8120cm","price":"200","price_type":"quantity_based","image":0,"visibility":true},{"label":"\u00d8130cm","price":"400","price_type":"quantity_based","image":0,"visibility":true},{"label":"\u00d8140cm","price":"600","price_type":"quantity_based","image":0,"visibility":true}],"id":1744753718},{"name":"Einlegeplatten","type":"multiple_choice","position":2,"required":true,"title_format":"label","default":"","description_enable":true,"description":"Der Tisch verf\u00fcgt \u00fcber einen praktischen Auszugsmechanismus aus Metall, der eine einfache Vergr\u00f6\u00dferung der Tischfl\u00e4che erm\u00f6glicht, wenn zus\u00e4tzlicher Platz ben\u00f6tigt wird (keine integrierte Aufbewahrung f\u00fcr Einlegeplatten im Tisch).","placeholder_enable":false,"placeholder":"","display":"select","restrictions_type":"any_text","adjust_price":false,"price":"","price_type":"flat_fee","restrictions":false,"min":"0","max":"0","options":[{"label":"1 x 50cm","price":"","price_type":"quantity_based","image":0,"visibility":true},{"label":"2 x 50cm","price":"700","price_type":"quantity_based","image":0,"visibility":true},{"label":"3 x 50cm","price":"1100","price_type":"quantity_based","image":0,"visibility":true}],"id":1744753719},{"name":"Kudde variant","type":"multiple_choice","position":0,"required":true,"title_format":"label","default":"","description_enable":false,"description":"","placeholder_enable":false,"placeholder":"","display":"select","restrictions_type":"any_text","adjust_price":false,"price":"","price_type":"flat_fee","restrictions":false,"min":"0","max":"0","options":[{"label":"Kuba","price":"","price_type":"quantity_based","image":0,"visibility":true},{"label":"Haiti","price":"","price_type":"quantity_based","image":0,"visibility":true},{"label":"Barbados","price":"","price_type":"quantity_based","image":0,"visibility":true},{"label":"Aruba","price":"","price_type":"quantity_based","image":0,"visibility":true}]}],"acf":[],"yoast_head":"<!-- This site is optimized with the Yoast SEO plugin v26.8 - https:\/\/yoast.com\/product\/yoast-seo-wordpress\/ -->\n<title>Runder Ausziehtisch KALISTO - Massivholz Eiche - konkret.store<\/title>\n<meta name=\"description\" content=\"Einfacher und eleganter runder Esstisch mit einem soliden, s\u00e4ulenf\u00f6rmigen Fu\u00df.Er verleiht jedem Raum einen stilvollen Charakter \u2013 vom privaten Esszimmer \u00fcber ein modernes Restaurant bis hin zum Gemeinschaftsbereich im B\u00fcro.Haben Sie G\u00e4ste? Der Tisch l\u00e4sst sich ganz einfach durch zus\u00e4tzliche Einlegeplatten erweitern.\" \/>\n<meta name=\"robots\" content=\"index, follow, max-snippet:-1, max-image-preview:large, max-video-preview:-1\" \/>\n<link rel=\"canonical\" href=\"https:\/\/konkret.store\/de\/produkt\/runder-kalisto\/\" \/>\n<meta property=\"og:locale\" content=\"de_DE\" \/>\n<meta property=\"og:type\" content=\"article\" \/>\n<meta property=\"og:title\" content=\"Runder Ausziehtisch KALISTO - Massivholz Eiche - konkret.store\" \/>\n<meta property=\"og:description\" content=\"Einfacher und eleganter runder Esstisch mit einem soliden, s\u00e4ulenf\u00f6rmigen Fu\u00df.Er verleiht jedem Raum einen stilvollen Charakter \u2013 vom privaten Esszimmer \u00fcber ein modernes Restaurant bis hin zum Gemeinschaftsbereich im B\u00fcro.Haben Sie G\u00e4ste? Der Tisch l\u00e4sst sich ganz einfach durch zus\u00e4tzliche Einlegeplatten erweitern.\" \/>\n<meta property=\"og:url\" content=\"https:\/\/konkret.store\/de\/produkt\/runder-kalisto\/\" \/>\n<meta property=\"og:site_name\" content=\"konkret.store\" \/>\n<meta property=\"article:publisher\" content=\"https:\/\/facebook.com\/konkret.store\/\" \/>\n<meta property=\"article:modified_time\" content=\"2025-04-24T22:13:50+00:00\" \/>\n<meta property=\"og:image\" content=\"https:\/\/konkret.store\/app\/uploads\/2025\/01\/vega-rundt.png\" \/>\n\t<meta property=\"og:image:width\" content=\"800\" \/>\n\t<meta property=\"og:image:height\" content=\"800\" \/>\n\t<meta property=\"og:image:type\" content=\"image\/png\" \/>\n<meta name=\"twitter:card\" content=\"summary_large_image\" \/>\n<meta name=\"twitter:label1\" content=\"Est. reading time\" \/>\n\t<meta name=\"twitter:data1\" content=\"1 minute\" \/>\n<script type=\"application\/ld+json\" class=\"yoast-schema-graph\">{\"@context\":\"https:\/\/schema.org\",\"@graph\":[{\"@type\":\"WebPage\",\"@id\":\"https:\/\/konkret.store\/de\/produkt\/runder-kalisto\/\",\"url\":\"https:\/\/konkret.store\/de\/produkt\/runder-kalisto\/\",\"name\":\"Runder Ausziehtisch KALISTO - Massivholz Eiche - konkret.store\",\"isPartOf\":{\"@id\":\"https:\/\/konkret.store\/de\/#website\"},\"primaryImageOfPage\":{\"@id\":\"https:\/\/konkret.store\/de\/produkt\/runder-kalisto\/#primaryimage\"},\"image\":{\"@id\":\"https:\/\/konkret.store\/de\/produkt\/runder-kalisto\/#primaryimage\"},\"thumbnailUrl\":\"https:\/\/konkret.store\/app\/uploads\/2025\/01\/vega-rundt.png\",\"datePublished\":\"2025-01-31T20:40:12+00:00\",\"dateModified\":\"2025-04-24T22:13:50+00:00\",\"description\":\"Einfacher und eleganter runder Esstisch mit einem soliden, s\u00e4ulenf\u00f6rmigen Fu\u00df.Er verleiht jedem Raum einen stilvollen Charakter \u2013 vom privaten Esszimmer \u00fcber ein modernes Restaurant bis hin zum Gemeinschaftsbereich im B\u00fcro.Haben Sie G\u00e4ste? Der Tisch l\u00e4sst sich ganz einfach durch zus\u00e4tzliche Einlegeplatten erweitern.\",\"breadcrumb\":{\"@id\":\"https:\/\/konkret.store\/de\/produkt\/runder-kalisto\/#breadcrumb\"},\"inLanguage\":\"de-DE\",\"potentialAction\":[{\"@type\":\"ReadAction\",\"target\":[\"https:\/\/konkret.store\/de\/produkt\/runder-kalisto\/\"]}]},{\"@type\":\"ImageObject\",\"inLanguage\":\"de-DE\",\"@id\":\"https:\/\/konkret.store\/de\/produkt\/runder-kalisto\/#primaryimage\",\"url\":\"https:\/\/konkret.store\/app\/uploads\/2025\/01\/vega-rundt.png\",\"contentUrl\":\"https:\/\/konkret.store\/app\/uploads\/2025\/01\/vega-rundt.png\",\"width\":800,\"height\":800},{\"@type\":\"BreadcrumbList\",\"@id\":\"https:\/\/konkret.store\/de\/produkt\/runder-kalisto\/#breadcrumb\",\"itemListElement\":[{\"@type\":\"ListItem\",\"position\":1,\"name\":\"Strona g\u0142\u00f3wna\",\"item\":\"https:\/\/konkret.store\/de\/\"},{\"@type\":\"ListItem\",\"position\":2,\"name\":\"Gesch\u00e4ft\",\"item\":\"https:\/\/konkret.store\/de\/geschaeft\/\"},{\"@type\":\"ListItem\",\"position\":3,\"name\":\"Runder Ausziehtisch KALISTO &#8211; Massivholz Eiche\"}]},{\"@type\":\"WebSite\",\"@id\":\"https:\/\/konkret.store\/de\/#website\",\"url\":\"https:\/\/konkret.store\/de\/\",\"name\":\"konkret.store\",\"description\":\"Tylko konkrety\",\"potentialAction\":[{\"@type\":\"SearchAction\",\"target\":{\"@type\":\"EntryPoint\",\"urlTemplate\":\"https:\/\/konkret.store\/de\/?s={search_term_string}\"},\"query-input\":{\"@type\":\"PropertyValueSpecification\",\"valueRequired\":true,\"valueName\":\"search_term_string\"}}],\"inLanguage\":\"de-DE\"}]}<\/script>\n<!-- \/ Yoast SEO plugin. -->","yoast_head_json":{"title":"Runder Ausziehtisch KALISTO - Massivholz Eiche - konkret.store","description":"Einfacher und eleganter runder Esstisch mit einem soliden, s\u00e4ulenf\u00f6rmigen Fu\u00df.Er verleiht jedem Raum einen stilvollen Charakter \u2013 vom privaten Esszimmer \u00fcber ein modernes Restaurant bis hin zum Gemeinschaftsbereich im B\u00fcro.Haben Sie G\u00e4ste? Der Tisch l\u00e4sst sich ganz einfach durch zus\u00e4tzliche Einlegeplatten erweitern.","robots":{"index":"index","follow":"follow","max-snippet":"max-snippet:-1","max-image-preview":"max-image-preview:large","max-video-preview":"max-video-preview:-1"},"canonical":"https:\/\/konkret.store\/de\/produkt\/runder-kalisto\/","og_locale":"de_DE","og_type":"article","og_title":"Runder Ausziehtisch KALISTO - Massivholz Eiche - konkret.store","og_description":"Einfacher und eleganter runder Esstisch mit einem soliden, s\u00e4ulenf\u00f6rmigen Fu\u00df.Er verleiht jedem Raum einen stilvollen Charakter \u2013 vom privaten Esszimmer \u00fcber ein modernes Restaurant bis hin zum Gemeinschaftsbereich im B\u00fcro.Haben Sie G\u00e4ste? Der Tisch l\u00e4sst sich ganz einfach durch zus\u00e4tzliche Einlegeplatten erweitern.","og_url":"https:\/\/konkret.store\/de\/produkt\/runder-kalisto\/","og_site_name":"konkret.store","article_publisher":"https:\/\/facebook.com\/konkret.store\/","article_modified_time":"2025-04-24T22:13:50+00:00","og_image":[{"width":800,"height":800,"url":"https:\/\/konkret.store\/app\/uploads\/2025\/01\/vega-rundt.png","type":"image\/png"}],"twitter_card":"summary_large_image","twitter_misc":{"Est. reading time":"1 minute"},"schema":{"@context":"https:\/\/schema.org","@graph":[{"@type":"WebPage","@id":"https:\/\/konkret.store\/de\/produkt\/runder-kalisto\/","url":"https:\/\/konkret.store\/de\/produkt\/runder-kalisto\/","name":"Runder Ausziehtisch KALISTO - Massivholz Eiche - konkret.store","isPartOf":{"@id":"https:\/\/konkret.store\/de\/#website"},"primaryImageOfPage":{"@id":"https:\/\/konkret.store\/de\/produkt\/runder-kalisto\/#primaryimage"},"image":{"@id":"https:\/\/konkret.store\/de\/produkt\/runder-kalisto\/#primaryimage"},"thumbnailUrl":"https:\/\/konkret.store\/app\/uploads\/2025\/01\/vega-rundt.png","datePublished":"2025-01-31T20:40:12+00:00","dateModified":"2025-04-24T22:13:50+00:00","description":"Einfacher und eleganter runder Esstisch mit einem soliden, s\u00e4ulenf\u00f6rmigen Fu\u00df.Er verleiht jedem Raum einen stilvollen Charakter \u2013 vom privaten Esszimmer \u00fcber ein modernes Restaurant bis hin zum Gemeinschaftsbereich im B\u00fcro.Haben Sie G\u00e4ste? Der Tisch l\u00e4sst sich ganz einfach durch zus\u00e4tzliche Einlegeplatten erweitern.","breadcrumb":{"@id":"https:\/\/konkret.store\/de\/produkt\/runder-kalisto\/#breadcrumb"},"inLanguage":"de-DE","potentialAction":[{"@type":"ReadAction","target":["https:\/\/konkret.store\/de\/produkt\/runder-kalisto\/"]}]},{"@type":"ImageObject","inLanguage":"de-DE","@id":"https:\/\/konkret.store\/de\/produkt\/runder-kalisto\/#primaryimage","url":"https:\/\/konkret.store\/app\/uploads\/2025\/01\/vega-rundt.png","contentUrl":"https:\/\/konkret.store\/app\/uploads\/2025\/01\/vega-rundt.png","width":800,"height":800},{"@type":"BreadcrumbList","@id":"https:\/\/konkret.store\/de\/produkt\/runder-kalisto\/#breadcrumb","itemListElement":[{"@type":"ListItem","position":1,"name":"Strona g\u0142\u00f3wna","item":"https:\/\/konkret.store\/de\/"},{"@type":"ListItem","position":2,"name":"Gesch\u00e4ft","item":"https:\/\/konkret.store\/de\/geschaeft\/"},{"@type":"ListItem","position":3,"name":"Runder Ausziehtisch KALISTO &#8211; Massivholz Eiche"}]},{"@type":"WebSite","@id":"https:\/\/konkret.store\/de\/#website","url":"https:\/\/konkret.store\/de\/","name":"konkret.store","description":"Tylko konkrety","potentialAction":[{"@type":"SearchAction","target":{"@type":"EntryPoint","urlTemplate":"https:\/\/konkret.store\/de\/?s={search_term_string}"},"query-input":{"@type":"PropertyValueSpecification","valueRequired":true,"valueName":"search_term_string"}}],"inLanguage":"de-DE"}]}},"_links":{"self":[{"href":"https:\/\/konkret.store\/de\/wp-json\/wp\/v2\/product\/24256","targetHints":{"allow":["GET"]}}],"collection":[{"href":"https:\/\/konkret.store\/de\/wp-json\/wp\/v2\/product"}],"about":[{"href":"https:\/\/konkret.store\/de\/wp-json\/wp\/v2\/types\/product"}],"replies":[{"embeddable":true,"href":"https:\/\/konkret.store\/de\/wp-json\/wp\/v2\/comments?post=24256"}],"wp:featuredmedia":[{"embeddable":true,"href":"https:\/\/konkret.store\/de\/wp-json\/wp\/v2\/media\/24257"}],"wp:attachment":[{"href":"https:\/\/konkret.store\/de\/wp-json\/wp\/v2\/media?parent=24256"}],"wp:term":[{"taxonomy":"product_brand","embeddable":true,"href":"https:\/\/konkret.store\/de\/wp-json\/wp\/v2\/product_brand?post=24256"},{"taxonomy":"product_cat","embeddable":true,"href":"https:\/\/konkret.store\/de\/wp-json\/wp\/v2\/product_cat?post=24256"},{"taxonomy":"product_tag","embeddable":true,"href":"https:\/\/konkret.store\/de\/wp-json\/wp\/v2\/product_tag?post=24256"}],"curies":[{"name":"wp","href":"https:\/\/api.w.org\/{rel}","templated":true}]}}