{"id":24272,"date":"2024-05-09T08:59:52","date_gmt":"2024-05-09T07:59:52","guid":{"rendered":"https:\/\/konkret.store\/product\/zaokraglona-szafka-rtv-vega-lity-dab\/"},"modified":"2026-02-02T16:40:49","modified_gmt":"2026-02-02T15:40:49","slug":"tv-schrank-vega","status":"publish","type":"product","link":"https:\/\/konkret.store\/de\/produkt\/tv-schrank-vega\/","title":{"rendered":"Abgerundeter TV-Schrank VEGA \u2013 Massivholz Eiche"},"content":{"rendered":"<section class=\"image-text\">\n  <div class=\"container\">\n    <div class=\"row align-items-center\">\n      <div class=\"col-lg-6  image-text--left\">\n        <div class=\"image-text__image\">\n                                    <div class=\"videoContainer\">\n                <video src=\"https:\/\/konkret.store\/app\/uploads\/2024\/05\/VEGA-poziom-1.mov\" controls webkit-playsinline playsinline loop muted autoplay><\/video>\n              <\/div>\n                              <\/div>\n      <\/div>\n      <div class=\"col-lg-5  offset-lg-1 \">\n                <h2><\/h2>\n        <div class=\"image-text__text\">\n          <p><strong>Vega strahlt zur\u00fcckhaltende Noblesse und zeitlose Eleganz aus.<\/strong><\/p>\n<p><strong>Materialien von h\u00f6chster Qualit\u00e4t, die dem Alltag wirklich standhalten \u2013 und dadurch auf nat\u00fcrliche und sch\u00f6ne Weise altern.<\/strong><\/p>\n<pre>Im Video: Vega in der wandmontierten Ausf\u00fchrung\r\n\r\nL\u00e4nge: 180 cm\r\n\r\nTiefe: 35 cm\r\n\r\nH\u00f6he: 30 cm\r\n\r\nFarbe: Ebony<\/pre>\n        <\/div>\n              <\/div>\n    <\/div>\n  <\/div>\n<\/section>\n\n\n<section class=\"image-text\">\n  <div class=\"container\">\n    <div class=\"row align-items-center\">\n      <div class=\"col-lg-6  offset-lg-1  image-text--right\">\n        <div class=\"image-text__image\">\n          <img loading=\"lazy\" decoding=\"async\" width=\"1381\" height=\"1662\" src=\"https:\/\/konkret.store\/app\/uploads\/2024\/05\/2_VEGA_GRA_B_V1-kopi.jpg\" class=\"attachment-full size-full\" alt=\"\" srcset=\"https:\/\/konkret.store\/app\/uploads\/2024\/05\/2_VEGA_GRA_B_V1-kopi.jpg 1381w, https:\/\/konkret.store\/app\/uploads\/2024\/05\/2_VEGA_GRA_B_V1-kopi-249x300.jpg 249w, https:\/\/konkret.store\/app\/uploads\/2024\/05\/2_VEGA_GRA_B_V1-kopi-851x1024.jpg 851w, https:\/\/konkret.store\/app\/uploads\/2024\/05\/2_VEGA_GRA_B_V1-kopi-768x924.jpg 768w, https:\/\/konkret.store\/app\/uploads\/2024\/05\/2_VEGA_GRA_B_V1-kopi-1276x1536.jpg 1276w, https:\/\/konkret.store\/app\/uploads\/2024\/05\/2_VEGA_GRA_B_V1-kopi-610x734.jpg 610w, https:\/\/konkret.store\/app\/uploads\/2024\/05\/2_VEGA_GRA_B_V1-kopi-64x77.jpg 64w\" sizes=\"auto, (max-width: 1381px) 100vw, 1381px\" \/>        <\/div>\n      <\/div>\n      <div class=\"col-lg-5 \">\n                <h2>Wir k\u00fcmmern uns um die Details!<\/h2>\n        <div class=\"image-text__text\">\n          <p data-start=\"195\" data-end=\"362\">\n<p class=\"\" data-start=\"195\" data-end=\"362\">\u25b8 \u00d6ffnungssystem und Scharniere \u2013 sehr hohe Pr\u00e4zision und Qualit\u00e4t von Italiana Ferramenta\u2122<br data-start=\"290\" data-end=\"293\" \/>\u25b8 Design und Ausf\u00fchrung in h\u00f6chster Qualit\u00e4t<br data-start=\"341\" data-end=\"344\" \/>\u25b8 Exklusivit\u00e4t<\/p>\n        <\/div>\n              <\/div>\n    <\/div>\n  <\/div>\n<\/section>\n\n\n<section class=\"image-text\">\n  <div class=\"container\">\n    <div class=\"row align-items-center\">\n      <div class=\"col-lg-6  image-text--left\">\n        <div class=\"image-text__image\">\n          <img loading=\"lazy\" decoding=\"async\" width=\"969\" height=\"957\" src=\"https:\/\/konkret.store\/app\/uploads\/2024\/05\/vega-removebg-1.png\" class=\"attachment-full size-full\" alt=\"\" srcset=\"https:\/\/konkret.store\/app\/uploads\/2024\/05\/vega-removebg-1.png 969w, https:\/\/konkret.store\/app\/uploads\/2024\/05\/vega-removebg-1-300x296.png 300w, https:\/\/konkret.store\/app\/uploads\/2024\/05\/vega-removebg-1-768x758.png 768w, https:\/\/konkret.store\/app\/uploads\/2024\/05\/vega-removebg-1-610x602.png 610w, https:\/\/konkret.store\/app\/uploads\/2024\/05\/vega-removebg-1-100x100.png 100w, https:\/\/konkret.store\/app\/uploads\/2024\/05\/vega-removebg-1-64x63.png 64w\" sizes=\"auto, (max-width: 969px) 100vw, 969px\" \/>        <\/div>\n      <\/div>\n      <div class=\"col-lg-5  offset-lg-1 \">\n                <h2><\/h2>\n        <div class=\"image-text__text\">\n          <p class=\"\" data-start=\"31\" data-end=\"200\">\u25b8 Das Signal des Fernbedienung funktioniert durch die \u00d6ffnungen, was auch eine angemessene Luftzirkulation f\u00fcr die im Schrank befindlichen Audioger\u00e4te gew\u00e4hrleistet.<\/p>\n<p class=\"\" data-start=\"202\" data-end=\"249\">\u25b8 Der Schrank wird ohne R\u00fcckwand geliefert.<\/p>\n<p class=\"\" data-start=\"251\" data-end=\"346\">\u25b8 Die Trennw\u00e4nde verf\u00fcgen \u00fcber Ausschnitte f\u00fcr das Kabelmanagement im Inneren des Schranks.<\/p>\n<p class=\"\" data-start=\"348\" data-end=\"432\">\u25b8 Die obere und untere Platte ist mit Kabeldurchf\u00fchrungen ausgestattet \u2013 3\u00d71 cm.<\/p>\n<p><img loading=\"lazy\" decoding=\"async\" class=\"alignnone wp-image-20698 lazyloaded\" src=\"https:\/\/design4u.no\/app\/uploads\/2023\/03\/kabel-removebg-300x127.png\" sizes=\"auto, (max-width: 300px) 100vw, 300px\" srcset=\"https:\/\/design4u.no\/app\/uploads\/2023\/03\/kabel-removebg-300x127.png 300w, https:\/\/design4u.no\/app\/uploads\/2023\/03\/kabel-removebg-768x326.png 768w, https:\/\/design4u.no\/app\/uploads\/2023\/03\/kabel-removebg-610x259.png 610w, https:\/\/design4u.no\/app\/uploads\/2023\/03\/kabel-removebg-64x27.png 64w, https:\/\/design4u.no\/app\/uploads\/2023\/03\/kabel-removebg.png 776w\" alt=\"\" width=\"300\" height=\"127\" data-srcset=\"https:\/\/design4u.no\/app\/uploads\/2023\/03\/kabel-removebg-300x127.png 300w, https:\/\/design4u.no\/app\/uploads\/2023\/03\/kabel-removebg-768x326.png 768w, https:\/\/design4u.no\/app\/uploads\/2023\/03\/kabel-removebg-610x259.png 610w, https:\/\/design4u.no\/app\/uploads\/2023\/03\/kabel-removebg-64x27.png 64w, https:\/\/design4u.no\/app\/uploads\/2023\/03\/kabel-removebg.png 776w\" data-src=\"https:\/\/design4u.no\/app\/uploads\/2023\/03\/kabel-removebg-300x127.png\" data-sizes=\"(max-width: 300px) 100vw, 300px\" \/><\/p>\n        <\/div>\n              <\/div>\n    <\/div>\n  <\/div>\n<\/section>\n","protected":false},"excerpt":{"rendered":"<p><strong>Dank seines Designs und praktischen L\u00f6sungen ist das abgerundete Modell Vega eine ausgezeichnete Wahl f\u00fcr jede Einrichtung. Die Serie Vega zeichnet sich durch eine moderne Formensprache mit abgerundeten Lamellen und einfachen, klaren Linien aus.<\/strong><\/p>\n<p>Hergestellt aus FSC-zertifiziertem Holz\u00a0\u00a0<a href=\"https:\/\/pl.fsc.org\/pl-pl\/sprawdz-i-znajdz-certyfikat\"><img loading=\"lazy\" decoding=\"async\" class=\"alignnone wp-image-11268 lazyloaded\" src=\"https:\/\/konkret.store\/app\/uploads\/2023\/02\/Forest_Stewardship_Council_logo-251x300.png\" alt=\"\" width=\"32\" height=\"38\" data-src=\"https:\/\/konkret.store\/app\/uploads\/2023\/02\/Forest_Stewardship_Council_logo-251x300.png\" srcset=\"https:\/\/konkret.store\/app\/uploads\/2023\/02\/Forest_Stewardship_Council_logo-251x300.png 251w, https:\/\/konkret.store\/app\/uploads\/2023\/02\/Forest_Stewardship_Council_logo-855x1024.png 855w, https:\/\/konkret.store\/app\/uploads\/2023\/02\/Forest_Stewardship_Council_logo-768x920.png 768w, https:\/\/konkret.store\/app\/uploads\/2023\/02\/Forest_Stewardship_Council_logo-610x730.png 610w, https:\/\/konkret.store\/app\/uploads\/2023\/02\/Forest_Stewardship_Council_logo-64x77.png 64w, https:\/\/konkret.store\/app\/uploads\/2023\/02\/Forest_Stewardship_Council_logo.png 1200w\" sizes=\"auto, (max-width: 32px) 100vw, 32px\" \/><\/a><\/p>\n<hr \/>\n<p>Sind Sie sich nicht sicher, welche Farbe Sie w\u00e4hlen sollen? Bestellen Sie <strong><a href=\"https:\/\/konkret.store\/de\/produkt\/eichenholzproben-9-farben\/\">sie hier<\/a><\/strong>, um Farbproben zu erhalten.<\/p>\n","protected":false},"featured_media":24283,"comment_status":"closed","ping_status":"closed","template":"","meta":{"_acf_changed":true},"product_brand":[],"product_cat":[271],"product_tag":[],"class_list":{"0":"post-24272","1":"product","2":"type-product","3":"status-publish","4":"has-post-thumbnail","6":"product_cat-unsere-konkrete","8":"first","9":"onbackorder","10":"taxable","11":"shipping-taxable","12":"purchasable","13":"product-type-simple"},"exclude_global_add_ons":false,"addons":[{"name":"Version","type":"multiple_choice","position":0,"required":true,"title_format":"label","default":"","description_enable":true,"description":"Ein solider und eleganter Sockel f\u00fcr diejenigen, die kein h\u00e4ngendes Regal an der Wand m\u00f6chten.","placeholder_enable":false,"placeholder":"","display":"select","restrictions_type":"any_text","adjust_price":false,"price":"","price_type":"flat_fee","restrictions":false,"min":"0","max":"0","options":[{"label":"H\u00e4ngend","price":"","price_type":"quantity_based","image":0,"visibility":true},{"label":"Mit Sockel + 7 cm","price":"600","price_type":"quantity_based","image":0,"visibility":true}],"id":1744123003},{"name":"Breite","type":"multiple_choice","position":1,"required":true,"title_format":"label","default":"","description_enable":false,"description":"","placeholder_enable":false,"placeholder":"","display":"select","restrictions_type":"any_text","adjust_price":false,"price":"","price_type":"flat_fee","restrictions":false,"min":"0","max":"0","options":[{"label":"160cm | 3 fronten","price":"","price_type":"quantity_based","image":0,"visibility":true},{"label":"180cm | 3 fronten","price":"600","price_type":"quantity_based","image":0,"visibility":true},{"label":"200cm | 3 fronten","price":"1200","price_type":"quantity_based","image":0,"visibility":true},{"label":"220cm | 4 fronten","price":"1800","price_type":"quantity_based","image":0,"visibility":true},{"label":"240cm | 4 fronten","price":"2200","price_type":"quantity_based","image":0,"visibility":true},{"label":"260cm | 4 fronten","price":"3000","price_type":"quantity_based","image":0,"visibility":true},{"label":"280cm |\u00a04 fronten","price":"3800","price_type":"quantity_based","image":0,"visibility":true}],"id":1744123004},{"name":"Tiefe","type":"multiple_choice","position":2,"required":true,"title_format":"label","default":"","description_enable":false,"description":"","placeholder_enable":false,"placeholder":"","display":"select","restrictions_type":"any_text","adjust_price":false,"price":"","price_type":"flat_fee","restrictions":false,"min":"0","max":"0","options":[{"label":"35cm","price":"","price_type":"quantity_based","image":0,"visibility":true},{"label":"42cm","price":"400","price_type":"quantity_based","image":0,"visibility":true}],"id":1744123005},{"name":"H\u00f6he","type":"multiple_choice","position":3,"required":true,"title_format":"label","default":"","description_enable":false,"description":"","placeholder_enable":false,"placeholder":"","display":"select","restrictions_type":"any_text","adjust_price":false,"price":"","price_type":"flat_fee","restrictions":false,"min":"0","max":"0","options":[{"label":"30cm","price":"","price_type":"quantity_based","image":0,"visibility":true},{"label":"40cm","price":"500","price_type":"quantity_based","image":0,"visibility":true}],"id":1744123006},{"name":"Holzfarbton","type":"multiple_choice","position":4,"required":true,"title_format":"label","default":"","description_enable":true,"description":"Jede Farbe auf dem M\u00f6belst\u00fcck ist mit Lack \u00fcberzogen, was bedeutet, dass es keine Wartung erfordert. Der Lack bietet einen soliden Schutz und minimiert den Bedarf an regelm\u00e4\u00dfiger Pflege, sodass der Schrank sein sch\u00f6nes Aussehen ohne zus\u00e4tzlichen Aufwand bewahren kann.\r\nHergestellt aus massivem Eichenholz oder Walnuss.","placeholder_enable":false,"placeholder":"","display":"patterns","restrictions_type":"any_text","adjust_price":false,"price":"","price_type":"flat_fee","restrictions":false,"min":"0","max":"0","options":[{"label":"24030","price":"","price_type":"quantity_based","image":0,"visibility":true},{"label":"24026","price":"50","price_type":"percentage_based","image":0,"visibility":true}],"id":1744123007},{"name":"Drahtloses Ladeger\u00e4t f\u00fcr Mobiltelefone","type":"multiple_choice","position":5,"required":true,"title_format":"label","default":"","description_enable":true,"description":"Mit dem drahtlosen Ladeger\u00e4t m\u00fcssen Sie das kompatible Telefon einfach auf das Ladeger\u00e4t legen, und es beginnt sofort zu laden.","placeholder_enable":false,"placeholder":"","display":"select","restrictions_type":"any_text","adjust_price":false,"price":"","price_type":"flat_fee","restrictions":false,"min":"0","max":"0","options":[{"label":"Nein","price":"","price_type":"quantity_based","image":0,"visibility":true},{"label":"Ja","price":"300","price_type":"quantity_based","image":0,"visibility":true}],"id":1744123008},{"name":"LED-Beleuchtung mit Dimmfunktion","type":"multiple_choice","position":6,"required":true,"title_format":"label","default":"","description_enable":true,"description":"Das integrierte LED-Profil wurde an der Unterseite der Tischplatte montiert, um ein eindrucksvolles indirektes Licht zu erzeugen.  \r\nDer versteckte Schalter befindet sich auf der oberen Platte.  \r\nFarbe: Warmwei\u00df (3000K).","placeholder_enable":false,"placeholder":"","display":"select","restrictions_type":"any_text","adjust_price":false,"price":"","price_type":"flat_fee","restrictions":false,"min":"0","max":"0","options":[{"label":"Nein","price":"","price_type":"quantity_based","image":0,"visibility":true},{"label":"Ja","price":"380","price_type":"quantity_based","image":0,"visibility":true}],"id":1744123009},{"name":"Kudde variant","type":"multiple_choice","position":0,"required":true,"title_format":"label","default":"","description_enable":false,"description":"","placeholder_enable":false,"placeholder":"","display":"select","restrictions_type":"any_text","adjust_price":false,"price":"","price_type":"flat_fee","restrictions":false,"min":"0","max":"0","options":[{"label":"Kuba","price":"","price_type":"quantity_based","image":0,"visibility":true},{"label":"Haiti","price":"","price_type":"quantity_based","image":0,"visibility":true},{"label":"Barbados","price":"","price_type":"quantity_based","image":0,"visibility":true},{"label":"Aruba","price":"","price_type":"quantity_based","image":0,"visibility":true}]}],"acf":[],"yoast_head":"<!-- This site is optimized with the Yoast SEO plugin v26.8 - https:\/\/yoast.com\/product\/yoast-seo-wordpress\/ -->\n<title>Abgerundeter TV-Schrank VEGA \u2013 Massivholz Eiche - konkret.store<\/title>\n<meta name=\"description\" content=\"Dank seines Designs und praktischen L\u00f6sungen ist das abgerundete Modell Vega eine ausgezeichnete Wahl f\u00fcr jede Einrichtung. Die Serie Vega zeichnet sich durch eine moderne Formensprache mit abgerundeten Lamellen und einfachen, klaren Linien aus.\" \/>\n<meta name=\"robots\" content=\"index, follow, max-snippet:-1, max-image-preview:large, max-video-preview:-1\" \/>\n<link rel=\"canonical\" href=\"https:\/\/konkret.store\/de\/produkt\/tv-schrank-vega\/\" \/>\n<meta property=\"og:locale\" content=\"de_DE\" \/>\n<meta property=\"og:type\" content=\"article\" \/>\n<meta property=\"og:title\" content=\"Abgerundeter TV-Schrank VEGA \u2013 Massivholz Eiche - konkret.store\" \/>\n<meta property=\"og:description\" content=\"Dank seines Designs und praktischen L\u00f6sungen ist das abgerundete Modell Vega eine ausgezeichnete Wahl f\u00fcr jede Einrichtung. Die Serie Vega zeichnet sich durch eine moderne Formensprache mit abgerundeten Lamellen und einfachen, klaren Linien aus.\" \/>\n<meta property=\"og:url\" content=\"https:\/\/konkret.store\/de\/produkt\/tv-schrank-vega\/\" \/>\n<meta property=\"og:site_name\" content=\"konkret.store\" \/>\n<meta property=\"article:publisher\" content=\"https:\/\/facebook.com\/konkret.store\/\" \/>\n<meta property=\"article:modified_time\" content=\"2026-02-02T15:40:49+00:00\" \/>\n<meta property=\"og:image\" content=\"https:\/\/konkret.store\/app\/uploads\/2024\/05\/jdjdjd.jpg\" \/>\n\t<meta property=\"og:image:width\" content=\"1280\" \/>\n\t<meta property=\"og:image:height\" content=\"1280\" \/>\n\t<meta property=\"og:image:type\" content=\"image\/jpeg\" \/>\n<meta name=\"twitter:card\" content=\"summary_large_image\" \/>\n<meta name=\"twitter:label1\" content=\"Est. reading time\" \/>\n\t<meta name=\"twitter:data1\" content=\"1 minute\" \/>\n<script type=\"application\/ld+json\" class=\"yoast-schema-graph\">{\"@context\":\"https:\/\/schema.org\",\"@graph\":[{\"@type\":\"WebPage\",\"@id\":\"https:\/\/konkret.store\/de\/produkt\/tv-schrank-vega\/\",\"url\":\"https:\/\/konkret.store\/de\/produkt\/tv-schrank-vega\/\",\"name\":\"Abgerundeter TV-Schrank VEGA \u2013 Massivholz Eiche - konkret.store\",\"isPartOf\":{\"@id\":\"https:\/\/konkret.store\/de\/#website\"},\"primaryImageOfPage\":{\"@id\":\"https:\/\/konkret.store\/de\/produkt\/tv-schrank-vega\/#primaryimage\"},\"image\":{\"@id\":\"https:\/\/konkret.store\/de\/produkt\/tv-schrank-vega\/#primaryimage\"},\"thumbnailUrl\":\"https:\/\/konkret.store\/app\/uploads\/2024\/05\/jdjdjd.jpg\",\"datePublished\":\"2024-05-09T07:59:52+00:00\",\"dateModified\":\"2026-02-02T15:40:49+00:00\",\"description\":\"Dank seines Designs und praktischen L\u00f6sungen ist das abgerundete Modell Vega eine ausgezeichnete Wahl f\u00fcr jede Einrichtung. Die Serie Vega zeichnet sich durch eine moderne Formensprache mit abgerundeten Lamellen und einfachen, klaren Linien aus.\",\"breadcrumb\":{\"@id\":\"https:\/\/konkret.store\/de\/produkt\/tv-schrank-vega\/#breadcrumb\"},\"inLanguage\":\"de-DE\",\"potentialAction\":[{\"@type\":\"ReadAction\",\"target\":[\"https:\/\/konkret.store\/de\/produkt\/tv-schrank-vega\/\"]}]},{\"@type\":\"ImageObject\",\"inLanguage\":\"de-DE\",\"@id\":\"https:\/\/konkret.store\/de\/produkt\/tv-schrank-vega\/#primaryimage\",\"url\":\"https:\/\/konkret.store\/app\/uploads\/2024\/05\/jdjdjd.jpg\",\"contentUrl\":\"https:\/\/konkret.store\/app\/uploads\/2024\/05\/jdjdjd.jpg\",\"width\":1280,\"height\":1280},{\"@type\":\"BreadcrumbList\",\"@id\":\"https:\/\/konkret.store\/de\/produkt\/tv-schrank-vega\/#breadcrumb\",\"itemListElement\":[{\"@type\":\"ListItem\",\"position\":1,\"name\":\"Strona g\u0142\u00f3wna\",\"item\":\"https:\/\/konkret.store\/de\/\"},{\"@type\":\"ListItem\",\"position\":2,\"name\":\"Gesch\u00e4ft\",\"item\":\"https:\/\/konkret.store\/de\/geschaeft\/\"},{\"@type\":\"ListItem\",\"position\":3,\"name\":\"Abgerundeter TV-Schrank VEGA \u2013 Massivholz Eiche\"}]},{\"@type\":\"WebSite\",\"@id\":\"https:\/\/konkret.store\/de\/#website\",\"url\":\"https:\/\/konkret.store\/de\/\",\"name\":\"konkret.store\",\"description\":\"Tylko konkrety\",\"potentialAction\":[{\"@type\":\"SearchAction\",\"target\":{\"@type\":\"EntryPoint\",\"urlTemplate\":\"https:\/\/konkret.store\/de\/?s={search_term_string}\"},\"query-input\":{\"@type\":\"PropertyValueSpecification\",\"valueRequired\":true,\"valueName\":\"search_term_string\"}}],\"inLanguage\":\"de-DE\"}]}<\/script>\n<!-- \/ Yoast SEO plugin. -->","yoast_head_json":{"title":"Abgerundeter TV-Schrank VEGA \u2013 Massivholz Eiche - konkret.store","description":"Dank seines Designs und praktischen L\u00f6sungen ist das abgerundete Modell Vega eine ausgezeichnete Wahl f\u00fcr jede Einrichtung. Die Serie Vega zeichnet sich durch eine moderne Formensprache mit abgerundeten Lamellen und einfachen, klaren Linien aus.","robots":{"index":"index","follow":"follow","max-snippet":"max-snippet:-1","max-image-preview":"max-image-preview:large","max-video-preview":"max-video-preview:-1"},"canonical":"https:\/\/konkret.store\/de\/produkt\/tv-schrank-vega\/","og_locale":"de_DE","og_type":"article","og_title":"Abgerundeter TV-Schrank VEGA \u2013 Massivholz Eiche - konkret.store","og_description":"Dank seines Designs und praktischen L\u00f6sungen ist das abgerundete Modell Vega eine ausgezeichnete Wahl f\u00fcr jede Einrichtung. Die Serie Vega zeichnet sich durch eine moderne Formensprache mit abgerundeten Lamellen und einfachen, klaren Linien aus.","og_url":"https:\/\/konkret.store\/de\/produkt\/tv-schrank-vega\/","og_site_name":"konkret.store","article_publisher":"https:\/\/facebook.com\/konkret.store\/","article_modified_time":"2026-02-02T15:40:49+00:00","og_image":[{"width":1280,"height":1280,"url":"https:\/\/konkret.store\/app\/uploads\/2024\/05\/jdjdjd.jpg","type":"image\/jpeg"}],"twitter_card":"summary_large_image","twitter_misc":{"Est. reading time":"1 minute"},"schema":{"@context":"https:\/\/schema.org","@graph":[{"@type":"WebPage","@id":"https:\/\/konkret.store\/de\/produkt\/tv-schrank-vega\/","url":"https:\/\/konkret.store\/de\/produkt\/tv-schrank-vega\/","name":"Abgerundeter TV-Schrank VEGA \u2013 Massivholz Eiche - konkret.store","isPartOf":{"@id":"https:\/\/konkret.store\/de\/#website"},"primaryImageOfPage":{"@id":"https:\/\/konkret.store\/de\/produkt\/tv-schrank-vega\/#primaryimage"},"image":{"@id":"https:\/\/konkret.store\/de\/produkt\/tv-schrank-vega\/#primaryimage"},"thumbnailUrl":"https:\/\/konkret.store\/app\/uploads\/2024\/05\/jdjdjd.jpg","datePublished":"2024-05-09T07:59:52+00:00","dateModified":"2026-02-02T15:40:49+00:00","description":"Dank seines Designs und praktischen L\u00f6sungen ist das abgerundete Modell Vega eine ausgezeichnete Wahl f\u00fcr jede Einrichtung. Die Serie Vega zeichnet sich durch eine moderne Formensprache mit abgerundeten Lamellen und einfachen, klaren Linien aus.","breadcrumb":{"@id":"https:\/\/konkret.store\/de\/produkt\/tv-schrank-vega\/#breadcrumb"},"inLanguage":"de-DE","potentialAction":[{"@type":"ReadAction","target":["https:\/\/konkret.store\/de\/produkt\/tv-schrank-vega\/"]}]},{"@type":"ImageObject","inLanguage":"de-DE","@id":"https:\/\/konkret.store\/de\/produkt\/tv-schrank-vega\/#primaryimage","url":"https:\/\/konkret.store\/app\/uploads\/2024\/05\/jdjdjd.jpg","contentUrl":"https:\/\/konkret.store\/app\/uploads\/2024\/05\/jdjdjd.jpg","width":1280,"height":1280},{"@type":"BreadcrumbList","@id":"https:\/\/konkret.store\/de\/produkt\/tv-schrank-vega\/#breadcrumb","itemListElement":[{"@type":"ListItem","position":1,"name":"Strona g\u0142\u00f3wna","item":"https:\/\/konkret.store\/de\/"},{"@type":"ListItem","position":2,"name":"Gesch\u00e4ft","item":"https:\/\/konkret.store\/de\/geschaeft\/"},{"@type":"ListItem","position":3,"name":"Abgerundeter TV-Schrank VEGA \u2013 Massivholz Eiche"}]},{"@type":"WebSite","@id":"https:\/\/konkret.store\/de\/#website","url":"https:\/\/konkret.store\/de\/","name":"konkret.store","description":"Tylko konkrety","potentialAction":[{"@type":"SearchAction","target":{"@type":"EntryPoint","urlTemplate":"https:\/\/konkret.store\/de\/?s={search_term_string}"},"query-input":{"@type":"PropertyValueSpecification","valueRequired":true,"valueName":"search_term_string"}}],"inLanguage":"de-DE"}]}},"_links":{"self":[{"href":"https:\/\/konkret.store\/de\/wp-json\/wp\/v2\/product\/24272","targetHints":{"allow":["GET"]}}],"collection":[{"href":"https:\/\/konkret.store\/de\/wp-json\/wp\/v2\/product"}],"about":[{"href":"https:\/\/konkret.store\/de\/wp-json\/wp\/v2\/types\/product"}],"replies":[{"embeddable":true,"href":"https:\/\/konkret.store\/de\/wp-json\/wp\/v2\/comments?post=24272"}],"wp:featuredmedia":[{"embeddable":true,"href":"https:\/\/konkret.store\/de\/wp-json\/wp\/v2\/media\/24283"}],"wp:attachment":[{"href":"https:\/\/konkret.store\/de\/wp-json\/wp\/v2\/media?parent=24272"}],"wp:term":[{"taxonomy":"product_brand","embeddable":true,"href":"https:\/\/konkret.store\/de\/wp-json\/wp\/v2\/product_brand?post=24272"},{"taxonomy":"product_cat","embeddable":true,"href":"https:\/\/konkret.store\/de\/wp-json\/wp\/v2\/product_cat?post=24272"},{"taxonomy":"product_tag","embeddable":true,"href":"https:\/\/konkret.store\/de\/wp-json\/wp\/v2\/product_tag?post=24272"}],"curies":[{"name":"wp","href":"https:\/\/api.w.org\/{rel}","templated":true}]}}