{"id":24288,"date":"2024-05-07T09:06:05","date_gmt":"2024-05-07T08:06:05","guid":{"rendered":"https:\/\/konkret.store\/product\/szafka-rtv-zeta-lity-dab\/"},"modified":"2026-02-03T22:28:42","modified_gmt":"2026-02-03T21:28:42","slug":"tv-schrank-zeta","status":"publish","type":"product","link":"https:\/\/konkret.store\/de\/produkt\/tv-schrank-zeta\/","title":{"rendered":"TV-Schrank ZETA \u2013 Massivholz Eiche"},"content":{"rendered":"<section class=\"image-text\">\n  <div class=\"container\">\n    <div class=\"row align-items-center\">\n      <div class=\"col-lg-6  image-text--left\">\n        <div class=\"image-text__image\">\n                                    <div class=\"videoContainer\">\n                <video src=\"https:\/\/konkret.store\/app\/uploads\/2024\/05\/ZETA-poziom-1.mov\" controls webkit-playsinline playsinline loop muted autoplay><\/video>\n              <\/div>\n                              <\/div>\n      <\/div>\n      <div class=\"col-lg-5  offset-lg-1 \">\n                <h2><\/h2>\n        <div class=\"image-text__text\">\n          <p><strong>Mediabank ZETA mit einem skandinavischen Design aus nat\u00fcrlichen Materialien und einem luxuri\u00f6sen Gef\u00fchl.<\/strong><\/p>\n<p><strong>Materialien von allerh\u00f6chster Qualit\u00e4t, die der Nutzung wirklich standhalten \u2013 und daher sch\u00f6n und nat\u00fcrlich altern.<\/strong><\/p>\n<pre>Im Video: Zeta in wandh\u00e4ngender Ausf\u00fchrung\r\n\r\nL\u00e4nge: 260 cm\r\n\r\nTiefe: 35 cm\r\n\r\nH\u00f6he: 30 cm\r\n\r\nFarbe: Wei\u00df ge\u00f6lt<\/pre>\n        <\/div>\n              <\/div>\n    <\/div>\n  <\/div>\n<\/section>\n\n\n<section class=\"image-text\">\n  <div class=\"container\">\n    <div class=\"row align-items-center\">\n      <div class=\"col-lg-6  offset-lg-1  image-text--right\">\n        <div class=\"image-text__image\">\n          <img loading=\"lazy\" decoding=\"async\" width=\"1453\" height=\"772\" src=\"https:\/\/konkret.store\/app\/uploads\/2024\/05\/Kiaro_Easy_02.jpg\" class=\"attachment-full size-full\" alt=\"\" srcset=\"https:\/\/konkret.store\/app\/uploads\/2024\/05\/Kiaro_Easy_02.jpg 1453w, https:\/\/konkret.store\/app\/uploads\/2024\/05\/Kiaro_Easy_02-300x159.jpg 300w, https:\/\/konkret.store\/app\/uploads\/2024\/05\/Kiaro_Easy_02-1024x544.jpg 1024w, https:\/\/konkret.store\/app\/uploads\/2024\/05\/Kiaro_Easy_02-768x408.jpg 768w, https:\/\/konkret.store\/app\/uploads\/2024\/05\/Kiaro_Easy_02-610x324.jpg 610w, https:\/\/konkret.store\/app\/uploads\/2024\/05\/Kiaro_Easy_02-64x34.jpg 64w\" sizes=\"auto, (max-width: 1453px) 100vw, 1453px\" \/>        <\/div>\n      <\/div>\n      <div class=\"col-lg-5 \">\n                <h2>Wir k\u00fcmmern uns um die Details!<\/h2>\n        <div class=\"image-text__text\">\n          <p>TV-Schrank ZETA mit nordischem Design, gefertigt aus nat\u00fcrlichen Materialien und strahlt ein luxuri\u00f6ses Gef\u00fchl aus.<\/p>\n<p>\u25b8 \u00d6ffnungssystem und Scharniere \u2013 h\u00f6chste Pr\u00e4zision und Qualit\u00e4t von Italiana Ferramenta\u2122<br \/>\n\u25b8 Hochwertiges Design und Verarbeitung<br \/>\n\u25b8 Exklusivit\u00e4t<br \/>\n\u25b8 Handgefertigte Details<\/p>\n<p>&nbsp;<\/p>\n        <\/div>\n              <\/div>\n    <\/div>\n  <\/div>\n<\/section>\n\n\n<section class=\"image-text\">\n  <div class=\"container\">\n    <div class=\"row align-items-center\">\n      <div class=\"col-lg-6  image-text--left\">\n        <div class=\"image-text__image\">\n          <img loading=\"lazy\" decoding=\"async\" width=\"4961\" height=\"3508\" src=\"https:\/\/konkret.store\/app\/uploads\/2024\/05\/Tv-benk_RTV_Zeta_160x30x25-2-ai-brush-removebg-gnxbzy0s.png\" class=\"attachment-full size-full\" alt=\"\" srcset=\"https:\/\/konkret.store\/app\/uploads\/2024\/05\/Tv-benk_RTV_Zeta_160x30x25-2-ai-brush-removebg-gnxbzy0s.png 4961w, https:\/\/konkret.store\/app\/uploads\/2024\/05\/Tv-benk_RTV_Zeta_160x30x25-2-ai-brush-removebg-gnxbzy0s-300x212.png 300w, https:\/\/konkret.store\/app\/uploads\/2024\/05\/Tv-benk_RTV_Zeta_160x30x25-2-ai-brush-removebg-gnxbzy0s-1024x724.png 1024w, https:\/\/konkret.store\/app\/uploads\/2024\/05\/Tv-benk_RTV_Zeta_160x30x25-2-ai-brush-removebg-gnxbzy0s-768x543.png 768w, https:\/\/konkret.store\/app\/uploads\/2024\/05\/Tv-benk_RTV_Zeta_160x30x25-2-ai-brush-removebg-gnxbzy0s-1536x1086.png 1536w, https:\/\/konkret.store\/app\/uploads\/2024\/05\/Tv-benk_RTV_Zeta_160x30x25-2-ai-brush-removebg-gnxbzy0s-2048x1448.png 2048w, https:\/\/konkret.store\/app\/uploads\/2024\/05\/Tv-benk_RTV_Zeta_160x30x25-2-ai-brush-removebg-gnxbzy0s-610x431.png 610w, https:\/\/konkret.store\/app\/uploads\/2024\/05\/Tv-benk_RTV_Zeta_160x30x25-2-ai-brush-removebg-gnxbzy0s-64x45.png 64w\" sizes=\"auto, (max-width: 4961px) 100vw, 4961px\" \/>        <\/div>\n      <\/div>\n      <div class=\"col-lg-5  offset-lg-1 \">\n                <h2><\/h2>\n        <div class=\"image-text__text\">\n          <p>\u25b8 \u00a0Perforierte \u00d6ffnungen erm\u00f6glichen die Nutzung der Fernbedienung, auch wenn die T\u00fcren geschlossen sind.<\/p>\n<p>\u25b8 \u00a0Das Sideboard wird ohne R\u00fcckwand geliefert.<\/p>\n<p>\u25b8 \u00a0Trennw\u00e4nde verf\u00fcgen \u00fcber Aussparungen zur Kabelf\u00fchrung innerhalb des Schranks.<\/p>\n<p>\u25b8 \u00a0Die obere und untere Platte ist mit einer Kabeldurchf\u00fchrung \u2013 3\u00d71 cm \u2013 ausgestattet.<\/p>\n<p><img loading=\"lazy\" decoding=\"async\" class=\"alignnone wp-image-20698 lazyloaded\" src=\"https:\/\/design4u.no\/app\/uploads\/2023\/03\/kabel-removebg-300x127.png\" sizes=\"auto, (max-width: 300px) 100vw, 300px\" srcset=\"https:\/\/design4u.no\/app\/uploads\/2023\/03\/kabel-removebg-300x127.png 300w, https:\/\/design4u.no\/app\/uploads\/2023\/03\/kabel-removebg-768x326.png 768w, https:\/\/design4u.no\/app\/uploads\/2023\/03\/kabel-removebg-610x259.png 610w, https:\/\/design4u.no\/app\/uploads\/2023\/03\/kabel-removebg-64x27.png 64w, https:\/\/design4u.no\/app\/uploads\/2023\/03\/kabel-removebg.png 776w\" alt=\"\" width=\"300\" height=\"127\" data-srcset=\"https:\/\/design4u.no\/app\/uploads\/2023\/03\/kabel-removebg-300x127.png 300w, https:\/\/design4u.no\/app\/uploads\/2023\/03\/kabel-removebg-768x326.png 768w, https:\/\/design4u.no\/app\/uploads\/2023\/03\/kabel-removebg-610x259.png 610w, https:\/\/design4u.no\/app\/uploads\/2023\/03\/kabel-removebg-64x27.png 64w, https:\/\/design4u.no\/app\/uploads\/2023\/03\/kabel-removebg.png 776w\" data-src=\"https:\/\/design4u.no\/app\/uploads\/2023\/03\/kabel-removebg-300x127.png\" data-sizes=\"(max-width: 300px) 100vw, 300px\" \/><\/p>\n        <\/div>\n              <\/div>\n    <\/div>\n  <\/div>\n<\/section>\n","protected":false},"excerpt":{"rendered":"<p><strong>Zeta ist ein zeitloses und stilvolles TV-M\u00f6bel aus massivem Eichenholz, entworfen vom Team von konkret.store. Die T\u00fcren haben dekorative \u00d6ffnungen, die ihnen eine elegante Optik verleihen.<\/strong><\/p>\n<p>Hergestellt aus FSC-zertifiziertem Holz\u00a0\u00a0<a href=\"https:\/\/pl.fsc.org\/pl-pl\/sprawdz-i-znajdz-certyfikat\"><img loading=\"lazy\" decoding=\"async\" class=\"alignnone wp-image-11268 lazyloaded\" src=\"https:\/\/konkret.store\/app\/uploads\/2023\/02\/Forest_Stewardship_Council_logo-251x300.png\" alt=\"\" width=\"32\" height=\"38\" data-src=\"https:\/\/konkret.store\/app\/uploads\/2023\/02\/Forest_Stewardship_Council_logo-251x300.png\" srcset=\"https:\/\/konkret.store\/app\/uploads\/2023\/02\/Forest_Stewardship_Council_logo-251x300.png 251w, https:\/\/konkret.store\/app\/uploads\/2023\/02\/Forest_Stewardship_Council_logo-855x1024.png 855w, https:\/\/konkret.store\/app\/uploads\/2023\/02\/Forest_Stewardship_Council_logo-768x920.png 768w, https:\/\/konkret.store\/app\/uploads\/2023\/02\/Forest_Stewardship_Council_logo-610x730.png 610w, https:\/\/konkret.store\/app\/uploads\/2023\/02\/Forest_Stewardship_Council_logo-64x77.png 64w, https:\/\/konkret.store\/app\/uploads\/2023\/02\/Forest_Stewardship_Council_logo.png 1200w\" sizes=\"auto, (max-width: 32px) 100vw, 32px\" \/><\/a><\/p>\n<p>Die Beine k\u00f6nnen separat gekauft werden f\u00fcr diejenigen, die keine M\u00f6glichkeit haben, die M\u00f6bel an der Wand zu befestigen &#8211;<strong><a href=\"https:\/\/konkret.store\/de\/produkt-kategorie\/zubehoer\/\"> klicken Sie hier.<\/a><\/strong><\/p>\n<hr \/>\n<p>Sind Sie sich nicht sicher, welche Farbe Sie w\u00e4hlen sollen? Bestellen Sie <strong><a href=\"https:\/\/konkret.store\/de\/produkt\/eichenholzproben-9-farben\/\">sie hier<\/a><\/strong>, um Farbproben zu erhalten.<\/p>\n","protected":false},"featured_media":24292,"comment_status":"closed","ping_status":"closed","template":"","meta":{"_acf_changed":true},"product_brand":[],"product_cat":[271],"product_tag":[],"class_list":{"0":"post-24288","1":"product","2":"type-product","3":"status-publish","4":"has-post-thumbnail","6":"product_cat-unsere-konkrete","8":"first","9":"onbackorder","10":"taxable","11":"shipping-taxable","12":"purchasable","13":"product-type-simple"},"exclude_global_add_ons":false,"addons":[{"name":"Breite","type":"multiple_choice","position":0,"required":true,"title_format":"label","default":"","description_enable":false,"description":"","placeholder_enable":false,"placeholder":"","display":"select","restrictions_type":"any_text","adjust_price":false,"price":"","price_type":"flat_fee","restrictions":false,"min":"0","max":"0","options":[{"label":"160cm","price":"","price_type":"quantity_based","image":0,"visibility":true},{"label":"180cm","price":"200","price_type":"quantity_based","image":0,"visibility":true},{"label":"200cm","price":"400","price_type":"quantity_based","image":0,"visibility":true},{"label":"220cm","price":"700","price_type":"quantity_based","image":0,"visibility":true},{"label":"240cm","price":"1000","price_type":"quantity_based","image":0,"visibility":true},{"label":"260cm","price":"1300","price_type":"quantity_based","image":0,"visibility":true},{"label":"280cm","price":"2000","price_type":"quantity_based","image":0,"visibility":true}],"id":1744123245},{"name":"Tiefe","type":"multiple_choice","position":1,"required":true,"title_format":"label","default":"","description_enable":false,"description":"","placeholder_enable":false,"placeholder":"","display":"select","restrictions_type":"any_text","adjust_price":false,"price":"","price_type":"flat_fee","restrictions":false,"min":"0","max":"0","options":[{"label":"30cm","price":"","price_type":"quantity_based","image":0,"visibility":true},{"label":"35cm","price":"400","price_type":"quantity_based","image":0,"visibility":true},{"label":"42cm","price":"700","price_type":"quantity_based","image":0,"visibility":true}],"id":1744123246},{"name":"H\u00f6he","type":"multiple_choice","position":2,"required":true,"title_format":"label","default":"","description_enable":false,"description":"","placeholder_enable":false,"placeholder":"","display":"select","restrictions_type":"any_text","adjust_price":false,"price":"","price_type":"flat_fee","restrictions":false,"min":"0","max":"0","options":[{"label":"20cm","price":"","price_type":"quantity_based","image":0,"visibility":true},{"label":"30cm","price":"400","price_type":"quantity_based","image":0,"visibility":true}],"id":1744123247},{"name":"Holzfarbe","type":"multiple_choice","position":3,"required":true,"title_format":"label","default":"","description_enable":true,"description":"Jede Farbe auf dem M\u00f6belst\u00fcck ist mit Lack \u00fcberzogen, was bedeutet, dass es keine Wartung erfordert. Der Lack bietet einen soliden Schutz und minimiert den Bedarf an regelm\u00e4\u00dfiger Pflege, sodass das M\u00f6belst\u00fcck sein sch\u00f6nes Aussehen ohne zus\u00e4tzlichen Aufwand bewahren kann.  \r\nHergestellt aus massivem Eichenholz oder Walnuss.","placeholder_enable":false,"placeholder":"","display":"patterns","restrictions_type":"any_text","adjust_price":false,"price":"","price_type":"flat_fee","restrictions":false,"min":"0","max":"0","options":[{"label":"24030","price":"","price_type":"quantity_based","image":0,"visibility":true},{"label":"24026","price":"45","price_type":"percentage_based","image":0,"visibility":true}],"id":1744123248},{"name":"Drahtloses Ladeger\u00e4t f\u00fcr Mobiltelefone","type":"multiple_choice","position":4,"required":true,"title_format":"label","default":"","description_enable":true,"description":"Mit dem drahtlosen Ladeger\u00e4t reicht es aus, das kompatible Telefon auf das Ladeger\u00e4t zu legen, und es beginnt sofort zu laden.","placeholder_enable":false,"placeholder":"","display":"select","restrictions_type":"any_text","adjust_price":false,"price":"","price_type":"flat_fee","restrictions":false,"min":"0","max":"0","options":[{"label":"Nein","price":"","price_type":"quantity_based","image":0,"visibility":true},{"label":"Ja","price":"300","price_type":"quantity_based","image":0,"visibility":true}],"id":1744123249},{"name":"LED-Beleuchtung mit Dimmfunktion","type":"multiple_choice","position":5,"required":true,"title_format":"label","default":"","description_enable":true,"description":"Das integrierte LED-Profil wurde an der Unterseite der Tischplatte montiert, um ein effektvolles indirektes Licht zu erzeugen. Der versteckte Schalter befindet sich auf der oberen Platte. \r\nFarbe: Warmwei\u00df (3000K).","placeholder_enable":false,"placeholder":"","display":"select","restrictions_type":"any_text","adjust_price":false,"price":"","price_type":"flat_fee","restrictions":false,"min":"0","max":"0","options":[{"label":"Nein","price":"","price_type":"quantity_based","image":0,"visibility":true},{"label":"Ja","price":"380","price_type":"quantity_based","image":0,"visibility":true}],"id":1744123250},{"name":"Kudde variant","type":"multiple_choice","position":0,"required":true,"title_format":"label","default":"","description_enable":false,"description":"","placeholder_enable":false,"placeholder":"","display":"select","restrictions_type":"any_text","adjust_price":false,"price":"","price_type":"flat_fee","restrictions":false,"min":"0","max":"0","options":[{"label":"Kuba","price":"","price_type":"quantity_based","image":0,"visibility":true},{"label":"Haiti","price":"","price_type":"quantity_based","image":0,"visibility":true},{"label":"Barbados","price":"","price_type":"quantity_based","image":0,"visibility":true},{"label":"Aruba","price":"","price_type":"quantity_based","image":0,"visibility":true}]}],"acf":[],"yoast_head":"<!-- This site is optimized with the Yoast SEO plugin v26.8 - https:\/\/yoast.com\/product\/yoast-seo-wordpress\/ -->\n<title>TV-Schrank ZETA \u2013 Massivholz Eiche - konkret.store<\/title>\n<meta name=\"description\" content=\"Zeta ist ein zeitloses und stilvolles TV-M\u00f6bel aus massiver Eiche, entworfen vom Team von konkret.store. Die T\u00fcren verf\u00fcgen \u00fcber dekorative \u00d6ffnungen, die ihnen eine elegante Optik verleihen.\" \/>\n<meta name=\"robots\" content=\"index, follow, max-snippet:-1, max-image-preview:large, max-video-preview:-1\" \/>\n<link rel=\"canonical\" href=\"https:\/\/konkret.store\/de\/produkt\/tv-schrank-zeta\/\" \/>\n<meta property=\"og:locale\" content=\"de_DE\" \/>\n<meta property=\"og:type\" content=\"article\" \/>\n<meta property=\"og:title\" content=\"TV-Schrank ZETA \u2013 Massivholz Eiche - konkret.store\" \/>\n<meta property=\"og:description\" content=\"Zeta ist ein zeitloses und stilvolles TV-M\u00f6bel aus massiver Eiche, entworfen vom Team von konkret.store. Die T\u00fcren verf\u00fcgen \u00fcber dekorative \u00d6ffnungen, die ihnen eine elegante Optik verleihen.\" \/>\n<meta property=\"og:url\" content=\"https:\/\/konkret.store\/de\/produkt\/tv-schrank-zeta\/\" \/>\n<meta property=\"og:site_name\" content=\"konkret.store\" \/>\n<meta property=\"article:publisher\" content=\"https:\/\/facebook.com\/konkret.store\/\" \/>\n<meta property=\"article:modified_time\" content=\"2026-02-03T21:28:42+00:00\" \/>\n<meta property=\"og:image\" content=\"https:\/\/konkret.store\/app\/uploads\/2024\/05\/2_ZETA_V3-scaled-1.jpg\" \/>\n\t<meta property=\"og:image:width\" content=\"2560\" \/>\n\t<meta property=\"og:image:height\" content=\"2560\" \/>\n\t<meta property=\"og:image:type\" content=\"image\/jpeg\" \/>\n<meta name=\"twitter:card\" content=\"summary_large_image\" \/>\n<meta name=\"twitter:label1\" content=\"Est. reading time\" \/>\n\t<meta name=\"twitter:data1\" content=\"1 minute\" \/>\n<script type=\"application\/ld+json\" class=\"yoast-schema-graph\">{\"@context\":\"https:\/\/schema.org\",\"@graph\":[{\"@type\":\"WebPage\",\"@id\":\"https:\/\/konkret.store\/de\/produkt\/tv-schrank-zeta\/\",\"url\":\"https:\/\/konkret.store\/de\/produkt\/tv-schrank-zeta\/\",\"name\":\"TV-Schrank ZETA \u2013 Massivholz Eiche - konkret.store\",\"isPartOf\":{\"@id\":\"https:\/\/konkret.store\/de\/#website\"},\"primaryImageOfPage\":{\"@id\":\"https:\/\/konkret.store\/de\/produkt\/tv-schrank-zeta\/#primaryimage\"},\"image\":{\"@id\":\"https:\/\/konkret.store\/de\/produkt\/tv-schrank-zeta\/#primaryimage\"},\"thumbnailUrl\":\"https:\/\/konkret.store\/app\/uploads\/2024\/05\/2_ZETA_V3-scaled-1.jpg\",\"datePublished\":\"2024-05-07T08:06:05+00:00\",\"dateModified\":\"2026-02-03T21:28:42+00:00\",\"description\":\"Zeta ist ein zeitloses und stilvolles TV-M\u00f6bel aus massiver Eiche, entworfen vom Team von konkret.store. Die T\u00fcren verf\u00fcgen \u00fcber dekorative \u00d6ffnungen, die ihnen eine elegante Optik verleihen.\",\"breadcrumb\":{\"@id\":\"https:\/\/konkret.store\/de\/produkt\/tv-schrank-zeta\/#breadcrumb\"},\"inLanguage\":\"de-DE\",\"potentialAction\":[{\"@type\":\"ReadAction\",\"target\":[\"https:\/\/konkret.store\/de\/produkt\/tv-schrank-zeta\/\"]}]},{\"@type\":\"ImageObject\",\"inLanguage\":\"de-DE\",\"@id\":\"https:\/\/konkret.store\/de\/produkt\/tv-schrank-zeta\/#primaryimage\",\"url\":\"https:\/\/konkret.store\/app\/uploads\/2024\/05\/2_ZETA_V3-scaled-1.jpg\",\"contentUrl\":\"https:\/\/konkret.store\/app\/uploads\/2024\/05\/2_ZETA_V3-scaled-1.jpg\",\"width\":2560,\"height\":2560},{\"@type\":\"BreadcrumbList\",\"@id\":\"https:\/\/konkret.store\/de\/produkt\/tv-schrank-zeta\/#breadcrumb\",\"itemListElement\":[{\"@type\":\"ListItem\",\"position\":1,\"name\":\"Strona g\u0142\u00f3wna\",\"item\":\"https:\/\/konkret.store\/de\/\"},{\"@type\":\"ListItem\",\"position\":2,\"name\":\"Gesch\u00e4ft\",\"item\":\"https:\/\/konkret.store\/de\/geschaeft\/\"},{\"@type\":\"ListItem\",\"position\":3,\"name\":\"TV-Schrank ZETA \u2013 Massivholz Eiche\"}]},{\"@type\":\"WebSite\",\"@id\":\"https:\/\/konkret.store\/de\/#website\",\"url\":\"https:\/\/konkret.store\/de\/\",\"name\":\"konkret.store\",\"description\":\"Tylko konkrety\",\"potentialAction\":[{\"@type\":\"SearchAction\",\"target\":{\"@type\":\"EntryPoint\",\"urlTemplate\":\"https:\/\/konkret.store\/de\/?s={search_term_string}\"},\"query-input\":{\"@type\":\"PropertyValueSpecification\",\"valueRequired\":true,\"valueName\":\"search_term_string\"}}],\"inLanguage\":\"de-DE\"}]}<\/script>\n<!-- \/ Yoast SEO plugin. -->","yoast_head_json":{"title":"TV-Schrank ZETA \u2013 Massivholz Eiche - konkret.store","description":"Zeta ist ein zeitloses und stilvolles TV-M\u00f6bel aus massiver Eiche, entworfen vom Team von konkret.store. Die T\u00fcren verf\u00fcgen \u00fcber dekorative \u00d6ffnungen, die ihnen eine elegante Optik verleihen.","robots":{"index":"index","follow":"follow","max-snippet":"max-snippet:-1","max-image-preview":"max-image-preview:large","max-video-preview":"max-video-preview:-1"},"canonical":"https:\/\/konkret.store\/de\/produkt\/tv-schrank-zeta\/","og_locale":"de_DE","og_type":"article","og_title":"TV-Schrank ZETA \u2013 Massivholz Eiche - konkret.store","og_description":"Zeta ist ein zeitloses und stilvolles TV-M\u00f6bel aus massiver Eiche, entworfen vom Team von konkret.store. Die T\u00fcren verf\u00fcgen \u00fcber dekorative \u00d6ffnungen, die ihnen eine elegante Optik verleihen.","og_url":"https:\/\/konkret.store\/de\/produkt\/tv-schrank-zeta\/","og_site_name":"konkret.store","article_publisher":"https:\/\/facebook.com\/konkret.store\/","article_modified_time":"2026-02-03T21:28:42+00:00","og_image":[{"width":2560,"height":2560,"url":"https:\/\/konkret.store\/app\/uploads\/2024\/05\/2_ZETA_V3-scaled-1.jpg","type":"image\/jpeg"}],"twitter_card":"summary_large_image","twitter_misc":{"Est. reading time":"1 minute"},"schema":{"@context":"https:\/\/schema.org","@graph":[{"@type":"WebPage","@id":"https:\/\/konkret.store\/de\/produkt\/tv-schrank-zeta\/","url":"https:\/\/konkret.store\/de\/produkt\/tv-schrank-zeta\/","name":"TV-Schrank ZETA \u2013 Massivholz Eiche - konkret.store","isPartOf":{"@id":"https:\/\/konkret.store\/de\/#website"},"primaryImageOfPage":{"@id":"https:\/\/konkret.store\/de\/produkt\/tv-schrank-zeta\/#primaryimage"},"image":{"@id":"https:\/\/konkret.store\/de\/produkt\/tv-schrank-zeta\/#primaryimage"},"thumbnailUrl":"https:\/\/konkret.store\/app\/uploads\/2024\/05\/2_ZETA_V3-scaled-1.jpg","datePublished":"2024-05-07T08:06:05+00:00","dateModified":"2026-02-03T21:28:42+00:00","description":"Zeta ist ein zeitloses und stilvolles TV-M\u00f6bel aus massiver Eiche, entworfen vom Team von konkret.store. Die T\u00fcren verf\u00fcgen \u00fcber dekorative \u00d6ffnungen, die ihnen eine elegante Optik verleihen.","breadcrumb":{"@id":"https:\/\/konkret.store\/de\/produkt\/tv-schrank-zeta\/#breadcrumb"},"inLanguage":"de-DE","potentialAction":[{"@type":"ReadAction","target":["https:\/\/konkret.store\/de\/produkt\/tv-schrank-zeta\/"]}]},{"@type":"ImageObject","inLanguage":"de-DE","@id":"https:\/\/konkret.store\/de\/produkt\/tv-schrank-zeta\/#primaryimage","url":"https:\/\/konkret.store\/app\/uploads\/2024\/05\/2_ZETA_V3-scaled-1.jpg","contentUrl":"https:\/\/konkret.store\/app\/uploads\/2024\/05\/2_ZETA_V3-scaled-1.jpg","width":2560,"height":2560},{"@type":"BreadcrumbList","@id":"https:\/\/konkret.store\/de\/produkt\/tv-schrank-zeta\/#breadcrumb","itemListElement":[{"@type":"ListItem","position":1,"name":"Strona g\u0142\u00f3wna","item":"https:\/\/konkret.store\/de\/"},{"@type":"ListItem","position":2,"name":"Gesch\u00e4ft","item":"https:\/\/konkret.store\/de\/geschaeft\/"},{"@type":"ListItem","position":3,"name":"TV-Schrank ZETA \u2013 Massivholz Eiche"}]},{"@type":"WebSite","@id":"https:\/\/konkret.store\/de\/#website","url":"https:\/\/konkret.store\/de\/","name":"konkret.store","description":"Tylko konkrety","potentialAction":[{"@type":"SearchAction","target":{"@type":"EntryPoint","urlTemplate":"https:\/\/konkret.store\/de\/?s={search_term_string}"},"query-input":{"@type":"PropertyValueSpecification","valueRequired":true,"valueName":"search_term_string"}}],"inLanguage":"de-DE"}]}},"_links":{"self":[{"href":"https:\/\/konkret.store\/de\/wp-json\/wp\/v2\/product\/24288","targetHints":{"allow":["GET"]}}],"collection":[{"href":"https:\/\/konkret.store\/de\/wp-json\/wp\/v2\/product"}],"about":[{"href":"https:\/\/konkret.store\/de\/wp-json\/wp\/v2\/types\/product"}],"replies":[{"embeddable":true,"href":"https:\/\/konkret.store\/de\/wp-json\/wp\/v2\/comments?post=24288"}],"wp:featuredmedia":[{"embeddable":true,"href":"https:\/\/konkret.store\/de\/wp-json\/wp\/v2\/media\/24292"}],"wp:attachment":[{"href":"https:\/\/konkret.store\/de\/wp-json\/wp\/v2\/media?parent=24288"}],"wp:term":[{"taxonomy":"product_brand","embeddable":true,"href":"https:\/\/konkret.store\/de\/wp-json\/wp\/v2\/product_brand?post=24288"},{"taxonomy":"product_cat","embeddable":true,"href":"https:\/\/konkret.store\/de\/wp-json\/wp\/v2\/product_cat?post=24288"},{"taxonomy":"product_tag","embeddable":true,"href":"https:\/\/konkret.store\/de\/wp-json\/wp\/v2\/product_tag?post=24288"}],"curies":[{"name":"wp","href":"https:\/\/api.w.org\/{rel}","templated":true}]}}