{"id":24300,"date":"2024-01-30T21:38:03","date_gmt":"2024-01-30T20:38:03","guid":{"rendered":"https:\/\/konkret.store\/product\/szafka-rtv-moon-2-0-na-cokole\/"},"modified":"2025-04-24T23:16:32","modified_gmt":"2025-04-24T22:16:32","slug":"tv-schrank-moon-2-0","status":"publish","type":"product","link":"https:\/\/konkret.store\/de\/produkt\/tv-schrank-moon-2-0\/","title":{"rendered":"TV-Schrank MOON mit Sockel \u2013 Massivholz Eiche"},"content":{"rendered":"<section class=\"image-text\">\n  <div class=\"container\">\n    <div class=\"row align-items-center\">\n      <div class=\"col-lg-6  image-text--left\">\n        <div class=\"image-text__image\">\n          <img loading=\"lazy\" decoding=\"async\" width=\"1170\" height=\"780\" src=\"https:\/\/konkret.store\/app\/uploads\/2024\/01\/IMG_7841.jpeg\" class=\"attachment-full size-full\" alt=\"\" \/>        <\/div>\n      <\/div>\n      <div class=\"col-lg-5  offset-lg-1 \">\n                <h2><\/h2>\n        <div class=\"image-text__text\">\n          <p class=\"\" data-start=\"47\" data-end=\"133\"><strong data-start=\"47\" data-end=\"133\">TV-Schrank aus unserer stilvollen M\u00f6belserie \u201eMoon\u201c, gefertigt aus massiver Eiche.<\/strong><\/p>\n<p class=\"\" data-start=\"135\" data-end=\"367\">\u25b8\u00a0Exklusivit\u00e4t<\/p>\n<p class=\"\" data-start=\"135\" data-end=\"367\">\u25b8\u00a0Das Infrarotsignal der Fernbedienung funktioniert durch die Zwischenr\u00e4ume \u2013 gleichzeitig wird eine optimale Luftzirkulation f\u00fcr die Audioger\u00e4te im Schrank gew\u00e4hrleistet<\/p>\n<p class=\"\" data-start=\"135\" data-end=\"367\">\u25b8\u00a0Der Schrank wird ohne R\u00fcckwand geliefert<\/p>\n        <\/div>\n              <\/div>\n    <\/div>\n  <\/div>\n<\/section>\n\n\n<section class=\"image-text\">\n  <div class=\"container\">\n    <div class=\"row align-items-center\">\n      <div class=\"col-lg-6  offset-lg-1  image-text--right\">\n        <div class=\"image-text__image\">\n          <img loading=\"lazy\" decoding=\"async\" width=\"3000\" height=\"3000\" src=\"https:\/\/konkret.store\/app\/uploads\/2024\/01\/MixCollage-04-Jan-2024-08-57-PM-4425-removebg.png\" class=\"attachment-full size-full\" alt=\"\" \/>        <\/div>\n      <\/div>\n      <div class=\"col-lg-5 \">\n                <h2>Wir achten auf jedes Detail!<\/h2>\n        <div class=\"image-text__text\">\n          <p>&nbsp;<\/p>\n<div class=\"image-text__text\">\n<p>\u25b8\u00a0\u00d6ffnungssystem und Scharniere \u2013 h\u00f6chste Pr\u00e4zision und Qualit\u00e4t von Italiana Ferramenta\u2122<\/p>\n<p>\u25b8\u00a0Die Trennw\u00e4nde im Inneren verf\u00fcgen \u00fcber Aussparungen zur Kabelf\u00fchrung<\/p>\n<p>\u25b8\u00a0Die obere und untere Platte ist mit einer Kabeldurchf\u00fchrung (3\u00d71 cm) ausgestattet<\/p>\n<\/div>\n<div class=\"image-text__text\">\n<p><img loading=\"lazy\" decoding=\"async\" class=\"alignnone wp-image-20698 lazyloaded\" src=\"https:\/\/konkret.store\/app\/uploads\/2023\/03\/kabel-removebg-300x127.png\" sizes=\"auto, (max-width: 300px) 100vw, 300px\" srcset=\"https:\/\/konkret.store\/app\/uploads\/2023\/03\/kabel-removebg-300x127.png 300w, https:\/\/konkret.store\/app\/uploads\/2023\/03\/kabel-removebg-768x326.png 768w, https:\/\/konkret.store\/app\/uploads\/2023\/03\/kabel-removebg-610x259.png 610w, https:\/\/konkret.store\/app\/uploads\/2023\/03\/kabel-removebg-64x27.png 64w, https:\/\/konkret.store\/app\/uploads\/2023\/03\/kabel-removebg.png 776w\" alt=\"\" width=\"300\" height=\"127\" data-srcset=\"https:\/\/konkret.store\/app\/uploads\/2023\/03\/kabel-removebg-300x127.png 300w, https:\/\/konkret.store\/app\/uploads\/2023\/03\/kabel-removebg-768x326.png 768w, https:\/\/konkret.store\/app\/uploads\/2023\/03\/kabel-removebg-610x259.png 610w, https:\/\/konkret.store\/app\/uploads\/2023\/03\/kabel-removebg-64x27.png 64w, https:\/\/konkret.store\/app\/uploads\/2023\/03\/kabel-removebg.png 776w\" data-src=\"https:\/\/konkret.store\/app\/uploads\/2023\/03\/kabel-removebg-300x127.png\" data-sizes=\"(max-width: 300px) 100vw, 300px\" \/><\/p>\n<\/div>\n        <\/div>\n              <\/div>\n    <\/div>\n  <\/div>\n<\/section>\n","protected":false},"excerpt":{"rendered":"<p><strong>Moon 2.0 ist ein zeitloser und stilvoller TV-Schrank aus massiver Eiche, entworfen vom Team von konkret.store.<\/strong><\/p>\n<p>Hergestellt aus FSC-zertifiziertem Holz\u00a0\u00a0<a href=\"https:\/\/pl.fsc.org\/pl-pl\/sprawdz-i-znajdz-certyfikat\"><img loading=\"lazy\" decoding=\"async\" class=\"alignnone wp-image-11268 lazyloaded\" src=\"https:\/\/konkret.store\/app\/uploads\/2023\/02\/Forest_Stewardship_Council_logo-251x300.png\" alt=\"\" width=\"32\" height=\"38\" data-src=\"https:\/\/konkret.store\/app\/uploads\/2023\/02\/Forest_Stewardship_Council_logo-251x300.png\" srcset=\"https:\/\/konkret.store\/app\/uploads\/2023\/02\/Forest_Stewardship_Council_logo-251x300.png 251w, https:\/\/konkret.store\/app\/uploads\/2023\/02\/Forest_Stewardship_Council_logo-855x1024.png 855w, https:\/\/konkret.store\/app\/uploads\/2023\/02\/Forest_Stewardship_Council_logo-768x920.png 768w, https:\/\/konkret.store\/app\/uploads\/2023\/02\/Forest_Stewardship_Council_logo-610x730.png 610w, https:\/\/konkret.store\/app\/uploads\/2023\/02\/Forest_Stewardship_Council_logo-64x77.png 64w, https:\/\/konkret.store\/app\/uploads\/2023\/02\/Forest_Stewardship_Council_logo.png 1200w\" sizes=\"auto, (max-width: 32px) 100vw, 32px\" \/><\/a><\/p>\n<hr \/>\n<p>Sind Sie sich nicht sicher, welche Farbe Sie w\u00e4hlen sollen? Bestellen Sie <strong><a href=\"https:\/\/konkret.store\/de\/produkt\/eichenholzproben-9-farben\/\">sie hier<\/a><\/strong>, um Farbproben zu erhalten.<\/p>\n","protected":false},"featured_media":24304,"comment_status":"closed","ping_status":"closed","template":"","meta":{"_acf_changed":true},"product_brand":[],"product_cat":[271],"product_tag":[],"class_list":{"0":"post-24300","1":"product","2":"type-product","3":"status-publish","4":"has-post-thumbnail","6":"product_cat-unsere-konkrete","8":"first","9":"onbackorder","10":"taxable","11":"shipping-taxable","12":"purchasable","13":"product-type-simple"},"exclude_global_add_ons":false,"addons":[{"name":"L\u00e4nge","type":"multiple_choice","position":0,"required":true,"title_format":"label","default":"","description_enable":false,"description":"","placeholder_enable":false,"placeholder":"","display":"select","restrictions_type":"any_text","adjust_price":false,"price":"","price_type":"flat_fee","restrictions":false,"min":"0","max":"0","options":[{"label":"120cm | 2 fronten","price":"","price_type":"quantity_based","image":0,"visibility":true},{"label":"140cm | 2 fronten","price":"500","price_type":"quantity_based","image":0,"visibility":true},{"label":"160cm | 2 fronten","price":"900","price_type":"quantity_based","image":0,"visibility":true},{"label":"180cm | 2 fronten","price":"1100","price_type":"quantity_based","image":0,"visibility":true},{"label":"200cm | 2 fronten","price":"1200","price_type":"quantity_based","image":0,"visibility":true},{"label":"220cm | 3 fronten","price":"1400","price_type":"quantity_based","image":0,"visibility":true},{"label":"240cm | 3 fronten","price":"1600","price_type":"quantity_based","image":0,"visibility":true},{"label":"260cm | 3 fronten","price":"2000","price_type":"quantity_based","image":0,"visibility":true},{"label":"280cm | 3 fronten","price":"2200","price_type":"quantity_based","image":0,"visibility":true}],"id":1744843452},{"name":"Tiefe","type":"multiple_choice","position":1,"required":true,"title_format":"label","default":"","description_enable":false,"description":"","placeholder_enable":false,"placeholder":"","display":"select","restrictions_type":"any_text","adjust_price":false,"price":"","price_type":"flat_fee","restrictions":false,"min":"0","max":"0","options":[{"label":"35cm","price":"","price_type":"quantity_based","image":0,"visibility":true},{"label":"42cm","price":"200","price_type":"quantity_based","image":0,"visibility":true}],"id":1744843453},{"name":"Gesamth\u00f6he","type":"multiple_choice","position":2,"required":true,"title_format":"label","default":"","description_enable":false,"description":"","placeholder_enable":false,"placeholder":"","display":"select","restrictions_type":"any_text","adjust_price":false,"price":"","price_type":"flat_fee","restrictions":false,"min":"0","max":"0","options":[{"label":"37 cm Gesamth\u00f6he, inklusive 7 cm Sockel","price":"","price_type":"quantity_based","image":0,"visibility":true},{"label":"42 cm Gesamth\u00f6he, inklusive 7 cm Sockel","price":"300","price_type":"quantity_based","image":0,"visibility":true}],"id":1744843454},{"name":"Holzfarbe","type":"multiple_choice","position":3,"required":true,"title_format":"label","default":"","description_enable":true,"description":"Jede Farbe auf dem M\u00f6belst\u00fcck ist mit Lack \u00fcberzogen, was bedeutet, dass es keine Wartung erfordert. Der Lack bietet einen soliden Schutz und minimiert den Bedarf an regelm\u00e4\u00dfiger Pflege, sodass das M\u00f6belst\u00fcck sein sch\u00f6nes Aussehen ohne zus\u00e4tzlichen Aufwand bewahren kann.\r\nHergestellt aus massivem Eichenholz oder Walnuss.","placeholder_enable":false,"placeholder":"","display":"patterns","restrictions_type":"any_text","adjust_price":false,"price":"","price_type":"flat_fee","restrictions":false,"min":"0","max":"0","options":[{"label":"24030","price":"","price_type":"quantity_based","image":0,"visibility":true},{"label":"24026","price":"45","price_type":"percentage_based","image":0,"visibility":true}],"id":1744843455},{"name":"Drahtloses Ladeger\u00e4t f\u00fcr Mobiltelefone","type":"multiple_choice","position":4,"required":true,"title_format":"label","default":"","description_enable":true,"description":"Mit dem drahtlosen Ladeger\u00e4t reicht es aus, das kompatible Telefon auf das Ladeger\u00e4t zu legen, und es beginnt sofort zu laden.","placeholder_enable":false,"placeholder":"","display":"select","restrictions_type":"any_text","adjust_price":false,"price":"","price_type":"flat_fee","restrictions":false,"min":"0","max":"0","options":[{"label":"Nein","price":"","price_type":"quantity_based","image":0,"visibility":true},{"label":"Ja","price":"300","price_type":"quantity_based","image":0,"visibility":true}],"id":1744843456},{"name":"Kudde variant","type":"multiple_choice","position":0,"required":true,"title_format":"label","default":"","description_enable":false,"description":"","placeholder_enable":false,"placeholder":"","display":"select","restrictions_type":"any_text","adjust_price":false,"price":"","price_type":"flat_fee","restrictions":false,"min":"0","max":"0","options":[{"label":"Kuba","price":"","price_type":"quantity_based","image":0,"visibility":true},{"label":"Haiti","price":"","price_type":"quantity_based","image":0,"visibility":true},{"label":"Barbados","price":"","price_type":"quantity_based","image":0,"visibility":true},{"label":"Aruba","price":"","price_type":"quantity_based","image":0,"visibility":true}]}],"acf":[],"yoast_head":"<!-- This site is optimized with the Yoast SEO plugin v26.8 - https:\/\/yoast.com\/product\/yoast-seo-wordpress\/ -->\n<title>TV-Schrank MOON mit Sockel \u2013 Massivholz Eiche - konkret.store<\/title>\n<meta name=\"description\" content=\"Moon 2.0 ist ein zeitloser und stilvoller TV-Schrank aus massiver Eiche, entworfen vom Team von konkret.store. Hergestellt aus FSC-zertifiziertem Holz.\" \/>\n<meta name=\"robots\" content=\"index, follow, max-snippet:-1, max-image-preview:large, max-video-preview:-1\" \/>\n<link rel=\"canonical\" href=\"https:\/\/konkret.store\/de\/produkt\/tv-schrank-moon-2-0\/\" \/>\n<meta property=\"og:locale\" content=\"de_DE\" \/>\n<meta property=\"og:type\" content=\"article\" \/>\n<meta property=\"og:title\" content=\"TV-Schrank MOON mit Sockel \u2013 Massivholz Eiche - konkret.store\" \/>\n<meta property=\"og:description\" content=\"Moon 2.0 ist ein zeitloser und stilvoller TV-Schrank aus massiver Eiche, entworfen vom Team von konkret.store. Hergestellt aus FSC-zertifiziertem Holz.\" \/>\n<meta property=\"og:url\" content=\"https:\/\/konkret.store\/de\/produkt\/tv-schrank-moon-2-0\/\" \/>\n<meta property=\"og:site_name\" content=\"konkret.store\" \/>\n<meta property=\"article:publisher\" content=\"https:\/\/facebook.com\/konkret.store\/\" \/>\n<meta property=\"article:modified_time\" content=\"2025-04-24T22:16:32+00:00\" \/>\n<meta property=\"og:image\" content=\"https:\/\/konkret.store\/app\/uploads\/2024\/01\/1_MOON_COKOL_V2-scaled-2.jpg\" \/>\n\t<meta property=\"og:image:width\" content=\"2560\" \/>\n\t<meta property=\"og:image:height\" content=\"2560\" \/>\n\t<meta property=\"og:image:type\" content=\"image\/jpeg\" \/>\n<meta name=\"twitter:card\" content=\"summary_large_image\" \/>\n<meta name=\"twitter:label1\" content=\"Est. reading time\" \/>\n\t<meta name=\"twitter:data1\" content=\"1 minute\" \/>\n<script type=\"application\/ld+json\" class=\"yoast-schema-graph\">{\"@context\":\"https:\/\/schema.org\",\"@graph\":[{\"@type\":\"WebPage\",\"@id\":\"https:\/\/konkret.store\/de\/produkt\/tv-schrank-moon-2-0\/\",\"url\":\"https:\/\/konkret.store\/de\/produkt\/tv-schrank-moon-2-0\/\",\"name\":\"TV-Schrank MOON mit Sockel \u2013 Massivholz Eiche - konkret.store\",\"isPartOf\":{\"@id\":\"https:\/\/konkret.store\/de\/#website\"},\"primaryImageOfPage\":{\"@id\":\"https:\/\/konkret.store\/de\/produkt\/tv-schrank-moon-2-0\/#primaryimage\"},\"image\":{\"@id\":\"https:\/\/konkret.store\/de\/produkt\/tv-schrank-moon-2-0\/#primaryimage\"},\"thumbnailUrl\":\"https:\/\/konkret.store\/app\/uploads\/2024\/01\/1_MOON_COKOL_V2-scaled-2.jpg\",\"datePublished\":\"2024-01-30T20:38:03+00:00\",\"dateModified\":\"2025-04-24T22:16:32+00:00\",\"description\":\"Moon 2.0 ist ein zeitloser und stilvoller TV-Schrank aus massiver Eiche, entworfen vom Team von konkret.store. Hergestellt aus FSC-zertifiziertem Holz.\",\"breadcrumb\":{\"@id\":\"https:\/\/konkret.store\/de\/produkt\/tv-schrank-moon-2-0\/#breadcrumb\"},\"inLanguage\":\"de-DE\",\"potentialAction\":[{\"@type\":\"ReadAction\",\"target\":[\"https:\/\/konkret.store\/de\/produkt\/tv-schrank-moon-2-0\/\"]}]},{\"@type\":\"ImageObject\",\"inLanguage\":\"de-DE\",\"@id\":\"https:\/\/konkret.store\/de\/produkt\/tv-schrank-moon-2-0\/#primaryimage\",\"url\":\"https:\/\/konkret.store\/app\/uploads\/2024\/01\/1_MOON_COKOL_V2-scaled-2.jpg\",\"contentUrl\":\"https:\/\/konkret.store\/app\/uploads\/2024\/01\/1_MOON_COKOL_V2-scaled-2.jpg\",\"width\":2560,\"height\":2560},{\"@type\":\"BreadcrumbList\",\"@id\":\"https:\/\/konkret.store\/de\/produkt\/tv-schrank-moon-2-0\/#breadcrumb\",\"itemListElement\":[{\"@type\":\"ListItem\",\"position\":1,\"name\":\"Strona g\u0142\u00f3wna\",\"item\":\"https:\/\/konkret.store\/de\/\"},{\"@type\":\"ListItem\",\"position\":2,\"name\":\"Gesch\u00e4ft\",\"item\":\"https:\/\/konkret.store\/de\/geschaeft\/\"},{\"@type\":\"ListItem\",\"position\":3,\"name\":\"TV-Schrank MOON mit Sockel \u2013 Massivholz Eiche\"}]},{\"@type\":\"WebSite\",\"@id\":\"https:\/\/konkret.store\/de\/#website\",\"url\":\"https:\/\/konkret.store\/de\/\",\"name\":\"konkret.store\",\"description\":\"Tylko konkrety\",\"potentialAction\":[{\"@type\":\"SearchAction\",\"target\":{\"@type\":\"EntryPoint\",\"urlTemplate\":\"https:\/\/konkret.store\/de\/?s={search_term_string}\"},\"query-input\":{\"@type\":\"PropertyValueSpecification\",\"valueRequired\":true,\"valueName\":\"search_term_string\"}}],\"inLanguage\":\"de-DE\"}]}<\/script>\n<!-- \/ Yoast SEO plugin. -->","yoast_head_json":{"title":"TV-Schrank MOON mit Sockel \u2013 Massivholz Eiche - konkret.store","description":"Moon 2.0 ist ein zeitloser und stilvoller TV-Schrank aus massiver Eiche, entworfen vom Team von konkret.store. Hergestellt aus FSC-zertifiziertem Holz.","robots":{"index":"index","follow":"follow","max-snippet":"max-snippet:-1","max-image-preview":"max-image-preview:large","max-video-preview":"max-video-preview:-1"},"canonical":"https:\/\/konkret.store\/de\/produkt\/tv-schrank-moon-2-0\/","og_locale":"de_DE","og_type":"article","og_title":"TV-Schrank MOON mit Sockel \u2013 Massivholz Eiche - konkret.store","og_description":"Moon 2.0 ist ein zeitloser und stilvoller TV-Schrank aus massiver Eiche, entworfen vom Team von konkret.store. Hergestellt aus FSC-zertifiziertem Holz.","og_url":"https:\/\/konkret.store\/de\/produkt\/tv-schrank-moon-2-0\/","og_site_name":"konkret.store","article_publisher":"https:\/\/facebook.com\/konkret.store\/","article_modified_time":"2025-04-24T22:16:32+00:00","og_image":[{"width":2560,"height":2560,"url":"https:\/\/konkret.store\/app\/uploads\/2024\/01\/1_MOON_COKOL_V2-scaled-2.jpg","type":"image\/jpeg"}],"twitter_card":"summary_large_image","twitter_misc":{"Est. reading time":"1 minute"},"schema":{"@context":"https:\/\/schema.org","@graph":[{"@type":"WebPage","@id":"https:\/\/konkret.store\/de\/produkt\/tv-schrank-moon-2-0\/","url":"https:\/\/konkret.store\/de\/produkt\/tv-schrank-moon-2-0\/","name":"TV-Schrank MOON mit Sockel \u2013 Massivholz Eiche - konkret.store","isPartOf":{"@id":"https:\/\/konkret.store\/de\/#website"},"primaryImageOfPage":{"@id":"https:\/\/konkret.store\/de\/produkt\/tv-schrank-moon-2-0\/#primaryimage"},"image":{"@id":"https:\/\/konkret.store\/de\/produkt\/tv-schrank-moon-2-0\/#primaryimage"},"thumbnailUrl":"https:\/\/konkret.store\/app\/uploads\/2024\/01\/1_MOON_COKOL_V2-scaled-2.jpg","datePublished":"2024-01-30T20:38:03+00:00","dateModified":"2025-04-24T22:16:32+00:00","description":"Moon 2.0 ist ein zeitloser und stilvoller TV-Schrank aus massiver Eiche, entworfen vom Team von konkret.store. Hergestellt aus FSC-zertifiziertem Holz.","breadcrumb":{"@id":"https:\/\/konkret.store\/de\/produkt\/tv-schrank-moon-2-0\/#breadcrumb"},"inLanguage":"de-DE","potentialAction":[{"@type":"ReadAction","target":["https:\/\/konkret.store\/de\/produkt\/tv-schrank-moon-2-0\/"]}]},{"@type":"ImageObject","inLanguage":"de-DE","@id":"https:\/\/konkret.store\/de\/produkt\/tv-schrank-moon-2-0\/#primaryimage","url":"https:\/\/konkret.store\/app\/uploads\/2024\/01\/1_MOON_COKOL_V2-scaled-2.jpg","contentUrl":"https:\/\/konkret.store\/app\/uploads\/2024\/01\/1_MOON_COKOL_V2-scaled-2.jpg","width":2560,"height":2560},{"@type":"BreadcrumbList","@id":"https:\/\/konkret.store\/de\/produkt\/tv-schrank-moon-2-0\/#breadcrumb","itemListElement":[{"@type":"ListItem","position":1,"name":"Strona g\u0142\u00f3wna","item":"https:\/\/konkret.store\/de\/"},{"@type":"ListItem","position":2,"name":"Gesch\u00e4ft","item":"https:\/\/konkret.store\/de\/geschaeft\/"},{"@type":"ListItem","position":3,"name":"TV-Schrank MOON mit Sockel \u2013 Massivholz Eiche"}]},{"@type":"WebSite","@id":"https:\/\/konkret.store\/de\/#website","url":"https:\/\/konkret.store\/de\/","name":"konkret.store","description":"Tylko konkrety","potentialAction":[{"@type":"SearchAction","target":{"@type":"EntryPoint","urlTemplate":"https:\/\/konkret.store\/de\/?s={search_term_string}"},"query-input":{"@type":"PropertyValueSpecification","valueRequired":true,"valueName":"search_term_string"}}],"inLanguage":"de-DE"}]}},"_links":{"self":[{"href":"https:\/\/konkret.store\/de\/wp-json\/wp\/v2\/product\/24300","targetHints":{"allow":["GET"]}}],"collection":[{"href":"https:\/\/konkret.store\/de\/wp-json\/wp\/v2\/product"}],"about":[{"href":"https:\/\/konkret.store\/de\/wp-json\/wp\/v2\/types\/product"}],"replies":[{"embeddable":true,"href":"https:\/\/konkret.store\/de\/wp-json\/wp\/v2\/comments?post=24300"}],"wp:featuredmedia":[{"embeddable":true,"href":"https:\/\/konkret.store\/de\/wp-json\/wp\/v2\/media\/24304"}],"wp:attachment":[{"href":"https:\/\/konkret.store\/de\/wp-json\/wp\/v2\/media?parent=24300"}],"wp:term":[{"taxonomy":"product_brand","embeddable":true,"href":"https:\/\/konkret.store\/de\/wp-json\/wp\/v2\/product_brand?post=24300"},{"taxonomy":"product_cat","embeddable":true,"href":"https:\/\/konkret.store\/de\/wp-json\/wp\/v2\/product_cat?post=24300"},{"taxonomy":"product_tag","embeddable":true,"href":"https:\/\/konkret.store\/de\/wp-json\/wp\/v2\/product_tag?post=24300"}],"curies":[{"name":"wp","href":"https:\/\/api.w.org\/{rel}","templated":true}]}}