{"id":24310,"date":"2023-09-06T21:45:49","date_gmt":"2023-09-06T20:45:49","guid":{"rendered":"https:\/\/konkret.store\/product\/szafka-nocna-luna-lity-dab\/"},"modified":"2025-04-24T15:02:00","modified_gmt":"2025-04-24T14:02:00","slug":"nachttisch-luna","status":"publish","type":"product","link":"https:\/\/konkret.store\/de\/produkt\/nachttisch-luna\/","title":{"rendered":"Nachttisch LUNA \u2013 Massivholz Eiche"},"content":{"rendered":"<section class=\"image-text\">\n  <div class=\"container\">\n    <div class=\"row align-items-center\">\n      <div class=\"col-lg-6  image-text--left\">\n        <div class=\"image-text__image\">\n          <img loading=\"lazy\" decoding=\"async\" width=\"1633\" height=\"1206\" src=\"https:\/\/konkret.store\/app\/uploads\/2023\/09\/SZAFKANOCNA_A_V2-kopi.jpg\" class=\"attachment-full size-full\" alt=\"\" srcset=\"https:\/\/konkret.store\/app\/uploads\/2023\/09\/SZAFKANOCNA_A_V2-kopi.jpg 1633w, https:\/\/konkret.store\/app\/uploads\/2023\/09\/SZAFKANOCNA_A_V2-kopi-300x222.jpg 300w, https:\/\/konkret.store\/app\/uploads\/2023\/09\/SZAFKANOCNA_A_V2-kopi-1024x756.jpg 1024w, https:\/\/konkret.store\/app\/uploads\/2023\/09\/SZAFKANOCNA_A_V2-kopi-768x567.jpg 768w, https:\/\/konkret.store\/app\/uploads\/2023\/09\/SZAFKANOCNA_A_V2-kopi-1536x1134.jpg 1536w, https:\/\/konkret.store\/app\/uploads\/2023\/09\/SZAFKANOCNA_A_V2-kopi-610x450.jpg 610w, https:\/\/konkret.store\/app\/uploads\/2023\/09\/SZAFKANOCNA_A_V2-kopi-64x47.jpg 64w\" sizes=\"auto, (max-width: 1633px) 100vw, 1633px\" \/>        <\/div>\n      <\/div>\n      <div class=\"col-lg-5  offset-lg-1 \">\n                <h2>Wir k\u00fcmmern uns um die Details!<\/h2>\n        <div class=\"image-text__text\">\n          <p>Design und Verarbeitung von h\u00f6chster Qualit\u00e4t.<\/p>\n<p>\u25b8 Exklusivit\u00e4t<br \/>\n\u25b8 Ger\u00e4umige Schublade<br \/>\n\u25b8 Schrank wird ohne R\u00fccken geliefert<\/p>\n<h6><\/h6>\n        <\/div>\n              <\/div>\n    <\/div>\n  <\/div>\n<\/section>\n","protected":false},"excerpt":{"rendered":"<p>Luna ist eine Verbindung von raffiniertem Design und skandinavischer Schlichtheit. Die horizontalen Lamellen verleihen dem Nachttisch zus\u00e4tzlich Charakter. Der Nachttisch Luna ist ausschlie\u00dflich aus massivem Eichenholz oder Walnuss gefertigt.<\/p>\n<p>Hergestellt aus FSC-Holz\u00a0<a href=\"https:\/\/pl.fsc.org\/pl-pl\/sprawdz-i-znajdz-certyfikat\"><img loading=\"lazy\" decoding=\"async\" class=\"alignnone wp-image-11268 lazyloaded\" src=\"https:\/\/konkret.store\/app\/uploads\/2023\/02\/Forest_Stewardship_Council_logo-251x300.png\" alt=\"\" width=\"32\" height=\"38\" data-src=\"https:\/\/konkret.store\/app\/uploads\/2023\/02\/Forest_Stewardship_Council_logo-251x300.png\" srcset=\"https:\/\/konkret.store\/app\/uploads\/2023\/02\/Forest_Stewardship_Council_logo-251x300.png 251w, https:\/\/konkret.store\/app\/uploads\/2023\/02\/Forest_Stewardship_Council_logo-855x1024.png 855w, https:\/\/konkret.store\/app\/uploads\/2023\/02\/Forest_Stewardship_Council_logo-768x920.png 768w, https:\/\/konkret.store\/app\/uploads\/2023\/02\/Forest_Stewardship_Council_logo-610x730.png 610w, https:\/\/konkret.store\/app\/uploads\/2023\/02\/Forest_Stewardship_Council_logo-64x77.png 64w, https:\/\/konkret.store\/app\/uploads\/2023\/02\/Forest_Stewardship_Council_logo.png 1200w\" sizes=\"auto, (max-width: 32px) 100vw, 32px\" \/><\/a><\/p>\n<p>Die Beine k\u00f6nnen separat gekauft werden f\u00fcr diejenigen, die keine M\u00f6glichkeit haben, die M\u00f6bel an der Wand zu befestigen \u2013<strong><a href=\"https:\/\/konkret.store\/de\/produkt-kategorie\/zubehoer\/\"> klicken Sie hier.<\/a><\/strong><\/p>\n<hr \/>\n<p>Sind Sie sich nicht sicher, welche Farbe Sie w\u00e4hlen sollen? Bestellen Sie <strong><a href=\"https:\/\/konkret.store\/de\/produkt\/eichenholzproben-9-farben\/\">sie hier<\/a><\/strong>, um Farbproben zu erhalten.<\/p>\n","protected":false},"featured_media":24313,"template":"","meta":{"_acf_changed":true},"product_brand":[],"product_cat":[271],"product_tag":[],"class_list":{"0":"post-24310","1":"product","2":"type-product","3":"status-publish","4":"has-post-thumbnail","6":"product_cat-unsere-konkrete","8":"first","9":"onbackorder","10":"taxable","11":"shipping-taxable","12":"purchasable","13":"product-type-simple"},"exclude_global_add_ons":false,"addons":[{"name":"Breite","type":"multiple_choice","position":0,"required":true,"title_format":"label","default":"","description_enable":false,"description":"","placeholder_enable":false,"placeholder":"","display":"select","restrictions_type":"any_text","adjust_price":false,"price":"","price_type":"flat_fee","restrictions":false,"min":"0","max":"0","options":[{"label":"30cm","price":"","price_type":"quantity_based","image":0,"visibility":true},{"label":"40cm","price":"100","price_type":"quantity_based","image":0,"visibility":true}],"id":1745506921},{"name":"Tiefe","type":"multiple_choice","position":1,"required":true,"title_format":"label","default":"","description_enable":false,"description":"","placeholder_enable":false,"placeholder":"","display":"select","restrictions_type":"any_text","adjust_price":false,"price":"","price_type":"flat_fee","restrictions":false,"min":"0","max":"0","options":[{"label":"30cm","price":"","price_type":"quantity_based","image":0,"visibility":true},{"label":"35cm","price":"100","price_type":"quantity_based","image":0,"visibility":true}],"id":1745506922},{"name":"H\u00f6he","type":"multiple_choice","position":2,"required":true,"title_format":"label","default":"","description_enable":false,"description":"","placeholder_enable":false,"placeholder":"","display":"select","restrictions_type":"any_text","adjust_price":false,"price":"","price_type":"flat_fee","restrictions":false,"min":"0","max":"0","options":[{"label":"20cm","price":"","price_type":"quantity_based","image":0,"visibility":true},{"label":"25cm","price":"100","price_type":"quantity_based","image":0,"visibility":true}],"id":1745506923},{"name":"Holzfarbe","type":"multiple_choice","position":3,"required":true,"title_format":"label","default":"","description_enable":true,"description":"Jede Farbe auf dem M\u00f6belst\u00fcck ist mit Lack \u00fcberzogen, was bedeutet, dass keine Wartung erforderlich ist. Der Lack bietet einen robusten Schutz und minimiert die Notwendigkeit regelm\u00e4\u00dfiger Pflege, sodass der Nachttisch sein sch\u00f6nes Aussehen ohne zus\u00e4tzlichen Aufwand bewahren kann.  \r\nHergestellt aus massivem Eichenholz oder Walnuss.","placeholder_enable":false,"placeholder":"","display":"patterns","restrictions_type":"any_text","adjust_price":false,"price":"","price_type":"flat_fee","restrictions":false,"min":"0","max":"0","options":[{"label":"24030","price":"","price_type":"quantity_based","image":0,"visibility":true},{"label":"24026","price":"45","price_type":"percentage_based","image":0,"visibility":true}],"id":1745506924},{"name":"Drahtloses Ladeger\u00e4t f\u00fcr Mobiltelefone","type":"multiple_choice","position":4,"required":true,"title_format":"label","default":"","description_enable":true,"description":"Mit dem drahtlosen Ladeger\u00e4t reicht es aus, das kompatible Telefon auf das Ladeger\u00e4t zu legen, und es beginnt sofort zu laden.","placeholder_enable":false,"placeholder":"","display":"select","restrictions_type":"any_text","adjust_price":false,"price":"","price_type":"flat_fee","restrictions":false,"min":"0","max":"0","options":[{"label":"Nein","price":"","price_type":"quantity_based","image":0,"visibility":true},{"label":"Ja","price":"300","price_type":"quantity_based","image":0,"visibility":true}],"id":1745506925},{"name":"LED-Beleuchtung mit Dimmfunktion","type":"multiple_choice","position":5,"required":true,"title_format":"label","default":"","description_enable":true,"description":"Das integrierte LED-Profil wurde an der Unterseite der Tischplatte montiert, um ein effektvolles indirektes Licht zu erzeugen. Der versteckte Schalter befindet sich auf der oberen Platte.\r\nFarbe: Warmwei\u00df (3000K).","placeholder_enable":false,"placeholder":"","display":"select","restrictions_type":"any_text","adjust_price":false,"price":"","price_type":"flat_fee","restrictions":false,"min":"0","max":"0","options":[{"label":"Nein","price":"","price_type":"quantity_based","image":0,"visibility":true},{"label":"Ja","price":"220","price_type":"quantity_based","image":0,"visibility":true}],"id":1745506926},{"name":"Kudde variant","type":"multiple_choice","position":0,"required":true,"title_format":"label","default":"","description_enable":false,"description":"","placeholder_enable":false,"placeholder":"","display":"select","restrictions_type":"any_text","adjust_price":false,"price":"","price_type":"flat_fee","restrictions":false,"min":"0","max":"0","options":[{"label":"Kuba","price":"","price_type":"quantity_based","image":0,"visibility":true},{"label":"Haiti","price":"","price_type":"quantity_based","image":0,"visibility":true},{"label":"Barbados","price":"","price_type":"quantity_based","image":0,"visibility":true},{"label":"Aruba","price":"","price_type":"quantity_based","image":0,"visibility":true}]}],"acf":[],"yoast_head":"<!-- This site is optimized with the Yoast SEO plugin v26.8 - https:\/\/yoast.com\/product\/yoast-seo-wordpress\/ -->\n<title>Nachttisch LUNA \u2013 Massivholz Eiche - konkret.store<\/title>\n<meta name=\"description\" content=\"Luna ist eine Verbindung von raffiniertem Design und skandinavischer Schlichtheit. Die horizontalen Lamellen verleihen den M\u00f6beln zus\u00e4tzlich Charakter. Der Nachttisch Luna ist ausschlie\u00dflich aus massivem Eichenholz oder Walnuss gefertigt.\" \/>\n<meta name=\"robots\" content=\"index, follow, max-snippet:-1, max-image-preview:large, max-video-preview:-1\" \/>\n<link rel=\"canonical\" href=\"https:\/\/konkret.store\/de\/produkt\/nachttisch-luna\/\" \/>\n<meta property=\"og:locale\" content=\"de_DE\" \/>\n<meta property=\"og:type\" content=\"article\" \/>\n<meta property=\"og:title\" content=\"Nachttisch LUNA \u2013 Massivholz Eiche - konkret.store\" \/>\n<meta property=\"og:description\" content=\"Luna ist eine Verbindung von raffiniertem Design und skandinavischer Schlichtheit. Die horizontalen Lamellen verleihen den M\u00f6beln zus\u00e4tzlich Charakter. Der Nachttisch Luna ist ausschlie\u00dflich aus massivem Eichenholz oder Walnuss gefertigt.\" \/>\n<meta property=\"og:url\" content=\"https:\/\/konkret.store\/de\/produkt\/nachttisch-luna\/\" \/>\n<meta property=\"og:site_name\" content=\"konkret.store\" \/>\n<meta property=\"article:publisher\" content=\"https:\/\/facebook.com\/konkret.store\/\" \/>\n<meta property=\"article:modified_time\" content=\"2025-04-24T14:02:00+00:00\" \/>\n<meta property=\"og:image\" content=\"https:\/\/konkret.store\/app\/uploads\/2023\/09\/P1_V2-removebg.jpg\" \/>\n\t<meta property=\"og:image:width\" content=\"1411\" \/>\n\t<meta property=\"og:image:height\" content=\"1414\" \/>\n\t<meta property=\"og:image:type\" content=\"image\/jpeg\" \/>\n<meta name=\"twitter:card\" content=\"summary_large_image\" \/>\n<meta name=\"twitter:label1\" content=\"Est. reading time\" \/>\n\t<meta name=\"twitter:data1\" content=\"1 minute\" \/>\n<script type=\"application\/ld+json\" class=\"yoast-schema-graph\">{\"@context\":\"https:\/\/schema.org\",\"@graph\":[{\"@type\":\"WebPage\",\"@id\":\"https:\/\/konkret.store\/de\/produkt\/nachttisch-luna\/\",\"url\":\"https:\/\/konkret.store\/de\/produkt\/nachttisch-luna\/\",\"name\":\"Nachttisch LUNA \u2013 Massivholz Eiche - konkret.store\",\"isPartOf\":{\"@id\":\"https:\/\/konkret.store\/de\/#website\"},\"primaryImageOfPage\":{\"@id\":\"https:\/\/konkret.store\/de\/produkt\/nachttisch-luna\/#primaryimage\"},\"image\":{\"@id\":\"https:\/\/konkret.store\/de\/produkt\/nachttisch-luna\/#primaryimage\"},\"thumbnailUrl\":\"https:\/\/konkret.store\/app\/uploads\/2023\/09\/P1_V2-removebg.jpg\",\"datePublished\":\"2023-09-06T20:45:49+00:00\",\"dateModified\":\"2025-04-24T14:02:00+00:00\",\"description\":\"Luna ist eine Verbindung von raffiniertem Design und skandinavischer Schlichtheit. Die horizontalen Lamellen verleihen den M\u00f6beln zus\u00e4tzlich Charakter. Der Nachttisch Luna ist ausschlie\u00dflich aus massivem Eichenholz oder Walnuss gefertigt.\",\"breadcrumb\":{\"@id\":\"https:\/\/konkret.store\/de\/produkt\/nachttisch-luna\/#breadcrumb\"},\"inLanguage\":\"de-DE\",\"potentialAction\":[{\"@type\":\"ReadAction\",\"target\":[\"https:\/\/konkret.store\/de\/produkt\/nachttisch-luna\/\"]}]},{\"@type\":\"ImageObject\",\"inLanguage\":\"de-DE\",\"@id\":\"https:\/\/konkret.store\/de\/produkt\/nachttisch-luna\/#primaryimage\",\"url\":\"https:\/\/konkret.store\/app\/uploads\/2023\/09\/P1_V2-removebg.jpg\",\"contentUrl\":\"https:\/\/konkret.store\/app\/uploads\/2023\/09\/P1_V2-removebg.jpg\",\"width\":1411,\"height\":1414},{\"@type\":\"BreadcrumbList\",\"@id\":\"https:\/\/konkret.store\/de\/produkt\/nachttisch-luna\/#breadcrumb\",\"itemListElement\":[{\"@type\":\"ListItem\",\"position\":1,\"name\":\"Strona g\u0142\u00f3wna\",\"item\":\"https:\/\/konkret.store\/de\/\"},{\"@type\":\"ListItem\",\"position\":2,\"name\":\"Gesch\u00e4ft\",\"item\":\"https:\/\/konkret.store\/de\/geschaeft\/\"},{\"@type\":\"ListItem\",\"position\":3,\"name\":\"Nachttisch LUNA \u2013 Massivholz Eiche\"}]},{\"@type\":\"WebSite\",\"@id\":\"https:\/\/konkret.store\/de\/#website\",\"url\":\"https:\/\/konkret.store\/de\/\",\"name\":\"konkret.store\",\"description\":\"Tylko konkrety\",\"potentialAction\":[{\"@type\":\"SearchAction\",\"target\":{\"@type\":\"EntryPoint\",\"urlTemplate\":\"https:\/\/konkret.store\/de\/?s={search_term_string}\"},\"query-input\":{\"@type\":\"PropertyValueSpecification\",\"valueRequired\":true,\"valueName\":\"search_term_string\"}}],\"inLanguage\":\"de-DE\"}]}<\/script>\n<!-- \/ Yoast SEO plugin. -->","yoast_head_json":{"title":"Nachttisch LUNA \u2013 Massivholz Eiche - konkret.store","description":"Luna ist eine Verbindung von raffiniertem Design und skandinavischer Schlichtheit. Die horizontalen Lamellen verleihen den M\u00f6beln zus\u00e4tzlich Charakter. Der Nachttisch Luna ist ausschlie\u00dflich aus massivem Eichenholz oder Walnuss gefertigt.","robots":{"index":"index","follow":"follow","max-snippet":"max-snippet:-1","max-image-preview":"max-image-preview:large","max-video-preview":"max-video-preview:-1"},"canonical":"https:\/\/konkret.store\/de\/produkt\/nachttisch-luna\/","og_locale":"de_DE","og_type":"article","og_title":"Nachttisch LUNA \u2013 Massivholz Eiche - konkret.store","og_description":"Luna ist eine Verbindung von raffiniertem Design und skandinavischer Schlichtheit. Die horizontalen Lamellen verleihen den M\u00f6beln zus\u00e4tzlich Charakter. Der Nachttisch Luna ist ausschlie\u00dflich aus massivem Eichenholz oder Walnuss gefertigt.","og_url":"https:\/\/konkret.store\/de\/produkt\/nachttisch-luna\/","og_site_name":"konkret.store","article_publisher":"https:\/\/facebook.com\/konkret.store\/","article_modified_time":"2025-04-24T14:02:00+00:00","og_image":[{"width":1411,"height":1414,"url":"https:\/\/konkret.store\/app\/uploads\/2023\/09\/P1_V2-removebg.jpg","type":"image\/jpeg"}],"twitter_card":"summary_large_image","twitter_misc":{"Est. reading time":"1 minute"},"schema":{"@context":"https:\/\/schema.org","@graph":[{"@type":"WebPage","@id":"https:\/\/konkret.store\/de\/produkt\/nachttisch-luna\/","url":"https:\/\/konkret.store\/de\/produkt\/nachttisch-luna\/","name":"Nachttisch LUNA \u2013 Massivholz Eiche - konkret.store","isPartOf":{"@id":"https:\/\/konkret.store\/de\/#website"},"primaryImageOfPage":{"@id":"https:\/\/konkret.store\/de\/produkt\/nachttisch-luna\/#primaryimage"},"image":{"@id":"https:\/\/konkret.store\/de\/produkt\/nachttisch-luna\/#primaryimage"},"thumbnailUrl":"https:\/\/konkret.store\/app\/uploads\/2023\/09\/P1_V2-removebg.jpg","datePublished":"2023-09-06T20:45:49+00:00","dateModified":"2025-04-24T14:02:00+00:00","description":"Luna ist eine Verbindung von raffiniertem Design und skandinavischer Schlichtheit. Die horizontalen Lamellen verleihen den M\u00f6beln zus\u00e4tzlich Charakter. Der Nachttisch Luna ist ausschlie\u00dflich aus massivem Eichenholz oder Walnuss gefertigt.","breadcrumb":{"@id":"https:\/\/konkret.store\/de\/produkt\/nachttisch-luna\/#breadcrumb"},"inLanguage":"de-DE","potentialAction":[{"@type":"ReadAction","target":["https:\/\/konkret.store\/de\/produkt\/nachttisch-luna\/"]}]},{"@type":"ImageObject","inLanguage":"de-DE","@id":"https:\/\/konkret.store\/de\/produkt\/nachttisch-luna\/#primaryimage","url":"https:\/\/konkret.store\/app\/uploads\/2023\/09\/P1_V2-removebg.jpg","contentUrl":"https:\/\/konkret.store\/app\/uploads\/2023\/09\/P1_V2-removebg.jpg","width":1411,"height":1414},{"@type":"BreadcrumbList","@id":"https:\/\/konkret.store\/de\/produkt\/nachttisch-luna\/#breadcrumb","itemListElement":[{"@type":"ListItem","position":1,"name":"Strona g\u0142\u00f3wna","item":"https:\/\/konkret.store\/de\/"},{"@type":"ListItem","position":2,"name":"Gesch\u00e4ft","item":"https:\/\/konkret.store\/de\/geschaeft\/"},{"@type":"ListItem","position":3,"name":"Nachttisch LUNA \u2013 Massivholz Eiche"}]},{"@type":"WebSite","@id":"https:\/\/konkret.store\/de\/#website","url":"https:\/\/konkret.store\/de\/","name":"konkret.store","description":"Tylko konkrety","potentialAction":[{"@type":"SearchAction","target":{"@type":"EntryPoint","urlTemplate":"https:\/\/konkret.store\/de\/?s={search_term_string}"},"query-input":{"@type":"PropertyValueSpecification","valueRequired":true,"valueName":"search_term_string"}}],"inLanguage":"de-DE"}]}},"_links":{"self":[{"href":"https:\/\/konkret.store\/de\/wp-json\/wp\/v2\/product\/24310","targetHints":{"allow":["GET"]}}],"collection":[{"href":"https:\/\/konkret.store\/de\/wp-json\/wp\/v2\/product"}],"about":[{"href":"https:\/\/konkret.store\/de\/wp-json\/wp\/v2\/types\/product"}],"wp:featuredmedia":[{"embeddable":true,"href":"https:\/\/konkret.store\/de\/wp-json\/wp\/v2\/media\/24313"}],"wp:attachment":[{"href":"https:\/\/konkret.store\/de\/wp-json\/wp\/v2\/media?parent=24310"}],"wp:term":[{"taxonomy":"product_brand","embeddable":true,"href":"https:\/\/konkret.store\/de\/wp-json\/wp\/v2\/product_brand?post=24310"},{"taxonomy":"product_cat","embeddable":true,"href":"https:\/\/konkret.store\/de\/wp-json\/wp\/v2\/product_cat?post=24310"},{"taxonomy":"product_tag","embeddable":true,"href":"https:\/\/konkret.store\/de\/wp-json\/wp\/v2\/product_tag?post=24310"}],"curies":[{"name":"wp","href":"https:\/\/api.w.org\/{rel}","templated":true}]}}