{"id":24316,"date":"2023-08-28T20:03:58","date_gmt":"2023-08-28T19:03:58","guid":{"rendered":"https:\/\/konkret.store\/product\/anemostat-bezramkowy-nawiewno-wywiewny-kvadro\/"},"modified":"2025-03-26T23:55:41","modified_gmt":"2025-03-26T22:55:41","slug":"anemostat-bezramkowy-nawiewno-wywiewny-kvadro","status":"publish","type":"product","link":"https:\/\/konkret.store\/de\/produkt\/anemostat-bezramkowy-nawiewno-wywiewny-kvadro\/","title":{"rendered":"Rahmenloser Zu- und Abluft-Anemostat KVADRO"},"content":{"rendered":"<section class=\"image-text\">\n  <div class=\"container\">\n    <div class=\"row align-items-center\">\n      <div class=\"col-lg-6  image-text--left\">\n        <div class=\"image-text__image\">\n          <img loading=\"lazy\" decoding=\"async\" width=\"2000\" height=\"2000\" src=\"https:\/\/konkret.store\/app\/uploads\/2023\/08\/342826887_3089707561321783_6267030258859663479_n.jpeg\" class=\"attachment-full size-full\" alt=\"\" \/>        <\/div>\n      <\/div>\n      <div class=\"col-lg-5  offset-lg-1 \">\n                <h2><\/h2>\n        <div class=\"image-text__text\">\n          <p><img loading=\"lazy\" decoding=\"async\" class=\"alignnone wp-image-19865\" src=\"https:\/\/konkret.store\/app\/uploads\/2023\/08\/apdovanojimu-logo-02-YX4ZBD0JlMU0kvaw-2-removebg-preview-300x55.png\" alt=\"\" width=\"262\" height=\"48\" srcset=\"https:\/\/konkret.store\/app\/uploads\/2023\/08\/apdovanojimu-logo-02-YX4ZBD0JlMU0kvaw-2-removebg-preview-300x55.png 300w, https:\/\/konkret.store\/app\/uploads\/2023\/08\/apdovanojimu-logo-02-YX4ZBD0JlMU0kvaw-2-removebg-preview-768x140.png 768w, https:\/\/konkret.store\/app\/uploads\/2023\/08\/apdovanojimu-logo-02-YX4ZBD0JlMU0kvaw-2-removebg-preview-610x111.png 610w, https:\/\/konkret.store\/app\/uploads\/2023\/08\/apdovanojimu-logo-02-YX4ZBD0JlMU0kvaw-2-removebg-preview-64x12.png 64w, https:\/\/konkret.store\/app\/uploads\/2023\/08\/apdovanojimu-logo-02-YX4ZBD0JlMU0kvaw-2-removebg-preview.png 978w\" sizes=\"auto, (max-width: 262px) 100vw, 262px\" \/><\/p>\n<p>Der rahmenlose Ergovent Kvadro Anemostat ist die ideale L\u00f6sung f\u00fcr moderne Innenr\u00e4ume, die ein stilvolles und minimalistisches Erscheinungsbild suchen. Die rahmenlose Konstruktion des L\u00fcftungsventils erm\u00f6glicht eine vollst\u00e4ndige b\u00fcndige Integration in Decken oder W\u00e4nde, wodurch das technische Element praktisch unsichtbar wird und sich nahtlos in jedes Innendesign einf\u00fcgt.<\/p>\n<p>Dieses Produkt kann zusammen mit der Decke oder Wand gestrichen werden, ohne dass eine Demontage erforderlich ist.<\/p>\n<p>Die L\u00fcftungsgitter eignen sich sowohl f\u00fcr die Zu- als auch f\u00fcr die Abluft.<\/p>\n<p><strong><img loading=\"lazy\" decoding=\"async\" class=\"alignnone wp-image-19894\" src=\"https:\/\/konkret.store\/app\/uploads\/2023\/08\/star-removebg-64x49-1.png\" alt=\"\" width=\"27\" height=\"20\" \/><\/strong>Kompatibel mit Standard-Kanalanschl\u00fcssen von 100 mm und 125 mm.<\/p>\n<p><img loading=\"lazy\" decoding=\"async\" class=\"alignnone wp-image-19894\" src=\"https:\/\/konkret.store\/app\/uploads\/2023\/08\/star-removebg-64x49-1.png\" alt=\"\" width=\"27\" height=\"20\" \/>Einfache und bequeme Montage in ein- oder zweilagigen Gipskartondecken.<\/p>\n<p><img loading=\"lazy\" decoding=\"async\" class=\"alignnone wp-image-19894\" src=\"https:\/\/konkret.store\/app\/uploads\/2023\/08\/star-removebg-64x49-1.png\" alt=\"\" width=\"27\" height=\"20\" \/>Antistatische Eigenschaften verhindern die Ansammlung von Staub im Laufe der Zeit.<\/p>\n<p><img loading=\"lazy\" decoding=\"async\" class=\"alignnone wp-image-19894\" src=\"https:\/\/konkret.store\/app\/uploads\/2023\/08\/star-removebg-64x49-1.png\" alt=\"\" width=\"27\" height=\"20\" \/>Die innovative Kappenstruktur verbessert die Aerodynamik und reduziert Luftverwirbelungen.<\/p>\n<div class=\"flex-1 overflow-hidden\">\n<div class=\"react-scroll-to-bottom--css-riqtl-79elbk h-full dark:bg-gray-800\">\n<div class=\"react-scroll-to-bottom--css-riqtl-1n7m0yu\">\n<div class=\"flex flex-col text-sm dark:bg-gray-800\">\n<div class=\"group w-full text-token-text-primary border-b border-black\/10 dark:border-gray-900\/50 bg-gray-50 dark:bg-[#444654]\">\n<p>&nbsp;<\/p>\n<p>&nbsp;<\/p>\n<\/div>\n<\/div>\n<\/div>\n<\/div>\n<\/div>\n        <\/div>\n              <\/div>\n    <\/div>\n  <\/div>\n<\/section>\n\n\n<section class=\"fullImage\">\n  <img loading=\"lazy\" decoding=\"async\" width=\"1200\" height=\"720\" src=\"https:\/\/konkret.store\/app\/uploads\/2023\/08\/ergovent-mounting-gif-mp8GRVabXKuG8845.webp\" class=\"attachment-fullwidth size-fullwidth\" alt=\"\" srcset=\"https:\/\/konkret.store\/app\/uploads\/2023\/08\/ergovent-mounting-gif-mp8GRVabXKuG8845.webp 1200w, https:\/\/konkret.store\/app\/uploads\/2023\/08\/ergovent-mounting-gif-mp8GRVabXKuG8845-300x180.webp 300w, https:\/\/konkret.store\/app\/uploads\/2023\/08\/ergovent-mounting-gif-mp8GRVabXKuG8845-1024x614.webp 1024w, https:\/\/konkret.store\/app\/uploads\/2023\/08\/ergovent-mounting-gif-mp8GRVabXKuG8845-768x461.webp 768w, https:\/\/konkret.store\/app\/uploads\/2023\/08\/ergovent-mounting-gif-mp8GRVabXKuG8845-610x366.webp 610w, https:\/\/konkret.store\/app\/uploads\/2023\/08\/ergovent-mounting-gif-mp8GRVabXKuG8845-64x38.webp 64w\" sizes=\"auto, (max-width: 1200px) 100vw, 1200px\" \/><\/section>\n\n\n<section class=\"fullImage\">\n  <\/section>\n","protected":false},"excerpt":{"rendered":"<p><strong>Anemostat Kvadro verleiht Ihrem Zuhause einen Hauch von Exklusivit\u00e4t.<\/strong> <\/p>\n<p>Das unsichtbare Luftventil besteht aus hochwertigem Gips und kann zusammen mit der Decke gestrichen werden, um ein einheitliches Erscheinungsbild zu erzielen. Nach der Montage bleibt nur eine \u00e4sthetische quadratische \u00d6ffnung f\u00fcr den Luftstrom sichtbar.<\/p>\n","protected":false},"featured_media":24317,"template":"","meta":{"_acf_changed":true},"product_brand":[],"product_cat":[269],"product_tag":[],"class_list":{"0":"post-24316","1":"product","2":"type-product","3":"status-publish","4":"has-post-thumbnail","6":"product_cat-zubehoer","7":"pa_manufacturer-ergovent-de","9":"first","10":"onbackorder","11":"taxable","12":"shipping-taxable","13":"purchasable","14":"product-type-simple"},"exclude_global_add_ons":false,"addons":[{"name":"Gr\u00f6\u00dfe","type":"multiple_choice","position":0,"required":true,"title_format":"label","default":"","description_enable":true,"description":"Muffe 100 \/ 125 mm","placeholder_enable":false,"placeholder":"","display":"select","restrictions_type":"any_text","adjust_price":false,"price":"","price_type":"flat_fee","restrictions":false,"min":"0","max":"0","options":[{"label":"\u00d8100cm","price":"","price_type":"quantity_based","image":0,"visibility":true},{"label":"\u00d8125cm","price":"50","price_type":"quantity_based","image":0,"visibility":true}]},{"name":"Kudde variant","type":"multiple_choice","position":0,"required":true,"title_format":"label","default":"","description_enable":false,"description":"","placeholder_enable":false,"placeholder":"","display":"select","restrictions_type":"any_text","adjust_price":false,"price":"","price_type":"flat_fee","restrictions":false,"min":"0","max":"0","options":[{"label":"Kuba","price":"","price_type":"quantity_based","image":0,"visibility":true},{"label":"Haiti","price":"","price_type":"quantity_based","image":0,"visibility":true},{"label":"Barbados","price":"","price_type":"quantity_based","image":0,"visibility":true},{"label":"Aruba","price":"","price_type":"quantity_based","image":0,"visibility":true}]}],"acf":[],"yoast_head":"<!-- This site is optimized with the Yoast SEO plugin v26.8 - https:\/\/yoast.com\/product\/yoast-seo-wordpress\/ -->\n<title>Rahmenloser Zu- und Abluft-Anemostat KVADRO - konkret.store<\/title>\n<meta name=\"description\" content=\"Der Anemostat Kvadro verleiht Ihrem Zuhause einen Hauch von Exklusivit\u00e4t. Das unsichtbare Luftventil besteht aus hochwertigem Gips und kann zusammen mit der Decke gestrichen werden, um ein einheitliches Erscheinungsbild zu erzielen. Nach der Montage bleibt nur die \u00e4sthetische quadratische \u00d6ffnung f\u00fcr den Luftstrom sichtbar.\" \/>\n<meta name=\"robots\" content=\"index, follow, max-snippet:-1, max-image-preview:large, max-video-preview:-1\" \/>\n<link rel=\"canonical\" href=\"https:\/\/konkret.store\/de\/produkt\/anemostat-bezramkowy-nawiewno-wywiewny-kvadro\/\" \/>\n<meta property=\"og:locale\" content=\"de_DE\" \/>\n<meta property=\"og:type\" content=\"article\" \/>\n<meta property=\"og:title\" content=\"Rahmenloser Zu- und Abluft-Anemostat KVADRO - konkret.store\" \/>\n<meta property=\"og:description\" content=\"Der Anemostat Kvadro verleiht Ihrem Zuhause einen Hauch von Exklusivit\u00e4t. Das unsichtbare Luftventil besteht aus hochwertigem Gips und kann zusammen mit der Decke gestrichen werden, um ein einheitliches Erscheinungsbild zu erzielen. Nach der Montage bleibt nur die \u00e4sthetische quadratische \u00d6ffnung f\u00fcr den Luftstrom sichtbar.\" \/>\n<meta property=\"og:url\" content=\"https:\/\/konkret.store\/de\/produkt\/anemostat-bezramkowy-nawiewno-wywiewny-kvadro\/\" \/>\n<meta property=\"og:site_name\" content=\"konkret.store\" \/>\n<meta property=\"article:publisher\" content=\"https:\/\/facebook.com\/konkret.store\/\" \/>\n<meta property=\"article:modified_time\" content=\"2025-03-26T22:55:41+00:00\" \/>\n<meta property=\"og:image\" content=\"https:\/\/konkret.store\/app\/uploads\/2023\/08\/329678662_928705261497112_1937489863463031995_n.jpg\" \/>\n\t<meta property=\"og:image:width\" content=\"2000\" \/>\n\t<meta property=\"og:image:height\" content=\"2000\" \/>\n\t<meta property=\"og:image:type\" content=\"image\/jpeg\" \/>\n<meta name=\"twitter:card\" content=\"summary_large_image\" \/>\n<meta name=\"twitter:label1\" content=\"Est. reading time\" \/>\n\t<meta name=\"twitter:data1\" content=\"1 minute\" \/>\n<script type=\"application\/ld+json\" class=\"yoast-schema-graph\">{\"@context\":\"https:\/\/schema.org\",\"@graph\":[{\"@type\":\"WebPage\",\"@id\":\"https:\/\/konkret.store\/de\/produkt\/anemostat-bezramkowy-nawiewno-wywiewny-kvadro\/\",\"url\":\"https:\/\/konkret.store\/de\/produkt\/anemostat-bezramkowy-nawiewno-wywiewny-kvadro\/\",\"name\":\"Rahmenloser Zu- und Abluft-Anemostat KVADRO - konkret.store\",\"isPartOf\":{\"@id\":\"https:\/\/konkret.store\/de\/#website\"},\"primaryImageOfPage\":{\"@id\":\"https:\/\/konkret.store\/de\/produkt\/anemostat-bezramkowy-nawiewno-wywiewny-kvadro\/#primaryimage\"},\"image\":{\"@id\":\"https:\/\/konkret.store\/de\/produkt\/anemostat-bezramkowy-nawiewno-wywiewny-kvadro\/#primaryimage\"},\"thumbnailUrl\":\"https:\/\/konkret.store\/app\/uploads\/2023\/08\/329678662_928705261497112_1937489863463031995_n.jpg\",\"datePublished\":\"2023-08-28T19:03:58+00:00\",\"dateModified\":\"2025-03-26T22:55:41+00:00\",\"description\":\"Der Anemostat Kvadro verleiht Ihrem Zuhause einen Hauch von Exklusivit\u00e4t. Das unsichtbare Luftventil besteht aus hochwertigem Gips und kann zusammen mit der Decke gestrichen werden, um ein einheitliches Erscheinungsbild zu erzielen. Nach der Montage bleibt nur die \u00e4sthetische quadratische \u00d6ffnung f\u00fcr den Luftstrom sichtbar.\",\"breadcrumb\":{\"@id\":\"https:\/\/konkret.store\/de\/produkt\/anemostat-bezramkowy-nawiewno-wywiewny-kvadro\/#breadcrumb\"},\"inLanguage\":\"de-DE\",\"potentialAction\":[{\"@type\":\"ReadAction\",\"target\":[\"https:\/\/konkret.store\/de\/produkt\/anemostat-bezramkowy-nawiewno-wywiewny-kvadro\/\"]}]},{\"@type\":\"ImageObject\",\"inLanguage\":\"de-DE\",\"@id\":\"https:\/\/konkret.store\/de\/produkt\/anemostat-bezramkowy-nawiewno-wywiewny-kvadro\/#primaryimage\",\"url\":\"https:\/\/konkret.store\/app\/uploads\/2023\/08\/329678662_928705261497112_1937489863463031995_n.jpg\",\"contentUrl\":\"https:\/\/konkret.store\/app\/uploads\/2023\/08\/329678662_928705261497112_1937489863463031995_n.jpg\",\"width\":2000,\"height\":2000},{\"@type\":\"BreadcrumbList\",\"@id\":\"https:\/\/konkret.store\/de\/produkt\/anemostat-bezramkowy-nawiewno-wywiewny-kvadro\/#breadcrumb\",\"itemListElement\":[{\"@type\":\"ListItem\",\"position\":1,\"name\":\"Strona g\u0142\u00f3wna\",\"item\":\"https:\/\/konkret.store\/de\/\"},{\"@type\":\"ListItem\",\"position\":2,\"name\":\"Gesch\u00e4ft\",\"item\":\"https:\/\/konkret.store\/de\/geschaeft\/\"},{\"@type\":\"ListItem\",\"position\":3,\"name\":\"Rahmenloser Zu- und Abluft-Anemostat KVADRO\"}]},{\"@type\":\"WebSite\",\"@id\":\"https:\/\/konkret.store\/de\/#website\",\"url\":\"https:\/\/konkret.store\/de\/\",\"name\":\"konkret.store\",\"description\":\"Tylko konkrety\",\"potentialAction\":[{\"@type\":\"SearchAction\",\"target\":{\"@type\":\"EntryPoint\",\"urlTemplate\":\"https:\/\/konkret.store\/de\/?s={search_term_string}\"},\"query-input\":{\"@type\":\"PropertyValueSpecification\",\"valueRequired\":true,\"valueName\":\"search_term_string\"}}],\"inLanguage\":\"de-DE\"}]}<\/script>\n<!-- \/ Yoast SEO plugin. -->","yoast_head_json":{"title":"Rahmenloser Zu- und Abluft-Anemostat KVADRO - konkret.store","description":"Der Anemostat Kvadro verleiht Ihrem Zuhause einen Hauch von Exklusivit\u00e4t. Das unsichtbare Luftventil besteht aus hochwertigem Gips und kann zusammen mit der Decke gestrichen werden, um ein einheitliches Erscheinungsbild zu erzielen. Nach der Montage bleibt nur die \u00e4sthetische quadratische \u00d6ffnung f\u00fcr den Luftstrom sichtbar.","robots":{"index":"index","follow":"follow","max-snippet":"max-snippet:-1","max-image-preview":"max-image-preview:large","max-video-preview":"max-video-preview:-1"},"canonical":"https:\/\/konkret.store\/de\/produkt\/anemostat-bezramkowy-nawiewno-wywiewny-kvadro\/","og_locale":"de_DE","og_type":"article","og_title":"Rahmenloser Zu- und Abluft-Anemostat KVADRO - konkret.store","og_description":"Der Anemostat Kvadro verleiht Ihrem Zuhause einen Hauch von Exklusivit\u00e4t. Das unsichtbare Luftventil besteht aus hochwertigem Gips und kann zusammen mit der Decke gestrichen werden, um ein einheitliches Erscheinungsbild zu erzielen. Nach der Montage bleibt nur die \u00e4sthetische quadratische \u00d6ffnung f\u00fcr den Luftstrom sichtbar.","og_url":"https:\/\/konkret.store\/de\/produkt\/anemostat-bezramkowy-nawiewno-wywiewny-kvadro\/","og_site_name":"konkret.store","article_publisher":"https:\/\/facebook.com\/konkret.store\/","article_modified_time":"2025-03-26T22:55:41+00:00","og_image":[{"width":2000,"height":2000,"url":"https:\/\/konkret.store\/app\/uploads\/2023\/08\/329678662_928705261497112_1937489863463031995_n.jpg","type":"image\/jpeg"}],"twitter_card":"summary_large_image","twitter_misc":{"Est. reading time":"1 minute"},"schema":{"@context":"https:\/\/schema.org","@graph":[{"@type":"WebPage","@id":"https:\/\/konkret.store\/de\/produkt\/anemostat-bezramkowy-nawiewno-wywiewny-kvadro\/","url":"https:\/\/konkret.store\/de\/produkt\/anemostat-bezramkowy-nawiewno-wywiewny-kvadro\/","name":"Rahmenloser Zu- und Abluft-Anemostat KVADRO - konkret.store","isPartOf":{"@id":"https:\/\/konkret.store\/de\/#website"},"primaryImageOfPage":{"@id":"https:\/\/konkret.store\/de\/produkt\/anemostat-bezramkowy-nawiewno-wywiewny-kvadro\/#primaryimage"},"image":{"@id":"https:\/\/konkret.store\/de\/produkt\/anemostat-bezramkowy-nawiewno-wywiewny-kvadro\/#primaryimage"},"thumbnailUrl":"https:\/\/konkret.store\/app\/uploads\/2023\/08\/329678662_928705261497112_1937489863463031995_n.jpg","datePublished":"2023-08-28T19:03:58+00:00","dateModified":"2025-03-26T22:55:41+00:00","description":"Der Anemostat Kvadro verleiht Ihrem Zuhause einen Hauch von Exklusivit\u00e4t. Das unsichtbare Luftventil besteht aus hochwertigem Gips und kann zusammen mit der Decke gestrichen werden, um ein einheitliches Erscheinungsbild zu erzielen. Nach der Montage bleibt nur die \u00e4sthetische quadratische \u00d6ffnung f\u00fcr den Luftstrom sichtbar.","breadcrumb":{"@id":"https:\/\/konkret.store\/de\/produkt\/anemostat-bezramkowy-nawiewno-wywiewny-kvadro\/#breadcrumb"},"inLanguage":"de-DE","potentialAction":[{"@type":"ReadAction","target":["https:\/\/konkret.store\/de\/produkt\/anemostat-bezramkowy-nawiewno-wywiewny-kvadro\/"]}]},{"@type":"ImageObject","inLanguage":"de-DE","@id":"https:\/\/konkret.store\/de\/produkt\/anemostat-bezramkowy-nawiewno-wywiewny-kvadro\/#primaryimage","url":"https:\/\/konkret.store\/app\/uploads\/2023\/08\/329678662_928705261497112_1937489863463031995_n.jpg","contentUrl":"https:\/\/konkret.store\/app\/uploads\/2023\/08\/329678662_928705261497112_1937489863463031995_n.jpg","width":2000,"height":2000},{"@type":"BreadcrumbList","@id":"https:\/\/konkret.store\/de\/produkt\/anemostat-bezramkowy-nawiewno-wywiewny-kvadro\/#breadcrumb","itemListElement":[{"@type":"ListItem","position":1,"name":"Strona g\u0142\u00f3wna","item":"https:\/\/konkret.store\/de\/"},{"@type":"ListItem","position":2,"name":"Gesch\u00e4ft","item":"https:\/\/konkret.store\/de\/geschaeft\/"},{"@type":"ListItem","position":3,"name":"Rahmenloser Zu- und Abluft-Anemostat KVADRO"}]},{"@type":"WebSite","@id":"https:\/\/konkret.store\/de\/#website","url":"https:\/\/konkret.store\/de\/","name":"konkret.store","description":"Tylko konkrety","potentialAction":[{"@type":"SearchAction","target":{"@type":"EntryPoint","urlTemplate":"https:\/\/konkret.store\/de\/?s={search_term_string}"},"query-input":{"@type":"PropertyValueSpecification","valueRequired":true,"valueName":"search_term_string"}}],"inLanguage":"de-DE"}]}},"_links":{"self":[{"href":"https:\/\/konkret.store\/de\/wp-json\/wp\/v2\/product\/24316","targetHints":{"allow":["GET"]}}],"collection":[{"href":"https:\/\/konkret.store\/de\/wp-json\/wp\/v2\/product"}],"about":[{"href":"https:\/\/konkret.store\/de\/wp-json\/wp\/v2\/types\/product"}],"wp:featuredmedia":[{"embeddable":true,"href":"https:\/\/konkret.store\/de\/wp-json\/wp\/v2\/media\/24317"}],"wp:attachment":[{"href":"https:\/\/konkret.store\/de\/wp-json\/wp\/v2\/media?parent=24316"}],"wp:term":[{"taxonomy":"product_brand","embeddable":true,"href":"https:\/\/konkret.store\/de\/wp-json\/wp\/v2\/product_brand?post=24316"},{"taxonomy":"product_cat","embeddable":true,"href":"https:\/\/konkret.store\/de\/wp-json\/wp\/v2\/product_cat?post=24316"},{"taxonomy":"product_tag","embeddable":true,"href":"https:\/\/konkret.store\/de\/wp-json\/wp\/v2\/product_tag?post=24316"}],"curies":[{"name":"wp","href":"https:\/\/api.w.org\/{rel}","templated":true}]}}