{"id":24324,"date":"2023-08-28T12:46:28","date_gmt":"2023-08-28T11:46:28","guid":{"rendered":"https:\/\/konkret.store\/product\/anemostat-rondo\/"},"modified":"2025-03-29T23:08:14","modified_gmt":"2025-03-29T22:08:14","slug":"anemostat-rondo","status":"publish","type":"product","link":"https:\/\/konkret.store\/de\/produkt\/anemostat-rondo\/","title":{"rendered":"Rahmenloser L\u00fcftungs- und Abgasanemostat RONDO"},"content":{"rendered":"<section class=\"image-text\">\n  <div class=\"container\">\n    <div class=\"row align-items-center\">\n      <div class=\"col-lg-6  image-text--left\">\n        <div class=\"image-text__image\">\n          <img loading=\"lazy\" decoding=\"async\" width=\"1215\" height=\"1664\" src=\"https:\/\/konkret.store\/app\/uploads\/2023\/08\/roko-fotkinta-mp8GRVN9eGiP3k0R.jpeg\" class=\"attachment-full size-full\" alt=\"\" \/>        <\/div>\n      <\/div>\n      <div class=\"col-lg-5  offset-lg-1 \">\n                <h2><\/h2>\n        <div class=\"image-text__text\">\n          <p><img loading=\"lazy\" decoding=\"async\" class=\"alignnone wp-image-19865\" src=\"https:\/\/konkret.store\/app\/uploads\/2023\/08\/apdovanojimu-logo-02-YX4ZBD0JlMU0kvaw-2-removebg-preview-300x55.png\" alt=\"\" width=\"262\" height=\"48\" srcset=\"https:\/\/konkret.store\/app\/uploads\/2023\/08\/apdovanojimu-logo-02-YX4ZBD0JlMU0kvaw-2-removebg-preview-300x55.png 300w, https:\/\/konkret.store\/app\/uploads\/2023\/08\/apdovanojimu-logo-02-YX4ZBD0JlMU0kvaw-2-removebg-preview-768x140.png 768w, https:\/\/konkret.store\/app\/uploads\/2023\/08\/apdovanojimu-logo-02-YX4ZBD0JlMU0kvaw-2-removebg-preview-610x111.png 610w, https:\/\/konkret.store\/app\/uploads\/2023\/08\/apdovanojimu-logo-02-YX4ZBD0JlMU0kvaw-2-removebg-preview-64x12.png 64w, https:\/\/konkret.store\/app\/uploads\/2023\/08\/apdovanojimu-logo-02-YX4ZBD0JlMU0kvaw-2-removebg-preview.png 978w\" sizes=\"auto, (max-width: 262px) 100vw, 262px\" \/><\/p>\n<p>Der rahmenlose Ergovent Kvadro Anemostat ist die ideale L\u00f6sung f\u00fcr moderne Innenr\u00e4ume, die ein stilvolles und minimalistisches Erscheinungsbild suchen. Die rahmenlose Konstruktion des L\u00fcftungsventils erm\u00f6glicht eine vollst\u00e4ndige b\u00fcndige Integration in Decken oder W\u00e4nde, wodurch das technische Element praktisch unsichtbar wird und sich nahtlos in jedes Innendesign einf\u00fcgt.<\/p>\n<p>Dieses Produkt kann zusammen mit der Decke oder Wand gestrichen werden, ohne dass eine Demontage erforderlich ist.<\/p>\n<p>Die L\u00fcftungsgitter eignen sich sowohl f\u00fcr die Zu- als auch f\u00fcr die Abluft.<\/p>\n<p><strong><img loading=\"lazy\" decoding=\"async\" class=\"alignnone wp-image-19894\" src=\"https:\/\/konkret.store\/app\/uploads\/2023\/08\/star-removebg-64x49-1.png\" alt=\"\" width=\"27\" height=\"20\" \/><\/strong>Kompatibel mit Standard-Kanalanschl\u00fcssen von 100 mm und 125 mm.<\/p>\n<p><img loading=\"lazy\" decoding=\"async\" class=\"alignnone wp-image-19894\" src=\"https:\/\/konkret.store\/app\/uploads\/2023\/08\/star-removebg-64x49-1.png\" alt=\"\" width=\"27\" height=\"20\" \/>Einfache und bequeme Montage in ein- oder zweilagigen Gipskartondecken.<\/p>\n<p><img loading=\"lazy\" decoding=\"async\" class=\"alignnone wp-image-19894\" src=\"https:\/\/konkret.store\/app\/uploads\/2023\/08\/star-removebg-64x49-1.png\" alt=\"\" width=\"27\" height=\"20\" \/>Antistatische Eigenschaften verhindern die Ansammlung von Staub im Laufe der Zeit.<\/p>\n<p><img loading=\"lazy\" decoding=\"async\" class=\"alignnone wp-image-19894\" src=\"https:\/\/konkret.store\/app\/uploads\/2023\/08\/star-removebg-64x49-1.png\" alt=\"\" width=\"27\" height=\"20\" \/>Die innovative Kappenstruktur verbessert die Aerodynamik und reduziert Luftverwirbelungen.<\/p>\n        <\/div>\n              <\/div>\n    <\/div>\n  <\/div>\n<\/section>\n\n\n<section class=\"fullImage\">\n  <\/section>\n\n\n<section class=\"fullImage\">\n  <img loading=\"lazy\" decoding=\"async\" width=\"1200\" height=\"720\" src=\"https:\/\/konkret.store\/app\/uploads\/2023\/08\/ergovent-mounting-gif-mp8GRVabXKuG8845.webp\" class=\"attachment-fullwidth size-fullwidth\" alt=\"\" srcset=\"https:\/\/konkret.store\/app\/uploads\/2023\/08\/ergovent-mounting-gif-mp8GRVabXKuG8845.webp 1200w, https:\/\/konkret.store\/app\/uploads\/2023\/08\/ergovent-mounting-gif-mp8GRVabXKuG8845-300x180.webp 300w, https:\/\/konkret.store\/app\/uploads\/2023\/08\/ergovent-mounting-gif-mp8GRVabXKuG8845-1024x614.webp 1024w, https:\/\/konkret.store\/app\/uploads\/2023\/08\/ergovent-mounting-gif-mp8GRVabXKuG8845-768x461.webp 768w, https:\/\/konkret.store\/app\/uploads\/2023\/08\/ergovent-mounting-gif-mp8GRVabXKuG8845-610x366.webp 610w, https:\/\/konkret.store\/app\/uploads\/2023\/08\/ergovent-mounting-gif-mp8GRVabXKuG8845-64x38.webp 64w\" sizes=\"auto, (max-width: 1200px) 100vw, 1200px\" \/><\/section>\n","protected":false},"excerpt":{"rendered":"<p><b>Dies ist der neueste Trend in der Raumgestaltung.<\/b> Der Gips-Anemostat ist Teil des Bel\u00fcftungssystems. Er ist in die Decke oder W\u00e4nde aus Gipskartonplatten integriert und wird in der gleichen Farbe wie die umliegenden Oberfl\u00e4chen fertiggestellt und gestrichen. Sichtbar bleibt nur die \u00e4sthetische \u00d6ffnung in Form eines Rings, durch die die Luft str\u00f6mt.<\/p>\n","protected":false},"featured_media":24339,"template":"","meta":{"_acf_changed":true},"product_brand":[],"product_cat":[269],"product_tag":[],"class_list":{"0":"post-24324","1":"product","2":"type-product","3":"status-publish","4":"has-post-thumbnail","6":"product_cat-zubehoer","7":"pa_manufacturer-ergovent-de","9":"first","10":"onbackorder","11":"taxable","12":"shipping-taxable","13":"purchasable","14":"product-type-simple"},"exclude_global_add_ons":false,"addons":[{"name":"Gr\u00f6\u00dfe","type":"multiple_choice","position":0,"required":true,"title_format":"label","default":"","description_enable":true,"description":"Muffe 100 \/ 125 \/ 160 mm","placeholder_enable":false,"placeholder":"","display":"select","restrictions_type":"any_text","adjust_price":false,"price":"","price_type":"flat_fee","restrictions":false,"min":"0","max":"0","options":[{"label":"\u00d8100cm","price":"","price_type":"quantity_based","image":0,"visibility":true},{"label":"\u00d8125cm","price":"50","price_type":"quantity_based","image":0,"visibility":true},{"label":"\u00d8160cm","price":"100","price_type":"quantity_based","image":0,"visibility":true}]},{"name":"Kudde variant","type":"multiple_choice","position":0,"required":true,"title_format":"label","default":"","description_enable":false,"description":"","placeholder_enable":false,"placeholder":"","display":"select","restrictions_type":"any_text","adjust_price":false,"price":"","price_type":"flat_fee","restrictions":false,"min":"0","max":"0","options":[{"label":"Kuba","price":"","price_type":"quantity_based","image":0,"visibility":true},{"label":"Haiti","price":"","price_type":"quantity_based","image":0,"visibility":true},{"label":"Barbados","price":"","price_type":"quantity_based","image":0,"visibility":true},{"label":"Aruba","price":"","price_type":"quantity_based","image":0,"visibility":true}]}],"acf":[],"yoast_head":"<!-- This site is optimized with the Yoast SEO plugin v26.8 - https:\/\/yoast.com\/product\/yoast-seo-wordpress\/ -->\n<title>Rahmenloser L\u00fcftungs- und Abgasanemostat RONDO - konkret.store<\/title>\n<meta name=\"description\" content=\"Es ist der neueste Trend in der Hausgestaltung. Der Gipsanemostat ist Teil des Bel\u00fcftungssystems. Er wird in die Decke oder W\u00e4nde aus Gipskartonplatten eingebaut und mit der gleichen Farbe wie die umgebenden Oberfl\u00e4chen verputzt und gestrichen. Nur das \u00e4sthetische Loch in Ringform, durch das die Luft str\u00f6mt, bleibt sichtbar.\" \/>\n<meta name=\"robots\" content=\"index, follow, max-snippet:-1, max-image-preview:large, max-video-preview:-1\" \/>\n<link rel=\"canonical\" href=\"https:\/\/konkret.store\/de\/produkt\/anemostat-rondo\/\" \/>\n<meta property=\"og:locale\" content=\"de_DE\" \/>\n<meta property=\"og:type\" content=\"article\" \/>\n<meta property=\"og:title\" content=\"Rahmenloser L\u00fcftungs- und Abgasanemostat RONDO - konkret.store\" \/>\n<meta property=\"og:description\" content=\"Es ist der neueste Trend in der Hausgestaltung. Der Gipsanemostat ist Teil des Bel\u00fcftungssystems. Er wird in die Decke oder W\u00e4nde aus Gipskartonplatten eingebaut und mit der gleichen Farbe wie die umgebenden Oberfl\u00e4chen verputzt und gestrichen. Nur das \u00e4sthetische Loch in Ringform, durch das die Luft str\u00f6mt, bleibt sichtbar.\" \/>\n<meta property=\"og:url\" content=\"https:\/\/konkret.store\/de\/produkt\/anemostat-rondo\/\" \/>\n<meta property=\"og:site_name\" content=\"konkret.store\" \/>\n<meta property=\"article:publisher\" content=\"https:\/\/facebook.com\/konkret.store\/\" \/>\n<meta property=\"article:modified_time\" content=\"2025-03-29T22:08:14+00:00\" \/>\n<meta property=\"og:image\" content=\"https:\/\/konkret.store\/app\/uploads\/2023\/08\/263323964c728530ca1267a91172.jpeg\" \/>\n\t<meta property=\"og:image:width\" content=\"2560\" \/>\n\t<meta property=\"og:image:height\" content=\"1920\" \/>\n\t<meta property=\"og:image:type\" content=\"image\/jpeg\" \/>\n<meta name=\"twitter:card\" content=\"summary_large_image\" \/>\n<meta name=\"twitter:label1\" content=\"Est. reading time\" \/>\n\t<meta name=\"twitter:data1\" content=\"1 minute\" \/>\n<script type=\"application\/ld+json\" class=\"yoast-schema-graph\">{\"@context\":\"https:\/\/schema.org\",\"@graph\":[{\"@type\":\"WebPage\",\"@id\":\"https:\/\/konkret.store\/de\/produkt\/anemostat-rondo\/\",\"url\":\"https:\/\/konkret.store\/de\/produkt\/anemostat-rondo\/\",\"name\":\"Rahmenloser L\u00fcftungs- und Abgasanemostat RONDO - konkret.store\",\"isPartOf\":{\"@id\":\"https:\/\/konkret.store\/de\/#website\"},\"primaryImageOfPage\":{\"@id\":\"https:\/\/konkret.store\/de\/produkt\/anemostat-rondo\/#primaryimage\"},\"image\":{\"@id\":\"https:\/\/konkret.store\/de\/produkt\/anemostat-rondo\/#primaryimage\"},\"thumbnailUrl\":\"https:\/\/konkret.store\/app\/uploads\/2023\/08\/263323964c728530ca1267a91172.jpeg\",\"datePublished\":\"2023-08-28T11:46:28+00:00\",\"dateModified\":\"2025-03-29T22:08:14+00:00\",\"description\":\"Es ist der neueste Trend in der Hausgestaltung. Der Gipsanemostat ist Teil des Bel\u00fcftungssystems. Er wird in die Decke oder W\u00e4nde aus Gipskartonplatten eingebaut und mit der gleichen Farbe wie die umgebenden Oberfl\u00e4chen verputzt und gestrichen. Nur das \u00e4sthetische Loch in Ringform, durch das die Luft str\u00f6mt, bleibt sichtbar.\",\"breadcrumb\":{\"@id\":\"https:\/\/konkret.store\/de\/produkt\/anemostat-rondo\/#breadcrumb\"},\"inLanguage\":\"de-DE\",\"potentialAction\":[{\"@type\":\"ReadAction\",\"target\":[\"https:\/\/konkret.store\/de\/produkt\/anemostat-rondo\/\"]}]},{\"@type\":\"ImageObject\",\"inLanguage\":\"de-DE\",\"@id\":\"https:\/\/konkret.store\/de\/produkt\/anemostat-rondo\/#primaryimage\",\"url\":\"https:\/\/konkret.store\/app\/uploads\/2023\/08\/263323964c728530ca1267a91172.jpeg\",\"contentUrl\":\"https:\/\/konkret.store\/app\/uploads\/2023\/08\/263323964c728530ca1267a91172.jpeg\",\"width\":2560,\"height\":1920},{\"@type\":\"BreadcrumbList\",\"@id\":\"https:\/\/konkret.store\/de\/produkt\/anemostat-rondo\/#breadcrumb\",\"itemListElement\":[{\"@type\":\"ListItem\",\"position\":1,\"name\":\"Strona g\u0142\u00f3wna\",\"item\":\"https:\/\/konkret.store\/de\/\"},{\"@type\":\"ListItem\",\"position\":2,\"name\":\"Gesch\u00e4ft\",\"item\":\"https:\/\/konkret.store\/de\/geschaeft\/\"},{\"@type\":\"ListItem\",\"position\":3,\"name\":\"Rahmenloser L\u00fcftungs- und Abgasanemostat RONDO\"}]},{\"@type\":\"WebSite\",\"@id\":\"https:\/\/konkret.store\/de\/#website\",\"url\":\"https:\/\/konkret.store\/de\/\",\"name\":\"konkret.store\",\"description\":\"Tylko konkrety\",\"potentialAction\":[{\"@type\":\"SearchAction\",\"target\":{\"@type\":\"EntryPoint\",\"urlTemplate\":\"https:\/\/konkret.store\/de\/?s={search_term_string}\"},\"query-input\":{\"@type\":\"PropertyValueSpecification\",\"valueRequired\":true,\"valueName\":\"search_term_string\"}}],\"inLanguage\":\"de-DE\"}]}<\/script>\n<!-- \/ Yoast SEO plugin. -->","yoast_head_json":{"title":"Rahmenloser L\u00fcftungs- und Abgasanemostat RONDO - konkret.store","description":"Es ist der neueste Trend in der Hausgestaltung. Der Gipsanemostat ist Teil des Bel\u00fcftungssystems. Er wird in die Decke oder W\u00e4nde aus Gipskartonplatten eingebaut und mit der gleichen Farbe wie die umgebenden Oberfl\u00e4chen verputzt und gestrichen. Nur das \u00e4sthetische Loch in Ringform, durch das die Luft str\u00f6mt, bleibt sichtbar.","robots":{"index":"index","follow":"follow","max-snippet":"max-snippet:-1","max-image-preview":"max-image-preview:large","max-video-preview":"max-video-preview:-1"},"canonical":"https:\/\/konkret.store\/de\/produkt\/anemostat-rondo\/","og_locale":"de_DE","og_type":"article","og_title":"Rahmenloser L\u00fcftungs- und Abgasanemostat RONDO - konkret.store","og_description":"Es ist der neueste Trend in der Hausgestaltung. Der Gipsanemostat ist Teil des Bel\u00fcftungssystems. Er wird in die Decke oder W\u00e4nde aus Gipskartonplatten eingebaut und mit der gleichen Farbe wie die umgebenden Oberfl\u00e4chen verputzt und gestrichen. Nur das \u00e4sthetische Loch in Ringform, durch das die Luft str\u00f6mt, bleibt sichtbar.","og_url":"https:\/\/konkret.store\/de\/produkt\/anemostat-rondo\/","og_site_name":"konkret.store","article_publisher":"https:\/\/facebook.com\/konkret.store\/","article_modified_time":"2025-03-29T22:08:14+00:00","og_image":[{"width":2560,"height":1920,"url":"https:\/\/konkret.store\/app\/uploads\/2023\/08\/263323964c728530ca1267a91172.jpeg","type":"image\/jpeg"}],"twitter_card":"summary_large_image","twitter_misc":{"Est. reading time":"1 minute"},"schema":{"@context":"https:\/\/schema.org","@graph":[{"@type":"WebPage","@id":"https:\/\/konkret.store\/de\/produkt\/anemostat-rondo\/","url":"https:\/\/konkret.store\/de\/produkt\/anemostat-rondo\/","name":"Rahmenloser L\u00fcftungs- und Abgasanemostat RONDO - konkret.store","isPartOf":{"@id":"https:\/\/konkret.store\/de\/#website"},"primaryImageOfPage":{"@id":"https:\/\/konkret.store\/de\/produkt\/anemostat-rondo\/#primaryimage"},"image":{"@id":"https:\/\/konkret.store\/de\/produkt\/anemostat-rondo\/#primaryimage"},"thumbnailUrl":"https:\/\/konkret.store\/app\/uploads\/2023\/08\/263323964c728530ca1267a91172.jpeg","datePublished":"2023-08-28T11:46:28+00:00","dateModified":"2025-03-29T22:08:14+00:00","description":"Es ist der neueste Trend in der Hausgestaltung. Der Gipsanemostat ist Teil des Bel\u00fcftungssystems. Er wird in die Decke oder W\u00e4nde aus Gipskartonplatten eingebaut und mit der gleichen Farbe wie die umgebenden Oberfl\u00e4chen verputzt und gestrichen. Nur das \u00e4sthetische Loch in Ringform, durch das die Luft str\u00f6mt, bleibt sichtbar.","breadcrumb":{"@id":"https:\/\/konkret.store\/de\/produkt\/anemostat-rondo\/#breadcrumb"},"inLanguage":"de-DE","potentialAction":[{"@type":"ReadAction","target":["https:\/\/konkret.store\/de\/produkt\/anemostat-rondo\/"]}]},{"@type":"ImageObject","inLanguage":"de-DE","@id":"https:\/\/konkret.store\/de\/produkt\/anemostat-rondo\/#primaryimage","url":"https:\/\/konkret.store\/app\/uploads\/2023\/08\/263323964c728530ca1267a91172.jpeg","contentUrl":"https:\/\/konkret.store\/app\/uploads\/2023\/08\/263323964c728530ca1267a91172.jpeg","width":2560,"height":1920},{"@type":"BreadcrumbList","@id":"https:\/\/konkret.store\/de\/produkt\/anemostat-rondo\/#breadcrumb","itemListElement":[{"@type":"ListItem","position":1,"name":"Strona g\u0142\u00f3wna","item":"https:\/\/konkret.store\/de\/"},{"@type":"ListItem","position":2,"name":"Gesch\u00e4ft","item":"https:\/\/konkret.store\/de\/geschaeft\/"},{"@type":"ListItem","position":3,"name":"Rahmenloser L\u00fcftungs- und Abgasanemostat RONDO"}]},{"@type":"WebSite","@id":"https:\/\/konkret.store\/de\/#website","url":"https:\/\/konkret.store\/de\/","name":"konkret.store","description":"Tylko konkrety","potentialAction":[{"@type":"SearchAction","target":{"@type":"EntryPoint","urlTemplate":"https:\/\/konkret.store\/de\/?s={search_term_string}"},"query-input":{"@type":"PropertyValueSpecification","valueRequired":true,"valueName":"search_term_string"}}],"inLanguage":"de-DE"}]}},"_links":{"self":[{"href":"https:\/\/konkret.store\/de\/wp-json\/wp\/v2\/product\/24324","targetHints":{"allow":["GET"]}}],"collection":[{"href":"https:\/\/konkret.store\/de\/wp-json\/wp\/v2\/product"}],"about":[{"href":"https:\/\/konkret.store\/de\/wp-json\/wp\/v2\/types\/product"}],"wp:featuredmedia":[{"embeddable":true,"href":"https:\/\/konkret.store\/de\/wp-json\/wp\/v2\/media\/24339"}],"wp:attachment":[{"href":"https:\/\/konkret.store\/de\/wp-json\/wp\/v2\/media?parent=24324"}],"wp:term":[{"taxonomy":"product_brand","embeddable":true,"href":"https:\/\/konkret.store\/de\/wp-json\/wp\/v2\/product_brand?post=24324"},{"taxonomy":"product_cat","embeddable":true,"href":"https:\/\/konkret.store\/de\/wp-json\/wp\/v2\/product_cat?post=24324"},{"taxonomy":"product_tag","embeddable":true,"href":"https:\/\/konkret.store\/de\/wp-json\/wp\/v2\/product_tag?post=24324"}],"curies":[{"name":"wp","href":"https:\/\/api.w.org\/{rel}","templated":true}]}}