{"id":24340,"date":"2023-05-31T20:19:51","date_gmt":"2023-05-31T20:19:51","guid":{"rendered":"https:\/\/konkret.store\/product\/probki-drewna\/"},"modified":"2025-03-24T23:44:03","modified_gmt":"2025-03-24T22:44:03","slug":"eichenholzproben-9-farben","status":"publish","type":"product","link":"https:\/\/konkret.store\/de\/produkt\/eichenholzproben-9-farben\/","title":{"rendered":"Eichenholzproben \u2013 9 Farben"},"content":{"rendered":"<section class=\"image-text\">\n  <div class=\"container\">\n    <div class=\"row align-items-center\">\n      <div class=\"col-lg-6  image-text--left\">\n        <div class=\"image-text__image\">\n          <img loading=\"lazy\" decoding=\"async\" width=\"1200\" height=\"800\" src=\"https:\/\/konkret.store\/app\/uploads\/2024\/03\/12722_1.jpg\" class=\"attachment-full size-full\" alt=\"\" srcset=\"https:\/\/konkret.store\/app\/uploads\/2024\/03\/12722_1.jpg 1200w, https:\/\/konkret.store\/app\/uploads\/2024\/03\/12722_1-300x200.jpg 300w, https:\/\/konkret.store\/app\/uploads\/2024\/03\/12722_1-1024x683.jpg 1024w, https:\/\/konkret.store\/app\/uploads\/2024\/03\/12722_1-768x512.jpg 768w, https:\/\/konkret.store\/app\/uploads\/2024\/03\/12722_1-610x407.jpg 610w, https:\/\/konkret.store\/app\/uploads\/2024\/03\/12722_1-64x43.jpg 64w\" sizes=\"auto, (max-width: 1200px) 100vw, 1200px\" \/>        <\/div>\n      <\/div>\n      <div class=\"col-lg-5  offset-lg-1 \">\n                <h2><\/h2>\n        <div class=\"image-text__text\">\n          <p>Bei konkret.store verwenden wir stolz massives Eichenholz aus nachhaltigen Quellen mit FSC-Zertifizierung. Dies garantiert nicht nur au\u00dfergew\u00f6hnliche Haltbarkeit und zeitlose Qualit\u00e4t, sondern spiegelt auch unser Engagement f\u00fcr eine verantwortungsvolle Forstwirtschaft wider. Jedes M\u00f6belst\u00fcck wird so gefertigt, dass es die nat\u00fcrliche Sch\u00f6nheit des Holzes betont.<\/p>\n<p>&nbsp;<\/p>\n<p>&nbsp;<\/p>\n        <\/div>\n              <\/div>\n    <\/div>\n  <\/div>\n<\/section>\n","protected":false},"excerpt":{"rendered":"<p>Massives Holz ist ein nat\u00fcrlicher, eleganter und edler Werkstoff. Jede Holzart hat ihren eigenen Charakter, jedes Brett ist einzigartig. Die Maserung des Holzes beeinflusst ebenfalls die Farbe.<\/p>\n<p>Wir verstehen sehr gut diejenigen, die nicht so mutig sind, den Farbton des M\u00f6belst\u00fccks online auszuw\u00e4hlen \u2013 auch wir m\u00fcssen das Holz immer genau betrachten, bevor wir es kaufen!<\/p>\n<p>Im Set sind 9 Farben enthalten.<\/p>\n","protected":false},"featured_media":24344,"template":"","meta":{"_acf_changed":true},"product_brand":[],"product_cat":[269],"product_tag":[],"class_list":{"0":"post-24340","1":"product","2":"type-product","3":"status-publish","4":"has-post-thumbnail","6":"product_cat-zubehoer","7":"product_shipping_class-kostenloser-versand","9":"first","10":"instock","11":"taxable","12":"shipping-taxable","13":"purchasable","14":"product-type-simple"},"exclude_global_add_ons":[],"addons":[],"acf":[],"yoast_head":"<!-- This site is optimized with the Yoast SEO plugin v26.8 - https:\/\/yoast.com\/product\/yoast-seo-wordpress\/ -->\n<title>Eichenholzproben \u2013 9 Farben - konkret.store<\/title>\n<meta name=\"description\" content=\"Wir bieten Muster unserer Materialien an, um Ihnen bei der besten Auswahl zu helfen.\" \/>\n<meta name=\"robots\" content=\"index, follow, max-snippet:-1, max-image-preview:large, max-video-preview:-1\" \/>\n<link rel=\"canonical\" href=\"https:\/\/konkret.store\/de\/produkt\/eichenholzproben-9-farben\/\" \/>\n<meta property=\"og:locale\" content=\"de_DE\" \/>\n<meta property=\"og:type\" content=\"article\" \/>\n<meta property=\"og:title\" content=\"Eichenholzproben \u2013 9 Farben - konkret.store\" \/>\n<meta property=\"og:description\" content=\"Wir bieten Muster unserer Materialien an, um Ihnen bei der besten Auswahl zu helfen.\" \/>\n<meta property=\"og:url\" content=\"https:\/\/konkret.store\/de\/produkt\/eichenholzproben-9-farben\/\" \/>\n<meta property=\"og:site_name\" content=\"konkret.store\" \/>\n<meta property=\"article:publisher\" content=\"https:\/\/facebook.com\/konkret.store\/\" \/>\n<meta property=\"article:modified_time\" content=\"2025-03-24T22:44:03+00:00\" \/>\n<meta name=\"twitter:card\" content=\"summary_large_image\" \/>\n<meta name=\"twitter:label1\" content=\"Est. reading time\" \/>\n\t<meta name=\"twitter:data1\" content=\"1 minute\" \/>\n<script type=\"application\/ld+json\" class=\"yoast-schema-graph\">{\"@context\":\"https:\/\/schema.org\",\"@graph\":[{\"@type\":\"WebPage\",\"@id\":\"https:\/\/konkret.store\/de\/produkt\/eichenholzproben-9-farben\/\",\"url\":\"https:\/\/konkret.store\/de\/produkt\/eichenholzproben-9-farben\/\",\"name\":\"Eichenholzproben \u2013 9 Farben - konkret.store\",\"isPartOf\":{\"@id\":\"https:\/\/konkret.store\/de\/#website\"},\"primaryImageOfPage\":{\"@id\":\"https:\/\/konkret.store\/de\/produkt\/eichenholzproben-9-farben\/#primaryimage\"},\"image\":{\"@id\":\"https:\/\/konkret.store\/de\/produkt\/eichenholzproben-9-farben\/#primaryimage\"},\"thumbnailUrl\":\"https:\/\/konkret.store\/app\/uploads\/2023\/05\/VeneerGroup_3.avif\",\"datePublished\":\"2023-05-31T20:19:51+00:00\",\"dateModified\":\"2025-03-24T22:44:03+00:00\",\"description\":\"Wir bieten Muster unserer Materialien an, um Ihnen bei der besten Auswahl zu helfen.\",\"breadcrumb\":{\"@id\":\"https:\/\/konkret.store\/de\/produkt\/eichenholzproben-9-farben\/#breadcrumb\"},\"inLanguage\":\"de-DE\",\"potentialAction\":[{\"@type\":\"ReadAction\",\"target\":[\"https:\/\/konkret.store\/de\/produkt\/eichenholzproben-9-farben\/\"]}]},{\"@type\":\"ImageObject\",\"inLanguage\":\"de-DE\",\"@id\":\"https:\/\/konkret.store\/de\/produkt\/eichenholzproben-9-farben\/#primaryimage\",\"url\":\"https:\/\/konkret.store\/app\/uploads\/2023\/05\/VeneerGroup_3.avif\",\"contentUrl\":\"https:\/\/konkret.store\/app\/uploads\/2023\/05\/VeneerGroup_3.avif\",\"width\":526,\"height\":680},{\"@type\":\"BreadcrumbList\",\"@id\":\"https:\/\/konkret.store\/de\/produkt\/eichenholzproben-9-farben\/#breadcrumb\",\"itemListElement\":[{\"@type\":\"ListItem\",\"position\":1,\"name\":\"Strona g\u0142\u00f3wna\",\"item\":\"https:\/\/konkret.store\/de\/\"},{\"@type\":\"ListItem\",\"position\":2,\"name\":\"Gesch\u00e4ft\",\"item\":\"https:\/\/konkret.store\/de\/geschaeft\/\"},{\"@type\":\"ListItem\",\"position\":3,\"name\":\"Eichenholzproben \u2013 9 Farben\"}]},{\"@type\":\"WebSite\",\"@id\":\"https:\/\/konkret.store\/de\/#website\",\"url\":\"https:\/\/konkret.store\/de\/\",\"name\":\"konkret.store\",\"description\":\"Tylko konkrety\",\"potentialAction\":[{\"@type\":\"SearchAction\",\"target\":{\"@type\":\"EntryPoint\",\"urlTemplate\":\"https:\/\/konkret.store\/de\/?s={search_term_string}\"},\"query-input\":{\"@type\":\"PropertyValueSpecification\",\"valueRequired\":true,\"valueName\":\"search_term_string\"}}],\"inLanguage\":\"de-DE\"}]}<\/script>\n<!-- \/ Yoast SEO plugin. -->","yoast_head_json":{"title":"Eichenholzproben \u2013 9 Farben - konkret.store","description":"Wir bieten Muster unserer Materialien an, um Ihnen bei der besten Auswahl zu helfen.","robots":{"index":"index","follow":"follow","max-snippet":"max-snippet:-1","max-image-preview":"max-image-preview:large","max-video-preview":"max-video-preview:-1"},"canonical":"https:\/\/konkret.store\/de\/produkt\/eichenholzproben-9-farben\/","og_locale":"de_DE","og_type":"article","og_title":"Eichenholzproben \u2013 9 Farben - konkret.store","og_description":"Wir bieten Muster unserer Materialien an, um Ihnen bei der besten Auswahl zu helfen.","og_url":"https:\/\/konkret.store\/de\/produkt\/eichenholzproben-9-farben\/","og_site_name":"konkret.store","article_publisher":"https:\/\/facebook.com\/konkret.store\/","article_modified_time":"2025-03-24T22:44:03+00:00","twitter_card":"summary_large_image","twitter_misc":{"Est. reading time":"1 minute"},"schema":{"@context":"https:\/\/schema.org","@graph":[{"@type":"WebPage","@id":"https:\/\/konkret.store\/de\/produkt\/eichenholzproben-9-farben\/","url":"https:\/\/konkret.store\/de\/produkt\/eichenholzproben-9-farben\/","name":"Eichenholzproben \u2013 9 Farben - konkret.store","isPartOf":{"@id":"https:\/\/konkret.store\/de\/#website"},"primaryImageOfPage":{"@id":"https:\/\/konkret.store\/de\/produkt\/eichenholzproben-9-farben\/#primaryimage"},"image":{"@id":"https:\/\/konkret.store\/de\/produkt\/eichenholzproben-9-farben\/#primaryimage"},"thumbnailUrl":"https:\/\/konkret.store\/app\/uploads\/2023\/05\/VeneerGroup_3.avif","datePublished":"2023-05-31T20:19:51+00:00","dateModified":"2025-03-24T22:44:03+00:00","description":"Wir bieten Muster unserer Materialien an, um Ihnen bei der besten Auswahl zu helfen.","breadcrumb":{"@id":"https:\/\/konkret.store\/de\/produkt\/eichenholzproben-9-farben\/#breadcrumb"},"inLanguage":"de-DE","potentialAction":[{"@type":"ReadAction","target":["https:\/\/konkret.store\/de\/produkt\/eichenholzproben-9-farben\/"]}]},{"@type":"ImageObject","inLanguage":"de-DE","@id":"https:\/\/konkret.store\/de\/produkt\/eichenholzproben-9-farben\/#primaryimage","url":"https:\/\/konkret.store\/app\/uploads\/2023\/05\/VeneerGroup_3.avif","contentUrl":"https:\/\/konkret.store\/app\/uploads\/2023\/05\/VeneerGroup_3.avif","width":526,"height":680},{"@type":"BreadcrumbList","@id":"https:\/\/konkret.store\/de\/produkt\/eichenholzproben-9-farben\/#breadcrumb","itemListElement":[{"@type":"ListItem","position":1,"name":"Strona g\u0142\u00f3wna","item":"https:\/\/konkret.store\/de\/"},{"@type":"ListItem","position":2,"name":"Gesch\u00e4ft","item":"https:\/\/konkret.store\/de\/geschaeft\/"},{"@type":"ListItem","position":3,"name":"Eichenholzproben \u2013 9 Farben"}]},{"@type":"WebSite","@id":"https:\/\/konkret.store\/de\/#website","url":"https:\/\/konkret.store\/de\/","name":"konkret.store","description":"Tylko konkrety","potentialAction":[{"@type":"SearchAction","target":{"@type":"EntryPoint","urlTemplate":"https:\/\/konkret.store\/de\/?s={search_term_string}"},"query-input":{"@type":"PropertyValueSpecification","valueRequired":true,"valueName":"search_term_string"}}],"inLanguage":"de-DE"}]}},"_links":{"self":[{"href":"https:\/\/konkret.store\/de\/wp-json\/wp\/v2\/product\/24340","targetHints":{"allow":["GET"]}}],"collection":[{"href":"https:\/\/konkret.store\/de\/wp-json\/wp\/v2\/product"}],"about":[{"href":"https:\/\/konkret.store\/de\/wp-json\/wp\/v2\/types\/product"}],"wp:featuredmedia":[{"embeddable":true,"href":"https:\/\/konkret.store\/de\/wp-json\/wp\/v2\/media\/24344"}],"wp:attachment":[{"href":"https:\/\/konkret.store\/de\/wp-json\/wp\/v2\/media?parent=24340"}],"wp:term":[{"taxonomy":"product_brand","embeddable":true,"href":"https:\/\/konkret.store\/de\/wp-json\/wp\/v2\/product_brand?post=24340"},{"taxonomy":"product_cat","embeddable":true,"href":"https:\/\/konkret.store\/de\/wp-json\/wp\/v2\/product_cat?post=24340"},{"taxonomy":"product_tag","embeddable":true,"href":"https:\/\/konkret.store\/de\/wp-json\/wp\/v2\/product_tag?post=24340"}],"curies":[{"name":"wp","href":"https:\/\/api.w.org\/{rel}","templated":true}]}}