{"id":24369,"date":"2023-04-08T07:42:12","date_gmt":"2023-04-08T06:42:12","guid":{"rendered":"https:\/\/konkret.store\/product\/szafka-rtv-planet-lity-dab\/"},"modified":"2025-04-24T23:03:37","modified_gmt":"2025-04-24T22:03:37","slug":"tv-schrank-auf-sockel","status":"publish","type":"product","link":"https:\/\/konkret.store\/de\/produkt\/tv-schrank-auf-sockel\/","title":{"rendered":"TV-Schrank PLANET auf Sockel \u2013 Massivholz Eiche"},"content":{"rendered":"<section class=\"image-text\">\n  <div class=\"container\">\n    <div class=\"row align-items-center\">\n      <div class=\"col-lg-6  image-text--left\">\n        <div class=\"image-text__image\">\n          <img loading=\"lazy\" decoding=\"async\" width=\"800\" height=\"434\" src=\"https:\/\/konkret.store\/app\/uploads\/2023\/04\/tv-benk-planet-heltre-eik-20240215-142421.jpeg\" class=\"attachment-full size-full\" alt=\"\" \/>        <\/div>\n      <\/div>\n      <div class=\"col-lg-5  offset-lg-1 \">\n                <h2><\/h2>\n        <div class=\"image-text__text\">\n          <p class=\"\" data-start=\"40\" data-end=\"129\">TV-Schrank aus unserer modernen M\u00f6belserie Planet, aus massivem Eichenholz gefertigt.<\/p>\n<p data-start=\"40\" data-end=\"129\">\n<p class=\"\" data-start=\"131\" data-end=\"171\">\u25b8 Schwanzflosse \u2013 Verbindungstechnik<\/p>\n<p class=\"\" data-start=\"173\" data-end=\"334\">\u25b8 Die Fernbedienung funktioniert durch die Spalten, was auch eine ausreichende Luftzirkulation f\u00fcr die in dem Schrank befindlichen Audioger\u00e4te gew\u00e4hrleistet.<\/p>\n<p class=\"\" data-start=\"336\" data-end=\"414\">\u25b8 Das M\u00f6belst\u00fcck wurde so entworfen, dass es eine Soundbar aufnehmen kann.<\/p>\n<p class=\"\" data-start=\"416\" data-end=\"461\">\u25b8 Der Schrank wird ohne R\u00fccken geliefert.<\/p>\n<p>&nbsp;<\/p>\n<h5><\/h5>\n        <\/div>\n              <\/div>\n    <\/div>\n  <\/div>\n<\/section>\n\n\n<section class=\"image-text\">\n  <div class=\"container\">\n    <div class=\"row align-items-center\">\n      <div class=\"col-lg-6  offset-lg-1  image-text--right\">\n        <div class=\"image-text__image\">\n          <img loading=\"lazy\" decoding=\"async\" width=\"3000\" height=\"3000\" src=\"https:\/\/konkret.store\/app\/uploads\/2024\/01\/MixCollage-04-Jan-2024-08-57-PM-4425-removebg.png\" class=\"attachment-full size-full\" alt=\"\" \/>        <\/div>\n      <\/div>\n      <div class=\"col-lg-5 \">\n                <h2>Wir k\u00fcmmern uns um die Details!<\/h2>\n        <div class=\"image-text__text\">\n          <div class=\"image-text__text\">\n<p>&nbsp;<\/p>\n<div class=\"image-text__text\">\n<p class=\"\" data-start=\"40\" data-end=\"133\">\u25b8 \u00d6ffnungssystem und Scharniere \u2013 h\u00f6chste Pr\u00e4zision und Qualit\u00e4t von Italiana Ferramenta\u2122<\/p>\n<p class=\"\" data-start=\"135\" data-end=\"219\">\u25b8 Die Trennw\u00e4nde haben Aussparungen f\u00fcr die Kabelf\u00fchrung innerhalb des Schranks.<\/p>\n<p class=\"\" data-start=\"221\" data-end=\"306\">\u25b8 Die obere und untere Platte sind mit Kabeldurchf\u00fchrungen ausgestattet \u2013 3\u00d71 cm.<\/p>\n<\/div>\n<\/div>\n<p><img loading=\"lazy\" decoding=\"async\" class=\"alignnone size-medium wp-image-20698\" src=\"https:\/\/konkret.store\/app\/uploads\/2023\/03\/kabel-removebg-300x127.png\" alt=\"\" width=\"300\" height=\"127\" srcset=\"https:\/\/konkret.store\/app\/uploads\/2023\/03\/kabel-removebg-300x127.png 300w, https:\/\/konkret.store\/app\/uploads\/2023\/03\/kabel-removebg-768x326.png 768w, https:\/\/konkret.store\/app\/uploads\/2023\/03\/kabel-removebg-610x259.png 610w, https:\/\/konkret.store\/app\/uploads\/2023\/03\/kabel-removebg-64x27.png 64w, https:\/\/konkret.store\/app\/uploads\/2023\/03\/kabel-removebg.png 776w\" sizes=\"auto, (max-width: 300px) 100vw, 300px\" \/><\/p>\n        <\/div>\n              <\/div>\n    <\/div>\n  <\/div>\n<\/section>\n","protected":false},"excerpt":{"rendered":"<p><strong>Der TV-Schrank Planet ist ein zeitloser und stilvoller Fernsehtisch aus massivem Eichenholz, entworfen vom Team von konkret.store. <\/strong><\/p>\n<p><strong>Ein besonderes Merkmal dieses M\u00f6belst\u00fccks ist die Front mit vertikalen Lamellen, die einen Wellen-Effekt erzeugen.<\/strong><\/p>\n<p>Hergestellt aus FSC-Holz \u00a0<a href=\"https:\/\/pl.fsc.org\/pl-pl\/sprawdz-i-znajdz-certyfikat\"><img loading=\"lazy\" decoding=\"async\" class=\"alignnone wp-image-11268 lazyloaded\" src=\"https:\/\/konkret.store\/app\/uploads\/2023\/02\/Forest_Stewardship_Council_logo-251x300.png\" alt=\"\" width=\"32\" height=\"38\" data-src=\"https:\/\/konkret.store\/app\/uploads\/2023\/02\/Forest_Stewardship_Council_logo-251x300.png\" srcset=\"https:\/\/konkret.store\/app\/uploads\/2023\/02\/Forest_Stewardship_Council_logo-251x300.png 251w, https:\/\/konkret.store\/app\/uploads\/2023\/02\/Forest_Stewardship_Council_logo-855x1024.png 855w, https:\/\/konkret.store\/app\/uploads\/2023\/02\/Forest_Stewardship_Council_logo-768x920.png 768w, https:\/\/konkret.store\/app\/uploads\/2023\/02\/Forest_Stewardship_Council_logo-610x730.png 610w, https:\/\/konkret.store\/app\/uploads\/2023\/02\/Forest_Stewardship_Council_logo-64x77.png 64w, https:\/\/konkret.store\/app\/uploads\/2023\/02\/Forest_Stewardship_Council_logo.png 1200w\" sizes=\"auto, (max-width: 32px) 100vw, 32px\" \/><\/a><\/p>\n<hr \/>\n<p>Sind Sie sich nicht sicher, welche Farbe Sie w\u00e4hlen sollen? Bestellen Sie <strong><a href=\"https:\/\/konkret.store\/de\/produkt\/eichenholzproben-9-farben\/\">sie hier<\/a><\/strong>, um Farbproben zu erhalten.<\/p>\n","protected":false},"featured_media":24386,"comment_status":"closed","ping_status":"closed","template":"","meta":{"_acf_changed":true},"product_brand":[],"product_cat":[271],"product_tag":[],"class_list":{"0":"post-24369","1":"product","2":"type-product","3":"status-publish","4":"has-post-thumbnail","6":"product_cat-unsere-konkrete","8":"first","9":"onbackorder","10":"taxable","11":"shipping-taxable","12":"purchasable","13":"product-type-simple"},"exclude_global_add_ons":false,"addons":[{"name":"Breite","type":"multiple_choice","position":0,"required":true,"title_format":"label","default":"","description_enable":false,"description":"","placeholder_enable":false,"placeholder":"","display":"select","restrictions_type":"any_text","adjust_price":false,"price":"","price_type":"flat_fee","restrictions":false,"min":"0","max":"0","options":[{"label":"120cm | 2 fronty","price":"","price_type":"quantity_based","image":0,"visibility":true},{"label":"140cm | 2 fronty","price":"500","price_type":"quantity_based","image":0,"visibility":true},{"label":"160cm | 2 fronty","price":"900","price_type":"quantity_based","image":0,"visibility":true},{"label":"180cm | 2 fronty","price":"1100","price_type":"quantity_based","image":0,"visibility":true},{"label":"200cm | 2 fronty","price":"1400","price_type":"quantity_based","image":0,"visibility":true},{"label":"220cm | 3 fronty","price":"1700","price_type":"quantity_based","image":0,"visibility":true},{"label":"240cm | 3 fronty","price":"2000","price_type":"quantity_based","image":0,"visibility":true},{"label":"260cm | 3 fronter","price":"2400","price_type":"quantity_based","image":0,"visibility":true},{"label":"280cm | 3 fronter","price":"2900","price_type":"quantity_based","image":0,"visibility":true}],"id":1744126326},{"name":"Tiefe","type":"multiple_choice","position":1,"required":true,"title_format":"label","default":"","description_enable":false,"description":"","placeholder_enable":false,"placeholder":"","display":"select","restrictions_type":"any_text","adjust_price":false,"price":"","price_type":"flat_fee","restrictions":false,"min":"0","max":"0","options":[{"label":"35cm","price":"","price_type":"quantity_based","image":0,"visibility":true},{"label":"42cm","price":"400","price_type":"quantity_based","image":0,"visibility":true},{"label":"47cm","price":"800","price_type":"quantity_based","image":0,"visibility":true}],"id":1744126327},{"name":"Gesamth\u00f6he","type":"multiple_choice","position":2,"required":true,"title_format":"label","default":"","description_enable":false,"description":"","placeholder_enable":false,"placeholder":"","display":"select","restrictions_type":"any_text","adjust_price":false,"price":"","price_type":"flat_fee","restrictions":false,"min":"0","max":"0","options":[{"label":"34 cm | 7 cm Sockel inklusive","price":"","price_type":"quantity_based","image":0,"visibility":true},{"label":"42 cm | 7 cm Sockel inklusive","price":"400","price_type":"quantity_based","image":0,"visibility":true}],"id":1744126328},{"name":"Holzfarbe","type":"multiple_choice","position":3,"required":true,"title_format":"label","default":"","description_enable":true,"description":"Jede Farbe auf dem M\u00f6belst\u00fcck ist mit Lack \u00fcberzogen, was bedeutet, dass es keine Wartung erfordert. Der Lack bietet einen soliden Schutz und minimiert den Bedarf an regelm\u00e4\u00dfiger Pflege, sodass das M\u00f6belst\u00fcck sein sch\u00f6nes Aussehen ohne zus\u00e4tzlichen Aufwand bewahren kann.\r\nHergestellt aus massivem Eichenholz oder Walnuss.","placeholder_enable":false,"placeholder":"","display":"patterns","restrictions_type":"any_text","adjust_price":false,"price":"","price_type":"flat_fee","restrictions":false,"min":"0","max":"0","options":[{"label":"24030","price":"","price_type":"quantity_based","image":0,"visibility":true},{"label":"24026","price":"45","price_type":"percentage_based","image":0,"visibility":true}],"id":1744126329},{"name":"Drahtloses Ladeger\u00e4t f\u00fcr Mobiltelefone","type":"multiple_choice","position":4,"required":true,"title_format":"label","default":"","description_enable":true,"description":"Mit dem drahtlosen Ladeger\u00e4t reicht es aus, das kompatible Telefon auf das Ladeger\u00e4t zu legen, und es beginnt sofort zu laden.","placeholder_enable":false,"placeholder":"","display":"select","restrictions_type":"any_text","adjust_price":false,"price":"","price_type":"flat_fee","restrictions":false,"min":"0","max":"0","options":[{"label":"Nein","price":"","price_type":"quantity_based","image":0,"visibility":true},{"label":"Ja","price":"300","price_type":"quantity_based","image":0,"visibility":true}],"id":1744126330},{"name":"Kudde variant","type":"multiple_choice","position":0,"required":true,"title_format":"label","default":"","description_enable":false,"description":"","placeholder_enable":false,"placeholder":"","display":"select","restrictions_type":"any_text","adjust_price":false,"price":"","price_type":"flat_fee","restrictions":false,"min":"0","max":"0","options":[{"label":"Kuba","price":"","price_type":"quantity_based","image":0,"visibility":true},{"label":"Haiti","price":"","price_type":"quantity_based","image":0,"visibility":true},{"label":"Barbados","price":"","price_type":"quantity_based","image":0,"visibility":true},{"label":"Aruba","price":"","price_type":"quantity_based","image":0,"visibility":true}]}],"acf":[],"yoast_head":"<!-- This site is optimized with the Yoast SEO plugin v26.8 - https:\/\/yoast.com\/product\/yoast-seo-wordpress\/ -->\n<title>TV-Schrank PLANET auf Sockel \u2013 Massivholz Eiche - konkret.store<\/title>\n<meta name=\"description\" content=\"Sch\u00f6ner TV-Schrank aus massivem Eichenholz. Ein besonderes Merkmal dieses M\u00f6belst\u00fccks ist die Front mit vertikalen Lamellen, die einen Wellen-Effekt erzeugen.\" \/>\n<meta name=\"robots\" content=\"index, follow, max-snippet:-1, max-image-preview:large, max-video-preview:-1\" \/>\n<link rel=\"canonical\" href=\"https:\/\/konkret.store\/de\/produkt\/tv-schrank-auf-sockel\/\" \/>\n<meta property=\"og:locale\" content=\"de_DE\" \/>\n<meta property=\"og:type\" content=\"article\" \/>\n<meta property=\"og:title\" content=\"TV-Schrank PLANET auf Sockel \u2013 Massivholz Eiche - konkret.store\" \/>\n<meta property=\"og:description\" content=\"Sch\u00f6ner TV-Schrank aus massivem Eichenholz. Ein besonderes Merkmal dieses M\u00f6belst\u00fccks ist die Front mit vertikalen Lamellen, die einen Wellen-Effekt erzeugen.\" \/>\n<meta property=\"og:url\" content=\"https:\/\/konkret.store\/de\/produkt\/tv-schrank-auf-sockel\/\" \/>\n<meta property=\"og:site_name\" content=\"konkret.store\" \/>\n<meta property=\"article:publisher\" content=\"https:\/\/facebook.com\/konkret.store\/\" \/>\n<meta property=\"article:modified_time\" content=\"2025-04-24T22:03:37+00:00\" \/>\n<meta property=\"og:image\" content=\"https:\/\/konkret.store\/app\/uploads\/2023\/04\/PLANET-removebg.jpg\" \/>\n\t<meta property=\"og:image:width\" content=\"1600\" \/>\n\t<meta property=\"og:image:height\" content=\"1600\" \/>\n\t<meta property=\"og:image:type\" content=\"image\/jpeg\" \/>\n<meta name=\"twitter:card\" content=\"summary_large_image\" \/>\n<meta name=\"twitter:label1\" content=\"Est. reading time\" \/>\n\t<meta name=\"twitter:data1\" content=\"1 minute\" \/>\n<script type=\"application\/ld+json\" class=\"yoast-schema-graph\">{\"@context\":\"https:\/\/schema.org\",\"@graph\":[{\"@type\":\"WebPage\",\"@id\":\"https:\/\/konkret.store\/de\/produkt\/tv-schrank-auf-sockel\/\",\"url\":\"https:\/\/konkret.store\/de\/produkt\/tv-schrank-auf-sockel\/\",\"name\":\"TV-Schrank PLANET auf Sockel \u2013 Massivholz Eiche - konkret.store\",\"isPartOf\":{\"@id\":\"https:\/\/konkret.store\/de\/#website\"},\"primaryImageOfPage\":{\"@id\":\"https:\/\/konkret.store\/de\/produkt\/tv-schrank-auf-sockel\/#primaryimage\"},\"image\":{\"@id\":\"https:\/\/konkret.store\/de\/produkt\/tv-schrank-auf-sockel\/#primaryimage\"},\"thumbnailUrl\":\"https:\/\/konkret.store\/app\/uploads\/2023\/04\/PLANET-removebg.jpg\",\"datePublished\":\"2023-04-08T06:42:12+00:00\",\"dateModified\":\"2025-04-24T22:03:37+00:00\",\"description\":\"Sch\u00f6ner TV-Schrank aus massivem Eichenholz. Ein besonderes Merkmal dieses M\u00f6belst\u00fccks ist die Front mit vertikalen Lamellen, die einen Wellen-Effekt erzeugen.\",\"breadcrumb\":{\"@id\":\"https:\/\/konkret.store\/de\/produkt\/tv-schrank-auf-sockel\/#breadcrumb\"},\"inLanguage\":\"de-DE\",\"potentialAction\":[{\"@type\":\"ReadAction\",\"target\":[\"https:\/\/konkret.store\/de\/produkt\/tv-schrank-auf-sockel\/\"]}]},{\"@type\":\"ImageObject\",\"inLanguage\":\"de-DE\",\"@id\":\"https:\/\/konkret.store\/de\/produkt\/tv-schrank-auf-sockel\/#primaryimage\",\"url\":\"https:\/\/konkret.store\/app\/uploads\/2023\/04\/PLANET-removebg.jpg\",\"contentUrl\":\"https:\/\/konkret.store\/app\/uploads\/2023\/04\/PLANET-removebg.jpg\",\"width\":1600,\"height\":1600},{\"@type\":\"BreadcrumbList\",\"@id\":\"https:\/\/konkret.store\/de\/produkt\/tv-schrank-auf-sockel\/#breadcrumb\",\"itemListElement\":[{\"@type\":\"ListItem\",\"position\":1,\"name\":\"Strona g\u0142\u00f3wna\",\"item\":\"https:\/\/konkret.store\/de\/\"},{\"@type\":\"ListItem\",\"position\":2,\"name\":\"Gesch\u00e4ft\",\"item\":\"https:\/\/konkret.store\/de\/geschaeft\/\"},{\"@type\":\"ListItem\",\"position\":3,\"name\":\"TV-Schrank PLANET auf Sockel \u2013 Massivholz Eiche\"}]},{\"@type\":\"WebSite\",\"@id\":\"https:\/\/konkret.store\/de\/#website\",\"url\":\"https:\/\/konkret.store\/de\/\",\"name\":\"konkret.store\",\"description\":\"Tylko konkrety\",\"potentialAction\":[{\"@type\":\"SearchAction\",\"target\":{\"@type\":\"EntryPoint\",\"urlTemplate\":\"https:\/\/konkret.store\/de\/?s={search_term_string}\"},\"query-input\":{\"@type\":\"PropertyValueSpecification\",\"valueRequired\":true,\"valueName\":\"search_term_string\"}}],\"inLanguage\":\"de-DE\"}]}<\/script>\n<!-- \/ Yoast SEO plugin. -->","yoast_head_json":{"title":"TV-Schrank PLANET auf Sockel \u2013 Massivholz Eiche - konkret.store","description":"Sch\u00f6ner TV-Schrank aus massivem Eichenholz. Ein besonderes Merkmal dieses M\u00f6belst\u00fccks ist die Front mit vertikalen Lamellen, die einen Wellen-Effekt erzeugen.","robots":{"index":"index","follow":"follow","max-snippet":"max-snippet:-1","max-image-preview":"max-image-preview:large","max-video-preview":"max-video-preview:-1"},"canonical":"https:\/\/konkret.store\/de\/produkt\/tv-schrank-auf-sockel\/","og_locale":"de_DE","og_type":"article","og_title":"TV-Schrank PLANET auf Sockel \u2013 Massivholz Eiche - konkret.store","og_description":"Sch\u00f6ner TV-Schrank aus massivem Eichenholz. Ein besonderes Merkmal dieses M\u00f6belst\u00fccks ist die Front mit vertikalen Lamellen, die einen Wellen-Effekt erzeugen.","og_url":"https:\/\/konkret.store\/de\/produkt\/tv-schrank-auf-sockel\/","og_site_name":"konkret.store","article_publisher":"https:\/\/facebook.com\/konkret.store\/","article_modified_time":"2025-04-24T22:03:37+00:00","og_image":[{"width":1600,"height":1600,"url":"https:\/\/konkret.store\/app\/uploads\/2023\/04\/PLANET-removebg.jpg","type":"image\/jpeg"}],"twitter_card":"summary_large_image","twitter_misc":{"Est. reading time":"1 minute"},"schema":{"@context":"https:\/\/schema.org","@graph":[{"@type":"WebPage","@id":"https:\/\/konkret.store\/de\/produkt\/tv-schrank-auf-sockel\/","url":"https:\/\/konkret.store\/de\/produkt\/tv-schrank-auf-sockel\/","name":"TV-Schrank PLANET auf Sockel \u2013 Massivholz Eiche - konkret.store","isPartOf":{"@id":"https:\/\/konkret.store\/de\/#website"},"primaryImageOfPage":{"@id":"https:\/\/konkret.store\/de\/produkt\/tv-schrank-auf-sockel\/#primaryimage"},"image":{"@id":"https:\/\/konkret.store\/de\/produkt\/tv-schrank-auf-sockel\/#primaryimage"},"thumbnailUrl":"https:\/\/konkret.store\/app\/uploads\/2023\/04\/PLANET-removebg.jpg","datePublished":"2023-04-08T06:42:12+00:00","dateModified":"2025-04-24T22:03:37+00:00","description":"Sch\u00f6ner TV-Schrank aus massivem Eichenholz. Ein besonderes Merkmal dieses M\u00f6belst\u00fccks ist die Front mit vertikalen Lamellen, die einen Wellen-Effekt erzeugen.","breadcrumb":{"@id":"https:\/\/konkret.store\/de\/produkt\/tv-schrank-auf-sockel\/#breadcrumb"},"inLanguage":"de-DE","potentialAction":[{"@type":"ReadAction","target":["https:\/\/konkret.store\/de\/produkt\/tv-schrank-auf-sockel\/"]}]},{"@type":"ImageObject","inLanguage":"de-DE","@id":"https:\/\/konkret.store\/de\/produkt\/tv-schrank-auf-sockel\/#primaryimage","url":"https:\/\/konkret.store\/app\/uploads\/2023\/04\/PLANET-removebg.jpg","contentUrl":"https:\/\/konkret.store\/app\/uploads\/2023\/04\/PLANET-removebg.jpg","width":1600,"height":1600},{"@type":"BreadcrumbList","@id":"https:\/\/konkret.store\/de\/produkt\/tv-schrank-auf-sockel\/#breadcrumb","itemListElement":[{"@type":"ListItem","position":1,"name":"Strona g\u0142\u00f3wna","item":"https:\/\/konkret.store\/de\/"},{"@type":"ListItem","position":2,"name":"Gesch\u00e4ft","item":"https:\/\/konkret.store\/de\/geschaeft\/"},{"@type":"ListItem","position":3,"name":"TV-Schrank PLANET auf Sockel \u2013 Massivholz Eiche"}]},{"@type":"WebSite","@id":"https:\/\/konkret.store\/de\/#website","url":"https:\/\/konkret.store\/de\/","name":"konkret.store","description":"Tylko konkrety","potentialAction":[{"@type":"SearchAction","target":{"@type":"EntryPoint","urlTemplate":"https:\/\/konkret.store\/de\/?s={search_term_string}"},"query-input":{"@type":"PropertyValueSpecification","valueRequired":true,"valueName":"search_term_string"}}],"inLanguage":"de-DE"}]}},"_links":{"self":[{"href":"https:\/\/konkret.store\/de\/wp-json\/wp\/v2\/product\/24369","targetHints":{"allow":["GET"]}}],"collection":[{"href":"https:\/\/konkret.store\/de\/wp-json\/wp\/v2\/product"}],"about":[{"href":"https:\/\/konkret.store\/de\/wp-json\/wp\/v2\/types\/product"}],"replies":[{"embeddable":true,"href":"https:\/\/konkret.store\/de\/wp-json\/wp\/v2\/comments?post=24369"}],"wp:featuredmedia":[{"embeddable":true,"href":"https:\/\/konkret.store\/de\/wp-json\/wp\/v2\/media\/24386"}],"wp:attachment":[{"href":"https:\/\/konkret.store\/de\/wp-json\/wp\/v2\/media?parent=24369"}],"wp:term":[{"taxonomy":"product_brand","embeddable":true,"href":"https:\/\/konkret.store\/de\/wp-json\/wp\/v2\/product_brand?post=24369"},{"taxonomy":"product_cat","embeddable":true,"href":"https:\/\/konkret.store\/de\/wp-json\/wp\/v2\/product_cat?post=24369"},{"taxonomy":"product_tag","embeddable":true,"href":"https:\/\/konkret.store\/de\/wp-json\/wp\/v2\/product_tag?post=24369"}],"curies":[{"name":"wp","href":"https:\/\/api.w.org\/{rel}","templated":true}]}}