{"id":24403,"date":"2023-04-03T22:24:27","date_gmt":"2023-04-03T21:24:27","guid":{"rendered":"https:\/\/konkret.store\/product\/nozkimeblowe-zestaw-03\/"},"modified":"2025-03-24T21:14:09","modified_gmt":"2025-03-24T20:14:09","slug":"moebelfuesse-03","status":"publish","type":"product","link":"https:\/\/konkret.store\/de\/produkt\/moebelfuesse-03\/","title":{"rendered":"M\u00f6belf\u00fc\u00dfe 03 \u2013 Set"},"content":{"rendered":"<section class=\"image-text\">\n  <div class=\"container\">\n    <div class=\"row align-items-center\">\n      <div class=\"col-lg-6  image-text--left\">\n        <div class=\"image-text__image\">\n          <img loading=\"lazy\" decoding=\"async\" width=\"580\" height=\"580\" src=\"https:\/\/konkret.store\/app\/uploads\/2023\/04\/Leg.jpg\" class=\"attachment-full size-full\" alt=\"\" \/>        <\/div>\n      <\/div>\n      <div class=\"col-lg-5  offset-lg-1 \">\n                <h2>Wir k\u00fcmmern uns um die Details!<\/h2>\n        <div class=\"image-text__text\">\n          <p><strong>Wie sollte der M\u00f6belfu\u00df sein?<\/strong><\/p>\n<p>Der M\u00f6belfu\u00df muss optisch zum M\u00f6belst\u00fcck passen, aber auch zum restlichen Einrichtungsstil. Manchmal ist genau das der entscheidende Faktor.<\/p>\n<p><img loading=\"lazy\" decoding=\"async\" class=\"alignnone wp-image-16049 lazyloaded\" src=\"https:\/\/konkret.store\/app\/uploads\/2023\/04\/star-removebg-300x231.png\" sizes=\"auto, (max-width: 27px) 100vw, 27px\" srcset=\"https:\/\/konkret.store\/app\/uploads\/2023\/04\/star-removebg-300x231.png 300w, https:\/\/konkret.store\/app\/uploads\/2023\/04\/star-removebg-610x469.png 610w, https:\/\/konkret.store\/app\/uploads\/2023\/04\/star-removebg-64x49.png 64w, https:\/\/konkret.store\/app\/uploads\/2023\/04\/star-removebg.png 612w\" alt=\"\" width=\"27\" height=\"21\" data-srcset=\"https:\/\/konkret.store\/app\/uploads\/2023\/04\/star-removebg-300x231.png 300w, https:\/\/konkret.store\/app\/uploads\/2023\/04\/star-removebg-610x469.png 610w, https:\/\/konkret.store\/app\/uploads\/2023\/04\/star-removebg-64x49.png 64w, https:\/\/konkret.store\/app\/uploads\/2023\/04\/star-removebg.png 612w\" data-src=\"https:\/\/konkret.store\/app\/uploads\/2023\/04\/star-removebg-300x231.png\" data-sizes=\"(max-width: 27px) 100vw, 27px\" \/> Die hohe Qualit\u00e4t der M\u00f6belf\u00fc\u00dfe sorgt f\u00fcr ein elegantes Erscheinungsbild<\/p>\n<p class=\"mgmw_wo mli8_k4 mp0t_ji munh_0 m3h2_0 mp4t_0 mqu1_1j m9qz_yq mgn2_16 mgn2_17_s mryx_8 _7030e_LKD2N\"><img loading=\"lazy\" decoding=\"async\" class=\"alignnone wp-image-16049 lazyloaded\" src=\"https:\/\/konkret.store\/app\/uploads\/2023\/04\/star-removebg-300x231.png\" sizes=\"auto, (max-width: 27px) 100vw, 27px\" srcset=\"https:\/\/konkret.store\/app\/uploads\/2023\/04\/star-removebg-300x231.png 300w, https:\/\/konkret.store\/app\/uploads\/2023\/04\/star-removebg-610x469.png 610w, https:\/\/konkret.store\/app\/uploads\/2023\/04\/star-removebg-64x49.png 64w, https:\/\/konkret.store\/app\/uploads\/2023\/04\/star-removebg.png 612w\" alt=\"\" width=\"27\" height=\"21\" data-srcset=\"https:\/\/konkret.store\/app\/uploads\/2023\/04\/star-removebg-300x231.png 300w, https:\/\/konkret.store\/app\/uploads\/2023\/04\/star-removebg-610x469.png 610w, https:\/\/konkret.store\/app\/uploads\/2023\/04\/star-removebg-64x49.png 64w, https:\/\/konkret.store\/app\/uploads\/2023\/04\/star-removebg.png 612w\" data-src=\"https:\/\/konkret.store\/app\/uploads\/2023\/04\/star-removebg-300x231.png\" data-sizes=\"(max-width: 27px) 100vw, 27px\" \/> Drehbare und verstellbare, selbstnivellierende M\u00f6belf\u00fc\u00dfe<\/p>\n<p><img loading=\"lazy\" decoding=\"async\" class=\"alignnone size-medium wp-image-22905\" src=\"https:\/\/konkret.store\/app\/uploads\/2023\/04\/nozki_meblowe-removebg-300x300.png\" alt=\"\" width=\"300\" height=\"300\" srcset=\"https:\/\/konkret.store\/app\/uploads\/2023\/04\/nozki_meblowe-removebg-300x300.png 300w, https:\/\/konkret.store\/app\/uploads\/2023\/04\/nozki_meblowe-removebg-610x610.png 610w, https:\/\/konkret.store\/app\/uploads\/2023\/04\/nozki_meblowe-removebg-100x100.png 100w, https:\/\/konkret.store\/app\/uploads\/2023\/04\/nozki_meblowe-removebg-64x64.png 64w, https:\/\/konkret.store\/app\/uploads\/2023\/04\/nozki_meblowe-removebg.png 640w\" sizes=\"auto, (max-width: 300px) 100vw, 300px\" \/><\/p>\n        <\/div>\n              <\/div>\n    <\/div>\n  <\/div>\n<\/section>\n","protected":false},"excerpt":{"rendered":"<p>Das Set besteht aus pulverbeschichtetem Stahl mit einem runden Profil. Es enth\u00e4lt 4 St\u00fcck Beine + einen St\u00fctzfu\u00df. Im Set sind auch Schrauben enthalten. Die St\u00fctzen werden in der Mitte platziert, um Stabilit\u00e4t zu gew\u00e4hrleisten.<\/p>\n<p>Die verstellbare H\u00f6he betr\u00e4gt maximal 15 mm, um H\u00f6henunterschiede auf unebenen Fl\u00e4chen auszugleichen.<\/p>\n","protected":false},"featured_media":24407,"comment_status":"closed","ping_status":"closed","template":"","meta":{"_acf_changed":true},"product_brand":[],"product_cat":[269],"product_tag":[],"class_list":{"0":"post-24403","1":"product","2":"type-product","3":"status-publish","4":"has-post-thumbnail","6":"product_cat-zubehoer","8":"first","9":"onbackorder","10":"taxable","11":"shipping-taxable","12":"purchasable","13":"product-type-simple"},"exclude_global_add_ons":false,"addons":[{"name":"Farbe","type":"multiple_choice","position":0,"required":true,"title_format":"label","default":"","description_enable":false,"description":"","placeholder_enable":false,"placeholder":"","display":"images","restrictions_type":"any_text","adjust_price":false,"price":"","price_type":"flat_fee","restrictions":false,"min":"0","max":"0","options":[{"label":"Mattschwarz","price":"","price_type":"quantity_based","image":23179,"visibility":true},{"label":"Matwei\u00df","price":"","price_type":"quantity_based","image":23181,"visibility":true}]},{"name":"H\u00f6he","type":"multiple_choice","position":1,"required":true,"title_format":"label","default":"","description_enable":false,"description":"","placeholder_enable":false,"placeholder":"","display":"select","restrictions_type":"any_text","adjust_price":false,"price":"","price_type":"flat_fee","restrictions":false,"min":"0","max":"0","options":[{"label":"10cm","price":"","price_type":"quantity_based","image":0,"visibility":true},{"label":"15cm","price":"50","price_type":"quantity_based","image":0,"visibility":true},{"label":"20cm","price":"80","price_type":"quantity_based","image":0,"visibility":true}]},{"name":"Kudde variant","type":"multiple_choice","position":0,"required":true,"title_format":"label","default":"","description_enable":false,"description":"","placeholder_enable":false,"placeholder":"","display":"select","restrictions_type":"any_text","adjust_price":false,"price":"","price_type":"flat_fee","restrictions":false,"min":"0","max":"0","options":[{"label":"Kuba","price":"","price_type":"quantity_based","image":0,"visibility":true},{"label":"Haiti","price":"","price_type":"quantity_based","image":0,"visibility":true},{"label":"Barbados","price":"","price_type":"quantity_based","image":0,"visibility":true},{"label":"Aruba","price":"","price_type":"quantity_based","image":0,"visibility":true}]}],"acf":[],"yoast_head":"<!-- This site is optimized with the Yoast SEO plugin v26.8 - https:\/\/yoast.com\/product\/yoast-seo-wordpress\/ -->\n<title>M\u00f6belf\u00fc\u00dfe 03 \u2013 Set - konkret.store<\/title>\n<meta name=\"description\" content=\"Das Set besteht aus pulverbeschichtetem Stahl mit einem runden Profil. Es enth\u00e4lt 4 St\u00fcck Beine + einen St\u00fctzfu\u00df. Im Set sind auch Schrauben enthalten. Die St\u00fctzen werden in der Mitte platziert, um Stabilit\u00e4t zu gew\u00e4hrleisten. Die verstellbare H\u00f6he betr\u00e4gt maximal 15 mm, um H\u00f6henunterschiede auf unebenen Fl\u00e4chen auszugleichen.\" \/>\n<meta name=\"robots\" content=\"index, follow, max-snippet:-1, max-image-preview:large, max-video-preview:-1\" \/>\n<link rel=\"canonical\" href=\"https:\/\/konkret.store\/de\/produkt\/moebelfuesse-03\/\" \/>\n<meta property=\"og:locale\" content=\"de_DE\" \/>\n<meta property=\"og:type\" content=\"article\" \/>\n<meta property=\"og:title\" content=\"M\u00f6belf\u00fc\u00dfe 03 \u2013 Set - konkret.store\" \/>\n<meta property=\"og:description\" content=\"Das Set besteht aus pulverbeschichtetem Stahl mit einem runden Profil. Es enth\u00e4lt 4 St\u00fcck Beine + einen St\u00fctzfu\u00df. Im Set sind auch Schrauben enthalten. Die St\u00fctzen werden in der Mitte platziert, um Stabilit\u00e4t zu gew\u00e4hrleisten. Die verstellbare H\u00f6he betr\u00e4gt maximal 15 mm, um H\u00f6henunterschiede auf unebenen Fl\u00e4chen auszugleichen.\" \/>\n<meta property=\"og:url\" content=\"https:\/\/konkret.store\/de\/produkt\/moebelfuesse-03\/\" \/>\n<meta property=\"og:site_name\" content=\"konkret.store\" \/>\n<meta property=\"article:publisher\" content=\"https:\/\/facebook.com\/konkret.store\/\" \/>\n<meta property=\"article:modified_time\" content=\"2025-03-24T20:14:09+00:00\" \/>\n<meta property=\"og:image\" content=\"https:\/\/konkret.store\/app\/uploads\/2023\/04\/NOGA_SET_3_B-removebg-preview.png\" \/>\n\t<meta property=\"og:image:width\" content=\"500\" \/>\n\t<meta property=\"og:image:height\" content=\"500\" \/>\n\t<meta property=\"og:image:type\" content=\"image\/png\" \/>\n<meta name=\"twitter:card\" content=\"summary_large_image\" \/>\n<meta name=\"twitter:label1\" content=\"Est. reading time\" \/>\n\t<meta name=\"twitter:data1\" content=\"1 minute\" \/>\n<script type=\"application\/ld+json\" class=\"yoast-schema-graph\">{\"@context\":\"https:\/\/schema.org\",\"@graph\":[{\"@type\":\"WebPage\",\"@id\":\"https:\/\/konkret.store\/de\/produkt\/moebelfuesse-03\/\",\"url\":\"https:\/\/konkret.store\/de\/produkt\/moebelfuesse-03\/\",\"name\":\"M\u00f6belf\u00fc\u00dfe 03 \u2013 Set - konkret.store\",\"isPartOf\":{\"@id\":\"https:\/\/konkret.store\/de\/#website\"},\"primaryImageOfPage\":{\"@id\":\"https:\/\/konkret.store\/de\/produkt\/moebelfuesse-03\/#primaryimage\"},\"image\":{\"@id\":\"https:\/\/konkret.store\/de\/produkt\/moebelfuesse-03\/#primaryimage\"},\"thumbnailUrl\":\"https:\/\/konkret.store\/app\/uploads\/2023\/04\/NOGA_SET_3_B-removebg-preview.png\",\"datePublished\":\"2023-04-03T21:24:27+00:00\",\"dateModified\":\"2025-03-24T20:14:09+00:00\",\"description\":\"Das Set besteht aus pulverbeschichtetem Stahl mit einem runden Profil. Es enth\u00e4lt 4 St\u00fcck Beine + einen St\u00fctzfu\u00df. Im Set sind auch Schrauben enthalten. Die St\u00fctzen werden in der Mitte platziert, um Stabilit\u00e4t zu gew\u00e4hrleisten. Die verstellbare H\u00f6he betr\u00e4gt maximal 15 mm, um H\u00f6henunterschiede auf unebenen Fl\u00e4chen auszugleichen.\",\"breadcrumb\":{\"@id\":\"https:\/\/konkret.store\/de\/produkt\/moebelfuesse-03\/#breadcrumb\"},\"inLanguage\":\"de-DE\",\"potentialAction\":[{\"@type\":\"ReadAction\",\"target\":[\"https:\/\/konkret.store\/de\/produkt\/moebelfuesse-03\/\"]}]},{\"@type\":\"ImageObject\",\"inLanguage\":\"de-DE\",\"@id\":\"https:\/\/konkret.store\/de\/produkt\/moebelfuesse-03\/#primaryimage\",\"url\":\"https:\/\/konkret.store\/app\/uploads\/2023\/04\/NOGA_SET_3_B-removebg-preview.png\",\"contentUrl\":\"https:\/\/konkret.store\/app\/uploads\/2023\/04\/NOGA_SET_3_B-removebg-preview.png\",\"width\":500,\"height\":500},{\"@type\":\"BreadcrumbList\",\"@id\":\"https:\/\/konkret.store\/de\/produkt\/moebelfuesse-03\/#breadcrumb\",\"itemListElement\":[{\"@type\":\"ListItem\",\"position\":1,\"name\":\"Strona g\u0142\u00f3wna\",\"item\":\"https:\/\/konkret.store\/de\/\"},{\"@type\":\"ListItem\",\"position\":2,\"name\":\"Gesch\u00e4ft\",\"item\":\"https:\/\/konkret.store\/de\/geschaeft\/\"},{\"@type\":\"ListItem\",\"position\":3,\"name\":\"M\u00f6belf\u00fc\u00dfe 03 \u2013 Set\"}]},{\"@type\":\"WebSite\",\"@id\":\"https:\/\/konkret.store\/de\/#website\",\"url\":\"https:\/\/konkret.store\/de\/\",\"name\":\"konkret.store\",\"description\":\"Tylko konkrety\",\"potentialAction\":[{\"@type\":\"SearchAction\",\"target\":{\"@type\":\"EntryPoint\",\"urlTemplate\":\"https:\/\/konkret.store\/de\/?s={search_term_string}\"},\"query-input\":{\"@type\":\"PropertyValueSpecification\",\"valueRequired\":true,\"valueName\":\"search_term_string\"}}],\"inLanguage\":\"de-DE\"}]}<\/script>\n<!-- \/ Yoast SEO plugin. -->","yoast_head_json":{"title":"M\u00f6belf\u00fc\u00dfe 03 \u2013 Set - konkret.store","description":"Das Set besteht aus pulverbeschichtetem Stahl mit einem runden Profil. Es enth\u00e4lt 4 St\u00fcck Beine + einen St\u00fctzfu\u00df. Im Set sind auch Schrauben enthalten. Die St\u00fctzen werden in der Mitte platziert, um Stabilit\u00e4t zu gew\u00e4hrleisten. Die verstellbare H\u00f6he betr\u00e4gt maximal 15 mm, um H\u00f6henunterschiede auf unebenen Fl\u00e4chen auszugleichen.","robots":{"index":"index","follow":"follow","max-snippet":"max-snippet:-1","max-image-preview":"max-image-preview:large","max-video-preview":"max-video-preview:-1"},"canonical":"https:\/\/konkret.store\/de\/produkt\/moebelfuesse-03\/","og_locale":"de_DE","og_type":"article","og_title":"M\u00f6belf\u00fc\u00dfe 03 \u2013 Set - konkret.store","og_description":"Das Set besteht aus pulverbeschichtetem Stahl mit einem runden Profil. Es enth\u00e4lt 4 St\u00fcck Beine + einen St\u00fctzfu\u00df. Im Set sind auch Schrauben enthalten. Die St\u00fctzen werden in der Mitte platziert, um Stabilit\u00e4t zu gew\u00e4hrleisten. Die verstellbare H\u00f6he betr\u00e4gt maximal 15 mm, um H\u00f6henunterschiede auf unebenen Fl\u00e4chen auszugleichen.","og_url":"https:\/\/konkret.store\/de\/produkt\/moebelfuesse-03\/","og_site_name":"konkret.store","article_publisher":"https:\/\/facebook.com\/konkret.store\/","article_modified_time":"2025-03-24T20:14:09+00:00","og_image":[{"width":500,"height":500,"url":"https:\/\/konkret.store\/app\/uploads\/2023\/04\/NOGA_SET_3_B-removebg-preview.png","type":"image\/png"}],"twitter_card":"summary_large_image","twitter_misc":{"Est. reading time":"1 minute"},"schema":{"@context":"https:\/\/schema.org","@graph":[{"@type":"WebPage","@id":"https:\/\/konkret.store\/de\/produkt\/moebelfuesse-03\/","url":"https:\/\/konkret.store\/de\/produkt\/moebelfuesse-03\/","name":"M\u00f6belf\u00fc\u00dfe 03 \u2013 Set - konkret.store","isPartOf":{"@id":"https:\/\/konkret.store\/de\/#website"},"primaryImageOfPage":{"@id":"https:\/\/konkret.store\/de\/produkt\/moebelfuesse-03\/#primaryimage"},"image":{"@id":"https:\/\/konkret.store\/de\/produkt\/moebelfuesse-03\/#primaryimage"},"thumbnailUrl":"https:\/\/konkret.store\/app\/uploads\/2023\/04\/NOGA_SET_3_B-removebg-preview.png","datePublished":"2023-04-03T21:24:27+00:00","dateModified":"2025-03-24T20:14:09+00:00","description":"Das Set besteht aus pulverbeschichtetem Stahl mit einem runden Profil. Es enth\u00e4lt 4 St\u00fcck Beine + einen St\u00fctzfu\u00df. Im Set sind auch Schrauben enthalten. Die St\u00fctzen werden in der Mitte platziert, um Stabilit\u00e4t zu gew\u00e4hrleisten. Die verstellbare H\u00f6he betr\u00e4gt maximal 15 mm, um H\u00f6henunterschiede auf unebenen Fl\u00e4chen auszugleichen.","breadcrumb":{"@id":"https:\/\/konkret.store\/de\/produkt\/moebelfuesse-03\/#breadcrumb"},"inLanguage":"de-DE","potentialAction":[{"@type":"ReadAction","target":["https:\/\/konkret.store\/de\/produkt\/moebelfuesse-03\/"]}]},{"@type":"ImageObject","inLanguage":"de-DE","@id":"https:\/\/konkret.store\/de\/produkt\/moebelfuesse-03\/#primaryimage","url":"https:\/\/konkret.store\/app\/uploads\/2023\/04\/NOGA_SET_3_B-removebg-preview.png","contentUrl":"https:\/\/konkret.store\/app\/uploads\/2023\/04\/NOGA_SET_3_B-removebg-preview.png","width":500,"height":500},{"@type":"BreadcrumbList","@id":"https:\/\/konkret.store\/de\/produkt\/moebelfuesse-03\/#breadcrumb","itemListElement":[{"@type":"ListItem","position":1,"name":"Strona g\u0142\u00f3wna","item":"https:\/\/konkret.store\/de\/"},{"@type":"ListItem","position":2,"name":"Gesch\u00e4ft","item":"https:\/\/konkret.store\/de\/geschaeft\/"},{"@type":"ListItem","position":3,"name":"M\u00f6belf\u00fc\u00dfe 03 \u2013 Set"}]},{"@type":"WebSite","@id":"https:\/\/konkret.store\/de\/#website","url":"https:\/\/konkret.store\/de\/","name":"konkret.store","description":"Tylko konkrety","potentialAction":[{"@type":"SearchAction","target":{"@type":"EntryPoint","urlTemplate":"https:\/\/konkret.store\/de\/?s={search_term_string}"},"query-input":{"@type":"PropertyValueSpecification","valueRequired":true,"valueName":"search_term_string"}}],"inLanguage":"de-DE"}]}},"_links":{"self":[{"href":"https:\/\/konkret.store\/de\/wp-json\/wp\/v2\/product\/24403","targetHints":{"allow":["GET"]}}],"collection":[{"href":"https:\/\/konkret.store\/de\/wp-json\/wp\/v2\/product"}],"about":[{"href":"https:\/\/konkret.store\/de\/wp-json\/wp\/v2\/types\/product"}],"replies":[{"embeddable":true,"href":"https:\/\/konkret.store\/de\/wp-json\/wp\/v2\/comments?post=24403"}],"wp:featuredmedia":[{"embeddable":true,"href":"https:\/\/konkret.store\/de\/wp-json\/wp\/v2\/media\/24407"}],"wp:attachment":[{"href":"https:\/\/konkret.store\/de\/wp-json\/wp\/v2\/media?parent=24403"}],"wp:term":[{"taxonomy":"product_brand","embeddable":true,"href":"https:\/\/konkret.store\/de\/wp-json\/wp\/v2\/product_brand?post=24403"},{"taxonomy":"product_cat","embeddable":true,"href":"https:\/\/konkret.store\/de\/wp-json\/wp\/v2\/product_cat?post=24403"},{"taxonomy":"product_tag","embeddable":true,"href":"https:\/\/konkret.store\/de\/wp-json\/wp\/v2\/product_tag?post=24403"}],"curies":[{"name":"wp","href":"https:\/\/api.w.org\/{rel}","templated":true}]}}