{"id":24427,"date":"2023-03-15T11:28:11","date_gmt":"2023-03-15T10:28:11","guid":{"rendered":"https:\/\/konkret.store\/product\/szafkanocna-air\/"},"modified":"2025-04-24T15:10:29","modified_gmt":"2025-04-24T14:10:29","slug":"nachttisch-air","status":"publish","type":"product","link":"https:\/\/konkret.store\/de\/produkt\/nachttisch-air\/","title":{"rendered":"Nachttisch AIR"},"content":{"rendered":"<section class=\"image-text\">\n  <div class=\"container\">\n    <div class=\"row align-items-center\">\n      <div class=\"col-lg-6  image-text--left\">\n        <div class=\"image-text__image\">\n          <img loading=\"lazy\" decoding=\"async\" width=\"639\" height=\"800\" src=\"https:\/\/konkret.store\/app\/uploads\/2023\/03\/nattbord-air-20240215-143632.jpeg\" class=\"attachment-full size-full\" alt=\"\" \/>        <\/div>\n      <\/div>\n      <div class=\"col-lg-5  offset-lg-1 \">\n                <h2><\/h2>\n        <div class=\"image-text__text\">\n          <p>Der Nachttisch ist aus 18 mm starker Platte gefertigt, die verleimt, verschraubt und vollst\u00e4ndig montiert wurde, anschlie\u00dfend furniert, lackiert usw. Diese Konstruktion gew\u00e4hrleistet eine hohe Stabilit\u00e4t und Tragf\u00e4higkeit.<\/p>\n<p>\u25b8 Erh\u00e4ltlich in vielen Farben und Materialien<\/p>\n<p>\u25b8 Schubladenbeleuchtung \u2013 ein Sensor schaltet das Licht automatisch beim \u00d6ffnen der Schublade ein<\/p>\n<p>\u25b8 Zus\u00e4tzlich befindet sich unter dem Nachttisch eine integrierte LED-Beleuchtung mit Dimmfunktion<\/p>\n<p>\u25b8\u00a0Der Boden der Schublade ist mit schwarzem Kunstleder ausgelegt<\/p>\n<p>&nbsp;<\/p>\n<p>&nbsp;<\/p>\n        <\/div>\n              <\/div>\n    <\/div>\n  <\/div>\n<\/section>\n","protected":false},"excerpt":{"rendered":"<p>Air ist eine moderne Serie von Regalen, Nachttischen und TV-Schr\u00e4nken im skandinavischen Stil.<br \/>\nAir ist eine intelligente L\u00f6sung \u2013 Nachttisch, Regal und kabellose Ladestation f\u00fcr Ihr Smartphone in einem!<\/p>\n<hr \/>\n<p>Die Beine k\u00f6nnen separat gekauft werden f\u00fcr diejenigen, die keine M\u00f6glichkeit haben, die M\u00f6bel an der Wand zu befestigen \u2013<strong><a href=\"https:\/\/konkret.store\/de\/produkt-kategorie\/zubehoer\/\"> klicken Sie hier.<\/a><\/strong><\/p>\n","protected":false},"featured_media":24432,"template":"","meta":{"_acf_changed":true},"product_brand":[],"product_cat":[271],"product_tag":[],"class_list":{"0":"post-24427","1":"product","2":"type-product","3":"status-publish","4":"has-post-thumbnail","6":"product_cat-unsere-konkrete","8":"first","9":"onbackorder","10":"taxable","11":"shipping-taxable","12":"purchasable","13":"product-type-simple"},"exclude_global_add_ons":false,"addons":[{"name":"Breite","type":"multiple_choice","position":0,"required":true,"title_format":"label","default":"","description_enable":false,"description":"","placeholder_enable":false,"placeholder":"","display":"select","restrictions_type":"any_text","adjust_price":false,"price":"","price_type":"flat_fee","restrictions":false,"min":"0","max":"0","options":[{"label":"25cm","price":"","price_type":"quantity_based","image":0,"visibility":true},{"label":"30cm","price":"100","price_type":"quantity_based","image":0,"visibility":true},{"label":"35cm","price":"200","price_type":"quantity_based","image":0,"visibility":true}],"id":1745447922},{"name":"Tiefe","type":"multiple_choice","position":1,"required":true,"title_format":"label","default":"","description_enable":false,"description":"","placeholder_enable":false,"placeholder":"","display":"select","restrictions_type":"any_text","adjust_price":false,"price":"","price_type":"flat_fee","restrictions":false,"min":"0","max":"0","options":[{"label":"30cm","price":"","price_type":"quantity_based","image":0,"visibility":true},{"label":"35cm","price":"100","price_type":"quantity_based","image":0,"visibility":true},{"label":"40cm","price":"200","price_type":"quantity_based","image":0,"visibility":true}],"id":1745447923},{"name":"H\u00f6he","type":"multiple_choice","position":2,"required":true,"title_format":"label","default":"","description_enable":false,"description":"","placeholder_enable":false,"placeholder":"","display":"select","restrictions_type":"any_text","adjust_price":false,"price":"","price_type":"flat_fee","restrictions":false,"min":"0","max":"0","options":[{"label":"20 cm | nur Schublade","price":"","price_type":"quantity_based","image":0,"visibility":true},{"label":"25 cm | nur Schublade","price":"100","price_type":"quantity_based","image":0,"visibility":true},{"label":"30cm","price":"300","price_type":"quantity_based","image":0,"visibility":true},{"label":"35cm","price":"300","price_type":"quantity_based","image":0,"visibility":true}],"id":1745447924},{"name":"Material","type":"multiple_choice","position":3,"required":true,"title_format":"label","default":"","description_enable":true,"description":"Erh\u00e4ltlich in verschiedenen Farben und Materialien.","placeholder_enable":false,"placeholder":"","display":"patterns","restrictions_type":"any_text","adjust_price":false,"price":"","price_type":"flat_fee","restrictions":false,"min":"0","max":"0","options":[{"label":"24037","price":"","price_type":"percentage_based","image":0,"visibility":true},{"label":"24029","price":"20","price_type":"percentage_based","image":0,"visibility":true},{"label":"24027","price":"30","price_type":"percentage_based","image":0,"visibility":true},{"label":"24035","price":"30","price_type":"percentage_based","image":0,"visibility":true},{"label":"24036","price":"40","price_type":"percentage_based","image":0,"visibility":true}],"id":1745447925},{"name":"Kabeldurchf\u00fchrung","type":"multiple_choice","position":4,"required":true,"title_format":"label","default":"","description_enable":true,"description":"Die Kabeldurchf\u00fchrung an der Oberseite erleichtert das Verlegen der Kabel ins Innere des Nachttischs.","placeholder_enable":false,"placeholder":"","display":"select","restrictions_type":"any_text","adjust_price":false,"price":"","price_type":"flat_fee","restrictions":false,"min":"0","max":"0","options":[{"label":"Ohne Kabeldurchf\u00fchrung","price":"","price_type":"quantity_based","image":0,"visibility":true},{"label":"mit Kabeldurchf\u00fchrung 3\u00d71 cm | oberer Bodenrahmen (Abdeckplatte)","price":"","price_type":"quantity_based","image":0,"visibility":true}],"id":1745447926},{"name":"Drahtloses Ladeger\u00e4t f\u00fcr Mobiltelefone","type":"multiple_choice","position":5,"required":true,"title_format":"label","default":"","description_enable":true,"description":"Mit dem drahtlosen Ladeger\u00e4t reicht es aus, das kompatible Telefon auf das Ladeger\u00e4t zu legen, und es beginnt sofort zu laden.","placeholder_enable":false,"placeholder":"","display":"select","restrictions_type":"any_text","adjust_price":false,"price":"","price_type":"flat_fee","restrictions":false,"min":"0","max":"0","options":[{"label":"Nein","price":"","price_type":"quantity_based","image":0,"visibility":true},{"label":"Ja","price":"300","price_type":"quantity_based","image":0,"visibility":true}],"id":1745447927},{"name":"LED-Beleuchtung mit Dimmfunktion","type":"multiple_choice","position":6,"required":true,"title_format":"label","default":"","description_enable":true,"description":"Das integrierte LED-Profil wurde an der Unterseite der Tischplatte montiert, um ein effektvolles indirektes Licht zu erzeugen. Der versteckte Schalter befindet sich auf der oberen Platte.\r\nFarbe: Warmwei\u00df (3000K).","placeholder_enable":false,"placeholder":"","display":"select","restrictions_type":"any_text","adjust_price":false,"price":"","price_type":"flat_fee","restrictions":false,"min":"0","max":"0","options":[{"label":"Nein","price":"","price_type":"quantity_based","image":0,"visibility":true},{"label":"Ja","price":"250","price_type":"quantity_based","image":0,"visibility":true}],"id":1745447928},{"name":"Kudde variant","type":"multiple_choice","position":0,"required":true,"title_format":"label","default":"","description_enable":false,"description":"","placeholder_enable":false,"placeholder":"","display":"select","restrictions_type":"any_text","adjust_price":false,"price":"","price_type":"flat_fee","restrictions":false,"min":"0","max":"0","options":[{"label":"Kuba","price":"","price_type":"quantity_based","image":0,"visibility":true},{"label":"Haiti","price":"","price_type":"quantity_based","image":0,"visibility":true},{"label":"Barbados","price":"","price_type":"quantity_based","image":0,"visibility":true},{"label":"Aruba","price":"","price_type":"quantity_based","image":0,"visibility":true}]}],"acf":[],"yoast_head":"<!-- This site is optimized with the Yoast SEO plugin v26.8 - https:\/\/yoast.com\/product\/yoast-seo-wordpress\/ -->\n<title>Nachttisch AIR - konkret.store<\/title>\n<meta name=\"description\" content=\"Air ist eine moderne Serie von Regalen, Nachttischen und TV-Schr\u00e4nken im skandinavischen Stil. Air ist eine intelligente L\u00f6sung \u2013 Nachttisch, Regal und kabellose Ladestation f\u00fcr Ihr Smartphone in einem!\" \/>\n<meta name=\"robots\" content=\"index, follow, max-snippet:-1, max-image-preview:large, max-video-preview:-1\" \/>\n<link rel=\"canonical\" href=\"https:\/\/konkret.store\/de\/produkt\/nachttisch-air\/\" \/>\n<meta property=\"og:locale\" content=\"de_DE\" \/>\n<meta property=\"og:type\" content=\"article\" \/>\n<meta property=\"og:title\" content=\"Nachttisch AIR - konkret.store\" \/>\n<meta property=\"og:description\" content=\"Air ist eine moderne Serie von Regalen, Nachttischen und TV-Schr\u00e4nken im skandinavischen Stil. Air ist eine intelligente L\u00f6sung \u2013 Nachttisch, Regal und kabellose Ladestation f\u00fcr Ihr Smartphone in einem!\" \/>\n<meta property=\"og:url\" content=\"https:\/\/konkret.store\/de\/produkt\/nachttisch-air\/\" \/>\n<meta property=\"og:site_name\" content=\"konkret.store\" \/>\n<meta property=\"article:publisher\" content=\"https:\/\/facebook.com\/konkret.store\/\" \/>\n<meta property=\"article:modified_time\" content=\"2025-04-24T14:10:29+00:00\" \/>\n<meta property=\"og:image\" content=\"https:\/\/konkret.store\/app\/uploads\/2023\/03\/nattbord-air-med-tradlos-lader-for-mobiltelefon-removebg-2-removebg-preview-1.png\" \/>\n\t<meta property=\"og:image:width\" content=\"600\" \/>\n\t<meta property=\"og:image:height\" content=\"601\" \/>\n\t<meta property=\"og:image:type\" content=\"image\/png\" \/>\n<meta name=\"twitter:card\" content=\"summary_large_image\" \/>\n<meta name=\"twitter:label1\" content=\"Est. reading time\" \/>\n\t<meta name=\"twitter:data1\" content=\"1 minute\" \/>\n<script type=\"application\/ld+json\" class=\"yoast-schema-graph\">{\"@context\":\"https:\/\/schema.org\",\"@graph\":[{\"@type\":\"WebPage\",\"@id\":\"https:\/\/konkret.store\/de\/produkt\/nachttisch-air\/\",\"url\":\"https:\/\/konkret.store\/de\/produkt\/nachttisch-air\/\",\"name\":\"Nachttisch AIR - konkret.store\",\"isPartOf\":{\"@id\":\"https:\/\/konkret.store\/de\/#website\"},\"primaryImageOfPage\":{\"@id\":\"https:\/\/konkret.store\/de\/produkt\/nachttisch-air\/#primaryimage\"},\"image\":{\"@id\":\"https:\/\/konkret.store\/de\/produkt\/nachttisch-air\/#primaryimage\"},\"thumbnailUrl\":\"https:\/\/konkret.store\/app\/uploads\/2023\/03\/nattbord-air-med-tradlos-lader-for-mobiltelefon-removebg-2-removebg-preview-1.png\",\"datePublished\":\"2023-03-15T10:28:11+00:00\",\"dateModified\":\"2025-04-24T14:10:29+00:00\",\"description\":\"Air ist eine moderne Serie von Regalen, Nachttischen und TV-Schr\u00e4nken im skandinavischen Stil. Air ist eine intelligente L\u00f6sung \u2013 Nachttisch, Regal und kabellose Ladestation f\u00fcr Ihr Smartphone in einem!\",\"breadcrumb\":{\"@id\":\"https:\/\/konkret.store\/de\/produkt\/nachttisch-air\/#breadcrumb\"},\"inLanguage\":\"de-DE\",\"potentialAction\":[{\"@type\":\"ReadAction\",\"target\":[\"https:\/\/konkret.store\/de\/produkt\/nachttisch-air\/\"]}]},{\"@type\":\"ImageObject\",\"inLanguage\":\"de-DE\",\"@id\":\"https:\/\/konkret.store\/de\/produkt\/nachttisch-air\/#primaryimage\",\"url\":\"https:\/\/konkret.store\/app\/uploads\/2023\/03\/nattbord-air-med-tradlos-lader-for-mobiltelefon-removebg-2-removebg-preview-1.png\",\"contentUrl\":\"https:\/\/konkret.store\/app\/uploads\/2023\/03\/nattbord-air-med-tradlos-lader-for-mobiltelefon-removebg-2-removebg-preview-1.png\",\"width\":600,\"height\":601},{\"@type\":\"BreadcrumbList\",\"@id\":\"https:\/\/konkret.store\/de\/produkt\/nachttisch-air\/#breadcrumb\",\"itemListElement\":[{\"@type\":\"ListItem\",\"position\":1,\"name\":\"Strona g\u0142\u00f3wna\",\"item\":\"https:\/\/konkret.store\/de\/\"},{\"@type\":\"ListItem\",\"position\":2,\"name\":\"Gesch\u00e4ft\",\"item\":\"https:\/\/konkret.store\/de\/geschaeft\/\"},{\"@type\":\"ListItem\",\"position\":3,\"name\":\"Nachttisch AIR\"}]},{\"@type\":\"WebSite\",\"@id\":\"https:\/\/konkret.store\/de\/#website\",\"url\":\"https:\/\/konkret.store\/de\/\",\"name\":\"konkret.store\",\"description\":\"Tylko konkrety\",\"potentialAction\":[{\"@type\":\"SearchAction\",\"target\":{\"@type\":\"EntryPoint\",\"urlTemplate\":\"https:\/\/konkret.store\/de\/?s={search_term_string}\"},\"query-input\":{\"@type\":\"PropertyValueSpecification\",\"valueRequired\":true,\"valueName\":\"search_term_string\"}}],\"inLanguage\":\"de-DE\"}]}<\/script>\n<!-- \/ Yoast SEO plugin. -->","yoast_head_json":{"title":"Nachttisch AIR - konkret.store","description":"Air ist eine moderne Serie von Regalen, Nachttischen und TV-Schr\u00e4nken im skandinavischen Stil. Air ist eine intelligente L\u00f6sung \u2013 Nachttisch, Regal und kabellose Ladestation f\u00fcr Ihr Smartphone in einem!","robots":{"index":"index","follow":"follow","max-snippet":"max-snippet:-1","max-image-preview":"max-image-preview:large","max-video-preview":"max-video-preview:-1"},"canonical":"https:\/\/konkret.store\/de\/produkt\/nachttisch-air\/","og_locale":"de_DE","og_type":"article","og_title":"Nachttisch AIR - konkret.store","og_description":"Air ist eine moderne Serie von Regalen, Nachttischen und TV-Schr\u00e4nken im skandinavischen Stil. Air ist eine intelligente L\u00f6sung \u2013 Nachttisch, Regal und kabellose Ladestation f\u00fcr Ihr Smartphone in einem!","og_url":"https:\/\/konkret.store\/de\/produkt\/nachttisch-air\/","og_site_name":"konkret.store","article_publisher":"https:\/\/facebook.com\/konkret.store\/","article_modified_time":"2025-04-24T14:10:29+00:00","og_image":[{"width":600,"height":601,"url":"https:\/\/konkret.store\/app\/uploads\/2023\/03\/nattbord-air-med-tradlos-lader-for-mobiltelefon-removebg-2-removebg-preview-1.png","type":"image\/png"}],"twitter_card":"summary_large_image","twitter_misc":{"Est. reading time":"1 minute"},"schema":{"@context":"https:\/\/schema.org","@graph":[{"@type":"WebPage","@id":"https:\/\/konkret.store\/de\/produkt\/nachttisch-air\/","url":"https:\/\/konkret.store\/de\/produkt\/nachttisch-air\/","name":"Nachttisch AIR - konkret.store","isPartOf":{"@id":"https:\/\/konkret.store\/de\/#website"},"primaryImageOfPage":{"@id":"https:\/\/konkret.store\/de\/produkt\/nachttisch-air\/#primaryimage"},"image":{"@id":"https:\/\/konkret.store\/de\/produkt\/nachttisch-air\/#primaryimage"},"thumbnailUrl":"https:\/\/konkret.store\/app\/uploads\/2023\/03\/nattbord-air-med-tradlos-lader-for-mobiltelefon-removebg-2-removebg-preview-1.png","datePublished":"2023-03-15T10:28:11+00:00","dateModified":"2025-04-24T14:10:29+00:00","description":"Air ist eine moderne Serie von Regalen, Nachttischen und TV-Schr\u00e4nken im skandinavischen Stil. Air ist eine intelligente L\u00f6sung \u2013 Nachttisch, Regal und kabellose Ladestation f\u00fcr Ihr Smartphone in einem!","breadcrumb":{"@id":"https:\/\/konkret.store\/de\/produkt\/nachttisch-air\/#breadcrumb"},"inLanguage":"de-DE","potentialAction":[{"@type":"ReadAction","target":["https:\/\/konkret.store\/de\/produkt\/nachttisch-air\/"]}]},{"@type":"ImageObject","inLanguage":"de-DE","@id":"https:\/\/konkret.store\/de\/produkt\/nachttisch-air\/#primaryimage","url":"https:\/\/konkret.store\/app\/uploads\/2023\/03\/nattbord-air-med-tradlos-lader-for-mobiltelefon-removebg-2-removebg-preview-1.png","contentUrl":"https:\/\/konkret.store\/app\/uploads\/2023\/03\/nattbord-air-med-tradlos-lader-for-mobiltelefon-removebg-2-removebg-preview-1.png","width":600,"height":601},{"@type":"BreadcrumbList","@id":"https:\/\/konkret.store\/de\/produkt\/nachttisch-air\/#breadcrumb","itemListElement":[{"@type":"ListItem","position":1,"name":"Strona g\u0142\u00f3wna","item":"https:\/\/konkret.store\/de\/"},{"@type":"ListItem","position":2,"name":"Gesch\u00e4ft","item":"https:\/\/konkret.store\/de\/geschaeft\/"},{"@type":"ListItem","position":3,"name":"Nachttisch AIR"}]},{"@type":"WebSite","@id":"https:\/\/konkret.store\/de\/#website","url":"https:\/\/konkret.store\/de\/","name":"konkret.store","description":"Tylko konkrety","potentialAction":[{"@type":"SearchAction","target":{"@type":"EntryPoint","urlTemplate":"https:\/\/konkret.store\/de\/?s={search_term_string}"},"query-input":{"@type":"PropertyValueSpecification","valueRequired":true,"valueName":"search_term_string"}}],"inLanguage":"de-DE"}]}},"_links":{"self":[{"href":"https:\/\/konkret.store\/de\/wp-json\/wp\/v2\/product\/24427","targetHints":{"allow":["GET"]}}],"collection":[{"href":"https:\/\/konkret.store\/de\/wp-json\/wp\/v2\/product"}],"about":[{"href":"https:\/\/konkret.store\/de\/wp-json\/wp\/v2\/types\/product"}],"wp:featuredmedia":[{"embeddable":true,"href":"https:\/\/konkret.store\/de\/wp-json\/wp\/v2\/media\/24432"}],"wp:attachment":[{"href":"https:\/\/konkret.store\/de\/wp-json\/wp\/v2\/media?parent=24427"}],"wp:term":[{"taxonomy":"product_brand","embeddable":true,"href":"https:\/\/konkret.store\/de\/wp-json\/wp\/v2\/product_brand?post=24427"},{"taxonomy":"product_cat","embeddable":true,"href":"https:\/\/konkret.store\/de\/wp-json\/wp\/v2\/product_cat?post=24427"},{"taxonomy":"product_tag","embeddable":true,"href":"https:\/\/konkret.store\/de\/wp-json\/wp\/v2\/product_tag?post=24427"}],"curies":[{"name":"wp","href":"https:\/\/api.w.org\/{rel}","templated":true}]}}