{"id":24433,"date":"2023-03-09T20:52:04","date_gmt":"2023-03-09T19:52:04","guid":{"rendered":"https:\/\/konkret.store\/product\/szafkartv-pablo\/"},"modified":"2025-04-24T15:09:28","modified_gmt":"2025-04-24T14:09:28","slug":"tv-schrank-pablo","status":"publish","type":"product","link":"https:\/\/konkret.store\/de\/produkt\/tv-schrank-pablo\/","title":{"rendered":"TV-Schrank PABLO mit Stofffront"},"content":{"rendered":"<section class=\"image-text\">\n  <div class=\"container\">\n    <div class=\"row align-items-center\">\n      <div class=\"col-lg-6  image-text--left\">\n        <div class=\"image-text__image\">\n          <img loading=\"lazy\" decoding=\"async\" width=\"800\" height=\"800\" src=\"https:\/\/konkret.store\/app\/uploads\/2024\/01\/Pablo-amerikansk-valnott-finer.jpeg\" class=\"attachment-full size-full\" alt=\"\" \/>        <\/div>\n      <\/div>\n      <div class=\"col-lg-5  offset-lg-1 \">\n                <h2>Wir achten auf jedes Detail!<\/h2>\n        <div class=\"image-text__text\">\n          <p class=\"\" data-start=\"42\" data-end=\"248\">Der Schrank besteht aus 18 mm starker Platte, die verleimt, verschraubt und vollst\u00e4ndig montiert wird, bevor sie furniert, lackiert usw. wird. Diese Konstruktion sorgt f\u00fcr hohe Stabilit\u00e4t und Tragf\u00e4higkeit.<\/p>\n<p class=\"\" data-start=\"250\" data-end=\"421\">\u25b8\u00a0Das Signal der Fernbedienung funktioniert durch den Stoff hindurch, was gleichzeitig eine gute Luftzirkulation f\u00fcr die im Schrank befindlichen Audioger\u00e4te gew\u00e4hrleistet.<\/p>\n<p class=\"\" data-start=\"423\" data-end=\"466\">\u25b8\u00a0Der Schrank wird ohne R\u00fcckwand geliefert.<\/p>\n<p class=\"\" data-start=\"468\" data-end=\"540\">\u25b8\u00a0Die Trennw\u00e4nde im Inneren verf\u00fcgen \u00fcber Aussparungen zur Kabelf\u00fchrung.<\/p>\n        <\/div>\n              <\/div>\n    <\/div>\n  <\/div>\n<\/section>\n\n\n<section class=\"image-text\">\n  <div class=\"container\">\n    <div class=\"row align-items-center\">\n      <div class=\"col-lg-6  offset-lg-1  image-text--right\">\n        <div class=\"image-text__image\">\n          <img loading=\"lazy\" decoding=\"async\" width=\"800\" height=\"736\" src=\"https:\/\/konkret.store\/app\/uploads\/2023\/03\/Tv_benk_Pablo_dorer-removebg-20240215-143812.png\" class=\"attachment-full size-full\" alt=\"\" \/>        <\/div>\n      <\/div>\n      <div class=\"col-lg-5 \">\n                <h2><\/h2>\n        <div class=\"image-text__text\">\n          <p>&nbsp;<\/p>\n<p>\u25b8\u00a0Scharniere \u2013 von sehr hoher Pr\u00e4zision und Qualit\u00e4t, hergestellt von <strong data-start=\"106\" data-end=\"115\">Blum\u2122<\/strong><\/p>\n<p>\u25b8 \u00d6ffnungssystem \u2013 \u00e4u\u00dferst pr\u00e4zise und hochwertig, von <strong data-start=\"173\" data-end=\"197\">Italiana Ferramenta\u2122<\/strong><\/p>\n<p>\u25b8 Die Trennw\u00e4nde verf\u00fcgen \u00fcber Aussparungen zur Kabelf\u00fchrung im Inneren des Schranks<\/p>\n<h5><\/h5>\n        <\/div>\n              <\/div>\n    <\/div>\n  <\/div>\n<\/section>\n","protected":false},"excerpt":{"rendered":"<p><strong>Du bist ganz bestimmt jemand, der Wert auf \u00c4sthetik im eigenen Zuhause legt! Pablo ist ein \u00e4u\u00dferst eleganter TV-Schrank, inspiriert von moderner Architektur.<\/strong><\/p>\n<hr \/>\n<p>Die Beine k\u00f6nnen separat gekauft werden f\u00fcr diejenigen, die keine M\u00f6glichkeit haben, die M\u00f6bel an der Wand zu befestigen \u2013<strong><a href=\"https:\/\/konkret.store\/de\/produkt-kategorie\/zubehoer\/\"> klicken Sie hier<\/a><\/strong><\/p>\n<p>&nbsp;<\/p>\n","protected":false},"featured_media":24435,"comment_status":"closed","ping_status":"closed","template":"","meta":{"_acf_changed":true},"product_brand":[],"product_cat":[271],"product_tag":[],"class_list":{"0":"post-24433","1":"product","2":"type-product","3":"status-publish","4":"has-post-thumbnail","6":"product_cat-unsere-konkrete","8":"first","9":"onbackorder","10":"taxable","11":"shipping-taxable","12":"purchasable","13":"product-type-simple"},"exclude_global_add_ons":false,"addons":[{"name":"Breite","type":"multiple_choice","position":0,"required":true,"title_format":"label","default":"","description_enable":false,"description":"","placeholder_enable":false,"placeholder":"","display":"select","restrictions_type":"any_text","adjust_price":false,"price":"","price_type":"flat_fee","restrictions":false,"min":"0","max":"0","options":[{"label":"180cm","price":"","price_type":"quantity_based","image":0,"visibility":true},{"label":"200cm","price":"250","price_type":"quantity_based","image":0,"visibility":true},{"label":"220cm","price":"500","price_type":"quantity_based","image":0,"visibility":true},{"label":"240cm","price":"800","price_type":"quantity_based","image":0,"visibility":true},{"label":"270cm","price":"1200","price_type":"quantity_based","image":0,"visibility":true}],"id":1745363932},{"name":"Tiefe","type":"multiple_choice","position":1,"required":true,"title_format":"label","default":"","description_enable":false,"description":"","placeholder_enable":false,"placeholder":"","display":"select","restrictions_type":"any_text","adjust_price":false,"price":"","price_type":"flat_fee","restrictions":false,"min":"0","max":"0","options":[{"label":"35cm","price":"","price_type":"quantity_based","image":0,"visibility":true},{"label":"42cm","price":"100","price_type":"quantity_based","image":0,"visibility":true},{"label":"47cm","price":"200","price_type":"quantity_based","image":0,"visibility":true}],"id":1745363933},{"name":"H\u00f6he","type":"multiple_choice","position":2,"required":true,"title_format":"label","default":"","description_enable":false,"description":"","placeholder_enable":false,"placeholder":"","display":"select","restrictions_type":"any_text","adjust_price":false,"price":"","price_type":"flat_fee","restrictions":false,"min":"0","max":"0","options":[{"label":"30cm","price":"","price_type":"quantity_based","image":0,"visibility":true},{"label":"35cm","price":"100","price_type":"quantity_based","image":0,"visibility":true},{"label":"40cm","price":"200","price_type":"quantity_based","image":0,"visibility":true}],"id":1745363934},{"name":"Material","type":"multiple_choice","position":3,"required":true,"title_format":"label","default":"","description_enable":true,"description":"Erh\u00e4ltlich in verschiedenen Farben und Materialien","placeholder_enable":false,"placeholder":"","display":"patterns","restrictions_type":"any_text","adjust_price":false,"price":"","price_type":"flat_fee","restrictions":false,"min":"0","max":"0","options":[{"label":"24037","price":"","price_type":"percentage_based","image":0,"visibility":true},{"label":"24029","price":"15","price_type":"percentage_based","image":0,"visibility":true},{"label":"24027","price":"25","price_type":"percentage_based","image":0,"visibility":true},{"label":"24035","price":"25","price_type":"percentage_based","image":0,"visibility":true},{"label":"24036","price":"30","price_type":"percentage_based","image":0,"visibility":true}],"id":1745363935},{"name":"Stofffarbe","type":"multiple_choice","position":4,"required":true,"title_format":"label","default":"","description_enable":false,"description":"","placeholder_enable":false,"placeholder":"","display":"patterns","restrictions_type":"any_text","adjust_price":false,"price":"","price_type":"flat_fee","restrictions":false,"min":"0","max":"0","options":[{"label":"24025","price":"","price_type":"quantity_based","image":0,"visibility":true}],"id":1745363936},{"name":"Kabeldurchf\u00fchrung","type":"multiple_choice","position":5,"required":true,"title_format":"label","default":"","description_enable":true,"description":"Die Kabeldurchf\u00fchrung an der Oberseite erleichtert das Verlegen der Kabel ins Innere des TV-Schranks.","placeholder_enable":false,"placeholder":"","display":"select","restrictions_type":"any_text","adjust_price":false,"price":"","price_type":"flat_fee","restrictions":false,"min":"0","max":"0","options":[{"label":"Ohne Kabeldurchf\u00fchrung","price":"","price_type":"quantity_based","image":0,"visibility":true},{"label":"Mit Kabeldurchf\u00fchrung","price":"","price_type":"quantity_based","image":0,"visibility":true}],"id":1745363937},{"name":"Drahtloses Ladeger\u00e4t f\u00fcr Mobiltelefone","type":"multiple_choice","position":6,"required":true,"title_format":"label","default":"","description_enable":true,"description":"Mit dem drahtlosen Ladeger\u00e4t reicht es aus, das kompatible Telefon auf das Ladeger\u00e4t zu legen, und es beginnt sofort zu laden.","placeholder_enable":false,"placeholder":"","display":"select","restrictions_type":"any_text","adjust_price":false,"price":"","price_type":"flat_fee","restrictions":false,"min":"0","max":"0","options":[{"label":"Nein","price":"","price_type":"quantity_based","image":0,"visibility":true},{"label":"Ja","price":"300","price_type":"quantity_based","image":0,"visibility":true}],"id":1745363938},{"name":"LED-Beleuchtung mit Dimmfunktion","type":"multiple_choice","position":7,"required":true,"title_format":"label","default":"","description_enable":true,"description":"Das integrierte LED-Profil wurde an der Unterseite der Tischplatte montiert, um ein effektvolles indirektes Licht zu erzeugen. Der versteckte Schalter befindet sich auf der oberen Platte.\r\nFarbe: Warmwei\u00df (3000K).","placeholder_enable":false,"placeholder":"","display":"select","restrictions_type":"any_text","adjust_price":false,"price":"","price_type":"flat_fee","restrictions":false,"min":"0","max":"0","options":[{"label":"Nein","price":"","price_type":"quantity_based","image":0,"visibility":true},{"label":"Ja","price":"380","price_type":"quantity_based","image":0,"visibility":true}],"id":1745363939},{"name":"Kudde variant","type":"multiple_choice","position":0,"required":true,"title_format":"label","default":"","description_enable":false,"description":"","placeholder_enable":false,"placeholder":"","display":"select","restrictions_type":"any_text","adjust_price":false,"price":"","price_type":"flat_fee","restrictions":false,"min":"0","max":"0","options":[{"label":"Kuba","price":"","price_type":"quantity_based","image":0,"visibility":true},{"label":"Haiti","price":"","price_type":"quantity_based","image":0,"visibility":true},{"label":"Barbados","price":"","price_type":"quantity_based","image":0,"visibility":true},{"label":"Aruba","price":"","price_type":"quantity_based","image":0,"visibility":true}]}],"acf":[],"yoast_head":"<!-- This site is optimized with the Yoast SEO plugin v26.8 - https:\/\/yoast.com\/product\/yoast-seo-wordpress\/ -->\n<title>TV-Schrank PABLO mit Stofffront - konkret.store<\/title>\n<meta name=\"description\" content=\"Du bist ganz bestimmt jemand, der Wert auf \u00c4sthetik im eigenen Zuhause legt! Pablo ist ein \u00e4u\u00dferst eleganter TV-Schrank, inspiriert von moderner Architektur. Du kannst selbst entscheiden, ob du ihn auf den Boden stellst oder an der Wand montierst.\" \/>\n<meta name=\"robots\" content=\"index, follow, max-snippet:-1, max-image-preview:large, max-video-preview:-1\" \/>\n<link rel=\"canonical\" href=\"https:\/\/konkret.store\/de\/produkt\/tv-schrank-pablo\/\" \/>\n<meta property=\"og:locale\" content=\"de_DE\" \/>\n<meta property=\"og:type\" content=\"article\" \/>\n<meta property=\"og:title\" content=\"TV-Schrank PABLO mit Stofffront - konkret.store\" \/>\n<meta property=\"og:description\" content=\"Du bist ganz bestimmt jemand, der Wert auf \u00c4sthetik im eigenen Zuhause legt! Pablo ist ein \u00e4u\u00dferst eleganter TV-Schrank, inspiriert von moderner Architektur. Du kannst selbst entscheiden, ob du ihn auf den Boden stellst oder an der Wand montierst.\" \/>\n<meta property=\"og:url\" content=\"https:\/\/konkret.store\/de\/produkt\/tv-schrank-pablo\/\" \/>\n<meta property=\"og:site_name\" content=\"konkret.store\" \/>\n<meta property=\"article:publisher\" content=\"https:\/\/facebook.com\/konkret.store\/\" \/>\n<meta property=\"article:modified_time\" content=\"2025-04-24T14:09:28+00:00\" \/>\n<meta property=\"og:image\" content=\"https:\/\/konkret.store\/app\/uploads\/2023\/03\/Tv-benk-Pablo-ra-eik-effekt-removebg.png\" \/>\n\t<meta property=\"og:image:width\" content=\"800\" \/>\n\t<meta property=\"og:image:height\" content=\"736\" \/>\n\t<meta property=\"og:image:type\" content=\"image\/png\" \/>\n<meta name=\"twitter:card\" content=\"summary_large_image\" \/>\n<meta name=\"twitter:label1\" content=\"Est. reading time\" \/>\n\t<meta name=\"twitter:data1\" content=\"1 minute\" \/>\n<script type=\"application\/ld+json\" class=\"yoast-schema-graph\">{\"@context\":\"https:\/\/schema.org\",\"@graph\":[{\"@type\":\"WebPage\",\"@id\":\"https:\/\/konkret.store\/de\/produkt\/tv-schrank-pablo\/\",\"url\":\"https:\/\/konkret.store\/de\/produkt\/tv-schrank-pablo\/\",\"name\":\"TV-Schrank PABLO mit Stofffront - konkret.store\",\"isPartOf\":{\"@id\":\"https:\/\/konkret.store\/de\/#website\"},\"primaryImageOfPage\":{\"@id\":\"https:\/\/konkret.store\/de\/produkt\/tv-schrank-pablo\/#primaryimage\"},\"image\":{\"@id\":\"https:\/\/konkret.store\/de\/produkt\/tv-schrank-pablo\/#primaryimage\"},\"thumbnailUrl\":\"https:\/\/konkret.store\/app\/uploads\/2023\/03\/Tv-benk-Pablo-ra-eik-effekt-removebg.png\",\"datePublished\":\"2023-03-09T19:52:04+00:00\",\"dateModified\":\"2025-04-24T14:09:28+00:00\",\"description\":\"Du bist ganz bestimmt jemand, der Wert auf \u00c4sthetik im eigenen Zuhause legt! Pablo ist ein \u00e4u\u00dferst eleganter TV-Schrank, inspiriert von moderner Architektur. Du kannst selbst entscheiden, ob du ihn auf den Boden stellst oder an der Wand montierst.\",\"breadcrumb\":{\"@id\":\"https:\/\/konkret.store\/de\/produkt\/tv-schrank-pablo\/#breadcrumb\"},\"inLanguage\":\"de-DE\",\"potentialAction\":[{\"@type\":\"ReadAction\",\"target\":[\"https:\/\/konkret.store\/de\/produkt\/tv-schrank-pablo\/\"]}]},{\"@type\":\"ImageObject\",\"inLanguage\":\"de-DE\",\"@id\":\"https:\/\/konkret.store\/de\/produkt\/tv-schrank-pablo\/#primaryimage\",\"url\":\"https:\/\/konkret.store\/app\/uploads\/2023\/03\/Tv-benk-Pablo-ra-eik-effekt-removebg.png\",\"contentUrl\":\"https:\/\/konkret.store\/app\/uploads\/2023\/03\/Tv-benk-Pablo-ra-eik-effekt-removebg.png\",\"width\":800,\"height\":736},{\"@type\":\"BreadcrumbList\",\"@id\":\"https:\/\/konkret.store\/de\/produkt\/tv-schrank-pablo\/#breadcrumb\",\"itemListElement\":[{\"@type\":\"ListItem\",\"position\":1,\"name\":\"Strona g\u0142\u00f3wna\",\"item\":\"https:\/\/konkret.store\/de\/\"},{\"@type\":\"ListItem\",\"position\":2,\"name\":\"Gesch\u00e4ft\",\"item\":\"https:\/\/konkret.store\/de\/geschaeft\/\"},{\"@type\":\"ListItem\",\"position\":3,\"name\":\"TV-Schrank PABLO mit Stofffront\"}]},{\"@type\":\"WebSite\",\"@id\":\"https:\/\/konkret.store\/de\/#website\",\"url\":\"https:\/\/konkret.store\/de\/\",\"name\":\"konkret.store\",\"description\":\"Tylko konkrety\",\"potentialAction\":[{\"@type\":\"SearchAction\",\"target\":{\"@type\":\"EntryPoint\",\"urlTemplate\":\"https:\/\/konkret.store\/de\/?s={search_term_string}\"},\"query-input\":{\"@type\":\"PropertyValueSpecification\",\"valueRequired\":true,\"valueName\":\"search_term_string\"}}],\"inLanguage\":\"de-DE\"}]}<\/script>\n<!-- \/ Yoast SEO plugin. -->","yoast_head_json":{"title":"TV-Schrank PABLO mit Stofffront - konkret.store","description":"Du bist ganz bestimmt jemand, der Wert auf \u00c4sthetik im eigenen Zuhause legt! Pablo ist ein \u00e4u\u00dferst eleganter TV-Schrank, inspiriert von moderner Architektur. Du kannst selbst entscheiden, ob du ihn auf den Boden stellst oder an der Wand montierst.","robots":{"index":"index","follow":"follow","max-snippet":"max-snippet:-1","max-image-preview":"max-image-preview:large","max-video-preview":"max-video-preview:-1"},"canonical":"https:\/\/konkret.store\/de\/produkt\/tv-schrank-pablo\/","og_locale":"de_DE","og_type":"article","og_title":"TV-Schrank PABLO mit Stofffront - konkret.store","og_description":"Du bist ganz bestimmt jemand, der Wert auf \u00c4sthetik im eigenen Zuhause legt! Pablo ist ein \u00e4u\u00dferst eleganter TV-Schrank, inspiriert von moderner Architektur. Du kannst selbst entscheiden, ob du ihn auf den Boden stellst oder an der Wand montierst.","og_url":"https:\/\/konkret.store\/de\/produkt\/tv-schrank-pablo\/","og_site_name":"konkret.store","article_publisher":"https:\/\/facebook.com\/konkret.store\/","article_modified_time":"2025-04-24T14:09:28+00:00","og_image":[{"width":800,"height":736,"url":"https:\/\/konkret.store\/app\/uploads\/2023\/03\/Tv-benk-Pablo-ra-eik-effekt-removebg.png","type":"image\/png"}],"twitter_card":"summary_large_image","twitter_misc":{"Est. reading time":"1 minute"},"schema":{"@context":"https:\/\/schema.org","@graph":[{"@type":"WebPage","@id":"https:\/\/konkret.store\/de\/produkt\/tv-schrank-pablo\/","url":"https:\/\/konkret.store\/de\/produkt\/tv-schrank-pablo\/","name":"TV-Schrank PABLO mit Stofffront - konkret.store","isPartOf":{"@id":"https:\/\/konkret.store\/de\/#website"},"primaryImageOfPage":{"@id":"https:\/\/konkret.store\/de\/produkt\/tv-schrank-pablo\/#primaryimage"},"image":{"@id":"https:\/\/konkret.store\/de\/produkt\/tv-schrank-pablo\/#primaryimage"},"thumbnailUrl":"https:\/\/konkret.store\/app\/uploads\/2023\/03\/Tv-benk-Pablo-ra-eik-effekt-removebg.png","datePublished":"2023-03-09T19:52:04+00:00","dateModified":"2025-04-24T14:09:28+00:00","description":"Du bist ganz bestimmt jemand, der Wert auf \u00c4sthetik im eigenen Zuhause legt! Pablo ist ein \u00e4u\u00dferst eleganter TV-Schrank, inspiriert von moderner Architektur. Du kannst selbst entscheiden, ob du ihn auf den Boden stellst oder an der Wand montierst.","breadcrumb":{"@id":"https:\/\/konkret.store\/de\/produkt\/tv-schrank-pablo\/#breadcrumb"},"inLanguage":"de-DE","potentialAction":[{"@type":"ReadAction","target":["https:\/\/konkret.store\/de\/produkt\/tv-schrank-pablo\/"]}]},{"@type":"ImageObject","inLanguage":"de-DE","@id":"https:\/\/konkret.store\/de\/produkt\/tv-schrank-pablo\/#primaryimage","url":"https:\/\/konkret.store\/app\/uploads\/2023\/03\/Tv-benk-Pablo-ra-eik-effekt-removebg.png","contentUrl":"https:\/\/konkret.store\/app\/uploads\/2023\/03\/Tv-benk-Pablo-ra-eik-effekt-removebg.png","width":800,"height":736},{"@type":"BreadcrumbList","@id":"https:\/\/konkret.store\/de\/produkt\/tv-schrank-pablo\/#breadcrumb","itemListElement":[{"@type":"ListItem","position":1,"name":"Strona g\u0142\u00f3wna","item":"https:\/\/konkret.store\/de\/"},{"@type":"ListItem","position":2,"name":"Gesch\u00e4ft","item":"https:\/\/konkret.store\/de\/geschaeft\/"},{"@type":"ListItem","position":3,"name":"TV-Schrank PABLO mit Stofffront"}]},{"@type":"WebSite","@id":"https:\/\/konkret.store\/de\/#website","url":"https:\/\/konkret.store\/de\/","name":"konkret.store","description":"Tylko konkrety","potentialAction":[{"@type":"SearchAction","target":{"@type":"EntryPoint","urlTemplate":"https:\/\/konkret.store\/de\/?s={search_term_string}"},"query-input":{"@type":"PropertyValueSpecification","valueRequired":true,"valueName":"search_term_string"}}],"inLanguage":"de-DE"}]}},"_links":{"self":[{"href":"https:\/\/konkret.store\/de\/wp-json\/wp\/v2\/product\/24433","targetHints":{"allow":["GET"]}}],"collection":[{"href":"https:\/\/konkret.store\/de\/wp-json\/wp\/v2\/product"}],"about":[{"href":"https:\/\/konkret.store\/de\/wp-json\/wp\/v2\/types\/product"}],"replies":[{"embeddable":true,"href":"https:\/\/konkret.store\/de\/wp-json\/wp\/v2\/comments?post=24433"}],"wp:featuredmedia":[{"embeddable":true,"href":"https:\/\/konkret.store\/de\/wp-json\/wp\/v2\/media\/24435"}],"wp:attachment":[{"href":"https:\/\/konkret.store\/de\/wp-json\/wp\/v2\/media?parent=24433"}],"wp:term":[{"taxonomy":"product_brand","embeddable":true,"href":"https:\/\/konkret.store\/de\/wp-json\/wp\/v2\/product_brand?post=24433"},{"taxonomy":"product_cat","embeddable":true,"href":"https:\/\/konkret.store\/de\/wp-json\/wp\/v2\/product_cat?post=24433"},{"taxonomy":"product_tag","embeddable":true,"href":"https:\/\/konkret.store\/de\/wp-json\/wp\/v2\/product_tag?post=24433"}],"curies":[{"name":"wp","href":"https:\/\/api.w.org\/{rel}","templated":true}]}}