{"id":24434,"date":"2023-03-09T10:26:33","date_gmt":"2023-03-09T10:26:33","guid":{"rendered":"https:\/\/konkret.store\/product\/szafkartv-air\/"},"modified":"2026-03-08T08:37:30","modified_gmt":"2026-03-08T07:37:30","slug":"schrank-air","status":"publish","type":"product","link":"https:\/\/konkret.store\/de\/produkt\/schrank-air\/","title":{"rendered":"RTV-Schrank AIR mit Fronten aus Stoff"},"content":{"rendered":"<section class=\"image-text\">\n  <div class=\"container\">\n    <div class=\"row align-items-center\">\n      <div class=\"col-lg-6  image-text--left\">\n        <div class=\"image-text__image\">\n                                    <div class=\"videoContainer\">\n                <video src=\"https:\/\/konkret.store\/app\/uploads\/2023\/03\/AIR-2.mp4\" controls webkit-playsinline playsinline loop muted autoplay><\/video>\n              <\/div>\n                              <\/div>\n      <\/div>\n      <div class=\"col-lg-5  offset-lg-1 \">\n                <h2><\/h2>\n        <div class=\"image-text__text\">\n          <p>Ein luxuri\u00f6ser Akzent f\u00fcr Ihr Zuhause!<\/p>\n<pre>Im Video: Air in der wandh\u00e4ngenden Version\r\n\r\nL\u00e4nge: 180 cm\r\n\r\nTiefe: 30 cm\r\n\r\nH\u00f6he: 30 cm\r\n\r\nFarbe: EGGER \u2013 Soft Black<\/pre>\n        <\/div>\n              <\/div>\n    <\/div>\n  <\/div>\n<\/section>\n\n\n<section class=\"image-text\">\n  <div class=\"container\">\n    <div class=\"row align-items-center\">\n      <div class=\"col-lg-6  offset-lg-1  image-text--right\">\n        <div class=\"image-text__image\">\n          <img loading=\"lazy\" decoding=\"async\" width=\"800\" height=\"736\" src=\"https:\/\/konkret.store\/app\/uploads\/2023\/03\/tv-benk_air-removebg-20240215-144008.png\" class=\"attachment-full size-full\" alt=\"\" \/>        <\/div>\n      <\/div>\n      <div class=\"col-lg-5 \">\n                <h2><\/h2>\n        <div class=\"image-text__text\">\n          <p>Der Schrank ist aus 18 mm starker Platte gefertigt, die verleimt, verschraubt und vollst\u00e4ndig montiert wurde, anschlie\u00dfend furniert, lackiert usw. Diese Konstruktion gew\u00e4hrleistet eine hohe Stabilit\u00e4t und Tragf\u00e4higkeit.<\/p>\n<p>&nbsp;<\/p>\n<p>\u25b8\u00a0Das Infrarotsignal der Fernbedienung funktioniert durch den Stoff hindurch, was zugleich f\u00fcr eine gute Luftzirkulation f\u00fcr die im Schrank untergebrachten Audioger\u00e4te sorgt.<\/p>\n<p>\u25b8\u00a0Das M\u00f6belst\u00fcck ist so konzipiert, dass es Platz f\u00fcr eine Soundbar bietet.<\/p>\n<p>\u25b8\u00a0Der Schrank wird ohne R\u00fcckwand geliefert.<\/p>\n<p>\u25b8\u00a0Die trennenden Zwischenw\u00e4nde verf\u00fcgen \u00fcber Aussparungen zur Kabelf\u00fchrung im Inneren des Schranks.<\/p>\n<p>&nbsp;<\/p>\n<h5><\/h5>\n        <\/div>\n              <\/div>\n    <\/div>\n  <\/div>\n<\/section>\n\n\n<section class=\"image-text\">\n  <div class=\"container\">\n    <div class=\"row align-items-center\">\n      <div class=\"col-lg-6  image-text--left\">\n        <div class=\"image-text__image\">\n          <img loading=\"lazy\" decoding=\"async\" width=\"1512\" height=\"2016\" src=\"https:\/\/konkret.store\/app\/uploads\/2023\/03\/IMG_5593-rotated-1.jpeg\" class=\"attachment-full size-full\" alt=\"\" \/>        <\/div>\n      <\/div>\n      <div class=\"col-lg-5  offset-lg-1 \">\n                <h2>Wir achten auf die Details!<\/h2>\n        <div class=\"image-text__text\">\n          <p><span style=\"text-align: var(--bs-body-text-align);\">\u25b8 Scharniere \u2013 von sehr hoher Pr\u00e4zision und Qualit\u00e4t, hergestellt von Blum\u2122<\/span><\/p>\n<p><span style=\"text-align: var(--bs-body-text-align);\">\u25b8 \u00d6ffnungssystem \u2013 h\u00f6chste Pr\u00e4zision und Qualit\u00e4t von Italiana Ferramenta\u2122\u00a0<\/span><\/p>\n<p><span style=\"text-align: var(--bs-body-text-align);\">\u25b8\u00a0Die trennenden Zwischenw\u00e4nde verf\u00fcgen \u00fcber Aussparungen zur Kabelf\u00fchrung im Inneren des Schranks\u00a0<\/span><\/p>\n<div class=\"image-text__text\">\n<p>\u25b8\u00a0Die Bodenplatte ist mit einer Kabeldurchf\u00fchrung (3\u00d71 cm) ausgestattet \u2013 die obere ist optional w\u00e4hlbar<\/p>\n<\/div>\n<p><img loading=\"lazy\" decoding=\"async\" class=\"alignnone wp-image-20698\" src=\"https:\/\/konkret.store\/app\/uploads\/2023\/03\/kabel-removebg-300x127.png\" alt=\"\" width=\"300\" height=\"127\" srcset=\"https:\/\/konkret.store\/app\/uploads\/2023\/03\/kabel-removebg-300x127.png 300w, https:\/\/konkret.store\/app\/uploads\/2023\/03\/kabel-removebg-768x326.png 768w, https:\/\/konkret.store\/app\/uploads\/2023\/03\/kabel-removebg-610x259.png 610w, https:\/\/konkret.store\/app\/uploads\/2023\/03\/kabel-removebg-64x27.png 64w, https:\/\/konkret.store\/app\/uploads\/2023\/03\/kabel-removebg.png 776w\" sizes=\"auto, (max-width: 300px) 100vw, 300px\" \/><\/p>\n        <\/div>\n              <\/div>\n    <\/div>\n  <\/div>\n<\/section>\n","protected":false},"excerpt":{"rendered":"<p><strong>F\u00fcgen Sie Ihrem Zuhause Luxus und Eleganz hinzu.<\/strong><\/p>\n<p><strong>Der TV-Schrank Air wurde mit gro\u00dfer Pr\u00e4zision gefertigt \u2013 er ist robust und \u00e4u\u00dferst praktisch.<\/strong><\/p>\n<hr \/>\n<p>Die Beine k\u00f6nnen separat gekauft werden f\u00fcr diejenigen, die keine M\u00f6glichkeit haben, die M\u00f6bel an der Wand zu befestigen \u2013<strong><a href=\"https:\/\/konkret.store\/de\/produkt-kategorie\/zubehoer\/\"> klicken Sie hier<\/a><\/strong><\/p>\n<p>&nbsp;<\/p>\n","protected":false},"featured_media":24446,"comment_status":"closed","ping_status":"closed","template":"","meta":{"_acf_changed":true},"product_brand":[],"product_cat":[271],"product_tag":[],"class_list":{"0":"post-24434","1":"product","2":"type-product","3":"status-publish","4":"has-post-thumbnail","6":"product_cat-unsere-konkrete","8":"first","9":"onbackorder","10":"taxable","11":"shipping-taxable","12":"purchasable","13":"product-type-simple"},"exclude_global_add_ons":false,"addons":[{"name":"Breite","type":"multiple_choice","position":0,"required":true,"title_format":"label","default":"","description_enable":false,"description":"","placeholder_enable":false,"placeholder":"","display":"select","restrictions_type":"any_text","adjust_price":false,"price":"","price_type":"flat_fee","restrictions":false,"min":"0","max":"0","options":[{"label":"100cm | 1 fronten","price":"","price_type":"quantity_based","image":0,"visibility":true},{"label":"120cm | 1 fronten","price":"200","price_type":"quantity_based","image":0,"visibility":true},{"label":"140cm | 2 fronten","price":"400","price_type":"quantity_based","image":0,"visibility":true},{"label":"160cm | 2 fronten","price":"600","price_type":"quantity_based","image":0,"visibility":true},{"label":"180cm | 2 fronten","price":"800","price_type":"quantity_based","image":0,"visibility":true},{"label":"200cm | 2 fronten","price":"1000","price_type":"quantity_based","image":0,"visibility":true},{"label":"220cm | 3 fronten","price":"1200","price_type":"quantity_based","image":0,"visibility":true},{"label":"240cm | 3 fronten","price":"1500","price_type":"quantity_based","image":0,"visibility":true},{"label":"270cm | 3 fronten","price":"1800","price_type":"quantity_based","image":0,"visibility":true}],"id":1745445977},{"name":"Tiefe","type":"multiple_choice","position":1,"required":true,"title_format":"label","default":"","description_enable":false,"description":"","placeholder_enable":false,"placeholder":"","display":"select","restrictions_type":"any_text","adjust_price":false,"price":"","price_type":"flat_fee","restrictions":false,"min":"0","max":"0","options":[{"label":"30cm","price":"","price_type":"quantity_based","image":0,"visibility":true},{"label":"35cm","price":"100","price_type":"quantity_based","image":0,"visibility":true},{"label":"42cm","price":"200","price_type":"quantity_based","image":0,"visibility":true},{"label":"47cm","price":"300","price_type":"quantity_based","image":0,"visibility":true}],"id":1745445978},{"name":"H\u00f6he","type":"multiple_choice","position":2,"required":true,"title_format":"label","default":"","description_enable":false,"description":"","placeholder_enable":false,"placeholder":"","display":"select","restrictions_type":"any_text","adjust_price":false,"price":"","price_type":"flat_fee","restrictions":false,"min":"0","max":"0","options":[{"label":"20cm","price":"","price_type":"quantity_based","image":0,"visibility":true},{"label":"25cm","price":"100","price_type":"quantity_based","image":0,"visibility":true},{"label":"30cm","price":"200","price_type":"quantity_based","image":0,"visibility":true},{"label":"35cm","price":"300","price_type":"quantity_based","image":0,"visibility":true}],"id":1745445979},{"name":"Material","type":"multiple_choice","position":3,"required":true,"title_format":"label","default":"","description_enable":true,"description":"Erh\u00e4ltlich in verschiedenen Farben und Materialien","placeholder_enable":false,"placeholder":"","display":"patterns","restrictions_type":"any_text","adjust_price":false,"price":"","price_type":"flat_fee","restrictions":false,"min":"0","max":"0","options":[{"label":"24037","price":"","price_type":"percentage_based","image":0,"visibility":true},{"label":"24029","price":"50","price_type":"percentage_based","image":0,"visibility":true},{"label":"24027","price":"65","price_type":"percentage_based","image":0,"visibility":true},{"label":"24035","price":"70","price_type":"percentage_based","image":0,"visibility":true},{"label":"24036","price":"90","price_type":"percentage_based","image":0,"visibility":true}],"id":1745445980},{"name":"Stofffarbe","type":"multiple_choice","position":4,"required":true,"title_format":"label","default":"","description_enable":true,"description":"Akustikstoff. Sehr gute Klangtransparenz.","placeholder_enable":false,"placeholder":"","display":"patterns","restrictions_type":"any_text","adjust_price":false,"price":"","price_type":"flat_fee","restrictions":false,"min":"0","max":"0","options":[{"label":"24025","price":"","price_type":"quantity_based","image":0,"visibility":true}],"id":1745445981},{"name":"Kabeldurchf\u00fchrung","type":"multiple_choice","position":5,"required":true,"title_format":"label","default":"","description_enable":true,"description":"Die Kabeldurchf\u00fchrung an der Oberseite erleichtert das Verlegen der Kabel ins Innere des TV-Schranks.","placeholder_enable":false,"placeholder":"","display":"select","restrictions_type":"any_text","adjust_price":false,"price":"","price_type":"flat_fee","restrictions":false,"min":"0","max":"0","options":[{"label":"Ohne Kabeldurchf\u00fchrung","price":"","price_type":"quantity_based","image":0,"visibility":true},{"label":"mit Kabeldurchf\u00fchrung 3\u00d71 cm | oberer Bodenrahmen (Abdeckplatte)","price":"","price_type":"quantity_based","image":0,"visibility":true}],"id":1745445982},{"name":"Drahtloses Ladeger\u00e4t f\u00fcr Mobiltelefone","type":"multiple_choice","position":6,"required":true,"title_format":"label","default":"","description_enable":true,"description":"Mit dem drahtlosen Ladeger\u00e4t reicht es aus, das kompatible Telefon auf das Ladeger\u00e4t zu legen, und es beginnt sofort zu laden.","placeholder_enable":false,"placeholder":"","display":"select","restrictions_type":"any_text","adjust_price":false,"price":"","price_type":"flat_fee","restrictions":false,"min":"0","max":"0","options":[{"label":"Nein","price":"","price_type":"quantity_based","image":0,"visibility":true},{"label":"Ja","price":"300","price_type":"quantity_based","image":0,"visibility":true}],"id":1745445983},{"name":"LED-Beleuchtung mit Dimmfunktion","type":"multiple_choice","position":7,"required":true,"title_format":"label","default":"","description_enable":true,"description":"Das integrierte LED-Profil wurde an der Unterseite der Tischplatte montiert, um ein effektvolles indirektes Licht zu erzeugen. Der versteckte Schalter befindet sich auf der oberen Platte.\r\nFarbe: Warmwei\u00df (3000K).","placeholder_enable":false,"placeholder":"","display":"select","restrictions_type":"any_text","adjust_price":false,"price":"","price_type":"flat_fee","restrictions":false,"min":"0","max":"0","options":[{"label":"Nein","price":"","price_type":"quantity_based","image":0,"visibility":true},{"label":"Ja","price":"380","price_type":"quantity_based","image":0,"visibility":true}],"id":1745445984},{"name":"Kudde variant","type":"multiple_choice","position":0,"required":true,"title_format":"label","default":"","description_enable":false,"description":"","placeholder_enable":false,"placeholder":"","display":"select","restrictions_type":"any_text","adjust_price":false,"price":"","price_type":"flat_fee","restrictions":false,"min":"0","max":"0","options":[{"label":"Kuba","price":"","price_type":"quantity_based","image":0,"visibility":true},{"label":"Haiti","price":"","price_type":"quantity_based","image":0,"visibility":true},{"label":"Barbados","price":"","price_type":"quantity_based","image":0,"visibility":true},{"label":"Aruba","price":"","price_type":"quantity_based","image":0,"visibility":true}]}],"acf":[],"yoast_head":"<!-- This site is optimized with the Yoast SEO plugin v26.8 - https:\/\/yoast.com\/product\/yoast-seo-wordpress\/ -->\n<title>RTV-Schrank AIR mit Fronten aus Stoff - konkret.store<\/title>\n<meta name=\"description\" content=\"F\u00fcgen Sie Ihrem Zuhause Luxus und Eleganz hinzu. Der TV-Schrank Air wurde mit gro\u00dfer Pr\u00e4zision gefertigt \u2013 er ist robust und \u00e4u\u00dferst praktisch. Sie haben die Wahl, ob Sie ihn auf den Boden stellen oder an der Wand montieren m\u00f6chten.\" \/>\n<meta name=\"robots\" content=\"index, follow, max-snippet:-1, max-image-preview:large, max-video-preview:-1\" \/>\n<link rel=\"canonical\" href=\"https:\/\/konkret.store\/de\/produkt\/schrank-air\/\" \/>\n<meta property=\"og:locale\" content=\"de_DE\" \/>\n<meta property=\"og:type\" content=\"article\" \/>\n<meta property=\"og:title\" content=\"RTV-Schrank AIR mit Fronten aus Stoff - konkret.store\" \/>\n<meta property=\"og:description\" content=\"F\u00fcgen Sie Ihrem Zuhause Luxus und Eleganz hinzu. Der TV-Schrank Air wurde mit gro\u00dfer Pr\u00e4zision gefertigt \u2013 er ist robust und \u00e4u\u00dferst praktisch. Sie haben die Wahl, ob Sie ihn auf den Boden stellen oder an der Wand montieren m\u00f6chten.\" \/>\n<meta property=\"og:url\" content=\"https:\/\/konkret.store\/de\/produkt\/schrank-air\/\" \/>\n<meta property=\"og:site_name\" content=\"konkret.store\" \/>\n<meta property=\"article:publisher\" content=\"https:\/\/facebook.com\/konkret.store\/\" \/>\n<meta property=\"article:modified_time\" content=\"2026-03-08T07:37:30+00:00\" \/>\n<meta property=\"og:image\" content=\"https:\/\/konkret.store\/app\/uploads\/2023\/03\/tv_benk_air_200cm_natural-removebg-e1678358223715-1-1.png\" \/>\n\t<meta property=\"og:image:width\" content=\"651\" \/>\n\t<meta property=\"og:image:height\" content=\"651\" \/>\n\t<meta property=\"og:image:type\" content=\"image\/png\" \/>\n<meta name=\"twitter:card\" content=\"summary_large_image\" \/>\n<meta name=\"twitter:label1\" content=\"Est. reading time\" \/>\n\t<meta name=\"twitter:data1\" content=\"1 minute\" \/>\n<script type=\"application\/ld+json\" class=\"yoast-schema-graph\">{\"@context\":\"https:\/\/schema.org\",\"@graph\":[{\"@type\":\"WebPage\",\"@id\":\"https:\/\/konkret.store\/de\/produkt\/schrank-air\/\",\"url\":\"https:\/\/konkret.store\/de\/produkt\/schrank-air\/\",\"name\":\"RTV-Schrank AIR mit Fronten aus Stoff - konkret.store\",\"isPartOf\":{\"@id\":\"https:\/\/konkret.store\/de\/#website\"},\"primaryImageOfPage\":{\"@id\":\"https:\/\/konkret.store\/de\/produkt\/schrank-air\/#primaryimage\"},\"image\":{\"@id\":\"https:\/\/konkret.store\/de\/produkt\/schrank-air\/#primaryimage\"},\"thumbnailUrl\":\"https:\/\/konkret.store\/app\/uploads\/2023\/03\/tv_benk_air_200cm_natural-removebg-e1678358223715-1-1.png\",\"datePublished\":\"2023-03-09T10:26:33+00:00\",\"dateModified\":\"2026-03-08T07:37:30+00:00\",\"description\":\"F\u00fcgen Sie Ihrem Zuhause Luxus und Eleganz hinzu. Der TV-Schrank Air wurde mit gro\u00dfer Pr\u00e4zision gefertigt \u2013 er ist robust und \u00e4u\u00dferst praktisch. Sie haben die Wahl, ob Sie ihn auf den Boden stellen oder an der Wand montieren m\u00f6chten.\",\"breadcrumb\":{\"@id\":\"https:\/\/konkret.store\/de\/produkt\/schrank-air\/#breadcrumb\"},\"inLanguage\":\"de-DE\",\"potentialAction\":[{\"@type\":\"ReadAction\",\"target\":[\"https:\/\/konkret.store\/de\/produkt\/schrank-air\/\"]}]},{\"@type\":\"ImageObject\",\"inLanguage\":\"de-DE\",\"@id\":\"https:\/\/konkret.store\/de\/produkt\/schrank-air\/#primaryimage\",\"url\":\"https:\/\/konkret.store\/app\/uploads\/2023\/03\/tv_benk_air_200cm_natural-removebg-e1678358223715-1-1.png\",\"contentUrl\":\"https:\/\/konkret.store\/app\/uploads\/2023\/03\/tv_benk_air_200cm_natural-removebg-e1678358223715-1-1.png\",\"width\":651,\"height\":651},{\"@type\":\"BreadcrumbList\",\"@id\":\"https:\/\/konkret.store\/de\/produkt\/schrank-air\/#breadcrumb\",\"itemListElement\":[{\"@type\":\"ListItem\",\"position\":1,\"name\":\"Strona g\u0142\u00f3wna\",\"item\":\"https:\/\/konkret.store\/de\/\"},{\"@type\":\"ListItem\",\"position\":2,\"name\":\"Gesch\u00e4ft\",\"item\":\"https:\/\/konkret.store\/de\/geschaeft\/\"},{\"@type\":\"ListItem\",\"position\":3,\"name\":\"RTV-Schrank AIR mit Fronten aus Stoff\"}]},{\"@type\":\"WebSite\",\"@id\":\"https:\/\/konkret.store\/de\/#website\",\"url\":\"https:\/\/konkret.store\/de\/\",\"name\":\"konkret.store\",\"description\":\"Tylko konkrety\",\"potentialAction\":[{\"@type\":\"SearchAction\",\"target\":{\"@type\":\"EntryPoint\",\"urlTemplate\":\"https:\/\/konkret.store\/de\/?s={search_term_string}\"},\"query-input\":{\"@type\":\"PropertyValueSpecification\",\"valueRequired\":true,\"valueName\":\"search_term_string\"}}],\"inLanguage\":\"de-DE\"}]}<\/script>\n<!-- \/ Yoast SEO plugin. -->","yoast_head_json":{"title":"RTV-Schrank AIR mit Fronten aus Stoff - konkret.store","description":"F\u00fcgen Sie Ihrem Zuhause Luxus und Eleganz hinzu. Der TV-Schrank Air wurde mit gro\u00dfer Pr\u00e4zision gefertigt \u2013 er ist robust und \u00e4u\u00dferst praktisch. Sie haben die Wahl, ob Sie ihn auf den Boden stellen oder an der Wand montieren m\u00f6chten.","robots":{"index":"index","follow":"follow","max-snippet":"max-snippet:-1","max-image-preview":"max-image-preview:large","max-video-preview":"max-video-preview:-1"},"canonical":"https:\/\/konkret.store\/de\/produkt\/schrank-air\/","og_locale":"de_DE","og_type":"article","og_title":"RTV-Schrank AIR mit Fronten aus Stoff - konkret.store","og_description":"F\u00fcgen Sie Ihrem Zuhause Luxus und Eleganz hinzu. Der TV-Schrank Air wurde mit gro\u00dfer Pr\u00e4zision gefertigt \u2013 er ist robust und \u00e4u\u00dferst praktisch. Sie haben die Wahl, ob Sie ihn auf den Boden stellen oder an der Wand montieren m\u00f6chten.","og_url":"https:\/\/konkret.store\/de\/produkt\/schrank-air\/","og_site_name":"konkret.store","article_publisher":"https:\/\/facebook.com\/konkret.store\/","article_modified_time":"2026-03-08T07:37:30+00:00","og_image":[{"width":651,"height":651,"url":"https:\/\/konkret.store\/app\/uploads\/2023\/03\/tv_benk_air_200cm_natural-removebg-e1678358223715-1-1.png","type":"image\/png"}],"twitter_card":"summary_large_image","twitter_misc":{"Est. reading time":"1 minute"},"schema":{"@context":"https:\/\/schema.org","@graph":[{"@type":"WebPage","@id":"https:\/\/konkret.store\/de\/produkt\/schrank-air\/","url":"https:\/\/konkret.store\/de\/produkt\/schrank-air\/","name":"RTV-Schrank AIR mit Fronten aus Stoff - konkret.store","isPartOf":{"@id":"https:\/\/konkret.store\/de\/#website"},"primaryImageOfPage":{"@id":"https:\/\/konkret.store\/de\/produkt\/schrank-air\/#primaryimage"},"image":{"@id":"https:\/\/konkret.store\/de\/produkt\/schrank-air\/#primaryimage"},"thumbnailUrl":"https:\/\/konkret.store\/app\/uploads\/2023\/03\/tv_benk_air_200cm_natural-removebg-e1678358223715-1-1.png","datePublished":"2023-03-09T10:26:33+00:00","dateModified":"2026-03-08T07:37:30+00:00","description":"F\u00fcgen Sie Ihrem Zuhause Luxus und Eleganz hinzu. Der TV-Schrank Air wurde mit gro\u00dfer Pr\u00e4zision gefertigt \u2013 er ist robust und \u00e4u\u00dferst praktisch. Sie haben die Wahl, ob Sie ihn auf den Boden stellen oder an der Wand montieren m\u00f6chten.","breadcrumb":{"@id":"https:\/\/konkret.store\/de\/produkt\/schrank-air\/#breadcrumb"},"inLanguage":"de-DE","potentialAction":[{"@type":"ReadAction","target":["https:\/\/konkret.store\/de\/produkt\/schrank-air\/"]}]},{"@type":"ImageObject","inLanguage":"de-DE","@id":"https:\/\/konkret.store\/de\/produkt\/schrank-air\/#primaryimage","url":"https:\/\/konkret.store\/app\/uploads\/2023\/03\/tv_benk_air_200cm_natural-removebg-e1678358223715-1-1.png","contentUrl":"https:\/\/konkret.store\/app\/uploads\/2023\/03\/tv_benk_air_200cm_natural-removebg-e1678358223715-1-1.png","width":651,"height":651},{"@type":"BreadcrumbList","@id":"https:\/\/konkret.store\/de\/produkt\/schrank-air\/#breadcrumb","itemListElement":[{"@type":"ListItem","position":1,"name":"Strona g\u0142\u00f3wna","item":"https:\/\/konkret.store\/de\/"},{"@type":"ListItem","position":2,"name":"Gesch\u00e4ft","item":"https:\/\/konkret.store\/de\/geschaeft\/"},{"@type":"ListItem","position":3,"name":"RTV-Schrank AIR mit Fronten aus Stoff"}]},{"@type":"WebSite","@id":"https:\/\/konkret.store\/de\/#website","url":"https:\/\/konkret.store\/de\/","name":"konkret.store","description":"Tylko konkrety","potentialAction":[{"@type":"SearchAction","target":{"@type":"EntryPoint","urlTemplate":"https:\/\/konkret.store\/de\/?s={search_term_string}"},"query-input":{"@type":"PropertyValueSpecification","valueRequired":true,"valueName":"search_term_string"}}],"inLanguage":"de-DE"}]}},"_links":{"self":[{"href":"https:\/\/konkret.store\/de\/wp-json\/wp\/v2\/product\/24434","targetHints":{"allow":["GET"]}}],"collection":[{"href":"https:\/\/konkret.store\/de\/wp-json\/wp\/v2\/product"}],"about":[{"href":"https:\/\/konkret.store\/de\/wp-json\/wp\/v2\/types\/product"}],"replies":[{"embeddable":true,"href":"https:\/\/konkret.store\/de\/wp-json\/wp\/v2\/comments?post=24434"}],"wp:featuredmedia":[{"embeddable":true,"href":"https:\/\/konkret.store\/de\/wp-json\/wp\/v2\/media\/24446"}],"wp:attachment":[{"href":"https:\/\/konkret.store\/de\/wp-json\/wp\/v2\/media?parent=24434"}],"wp:term":[{"taxonomy":"product_brand","embeddable":true,"href":"https:\/\/konkret.store\/de\/wp-json\/wp\/v2\/product_brand?post=24434"},{"taxonomy":"product_cat","embeddable":true,"href":"https:\/\/konkret.store\/de\/wp-json\/wp\/v2\/product_cat?post=24434"},{"taxonomy":"product_tag","embeddable":true,"href":"https:\/\/konkret.store\/de\/wp-json\/wp\/v2\/product_tag?post=24434"}],"curies":[{"name":"wp","href":"https:\/\/api.w.org\/{rel}","templated":true}]}}