{"id":24447,"date":"2023-02-26T21:20:10","date_gmt":"2023-02-26T20:20:10","guid":{"rendered":"https:\/\/konkret.store\/product\/witryna-hugo\/"},"modified":"2025-04-24T15:12:39","modified_gmt":"2025-04-24T14:12:39","slug":"witryna-hugo","status":"publish","type":"product","link":"https:\/\/konkret.store\/de\/produkt\/witryna-hugo\/","title":{"rendered":"Vitrine HUGO"},"content":{"rendered":"<section class=\"image-text\">\n  <div class=\"container\">\n    <div class=\"row align-items-center\">\n      <div class=\"col-lg-6  image-text--left\">\n        <div class=\"image-text__image\">\n          <img loading=\"lazy\" decoding=\"async\" width=\"800\" height=\"444\" src=\"https:\/\/konkret.store\/app\/uploads\/2023\/02\/Flutes.webp\" class=\"attachment-full size-full\" alt=\"\" srcset=\"https:\/\/konkret.store\/app\/uploads\/2023\/02\/Flutes.webp 800w, https:\/\/konkret.store\/app\/uploads\/2023\/02\/Flutes-300x167.webp 300w, https:\/\/konkret.store\/app\/uploads\/2023\/02\/Flutes-768x426.webp 768w, https:\/\/konkret.store\/app\/uploads\/2023\/02\/Flutes-610x339.webp 610w, https:\/\/konkret.store\/app\/uploads\/2023\/02\/Flutes-64x36.webp 64w\" sizes=\"auto, (max-width: 800px) 100vw, 800px\" \/>        <\/div>\n      <\/div>\n      <div class=\"col-lg-5  offset-lg-1 \">\n                <h2><\/h2>\n        <div class=\"image-text__text\">\n          <p>Die Vitrine Hugo eignet sich perfekt zur Aufbewahrung von Geschirr und Glas.<\/p>\n<p>Die Einsatzm\u00f6glichkeiten sind vielf\u00e4ltig \u2013 hier setzt nur die Fantasie Grenzen.<\/p>\n        <\/div>\n              <\/div>\n    <\/div>\n  <\/div>\n<\/section>\n\n\n<section class=\"image-text\">\n  <div class=\"container\">\n    <div class=\"row align-items-center\">\n      <div class=\"col-lg-6  offset-lg-1  image-text--right\">\n        <div class=\"image-text__image\">\n          <img loading=\"lazy\" decoding=\"async\" width=\"1654\" height=\"1654\" src=\"https:\/\/konkret.store\/app\/uploads\/2023\/02\/zobal_Z-23-scena01B_View02_P.jpg\" class=\"attachment-full size-full\" alt=\"\" srcset=\"https:\/\/konkret.store\/app\/uploads\/2023\/02\/zobal_Z-23-scena01B_View02_P.jpg 1654w, https:\/\/konkret.store\/app\/uploads\/2023\/02\/zobal_Z-23-scena01B_View02_P-300x300.jpg 300w, https:\/\/konkret.store\/app\/uploads\/2023\/02\/zobal_Z-23-scena01B_View02_P-1024x1024.jpg 1024w, https:\/\/konkret.store\/app\/uploads\/2023\/02\/zobal_Z-23-scena01B_View02_P-768x768.jpg 768w, https:\/\/konkret.store\/app\/uploads\/2023\/02\/zobal_Z-23-scena01B_View02_P-1536x1536.jpg 1536w, https:\/\/konkret.store\/app\/uploads\/2023\/02\/zobal_Z-23-scena01B_View02_P-610x610.jpg 610w, https:\/\/konkret.store\/app\/uploads\/2023\/02\/zobal_Z-23-scena01B_View02_P-100x100.jpg 100w, https:\/\/konkret.store\/app\/uploads\/2023\/02\/zobal_Z-23-scena01B_View02_P-64x64.jpg 64w\" sizes=\"auto, (max-width: 1654px) 100vw, 1654px\" \/>        <\/div>\n      <\/div>\n      <div class=\"col-lg-5 \">\n                <h2><\/h2>\n        <div class=\"image-text__text\">\n          <p>&nbsp;<\/p>\n<p>\u25b8 \u00a0Ornamentglas \u2013 Qualit\u00e4t und \u00c4sthetik<\/p>\n<p>\u25b8 \u00a0Moderne LED-Beleuchtung<\/p>\n<p>\u25b8 \u00a0Die unteren Teile der Schubladen sind mit schwarzem Kunstleder ausgekleidet<\/p>\n<p>&nbsp;<\/p>\n        <\/div>\n              <\/div>\n    <\/div>\n  <\/div>\n<\/section>\n\n\n<section class=\"image-text\">\n  <div class=\"container\">\n    <div class=\"row align-items-center\">\n      <div class=\"col-lg-6  offset-lg-1  image-text--right\">\n        <div class=\"image-text__image\">\n                  <\/div>\n      <\/div>\n      <div class=\"col-lg-5 \">\n                <h2><\/h2>\n        <div class=\"image-text__text\">\n                  <\/div>\n              <\/div>\n    <\/div>\n  <\/div>\n<\/section>\n","protected":false},"excerpt":{"rendered":"<p>Vitrine Hugo ist die perfekte Kombination aus modernem und klassischem Design.<\/p>\n<p>Gro\u00dfe Schubladen bieten versteckten, staubfreien Stauraum.<\/p>\n","protected":false},"featured_media":24451,"template":"","meta":{"_acf_changed":true},"product_brand":[],"product_cat":[271],"product_tag":[],"class_list":{"0":"post-24447","1":"product","2":"type-product","3":"status-publish","4":"has-post-thumbnail","6":"product_cat-unsere-konkrete","8":"first","9":"onbackorder","10":"taxable","11":"shipping-taxable","12":"purchasable","13":"product-type-simple"},"exclude_global_add_ons":false,"addons":[{"name":"Material","type":"multiple_choice","position":0,"required":true,"title_format":"label","default":"","description_enable":false,"description":"","placeholder_enable":false,"placeholder":"","display":"patterns","restrictions_type":"any_text","adjust_price":false,"price":"","price_type":"flat_fee","restrictions":false,"min":"0","max":"0","options":[{"label":"24029","price":"","price_type":"quantity_based","image":0,"visibility":true},{"label":"24035","price":"2000","price_type":"quantity_based","image":0,"visibility":true}],"id":1745507559},{"name":"Art des Glases","type":"multiple_choice","position":1,"required":true,"title_format":"label","default":"","description_enable":true,"description":"W\u00e4hlen Sie Ihren Stil und genie\u00dfen Sie ein sch\u00f6nes Interieur.","placeholder_enable":false,"placeholder":"","display":"patterns","restrictions_type":"any_text","adjust_price":false,"price":"","price_type":"flat_fee","restrictions":false,"min":"0","max":"0","options":[{"label":"24031","price":"","price_type":"quantity_based","image":0,"visibility":true}],"id":1745507560},{"name":"Kudde variant","type":"multiple_choice","position":0,"required":true,"title_format":"label","default":"","description_enable":false,"description":"","placeholder_enable":false,"placeholder":"","display":"select","restrictions_type":"any_text","adjust_price":false,"price":"","price_type":"flat_fee","restrictions":false,"min":"0","max":"0","options":[{"label":"Kuba","price":"","price_type":"quantity_based","image":0,"visibility":true},{"label":"Haiti","price":"","price_type":"quantity_based","image":0,"visibility":true},{"label":"Barbados","price":"","price_type":"quantity_based","image":0,"visibility":true},{"label":"Aruba","price":"","price_type":"quantity_based","image":0,"visibility":true}]}],"acf":[],"yoast_head":"<!-- This site is optimized with the Yoast SEO plugin v26.8 - https:\/\/yoast.com\/product\/yoast-seo-wordpress\/ -->\n<title>Vitrine HUGO - konkret.store<\/title>\n<meta name=\"description\" content=\"Vitrine Hugo ist die perfekte Kombination aus modernem und klassischem Design. Gro\u00dfe Schubladen bieten versteckten, staubfreien Stauraum.\" \/>\n<meta name=\"robots\" content=\"index, follow, max-snippet:-1, max-image-preview:large, max-video-preview:-1\" \/>\n<link rel=\"canonical\" href=\"https:\/\/konkret.store\/de\/produkt\/witryna-hugo\/\" \/>\n<meta property=\"og:locale\" content=\"de_DE\" \/>\n<meta property=\"og:type\" content=\"article\" \/>\n<meta property=\"og:title\" content=\"Vitrine HUGO - konkret.store\" \/>\n<meta property=\"og:description\" content=\"Vitrine Hugo ist die perfekte Kombination aus modernem und klassischem Design. Gro\u00dfe Schubladen bieten versteckten, staubfreien Stauraum.\" \/>\n<meta property=\"og:url\" content=\"https:\/\/konkret.store\/de\/produkt\/witryna-hugo\/\" \/>\n<meta property=\"og:site_name\" content=\"konkret.store\" \/>\n<meta property=\"article:publisher\" content=\"https:\/\/facebook.com\/konkret.store\/\" \/>\n<meta property=\"article:modified_time\" content=\"2025-04-24T14:12:39+00:00\" \/>\n<meta property=\"og:image\" content=\"https:\/\/konkret.store\/app\/uploads\/2023\/02\/vitrineskap-Hugo-removebg.png\" \/>\n\t<meta property=\"og:image:width\" content=\"800\" \/>\n\t<meta property=\"og:image:height\" content=\"800\" \/>\n\t<meta property=\"og:image:type\" content=\"image\/png\" \/>\n<meta name=\"twitter:card\" content=\"summary_large_image\" \/>\n<meta name=\"twitter:label1\" content=\"Est. reading time\" \/>\n\t<meta name=\"twitter:data1\" content=\"1 minute\" \/>\n<script type=\"application\/ld+json\" class=\"yoast-schema-graph\">{\"@context\":\"https:\/\/schema.org\",\"@graph\":[{\"@type\":\"WebPage\",\"@id\":\"https:\/\/konkret.store\/de\/produkt\/witryna-hugo\/\",\"url\":\"https:\/\/konkret.store\/de\/produkt\/witryna-hugo\/\",\"name\":\"Vitrine HUGO - konkret.store\",\"isPartOf\":{\"@id\":\"https:\/\/konkret.store\/de\/#website\"},\"primaryImageOfPage\":{\"@id\":\"https:\/\/konkret.store\/de\/produkt\/witryna-hugo\/#primaryimage\"},\"image\":{\"@id\":\"https:\/\/konkret.store\/de\/produkt\/witryna-hugo\/#primaryimage\"},\"thumbnailUrl\":\"https:\/\/konkret.store\/app\/uploads\/2023\/02\/vitrineskap-Hugo-removebg.png\",\"datePublished\":\"2023-02-26T20:20:10+00:00\",\"dateModified\":\"2025-04-24T14:12:39+00:00\",\"description\":\"Vitrine Hugo ist die perfekte Kombination aus modernem und klassischem Design. Gro\u00dfe Schubladen bieten versteckten, staubfreien Stauraum.\",\"breadcrumb\":{\"@id\":\"https:\/\/konkret.store\/de\/produkt\/witryna-hugo\/#breadcrumb\"},\"inLanguage\":\"de-DE\",\"potentialAction\":[{\"@type\":\"ReadAction\",\"target\":[\"https:\/\/konkret.store\/de\/produkt\/witryna-hugo\/\"]}]},{\"@type\":\"ImageObject\",\"inLanguage\":\"de-DE\",\"@id\":\"https:\/\/konkret.store\/de\/produkt\/witryna-hugo\/#primaryimage\",\"url\":\"https:\/\/konkret.store\/app\/uploads\/2023\/02\/vitrineskap-Hugo-removebg.png\",\"contentUrl\":\"https:\/\/konkret.store\/app\/uploads\/2023\/02\/vitrineskap-Hugo-removebg.png\",\"width\":800,\"height\":800},{\"@type\":\"BreadcrumbList\",\"@id\":\"https:\/\/konkret.store\/de\/produkt\/witryna-hugo\/#breadcrumb\",\"itemListElement\":[{\"@type\":\"ListItem\",\"position\":1,\"name\":\"Strona g\u0142\u00f3wna\",\"item\":\"https:\/\/konkret.store\/de\/\"},{\"@type\":\"ListItem\",\"position\":2,\"name\":\"Gesch\u00e4ft\",\"item\":\"https:\/\/konkret.store\/de\/geschaeft\/\"},{\"@type\":\"ListItem\",\"position\":3,\"name\":\"Vitrine HUGO\"}]},{\"@type\":\"WebSite\",\"@id\":\"https:\/\/konkret.store\/de\/#website\",\"url\":\"https:\/\/konkret.store\/de\/\",\"name\":\"konkret.store\",\"description\":\"Tylko konkrety\",\"potentialAction\":[{\"@type\":\"SearchAction\",\"target\":{\"@type\":\"EntryPoint\",\"urlTemplate\":\"https:\/\/konkret.store\/de\/?s={search_term_string}\"},\"query-input\":{\"@type\":\"PropertyValueSpecification\",\"valueRequired\":true,\"valueName\":\"search_term_string\"}}],\"inLanguage\":\"de-DE\"}]}<\/script>\n<!-- \/ Yoast SEO plugin. -->","yoast_head_json":{"title":"Vitrine HUGO - konkret.store","description":"Vitrine Hugo ist die perfekte Kombination aus modernem und klassischem Design. Gro\u00dfe Schubladen bieten versteckten, staubfreien Stauraum.","robots":{"index":"index","follow":"follow","max-snippet":"max-snippet:-1","max-image-preview":"max-image-preview:large","max-video-preview":"max-video-preview:-1"},"canonical":"https:\/\/konkret.store\/de\/produkt\/witryna-hugo\/","og_locale":"de_DE","og_type":"article","og_title":"Vitrine HUGO - konkret.store","og_description":"Vitrine Hugo ist die perfekte Kombination aus modernem und klassischem Design. Gro\u00dfe Schubladen bieten versteckten, staubfreien Stauraum.","og_url":"https:\/\/konkret.store\/de\/produkt\/witryna-hugo\/","og_site_name":"konkret.store","article_publisher":"https:\/\/facebook.com\/konkret.store\/","article_modified_time":"2025-04-24T14:12:39+00:00","og_image":[{"width":800,"height":800,"url":"https:\/\/konkret.store\/app\/uploads\/2023\/02\/vitrineskap-Hugo-removebg.png","type":"image\/png"}],"twitter_card":"summary_large_image","twitter_misc":{"Est. reading time":"1 minute"},"schema":{"@context":"https:\/\/schema.org","@graph":[{"@type":"WebPage","@id":"https:\/\/konkret.store\/de\/produkt\/witryna-hugo\/","url":"https:\/\/konkret.store\/de\/produkt\/witryna-hugo\/","name":"Vitrine HUGO - konkret.store","isPartOf":{"@id":"https:\/\/konkret.store\/de\/#website"},"primaryImageOfPage":{"@id":"https:\/\/konkret.store\/de\/produkt\/witryna-hugo\/#primaryimage"},"image":{"@id":"https:\/\/konkret.store\/de\/produkt\/witryna-hugo\/#primaryimage"},"thumbnailUrl":"https:\/\/konkret.store\/app\/uploads\/2023\/02\/vitrineskap-Hugo-removebg.png","datePublished":"2023-02-26T20:20:10+00:00","dateModified":"2025-04-24T14:12:39+00:00","description":"Vitrine Hugo ist die perfekte Kombination aus modernem und klassischem Design. Gro\u00dfe Schubladen bieten versteckten, staubfreien Stauraum.","breadcrumb":{"@id":"https:\/\/konkret.store\/de\/produkt\/witryna-hugo\/#breadcrumb"},"inLanguage":"de-DE","potentialAction":[{"@type":"ReadAction","target":["https:\/\/konkret.store\/de\/produkt\/witryna-hugo\/"]}]},{"@type":"ImageObject","inLanguage":"de-DE","@id":"https:\/\/konkret.store\/de\/produkt\/witryna-hugo\/#primaryimage","url":"https:\/\/konkret.store\/app\/uploads\/2023\/02\/vitrineskap-Hugo-removebg.png","contentUrl":"https:\/\/konkret.store\/app\/uploads\/2023\/02\/vitrineskap-Hugo-removebg.png","width":800,"height":800},{"@type":"BreadcrumbList","@id":"https:\/\/konkret.store\/de\/produkt\/witryna-hugo\/#breadcrumb","itemListElement":[{"@type":"ListItem","position":1,"name":"Strona g\u0142\u00f3wna","item":"https:\/\/konkret.store\/de\/"},{"@type":"ListItem","position":2,"name":"Gesch\u00e4ft","item":"https:\/\/konkret.store\/de\/geschaeft\/"},{"@type":"ListItem","position":3,"name":"Vitrine HUGO"}]},{"@type":"WebSite","@id":"https:\/\/konkret.store\/de\/#website","url":"https:\/\/konkret.store\/de\/","name":"konkret.store","description":"Tylko konkrety","potentialAction":[{"@type":"SearchAction","target":{"@type":"EntryPoint","urlTemplate":"https:\/\/konkret.store\/de\/?s={search_term_string}"},"query-input":{"@type":"PropertyValueSpecification","valueRequired":true,"valueName":"search_term_string"}}],"inLanguage":"de-DE"}]}},"_links":{"self":[{"href":"https:\/\/konkret.store\/de\/wp-json\/wp\/v2\/product\/24447","targetHints":{"allow":["GET"]}}],"collection":[{"href":"https:\/\/konkret.store\/de\/wp-json\/wp\/v2\/product"}],"about":[{"href":"https:\/\/konkret.store\/de\/wp-json\/wp\/v2\/types\/product"}],"wp:featuredmedia":[{"embeddable":true,"href":"https:\/\/konkret.store\/de\/wp-json\/wp\/v2\/media\/24451"}],"wp:attachment":[{"href":"https:\/\/konkret.store\/de\/wp-json\/wp\/v2\/media?parent=24447"}],"wp:term":[{"taxonomy":"product_brand","embeddable":true,"href":"https:\/\/konkret.store\/de\/wp-json\/wp\/v2\/product_brand?post=24447"},{"taxonomy":"product_cat","embeddable":true,"href":"https:\/\/konkret.store\/de\/wp-json\/wp\/v2\/product_cat?post=24447"},{"taxonomy":"product_tag","embeddable":true,"href":"https:\/\/konkret.store\/de\/wp-json\/wp\/v2\/product_tag?post=24447"}],"curies":[{"name":"wp","href":"https:\/\/api.w.org\/{rel}","templated":true}]}}