{"id":24458,"date":"2025-03-04T22:46:49","date_gmt":"2025-03-04T21:46:49","guid":{"rendered":"https:\/\/konkret.store\/product\/witryna-szklana-orion-lity-dab\/"},"modified":"2025-04-24T14:54:50","modified_gmt":"2025-04-24T13:54:50","slug":"regal-orbit","status":"publish","type":"product","link":"https:\/\/konkret.store\/de\/produkt\/regal-orbit\/","title":{"rendered":"Regal ORBIT \u2013 Massivholz Eiche"},"content":{"rendered":"<section class=\"image-text\">\n  <div class=\"container\">\n    <div class=\"row align-items-center\">\n      <div class=\"col-lg-6  image-text--left\">\n        <div class=\"image-text__image\">\n          <img loading=\"lazy\" decoding=\"async\" width=\"1024\" height=\"1536\" src=\"https:\/\/konkret.store\/app\/uploads\/2025\/03\/5443BE0C-A979-4742-97E1-7DC918154688-ezgif.com-png-to-webp-converter.webp\" class=\"attachment-full size-full\" alt=\"\" srcset=\"https:\/\/konkret.store\/app\/uploads\/2025\/03\/5443BE0C-A979-4742-97E1-7DC918154688-ezgif.com-png-to-webp-converter.webp 1024w, https:\/\/konkret.store\/app\/uploads\/2025\/03\/5443BE0C-A979-4742-97E1-7DC918154688-ezgif.com-png-to-webp-converter-200x300.webp 200w, https:\/\/konkret.store\/app\/uploads\/2025\/03\/5443BE0C-A979-4742-97E1-7DC918154688-ezgif.com-png-to-webp-converter-683x1024.webp 683w, https:\/\/konkret.store\/app\/uploads\/2025\/03\/5443BE0C-A979-4742-97E1-7DC918154688-ezgif.com-png-to-webp-converter-768x1152.webp 768w, https:\/\/konkret.store\/app\/uploads\/2025\/03\/5443BE0C-A979-4742-97E1-7DC918154688-ezgif.com-png-to-webp-converter-610x915.webp 610w, https:\/\/konkret.store\/app\/uploads\/2025\/03\/5443BE0C-A979-4742-97E1-7DC918154688-ezgif.com-png-to-webp-converter-64x96.webp 64w\" sizes=\"auto, (max-width: 1024px) 100vw, 1024px\" \/>        <\/div>\n      <\/div>\n      <div class=\"col-lg-5  offset-lg-1 \">\n                <h2><\/h2>\n        <div class=\"image-text__text\">\n          <p class=\"\" data-start=\"78\" data-end=\"237\"><strong data-start=\"78\" data-end=\"155\">Stilvolles Regal zur Organisation Ihrer liebsten B\u00fccher und Dekorationen.<\/strong><br data-start=\"155\" data-end=\"158\" \/>Verleihen Sie Ihrem Wohnraum neuen Glanz mit funktionalem und elegantem Design.<\/p>\n<p class=\"\" data-start=\"239\" data-end=\"253\">\u25b8 Exklusivit\u00e4t<\/p>\n        <\/div>\n              <\/div>\n    <\/div>\n  <\/div>\n<\/section>\n","protected":false},"excerpt":{"rendered":"<p>&nbsp;<\/p>\n<p class=\"\" data-start=\"98\" data-end=\"360\"><strong data-start=\"98\" data-end=\"211\">Orbit \u2013 ein architektonisches und modernes Regal, das klare Geometrie mit eleganter Funktionalit\u00e4t verbindet.<\/strong><br data-start=\"211\" data-end=\"214\" \/>Mit seinem asymmetrischen Design und der offenen Konstruktion ist Orbit ebenso ein skulpturales Highlight wie eine praktische Aufbewahrungsl\u00f6sung.<\/p>\n<p class=\"\" data-start=\"362\" data-end=\"482\">Perfekt f\u00fcr alle, die ihr Interieur mit einem M\u00f6belst\u00fcck aufwerten m\u00f6chten, das sowohl stilvoll als auch funktional ist.<\/p>\n<p class=\"\" data-start=\"484\" data-end=\"524\">Hergestellt aus FSC-zertifiziertem Holz <a href=\"https:\/\/pl.fsc.org\/pl-pl\/sprawdz-i-znajdz-certyfikat\"><img loading=\"lazy\" decoding=\"async\" class=\"alignnone wp-image-11268 lazyloaded\" src=\"https:\/\/konkret.store\/app\/uploads\/2023\/02\/Forest_Stewardship_Council_logo-251x300.png\" alt=\"\" width=\"32\" height=\"38\" data-src=\"https:\/\/konkret.store\/app\/uploads\/2023\/02\/Forest_Stewardship_Council_logo-251x300.png\" srcset=\"https:\/\/konkret.store\/app\/uploads\/2023\/02\/Forest_Stewardship_Council_logo-251x300.png 251w, https:\/\/konkret.store\/app\/uploads\/2023\/02\/Forest_Stewardship_Council_logo-855x1024.png 855w, https:\/\/konkret.store\/app\/uploads\/2023\/02\/Forest_Stewardship_Council_logo-768x920.png 768w, https:\/\/konkret.store\/app\/uploads\/2023\/02\/Forest_Stewardship_Council_logo-610x730.png 610w, https:\/\/konkret.store\/app\/uploads\/2023\/02\/Forest_Stewardship_Council_logo-64x77.png 64w, https:\/\/konkret.store\/app\/uploads\/2023\/02\/Forest_Stewardship_Council_logo.png 1200w\" sizes=\"auto, (max-width: 32px) 100vw, 32px\" \/><\/a><\/p>\n<hr \/>\n<p>Sind Sie sich nicht sicher, welche Farbe Sie w\u00e4hlen sollen? Bestellen Sie <strong><a href=\"https:\/\/konkret.store\/de\/produkt\/eichenholzproben-9-farben\/\">sie hier<\/a><\/strong>, um Farbproben zu erhalten.<\/p>\n","protected":false},"featured_media":24932,"template":"","meta":{"_acf_changed":true},"product_brand":[],"product_cat":[271],"product_tag":[],"class_list":{"0":"post-24458","1":"product","2":"type-product","3":"status-publish","4":"has-post-thumbnail","6":"product_cat-unsere-konkrete","8":"first","9":"onbackorder","10":"taxable","11":"shipping-taxable","12":"purchasable","13":"product-type-simple"},"exclude_global_add_ons":false,"addons":[{"name":"Holzfarbe","type":"multiple_choice","position":0,"required":true,"title_format":"label","default":"","description_enable":true,"description":"Jede Farbe auf dem M\u00f6belst\u00fcck ist mit Lack \u00fcberzogen, was bedeutet, dass es keine Wartung erfordert. Der Lack bietet einen soliden Schutz und minimiert den Bedarf an regelm\u00e4\u00dfiger Pflege, sodass das M\u00f6belst\u00fcck sein sch\u00f6nes Aussehen ohne zus\u00e4tzlichen Aufwand bewahren kann.\r\nHergestellt aus massivem Eichenholz oder Walnuss.\r\n\r\n\r\n\r\n","placeholder_enable":false,"placeholder":"","display":"patterns","restrictions_type":"any_text","adjust_price":false,"price":"","price_type":"flat_fee","restrictions":false,"min":"0","max":"0","options":[{"label":"24030","price":"","price_type":"quantity_based","image":0,"visibility":true},{"label":"24026","price":"50","price_type":"percentage_based","image":0,"visibility":true}],"id":1744842263},{"name":"Breite","type":"multiple_choice","position":1,"required":true,"title_format":"label","default":"","description_enable":false,"description":"","placeholder_enable":false,"placeholder":"","display":"select","restrictions_type":"any_text","adjust_price":false,"price":"","price_type":"flat_fee","restrictions":false,"min":"0","max":"0","options":[{"label":"60cm","price":"","price_type":"quantity_based","image":0,"visibility":true},{"label":"80cm","price":"900","price_type":"quantity_based","image":0,"visibility":true},{"label":"100cm","price":"1500","price_type":"quantity_based","image":0,"visibility":true}],"id":1744842264},{"name":"Kudde variant","type":"multiple_choice","position":0,"required":true,"title_format":"label","default":"","description_enable":false,"description":"","placeholder_enable":false,"placeholder":"","display":"select","restrictions_type":"any_text","adjust_price":false,"price":"","price_type":"flat_fee","restrictions":false,"min":"0","max":"0","options":[{"label":"Kuba","price":"","price_type":"quantity_based","image":0,"visibility":true},{"label":"Haiti","price":"","price_type":"quantity_based","image":0,"visibility":true},{"label":"Barbados","price":"","price_type":"quantity_based","image":0,"visibility":true},{"label":"Aruba","price":"","price_type":"quantity_based","image":0,"visibility":true}]}],"acf":[],"yoast_head":"<!-- This site is optimized with the Yoast SEO plugin v26.8 - https:\/\/yoast.com\/product\/yoast-seo-wordpress\/ -->\n<title>Regal ORBIT \u2013 Massivholz Eiche - konkret.store<\/title>\n<meta name=\"description\" content=\"Orbit \u2013 ein architektonisches und modernes Regal, das klare Geometrie mit eleganter Funktionalit\u00e4t verbindet.Mit seinem asymmetrischen Design und der offenen Konstruktion ist Orbit ebenso ein skulpturales Highlight wie eine praktische Aufbewahrungsl\u00f6sung.Perfekt f\u00fcr alle, die ihr Interieur mit einem M\u00f6belst\u00fcck aufwerten m\u00f6chten, das sowohl stilvoll als auch funktional ist.Hergestellt aus FSC-zertifiziertem Holz.\" \/>\n<meta name=\"robots\" content=\"index, follow, max-snippet:-1, max-image-preview:large, max-video-preview:-1\" \/>\n<link rel=\"canonical\" href=\"https:\/\/konkret.store\/de\/produkt\/regal-orbit\/\" \/>\n<meta property=\"og:locale\" content=\"de_DE\" \/>\n<meta property=\"og:type\" content=\"article\" \/>\n<meta property=\"og:title\" content=\"Regal ORBIT \u2013 Massivholz Eiche - konkret.store\" \/>\n<meta property=\"og:description\" content=\"Orbit \u2013 ein architektonisches und modernes Regal, das klare Geometrie mit eleganter Funktionalit\u00e4t verbindet.Mit seinem asymmetrischen Design und der offenen Konstruktion ist Orbit ebenso ein skulpturales Highlight wie eine praktische Aufbewahrungsl\u00f6sung.Perfekt f\u00fcr alle, die ihr Interieur mit einem M\u00f6belst\u00fcck aufwerten m\u00f6chten, das sowohl stilvoll als auch funktional ist.Hergestellt aus FSC-zertifiziertem Holz.\" \/>\n<meta property=\"og:url\" content=\"https:\/\/konkret.store\/de\/produkt\/regal-orbit\/\" \/>\n<meta property=\"og:site_name\" content=\"konkret.store\" \/>\n<meta property=\"article:publisher\" content=\"https:\/\/facebook.com\/konkret.store\/\" \/>\n<meta property=\"article:modified_time\" content=\"2025-04-24T13:54:50+00:00\" \/>\n<meta property=\"og:image\" content=\"https:\/\/konkret.store\/app\/uploads\/2025\/03\/orbit-2.png\" \/>\n\t<meta property=\"og:image:width\" content=\"800\" \/>\n\t<meta property=\"og:image:height\" content=\"800\" \/>\n\t<meta property=\"og:image:type\" content=\"image\/png\" \/>\n<meta name=\"twitter:card\" content=\"summary_large_image\" \/>\n<meta name=\"twitter:label1\" content=\"Est. reading time\" \/>\n\t<meta name=\"twitter:data1\" content=\"1 minute\" \/>\n<script type=\"application\/ld+json\" class=\"yoast-schema-graph\">{\"@context\":\"https:\/\/schema.org\",\"@graph\":[{\"@type\":\"WebPage\",\"@id\":\"https:\/\/konkret.store\/de\/produkt\/regal-orbit\/\",\"url\":\"https:\/\/konkret.store\/de\/produkt\/regal-orbit\/\",\"name\":\"Regal ORBIT \u2013 Massivholz Eiche - konkret.store\",\"isPartOf\":{\"@id\":\"https:\/\/konkret.store\/de\/#website\"},\"primaryImageOfPage\":{\"@id\":\"https:\/\/konkret.store\/de\/produkt\/regal-orbit\/#primaryimage\"},\"image\":{\"@id\":\"https:\/\/konkret.store\/de\/produkt\/regal-orbit\/#primaryimage\"},\"thumbnailUrl\":\"https:\/\/konkret.store\/app\/uploads\/2025\/03\/orbi.png\",\"datePublished\":\"2025-03-04T21:46:49+00:00\",\"dateModified\":\"2025-04-24T13:54:50+00:00\",\"description\":\"Orbit \u2013 ein architektonisches und modernes Regal, das klare Geometrie mit eleganter Funktionalit\u00e4t verbindet.Mit seinem asymmetrischen Design und der offenen Konstruktion ist Orbit ebenso ein skulpturales Highlight wie eine praktische Aufbewahrungsl\u00f6sung.Perfekt f\u00fcr alle, die ihr Interieur mit einem M\u00f6belst\u00fcck aufwerten m\u00f6chten, das sowohl stilvoll als auch funktional ist.Hergestellt aus FSC-zertifiziertem Holz.\",\"breadcrumb\":{\"@id\":\"https:\/\/konkret.store\/de\/produkt\/regal-orbit\/#breadcrumb\"},\"inLanguage\":\"de-DE\",\"potentialAction\":[{\"@type\":\"ReadAction\",\"target\":[\"https:\/\/konkret.store\/de\/produkt\/regal-orbit\/\"]}]},{\"@type\":\"ImageObject\",\"inLanguage\":\"de-DE\",\"@id\":\"https:\/\/konkret.store\/de\/produkt\/regal-orbit\/#primaryimage\",\"url\":\"https:\/\/konkret.store\/app\/uploads\/2025\/03\/orbi.png\",\"contentUrl\":\"https:\/\/konkret.store\/app\/uploads\/2025\/03\/orbi.png\",\"width\":800,\"height\":800},{\"@type\":\"BreadcrumbList\",\"@id\":\"https:\/\/konkret.store\/de\/produkt\/regal-orbit\/#breadcrumb\",\"itemListElement\":[{\"@type\":\"ListItem\",\"position\":1,\"name\":\"Strona g\u0142\u00f3wna\",\"item\":\"https:\/\/konkret.store\/de\/\"},{\"@type\":\"ListItem\",\"position\":2,\"name\":\"Gesch\u00e4ft\",\"item\":\"https:\/\/konkret.store\/de\/geschaeft\/\"},{\"@type\":\"ListItem\",\"position\":3,\"name\":\"Regal ORBIT \u2013 Massivholz Eiche\"}]},{\"@type\":\"WebSite\",\"@id\":\"https:\/\/konkret.store\/de\/#website\",\"url\":\"https:\/\/konkret.store\/de\/\",\"name\":\"konkret.store\",\"description\":\"Tylko konkrety\",\"potentialAction\":[{\"@type\":\"SearchAction\",\"target\":{\"@type\":\"EntryPoint\",\"urlTemplate\":\"https:\/\/konkret.store\/de\/?s={search_term_string}\"},\"query-input\":{\"@type\":\"PropertyValueSpecification\",\"valueRequired\":true,\"valueName\":\"search_term_string\"}}],\"inLanguage\":\"de-DE\"}]}<\/script>\n<!-- \/ Yoast SEO plugin. -->","yoast_head_json":{"title":"Regal ORBIT \u2013 Massivholz Eiche - konkret.store","description":"Orbit \u2013 ein architektonisches und modernes Regal, das klare Geometrie mit eleganter Funktionalit\u00e4t verbindet.Mit seinem asymmetrischen Design und der offenen Konstruktion ist Orbit ebenso ein skulpturales Highlight wie eine praktische Aufbewahrungsl\u00f6sung.Perfekt f\u00fcr alle, die ihr Interieur mit einem M\u00f6belst\u00fcck aufwerten m\u00f6chten, das sowohl stilvoll als auch funktional ist.Hergestellt aus FSC-zertifiziertem Holz.","robots":{"index":"index","follow":"follow","max-snippet":"max-snippet:-1","max-image-preview":"max-image-preview:large","max-video-preview":"max-video-preview:-1"},"canonical":"https:\/\/konkret.store\/de\/produkt\/regal-orbit\/","og_locale":"de_DE","og_type":"article","og_title":"Regal ORBIT \u2013 Massivholz Eiche - konkret.store","og_description":"Orbit \u2013 ein architektonisches und modernes Regal, das klare Geometrie mit eleganter Funktionalit\u00e4t verbindet.Mit seinem asymmetrischen Design und der offenen Konstruktion ist Orbit ebenso ein skulpturales Highlight wie eine praktische Aufbewahrungsl\u00f6sung.Perfekt f\u00fcr alle, die ihr Interieur mit einem M\u00f6belst\u00fcck aufwerten m\u00f6chten, das sowohl stilvoll als auch funktional ist.Hergestellt aus FSC-zertifiziertem Holz.","og_url":"https:\/\/konkret.store\/de\/produkt\/regal-orbit\/","og_site_name":"konkret.store","article_publisher":"https:\/\/facebook.com\/konkret.store\/","article_modified_time":"2025-04-24T13:54:50+00:00","og_image":[{"width":800,"height":800,"url":"https:\/\/konkret.store\/app\/uploads\/2025\/03\/orbit-2.png","type":"image\/png"}],"twitter_card":"summary_large_image","twitter_misc":{"Est. reading time":"1 minute"},"schema":{"@context":"https:\/\/schema.org","@graph":[{"@type":"WebPage","@id":"https:\/\/konkret.store\/de\/produkt\/regal-orbit\/","url":"https:\/\/konkret.store\/de\/produkt\/regal-orbit\/","name":"Regal ORBIT \u2013 Massivholz Eiche - konkret.store","isPartOf":{"@id":"https:\/\/konkret.store\/de\/#website"},"primaryImageOfPage":{"@id":"https:\/\/konkret.store\/de\/produkt\/regal-orbit\/#primaryimage"},"image":{"@id":"https:\/\/konkret.store\/de\/produkt\/regal-orbit\/#primaryimage"},"thumbnailUrl":"https:\/\/konkret.store\/app\/uploads\/2025\/03\/orbi.png","datePublished":"2025-03-04T21:46:49+00:00","dateModified":"2025-04-24T13:54:50+00:00","description":"Orbit \u2013 ein architektonisches und modernes Regal, das klare Geometrie mit eleganter Funktionalit\u00e4t verbindet.Mit seinem asymmetrischen Design und der offenen Konstruktion ist Orbit ebenso ein skulpturales Highlight wie eine praktische Aufbewahrungsl\u00f6sung.Perfekt f\u00fcr alle, die ihr Interieur mit einem M\u00f6belst\u00fcck aufwerten m\u00f6chten, das sowohl stilvoll als auch funktional ist.Hergestellt aus FSC-zertifiziertem Holz.","breadcrumb":{"@id":"https:\/\/konkret.store\/de\/produkt\/regal-orbit\/#breadcrumb"},"inLanguage":"de-DE","potentialAction":[{"@type":"ReadAction","target":["https:\/\/konkret.store\/de\/produkt\/regal-orbit\/"]}]},{"@type":"ImageObject","inLanguage":"de-DE","@id":"https:\/\/konkret.store\/de\/produkt\/regal-orbit\/#primaryimage","url":"https:\/\/konkret.store\/app\/uploads\/2025\/03\/orbi.png","contentUrl":"https:\/\/konkret.store\/app\/uploads\/2025\/03\/orbi.png","width":800,"height":800},{"@type":"BreadcrumbList","@id":"https:\/\/konkret.store\/de\/produkt\/regal-orbit\/#breadcrumb","itemListElement":[{"@type":"ListItem","position":1,"name":"Strona g\u0142\u00f3wna","item":"https:\/\/konkret.store\/de\/"},{"@type":"ListItem","position":2,"name":"Gesch\u00e4ft","item":"https:\/\/konkret.store\/de\/geschaeft\/"},{"@type":"ListItem","position":3,"name":"Regal ORBIT \u2013 Massivholz Eiche"}]},{"@type":"WebSite","@id":"https:\/\/konkret.store\/de\/#website","url":"https:\/\/konkret.store\/de\/","name":"konkret.store","description":"Tylko konkrety","potentialAction":[{"@type":"SearchAction","target":{"@type":"EntryPoint","urlTemplate":"https:\/\/konkret.store\/de\/?s={search_term_string}"},"query-input":{"@type":"PropertyValueSpecification","valueRequired":true,"valueName":"search_term_string"}}],"inLanguage":"de-DE"}]}},"_links":{"self":[{"href":"https:\/\/konkret.store\/de\/wp-json\/wp\/v2\/product\/24458","targetHints":{"allow":["GET"]}}],"collection":[{"href":"https:\/\/konkret.store\/de\/wp-json\/wp\/v2\/product"}],"about":[{"href":"https:\/\/konkret.store\/de\/wp-json\/wp\/v2\/types\/product"}],"wp:featuredmedia":[{"embeddable":true,"href":"https:\/\/konkret.store\/de\/wp-json\/wp\/v2\/media\/24932"}],"wp:attachment":[{"href":"https:\/\/konkret.store\/de\/wp-json\/wp\/v2\/media?parent=24458"}],"wp:term":[{"taxonomy":"product_brand","embeddable":true,"href":"https:\/\/konkret.store\/de\/wp-json\/wp\/v2\/product_brand?post=24458"},{"taxonomy":"product_cat","embeddable":true,"href":"https:\/\/konkret.store\/de\/wp-json\/wp\/v2\/product_cat?post=24458"},{"taxonomy":"product_tag","embeddable":true,"href":"https:\/\/konkret.store\/de\/wp-json\/wp\/v2\/product_tag?post=24458"}],"curies":[{"name":"wp","href":"https:\/\/api.w.org\/{rel}","templated":true}]}}