{"id":24634,"date":"2025-04-15T22:14:45","date_gmt":"2025-04-15T21:14:45","guid":{"rendered":"https:\/\/konkret.store\/?post_type=product&#038;p=24634"},"modified":"2026-03-08T09:31:02","modified_gmt":"2026-03-08T08:31:02","slug":"vitrine-orion","status":"publish","type":"product","link":"https:\/\/konkret.store\/de\/produkt\/vitrine-orion\/","title":{"rendered":"Vitrine ORION \u2013 Massivholz Eiche"},"content":{"rendered":"<section class=\"image-text\">\n  <div class=\"container\">\n    <div class=\"row align-items-center\">\n      <div class=\"col-lg-6  image-text--left\">\n        <div class=\"image-text__image\">\n                                    <div class=\"videoContainer\">\n                <video src=\"https:\/\/konkret.store\/app\/uploads\/2024\/05\/Orion-2-2.mp4\" controls webkit-playsinline playsinline loop muted autoplay><\/video>\n              <\/div>\n                              <\/div>\n      <\/div>\n      <div class=\"col-lg-5  offset-lg-1 \">\n                <h2><\/h2>\n        <div class=\"image-text__text\">\n          <p><span style=\"text-align: var(--bs-body-text-align);\">Orion strahlt diskrete Noblesse und zeitlose Eleganz aus.<\/span><\/p>\n<p>Materialien von h\u00f6chster Qualit\u00e4t, die der t\u00e4glichen Nutzung wirklich standhalten \u2013 und dadurch sch\u00f6n und nat\u00fcrlich altern.<\/p>\n<pre>Im Video: Vitrinenschrank Orion\r\n\r\nL\u00e4nge: 227 cm\r\n\r\nTiefe: 40 cm\r\n\r\nH\u00f6he: 227 cm\r\n\r\nFarbe: Walnuss-Eiche\r\n\r\n\r\nund TV-Bank Orion in der wandh\u00e4ngenden Version\r\n\r\nL\u00e4nge: 180 cm\r\n\r\nTiefe: 35 cm\r\n\r\nH\u00f6he: 30 cm\r\n\r\nFarbe: Walnuss-Eiche<\/pre>\n        <\/div>\n              <\/div>\n    <\/div>\n  <\/div>\n<\/section>\n\n\n<section class=\"image-text\">\n  <div class=\"container\">\n    <div class=\"row align-items-center\">\n      <div class=\"col-lg-6  offset-lg-1  image-text--right\">\n        <div class=\"image-text__image\">\n          <img loading=\"lazy\" decoding=\"async\" width=\"720\" height=\"515\" src=\"https:\/\/konkret.store\/app\/uploads\/2025\/03\/Blum-cristallo.jpeg\" class=\"attachment-full size-full\" alt=\"\" srcset=\"https:\/\/konkret.store\/app\/uploads\/2025\/03\/Blum-cristallo.jpeg 720w, https:\/\/konkret.store\/app\/uploads\/2025\/03\/Blum-cristallo-300x215.jpeg 300w, https:\/\/konkret.store\/app\/uploads\/2025\/03\/Blum-cristallo-610x436.jpeg 610w, https:\/\/konkret.store\/app\/uploads\/2025\/03\/Blum-cristallo-64x46.jpeg 64w\" sizes=\"auto, (max-width: 720px) 100vw, 720px\" \/>        <\/div>\n      <\/div>\n      <div class=\"col-lg-5 \">\n                <h2><\/h2>\n        <div class=\"image-text__text\">\n          <p class=\"\" data-start=\"0\" data-end=\"86\">\n<p class=\"\" data-start=\"88\" data-end=\"331\">Jede Farbvariante der Vitrine ist mit einem Schutzlack versehen, der keinerlei Pflege erfordert. Der Lack bietet einen robusten Schutz, der den Wartungsaufwand minimiert \u2013 so beh\u00e4lt die Vitrine ihre sch\u00f6ne Optik ganz ohne zus\u00e4tzlichen Aufwand.<\/p>\n<p class=\"\" data-start=\"333\" data-end=\"381\">\u25b8 Exklusivit\u00e4t<br data-start=\"347\" data-end=\"350\" \/>\u25b8 Blum Cristallo in Onyxschwarz<\/p>\n        <\/div>\n              <\/div>\n    <\/div>\n  <\/div>\n<\/section>\n\n\n<section class=\"image-text\">\n  <div class=\"container\">\n    <div class=\"row align-items-center\">\n      <div class=\"col-lg-6  image-text--left\">\n        <div class=\"image-text__image\">\n          <img loading=\"lazy\" decoding=\"async\" width=\"1053\" height=\"954\" src=\"https:\/\/konkret.store\/app\/uploads\/2025\/03\/456872914_1107163447596757_6917240166575873632_n-e1740000276933.jpg\" class=\"attachment-full size-full\" alt=\"\" srcset=\"https:\/\/konkret.store\/app\/uploads\/2025\/03\/456872914_1107163447596757_6917240166575873632_n-e1740000276933.jpg 1053w, https:\/\/konkret.store\/app\/uploads\/2025\/03\/456872914_1107163447596757_6917240166575873632_n-e1740000276933-300x272.jpg 300w, https:\/\/konkret.store\/app\/uploads\/2025\/03\/456872914_1107163447596757_6917240166575873632_n-e1740000276933-1024x928.jpg 1024w, https:\/\/konkret.store\/app\/uploads\/2025\/03\/456872914_1107163447596757_6917240166575873632_n-e1740000276933-768x696.jpg 768w, https:\/\/konkret.store\/app\/uploads\/2025\/03\/456872914_1107163447596757_6917240166575873632_n-e1740000276933-610x553.jpg 610w, https:\/\/konkret.store\/app\/uploads\/2025\/03\/456872914_1107163447596757_6917240166575873632_n-e1740000276933-64x58.jpg 64w\" sizes=\"auto, (max-width: 1053px) 100vw, 1053px\" \/>        <\/div>\n      <\/div>\n      <div class=\"col-lg-5  offset-lg-1 \">\n                <h2>Wir k\u00fcmmern uns um die Details!<\/h2>\n        <div class=\"image-text__text\">\n          <p>Die Vitrine ist aus massiver Eiche gefertigt, was sie stabil, pflegeleicht und optisch besonders ansprechend macht.<br \/>\nDer gemeinsame Nenner ist die hohe Qualit\u00e4t und die Vielzahl an Wahlm\u00f6glichkeiten \u2013 kurz gesagt: ein M\u00f6belst\u00fcck, mit dem Sie rundum zufrieden sein werden.<\/p>\n<p>\u25b8 Integriertes LED-Band mit Dimmfunktion und Fernbedienung \u2013 optional erh\u00e4ltlich.<\/p>\n<p><img loading=\"lazy\" decoding=\"async\" class=\"alignnone size-medium wp-image-24461\" src=\"https:\/\/konkret.store\/app\/uploads\/2025\/03\/fjernkontroll-300x300.png\" alt=\"\" width=\"300\" height=\"300\" srcset=\"https:\/\/konkret.store\/app\/uploads\/2025\/03\/fjernkontroll-300x300.png 300w, https:\/\/konkret.store\/app\/uploads\/2025\/03\/fjernkontroll-768x768.png 768w, https:\/\/konkret.store\/app\/uploads\/2025\/03\/fjernkontroll-610x610.png 610w, https:\/\/konkret.store\/app\/uploads\/2025\/03\/fjernkontroll-100x100.png 100w, https:\/\/konkret.store\/app\/uploads\/2025\/03\/fjernkontroll-64x64.png 64w, https:\/\/konkret.store\/app\/uploads\/2025\/03\/fjernkontroll.png 800w\" sizes=\"auto, (max-width: 300px) 100vw, 300px\" \/><\/p>\n<p>&nbsp;<\/p>\n        <\/div>\n              <\/div>\n    <\/div>\n  <\/div>\n<\/section>\n","protected":false},"excerpt":{"rendered":"<p>&nbsp;<\/p>\n<p class=\"\" data-start=\"0\" data-end=\"211\"><strong>Eine fantastische Vitrine mit aufklappbaren Glast\u00fcren. Bef\u00fcllen Sie sie mit B\u00fcchern, Skulpturen, Vasen, Tellern, Gl\u00e4sern oder Porzellan \u2013 sie passt sowohl ins Wohnzimmer als auch in die K\u00fcche oder das Esszimmer!<\/strong><\/p>\n<p class=\"\" data-start=\"213\" data-end=\"253\">Hergestellt aus FSC-zertifiziertem Holz\u00a0\u00a0<a href=\"https:\/\/pl.fsc.org\/pl-pl\/sprawdz-i-znajdz-certyfikat\"><img loading=\"lazy\" decoding=\"async\" class=\"alignnone wp-image-11268 lazyloaded\" src=\"https:\/\/konkret.store\/app\/uploads\/2023\/02\/Forest_Stewardship_Council_logo-251x300.png\" alt=\"\" width=\"32\" height=\"38\" data-src=\"https:\/\/konkret.store\/app\/uploads\/2023\/02\/Forest_Stewardship_Council_logo-251x300.png\" srcset=\"https:\/\/konkret.store\/app\/uploads\/2023\/02\/Forest_Stewardship_Council_logo-251x300.png 251w, https:\/\/konkret.store\/app\/uploads\/2023\/02\/Forest_Stewardship_Council_logo-855x1024.png 855w, https:\/\/konkret.store\/app\/uploads\/2023\/02\/Forest_Stewardship_Council_logo-768x920.png 768w, https:\/\/konkret.store\/app\/uploads\/2023\/02\/Forest_Stewardship_Council_logo-610x730.png 610w, https:\/\/konkret.store\/app\/uploads\/2023\/02\/Forest_Stewardship_Council_logo-64x77.png 64w, https:\/\/konkret.store\/app\/uploads\/2023\/02\/Forest_Stewardship_Council_logo.png 1200w\" sizes=\"auto, (max-width: 32px) 100vw, 32px\" \/><\/a><\/p>\n<hr \/>\n<p>Sind Sie sich nicht sicher, welche Farbe Sie w\u00e4hlen sollen? Bestellen Sie <strong><a href=\"https:\/\/konkret.store\/de\/produkt\/eichenholzproben-9-farben\/\">sie hier<\/a><\/strong>, um Farbproben zu erhalten.<\/p>\n","protected":false},"featured_media":24222,"comment_status":"closed","ping_status":"closed","template":"","meta":{"_acf_changed":true},"product_brand":[],"product_cat":[271],"product_tag":[],"class_list":{"0":"post-24634","1":"product","2":"type-product","3":"status-publish","4":"has-post-thumbnail","6":"product_cat-unsere-konkrete","8":"first","9":"onbackorder","10":"taxable","11":"shipping-taxable","12":"purchasable","13":"product-type-simple"},"exclude_global_add_ons":false,"addons":[{"name":"Holzfarbe","type":"multiple_choice","position":0,"required":true,"title_format":"label","default":"","description_enable":true,"description":"Jede Farbe auf dem M\u00f6belst\u00fcck ist mit Lack \u00fcberzogen, was bedeutet, dass es keine Wartung erfordert. Der Lack bietet einen soliden Schutz und minimiert den Bedarf an regelm\u00e4\u00dfiger Pflege, sodass das M\u00f6belst\u00fcck sein sch\u00f6nes Aussehen ohne zus\u00e4tzlichen Aufwand bewahren kann.\r\nHergestellt aus massivem Eichenholz oder Walnuss.","placeholder_enable":false,"placeholder":"","display":"patterns","restrictions_type":"any_text","adjust_price":false,"price":"","price_type":"flat_fee","restrictions":false,"min":"0","max":"0","options":[{"label":"24030","price":"","price_type":"quantity_based","image":0,"visibility":true},{"label":"24026","price":"50","price_type":"percentage_based","image":0,"visibility":true}],"id":1744918092},{"name":"Glast\u00fcren","type":"multiple_choice","position":1,"required":true,"title_format":"label","default":"","description_enable":false,"description":"","placeholder_enable":false,"placeholder":"","display":"images","restrictions_type":"any_text","adjust_price":false,"price":"","price_type":"flat_fee","restrictions":false,"min":"0","max":"0","options":[{"label":"Klarglas","price":"","price_type":"quantity_based","image":23827,"visibility":true},{"label":"Rauchglas","price":"300","price_type":"quantity_based","image":23829,"visibility":true}],"id":1744918093},{"name":"Breite","type":"multiple_choice","position":2,"required":true,"title_format":"label","default":"","description_enable":false,"description":"","placeholder_enable":false,"placeholder":"","display":"select","restrictions_type":"any_text","adjust_price":false,"price":"","price_type":"flat_fee","restrictions":false,"min":"0","max":"0","options":[{"label":"80cm","price":"","price_type":"quantity_based","image":0,"visibility":true},{"label":"100cm","price":"900","price_type":"quantity_based","image":0,"visibility":true}],"id":1744918094},{"name":"H\u00f6he","type":"multiple_choice","position":3,"required":true,"title_format":"label","default":"","description_enable":false,"description":"St\u00f3\u0142 ma praktyczny metalowy mechanizm rozsuwania, kt\u00f3ry umo\u017cliwia \u0142atwe powi\u0119kszenie sto\u0142u, gdy potrzebujesz dodatkowej przestrzeni (brak miejsca do przechowywania w stole).","placeholder_enable":false,"placeholder":"","display":"select","restrictions_type":"any_text","adjust_price":false,"price":"","price_type":"flat_fee","restrictions":false,"min":"0","max":"0","options":[{"label":"207cm","price":"","price_type":"quantity_based","image":0,"visibility":true},{"label":"227cm","price":"700","price_type":"quantity_based","image":0,"visibility":true}],"id":1744918095},{"name":"Integriertes LED-Band mit Dimmfunktion und Fernbedienung","type":"multiple_choice","position":4,"required":true,"title_format":"label","default":"","description_enable":true,"description":"Professioneller LED-Dimmer mit RF-Fernbedienung.\r\nDas Ger\u00e4t dient zur einfachen und schnellen Anpassung der Helligkeit aller einfarbigen LED-Streifen.","placeholder_enable":false,"placeholder":"","display":"select","restrictions_type":"any_text","adjust_price":false,"price":"","price_type":"flat_fee","restrictions":false,"min":"0","max":"0","options":[{"label":"Nein","price":"","price_type":"quantity_based","image":0,"visibility":true},{"label":"Ja","price":"900","price_type":"quantity_based","image":0,"visibility":true}],"id":1744918096},{"name":"Kudde variant","type":"multiple_choice","position":0,"required":true,"title_format":"label","default":"","description_enable":false,"description":"","placeholder_enable":false,"placeholder":"","display":"select","restrictions_type":"any_text","adjust_price":false,"price":"","price_type":"flat_fee","restrictions":false,"min":"0","max":"0","options":[{"label":"Kuba","price":"","price_type":"quantity_based","image":0,"visibility":true},{"label":"Haiti","price":"","price_type":"quantity_based","image":0,"visibility":true},{"label":"Barbados","price":"","price_type":"quantity_based","image":0,"visibility":true},{"label":"Aruba","price":"","price_type":"quantity_based","image":0,"visibility":true}]}],"acf":[],"yoast_head":"<!-- This site is optimized with the Yoast SEO plugin v26.8 - https:\/\/yoast.com\/product\/yoast-seo-wordpress\/ -->\n<title>Vitrine ORION \u2013 Massivholz Eiche - konkret.store<\/title>\n<meta name=\"description\" content=\"Eine fantastische Vitrine mit aufklappbaren Glast\u00fcren. F\u00fcllen Sie sie mit B\u00fcchern, Skulpturen, Vasen, Tellern, Gl\u00e4sern oder Porzellan \u2013 sie passt ebenso gut ins Wohnzimmer wie in die K\u00fcche oder das Esszimmer!Hergestellt aus FSC-zertifiziertem Holz.\" \/>\n<meta name=\"robots\" content=\"index, follow, max-snippet:-1, max-image-preview:large, max-video-preview:-1\" \/>\n<link rel=\"canonical\" href=\"https:\/\/konkret.store\/de\/produkt\/vitrine-orion\/\" \/>\n<meta property=\"og:locale\" content=\"de_DE\" \/>\n<meta property=\"og:type\" content=\"article\" \/>\n<meta property=\"og:title\" content=\"Vitrine ORION \u2013 Massivholz Eiche - konkret.store\" \/>\n<meta property=\"og:description\" content=\"Eine fantastische Vitrine mit aufklappbaren Glast\u00fcren. F\u00fcllen Sie sie mit B\u00fcchern, Skulpturen, Vasen, Tellern, Gl\u00e4sern oder Porzellan \u2013 sie passt ebenso gut ins Wohnzimmer wie in die K\u00fcche oder das Esszimmer!Hergestellt aus FSC-zertifiziertem Holz.\" \/>\n<meta property=\"og:url\" content=\"https:\/\/konkret.store\/de\/produkt\/vitrine-orion\/\" \/>\n<meta property=\"og:site_name\" content=\"konkret.store\" \/>\n<meta property=\"article:publisher\" content=\"https:\/\/facebook.com\/konkret.store\/\" \/>\n<meta property=\"article:modified_time\" content=\"2026-03-08T08:31:02+00:00\" \/>\n<meta property=\"og:image\" content=\"https:\/\/konkret.store\/app\/uploads\/2025\/03\/WITRYNA-MOON_B_STUDIO-1.jpg\" \/>\n\t<meta property=\"og:image:width\" content=\"1980\" \/>\n\t<meta property=\"og:image:height\" content=\"1982\" \/>\n\t<meta property=\"og:image:type\" content=\"image\/jpeg\" \/>\n<meta name=\"twitter:card\" content=\"summary_large_image\" \/>\n<meta name=\"twitter:label1\" content=\"Est. reading time\" \/>\n\t<meta name=\"twitter:data1\" content=\"1 minute\" \/>\n<script type=\"application\/ld+json\" class=\"yoast-schema-graph\">{\"@context\":\"https:\/\/schema.org\",\"@graph\":[{\"@type\":\"WebPage\",\"@id\":\"https:\/\/konkret.store\/de\/produkt\/vitrine-orion\/\",\"url\":\"https:\/\/konkret.store\/de\/produkt\/vitrine-orion\/\",\"name\":\"Vitrine ORION \u2013 Massivholz Eiche - konkret.store\",\"isPartOf\":{\"@id\":\"https:\/\/konkret.store\/de\/#website\"},\"primaryImageOfPage\":{\"@id\":\"https:\/\/konkret.store\/de\/produkt\/vitrine-orion\/#primaryimage\"},\"image\":{\"@id\":\"https:\/\/konkret.store\/de\/produkt\/vitrine-orion\/#primaryimage\"},\"thumbnailUrl\":\"https:\/\/konkret.store\/app\/uploads\/2025\/03\/WITRYNA-MOON_B_STUDIO-1.jpg\",\"datePublished\":\"2025-04-15T21:14:45+00:00\",\"dateModified\":\"2026-03-08T08:31:02+00:00\",\"description\":\"Eine fantastische Vitrine mit aufklappbaren Glast\u00fcren. F\u00fcllen Sie sie mit B\u00fcchern, Skulpturen, Vasen, Tellern, Gl\u00e4sern oder Porzellan \u2013 sie passt ebenso gut ins Wohnzimmer wie in die K\u00fcche oder das Esszimmer!Hergestellt aus FSC-zertifiziertem Holz.\",\"breadcrumb\":{\"@id\":\"https:\/\/konkret.store\/de\/produkt\/vitrine-orion\/#breadcrumb\"},\"inLanguage\":\"de-DE\",\"potentialAction\":[{\"@type\":\"ReadAction\",\"target\":[\"https:\/\/konkret.store\/de\/produkt\/vitrine-orion\/\"]}]},{\"@type\":\"ImageObject\",\"inLanguage\":\"de-DE\",\"@id\":\"https:\/\/konkret.store\/de\/produkt\/vitrine-orion\/#primaryimage\",\"url\":\"https:\/\/konkret.store\/app\/uploads\/2025\/03\/WITRYNA-MOON_B_STUDIO-1.jpg\",\"contentUrl\":\"https:\/\/konkret.store\/app\/uploads\/2025\/03\/WITRYNA-MOON_B_STUDIO-1.jpg\",\"width\":1980,\"height\":1982},{\"@type\":\"BreadcrumbList\",\"@id\":\"https:\/\/konkret.store\/de\/produkt\/vitrine-orion\/#breadcrumb\",\"itemListElement\":[{\"@type\":\"ListItem\",\"position\":1,\"name\":\"Strona g\u0142\u00f3wna\",\"item\":\"https:\/\/konkret.store\/de\/\"},{\"@type\":\"ListItem\",\"position\":2,\"name\":\"Gesch\u00e4ft\",\"item\":\"https:\/\/konkret.store\/de\/geschaeft\/\"},{\"@type\":\"ListItem\",\"position\":3,\"name\":\"Vitrine ORION \u2013 Massivholz Eiche\"}]},{\"@type\":\"WebSite\",\"@id\":\"https:\/\/konkret.store\/de\/#website\",\"url\":\"https:\/\/konkret.store\/de\/\",\"name\":\"konkret.store\",\"description\":\"Tylko konkrety\",\"potentialAction\":[{\"@type\":\"SearchAction\",\"target\":{\"@type\":\"EntryPoint\",\"urlTemplate\":\"https:\/\/konkret.store\/de\/?s={search_term_string}\"},\"query-input\":{\"@type\":\"PropertyValueSpecification\",\"valueRequired\":true,\"valueName\":\"search_term_string\"}}],\"inLanguage\":\"de-DE\"}]}<\/script>\n<!-- \/ Yoast SEO plugin. -->","yoast_head_json":{"title":"Vitrine ORION \u2013 Massivholz Eiche - konkret.store","description":"Eine fantastische Vitrine mit aufklappbaren Glast\u00fcren. F\u00fcllen Sie sie mit B\u00fcchern, Skulpturen, Vasen, Tellern, Gl\u00e4sern oder Porzellan \u2013 sie passt ebenso gut ins Wohnzimmer wie in die K\u00fcche oder das Esszimmer!Hergestellt aus FSC-zertifiziertem Holz.","robots":{"index":"index","follow":"follow","max-snippet":"max-snippet:-1","max-image-preview":"max-image-preview:large","max-video-preview":"max-video-preview:-1"},"canonical":"https:\/\/konkret.store\/de\/produkt\/vitrine-orion\/","og_locale":"de_DE","og_type":"article","og_title":"Vitrine ORION \u2013 Massivholz Eiche - konkret.store","og_description":"Eine fantastische Vitrine mit aufklappbaren Glast\u00fcren. F\u00fcllen Sie sie mit B\u00fcchern, Skulpturen, Vasen, Tellern, Gl\u00e4sern oder Porzellan \u2013 sie passt ebenso gut ins Wohnzimmer wie in die K\u00fcche oder das Esszimmer!Hergestellt aus FSC-zertifiziertem Holz.","og_url":"https:\/\/konkret.store\/de\/produkt\/vitrine-orion\/","og_site_name":"konkret.store","article_publisher":"https:\/\/facebook.com\/konkret.store\/","article_modified_time":"2026-03-08T08:31:02+00:00","og_image":[{"width":1980,"height":1982,"url":"https:\/\/konkret.store\/app\/uploads\/2025\/03\/WITRYNA-MOON_B_STUDIO-1.jpg","type":"image\/jpeg"}],"twitter_card":"summary_large_image","twitter_misc":{"Est. reading time":"1 minute"},"schema":{"@context":"https:\/\/schema.org","@graph":[{"@type":"WebPage","@id":"https:\/\/konkret.store\/de\/produkt\/vitrine-orion\/","url":"https:\/\/konkret.store\/de\/produkt\/vitrine-orion\/","name":"Vitrine ORION \u2013 Massivholz Eiche - konkret.store","isPartOf":{"@id":"https:\/\/konkret.store\/de\/#website"},"primaryImageOfPage":{"@id":"https:\/\/konkret.store\/de\/produkt\/vitrine-orion\/#primaryimage"},"image":{"@id":"https:\/\/konkret.store\/de\/produkt\/vitrine-orion\/#primaryimage"},"thumbnailUrl":"https:\/\/konkret.store\/app\/uploads\/2025\/03\/WITRYNA-MOON_B_STUDIO-1.jpg","datePublished":"2025-04-15T21:14:45+00:00","dateModified":"2026-03-08T08:31:02+00:00","description":"Eine fantastische Vitrine mit aufklappbaren Glast\u00fcren. F\u00fcllen Sie sie mit B\u00fcchern, Skulpturen, Vasen, Tellern, Gl\u00e4sern oder Porzellan \u2013 sie passt ebenso gut ins Wohnzimmer wie in die K\u00fcche oder das Esszimmer!Hergestellt aus FSC-zertifiziertem Holz.","breadcrumb":{"@id":"https:\/\/konkret.store\/de\/produkt\/vitrine-orion\/#breadcrumb"},"inLanguage":"de-DE","potentialAction":[{"@type":"ReadAction","target":["https:\/\/konkret.store\/de\/produkt\/vitrine-orion\/"]}]},{"@type":"ImageObject","inLanguage":"de-DE","@id":"https:\/\/konkret.store\/de\/produkt\/vitrine-orion\/#primaryimage","url":"https:\/\/konkret.store\/app\/uploads\/2025\/03\/WITRYNA-MOON_B_STUDIO-1.jpg","contentUrl":"https:\/\/konkret.store\/app\/uploads\/2025\/03\/WITRYNA-MOON_B_STUDIO-1.jpg","width":1980,"height":1982},{"@type":"BreadcrumbList","@id":"https:\/\/konkret.store\/de\/produkt\/vitrine-orion\/#breadcrumb","itemListElement":[{"@type":"ListItem","position":1,"name":"Strona g\u0142\u00f3wna","item":"https:\/\/konkret.store\/de\/"},{"@type":"ListItem","position":2,"name":"Gesch\u00e4ft","item":"https:\/\/konkret.store\/de\/geschaeft\/"},{"@type":"ListItem","position":3,"name":"Vitrine ORION \u2013 Massivholz Eiche"}]},{"@type":"WebSite","@id":"https:\/\/konkret.store\/de\/#website","url":"https:\/\/konkret.store\/de\/","name":"konkret.store","description":"Tylko konkrety","potentialAction":[{"@type":"SearchAction","target":{"@type":"EntryPoint","urlTemplate":"https:\/\/konkret.store\/de\/?s={search_term_string}"},"query-input":{"@type":"PropertyValueSpecification","valueRequired":true,"valueName":"search_term_string"}}],"inLanguage":"de-DE"}]}},"_links":{"self":[{"href":"https:\/\/konkret.store\/de\/wp-json\/wp\/v2\/product\/24634","targetHints":{"allow":["GET"]}}],"collection":[{"href":"https:\/\/konkret.store\/de\/wp-json\/wp\/v2\/product"}],"about":[{"href":"https:\/\/konkret.store\/de\/wp-json\/wp\/v2\/types\/product"}],"replies":[{"embeddable":true,"href":"https:\/\/konkret.store\/de\/wp-json\/wp\/v2\/comments?post=24634"}],"wp:featuredmedia":[{"embeddable":true,"href":"https:\/\/konkret.store\/de\/wp-json\/wp\/v2\/media\/24222"}],"wp:attachment":[{"href":"https:\/\/konkret.store\/de\/wp-json\/wp\/v2\/media?parent=24634"}],"wp:term":[{"taxonomy":"product_brand","embeddable":true,"href":"https:\/\/konkret.store\/de\/wp-json\/wp\/v2\/product_brand?post=24634"},{"taxonomy":"product_cat","embeddable":true,"href":"https:\/\/konkret.store\/de\/wp-json\/wp\/v2\/product_cat?post=24634"},{"taxonomy":"product_tag","embeddable":true,"href":"https:\/\/konkret.store\/de\/wp-json\/wp\/v2\/product_tag?post=24634"}],"curies":[{"name":"wp","href":"https:\/\/api.w.org\/{rel}","templated":true}]}}