{"id":24755,"date":"2025-05-03T22:15:46","date_gmt":"2025-05-03T21:15:46","guid":{"rendered":"https:\/\/konkret.store\/?post_type=product&#038;p=24755"},"modified":"2025-05-23T20:08:26","modified_gmt":"2025-05-23T19:08:26","slug":"esstisch-beta","status":"publish","type":"product","link":"https:\/\/konkret.store\/de\/produkt\/esstisch-beta\/","title":{"rendered":"Esstisch BETA \u2013 Massivholz Eiche"},"content":{"rendered":"<section class=\"image-text\">\n  <div class=\"container\">\n    <div class=\"row align-items-center\">\n      <div class=\"col-lg-6  offset-lg-1  image-text--right\">\n        <div class=\"image-text__image\">\n          <img loading=\"lazy\" decoding=\"async\" width=\"1600\" height=\"2000\" src=\"https:\/\/konkret.store\/app\/uploads\/2025\/05\/att.Al0_vPrHK7ArayEl3PqDd3I5BZqdHqWYPgqDveQ-9Rk.jpg\" class=\"attachment-full size-full\" alt=\"\" srcset=\"https:\/\/konkret.store\/app\/uploads\/2025\/05\/att.Al0_vPrHK7ArayEl3PqDd3I5BZqdHqWYPgqDveQ-9Rk.jpg 1600w, https:\/\/konkret.store\/app\/uploads\/2025\/05\/att.Al0_vPrHK7ArayEl3PqDd3I5BZqdHqWYPgqDveQ-9Rk-240x300.jpg 240w, https:\/\/konkret.store\/app\/uploads\/2025\/05\/att.Al0_vPrHK7ArayEl3PqDd3I5BZqdHqWYPgqDveQ-9Rk-819x1024.jpg 819w, https:\/\/konkret.store\/app\/uploads\/2025\/05\/att.Al0_vPrHK7ArayEl3PqDd3I5BZqdHqWYPgqDveQ-9Rk-768x960.jpg 768w, https:\/\/konkret.store\/app\/uploads\/2025\/05\/att.Al0_vPrHK7ArayEl3PqDd3I5BZqdHqWYPgqDveQ-9Rk-1229x1536.jpg 1229w, https:\/\/konkret.store\/app\/uploads\/2025\/05\/att.Al0_vPrHK7ArayEl3PqDd3I5BZqdHqWYPgqDveQ-9Rk-610x763.jpg 610w, https:\/\/konkret.store\/app\/uploads\/2025\/05\/att.Al0_vPrHK7ArayEl3PqDd3I5BZqdHqWYPgqDveQ-9Rk-64x80.jpg 64w\" sizes=\"auto, (max-width: 1600px) 100vw, 1600px\" \/>        <\/div>\n      <\/div>\n      <div class=\"col-lg-5 \">\n                <h2>Wir legen Wert auf Details!<\/h2>\n        <div class=\"image-text__text\">\n          <p data-start=\"57\" data-end=\"204\">Perfekt geeignet f\u00fcr eine moderne K\u00fcche oder ein Esszimmer \u2013 und auch als stilvoller Konferenztisch f\u00fcr B\u00fcror\u00e4ume einsetzbar.<\/p>\n<p class=\"\" data-start=\"208\" data-end=\"250\"><strong data-start=\"208\" data-end=\"248\"><img loading=\"lazy\" decoding=\"async\" class=\"alignnone wp-image-14171 ls-is-cached lazyloaded\" src=\"https:\/\/design4u.no\/app\/uploads\/2023\/03\/Hand_made-removebg-preview.png\" sizes=\"auto, (max-width: 35px) 100vw, 35px\" srcset=\"https:\/\/design4u.no\/app\/uploads\/2023\/03\/Hand_made-removebg-preview.png 76w, https:\/\/design4u.no\/app\/uploads\/2023\/03\/Hand_made-removebg-preview-64x64.png 64w\" alt=\"\" width=\"35\" height=\"35\" data-srcset=\"https:\/\/design4u.no\/app\/uploads\/2023\/03\/Hand_made-removebg-preview.png 76w, https:\/\/design4u.no\/app\/uploads\/2023\/03\/Hand_made-removebg-preview-64x64.png 64w\" data-src=\"https:\/\/design4u.no\/app\/uploads\/2023\/03\/Hand_made-removebg-preview.png\" data-sizes=\"(max-width: 35px) 100vw, 35px\" \/> \u00a0<\/strong>Handgefertigt in h\u00f6chster Qualit\u00e4t.<\/p>\n<p class=\"\" data-start=\"253\" data-end=\"267\"><strong data-start=\"253\" data-end=\"267\"><img loading=\"lazy\" decoding=\"async\" class=\"alignnone wp-image-23684 entered litespeed-loaded\" src=\"https:\/\/konkret.store\/app\/uploads\/2025\/02\/solid--300x300.png\" sizes=\"auto, (max-width: 35px) 100vw, 35px\" srcset=\"https:\/\/konkret.store\/app\/uploads\/2025\/02\/solid--300x300.png 300w, https:\/\/konkret.store\/app\/uploads\/2025\/02\/solid--768x768.png 768w, https:\/\/konkret.store\/app\/uploads\/2025\/02\/solid--610x610.png 610w, https:\/\/konkret.store\/app\/uploads\/2025\/02\/solid--100x100.png 100w, https:\/\/konkret.store\/app\/uploads\/2025\/02\/solid--64x64.png 64w, https:\/\/konkret.store\/app\/uploads\/2025\/02\/solid-.png 800w\" alt=\"\" width=\"35\" height=\"35\" data-lazyloaded=\"1\" data-src=\"https:\/\/konkret.store\/app\/uploads\/2025\/02\/solid--300x300.png\" data-srcset=\"https:\/\/konkret.store\/app\/uploads\/2025\/02\/solid--300x300.png 300w, https:\/\/konkret.store\/app\/uploads\/2025\/02\/solid--768x768.png 768w, https:\/\/konkret.store\/app\/uploads\/2025\/02\/solid--610x610.png 610w, https:\/\/konkret.store\/app\/uploads\/2025\/02\/solid--100x100.png 100w, https:\/\/konkret.store\/app\/uploads\/2025\/02\/solid--64x64.png 64w, https:\/\/konkret.store\/app\/uploads\/2025\/02\/solid-.png 800w\" data-sizes=\"(max-width: 35px) 100vw, 35px\" data-ll-status=\"loaded\" \/> \u00a0<\/strong>Massivholz<\/p>\n        <\/div>\n              <\/div>\n    <\/div>\n  <\/div>\n<\/section>\n","protected":false},"excerpt":{"rendered":"<p>Der rechteckige Esstisch Beta verk\u00f6rpert nordischen Minimalismus und Funktionalit\u00e4t.<br \/>\nSeine schlichte und harmonische Form verleiht ihm eine zeitlose \u00c4sthetik, w\u00e4hrend die abgerundeten Beine und pr\u00e4zisen Details eine subtile Balance zwischen Eleganz und Solidit\u00e4t schaffen.<\/p>\n<p>Hergestellt aus FSC-zertifiziertem Holz <a href=\"https:\/\/pl.fsc.org\/pl-pl\/sprawdz-i-znajdz-certyfikat\"><img loading=\"lazy\" decoding=\"async\" class=\"alignnone wp-image-11268 lazyloaded\" src=\"https:\/\/konkret.store\/app\/uploads\/2023\/02\/Forest_Stewardship_Council_logo-251x300.png\" alt=\"\" width=\"32\" height=\"38\" data-src=\"https:\/\/konkret.store\/app\/uploads\/2023\/02\/Forest_Stewardship_Council_logo-251x300.png\" srcset=\"https:\/\/konkret.store\/app\/uploads\/2023\/02\/Forest_Stewardship_Council_logo-251x300.png 251w, https:\/\/konkret.store\/app\/uploads\/2023\/02\/Forest_Stewardship_Council_logo-855x1024.png 855w, https:\/\/konkret.store\/app\/uploads\/2023\/02\/Forest_Stewardship_Council_logo-768x920.png 768w, https:\/\/konkret.store\/app\/uploads\/2023\/02\/Forest_Stewardship_Council_logo-610x730.png 610w, https:\/\/konkret.store\/app\/uploads\/2023\/02\/Forest_Stewardship_Council_logo-64x77.png 64w, https:\/\/konkret.store\/app\/uploads\/2023\/02\/Forest_Stewardship_Council_logo.png 1200w\" sizes=\"auto, (max-width: 32px) 100vw, 32px\" \/><\/a><\/p>\n<hr \/>\n<p>Sind Sie sich nicht sicher, welche Farbe Sie w\u00e4hlen sollen? Bestellen Sie <strong><a href=\"https:\/\/konkret.store\/de\/produkt\/eichenholzproben-9-farben\/\">sie hier<\/a><\/strong>, um Farbproben zu erhalten.<\/p>\n","protected":false},"featured_media":24762,"template":"","meta":{"_acf_changed":true},"product_brand":[],"product_cat":[271],"product_tag":[],"class_list":{"0":"post-24755","1":"product","2":"type-product","3":"status-publish","4":"has-post-thumbnail","6":"product_cat-unsere-konkrete","8":"first","9":"onbackorder","10":"taxable","11":"shipping-taxable","12":"purchasable","13":"product-type-simple"},"exclude_global_add_ons":false,"addons":[{"name":"Holzfarbe","type":"multiple_choice","position":0,"required":true,"title_format":"label","default":"","description_enable":true,"description":"Jede Farbe auf dem M\u00f6belst\u00fcck ist mit Lack \u00fcberzogen, was bedeutet, dass es keine Wartung erfordert. Der Lack bietet einen soliden Schutz und minimiert den Bedarf an regelm\u00e4\u00dfiger Pflege, sodass das M\u00f6belst\u00fcck sein sch\u00f6nes Aussehen ohne zus\u00e4tzlichen Aufwand bewahren kann.  \r\nHergestellt aus massivem Eichenholz oder Walnuss.","placeholder_enable":false,"placeholder":"","display":"patterns","restrictions_type":"any_text","adjust_price":false,"price":"","price_type":"flat_fee","restrictions":false,"min":"0","max":"0","options":[{"label":"24030","price":"","price_type":"quantity_based","image":0,"visibility":true},{"label":"24026","price":"50","price_type":"percentage_based","image":0,"visibility":true}],"id":1744754447},{"name":"Breite","type":"multiple_choice","position":1,"required":true,"title_format":"label","default":"","description_enable":false,"description":"","placeholder_enable":false,"placeholder":"","display":"select","restrictions_type":"any_text","adjust_price":false,"price":"","price_type":"flat_fee","restrictions":false,"min":"0","max":"0","options":[{"label":"200cm","price":"","price_type":"quantity_based","image":0,"visibility":true},{"label":"220cm","price":"200","price_type":"quantity_based","image":0,"visibility":true},{"label":"230cm","price":"400","price_type":"quantity_based","image":0,"visibility":true},{"label":"240cm","price":"700","price_type":"quantity_based","image":0,"visibility":true},{"label":"250cm","price":"1000","price_type":"quantity_based","image":0,"visibility":true},{"label":"260cm","price":"1400","price_type":"quantity_based","image":0,"visibility":true},{"label":"280cm","price":"1900","price_type":"quantity_based","image":0,"visibility":true},{"label":"300cm","price":"2400","price_type":"quantity_based","image":0,"visibility":true}],"id":1744754448},{"name":"Tiefe","type":"multiple_choice","position":2,"required":true,"title_format":"label","default":"","description_enable":false,"description":"","placeholder_enable":false,"placeholder":"","display":"select","restrictions_type":"any_text","adjust_price":false,"price":"","price_type":"flat_fee","restrictions":false,"min":"0","max":"0","options":[{"label":"90cm","price":"","price_type":"quantity_based","image":0,"visibility":true},{"label":"100cm","price":"300","price_type":"quantity_based","image":0,"visibility":true},{"label":"110cm","price":"500","price_type":"quantity_based","image":0,"visibility":true},{"label":"120cm","price":"700","price_type":"quantity_based","image":0,"visibility":true}],"id":1744754449},{"name":"Einlegeplatten","type":"multiple_choice","position":3,"required":true,"title_format":"label","default":"","description_enable":true,"description":"Der Tisch verf\u00fcgt \u00fcber einen praktischen Auszugsmechanismus aus Metall, der eine einfache Vergr\u00f6\u00dferung der Tischfl\u00e4che erm\u00f6glicht, wenn zus\u00e4tzlicher Platz ben\u00f6tigt wird (keine integrierte Aufbewahrung f\u00fcr Einlegeplatten im Tisch).","placeholder_enable":false,"placeholder":"","display":"select","restrictions_type":"any_text","adjust_price":false,"price":"","price_type":"flat_fee","restrictions":false,"min":"0","max":"0","options":[{"label":"1 x 50cm","price":"","price_type":"quantity_based","image":0,"visibility":true},{"label":"2x 50cm","price":"700","price_type":"quantity_based","image":0,"visibility":true},{"label":"3 x 50cm","price":"1100","price_type":"quantity_based","image":0,"visibility":true}],"id":1744754450},{"name":"Kudde variant","type":"multiple_choice","position":0,"required":true,"title_format":"label","default":"","description_enable":false,"description":"","placeholder_enable":false,"placeholder":"","display":"select","restrictions_type":"any_text","adjust_price":false,"price":"","price_type":"flat_fee","restrictions":false,"min":"0","max":"0","options":[{"label":"Kuba","price":"","price_type":"quantity_based","image":0,"visibility":true},{"label":"Haiti","price":"","price_type":"quantity_based","image":0,"visibility":true},{"label":"Barbados","price":"","price_type":"quantity_based","image":0,"visibility":true},{"label":"Aruba","price":"","price_type":"quantity_based","image":0,"visibility":true}]}],"acf":[],"yoast_head":"<!-- This site is optimized with the Yoast SEO plugin v26.8 - https:\/\/yoast.com\/product\/yoast-seo-wordpress\/ -->\n<title>Esstisch BETA \u2013 Massivholz Eiche - konkret.store<\/title>\n<meta name=\"description\" content=\"Der rechteckige Esstisch Vega verk\u00f6rpert nordischen Minimalismus und Funktionalit\u00e4t.Seine schlichte und harmonische Form verleiht ihm eine zeitlose \u00c4sthetik, w\u00e4hrend die abgerundeten Beine und pr\u00e4zisen Details eine subtile Balance zwischen Eleganz und Solidit\u00e4t schaffen.\" \/>\n<meta name=\"robots\" content=\"index, follow, max-snippet:-1, max-image-preview:large, max-video-preview:-1\" \/>\n<link rel=\"canonical\" href=\"https:\/\/konkret.store\/de\/produkt\/esstisch-beta\/\" \/>\n<meta property=\"og:locale\" content=\"de_DE\" \/>\n<meta property=\"og:type\" content=\"article\" \/>\n<meta property=\"og:title\" content=\"Esstisch BETA \u2013 Massivholz Eiche - konkret.store\" \/>\n<meta property=\"og:description\" content=\"Der rechteckige Esstisch Vega verk\u00f6rpert nordischen Minimalismus und Funktionalit\u00e4t.Seine schlichte und harmonische Form verleiht ihm eine zeitlose \u00c4sthetik, w\u00e4hrend die abgerundeten Beine und pr\u00e4zisen Details eine subtile Balance zwischen Eleganz und Solidit\u00e4t schaffen.\" \/>\n<meta property=\"og:url\" content=\"https:\/\/konkret.store\/de\/produkt\/esstisch-beta\/\" \/>\n<meta property=\"og:site_name\" content=\"konkret.store\" \/>\n<meta property=\"article:publisher\" content=\"https:\/\/facebook.com\/konkret.store\/\" \/>\n<meta property=\"article:modified_time\" content=\"2025-05-23T19:08:26+00:00\" \/>\n<meta property=\"og:image\" content=\"https:\/\/konkret.store\/app\/uploads\/2025\/05\/ve.png\" \/>\n\t<meta property=\"og:image:width\" content=\"800\" \/>\n\t<meta property=\"og:image:height\" content=\"800\" \/>\n\t<meta property=\"og:image:type\" content=\"image\/png\" \/>\n<meta name=\"twitter:card\" content=\"summary_large_image\" \/>\n<meta name=\"twitter:label1\" content=\"Est. reading time\" \/>\n\t<meta name=\"twitter:data1\" content=\"1 minute\" \/>\n<script type=\"application\/ld+json\" class=\"yoast-schema-graph\">{\"@context\":\"https:\/\/schema.org\",\"@graph\":[{\"@type\":\"WebPage\",\"@id\":\"https:\/\/konkret.store\/de\/produkt\/esstisch-beta\/\",\"url\":\"https:\/\/konkret.store\/de\/produkt\/esstisch-beta\/\",\"name\":\"Esstisch BETA \u2013 Massivholz Eiche - konkret.store\",\"isPartOf\":{\"@id\":\"https:\/\/konkret.store\/de\/#website\"},\"primaryImageOfPage\":{\"@id\":\"https:\/\/konkret.store\/de\/produkt\/esstisch-beta\/#primaryimage\"},\"image\":{\"@id\":\"https:\/\/konkret.store\/de\/produkt\/esstisch-beta\/#primaryimage\"},\"thumbnailUrl\":\"https:\/\/konkret.store\/app\/uploads\/2025\/05\/ve.png\",\"datePublished\":\"2025-05-03T21:15:46+00:00\",\"dateModified\":\"2025-05-23T19:08:26+00:00\",\"description\":\"Der rechteckige Esstisch Vega verk\u00f6rpert nordischen Minimalismus und Funktionalit\u00e4t.Seine schlichte und harmonische Form verleiht ihm eine zeitlose \u00c4sthetik, w\u00e4hrend die abgerundeten Beine und pr\u00e4zisen Details eine subtile Balance zwischen Eleganz und Solidit\u00e4t schaffen.\",\"breadcrumb\":{\"@id\":\"https:\/\/konkret.store\/de\/produkt\/esstisch-beta\/#breadcrumb\"},\"inLanguage\":\"de-DE\",\"potentialAction\":[{\"@type\":\"ReadAction\",\"target\":[\"https:\/\/konkret.store\/de\/produkt\/esstisch-beta\/\"]}]},{\"@type\":\"ImageObject\",\"inLanguage\":\"de-DE\",\"@id\":\"https:\/\/konkret.store\/de\/produkt\/esstisch-beta\/#primaryimage\",\"url\":\"https:\/\/konkret.store\/app\/uploads\/2025\/05\/ve.png\",\"contentUrl\":\"https:\/\/konkret.store\/app\/uploads\/2025\/05\/ve.png\",\"width\":800,\"height\":800},{\"@type\":\"BreadcrumbList\",\"@id\":\"https:\/\/konkret.store\/de\/produkt\/esstisch-beta\/#breadcrumb\",\"itemListElement\":[{\"@type\":\"ListItem\",\"position\":1,\"name\":\"Strona g\u0142\u00f3wna\",\"item\":\"https:\/\/konkret.store\/de\/\"},{\"@type\":\"ListItem\",\"position\":2,\"name\":\"Gesch\u00e4ft\",\"item\":\"https:\/\/konkret.store\/de\/geschaeft\/\"},{\"@type\":\"ListItem\",\"position\":3,\"name\":\"Esstisch BETA \u2013 Massivholz Eiche\"}]},{\"@type\":\"WebSite\",\"@id\":\"https:\/\/konkret.store\/de\/#website\",\"url\":\"https:\/\/konkret.store\/de\/\",\"name\":\"konkret.store\",\"description\":\"Tylko konkrety\",\"potentialAction\":[{\"@type\":\"SearchAction\",\"target\":{\"@type\":\"EntryPoint\",\"urlTemplate\":\"https:\/\/konkret.store\/de\/?s={search_term_string}\"},\"query-input\":{\"@type\":\"PropertyValueSpecification\",\"valueRequired\":true,\"valueName\":\"search_term_string\"}}],\"inLanguage\":\"de-DE\"}]}<\/script>\n<!-- \/ Yoast SEO plugin. -->","yoast_head_json":{"title":"Esstisch BETA \u2013 Massivholz Eiche - konkret.store","description":"Der rechteckige Esstisch Vega verk\u00f6rpert nordischen Minimalismus und Funktionalit\u00e4t.Seine schlichte und harmonische Form verleiht ihm eine zeitlose \u00c4sthetik, w\u00e4hrend die abgerundeten Beine und pr\u00e4zisen Details eine subtile Balance zwischen Eleganz und Solidit\u00e4t schaffen.","robots":{"index":"index","follow":"follow","max-snippet":"max-snippet:-1","max-image-preview":"max-image-preview:large","max-video-preview":"max-video-preview:-1"},"canonical":"https:\/\/konkret.store\/de\/produkt\/esstisch-beta\/","og_locale":"de_DE","og_type":"article","og_title":"Esstisch BETA \u2013 Massivholz Eiche - konkret.store","og_description":"Der rechteckige Esstisch Vega verk\u00f6rpert nordischen Minimalismus und Funktionalit\u00e4t.Seine schlichte und harmonische Form verleiht ihm eine zeitlose \u00c4sthetik, w\u00e4hrend die abgerundeten Beine und pr\u00e4zisen Details eine subtile Balance zwischen Eleganz und Solidit\u00e4t schaffen.","og_url":"https:\/\/konkret.store\/de\/produkt\/esstisch-beta\/","og_site_name":"konkret.store","article_publisher":"https:\/\/facebook.com\/konkret.store\/","article_modified_time":"2025-05-23T19:08:26+00:00","og_image":[{"width":800,"height":800,"url":"https:\/\/konkret.store\/app\/uploads\/2025\/05\/ve.png","type":"image\/png"}],"twitter_card":"summary_large_image","twitter_misc":{"Est. reading time":"1 minute"},"schema":{"@context":"https:\/\/schema.org","@graph":[{"@type":"WebPage","@id":"https:\/\/konkret.store\/de\/produkt\/esstisch-beta\/","url":"https:\/\/konkret.store\/de\/produkt\/esstisch-beta\/","name":"Esstisch BETA \u2013 Massivholz Eiche - konkret.store","isPartOf":{"@id":"https:\/\/konkret.store\/de\/#website"},"primaryImageOfPage":{"@id":"https:\/\/konkret.store\/de\/produkt\/esstisch-beta\/#primaryimage"},"image":{"@id":"https:\/\/konkret.store\/de\/produkt\/esstisch-beta\/#primaryimage"},"thumbnailUrl":"https:\/\/konkret.store\/app\/uploads\/2025\/05\/ve.png","datePublished":"2025-05-03T21:15:46+00:00","dateModified":"2025-05-23T19:08:26+00:00","description":"Der rechteckige Esstisch Vega verk\u00f6rpert nordischen Minimalismus und Funktionalit\u00e4t.Seine schlichte und harmonische Form verleiht ihm eine zeitlose \u00c4sthetik, w\u00e4hrend die abgerundeten Beine und pr\u00e4zisen Details eine subtile Balance zwischen Eleganz und Solidit\u00e4t schaffen.","breadcrumb":{"@id":"https:\/\/konkret.store\/de\/produkt\/esstisch-beta\/#breadcrumb"},"inLanguage":"de-DE","potentialAction":[{"@type":"ReadAction","target":["https:\/\/konkret.store\/de\/produkt\/esstisch-beta\/"]}]},{"@type":"ImageObject","inLanguage":"de-DE","@id":"https:\/\/konkret.store\/de\/produkt\/esstisch-beta\/#primaryimage","url":"https:\/\/konkret.store\/app\/uploads\/2025\/05\/ve.png","contentUrl":"https:\/\/konkret.store\/app\/uploads\/2025\/05\/ve.png","width":800,"height":800},{"@type":"BreadcrumbList","@id":"https:\/\/konkret.store\/de\/produkt\/esstisch-beta\/#breadcrumb","itemListElement":[{"@type":"ListItem","position":1,"name":"Strona g\u0142\u00f3wna","item":"https:\/\/konkret.store\/de\/"},{"@type":"ListItem","position":2,"name":"Gesch\u00e4ft","item":"https:\/\/konkret.store\/de\/geschaeft\/"},{"@type":"ListItem","position":3,"name":"Esstisch BETA \u2013 Massivholz Eiche"}]},{"@type":"WebSite","@id":"https:\/\/konkret.store\/de\/#website","url":"https:\/\/konkret.store\/de\/","name":"konkret.store","description":"Tylko konkrety","potentialAction":[{"@type":"SearchAction","target":{"@type":"EntryPoint","urlTemplate":"https:\/\/konkret.store\/de\/?s={search_term_string}"},"query-input":{"@type":"PropertyValueSpecification","valueRequired":true,"valueName":"search_term_string"}}],"inLanguage":"de-DE"}]}},"_links":{"self":[{"href":"https:\/\/konkret.store\/de\/wp-json\/wp\/v2\/product\/24755","targetHints":{"allow":["GET"]}}],"collection":[{"href":"https:\/\/konkret.store\/de\/wp-json\/wp\/v2\/product"}],"about":[{"href":"https:\/\/konkret.store\/de\/wp-json\/wp\/v2\/types\/product"}],"wp:featuredmedia":[{"embeddable":true,"href":"https:\/\/konkret.store\/de\/wp-json\/wp\/v2\/media\/24762"}],"wp:attachment":[{"href":"https:\/\/konkret.store\/de\/wp-json\/wp\/v2\/media?parent=24755"}],"wp:term":[{"taxonomy":"product_brand","embeddable":true,"href":"https:\/\/konkret.store\/de\/wp-json\/wp\/v2\/product_brand?post=24755"},{"taxonomy":"product_cat","embeddable":true,"href":"https:\/\/konkret.store\/de\/wp-json\/wp\/v2\/product_cat?post=24755"},{"taxonomy":"product_tag","embeddable":true,"href":"https:\/\/konkret.store\/de\/wp-json\/wp\/v2\/product_tag?post=24755"}],"curies":[{"name":"wp","href":"https:\/\/api.w.org\/{rel}","templated":true}]}}