{"id":24849,"date":"2025-05-18T20:32:16","date_gmt":"2025-05-18T19:32:16","guid":{"rendered":"https:\/\/konkret.store\/?post_type=product&#038;p=24849"},"modified":"2026-03-07T23:30:23","modified_gmt":"2026-03-07T22:30:23","slug":"abgerundeter-tv-schrank-beta-massivholz-eiche","status":"publish","type":"product","link":"https:\/\/konkret.store\/de\/produkt\/abgerundeter-tv-schrank-beta-massivholz-eiche\/","title":{"rendered":"Abgerundetes TV-Schrank BETA mit IR \u2013 Massivholz Eiche"},"content":{"rendered":"<section class=\"image-text\">\n  <div class=\"container\">\n    <div class=\"row align-items-center\">\n      <div class=\"col-lg-6  image-text--left\">\n        <div class=\"image-text__image\">\n                                    <div class=\"videoContainer\">\n                <video src=\"https:\/\/konkret.store\/app\/uploads\/2025\/05\/Tv-benk-Beta-2-2.mp4\" controls webkit-playsinline playsinline loop muted autoplay><\/video>\n              <\/div>\n                              <\/div>\n      <\/div>\n      <div class=\"col-lg-5  offset-lg-1 \">\n                <h2><\/h2>\n        <div class=\"image-text__text\">\n          <p>Beta strahlt diskrete Noblesse und zeitlose Eleganz aus.<\/p>\n<p>Materialien von h\u00f6chster Qualit\u00e4t, die der t\u00e4glichen Nutzung wirklich standhalten \u2013 und dadurch sch\u00f6n und nat\u00fcrlich altern.<\/p>\n<p>Im Video: TV-Bank Beta mit Sockel<\/p>\n<p>L\u00e4nge: 160 cm<\/p>\n<p>Tiefe: 35 cm<\/p>\n<p>H\u00f6he: 37 cm<\/p>\n<p>Farbe: Eiche Rohholz-Effekt<\/p>\n        <\/div>\n              <\/div>\n    <\/div>\n  <\/div>\n<\/section>\n\n\n<section class=\"image-text\">\n  <div class=\"container\">\n    <div class=\"row align-items-center\">\n      <div class=\"col-lg-6  offset-lg-1  image-text--right\">\n        <div class=\"image-text__image\">\n          <img loading=\"lazy\" decoding=\"async\" width=\"1454\" height=\"1754\" src=\"https:\/\/konkret.store\/app\/uploads\/2025\/05\/BETA_B_V5.jpg\" class=\"attachment-full size-full\" alt=\"\" srcset=\"https:\/\/konkret.store\/app\/uploads\/2025\/05\/BETA_B_V5.jpg 1454w, https:\/\/konkret.store\/app\/uploads\/2025\/05\/BETA_B_V5-249x300.jpg 249w, https:\/\/konkret.store\/app\/uploads\/2025\/05\/BETA_B_V5-849x1024.jpg 849w, https:\/\/konkret.store\/app\/uploads\/2025\/05\/BETA_B_V5-768x926.jpg 768w, https:\/\/konkret.store\/app\/uploads\/2025\/05\/BETA_B_V5-1273x1536.jpg 1273w, https:\/\/konkret.store\/app\/uploads\/2025\/05\/BETA_B_V5-610x736.jpg 610w, https:\/\/konkret.store\/app\/uploads\/2025\/05\/BETA_B_V5-64x77.jpg 64w\" sizes=\"auto, (max-width: 1454px) 100vw, 1454px\" \/>        <\/div>\n      <\/div>\n      <div class=\"col-lg-5 \">\n                <h2>Wir k\u00fcmmern uns um die Details!<\/h2>\n        <div class=\"image-text__text\">\n          <p><strong>Beta strahlt einen dezenten, edlen Charakter und zeitlose Eleganz aus.<\/strong><\/p>\n<p>\u25b8 \u00d6ffnungssystem und Scharniere \u2013 h\u00f6chste Pr\u00e4zision und Qualit\u00e4t von <em>Italiana Ferramenta\u2122<\/em><\/p>\n<p>\u25b8 Design und Handwerkskunst auf h\u00f6chstem Niveau<\/p>\n<p>\u25b8 Exklusivit\u00e4t<\/p>\n        <\/div>\n              <\/div>\n    <\/div>\n  <\/div>\n<\/section>\n\n\n<section class=\"image-text\">\n  <div class=\"container\">\n    <div class=\"row align-items-center\">\n      <div class=\"col-lg-6  image-text--left\">\n        <div class=\"image-text__image\">\n          <img loading=\"lazy\" decoding=\"async\" width=\"1200\" height=\"1200\" src=\"https:\/\/konkret.store\/app\/uploads\/2025\/05\/opened.png\" class=\"attachment-full size-full\" alt=\"\" srcset=\"https:\/\/konkret.store\/app\/uploads\/2025\/05\/opened.png 1200w, https:\/\/konkret.store\/app\/uploads\/2025\/05\/opened-300x300.png 300w, https:\/\/konkret.store\/app\/uploads\/2025\/05\/opened-1024x1024.png 1024w, https:\/\/konkret.store\/app\/uploads\/2025\/05\/opened-768x768.png 768w, https:\/\/konkret.store\/app\/uploads\/2025\/05\/opened-610x610.png 610w, https:\/\/konkret.store\/app\/uploads\/2025\/05\/opened-100x100.png 100w, https:\/\/konkret.store\/app\/uploads\/2025\/05\/opened-32x32.png 32w, https:\/\/konkret.store\/app\/uploads\/2025\/05\/opened-64x64.png 64w\" sizes=\"auto, (max-width: 1200px) 100vw, 1200px\" \/>        <\/div>\n      <\/div>\n      <div class=\"col-lg-5  offset-lg-1 \">\n                <h2><\/h2>\n        <div class=\"image-text__text\">\n          <p>\u25b8 Ein Infrarot-Fernbedienungsverl\u00e4ngerer erm\u00f6glicht die Nutzung der Fernbedienung auch bei geschlossenen T\u00fcren.<\/p>\n<p>\u25b8 Das M\u00f6belst\u00fcck wird ohne R\u00fcckwand geliefert.<\/p>\n<p>\u25b8 Die Trennw\u00e4nde verf\u00fcgen \u00fcber Aussparungen zur Kabelf\u00fchrung im Inneren des Schranks.<\/p>\n<p>\u25b8 Die obere und untere Platte sind mit Kabeldurchf\u00fchrungen ausgestattet \u2013 3\u00d71 cm.<\/p>\n<p><img loading=\"lazy\" decoding=\"async\" class=\"alignnone wp-image-20698 lazyloaded\" src=\"https:\/\/design4u.no\/app\/uploads\/2023\/03\/kabel-removebg-300x127.png\" sizes=\"auto, (max-width: 300px) 100vw, 300px\" srcset=\"https:\/\/design4u.no\/app\/uploads\/2023\/03\/kabel-removebg-300x127.png 300w, https:\/\/design4u.no\/app\/uploads\/2023\/03\/kabel-removebg-768x326.png 768w, https:\/\/design4u.no\/app\/uploads\/2023\/03\/kabel-removebg-610x259.png 610w, https:\/\/design4u.no\/app\/uploads\/2023\/03\/kabel-removebg-64x27.png 64w, https:\/\/design4u.no\/app\/uploads\/2023\/03\/kabel-removebg.png 776w\" alt=\"\" width=\"300\" height=\"127\" data-srcset=\"https:\/\/design4u.no\/app\/uploads\/2023\/03\/kabel-removebg-300x127.png 300w, https:\/\/design4u.no\/app\/uploads\/2023\/03\/kabel-removebg-768x326.png 768w, https:\/\/design4u.no\/app\/uploads\/2023\/03\/kabel-removebg-610x259.png 610w, https:\/\/design4u.no\/app\/uploads\/2023\/03\/kabel-removebg-64x27.png 64w, https:\/\/design4u.no\/app\/uploads\/2023\/03\/kabel-removebg.png 776w\" data-src=\"https:\/\/design4u.no\/app\/uploads\/2023\/03\/kabel-removebg-300x127.png\" data-sizes=\"(max-width: 300px) 100vw, 300px\" \/><\/p>\n        <\/div>\n              <\/div>\n    <\/div>\n  <\/div>\n<\/section>\n","protected":false},"excerpt":{"rendered":"<p><strong>Die TV-Kommode BETA ist aus massiver Eiche gefertigt und bietet eine stilvolle sowie praktische L\u00f6sung zur Aufbewahrung von Multimedia-Ger\u00e4ten. Mit ihrem zeitlosen Design und vier funktionalen T\u00fcren f\u00fcgt sich dieses M\u00f6belst\u00fcck perfekt in moderne Wohnr\u00e4ume ein.<\/strong><\/p>\n<p>Die nat\u00fcrliche Holzmaserung und klaren Linien schaffen ein harmonisches Erscheinungsbild, das \u00c4sthetik und Funktionalit\u00e4t miteinander vereint.<\/p>\n<p>Hergestellt aus FSC-zertifiziertem Holz\u00a0\u00a0<a href=\"https:\/\/pl.fsc.org\/pl-pl\/sprawdz-i-znajdz-certyfikat\"><img loading=\"lazy\" decoding=\"async\" class=\"alignnone wp-image-11268 lazyloaded\" src=\"https:\/\/konkret.store\/app\/uploads\/2023\/02\/Forest_Stewardship_Council_logo-251x300.png\" alt=\"\" width=\"32\" height=\"38\" data-src=\"https:\/\/konkret.store\/app\/uploads\/2023\/02\/Forest_Stewardship_Council_logo-251x300.png\" srcset=\"https:\/\/konkret.store\/app\/uploads\/2023\/02\/Forest_Stewardship_Council_logo-251x300.png 251w, https:\/\/konkret.store\/app\/uploads\/2023\/02\/Forest_Stewardship_Council_logo-855x1024.png 855w, https:\/\/konkret.store\/app\/uploads\/2023\/02\/Forest_Stewardship_Council_logo-768x920.png 768w, https:\/\/konkret.store\/app\/uploads\/2023\/02\/Forest_Stewardship_Council_logo-610x730.png 610w, https:\/\/konkret.store\/app\/uploads\/2023\/02\/Forest_Stewardship_Council_logo-64x77.png 64w, https:\/\/konkret.store\/app\/uploads\/2023\/02\/Forest_Stewardship_Council_logo.png 1200w\" sizes=\"auto, (max-width: 32px) 100vw, 32px\" \/><\/a><\/p>\n<hr \/>\n<p>Sind Sie sich nicht sicher, welche Farbe Sie w\u00e4hlen sollen? Bestellen Sie <strong><a href=\"https:\/\/konkret.store\/de\/produkt\/eichenholzproben-9-farben\/\">sie hier<\/a><\/strong>, um Farbproben zu erhalten.<\/p>\n","protected":false},"featured_media":25088,"template":"","meta":{"_acf_changed":true},"product_brand":[],"product_cat":[271],"product_tag":[],"class_list":{"0":"post-24849","1":"product","2":"type-product","3":"status-publish","4":"has-post-thumbnail","6":"product_cat-unsere-konkrete","8":"first","9":"onbackorder","10":"taxable","11":"shipping-taxable","12":"purchasable","13":"product-type-simple"},"exclude_global_add_ons":false,"addons":[{"name":"Version","type":"multiple_choice","position":0,"required":true,"title_format":"label","default":"","description_enable":true,"description":"Ein solider und eleganter Sockel f\u00fcr diejenigen, die kein h\u00e4ngendes Regal an der Wand m\u00f6chten.","placeholder_enable":false,"placeholder":"","display":"select","restrictions_type":"any_text","adjust_price":false,"price":"","price_type":"flat_fee","restrictions":false,"min":"0","max":"0","options":[{"label":"H\u00e4ngend","price":"","price_type":"quantity_based","image":0,"visibility":true},{"label":"Mit Sockel + 7 cm","price":"600","price_type":"quantity_based","image":0,"visibility":true}],"id":1744123003},{"name":"Breite","type":"multiple_choice","position":1,"required":true,"title_format":"label","default":"","description_enable":false,"description":"","placeholder_enable":false,"placeholder":"","display":"select","restrictions_type":"any_text","adjust_price":false,"price":"","price_type":"flat_fee","restrictions":false,"min":"0","max":"0","options":[{"label":"160cm | 3 fronten","price":"","price_type":"quantity_based","image":0,"visibility":true},{"label":"180cm | 3 fronten","price":"600","price_type":"quantity_based","image":0,"visibility":true},{"label":"200cm | 3 fronten","price":"1200","price_type":"quantity_based","image":0,"visibility":true},{"label":"220cm | 4 fronten","price":"1800","price_type":"quantity_based","image":0,"visibility":true},{"label":"240cm | 4 fronten","price":"2200","price_type":"quantity_based","image":0,"visibility":true},{"label":"260cm | 4 fronten","price":"3000","price_type":"quantity_based","image":0,"visibility":true},{"label":"280cm |\u00a04 fronten","price":"3800","price_type":"quantity_based","image":0,"visibility":true}],"id":1744123004},{"name":"Tiefe","type":"multiple_choice","position":2,"required":true,"title_format":"label","default":"","description_enable":false,"description":"","placeholder_enable":false,"placeholder":"","display":"select","restrictions_type":"any_text","adjust_price":false,"price":"","price_type":"flat_fee","restrictions":false,"min":"0","max":"0","options":[{"label":"35cm","price":"","price_type":"quantity_based","image":0,"visibility":true},{"label":"42cm","price":"400","price_type":"quantity_based","image":0,"visibility":true}],"id":1744123005},{"name":"H\u00f6he","type":"multiple_choice","position":3,"required":true,"title_format":"label","default":"","description_enable":false,"description":"","placeholder_enable":false,"placeholder":"","display":"select","restrictions_type":"any_text","adjust_price":false,"price":"","price_type":"flat_fee","restrictions":false,"min":"0","max":"0","options":[{"label":"30cm","price":"","price_type":"quantity_based","image":0,"visibility":true},{"label":"40cm","price":"500","price_type":"quantity_based","image":0,"visibility":true}],"id":1744123006},{"name":"Holzfarbton","type":"multiple_choice","position":4,"required":true,"title_format":"label","default":"","description_enable":true,"description":"Jede Farbe auf dem M\u00f6belst\u00fcck ist mit Lack \u00fcberzogen, was bedeutet, dass es keine Wartung erfordert. Der Lack bietet einen soliden Schutz und minimiert den Bedarf an regelm\u00e4\u00dfiger Pflege, sodass der Schrank sein sch\u00f6nes Aussehen ohne zus\u00e4tzlichen Aufwand bewahren kann.\r\nHergestellt aus massivem Eichenholz oder Walnuss.","placeholder_enable":false,"placeholder":"","display":"patterns","restrictions_type":"any_text","adjust_price":false,"price":"","price_type":"flat_fee","restrictions":false,"min":"0","max":"0","options":[{"label":"24030","price":"","price_type":"quantity_based","image":0,"visibility":true},{"label":"24026","price":"50","price_type":"percentage_based","image":0,"visibility":true}],"id":1744123007},{"name":"Drahtloses Ladeger\u00e4t f\u00fcr Mobiltelefone","type":"multiple_choice","position":5,"required":true,"title_format":"label","default":"","description_enable":true,"description":"Mit dem drahtlosen Ladeger\u00e4t m\u00fcssen Sie das kompatible Telefon einfach auf das Ladeger\u00e4t legen, und es beginnt sofort zu laden.","placeholder_enable":false,"placeholder":"","display":"select","restrictions_type":"any_text","adjust_price":false,"price":"","price_type":"flat_fee","restrictions":false,"min":"0","max":"0","options":[{"label":"Nein","price":"","price_type":"quantity_based","image":0,"visibility":true},{"label":"Ja","price":"300","price_type":"quantity_based","image":0,"visibility":true}],"id":1744123008},{"name":"LED-Beleuchtung mit Dimmfunktion","type":"multiple_choice","position":6,"required":true,"title_format":"label","default":"","description_enable":true,"description":"Das integrierte LED-Profil wurde an der Unterseite der Tischplatte montiert, um ein eindrucksvolles indirektes Licht zu erzeugen.  \r\nDer versteckte Schalter befindet sich auf der oberen Platte.  \r\nFarbe: Warmwei\u00df (3000K).","placeholder_enable":false,"placeholder":"","display":"select","restrictions_type":"any_text","adjust_price":false,"price":"","price_type":"flat_fee","restrictions":false,"min":"0","max":"0","options":[{"label":"Nein","price":"","price_type":"quantity_based","image":0,"visibility":true},{"label":"Ja","price":"380","price_type":"quantity_based","image":0,"visibility":true}],"id":1744123009},{"name":"Kudde variant","type":"multiple_choice","position":0,"required":true,"title_format":"label","default":"","description_enable":false,"description":"","placeholder_enable":false,"placeholder":"","display":"select","restrictions_type":"any_text","adjust_price":false,"price":"","price_type":"flat_fee","restrictions":false,"min":"0","max":"0","options":[{"label":"Kuba","price":"","price_type":"quantity_based","image":0,"visibility":true},{"label":"Haiti","price":"","price_type":"quantity_based","image":0,"visibility":true},{"label":"Barbados","price":"","price_type":"quantity_based","image":0,"visibility":true},{"label":"Aruba","price":"","price_type":"quantity_based","image":0,"visibility":true}]}],"acf":[],"yoast_head":"<!-- This site is optimized with the Yoast SEO plugin v26.8 - https:\/\/yoast.com\/product\/yoast-seo-wordpress\/ -->\n<title>Abgerundetes TV-Schrank BETA mit IR \u2013 Massivholz Eiche - konkret.store<\/title>\n<meta name=\"description\" content=\"Die TV-Kommode BETA ist aus massiver Eiche gefertigt und bietet eine stilvolle sowie praktische L\u00f6sung zur Aufbewahrung von Multimedia-Ger\u00e4ten. Mit ihrem zeitlosen Design und vier funktionalen T\u00fcren f\u00fcgt sich dieses M\u00f6belst\u00fcck perfekt in moderne Wohnr\u00e4ume ein.Die nat\u00fcrliche Holzmaserung und klaren Linien schaffen ein harmonisches Erscheinungsbild, das \u00c4sthetik und Funktionalit\u00e4t miteinander vereint.\" \/>\n<meta name=\"robots\" content=\"index, follow, max-snippet:-1, max-image-preview:large, max-video-preview:-1\" \/>\n<link rel=\"canonical\" href=\"https:\/\/konkret.store\/de\/produkt\/abgerundeter-tv-schrank-beta-massivholz-eiche\/\" \/>\n<meta property=\"og:locale\" content=\"de_DE\" \/>\n<meta property=\"og:type\" content=\"article\" \/>\n<meta property=\"og:title\" content=\"Abgerundetes TV-Schrank BETA mit IR \u2013 Massivholz Eiche - konkret.store\" \/>\n<meta property=\"og:description\" content=\"Die TV-Kommode BETA ist aus massiver Eiche gefertigt und bietet eine stilvolle sowie praktische L\u00f6sung zur Aufbewahrung von Multimedia-Ger\u00e4ten. Mit ihrem zeitlosen Design und vier funktionalen T\u00fcren f\u00fcgt sich dieses M\u00f6belst\u00fcck perfekt in moderne Wohnr\u00e4ume ein.Die nat\u00fcrliche Holzmaserung und klaren Linien schaffen ein harmonisches Erscheinungsbild, das \u00c4sthetik und Funktionalit\u00e4t miteinander vereint.\" \/>\n<meta property=\"og:url\" content=\"https:\/\/konkret.store\/de\/produkt\/abgerundeter-tv-schrank-beta-massivholz-eiche\/\" \/>\n<meta property=\"og:site_name\" content=\"konkret.store\" \/>\n<meta property=\"article:publisher\" content=\"https:\/\/facebook.com\/konkret.store\/\" \/>\n<meta property=\"article:modified_time\" content=\"2026-03-07T22:30:23+00:00\" \/>\n<meta property=\"og:image\" content=\"https:\/\/konkret.store\/app\/uploads\/2025\/05\/california.png\" \/>\n\t<meta property=\"og:image:width\" content=\"1200\" \/>\n\t<meta property=\"og:image:height\" content=\"1200\" \/>\n\t<meta property=\"og:image:type\" content=\"image\/png\" \/>\n<meta name=\"twitter:card\" content=\"summary_large_image\" \/>\n<meta name=\"twitter:label1\" content=\"Est. reading time\" \/>\n\t<meta name=\"twitter:data1\" content=\"1 minute\" \/>\n<script type=\"application\/ld+json\" class=\"yoast-schema-graph\">{\"@context\":\"https:\/\/schema.org\",\"@graph\":[{\"@type\":\"WebPage\",\"@id\":\"https:\/\/konkret.store\/de\/produkt\/abgerundeter-tv-schrank-beta-massivholz-eiche\/\",\"url\":\"https:\/\/konkret.store\/de\/produkt\/abgerundeter-tv-schrank-beta-massivholz-eiche\/\",\"name\":\"Abgerundetes TV-Schrank BETA mit IR \u2013 Massivholz Eiche - konkret.store\",\"isPartOf\":{\"@id\":\"https:\/\/konkret.store\/de\/#website\"},\"primaryImageOfPage\":{\"@id\":\"https:\/\/konkret.store\/de\/produkt\/abgerundeter-tv-schrank-beta-massivholz-eiche\/#primaryimage\"},\"image\":{\"@id\":\"https:\/\/konkret.store\/de\/produkt\/abgerundeter-tv-schrank-beta-massivholz-eiche\/#primaryimage\"},\"thumbnailUrl\":\"https:\/\/konkret.store\/app\/uploads\/2025\/05\/california.png\",\"datePublished\":\"2025-05-18T19:32:16+00:00\",\"dateModified\":\"2026-03-07T22:30:23+00:00\",\"description\":\"Die TV-Kommode BETA ist aus massiver Eiche gefertigt und bietet eine stilvolle sowie praktische L\u00f6sung zur Aufbewahrung von Multimedia-Ger\u00e4ten. Mit ihrem zeitlosen Design und vier funktionalen T\u00fcren f\u00fcgt sich dieses M\u00f6belst\u00fcck perfekt in moderne Wohnr\u00e4ume ein.Die nat\u00fcrliche Holzmaserung und klaren Linien schaffen ein harmonisches Erscheinungsbild, das \u00c4sthetik und Funktionalit\u00e4t miteinander vereint.\",\"breadcrumb\":{\"@id\":\"https:\/\/konkret.store\/de\/produkt\/abgerundeter-tv-schrank-beta-massivholz-eiche\/#breadcrumb\"},\"inLanguage\":\"de-DE\",\"potentialAction\":[{\"@type\":\"ReadAction\",\"target\":[\"https:\/\/konkret.store\/de\/produkt\/abgerundeter-tv-schrank-beta-massivholz-eiche\/\"]}]},{\"@type\":\"ImageObject\",\"inLanguage\":\"de-DE\",\"@id\":\"https:\/\/konkret.store\/de\/produkt\/abgerundeter-tv-schrank-beta-massivholz-eiche\/#primaryimage\",\"url\":\"https:\/\/konkret.store\/app\/uploads\/2025\/05\/california.png\",\"contentUrl\":\"https:\/\/konkret.store\/app\/uploads\/2025\/05\/california.png\",\"width\":1200,\"height\":1200},{\"@type\":\"BreadcrumbList\",\"@id\":\"https:\/\/konkret.store\/de\/produkt\/abgerundeter-tv-schrank-beta-massivholz-eiche\/#breadcrumb\",\"itemListElement\":[{\"@type\":\"ListItem\",\"position\":1,\"name\":\"Strona g\u0142\u00f3wna\",\"item\":\"https:\/\/konkret.store\/de\/\"},{\"@type\":\"ListItem\",\"position\":2,\"name\":\"Gesch\u00e4ft\",\"item\":\"https:\/\/konkret.store\/de\/geschaeft\/\"},{\"@type\":\"ListItem\",\"position\":3,\"name\":\"Abgerundetes TV-Schrank BETA mit IR \u2013 Massivholz Eiche\"}]},{\"@type\":\"WebSite\",\"@id\":\"https:\/\/konkret.store\/de\/#website\",\"url\":\"https:\/\/konkret.store\/de\/\",\"name\":\"konkret.store\",\"description\":\"Tylko konkrety\",\"potentialAction\":[{\"@type\":\"SearchAction\",\"target\":{\"@type\":\"EntryPoint\",\"urlTemplate\":\"https:\/\/konkret.store\/de\/?s={search_term_string}\"},\"query-input\":{\"@type\":\"PropertyValueSpecification\",\"valueRequired\":true,\"valueName\":\"search_term_string\"}}],\"inLanguage\":\"de-DE\"}]}<\/script>\n<!-- \/ Yoast SEO plugin. -->","yoast_head_json":{"title":"Abgerundetes TV-Schrank BETA mit IR \u2013 Massivholz Eiche - konkret.store","description":"Die TV-Kommode BETA ist aus massiver Eiche gefertigt und bietet eine stilvolle sowie praktische L\u00f6sung zur Aufbewahrung von Multimedia-Ger\u00e4ten. Mit ihrem zeitlosen Design und vier funktionalen T\u00fcren f\u00fcgt sich dieses M\u00f6belst\u00fcck perfekt in moderne Wohnr\u00e4ume ein.Die nat\u00fcrliche Holzmaserung und klaren Linien schaffen ein harmonisches Erscheinungsbild, das \u00c4sthetik und Funktionalit\u00e4t miteinander vereint.","robots":{"index":"index","follow":"follow","max-snippet":"max-snippet:-1","max-image-preview":"max-image-preview:large","max-video-preview":"max-video-preview:-1"},"canonical":"https:\/\/konkret.store\/de\/produkt\/abgerundeter-tv-schrank-beta-massivholz-eiche\/","og_locale":"de_DE","og_type":"article","og_title":"Abgerundetes TV-Schrank BETA mit IR \u2013 Massivholz Eiche - konkret.store","og_description":"Die TV-Kommode BETA ist aus massiver Eiche gefertigt und bietet eine stilvolle sowie praktische L\u00f6sung zur Aufbewahrung von Multimedia-Ger\u00e4ten. Mit ihrem zeitlosen Design und vier funktionalen T\u00fcren f\u00fcgt sich dieses M\u00f6belst\u00fcck perfekt in moderne Wohnr\u00e4ume ein.Die nat\u00fcrliche Holzmaserung und klaren Linien schaffen ein harmonisches Erscheinungsbild, das \u00c4sthetik und Funktionalit\u00e4t miteinander vereint.","og_url":"https:\/\/konkret.store\/de\/produkt\/abgerundeter-tv-schrank-beta-massivholz-eiche\/","og_site_name":"konkret.store","article_publisher":"https:\/\/facebook.com\/konkret.store\/","article_modified_time":"2026-03-07T22:30:23+00:00","og_image":[{"width":1200,"height":1200,"url":"https:\/\/konkret.store\/app\/uploads\/2025\/05\/california.png","type":"image\/png"}],"twitter_card":"summary_large_image","twitter_misc":{"Est. reading time":"1 minute"},"schema":{"@context":"https:\/\/schema.org","@graph":[{"@type":"WebPage","@id":"https:\/\/konkret.store\/de\/produkt\/abgerundeter-tv-schrank-beta-massivholz-eiche\/","url":"https:\/\/konkret.store\/de\/produkt\/abgerundeter-tv-schrank-beta-massivholz-eiche\/","name":"Abgerundetes TV-Schrank BETA mit IR \u2013 Massivholz Eiche - konkret.store","isPartOf":{"@id":"https:\/\/konkret.store\/de\/#website"},"primaryImageOfPage":{"@id":"https:\/\/konkret.store\/de\/produkt\/abgerundeter-tv-schrank-beta-massivholz-eiche\/#primaryimage"},"image":{"@id":"https:\/\/konkret.store\/de\/produkt\/abgerundeter-tv-schrank-beta-massivholz-eiche\/#primaryimage"},"thumbnailUrl":"https:\/\/konkret.store\/app\/uploads\/2025\/05\/california.png","datePublished":"2025-05-18T19:32:16+00:00","dateModified":"2026-03-07T22:30:23+00:00","description":"Die TV-Kommode BETA ist aus massiver Eiche gefertigt und bietet eine stilvolle sowie praktische L\u00f6sung zur Aufbewahrung von Multimedia-Ger\u00e4ten. Mit ihrem zeitlosen Design und vier funktionalen T\u00fcren f\u00fcgt sich dieses M\u00f6belst\u00fcck perfekt in moderne Wohnr\u00e4ume ein.Die nat\u00fcrliche Holzmaserung und klaren Linien schaffen ein harmonisches Erscheinungsbild, das \u00c4sthetik und Funktionalit\u00e4t miteinander vereint.","breadcrumb":{"@id":"https:\/\/konkret.store\/de\/produkt\/abgerundeter-tv-schrank-beta-massivholz-eiche\/#breadcrumb"},"inLanguage":"de-DE","potentialAction":[{"@type":"ReadAction","target":["https:\/\/konkret.store\/de\/produkt\/abgerundeter-tv-schrank-beta-massivholz-eiche\/"]}]},{"@type":"ImageObject","inLanguage":"de-DE","@id":"https:\/\/konkret.store\/de\/produkt\/abgerundeter-tv-schrank-beta-massivholz-eiche\/#primaryimage","url":"https:\/\/konkret.store\/app\/uploads\/2025\/05\/california.png","contentUrl":"https:\/\/konkret.store\/app\/uploads\/2025\/05\/california.png","width":1200,"height":1200},{"@type":"BreadcrumbList","@id":"https:\/\/konkret.store\/de\/produkt\/abgerundeter-tv-schrank-beta-massivholz-eiche\/#breadcrumb","itemListElement":[{"@type":"ListItem","position":1,"name":"Strona g\u0142\u00f3wna","item":"https:\/\/konkret.store\/de\/"},{"@type":"ListItem","position":2,"name":"Gesch\u00e4ft","item":"https:\/\/konkret.store\/de\/geschaeft\/"},{"@type":"ListItem","position":3,"name":"Abgerundetes TV-Schrank BETA mit IR \u2013 Massivholz Eiche"}]},{"@type":"WebSite","@id":"https:\/\/konkret.store\/de\/#website","url":"https:\/\/konkret.store\/de\/","name":"konkret.store","description":"Tylko konkrety","potentialAction":[{"@type":"SearchAction","target":{"@type":"EntryPoint","urlTemplate":"https:\/\/konkret.store\/de\/?s={search_term_string}"},"query-input":{"@type":"PropertyValueSpecification","valueRequired":true,"valueName":"search_term_string"}}],"inLanguage":"de-DE"}]}},"_links":{"self":[{"href":"https:\/\/konkret.store\/de\/wp-json\/wp\/v2\/product\/24849","targetHints":{"allow":["GET"]}}],"collection":[{"href":"https:\/\/konkret.store\/de\/wp-json\/wp\/v2\/product"}],"about":[{"href":"https:\/\/konkret.store\/de\/wp-json\/wp\/v2\/types\/product"}],"wp:featuredmedia":[{"embeddable":true,"href":"https:\/\/konkret.store\/de\/wp-json\/wp\/v2\/media\/25088"}],"wp:attachment":[{"href":"https:\/\/konkret.store\/de\/wp-json\/wp\/v2\/media?parent=24849"}],"wp:term":[{"taxonomy":"product_brand","embeddable":true,"href":"https:\/\/konkret.store\/de\/wp-json\/wp\/v2\/product_brand?post=24849"},{"taxonomy":"product_cat","embeddable":true,"href":"https:\/\/konkret.store\/de\/wp-json\/wp\/v2\/product_cat?post=24849"},{"taxonomy":"product_tag","embeddable":true,"href":"https:\/\/konkret.store\/de\/wp-json\/wp\/v2\/product_tag?post=24849"}],"curies":[{"name":"wp","href":"https:\/\/api.w.org\/{rel}","templated":true}]}}