{"id":24936,"date":"2025-07-11T22:39:06","date_gmt":"2025-07-11T21:39:06","guid":{"rendered":"https:\/\/konkret.store\/?post_type=product&#038;p=24936"},"modified":"2025-07-11T23:23:58","modified_gmt":"2025-07-11T22:23:58","slug":"couchtisch-kalisto-massivholz-eiche","status":"publish","type":"product","link":"https:\/\/konkret.store\/de\/produkt\/couchtisch-kalisto-massivholz-eiche\/","title":{"rendered":"Couchtisch KALISTO \u2013 Massivholz Eiche"},"content":{"rendered":"<section class=\"image-text\">\n  <div class=\"container\">\n    <div class=\"row align-items-center\">\n      <div class=\"col-lg-6  offset-lg-1  image-text--right\">\n        <div class=\"image-text__image\">\n          <img loading=\"lazy\" decoding=\"async\" width=\"1600\" height=\"1066\" src=\"https:\/\/konkret.store\/app\/uploads\/2025\/07\/stolik-kawowy-kalisto-2.jpg\" class=\"attachment-full size-full\" alt=\"\" srcset=\"https:\/\/konkret.store\/app\/uploads\/2025\/07\/stolik-kawowy-kalisto-2.jpg 1600w, https:\/\/konkret.store\/app\/uploads\/2025\/07\/stolik-kawowy-kalisto-2-300x200.jpg 300w, https:\/\/konkret.store\/app\/uploads\/2025\/07\/stolik-kawowy-kalisto-2-1024x682.jpg 1024w, https:\/\/konkret.store\/app\/uploads\/2025\/07\/stolik-kawowy-kalisto-2-768x512.jpg 768w, https:\/\/konkret.store\/app\/uploads\/2025\/07\/stolik-kawowy-kalisto-2-1536x1023.jpg 1536w, https:\/\/konkret.store\/app\/uploads\/2025\/07\/stolik-kawowy-kalisto-2-610x406.jpg 610w, https:\/\/konkret.store\/app\/uploads\/2025\/07\/stolik-kawowy-kalisto-2-64x43.jpg 64w\" sizes=\"auto, (max-width: 1600px) 100vw, 1600px\" \/>        <\/div>\n      <\/div>\n      <div class=\"col-lg-5 \">\n                <h2><\/h2>\n        <div class=\"image-text__text\">\n          <p data-start=\"35\" data-end=\"188\">Kalisto ist ein Couchtisch, der f\u00fcr moderne Innenr\u00e4ume entworfen wurde, in denen eine nat\u00fcrliche Atmosph\u00e4re mit der W\u00e4rme des Holzes kombiniert wird.<\/p>\n<p data-start=\"190\" data-end=\"308\">Der Tisch passt perfekt zu unserer VEGA-Kollektion \u2013 zusammen bilden sie ein harmonisches und stilvolles Ensemble.<\/p>\n<p data-start=\"190\" data-end=\"308\"><img loading=\"lazy\" decoding=\"async\" class=\"alignnone size-medium wp-image-24946\" src=\"https:\/\/konkret.store\/app\/uploads\/2025\/07\/kalisto-300x300.png\" alt=\"\" width=\"300\" height=\"300\" srcset=\"https:\/\/konkret.store\/app\/uploads\/2025\/07\/kalisto-300x300.png 300w, https:\/\/konkret.store\/app\/uploads\/2025\/07\/kalisto-768x768.png 768w, https:\/\/konkret.store\/app\/uploads\/2025\/07\/kalisto-610x610.png 610w, https:\/\/konkret.store\/app\/uploads\/2025\/07\/kalisto-100x100.png 100w, https:\/\/konkret.store\/app\/uploads\/2025\/07\/kalisto-32x32.png 32w, https:\/\/konkret.store\/app\/uploads\/2025\/07\/kalisto-64x64.png 64w, https:\/\/konkret.store\/app\/uploads\/2025\/07\/kalisto.png 800w\" sizes=\"auto, (max-width: 300px) 100vw, 300px\" \/><\/p>\n        <\/div>\n              <\/div>\n    <\/div>\n  <\/div>\n<\/section>\n","protected":false},"excerpt":{"rendered":"<p><strong>Der runde Couchtisch Kalisto ist vollst\u00e4ndig aus Massivholz gefertigt \u2013 ohne Ausnahmen.<\/strong><br \/>\nDie schlichte und elegante runde Tischplatte unterstreicht die nat\u00fcrliche Sch\u00f6nheit des Holzes.<\/p>\n<p>Erwarten Sie G\u00e4ste? Der Tisch l\u00e4sst sich ganz einfach mit zus\u00e4tzlichen Einlegeplatten erweitern.<\/p>\n<p>Hergestellt aus FSC-zertifiziertem Holz.<\/p>\n<p><a href=\"https:\/\/pl.fsc.org\/pl-pl\/sprawdz-i-znajdz-certyfikat\"><img loading=\"lazy\" decoding=\"async\" class=\"alignnone wp-image-11268 lazyloaded\" src=\"https:\/\/konkret.store\/app\/uploads\/2023\/02\/Forest_Stewardship_Council_logo-251x300.png\" alt=\"\" width=\"32\" height=\"38\" data-src=\"https:\/\/konkret.store\/app\/uploads\/2023\/02\/Forest_Stewardship_Council_logo-251x300.png\" srcset=\"https:\/\/konkret.store\/app\/uploads\/2023\/02\/Forest_Stewardship_Council_logo-251x300.png 251w, https:\/\/konkret.store\/app\/uploads\/2023\/02\/Forest_Stewardship_Council_logo-855x1024.png 855w, https:\/\/konkret.store\/app\/uploads\/2023\/02\/Forest_Stewardship_Council_logo-768x920.png 768w, https:\/\/konkret.store\/app\/uploads\/2023\/02\/Forest_Stewardship_Council_logo-610x730.png 610w, https:\/\/konkret.store\/app\/uploads\/2023\/02\/Forest_Stewardship_Council_logo-64x77.png 64w, https:\/\/konkret.store\/app\/uploads\/2023\/02\/Forest_Stewardship_Council_logo.png 1200w\" sizes=\"auto, (max-width: 32px) 100vw, 32px\" \/><\/a><\/p>\n<hr \/>\n<p>Sind Sie sich nicht sicher, welche Farbe Sie w\u00e4hlen sollen? Bestellen Sie <strong><a href=\"https:\/\/konkret.store\/de\/produkt\/eichenholzproben-9-farben\/\">sie hier<\/a><\/strong>, um Farbproben zu erhalten.<\/p>\n","protected":false},"featured_media":24943,"template":"","meta":{"_acf_changed":true},"product_brand":[],"product_cat":[271],"product_tag":[],"class_list":{"0":"post-24936","1":"product","2":"type-product","3":"status-publish","4":"has-post-thumbnail","6":"product_cat-unsere-konkrete","8":"first","9":"onbackorder","10":"taxable","11":"shipping-taxable","12":"purchasable","13":"product-type-simple"},"exclude_global_add_ons":false,"addons":[{"name":"Holzfarbe","type":"multiple_choice","position":0,"required":true,"title_format":"label","default":"","description_enable":true,"description":"Jede Farbe auf dem M\u00f6belst\u00fcck ist mit Lack \u00fcberzogen, was bedeutet, dass es keine Wartung erfordert. Der Lack bietet einen soliden Schutz und minimiert den Bedarf an regelm\u00e4\u00dfiger Pflege, sodass das M\u00f6belst\u00fcck sein sch\u00f6nes Aussehen ohne zus\u00e4tzlichen Aufwand bewahren kann.  \r\nHergestellt aus massivem Eichenholz oder Walnuss.","placeholder_enable":false,"placeholder":"","display":"patterns","restrictions_type":"any_text","adjust_price":false,"price":"","price_type":"flat_fee","restrictions":false,"min":"0","max":"0","options":[{"label":"24030","price":"","price_type":"quantity_based","image":0,"visibility":true},{"label":"24026","price":"50","price_type":"percentage_based","image":0,"visibility":true}],"id":1744754447},{"name":"Durchmesser","type":"multiple_choice","position":1,"required":true,"title_format":"label","default":"","description_enable":false,"description":"","placeholder_enable":false,"placeholder":"","display":"select","restrictions_type":"any_text","adjust_price":false,"price":"","price_type":"flat_fee","restrictions":false,"min":"0","max":"0","options":[{"label":"\u00d860cm","price":"","price_type":"quantity_based","image":0,"visibility":true},{"label":"\u00d870cm","price":"200","price_type":"quantity_based","image":0,"visibility":true},{"label":"\u00d880cm","price":"400","price_type":"quantity_based","image":0,"visibility":true},{"label":"\u00d890cm","price":"700","price_type":"quantity_based","image":0,"visibility":true},{"label":"\u00d8100cm","price":"1000","price_type":"quantity_based","image":0,"visibility":true}],"id":1744754448},{"name":"H\u00f6he","type":"multiple_choice","position":2,"required":true,"title_format":"label","default":"","description_enable":false,"description":"","placeholder_enable":false,"placeholder":"","display":"select","restrictions_type":"any_text","adjust_price":false,"price":"","price_type":"flat_fee","restrictions":false,"min":"0","max":"0","options":[{"label":"40cm","price":"","price_type":"quantity_based","image":0,"visibility":true},{"label":"45cm","price":"100","price_type":"quantity_based","image":0,"visibility":true},{"label":"50cm","price":"200","price_type":"quantity_based","image":0,"visibility":true}],"id":1744754449},{"name":"Kudde variant","type":"multiple_choice","position":0,"required":true,"title_format":"label","default":"","description_enable":false,"description":"","placeholder_enable":false,"placeholder":"","display":"select","restrictions_type":"any_text","adjust_price":false,"price":"","price_type":"flat_fee","restrictions":false,"min":"0","max":"0","options":[{"label":"Kuba","price":"","price_type":"quantity_based","image":0,"visibility":true},{"label":"Haiti","price":"","price_type":"quantity_based","image":0,"visibility":true},{"label":"Barbados","price":"","price_type":"quantity_based","image":0,"visibility":true},{"label":"Aruba","price":"","price_type":"quantity_based","image":0,"visibility":true}]}],"acf":[],"yoast_head":"<!-- This site is optimized with the Yoast SEO plugin v26.8 - https:\/\/yoast.com\/product\/yoast-seo-wordpress\/ -->\n<title>Couchtisch KALISTO \u2013 Massivholz Eiche - konkret.store<\/title>\n<meta name=\"description\" content=\"Der runde Couchtisch Kalisto ist vollst\u00e4ndig aus Massivholz gefertigt \u2013 ohne Ausnahmen.Die schlichte und elegante runde Tischplatte unterstreicht die nat\u00fcrliche Sch\u00f6nheit des Holzes.\" \/>\n<meta name=\"robots\" content=\"index, follow, max-snippet:-1, max-image-preview:large, max-video-preview:-1\" \/>\n<link rel=\"canonical\" href=\"https:\/\/konkret.store\/de\/produkt\/couchtisch-kalisto-massivholz-eiche\/\" \/>\n<meta property=\"og:locale\" content=\"de_DE\" \/>\n<meta property=\"og:type\" content=\"article\" \/>\n<meta property=\"og:title\" content=\"Couchtisch KALISTO \u2013 Massivholz Eiche - konkret.store\" \/>\n<meta property=\"og:description\" content=\"Der runde Couchtisch Kalisto ist vollst\u00e4ndig aus Massivholz gefertigt \u2013 ohne Ausnahmen.Die schlichte und elegante runde Tischplatte unterstreicht die nat\u00fcrliche Sch\u00f6nheit des Holzes.\" \/>\n<meta property=\"og:url\" content=\"https:\/\/konkret.store\/de\/produkt\/couchtisch-kalisto-massivholz-eiche\/\" \/>\n<meta property=\"og:site_name\" content=\"konkret.store\" \/>\n<meta property=\"article:publisher\" content=\"https:\/\/facebook.com\/konkret.store\/\" \/>\n<meta property=\"article:modified_time\" content=\"2025-07-11T22:23:58+00:00\" \/>\n<meta property=\"og:image\" content=\"https:\/\/konkret.store\/app\/uploads\/2025\/07\/Kalisto-removebg.png\" \/>\n\t<meta property=\"og:image:width\" content=\"652\" \/>\n\t<meta property=\"og:image:height\" content=\"650\" \/>\n\t<meta property=\"og:image:type\" content=\"image\/png\" \/>\n<meta name=\"twitter:card\" content=\"summary_large_image\" \/>\n<meta name=\"twitter:label1\" content=\"Est. reading time\" \/>\n\t<meta name=\"twitter:data1\" content=\"1 minute\" \/>\n<script type=\"application\/ld+json\" class=\"yoast-schema-graph\">{\"@context\":\"https:\/\/schema.org\",\"@graph\":[{\"@type\":\"WebPage\",\"@id\":\"https:\/\/konkret.store\/de\/produkt\/couchtisch-kalisto-massivholz-eiche\/\",\"url\":\"https:\/\/konkret.store\/de\/produkt\/couchtisch-kalisto-massivholz-eiche\/\",\"name\":\"Couchtisch KALISTO \u2013 Massivholz Eiche - konkret.store\",\"isPartOf\":{\"@id\":\"https:\/\/konkret.store\/de\/#website\"},\"primaryImageOfPage\":{\"@id\":\"https:\/\/konkret.store\/de\/produkt\/couchtisch-kalisto-massivholz-eiche\/#primaryimage\"},\"image\":{\"@id\":\"https:\/\/konkret.store\/de\/produkt\/couchtisch-kalisto-massivholz-eiche\/#primaryimage\"},\"thumbnailUrl\":\"https:\/\/konkret.store\/app\/uploads\/2025\/07\/Kalisto-removebg.png\",\"datePublished\":\"2025-07-11T21:39:06+00:00\",\"dateModified\":\"2025-07-11T22:23:58+00:00\",\"description\":\"Der runde Couchtisch Kalisto ist vollst\u00e4ndig aus Massivholz gefertigt \u2013 ohne Ausnahmen.Die schlichte und elegante runde Tischplatte unterstreicht die nat\u00fcrliche Sch\u00f6nheit des Holzes.\",\"breadcrumb\":{\"@id\":\"https:\/\/konkret.store\/de\/produkt\/couchtisch-kalisto-massivholz-eiche\/#breadcrumb\"},\"inLanguage\":\"de-DE\",\"potentialAction\":[{\"@type\":\"ReadAction\",\"target\":[\"https:\/\/konkret.store\/de\/produkt\/couchtisch-kalisto-massivholz-eiche\/\"]}]},{\"@type\":\"ImageObject\",\"inLanguage\":\"de-DE\",\"@id\":\"https:\/\/konkret.store\/de\/produkt\/couchtisch-kalisto-massivholz-eiche\/#primaryimage\",\"url\":\"https:\/\/konkret.store\/app\/uploads\/2025\/07\/Kalisto-removebg.png\",\"contentUrl\":\"https:\/\/konkret.store\/app\/uploads\/2025\/07\/Kalisto-removebg.png\",\"width\":652,\"height\":650},{\"@type\":\"BreadcrumbList\",\"@id\":\"https:\/\/konkret.store\/de\/produkt\/couchtisch-kalisto-massivholz-eiche\/#breadcrumb\",\"itemListElement\":[{\"@type\":\"ListItem\",\"position\":1,\"name\":\"Strona g\u0142\u00f3wna\",\"item\":\"https:\/\/konkret.store\/de\/\"},{\"@type\":\"ListItem\",\"position\":2,\"name\":\"Gesch\u00e4ft\",\"item\":\"https:\/\/konkret.store\/de\/geschaeft\/\"},{\"@type\":\"ListItem\",\"position\":3,\"name\":\"Couchtisch KALISTO \u2013 Massivholz Eiche\"}]},{\"@type\":\"WebSite\",\"@id\":\"https:\/\/konkret.store\/de\/#website\",\"url\":\"https:\/\/konkret.store\/de\/\",\"name\":\"konkret.store\",\"description\":\"Tylko konkrety\",\"potentialAction\":[{\"@type\":\"SearchAction\",\"target\":{\"@type\":\"EntryPoint\",\"urlTemplate\":\"https:\/\/konkret.store\/de\/?s={search_term_string}\"},\"query-input\":{\"@type\":\"PropertyValueSpecification\",\"valueRequired\":true,\"valueName\":\"search_term_string\"}}],\"inLanguage\":\"de-DE\"}]}<\/script>\n<!-- \/ Yoast SEO plugin. -->","yoast_head_json":{"title":"Couchtisch KALISTO \u2013 Massivholz Eiche - konkret.store","description":"Der runde Couchtisch Kalisto ist vollst\u00e4ndig aus Massivholz gefertigt \u2013 ohne Ausnahmen.Die schlichte und elegante runde Tischplatte unterstreicht die nat\u00fcrliche Sch\u00f6nheit des Holzes.","robots":{"index":"index","follow":"follow","max-snippet":"max-snippet:-1","max-image-preview":"max-image-preview:large","max-video-preview":"max-video-preview:-1"},"canonical":"https:\/\/konkret.store\/de\/produkt\/couchtisch-kalisto-massivholz-eiche\/","og_locale":"de_DE","og_type":"article","og_title":"Couchtisch KALISTO \u2013 Massivholz Eiche - konkret.store","og_description":"Der runde Couchtisch Kalisto ist vollst\u00e4ndig aus Massivholz gefertigt \u2013 ohne Ausnahmen.Die schlichte und elegante runde Tischplatte unterstreicht die nat\u00fcrliche Sch\u00f6nheit des Holzes.","og_url":"https:\/\/konkret.store\/de\/produkt\/couchtisch-kalisto-massivholz-eiche\/","og_site_name":"konkret.store","article_publisher":"https:\/\/facebook.com\/konkret.store\/","article_modified_time":"2025-07-11T22:23:58+00:00","og_image":[{"width":652,"height":650,"url":"https:\/\/konkret.store\/app\/uploads\/2025\/07\/Kalisto-removebg.png","type":"image\/png"}],"twitter_card":"summary_large_image","twitter_misc":{"Est. reading time":"1 minute"},"schema":{"@context":"https:\/\/schema.org","@graph":[{"@type":"WebPage","@id":"https:\/\/konkret.store\/de\/produkt\/couchtisch-kalisto-massivholz-eiche\/","url":"https:\/\/konkret.store\/de\/produkt\/couchtisch-kalisto-massivholz-eiche\/","name":"Couchtisch KALISTO \u2013 Massivholz Eiche - konkret.store","isPartOf":{"@id":"https:\/\/konkret.store\/de\/#website"},"primaryImageOfPage":{"@id":"https:\/\/konkret.store\/de\/produkt\/couchtisch-kalisto-massivholz-eiche\/#primaryimage"},"image":{"@id":"https:\/\/konkret.store\/de\/produkt\/couchtisch-kalisto-massivholz-eiche\/#primaryimage"},"thumbnailUrl":"https:\/\/konkret.store\/app\/uploads\/2025\/07\/Kalisto-removebg.png","datePublished":"2025-07-11T21:39:06+00:00","dateModified":"2025-07-11T22:23:58+00:00","description":"Der runde Couchtisch Kalisto ist vollst\u00e4ndig aus Massivholz gefertigt \u2013 ohne Ausnahmen.Die schlichte und elegante runde Tischplatte unterstreicht die nat\u00fcrliche Sch\u00f6nheit des Holzes.","breadcrumb":{"@id":"https:\/\/konkret.store\/de\/produkt\/couchtisch-kalisto-massivholz-eiche\/#breadcrumb"},"inLanguage":"de-DE","potentialAction":[{"@type":"ReadAction","target":["https:\/\/konkret.store\/de\/produkt\/couchtisch-kalisto-massivholz-eiche\/"]}]},{"@type":"ImageObject","inLanguage":"de-DE","@id":"https:\/\/konkret.store\/de\/produkt\/couchtisch-kalisto-massivholz-eiche\/#primaryimage","url":"https:\/\/konkret.store\/app\/uploads\/2025\/07\/Kalisto-removebg.png","contentUrl":"https:\/\/konkret.store\/app\/uploads\/2025\/07\/Kalisto-removebg.png","width":652,"height":650},{"@type":"BreadcrumbList","@id":"https:\/\/konkret.store\/de\/produkt\/couchtisch-kalisto-massivholz-eiche\/#breadcrumb","itemListElement":[{"@type":"ListItem","position":1,"name":"Strona g\u0142\u00f3wna","item":"https:\/\/konkret.store\/de\/"},{"@type":"ListItem","position":2,"name":"Gesch\u00e4ft","item":"https:\/\/konkret.store\/de\/geschaeft\/"},{"@type":"ListItem","position":3,"name":"Couchtisch KALISTO \u2013 Massivholz Eiche"}]},{"@type":"WebSite","@id":"https:\/\/konkret.store\/de\/#website","url":"https:\/\/konkret.store\/de\/","name":"konkret.store","description":"Tylko konkrety","potentialAction":[{"@type":"SearchAction","target":{"@type":"EntryPoint","urlTemplate":"https:\/\/konkret.store\/de\/?s={search_term_string}"},"query-input":{"@type":"PropertyValueSpecification","valueRequired":true,"valueName":"search_term_string"}}],"inLanguage":"de-DE"}]}},"_links":{"self":[{"href":"https:\/\/konkret.store\/de\/wp-json\/wp\/v2\/product\/24936","targetHints":{"allow":["GET"]}}],"collection":[{"href":"https:\/\/konkret.store\/de\/wp-json\/wp\/v2\/product"}],"about":[{"href":"https:\/\/konkret.store\/de\/wp-json\/wp\/v2\/types\/product"}],"wp:featuredmedia":[{"embeddable":true,"href":"https:\/\/konkret.store\/de\/wp-json\/wp\/v2\/media\/24943"}],"wp:attachment":[{"href":"https:\/\/konkret.store\/de\/wp-json\/wp\/v2\/media?parent=24936"}],"wp:term":[{"taxonomy":"product_brand","embeddable":true,"href":"https:\/\/konkret.store\/de\/wp-json\/wp\/v2\/product_brand?post=24936"},{"taxonomy":"product_cat","embeddable":true,"href":"https:\/\/konkret.store\/de\/wp-json\/wp\/v2\/product_cat?post=24936"},{"taxonomy":"product_tag","embeddable":true,"href":"https:\/\/konkret.store\/de\/wp-json\/wp\/v2\/product_tag?post=24936"}],"curies":[{"name":"wp","href":"https:\/\/api.w.org\/{rel}","templated":true}]}}