{"id":24980,"date":"2025-07-25T22:01:59","date_gmt":"2025-07-25T21:01:59","guid":{"rendered":"https:\/\/konkret.store\/?post_type=product&#038;p=24980"},"modified":"2025-07-26T11:43:02","modified_gmt":"2025-07-26T10:43:02","slug":"regal-jorden-massivholz-eiche","status":"publish","type":"product","link":"https:\/\/konkret.store\/de\/produkt\/regal-jorden-massivholz-eiche\/","title":{"rendered":"Regal JORDEN \u2013 Massivholz Eiche"},"content":{"rendered":"<section class=\"image-text\">\n  <div class=\"container\">\n    <div class=\"row align-items-center\">\n      <div class=\"col-lg-6  image-text--left\">\n        <div class=\"image-text__image\">\n          <img loading=\"lazy\" decoding=\"async\" width=\"1280\" height=\"837\" src=\"https:\/\/konkret.store\/app\/uploads\/2025\/07\/regal-jorden-02.jpg\" class=\"attachment-full size-full\" alt=\"\" srcset=\"https:\/\/konkret.store\/app\/uploads\/2025\/07\/regal-jorden-02.jpg 1280w, https:\/\/konkret.store\/app\/uploads\/2025\/07\/regal-jorden-02-300x196.jpg 300w, https:\/\/konkret.store\/app\/uploads\/2025\/07\/regal-jorden-02-1024x670.jpg 1024w, https:\/\/konkret.store\/app\/uploads\/2025\/07\/regal-jorden-02-768x502.jpg 768w, https:\/\/konkret.store\/app\/uploads\/2025\/07\/regal-jorden-02-610x399.jpg 610w, https:\/\/konkret.store\/app\/uploads\/2025\/07\/regal-jorden-02-64x42.jpg 64w\" sizes=\"auto, (max-width: 1280px) 100vw, 1280px\" \/>        <\/div>\n      <\/div>\n      <div class=\"col-lg-5  offset-lg-1 \">\n                <h2><\/h2>\n        <div class=\"image-text__text\">\n          <p data-start=\"63\" data-end=\"236\">Modernes und leichtes Design, das sowohl eine Fortsetzung als auch eine Erg\u00e4nzung unserer Produktreihe darstellt, die vollst\u00e4ndig aus naturbelassenem Holz gefertigt ist.<\/p>\n<p data-start=\"238\" data-end=\"330\">Das Regal JORDEN ist auf individuelle Anfrage in weiteren Gr\u00f6\u00dfen und Holzarten erh\u00e4ltlich.<\/p>\n<p data-start=\"332\" data-end=\"350\">\u25b8 Exklusivit\u00e4t<\/p>\n        <\/div>\n              <\/div>\n    <\/div>\n  <\/div>\n<\/section>\n","protected":false},"excerpt":{"rendered":"<p>Unser Produkt ist der perfekte Ort zur Aufbewahrung aller Arten von Gegenst\u00e4nden \u2013 von sch\u00f6nen Objekten, die es wert sind, pr\u00e4sentiert zu werden, bis hin zu allt\u00e4glichen Dingen, die stets griffbereit sein sollten.<\/p>\n<p class=\"\" data-start=\"484\" data-end=\"524\">Hergestellt aus FSC-zertifiziertem Holz <a href=\"https:\/\/pl.fsc.org\/pl-pl\/sprawdz-i-znajdz-certyfikat\"><img loading=\"lazy\" decoding=\"async\" class=\"alignnone wp-image-11268 lazyloaded\" src=\"https:\/\/konkret.store\/app\/uploads\/2023\/02\/Forest_Stewardship_Council_logo-251x300.png\" alt=\"\" width=\"32\" height=\"38\" data-src=\"https:\/\/konkret.store\/app\/uploads\/2023\/02\/Forest_Stewardship_Council_logo-251x300.png\" srcset=\"https:\/\/konkret.store\/app\/uploads\/2023\/02\/Forest_Stewardship_Council_logo-251x300.png 251w, https:\/\/konkret.store\/app\/uploads\/2023\/02\/Forest_Stewardship_Council_logo-855x1024.png 855w, https:\/\/konkret.store\/app\/uploads\/2023\/02\/Forest_Stewardship_Council_logo-768x920.png 768w, https:\/\/konkret.store\/app\/uploads\/2023\/02\/Forest_Stewardship_Council_logo-610x730.png 610w, https:\/\/konkret.store\/app\/uploads\/2023\/02\/Forest_Stewardship_Council_logo-64x77.png 64w, https:\/\/konkret.store\/app\/uploads\/2023\/02\/Forest_Stewardship_Council_logo.png 1200w\" sizes=\"auto, (max-width: 32px) 100vw, 32px\" \/><\/a><\/p>\n<hr \/>\n<p>Sind Sie sich nicht sicher, welche Farbe Sie w\u00e4hlen sollen? Bestellen Sie <strong><a href=\"https:\/\/konkret.store\/de\/produkt\/eichenholzproben-9-farben\/\">sie hier<\/a><\/strong>, um Farbproben zu erhalten.<\/p>\n","protected":false},"featured_media":24999,"template":"","meta":{"_acf_changed":true},"product_brand":[],"product_cat":[271],"product_tag":[],"class_list":{"0":"post-24980","1":"product","2":"type-product","3":"status-publish","4":"has-post-thumbnail","6":"product_cat-unsere-konkrete","8":"first","9":"onbackorder","10":"taxable","11":"shipping-taxable","12":"purchasable","13":"product-type-simple"},"exclude_global_add_ons":false,"addons":[{"name":"Holzfarbe","type":"multiple_choice","position":0,"required":true,"title_format":"label","default":"","description_enable":true,"description":"Jede Farbe auf dem M\u00f6belst\u00fcck ist mit Lack \u00fcberzogen, was bedeutet, dass es keine Wartung erfordert. Der Lack bietet einen soliden Schutz und minimiert den Bedarf an regelm\u00e4\u00dfiger Pflege, sodass das M\u00f6belst\u00fcck sein sch\u00f6nes Aussehen ohne zus\u00e4tzlichen Aufwand bewahren kann.\r\nHergestellt aus massivem Eichenholz oder Walnuss.\r\n\r\n\r\n\r\n","placeholder_enable":false,"placeholder":"","display":"patterns","restrictions_type":"any_text","adjust_price":false,"price":"","price_type":"flat_fee","restrictions":false,"min":"0","max":"0","options":[{"label":"24030","price":"","price_type":"quantity_based","image":0,"visibility":true},{"label":"24026","price":"50","price_type":"percentage_based","image":0,"visibility":true}],"id":1744842263},{"name":"Gr\u00f6\u00dfe","type":"multiple_choice","position":1,"required":true,"title_format":"label","default":"","description_enable":false,"description":"","placeholder_enable":false,"placeholder":"","display":"select","restrictions_type":"any_text","adjust_price":false,"price":"","price_type":"flat_fee","restrictions":false,"min":"0","max":"0","options":[{"label":"Breite: 90 cm H\u00f6he: 120 cm","price":"","price_type":"quantity_based","image":0,"visibility":true},{"label":"Breite: 120 cm H\u00f6he: 120 cm","price":"500","price_type":"quantity_based","image":0,"visibility":true},{"label":"Breite: 150 cm H\u00f6he: 120 cm","price":"1000","price_type":"quantity_based","image":0,"visibility":true},{"label":"Breite: 150 cm H\u00f6he: 150 cm","price":"1500","price_type":"quantity_based","image":0,"visibility":true},{"label":"Breite: 150 cm H\u00f6he: 180 cm","price":"2200","price_type":"quantity_based","image":0,"visibility":true},{"label":"Breite: 120 cm H\u00f6he: 210 cm","price":"3000","price_type":"quantity_based","image":0,"visibility":true},{"label":"Breite: 150 cm H\u00f6he: 210 cm","price":"3600","price_type":"quantity_based","image":0,"visibility":true}],"id":1744842264},{"name":"Tiefe","type":"multiple_choice","position":2,"required":true,"title_format":"label","default":"","description_enable":false,"description":"","placeholder_enable":false,"placeholder":"","display":"select","restrictions_type":"any_text","adjust_price":false,"price":"","price_type":"flat_fee","restrictions":false,"min":"0","max":"0","options":[{"label":"25cm","price":"","price_type":"quantity_based","image":0,"visibility":true},{"label":"30cm","price":"300","price_type":"quantity_based","image":0,"visibility":true},{"label":"35cm","price":"600","price_type":"quantity_based","image":0,"visibility":true}],"id":1753530180},{"name":"Kudde variant","type":"multiple_choice","position":0,"required":true,"title_format":"label","default":"","description_enable":false,"description":"","placeholder_enable":false,"placeholder":"","display":"select","restrictions_type":"any_text","adjust_price":false,"price":"","price_type":"flat_fee","restrictions":false,"min":"0","max":"0","options":[{"label":"Kuba","price":"","price_type":"quantity_based","image":0,"visibility":true},{"label":"Haiti","price":"","price_type":"quantity_based","image":0,"visibility":true},{"label":"Barbados","price":"","price_type":"quantity_based","image":0,"visibility":true},{"label":"Aruba","price":"","price_type":"quantity_based","image":0,"visibility":true}]}],"acf":[],"yoast_head":"<!-- This site is optimized with the Yoast SEO plugin v26.8 - https:\/\/yoast.com\/product\/yoast-seo-wordpress\/ -->\n<title>Regal JORDEN \u2013 Massivholz Eiche - konkret.store<\/title>\n<meta name=\"description\" content=\"Unser Produkt ist der perfekte Ort zur Aufbewahrung aller Arten von Gegenst\u00e4nden \u2013 von sch\u00f6nen Objekten, die es wert sind, pr\u00e4sentiert zu werden, bis hin zu allt\u00e4glichen Dingen, die stets griffbereit sein sollten.\" \/>\n<meta name=\"robots\" content=\"index, follow, max-snippet:-1, max-image-preview:large, max-video-preview:-1\" \/>\n<link rel=\"canonical\" href=\"https:\/\/konkret.store\/de\/produkt\/regal-jorden-massivholz-eiche\/\" \/>\n<meta property=\"og:locale\" content=\"de_DE\" \/>\n<meta property=\"og:type\" content=\"article\" \/>\n<meta property=\"og:title\" content=\"Regal JORDEN \u2013 Massivholz Eiche - konkret.store\" \/>\n<meta property=\"og:description\" content=\"Unser Produkt ist der perfekte Ort zur Aufbewahrung aller Arten von Gegenst\u00e4nden \u2013 von sch\u00f6nen Objekten, die es wert sind, pr\u00e4sentiert zu werden, bis hin zu allt\u00e4glichen Dingen, die stets griffbereit sein sollten.\" \/>\n<meta property=\"og:url\" content=\"https:\/\/konkret.store\/de\/produkt\/regal-jorden-massivholz-eiche\/\" \/>\n<meta property=\"og:site_name\" content=\"konkret.store\" \/>\n<meta property=\"article:publisher\" content=\"https:\/\/facebook.com\/konkret.store\/\" \/>\n<meta property=\"article:modified_time\" content=\"2025-07-26T10:43:02+00:00\" \/>\n<meta property=\"og:image\" content=\"https:\/\/konkret.store\/app\/uploads\/2025\/07\/regal-jorden-klasyczna-forma-removebg-1.png\" \/>\n\t<meta property=\"og:image:width\" content=\"865\" \/>\n\t<meta property=\"og:image:height\" content=\"868\" \/>\n\t<meta property=\"og:image:type\" content=\"image\/png\" \/>\n<meta name=\"twitter:card\" content=\"summary_large_image\" \/>\n<meta name=\"twitter:label1\" content=\"Est. reading time\" \/>\n\t<meta name=\"twitter:data1\" content=\"1 minute\" \/>\n<script type=\"application\/ld+json\" class=\"yoast-schema-graph\">{\"@context\":\"https:\/\/schema.org\",\"@graph\":[{\"@type\":\"WebPage\",\"@id\":\"https:\/\/konkret.store\/de\/produkt\/regal-jorden-massivholz-eiche\/\",\"url\":\"https:\/\/konkret.store\/de\/produkt\/regal-jorden-massivholz-eiche\/\",\"name\":\"Regal JORDEN \u2013 Massivholz Eiche - konkret.store\",\"isPartOf\":{\"@id\":\"https:\/\/konkret.store\/de\/#website\"},\"primaryImageOfPage\":{\"@id\":\"https:\/\/konkret.store\/de\/produkt\/regal-jorden-massivholz-eiche\/#primaryimage\"},\"image\":{\"@id\":\"https:\/\/konkret.store\/de\/produkt\/regal-jorden-massivholz-eiche\/#primaryimage\"},\"thumbnailUrl\":\"https:\/\/konkret.store\/app\/uploads\/2025\/07\/regal-jorden-klasyczna-forma-removebg-1.png\",\"datePublished\":\"2025-07-25T21:01:59+00:00\",\"dateModified\":\"2025-07-26T10:43:02+00:00\",\"description\":\"Unser Produkt ist der perfekte Ort zur Aufbewahrung aller Arten von Gegenst\u00e4nden \u2013 von sch\u00f6nen Objekten, die es wert sind, pr\u00e4sentiert zu werden, bis hin zu allt\u00e4glichen Dingen, die stets griffbereit sein sollten.\",\"breadcrumb\":{\"@id\":\"https:\/\/konkret.store\/de\/produkt\/regal-jorden-massivholz-eiche\/#breadcrumb\"},\"inLanguage\":\"de-DE\",\"potentialAction\":[{\"@type\":\"ReadAction\",\"target\":[\"https:\/\/konkret.store\/de\/produkt\/regal-jorden-massivholz-eiche\/\"]}]},{\"@type\":\"ImageObject\",\"inLanguage\":\"de-DE\",\"@id\":\"https:\/\/konkret.store\/de\/produkt\/regal-jorden-massivholz-eiche\/#primaryimage\",\"url\":\"https:\/\/konkret.store\/app\/uploads\/2025\/07\/regal-jorden-klasyczna-forma-removebg-1.png\",\"contentUrl\":\"https:\/\/konkret.store\/app\/uploads\/2025\/07\/regal-jorden-klasyczna-forma-removebg-1.png\",\"width\":865,\"height\":868},{\"@type\":\"BreadcrumbList\",\"@id\":\"https:\/\/konkret.store\/de\/produkt\/regal-jorden-massivholz-eiche\/#breadcrumb\",\"itemListElement\":[{\"@type\":\"ListItem\",\"position\":1,\"name\":\"Strona g\u0142\u00f3wna\",\"item\":\"https:\/\/konkret.store\/de\/\"},{\"@type\":\"ListItem\",\"position\":2,\"name\":\"Gesch\u00e4ft\",\"item\":\"https:\/\/konkret.store\/de\/geschaeft\/\"},{\"@type\":\"ListItem\",\"position\":3,\"name\":\"Regal JORDEN \u2013 Massivholz Eiche\"}]},{\"@type\":\"WebSite\",\"@id\":\"https:\/\/konkret.store\/de\/#website\",\"url\":\"https:\/\/konkret.store\/de\/\",\"name\":\"konkret.store\",\"description\":\"Tylko konkrety\",\"potentialAction\":[{\"@type\":\"SearchAction\",\"target\":{\"@type\":\"EntryPoint\",\"urlTemplate\":\"https:\/\/konkret.store\/de\/?s={search_term_string}\"},\"query-input\":{\"@type\":\"PropertyValueSpecification\",\"valueRequired\":true,\"valueName\":\"search_term_string\"}}],\"inLanguage\":\"de-DE\"}]}<\/script>\n<!-- \/ Yoast SEO plugin. -->","yoast_head_json":{"title":"Regal JORDEN \u2013 Massivholz Eiche - konkret.store","description":"Unser Produkt ist der perfekte Ort zur Aufbewahrung aller Arten von Gegenst\u00e4nden \u2013 von sch\u00f6nen Objekten, die es wert sind, pr\u00e4sentiert zu werden, bis hin zu allt\u00e4glichen Dingen, die stets griffbereit sein sollten.","robots":{"index":"index","follow":"follow","max-snippet":"max-snippet:-1","max-image-preview":"max-image-preview:large","max-video-preview":"max-video-preview:-1"},"canonical":"https:\/\/konkret.store\/de\/produkt\/regal-jorden-massivholz-eiche\/","og_locale":"de_DE","og_type":"article","og_title":"Regal JORDEN \u2013 Massivholz Eiche - konkret.store","og_description":"Unser Produkt ist der perfekte Ort zur Aufbewahrung aller Arten von Gegenst\u00e4nden \u2013 von sch\u00f6nen Objekten, die es wert sind, pr\u00e4sentiert zu werden, bis hin zu allt\u00e4glichen Dingen, die stets griffbereit sein sollten.","og_url":"https:\/\/konkret.store\/de\/produkt\/regal-jorden-massivholz-eiche\/","og_site_name":"konkret.store","article_publisher":"https:\/\/facebook.com\/konkret.store\/","article_modified_time":"2025-07-26T10:43:02+00:00","og_image":[{"width":865,"height":868,"url":"https:\/\/konkret.store\/app\/uploads\/2025\/07\/regal-jorden-klasyczna-forma-removebg-1.png","type":"image\/png"}],"twitter_card":"summary_large_image","twitter_misc":{"Est. reading time":"1 minute"},"schema":{"@context":"https:\/\/schema.org","@graph":[{"@type":"WebPage","@id":"https:\/\/konkret.store\/de\/produkt\/regal-jorden-massivholz-eiche\/","url":"https:\/\/konkret.store\/de\/produkt\/regal-jorden-massivholz-eiche\/","name":"Regal JORDEN \u2013 Massivholz Eiche - konkret.store","isPartOf":{"@id":"https:\/\/konkret.store\/de\/#website"},"primaryImageOfPage":{"@id":"https:\/\/konkret.store\/de\/produkt\/regal-jorden-massivholz-eiche\/#primaryimage"},"image":{"@id":"https:\/\/konkret.store\/de\/produkt\/regal-jorden-massivholz-eiche\/#primaryimage"},"thumbnailUrl":"https:\/\/konkret.store\/app\/uploads\/2025\/07\/regal-jorden-klasyczna-forma-removebg-1.png","datePublished":"2025-07-25T21:01:59+00:00","dateModified":"2025-07-26T10:43:02+00:00","description":"Unser Produkt ist der perfekte Ort zur Aufbewahrung aller Arten von Gegenst\u00e4nden \u2013 von sch\u00f6nen Objekten, die es wert sind, pr\u00e4sentiert zu werden, bis hin zu allt\u00e4glichen Dingen, die stets griffbereit sein sollten.","breadcrumb":{"@id":"https:\/\/konkret.store\/de\/produkt\/regal-jorden-massivholz-eiche\/#breadcrumb"},"inLanguage":"de-DE","potentialAction":[{"@type":"ReadAction","target":["https:\/\/konkret.store\/de\/produkt\/regal-jorden-massivholz-eiche\/"]}]},{"@type":"ImageObject","inLanguage":"de-DE","@id":"https:\/\/konkret.store\/de\/produkt\/regal-jorden-massivholz-eiche\/#primaryimage","url":"https:\/\/konkret.store\/app\/uploads\/2025\/07\/regal-jorden-klasyczna-forma-removebg-1.png","contentUrl":"https:\/\/konkret.store\/app\/uploads\/2025\/07\/regal-jorden-klasyczna-forma-removebg-1.png","width":865,"height":868},{"@type":"BreadcrumbList","@id":"https:\/\/konkret.store\/de\/produkt\/regal-jorden-massivholz-eiche\/#breadcrumb","itemListElement":[{"@type":"ListItem","position":1,"name":"Strona g\u0142\u00f3wna","item":"https:\/\/konkret.store\/de\/"},{"@type":"ListItem","position":2,"name":"Gesch\u00e4ft","item":"https:\/\/konkret.store\/de\/geschaeft\/"},{"@type":"ListItem","position":3,"name":"Regal JORDEN \u2013 Massivholz Eiche"}]},{"@type":"WebSite","@id":"https:\/\/konkret.store\/de\/#website","url":"https:\/\/konkret.store\/de\/","name":"konkret.store","description":"Tylko konkrety","potentialAction":[{"@type":"SearchAction","target":{"@type":"EntryPoint","urlTemplate":"https:\/\/konkret.store\/de\/?s={search_term_string}"},"query-input":{"@type":"PropertyValueSpecification","valueRequired":true,"valueName":"search_term_string"}}],"inLanguage":"de-DE"}]}},"_links":{"self":[{"href":"https:\/\/konkret.store\/de\/wp-json\/wp\/v2\/product\/24980","targetHints":{"allow":["GET"]}}],"collection":[{"href":"https:\/\/konkret.store\/de\/wp-json\/wp\/v2\/product"}],"about":[{"href":"https:\/\/konkret.store\/de\/wp-json\/wp\/v2\/types\/product"}],"wp:featuredmedia":[{"embeddable":true,"href":"https:\/\/konkret.store\/de\/wp-json\/wp\/v2\/media\/24999"}],"wp:attachment":[{"href":"https:\/\/konkret.store\/de\/wp-json\/wp\/v2\/media?parent=24980"}],"wp:term":[{"taxonomy":"product_brand","embeddable":true,"href":"https:\/\/konkret.store\/de\/wp-json\/wp\/v2\/product_brand?post=24980"},{"taxonomy":"product_cat","embeddable":true,"href":"https:\/\/konkret.store\/de\/wp-json\/wp\/v2\/product_cat?post=24980"},{"taxonomy":"product_tag","embeddable":true,"href":"https:\/\/konkret.store\/de\/wp-json\/wp\/v2\/product_tag?post=24980"}],"curies":[{"name":"wp","href":"https:\/\/api.w.org\/{rel}","templated":true}]}}