{"id":25039,"date":"2025-08-02T22:16:47","date_gmt":"2025-08-02T21:16:47","guid":{"rendered":"https:\/\/konkret.store\/?post_type=product&#038;p=25039"},"modified":"2026-03-07T23:01:31","modified_gmt":"2026-03-07T22:01:31","slug":"kommode-beta-massivholz-eiche","status":"publish","type":"product","link":"https:\/\/konkret.store\/de\/produkt\/kommode-beta-massivholz-eiche\/","title":{"rendered":"Abgerundetes sideboard BETA \u2013 Massivholz Eiche"},"content":{"rendered":"<section class=\"image-text\">\n  <div class=\"container\">\n    <div class=\"row align-items-center\">\n      <div class=\"col-lg-6  image-text--left\">\n        <div class=\"image-text__image\">\n                                    <div class=\"videoContainer\">\n                <video src=\"https:\/\/konkret.store\/app\/uploads\/2025\/08\/Skjenk-Beta-2-2.mp4\" controls webkit-playsinline playsinline loop muted autoplay><\/video>\n              <\/div>\n                              <\/div>\n      <\/div>\n      <div class=\"col-lg-5  offset-lg-1 \">\n                <h2><\/h2>\n        <div class=\"image-text__text\">\n          <p>Beta \u2013 diskrete Noblesse und zeitlose Eleganz.<\/p>\n<p>Materialien von h\u00f6chster Qualit\u00e4t, die der t\u00e4glichen Nutzung wirklich standhalten \u2013 und dadurch sch\u00f6n und nat\u00fcrlich altern.<\/p>\n<pre>Im Video: Sideboard Beta\r\n\r\nL\u00e4nge: 200 cm\r\n\r\nTiefe: 40 cm\r\n\r\nH\u00f6he: 72 cm\r\n\r\nFarbe: Eiche Rohholz-Effekt<\/pre>\n        <\/div>\n              <\/div>\n    <\/div>\n  <\/div>\n<\/section>\n\n\n<section class=\"image-text\">\n  <div class=\"container\">\n    <div class=\"row align-items-center\">\n      <div class=\"col-lg-6  offset-lg-1  image-text--right\">\n        <div class=\"image-text__image\">\n          <img loading=\"lazy\" decoding=\"async\" width=\"960\" height=\"1200\" src=\"https:\/\/konkret.store\/app\/uploads\/2025\/08\/image1.jpeg\" class=\"attachment-full size-full\" alt=\"\" srcset=\"https:\/\/konkret.store\/app\/uploads\/2025\/08\/image1.jpeg 960w, https:\/\/konkret.store\/app\/uploads\/2025\/08\/image1-240x300.jpeg 240w, https:\/\/konkret.store\/app\/uploads\/2025\/08\/image1-819x1024.jpeg 819w, https:\/\/konkret.store\/app\/uploads\/2025\/08\/image1-768x960.jpeg 768w, https:\/\/konkret.store\/app\/uploads\/2025\/08\/image1-610x763.jpeg 610w, https:\/\/konkret.store\/app\/uploads\/2025\/08\/image1-64x80.jpeg 64w\" sizes=\"auto, (max-width: 960px) 100vw, 960px\" \/>        <\/div>\n      <\/div>\n      <div class=\"col-lg-5 \">\n                <h2><\/h2>\n        <div class=\"image-text__text\">\n          <p data-start=\"46\" data-end=\"128\">\n<p data-start=\"130\" data-end=\"402\">Jede Farbvariante des Sideboards ist mit Lack gesch\u00fctzt, was bedeutet, dass keine Pflege erforderlich ist. Der Lack bietet einen robusten Schutz und minimiert den Bedarf an regelm\u00e4\u00dfiger Wartung, sodass das Sideboard sein sch\u00f6nes Aussehen ohne zus\u00e4tzlichen Aufwand bewahrt.<\/p>\n<p data-start=\"404\" data-end=\"522\" data-is-last-node=\"\" data-is-only-node=\"\">\u25b8\u00a0Exklusivit\u00e4t<br data-start=\"418\" data-end=\"421\" \/>\u25b8\u00a0Verstellbare Einlegeb\u00f6den erm\u00f6glichen die individuelle Anpassung des Stauraums an Ihre Bed\u00fcrfnisse.<\/p>\n        <\/div>\n              <\/div>\n    <\/div>\n  <\/div>\n<\/section>\n\n\n<section class=\"image-text\">\n  <div class=\"container\">\n    <div class=\"row align-items-center\">\n      <div class=\"col-lg-6  image-text--left\">\n        <div class=\"image-text__image\">\n          <img loading=\"lazy\" decoding=\"async\" width=\"1200\" height=\"1200\" src=\"https:\/\/konkret.store\/app\/uploads\/2024\/05\/Svart_detaljer-removebg.png\" class=\"attachment-full size-full\" alt=\"\" srcset=\"https:\/\/konkret.store\/app\/uploads\/2024\/05\/Svart_detaljer-removebg.png 1200w, https:\/\/konkret.store\/app\/uploads\/2024\/05\/Svart_detaljer-removebg-300x300.png 300w, https:\/\/konkret.store\/app\/uploads\/2024\/05\/Svart_detaljer-removebg-1024x1024.png 1024w, https:\/\/konkret.store\/app\/uploads\/2024\/05\/Svart_detaljer-removebg-768x768.png 768w, https:\/\/konkret.store\/app\/uploads\/2024\/05\/Svart_detaljer-removebg-610x610.png 610w, https:\/\/konkret.store\/app\/uploads\/2024\/05\/Svart_detaljer-removebg-100x100.png 100w, https:\/\/konkret.store\/app\/uploads\/2024\/05\/Svart_detaljer-removebg-64x64.png 64w\" sizes=\"auto, (max-width: 1200px) 100vw, 1200px\" \/>        <\/div>\n      <\/div>\n      <div class=\"col-lg-5  offset-lg-1 \">\n                <h2>Wir k\u00fcmmern uns um die Details!<\/h2>\n        <div class=\"image-text__text\">\n          <p data-start=\"46\" data-end=\"318\"><strong data-start=\"46\" data-end=\"171\">Das Sideboard ist aus massiver Eiche gefertigt, was es sowohl stabil, pflegeleicht als auch \u00e4sthetisch ansprechend macht.<\/strong><br data-start=\"171\" data-end=\"174\" \/>Der gemeinsame Nenner ist hohe Qualit\u00e4t und zahlreiche Anpassungsm\u00f6glichkeiten \u2013 kurz gesagt, ein M\u00f6belst\u00fcck, mit dem Sie zufrieden sein werden.<\/p>\n<p data-start=\"320\" data-end=\"443\" data-is-last-node=\"\" data-is-only-node=\"\">Das Sideboard verf\u00fcgt \u00fcber Push-to-Open-T\u00fcren und innenliegende Einlegeb\u00f6den.<br data-start=\"397\" data-end=\"400\" \/>Maximale Belastung pro Einlegeboden: 20\u202fkg.<\/p>\n        <\/div>\n              <\/div>\n    <\/div>\n  <\/div>\n<\/section>\n","protected":false},"excerpt":{"rendered":"<p><strong>Mit einer sanft abgerundeten Silhouette gestaltet \u2013 Beta von konkret.store strahlt nat\u00fcrlichen Charakter und sorgf\u00e4ltig ausgearbeitete Details aus.<\/strong><\/p>\n<p>Hergestellt aus FSC-zertifiziertem Holz\u00a0\u00a0<a href=\"https:\/\/pl.fsc.org\/pl-pl\/sprawdz-i-znajdz-certyfikat\"><img loading=\"lazy\" decoding=\"async\" class=\"alignnone wp-image-11268 lazyloaded\" src=\"https:\/\/konkret.store\/app\/uploads\/2023\/02\/Forest_Stewardship_Council_logo-251x300.png\" alt=\"\" width=\"32\" height=\"38\" data-src=\"https:\/\/konkret.store\/app\/uploads\/2023\/02\/Forest_Stewardship_Council_logo-251x300.png\" srcset=\"https:\/\/konkret.store\/app\/uploads\/2023\/02\/Forest_Stewardship_Council_logo-251x300.png 251w, https:\/\/konkret.store\/app\/uploads\/2023\/02\/Forest_Stewardship_Council_logo-855x1024.png 855w, https:\/\/konkret.store\/app\/uploads\/2023\/02\/Forest_Stewardship_Council_logo-768x920.png 768w, https:\/\/konkret.store\/app\/uploads\/2023\/02\/Forest_Stewardship_Council_logo-610x730.png 610w, https:\/\/konkret.store\/app\/uploads\/2023\/02\/Forest_Stewardship_Council_logo-64x77.png 64w, https:\/\/konkret.store\/app\/uploads\/2023\/02\/Forest_Stewardship_Council_logo.png 1200w\" sizes=\"auto, (max-width: 32px) 100vw, 32px\" \/><\/a><\/p>\n<hr \/>\n<p>Sind Sie sich nicht sicher, welche Farbe Sie w\u00e4hlen sollen? Bestellen Sie <strong><a href=\"https:\/\/konkret.store\/de\/produkt\/eichenholzproben-9-farben\/\">sie hier<\/a><\/strong>, um Farbproben zu erhalten.<\/p>\n","protected":false},"featured_media":25046,"comment_status":"closed","ping_status":"closed","template":"","meta":{"_acf_changed":true},"product_brand":[],"product_cat":[271],"product_tag":[],"class_list":{"0":"post-25039","1":"product","2":"type-product","3":"status-publish","4":"has-post-thumbnail","6":"product_cat-unsere-konkrete","8":"first","9":"onbackorder","10":"taxable","11":"shipping-taxable","12":"purchasable","13":"product-type-simple"},"exclude_global_add_ons":false,"addons":[{"name":"H\u00f6he","type":"multiple_choice","position":0,"required":true,"title_format":"label","default":"","description_enable":false,"description":"","placeholder_enable":false,"placeholder":"","display":"select","restrictions_type":"any_text","adjust_price":false,"price":"","price_type":"flat_fee","restrictions":false,"min":"0","max":"0","options":[{"label":"55cm [+ 7 cm Sockel]","price":"","price_type":"quantity_based","image":0,"visibility":true},{"label":"65cm [+ 7 cm Sockel]","price":"8","price_type":"percentage_based","image":0,"visibility":true}],"id":1744150676},{"name":"Konfiguration","type":"multiple_choice","position":1,"required":true,"title_format":"label","default":"","description_enable":false,"description":"","placeholder_enable":false,"placeholder":"","display":"select","restrictions_type":"any_text","adjust_price":false,"price":"","price_type":"flat_fee","restrictions":false,"min":"0","max":"0","options":[{"label":"2 x abgerundete Seitent\u00fcren \/ 1 x Standardt\u00fcr in der Mitte \u2013 150\u202fcm","price":"","price_type":"quantity_based","image":0,"visibility":true},{"label":"2 x abgerundete Seitent\u00fcren \/ 3 Schubladen in der Mitte \u2013 150\u202fcm","price":"2100","price_type":"quantity_based","image":0,"visibility":true},{"label":"2 x abgerundete Seitent\u00fcren \/ 2 x Standardt\u00fcren \u2013 200\u202fcm","price":"3500","price_type":"quantity_based","image":0,"visibility":true},{"label":"2 x abgerundete Seitent\u00fcren \/ 1 x Standardt\u00fcr \/ 3 Schubladen \u2013 200\u202fcm","price":"6000","price_type":"quantity_based","image":0,"visibility":true},{"label":"2 x abgerundete Seitent\u00fcren \/ 3 x Standardt\u00fcren \u2013 250\u202fcm","price":"8000","price_type":"quantity_based","image":0,"visibility":true},{"label":"2 x abgerundete Seitent\u00fcren \/ 2 x Standardt\u00fcren \/ 3 x Schubladen \u2013 250\u202fcm","price":"9000","price_type":"quantity_based","image":0,"visibility":true}],"id":1744150678},{"name":"Holzfarbe","type":"multiple_choice","position":2,"required":true,"title_format":"label","default":"","description_enable":true,"description":"Jede Farbe auf dem M\u00f6belst\u00fcck ist mit Lack \u00fcberzogen, was bedeutet, dass es keine Wartung erfordert. Der Lack bietet einen soliden Schutz und minimiert den Bedarf an regelm\u00e4\u00dfiger Pflege, sodass das M\u00f6belst\u00fcck sein sch\u00f6nes Aussehen ohne zus\u00e4tzlichen Aufwand bewahren kann.\r\nHergestellt aus massivem Eichenholz oder Walnuss.","placeholder_enable":false,"placeholder":"","display":"patterns","restrictions_type":"any_text","adjust_price":false,"price":"","price_type":"flat_fee","restrictions":false,"min":"0","max":"0","options":[{"label":"24030","price":"","price_type":"quantity_based","image":0,"visibility":true},{"label":"24026","price":"45","price_type":"percentage_based","image":0,"visibility":true}],"id":1744150679},{"name":"Kudde variant","type":"multiple_choice","position":0,"required":true,"title_format":"label","default":"","description_enable":false,"description":"","placeholder_enable":false,"placeholder":"","display":"select","restrictions_type":"any_text","adjust_price":false,"price":"","price_type":"flat_fee","restrictions":false,"min":"0","max":"0","options":[{"label":"Kuba","price":"","price_type":"quantity_based","image":0,"visibility":true},{"label":"Haiti","price":"","price_type":"quantity_based","image":0,"visibility":true},{"label":"Barbados","price":"","price_type":"quantity_based","image":0,"visibility":true},{"label":"Aruba","price":"","price_type":"quantity_based","image":0,"visibility":true}]}],"acf":[],"yoast_head":"<!-- This site is optimized with the Yoast SEO plugin v26.8 - https:\/\/yoast.com\/product\/yoast-seo-wordpress\/ -->\n<title>Abgerundetes sideboard BETA \u2013 Massivholz Eiche - konkret.store<\/title>\n<meta name=\"description\" content=\"Mit einer sanft abgerundeten Silhouette gestaltet \u2013 Beta von konkret.store strahlt nat\u00fcrlichen Charakter und sorgf\u00e4ltig ausgearbeitete Details aus. Hergestellt aus FSC-zertifiziertem Holz.\" \/>\n<meta name=\"robots\" content=\"index, follow, max-snippet:-1, max-image-preview:large, max-video-preview:-1\" \/>\n<link rel=\"canonical\" href=\"https:\/\/konkret.store\/de\/produkt\/kommode-beta-massivholz-eiche\/\" \/>\n<meta property=\"og:locale\" content=\"de_DE\" \/>\n<meta property=\"og:type\" content=\"article\" \/>\n<meta property=\"og:title\" content=\"Abgerundetes sideboard BETA \u2013 Massivholz Eiche - konkret.store\" \/>\n<meta property=\"og:description\" content=\"Mit einer sanft abgerundeten Silhouette gestaltet \u2013 Beta von konkret.store strahlt nat\u00fcrlichen Charakter und sorgf\u00e4ltig ausgearbeitete Details aus. Hergestellt aus FSC-zertifiziertem Holz.\" \/>\n<meta property=\"og:url\" content=\"https:\/\/konkret.store\/de\/produkt\/kommode-beta-massivholz-eiche\/\" \/>\n<meta property=\"og:site_name\" content=\"konkret.store\" \/>\n<meta property=\"article:publisher\" content=\"https:\/\/facebook.com\/konkret.store\/\" \/>\n<meta property=\"article:modified_time\" content=\"2026-03-07T22:01:31+00:00\" \/>\n<meta property=\"og:image\" content=\"https:\/\/konkret.store\/app\/uploads\/2025\/08\/beta-2.png\" \/>\n\t<meta property=\"og:image:width\" content=\"1200\" \/>\n\t<meta property=\"og:image:height\" content=\"1200\" \/>\n\t<meta property=\"og:image:type\" content=\"image\/png\" \/>\n<meta name=\"twitter:card\" content=\"summary_large_image\" \/>\n<meta name=\"twitter:label1\" content=\"Est. reading time\" \/>\n\t<meta name=\"twitter:data1\" content=\"1 minute\" \/>\n<script type=\"application\/ld+json\" class=\"yoast-schema-graph\">{\"@context\":\"https:\/\/schema.org\",\"@graph\":[{\"@type\":\"WebPage\",\"@id\":\"https:\/\/konkret.store\/de\/produkt\/kommode-beta-massivholz-eiche\/\",\"url\":\"https:\/\/konkret.store\/de\/produkt\/kommode-beta-massivholz-eiche\/\",\"name\":\"Abgerundetes sideboard BETA \u2013 Massivholz Eiche - konkret.store\",\"isPartOf\":{\"@id\":\"https:\/\/konkret.store\/de\/#website\"},\"primaryImageOfPage\":{\"@id\":\"https:\/\/konkret.store\/de\/produkt\/kommode-beta-massivholz-eiche\/#primaryimage\"},\"image\":{\"@id\":\"https:\/\/konkret.store\/de\/produkt\/kommode-beta-massivholz-eiche\/#primaryimage\"},\"thumbnailUrl\":\"https:\/\/konkret.store\/app\/uploads\/2025\/08\/beta-2.png\",\"datePublished\":\"2025-08-02T21:16:47+00:00\",\"dateModified\":\"2026-03-07T22:01:31+00:00\",\"description\":\"Mit einer sanft abgerundeten Silhouette gestaltet \u2013 Beta von konkret.store strahlt nat\u00fcrlichen Charakter und sorgf\u00e4ltig ausgearbeitete Details aus. Hergestellt aus FSC-zertifiziertem Holz.\",\"breadcrumb\":{\"@id\":\"https:\/\/konkret.store\/de\/produkt\/kommode-beta-massivholz-eiche\/#breadcrumb\"},\"inLanguage\":\"de-DE\",\"potentialAction\":[{\"@type\":\"ReadAction\",\"target\":[\"https:\/\/konkret.store\/de\/produkt\/kommode-beta-massivholz-eiche\/\"]}]},{\"@type\":\"ImageObject\",\"inLanguage\":\"de-DE\",\"@id\":\"https:\/\/konkret.store\/de\/produkt\/kommode-beta-massivholz-eiche\/#primaryimage\",\"url\":\"https:\/\/konkret.store\/app\/uploads\/2025\/08\/beta-2.png\",\"contentUrl\":\"https:\/\/konkret.store\/app\/uploads\/2025\/08\/beta-2.png\",\"width\":1200,\"height\":1200},{\"@type\":\"BreadcrumbList\",\"@id\":\"https:\/\/konkret.store\/de\/produkt\/kommode-beta-massivholz-eiche\/#breadcrumb\",\"itemListElement\":[{\"@type\":\"ListItem\",\"position\":1,\"name\":\"Strona g\u0142\u00f3wna\",\"item\":\"https:\/\/konkret.store\/de\/\"},{\"@type\":\"ListItem\",\"position\":2,\"name\":\"Gesch\u00e4ft\",\"item\":\"https:\/\/konkret.store\/de\/geschaeft\/\"},{\"@type\":\"ListItem\",\"position\":3,\"name\":\"Abgerundetes sideboard BETA \u2013 Massivholz Eiche\"}]},{\"@type\":\"WebSite\",\"@id\":\"https:\/\/konkret.store\/de\/#website\",\"url\":\"https:\/\/konkret.store\/de\/\",\"name\":\"konkret.store\",\"description\":\"Tylko konkrety\",\"potentialAction\":[{\"@type\":\"SearchAction\",\"target\":{\"@type\":\"EntryPoint\",\"urlTemplate\":\"https:\/\/konkret.store\/de\/?s={search_term_string}\"},\"query-input\":{\"@type\":\"PropertyValueSpecification\",\"valueRequired\":true,\"valueName\":\"search_term_string\"}}],\"inLanguage\":\"de-DE\"}]}<\/script>\n<!-- \/ Yoast SEO plugin. -->","yoast_head_json":{"title":"Abgerundetes sideboard BETA \u2013 Massivholz Eiche - konkret.store","description":"Mit einer sanft abgerundeten Silhouette gestaltet \u2013 Beta von konkret.store strahlt nat\u00fcrlichen Charakter und sorgf\u00e4ltig ausgearbeitete Details aus. Hergestellt aus FSC-zertifiziertem Holz.","robots":{"index":"index","follow":"follow","max-snippet":"max-snippet:-1","max-image-preview":"max-image-preview:large","max-video-preview":"max-video-preview:-1"},"canonical":"https:\/\/konkret.store\/de\/produkt\/kommode-beta-massivholz-eiche\/","og_locale":"de_DE","og_type":"article","og_title":"Abgerundetes sideboard BETA \u2013 Massivholz Eiche - konkret.store","og_description":"Mit einer sanft abgerundeten Silhouette gestaltet \u2013 Beta von konkret.store strahlt nat\u00fcrlichen Charakter und sorgf\u00e4ltig ausgearbeitete Details aus. Hergestellt aus FSC-zertifiziertem Holz.","og_url":"https:\/\/konkret.store\/de\/produkt\/kommode-beta-massivholz-eiche\/","og_site_name":"konkret.store","article_publisher":"https:\/\/facebook.com\/konkret.store\/","article_modified_time":"2026-03-07T22:01:31+00:00","og_image":[{"width":1200,"height":1200,"url":"https:\/\/konkret.store\/app\/uploads\/2025\/08\/beta-2.png","type":"image\/png"}],"twitter_card":"summary_large_image","twitter_misc":{"Est. reading time":"1 minute"},"schema":{"@context":"https:\/\/schema.org","@graph":[{"@type":"WebPage","@id":"https:\/\/konkret.store\/de\/produkt\/kommode-beta-massivholz-eiche\/","url":"https:\/\/konkret.store\/de\/produkt\/kommode-beta-massivholz-eiche\/","name":"Abgerundetes sideboard BETA \u2013 Massivholz Eiche - konkret.store","isPartOf":{"@id":"https:\/\/konkret.store\/de\/#website"},"primaryImageOfPage":{"@id":"https:\/\/konkret.store\/de\/produkt\/kommode-beta-massivholz-eiche\/#primaryimage"},"image":{"@id":"https:\/\/konkret.store\/de\/produkt\/kommode-beta-massivholz-eiche\/#primaryimage"},"thumbnailUrl":"https:\/\/konkret.store\/app\/uploads\/2025\/08\/beta-2.png","datePublished":"2025-08-02T21:16:47+00:00","dateModified":"2026-03-07T22:01:31+00:00","description":"Mit einer sanft abgerundeten Silhouette gestaltet \u2013 Beta von konkret.store strahlt nat\u00fcrlichen Charakter und sorgf\u00e4ltig ausgearbeitete Details aus. Hergestellt aus FSC-zertifiziertem Holz.","breadcrumb":{"@id":"https:\/\/konkret.store\/de\/produkt\/kommode-beta-massivholz-eiche\/#breadcrumb"},"inLanguage":"de-DE","potentialAction":[{"@type":"ReadAction","target":["https:\/\/konkret.store\/de\/produkt\/kommode-beta-massivholz-eiche\/"]}]},{"@type":"ImageObject","inLanguage":"de-DE","@id":"https:\/\/konkret.store\/de\/produkt\/kommode-beta-massivholz-eiche\/#primaryimage","url":"https:\/\/konkret.store\/app\/uploads\/2025\/08\/beta-2.png","contentUrl":"https:\/\/konkret.store\/app\/uploads\/2025\/08\/beta-2.png","width":1200,"height":1200},{"@type":"BreadcrumbList","@id":"https:\/\/konkret.store\/de\/produkt\/kommode-beta-massivholz-eiche\/#breadcrumb","itemListElement":[{"@type":"ListItem","position":1,"name":"Strona g\u0142\u00f3wna","item":"https:\/\/konkret.store\/de\/"},{"@type":"ListItem","position":2,"name":"Gesch\u00e4ft","item":"https:\/\/konkret.store\/de\/geschaeft\/"},{"@type":"ListItem","position":3,"name":"Abgerundetes sideboard BETA \u2013 Massivholz Eiche"}]},{"@type":"WebSite","@id":"https:\/\/konkret.store\/de\/#website","url":"https:\/\/konkret.store\/de\/","name":"konkret.store","description":"Tylko konkrety","potentialAction":[{"@type":"SearchAction","target":{"@type":"EntryPoint","urlTemplate":"https:\/\/konkret.store\/de\/?s={search_term_string}"},"query-input":{"@type":"PropertyValueSpecification","valueRequired":true,"valueName":"search_term_string"}}],"inLanguage":"de-DE"}]}},"_links":{"self":[{"href":"https:\/\/konkret.store\/de\/wp-json\/wp\/v2\/product\/25039","targetHints":{"allow":["GET"]}}],"collection":[{"href":"https:\/\/konkret.store\/de\/wp-json\/wp\/v2\/product"}],"about":[{"href":"https:\/\/konkret.store\/de\/wp-json\/wp\/v2\/types\/product"}],"replies":[{"embeddable":true,"href":"https:\/\/konkret.store\/de\/wp-json\/wp\/v2\/comments?post=25039"}],"wp:featuredmedia":[{"embeddable":true,"href":"https:\/\/konkret.store\/de\/wp-json\/wp\/v2\/media\/25046"}],"wp:attachment":[{"href":"https:\/\/konkret.store\/de\/wp-json\/wp\/v2\/media?parent=25039"}],"wp:term":[{"taxonomy":"product_brand","embeddable":true,"href":"https:\/\/konkret.store\/de\/wp-json\/wp\/v2\/product_brand?post=25039"},{"taxonomy":"product_cat","embeddable":true,"href":"https:\/\/konkret.store\/de\/wp-json\/wp\/v2\/product_cat?post=25039"},{"taxonomy":"product_tag","embeddable":true,"href":"https:\/\/konkret.store\/de\/wp-json\/wp\/v2\/product_tag?post=25039"}],"curies":[{"name":"wp","href":"https:\/\/api.w.org\/{rel}","templated":true}]}}