{"id":25107,"date":"2025-09-14T20:36:51","date_gmt":"2025-09-14T19:36:51","guid":{"rendered":"https:\/\/konkret.store\/?post_type=product&#038;p=25107"},"modified":"2025-09-14T22:50:44","modified_gmt":"2025-09-14T21:50:44","slug":"abgerundetes-wandmontierer-beta-massivholz-eiche","status":"publish","type":"product","link":"https:\/\/konkret.store\/de\/produkt\/abgerundetes-wandmontierer-beta-massivholz-eiche\/","title":{"rendered":"Abgerundeter, wandmontierter Schrank BETA \u2013 Massiv\u00adeiche\u00a0"},"content":{"rendered":"<section class=\"image-text\">\n  <div class=\"container\">\n    <div class=\"row align-items-center\">\n      <div class=\"col-lg-6  image-text--left\">\n        <div class=\"image-text__image\">\n          <img loading=\"lazy\" decoding=\"async\" width=\"1600\" height=\"2000\" src=\"https:\/\/konkret.store\/app\/uploads\/2025\/09\/VIZ1-ezgif.com-png-to-webp-converter-e1764698286263.webp\" class=\"attachment-full size-full\" alt=\"\" \/>        <\/div>\n      <\/div>\n      <div class=\"col-lg-5  offset-lg-1 \">\n                <h2><\/h2>\n        <div class=\"image-text__text\">\n          <p data-start=\"0\" data-end=\"86\">Ein Schrank aus unserer eleganten M\u00f6belserie <strong data-start=\"45\" data-end=\"53\">Beta<\/strong>, gefertigt aus massiver Eiche.<\/p>\n<p data-start=\"88\" data-end=\"346\">Jede Farbvariante ist mit Lack gesch\u00fctzt, was bedeutet, dass keine Pflege erforderlich ist. Der Lack bietet einen robusten Schutz und minimiert den Bedarf an regelm\u00e4\u00dfiger Wartung, sodass das Sideboard sein sch\u00f6nes Aussehen ohne zus\u00e4tzlichen Aufwand beh\u00e4lt.<\/p>\n<p data-start=\"348\" data-end=\"414\" data-is-last-node=\"\" data-is-only-node=\"\">\u25b8 Exklusivit\u00e4t<br data-start=\"362\" data-end=\"365\" \/>\u25b8 Design und Verarbeitung von h\u00f6chster Qualit\u00e4t<\/p>\n        <\/div>\n              <\/div>\n    <\/div>\n  <\/div>\n<\/section>\n\n\n<section class=\"image-text\">\n  <div class=\"container\">\n    <div class=\"row align-items-center\">\n      <div class=\"col-lg-6  offset-lg-1  image-text--right\">\n        <div class=\"image-text__image\">\n          <img loading=\"lazy\" decoding=\"async\" width=\"1200\" height=\"1200\" src=\"https:\/\/konkret.store\/app\/uploads\/2024\/05\/Svart_detaljer-removebg.png\" class=\"attachment-full size-full\" alt=\"\" srcset=\"https:\/\/konkret.store\/app\/uploads\/2024\/05\/Svart_detaljer-removebg.png 1200w, https:\/\/konkret.store\/app\/uploads\/2024\/05\/Svart_detaljer-removebg-300x300.png 300w, https:\/\/konkret.store\/app\/uploads\/2024\/05\/Svart_detaljer-removebg-1024x1024.png 1024w, https:\/\/konkret.store\/app\/uploads\/2024\/05\/Svart_detaljer-removebg-768x768.png 768w, https:\/\/konkret.store\/app\/uploads\/2024\/05\/Svart_detaljer-removebg-610x610.png 610w, https:\/\/konkret.store\/app\/uploads\/2024\/05\/Svart_detaljer-removebg-100x100.png 100w, https:\/\/konkret.store\/app\/uploads\/2024\/05\/Svart_detaljer-removebg-64x64.png 64w\" sizes=\"auto, (max-width: 1200px) 100vw, 1200px\" \/>        <\/div>\n      <\/div>\n      <div class=\"col-lg-5 \">\n                <h2>Wir k\u00fcmmern uns um die Details!<\/h2>\n        <div class=\"image-text__text\">\n          <p data-start=\"0\" data-end=\"116\">Der Schrank ist aus massiver Eiche gefertigt, was ihn stabil, pflegeleicht und in seiner Ausstrahlung sch\u00f6n macht.<\/p>\n<p data-start=\"118\" data-end=\"253\">Der gemeinsame Nenner ist hohe Qualit\u00e4t und viele Wahlm\u00f6glichkeiten \u2013 kurz gesagt, ein M\u00f6belst\u00fcck, mit dem Sie zufrieden sein werden.<\/p>\n<p data-start=\"255\" data-end=\"301\">Der Schrank verf\u00fcgt \u00fcber Push-to-Open-T\u00fcren.<\/p>\n<p data-start=\"303\" data-end=\"345\" data-is-last-node=\"\" data-is-only-node=\"\">Maximale Belastung pro Fachboden: 20 kg.<\/p>\n        <\/div>\n              <\/div>\n    <\/div>\n  <\/div>\n<\/section>\n","protected":false},"excerpt":{"rendered":"<p data-start=\"0\" data-end=\"360\"><strong>Verleihen Sie Ihrem Zuhause einen einzigartigen Charakter mit diesem zeitlosen und stilvollen Schrank, der garantiert Eindruck macht.<\/strong><br data-start=\"133\" data-end=\"136\" \/><strong>Er wurde entworfen, um Funktionalit\u00e4t und \u00c4sthetik zu vereinen \u2013 gefertigt aus luxuri\u00f6ser Massiv\u00adeiche und veredelt mit exquisiter Handwerkskunst. Seine klare und schlichte Form f\u00fcgt sich harmonisch in jedes Interieur ein.<\/strong><\/p>\n<p data-start=\"362\" data-end=\"486\" data-is-last-node=\"\" data-is-only-node=\"\">Ein Schrank aus unserer eleganten <strong data-start=\"396\" data-end=\"404\">Beta<\/strong>-M\u00f6belserie, gefertigt aus Massiv\u00adeiche.<\/p>\n<p>Hergestellt aus FSC-zertifiziertem Holz\u00a0\u00a0<a href=\"https:\/\/pl.fsc.org\/pl-pl\/sprawdz-i-znajdz-certyfikat\"><img loading=\"lazy\" decoding=\"async\" class=\"alignnone wp-image-11268 lazyloaded\" src=\"https:\/\/konkret.store\/app\/uploads\/2023\/02\/Forest_Stewardship_Council_logo-251x300.png\" alt=\"\" width=\"32\" height=\"38\" data-src=\"https:\/\/konkret.store\/app\/uploads\/2023\/02\/Forest_Stewardship_Council_logo-251x300.png\" srcset=\"https:\/\/konkret.store\/app\/uploads\/2023\/02\/Forest_Stewardship_Council_logo-251x300.png 251w, https:\/\/konkret.store\/app\/uploads\/2023\/02\/Forest_Stewardship_Council_logo-855x1024.png 855w, https:\/\/konkret.store\/app\/uploads\/2023\/02\/Forest_Stewardship_Council_logo-768x920.png 768w, https:\/\/konkret.store\/app\/uploads\/2023\/02\/Forest_Stewardship_Council_logo-610x730.png 610w, https:\/\/konkret.store\/app\/uploads\/2023\/02\/Forest_Stewardship_Council_logo-64x77.png 64w, https:\/\/konkret.store\/app\/uploads\/2023\/02\/Forest_Stewardship_Council_logo.png 1200w\" sizes=\"auto, (max-width: 32px) 100vw, 32px\" \/><\/a><\/p>\n<hr \/>\n<p>Sind Sie sich nicht sicher, welche Farbe Sie w\u00e4hlen sollen? Bestellen Sie <strong><a href=\"https:\/\/konkret.store\/de\/produkt\/eichenholzproben-9-farben\/\">sie hier<\/a><\/strong>, um Farbproben zu erhalten.<\/p>\n","protected":false},"featured_media":25117,"template":"","meta":{"_acf_changed":true},"product_brand":[],"product_cat":[271],"product_tag":[],"class_list":{"0":"post-25107","1":"product","2":"type-product","3":"status-publish","4":"has-post-thumbnail","6":"product_cat-unsere-konkrete","8":"first","9":"onbackorder","10":"taxable","11":"shipping-taxable","12":"purchasable","13":"product-type-simple"},"exclude_global_add_ons":false,"addons":[{"name":"H\u00f6he","type":"multiple_choice","position":0,"required":true,"title_format":"label","default":"","description_enable":false,"description":"","placeholder_enable":false,"placeholder":"","display":"select","restrictions_type":"any_text","adjust_price":false,"price":"","price_type":"flat_fee","restrictions":false,"min":"0","max":"0","options":[{"label":"145cm","price":"","price_type":"quantity_based","image":0,"visibility":true},{"label":"160cm","price":"8","price_type":"percentage_based","image":0,"visibility":true}],"id":1744150676},{"name":"Holzfarbe","type":"multiple_choice","position":1,"required":true,"title_format":"label","default":"","description_enable":true,"description":"Jede Farbe auf dem M\u00f6belst\u00fcck ist mit Lack \u00fcberzogen, was bedeutet, dass es keine Wartung erfordert. Der Lack bietet einen soliden Schutz und minimiert den Bedarf an regelm\u00e4\u00dfiger Pflege, sodass das M\u00f6belst\u00fcck sein sch\u00f6nes Aussehen ohne zus\u00e4tzlichen Aufwand bewahren kann.\r\nHergestellt aus massivem Eichenholz oder Walnuss.","placeholder_enable":false,"placeholder":"","display":"patterns","restrictions_type":"any_text","adjust_price":false,"price":"","price_type":"flat_fee","restrictions":false,"min":"0","max":"0","options":[{"label":"24030","price":"","price_type":"quantity_based","image":0,"visibility":true},{"label":"24026","price":"45","price_type":"percentage_based","image":0,"visibility":true}],"id":1744150679},{"name":"Kudde variant","type":"multiple_choice","position":0,"required":true,"title_format":"label","default":"","description_enable":false,"description":"","placeholder_enable":false,"placeholder":"","display":"select","restrictions_type":"any_text","adjust_price":false,"price":"","price_type":"flat_fee","restrictions":false,"min":"0","max":"0","options":[{"label":"Kuba","price":"","price_type":"quantity_based","image":0,"visibility":true},{"label":"Haiti","price":"","price_type":"quantity_based","image":0,"visibility":true},{"label":"Barbados","price":"","price_type":"quantity_based","image":0,"visibility":true},{"label":"Aruba","price":"","price_type":"quantity_based","image":0,"visibility":true}]}],"acf":[],"yoast_head":"<!-- This site is optimized with the Yoast SEO plugin v26.8 - https:\/\/yoast.com\/product\/yoast-seo-wordpress\/ -->\n<title>Abgerundeter, wandmontierter Schrank BETA \u2013 Massiv\u00adeiche\u00a0 - konkret.store<\/title>\n<meta name=\"description\" content=\"Verleihen Sie Ihrem Zuhause einen einzigartigen Charakter mit diesem zeitlosen und stilvollen Schrank, der garantiert Eindruck macht.Er wurde entworfen, um Funktionalit\u00e4t und \u00c4sthetik zu vereinen \u2013 gefertigt aus luxuri\u00f6ser Massiv\u00adeiche und veredelt mit exquisiter Handwerkskunst. Seine klare und schlichte Form f\u00fcgt sich harmonisch in jedes Interieur ein.Ein Schrank aus unserer eleganten Beta-M\u00f6belserie, gefertigt aus Massiv\u00adeiche. Produziert aus FSC-zertifiziertem Holz.\" \/>\n<meta name=\"robots\" content=\"index, follow, max-snippet:-1, max-image-preview:large, max-video-preview:-1\" \/>\n<link rel=\"canonical\" href=\"https:\/\/konkret.store\/de\/produkt\/abgerundetes-wandmontierer-beta-massivholz-eiche\/\" \/>\n<meta property=\"og:locale\" content=\"de_DE\" \/>\n<meta property=\"og:type\" content=\"article\" \/>\n<meta property=\"og:title\" content=\"Abgerundeter, wandmontierter Schrank BETA \u2013 Massiv\u00adeiche\u00a0 - konkret.store\" \/>\n<meta property=\"og:description\" content=\"Verleihen Sie Ihrem Zuhause einen einzigartigen Charakter mit diesem zeitlosen und stilvollen Schrank, der garantiert Eindruck macht.Er wurde entworfen, um Funktionalit\u00e4t und \u00c4sthetik zu vereinen \u2013 gefertigt aus luxuri\u00f6ser Massiv\u00adeiche und veredelt mit exquisiter Handwerkskunst. Seine klare und schlichte Form f\u00fcgt sich harmonisch in jedes Interieur ein.Ein Schrank aus unserer eleganten Beta-M\u00f6belserie, gefertigt aus Massiv\u00adeiche. Produziert aus FSC-zertifiziertem Holz.\" \/>\n<meta property=\"og:url\" content=\"https:\/\/konkret.store\/de\/produkt\/abgerundetes-wandmontierer-beta-massivholz-eiche\/\" \/>\n<meta property=\"og:site_name\" content=\"konkret.store\" \/>\n<meta property=\"article:publisher\" content=\"https:\/\/facebook.com\/konkret.store\/\" \/>\n<meta property=\"article:modified_time\" content=\"2025-09-14T21:50:44+00:00\" \/>\n<meta property=\"og:image\" content=\"https:\/\/konkret.store\/app\/uploads\/2025\/09\/pino-2.png\" \/>\n\t<meta property=\"og:image:width\" content=\"1200\" \/>\n\t<meta property=\"og:image:height\" content=\"1200\" \/>\n\t<meta property=\"og:image:type\" content=\"image\/png\" \/>\n<meta name=\"twitter:card\" content=\"summary_large_image\" \/>\n<meta name=\"twitter:label1\" content=\"Est. reading time\" \/>\n\t<meta name=\"twitter:data1\" content=\"1 minute\" \/>\n<script type=\"application\/ld+json\" class=\"yoast-schema-graph\">{\"@context\":\"https:\/\/schema.org\",\"@graph\":[{\"@type\":\"WebPage\",\"@id\":\"https:\/\/konkret.store\/de\/produkt\/abgerundetes-wandmontierer-beta-massivholz-eiche\/\",\"url\":\"https:\/\/konkret.store\/de\/produkt\/abgerundetes-wandmontierer-beta-massivholz-eiche\/\",\"name\":\"Abgerundeter, wandmontierter Schrank BETA \u2013 Massiv\u00adeiche\u00a0 - konkret.store\",\"isPartOf\":{\"@id\":\"https:\/\/konkret.store\/de\/#website\"},\"primaryImageOfPage\":{\"@id\":\"https:\/\/konkret.store\/de\/produkt\/abgerundetes-wandmontierer-beta-massivholz-eiche\/#primaryimage\"},\"image\":{\"@id\":\"https:\/\/konkret.store\/de\/produkt\/abgerundetes-wandmontierer-beta-massivholz-eiche\/#primaryimage\"},\"thumbnailUrl\":\"https:\/\/konkret.store\/app\/uploads\/2025\/09\/pino-2.png\",\"datePublished\":\"2025-09-14T19:36:51+00:00\",\"dateModified\":\"2025-09-14T21:50:44+00:00\",\"description\":\"Verleihen Sie Ihrem Zuhause einen einzigartigen Charakter mit diesem zeitlosen und stilvollen Schrank, der garantiert Eindruck macht.Er wurde entworfen, um Funktionalit\u00e4t und \u00c4sthetik zu vereinen \u2013 gefertigt aus luxuri\u00f6ser Massiv\u00adeiche und veredelt mit exquisiter Handwerkskunst. Seine klare und schlichte Form f\u00fcgt sich harmonisch in jedes Interieur ein.Ein Schrank aus unserer eleganten Beta-M\u00f6belserie, gefertigt aus Massiv\u00adeiche. Produziert aus FSC-zertifiziertem Holz.\",\"breadcrumb\":{\"@id\":\"https:\/\/konkret.store\/de\/produkt\/abgerundetes-wandmontierer-beta-massivholz-eiche\/#breadcrumb\"},\"inLanguage\":\"de-DE\",\"potentialAction\":[{\"@type\":\"ReadAction\",\"target\":[\"https:\/\/konkret.store\/de\/produkt\/abgerundetes-wandmontierer-beta-massivholz-eiche\/\"]}]},{\"@type\":\"ImageObject\",\"inLanguage\":\"de-DE\",\"@id\":\"https:\/\/konkret.store\/de\/produkt\/abgerundetes-wandmontierer-beta-massivholz-eiche\/#primaryimage\",\"url\":\"https:\/\/konkret.store\/app\/uploads\/2025\/09\/pino-2.png\",\"contentUrl\":\"https:\/\/konkret.store\/app\/uploads\/2025\/09\/pino-2.png\",\"width\":1200,\"height\":1200},{\"@type\":\"BreadcrumbList\",\"@id\":\"https:\/\/konkret.store\/de\/produkt\/abgerundetes-wandmontierer-beta-massivholz-eiche\/#breadcrumb\",\"itemListElement\":[{\"@type\":\"ListItem\",\"position\":1,\"name\":\"Strona g\u0142\u00f3wna\",\"item\":\"https:\/\/konkret.store\/de\/\"},{\"@type\":\"ListItem\",\"position\":2,\"name\":\"Gesch\u00e4ft\",\"item\":\"https:\/\/konkret.store\/de\/geschaeft\/\"},{\"@type\":\"ListItem\",\"position\":3,\"name\":\"Abgerundeter, wandmontierter Schrank BETA \u2013 Massiv\u00adeiche\u00a0\"}]},{\"@type\":\"WebSite\",\"@id\":\"https:\/\/konkret.store\/de\/#website\",\"url\":\"https:\/\/konkret.store\/de\/\",\"name\":\"konkret.store\",\"description\":\"Tylko konkrety\",\"potentialAction\":[{\"@type\":\"SearchAction\",\"target\":{\"@type\":\"EntryPoint\",\"urlTemplate\":\"https:\/\/konkret.store\/de\/?s={search_term_string}\"},\"query-input\":{\"@type\":\"PropertyValueSpecification\",\"valueRequired\":true,\"valueName\":\"search_term_string\"}}],\"inLanguage\":\"de-DE\"}]}<\/script>\n<!-- \/ Yoast SEO plugin. -->","yoast_head_json":{"title":"Abgerundeter, wandmontierter Schrank BETA \u2013 Massiv\u00adeiche\u00a0 - konkret.store","description":"Verleihen Sie Ihrem Zuhause einen einzigartigen Charakter mit diesem zeitlosen und stilvollen Schrank, der garantiert Eindruck macht.Er wurde entworfen, um Funktionalit\u00e4t und \u00c4sthetik zu vereinen \u2013 gefertigt aus luxuri\u00f6ser Massiv\u00adeiche und veredelt mit exquisiter Handwerkskunst. Seine klare und schlichte Form f\u00fcgt sich harmonisch in jedes Interieur ein.Ein Schrank aus unserer eleganten Beta-M\u00f6belserie, gefertigt aus Massiv\u00adeiche. Produziert aus FSC-zertifiziertem Holz.","robots":{"index":"index","follow":"follow","max-snippet":"max-snippet:-1","max-image-preview":"max-image-preview:large","max-video-preview":"max-video-preview:-1"},"canonical":"https:\/\/konkret.store\/de\/produkt\/abgerundetes-wandmontierer-beta-massivholz-eiche\/","og_locale":"de_DE","og_type":"article","og_title":"Abgerundeter, wandmontierter Schrank BETA \u2013 Massiv\u00adeiche\u00a0 - konkret.store","og_description":"Verleihen Sie Ihrem Zuhause einen einzigartigen Charakter mit diesem zeitlosen und stilvollen Schrank, der garantiert Eindruck macht.Er wurde entworfen, um Funktionalit\u00e4t und \u00c4sthetik zu vereinen \u2013 gefertigt aus luxuri\u00f6ser Massiv\u00adeiche und veredelt mit exquisiter Handwerkskunst. Seine klare und schlichte Form f\u00fcgt sich harmonisch in jedes Interieur ein.Ein Schrank aus unserer eleganten Beta-M\u00f6belserie, gefertigt aus Massiv\u00adeiche. Produziert aus FSC-zertifiziertem Holz.","og_url":"https:\/\/konkret.store\/de\/produkt\/abgerundetes-wandmontierer-beta-massivholz-eiche\/","og_site_name":"konkret.store","article_publisher":"https:\/\/facebook.com\/konkret.store\/","article_modified_time":"2025-09-14T21:50:44+00:00","og_image":[{"width":1200,"height":1200,"url":"https:\/\/konkret.store\/app\/uploads\/2025\/09\/pino-2.png","type":"image\/png"}],"twitter_card":"summary_large_image","twitter_misc":{"Est. reading time":"1 minute"},"schema":{"@context":"https:\/\/schema.org","@graph":[{"@type":"WebPage","@id":"https:\/\/konkret.store\/de\/produkt\/abgerundetes-wandmontierer-beta-massivholz-eiche\/","url":"https:\/\/konkret.store\/de\/produkt\/abgerundetes-wandmontierer-beta-massivholz-eiche\/","name":"Abgerundeter, wandmontierter Schrank BETA \u2013 Massiv\u00adeiche\u00a0 - konkret.store","isPartOf":{"@id":"https:\/\/konkret.store\/de\/#website"},"primaryImageOfPage":{"@id":"https:\/\/konkret.store\/de\/produkt\/abgerundetes-wandmontierer-beta-massivholz-eiche\/#primaryimage"},"image":{"@id":"https:\/\/konkret.store\/de\/produkt\/abgerundetes-wandmontierer-beta-massivholz-eiche\/#primaryimage"},"thumbnailUrl":"https:\/\/konkret.store\/app\/uploads\/2025\/09\/pino-2.png","datePublished":"2025-09-14T19:36:51+00:00","dateModified":"2025-09-14T21:50:44+00:00","description":"Verleihen Sie Ihrem Zuhause einen einzigartigen Charakter mit diesem zeitlosen und stilvollen Schrank, der garantiert Eindruck macht.Er wurde entworfen, um Funktionalit\u00e4t und \u00c4sthetik zu vereinen \u2013 gefertigt aus luxuri\u00f6ser Massiv\u00adeiche und veredelt mit exquisiter Handwerkskunst. Seine klare und schlichte Form f\u00fcgt sich harmonisch in jedes Interieur ein.Ein Schrank aus unserer eleganten Beta-M\u00f6belserie, gefertigt aus Massiv\u00adeiche. Produziert aus FSC-zertifiziertem Holz.","breadcrumb":{"@id":"https:\/\/konkret.store\/de\/produkt\/abgerundetes-wandmontierer-beta-massivholz-eiche\/#breadcrumb"},"inLanguage":"de-DE","potentialAction":[{"@type":"ReadAction","target":["https:\/\/konkret.store\/de\/produkt\/abgerundetes-wandmontierer-beta-massivholz-eiche\/"]}]},{"@type":"ImageObject","inLanguage":"de-DE","@id":"https:\/\/konkret.store\/de\/produkt\/abgerundetes-wandmontierer-beta-massivholz-eiche\/#primaryimage","url":"https:\/\/konkret.store\/app\/uploads\/2025\/09\/pino-2.png","contentUrl":"https:\/\/konkret.store\/app\/uploads\/2025\/09\/pino-2.png","width":1200,"height":1200},{"@type":"BreadcrumbList","@id":"https:\/\/konkret.store\/de\/produkt\/abgerundetes-wandmontierer-beta-massivholz-eiche\/#breadcrumb","itemListElement":[{"@type":"ListItem","position":1,"name":"Strona g\u0142\u00f3wna","item":"https:\/\/konkret.store\/de\/"},{"@type":"ListItem","position":2,"name":"Gesch\u00e4ft","item":"https:\/\/konkret.store\/de\/geschaeft\/"},{"@type":"ListItem","position":3,"name":"Abgerundeter, wandmontierter Schrank BETA \u2013 Massiv\u00adeiche\u00a0"}]},{"@type":"WebSite","@id":"https:\/\/konkret.store\/de\/#website","url":"https:\/\/konkret.store\/de\/","name":"konkret.store","description":"Tylko konkrety","potentialAction":[{"@type":"SearchAction","target":{"@type":"EntryPoint","urlTemplate":"https:\/\/konkret.store\/de\/?s={search_term_string}"},"query-input":{"@type":"PropertyValueSpecification","valueRequired":true,"valueName":"search_term_string"}}],"inLanguage":"de-DE"}]}},"_links":{"self":[{"href":"https:\/\/konkret.store\/de\/wp-json\/wp\/v2\/product\/25107","targetHints":{"allow":["GET"]}}],"collection":[{"href":"https:\/\/konkret.store\/de\/wp-json\/wp\/v2\/product"}],"about":[{"href":"https:\/\/konkret.store\/de\/wp-json\/wp\/v2\/types\/product"}],"wp:featuredmedia":[{"embeddable":true,"href":"https:\/\/konkret.store\/de\/wp-json\/wp\/v2\/media\/25117"}],"wp:attachment":[{"href":"https:\/\/konkret.store\/de\/wp-json\/wp\/v2\/media?parent=25107"}],"wp:term":[{"taxonomy":"product_brand","embeddable":true,"href":"https:\/\/konkret.store\/de\/wp-json\/wp\/v2\/product_brand?post=25107"},{"taxonomy":"product_cat","embeddable":true,"href":"https:\/\/konkret.store\/de\/wp-json\/wp\/v2\/product_cat?post=25107"},{"taxonomy":"product_tag","embeddable":true,"href":"https:\/\/konkret.store\/de\/wp-json\/wp\/v2\/product_tag?post=25107"}],"curies":[{"name":"wp","href":"https:\/\/api.w.org\/{rel}","templated":true}]}}