{"id":25159,"date":"2025-10-31T23:54:39","date_gmt":"2025-10-31T22:54:39","guid":{"rendered":"https:\/\/konkret.store\/?post_type=product&#038;p=25159"},"modified":"2025-11-02T21:22:02","modified_gmt":"2025-11-02T20:22:02","slug":"abgerundetes-anrichte-beta-massivholz-eiche","status":"publish","type":"product","link":"https:\/\/konkret.store\/de\/produkt\/abgerundetes-anrichte-beta-massivholz-eiche\/","title":{"rendered":"Abgerundetes anrichte BETA \u2013 Massivholz Eiche"},"content":{"rendered":"<section class=\"image-text\">\n  <div class=\"container\">\n    <div class=\"row align-items-center\">\n      <div class=\"col-lg-6  image-text--left\">\n        <div class=\"image-text__image\">\n          <img loading=\"lazy\" decoding=\"async\" width=\"1600\" height=\"2000\" src=\"https:\/\/konkret.store\/app\/uploads\/2025\/09\/VIZ1-ezgif.com-png-to-webp-converter-e1764698286263.webp\" class=\"attachment-full size-full\" alt=\"\" \/>        <\/div>\n      <\/div>\n      <div class=\"col-lg-5  offset-lg-1 \">\n                <h2><\/h2>\n        <div class=\"image-text__text\">\n          <p data-start=\"46\" data-end=\"128\"><strong data-start=\"46\" data-end=\"128\">Sideboard aus unserer eleganten M\u00f6belserie Beta, gefertigt aus massiver Eiche.<\/strong><\/p>\n<p data-start=\"130\" data-end=\"402\">Jede Farbvariante des Sideboards ist mit Lack gesch\u00fctzt, was bedeutet, dass keine Pflege erforderlich ist. Der Lack bietet einen robusten Schutz und minimiert den Bedarf an regelm\u00e4\u00dfiger Wartung, sodass das Sideboard sein sch\u00f6nes Aussehen ohne zus\u00e4tzlichen Aufwand bewahrt.<\/p>\n<p data-start=\"404\" data-end=\"522\" data-is-last-node=\"\" data-is-only-node=\"\">\u25b8\u00a0Exklusivit\u00e4t<br data-start=\"418\" data-end=\"421\" \/>\u25b8\u00a0Verstellbare Einlegeb\u00f6den erm\u00f6glichen die individuelle Anpassung des Stauraums an Ihre Bed\u00fcrfnisse.<\/p>\n        <\/div>\n              <\/div>\n    <\/div>\n  <\/div>\n<\/section>\n\n\n<section class=\"image-text\">\n  <div class=\"container\">\n    <div class=\"row align-items-center\">\n      <div class=\"col-lg-6  offset-lg-1  image-text--right\">\n        <div class=\"image-text__image\">\n          <img loading=\"lazy\" decoding=\"async\" width=\"1200\" height=\"1200\" src=\"https:\/\/konkret.store\/app\/uploads\/2024\/05\/Svart_detaljer-removebg.png\" class=\"attachment-full size-full\" alt=\"\" srcset=\"https:\/\/konkret.store\/app\/uploads\/2024\/05\/Svart_detaljer-removebg.png 1200w, https:\/\/konkret.store\/app\/uploads\/2024\/05\/Svart_detaljer-removebg-300x300.png 300w, https:\/\/konkret.store\/app\/uploads\/2024\/05\/Svart_detaljer-removebg-1024x1024.png 1024w, https:\/\/konkret.store\/app\/uploads\/2024\/05\/Svart_detaljer-removebg-768x768.png 768w, https:\/\/konkret.store\/app\/uploads\/2024\/05\/Svart_detaljer-removebg-610x610.png 610w, https:\/\/konkret.store\/app\/uploads\/2024\/05\/Svart_detaljer-removebg-100x100.png 100w, https:\/\/konkret.store\/app\/uploads\/2024\/05\/Svart_detaljer-removebg-64x64.png 64w\" sizes=\"auto, (max-width: 1200px) 100vw, 1200px\" \/>        <\/div>\n      <\/div>\n      <div class=\"col-lg-5 \">\n                <h2>Wir k\u00fcmmern uns um die Details!<\/h2>\n        <div class=\"image-text__text\">\n          <p data-start=\"46\" data-end=\"318\"><strong data-start=\"46\" data-end=\"171\">Das Sideboard ist aus massiver Eiche gefertigt, was es sowohl stabil, pflegeleicht als auch \u00e4sthetisch ansprechend macht.<\/strong><br data-start=\"171\" data-end=\"174\" \/>Der gemeinsame Nenner ist hohe Qualit\u00e4t und zahlreiche Anpassungsm\u00f6glichkeiten \u2013 kurz gesagt, ein M\u00f6belst\u00fcck, mit dem Sie zufrieden sein werden.<\/p>\n<p data-start=\"320\" data-end=\"443\" data-is-last-node=\"\" data-is-only-node=\"\">Das Sideboard verf\u00fcgt \u00fcber Push-to-Open-T\u00fcren und innenliegende Einlegeb\u00f6den.<br data-start=\"397\" data-end=\"400\" \/>Maximale Belastung pro Einlegeboden: 20\u202fkg.<\/p>\n        <\/div>\n              <\/div>\n    <\/div>\n  <\/div>\n<\/section>\n","protected":false},"excerpt":{"rendered":"<p>Das Sideboard Beta von konkret.store besticht durch seine sanft geschwungene Silhouette und seine nat\u00fcrliche Ausstrahlung mit wundersch\u00f6nen Details.<br \/>\nDieses elegante M\u00f6belst\u00fcck mit seinen gebogenen T\u00fcren bietet vielseitigen Stauraum und f\u00fcgt sich harmonisch sowohl ins Schlafzimmer als auch ins Wohnzimmer ein.<\/p>\n<p>Hergestellt aus FSC-zertifiziertem Holz\u00a0\u00a0<a href=\"https:\/\/pl.fsc.org\/pl-pl\/sprawdz-i-znajdz-certyfikat\"><img loading=\"lazy\" decoding=\"async\" class=\"alignnone wp-image-11268 lazyloaded\" src=\"https:\/\/konkret.store\/app\/uploads\/2023\/02\/Forest_Stewardship_Council_logo-251x300.png\" alt=\"\" width=\"32\" height=\"38\" data-src=\"https:\/\/konkret.store\/app\/uploads\/2023\/02\/Forest_Stewardship_Council_logo-251x300.png\" srcset=\"https:\/\/konkret.store\/app\/uploads\/2023\/02\/Forest_Stewardship_Council_logo-251x300.png 251w, https:\/\/konkret.store\/app\/uploads\/2023\/02\/Forest_Stewardship_Council_logo-855x1024.png 855w, https:\/\/konkret.store\/app\/uploads\/2023\/02\/Forest_Stewardship_Council_logo-768x920.png 768w, https:\/\/konkret.store\/app\/uploads\/2023\/02\/Forest_Stewardship_Council_logo-610x730.png 610w, https:\/\/konkret.store\/app\/uploads\/2023\/02\/Forest_Stewardship_Council_logo-64x77.png 64w, https:\/\/konkret.store\/app\/uploads\/2023\/02\/Forest_Stewardship_Council_logo.png 1200w\" sizes=\"auto, (max-width: 32px) 100vw, 32px\" \/><\/a><\/p>\n<hr \/>\n<p>Sind Sie sich nicht sicher, welche Farbe Sie w\u00e4hlen sollen? Bestellen Sie <strong><a href=\"https:\/\/konkret.store\/de\/produkt\/eichenholzproben-9-farben\/\">sie hier<\/a><\/strong>, um Farbproben zu erhalten.<\/p>\n","protected":false},"featured_media":25168,"comment_status":"closed","ping_status":"closed","template":"","meta":{"_acf_changed":true},"product_brand":[],"product_cat":[271],"product_tag":[],"class_list":{"0":"post-25159","1":"product","2":"type-product","3":"status-publish","4":"has-post-thumbnail","6":"product_cat-unsere-konkrete","8":"first","9":"onbackorder","10":"downloadable","11":"taxable","12":"shipping-taxable","13":"purchasable","14":"product-type-simple"},"exclude_global_add_ons":false,"addons":[{"name":"Holzfarbe","type":"multiple_choice","position":0,"required":true,"title_format":"label","default":"","description_enable":true,"description":"Jede Farbe auf dem M\u00f6belst\u00fcck ist mit Lack \u00fcberzogen, was bedeutet, dass es keine Wartung erfordert. Der Lack bietet einen soliden Schutz und minimiert den Bedarf an regelm\u00e4\u00dfiger Pflege, sodass das M\u00f6belst\u00fcck sein sch\u00f6nes Aussehen ohne zus\u00e4tzlichen Aufwand bewahren kann.\r\nHergestellt aus massivem Eichenholz oder Walnuss.","placeholder_enable":false,"placeholder":"","display":"patterns","restrictions_type":"any_text","adjust_price":false,"price":"","price_type":"flat_fee","restrictions":false,"min":"0","max":"0","options":[{"label":"24030","price":"","price_type":"quantity_based","image":0,"visibility":true},{"label":"24026","price":"45","price_type":"percentage_based","image":0,"visibility":true}],"id":1744150679},{"name":"Kudde variant","type":"multiple_choice","position":0,"required":true,"title_format":"label","default":"","description_enable":false,"description":"","placeholder_enable":false,"placeholder":"","display":"select","restrictions_type":"any_text","adjust_price":false,"price":"","price_type":"flat_fee","restrictions":false,"min":"0","max":"0","options":[{"label":"Kuba","price":"","price_type":"quantity_based","image":0,"visibility":true},{"label":"Haiti","price":"","price_type":"quantity_based","image":0,"visibility":true},{"label":"Barbados","price":"","price_type":"quantity_based","image":0,"visibility":true},{"label":"Aruba","price":"","price_type":"quantity_based","image":0,"visibility":true}]}],"acf":[],"yoast_head":"<!-- This site is optimized with the Yoast SEO plugin v26.8 - https:\/\/yoast.com\/product\/yoast-seo-wordpress\/ -->\n<title>Abgerundetes anrichte BETA \u2013 Massivholz Eiche - konkret.store<\/title>\n<meta name=\"description\" content=\"Das Sideboard Beta von konkret.store besticht durch seine sanft geschwungene Silhouette und seine nat\u00fcrliche Ausstrahlung mit wundersch\u00f6nen Details.Dieses elegante M\u00f6belst\u00fcck mit seinen gebogenen T\u00fcren bietet vielseitigen Stauraum und f\u00fcgt sich harmonisch sowohl ins Schlafzimmer als auch ins Wohnzimmer ein.\" \/>\n<meta name=\"robots\" content=\"index, follow, max-snippet:-1, max-image-preview:large, max-video-preview:-1\" \/>\n<link rel=\"canonical\" href=\"https:\/\/konkret.store\/de\/produkt\/abgerundetes-anrichte-beta-massivholz-eiche\/\" \/>\n<meta property=\"og:locale\" content=\"de_DE\" \/>\n<meta property=\"og:type\" content=\"article\" \/>\n<meta property=\"og:title\" content=\"Abgerundetes anrichte BETA \u2013 Massivholz Eiche - konkret.store\" \/>\n<meta property=\"og:description\" content=\"Das Sideboard Beta von konkret.store besticht durch seine sanft geschwungene Silhouette und seine nat\u00fcrliche Ausstrahlung mit wundersch\u00f6nen Details.Dieses elegante M\u00f6belst\u00fcck mit seinen gebogenen T\u00fcren bietet vielseitigen Stauraum und f\u00fcgt sich harmonisch sowohl ins Schlafzimmer als auch ins Wohnzimmer ein.\" \/>\n<meta property=\"og:url\" content=\"https:\/\/konkret.store\/de\/produkt\/abgerundetes-anrichte-beta-massivholz-eiche\/\" \/>\n<meta property=\"og:site_name\" content=\"konkret.store\" \/>\n<meta property=\"article:publisher\" content=\"https:\/\/facebook.com\/konkret.store\/\" \/>\n<meta property=\"article:modified_time\" content=\"2025-11-02T20:22:02+00:00\" \/>\n<meta property=\"og:image\" content=\"https:\/\/konkret.store\/app\/uploads\/2025\/10\/beta.png\" \/>\n\t<meta property=\"og:image:width\" content=\"1200\" \/>\n\t<meta property=\"og:image:height\" content=\"1200\" \/>\n\t<meta property=\"og:image:type\" content=\"image\/png\" \/>\n<meta name=\"twitter:card\" content=\"summary_large_image\" \/>\n<meta name=\"twitter:label1\" content=\"Est. reading time\" \/>\n\t<meta name=\"twitter:data1\" content=\"1 minute\" \/>\n<script type=\"application\/ld+json\" class=\"yoast-schema-graph\">{\"@context\":\"https:\/\/schema.org\",\"@graph\":[{\"@type\":\"WebPage\",\"@id\":\"https:\/\/konkret.store\/de\/produkt\/abgerundetes-anrichte-beta-massivholz-eiche\/\",\"url\":\"https:\/\/konkret.store\/de\/produkt\/abgerundetes-anrichte-beta-massivholz-eiche\/\",\"name\":\"Abgerundetes anrichte BETA \u2013 Massivholz Eiche - konkret.store\",\"isPartOf\":{\"@id\":\"https:\/\/konkret.store\/de\/#website\"},\"primaryImageOfPage\":{\"@id\":\"https:\/\/konkret.store\/de\/produkt\/abgerundetes-anrichte-beta-massivholz-eiche\/#primaryimage\"},\"image\":{\"@id\":\"https:\/\/konkret.store\/de\/produkt\/abgerundetes-anrichte-beta-massivholz-eiche\/#primaryimage\"},\"thumbnailUrl\":\"https:\/\/konkret.store\/app\/uploads\/2025\/10\/beta.png\",\"datePublished\":\"2025-10-31T22:54:39+00:00\",\"dateModified\":\"2025-11-02T20:22:02+00:00\",\"description\":\"Das Sideboard Beta von konkret.store besticht durch seine sanft geschwungene Silhouette und seine nat\u00fcrliche Ausstrahlung mit wundersch\u00f6nen Details.Dieses elegante M\u00f6belst\u00fcck mit seinen gebogenen T\u00fcren bietet vielseitigen Stauraum und f\u00fcgt sich harmonisch sowohl ins Schlafzimmer als auch ins Wohnzimmer ein.\",\"breadcrumb\":{\"@id\":\"https:\/\/konkret.store\/de\/produkt\/abgerundetes-anrichte-beta-massivholz-eiche\/#breadcrumb\"},\"inLanguage\":\"de-DE\",\"potentialAction\":[{\"@type\":\"ReadAction\",\"target\":[\"https:\/\/konkret.store\/de\/produkt\/abgerundetes-anrichte-beta-massivholz-eiche\/\"]}]},{\"@type\":\"ImageObject\",\"inLanguage\":\"de-DE\",\"@id\":\"https:\/\/konkret.store\/de\/produkt\/abgerundetes-anrichte-beta-massivholz-eiche\/#primaryimage\",\"url\":\"https:\/\/konkret.store\/app\/uploads\/2025\/10\/beta.png\",\"contentUrl\":\"https:\/\/konkret.store\/app\/uploads\/2025\/10\/beta.png\",\"width\":1200,\"height\":1200},{\"@type\":\"BreadcrumbList\",\"@id\":\"https:\/\/konkret.store\/de\/produkt\/abgerundetes-anrichte-beta-massivholz-eiche\/#breadcrumb\",\"itemListElement\":[{\"@type\":\"ListItem\",\"position\":1,\"name\":\"Strona g\u0142\u00f3wna\",\"item\":\"https:\/\/konkret.store\/de\/\"},{\"@type\":\"ListItem\",\"position\":2,\"name\":\"Gesch\u00e4ft\",\"item\":\"https:\/\/konkret.store\/de\/geschaeft\/\"},{\"@type\":\"ListItem\",\"position\":3,\"name\":\"Abgerundetes anrichte BETA \u2013 Massivholz Eiche\"}]},{\"@type\":\"WebSite\",\"@id\":\"https:\/\/konkret.store\/de\/#website\",\"url\":\"https:\/\/konkret.store\/de\/\",\"name\":\"konkret.store\",\"description\":\"Tylko konkrety\",\"potentialAction\":[{\"@type\":\"SearchAction\",\"target\":{\"@type\":\"EntryPoint\",\"urlTemplate\":\"https:\/\/konkret.store\/de\/?s={search_term_string}\"},\"query-input\":{\"@type\":\"PropertyValueSpecification\",\"valueRequired\":true,\"valueName\":\"search_term_string\"}}],\"inLanguage\":\"de-DE\"}]}<\/script>\n<!-- \/ Yoast SEO plugin. -->","yoast_head_json":{"title":"Abgerundetes anrichte BETA \u2013 Massivholz Eiche - konkret.store","description":"Das Sideboard Beta von konkret.store besticht durch seine sanft geschwungene Silhouette und seine nat\u00fcrliche Ausstrahlung mit wundersch\u00f6nen Details.Dieses elegante M\u00f6belst\u00fcck mit seinen gebogenen T\u00fcren bietet vielseitigen Stauraum und f\u00fcgt sich harmonisch sowohl ins Schlafzimmer als auch ins Wohnzimmer ein.","robots":{"index":"index","follow":"follow","max-snippet":"max-snippet:-1","max-image-preview":"max-image-preview:large","max-video-preview":"max-video-preview:-1"},"canonical":"https:\/\/konkret.store\/de\/produkt\/abgerundetes-anrichte-beta-massivholz-eiche\/","og_locale":"de_DE","og_type":"article","og_title":"Abgerundetes anrichte BETA \u2013 Massivholz Eiche - konkret.store","og_description":"Das Sideboard Beta von konkret.store besticht durch seine sanft geschwungene Silhouette und seine nat\u00fcrliche Ausstrahlung mit wundersch\u00f6nen Details.Dieses elegante M\u00f6belst\u00fcck mit seinen gebogenen T\u00fcren bietet vielseitigen Stauraum und f\u00fcgt sich harmonisch sowohl ins Schlafzimmer als auch ins Wohnzimmer ein.","og_url":"https:\/\/konkret.store\/de\/produkt\/abgerundetes-anrichte-beta-massivholz-eiche\/","og_site_name":"konkret.store","article_publisher":"https:\/\/facebook.com\/konkret.store\/","article_modified_time":"2025-11-02T20:22:02+00:00","og_image":[{"width":1200,"height":1200,"url":"https:\/\/konkret.store\/app\/uploads\/2025\/10\/beta.png","type":"image\/png"}],"twitter_card":"summary_large_image","twitter_misc":{"Est. reading time":"1 minute"},"schema":{"@context":"https:\/\/schema.org","@graph":[{"@type":"WebPage","@id":"https:\/\/konkret.store\/de\/produkt\/abgerundetes-anrichte-beta-massivholz-eiche\/","url":"https:\/\/konkret.store\/de\/produkt\/abgerundetes-anrichte-beta-massivholz-eiche\/","name":"Abgerundetes anrichte BETA \u2013 Massivholz Eiche - konkret.store","isPartOf":{"@id":"https:\/\/konkret.store\/de\/#website"},"primaryImageOfPage":{"@id":"https:\/\/konkret.store\/de\/produkt\/abgerundetes-anrichte-beta-massivholz-eiche\/#primaryimage"},"image":{"@id":"https:\/\/konkret.store\/de\/produkt\/abgerundetes-anrichte-beta-massivholz-eiche\/#primaryimage"},"thumbnailUrl":"https:\/\/konkret.store\/app\/uploads\/2025\/10\/beta.png","datePublished":"2025-10-31T22:54:39+00:00","dateModified":"2025-11-02T20:22:02+00:00","description":"Das Sideboard Beta von konkret.store besticht durch seine sanft geschwungene Silhouette und seine nat\u00fcrliche Ausstrahlung mit wundersch\u00f6nen Details.Dieses elegante M\u00f6belst\u00fcck mit seinen gebogenen T\u00fcren bietet vielseitigen Stauraum und f\u00fcgt sich harmonisch sowohl ins Schlafzimmer als auch ins Wohnzimmer ein.","breadcrumb":{"@id":"https:\/\/konkret.store\/de\/produkt\/abgerundetes-anrichte-beta-massivholz-eiche\/#breadcrumb"},"inLanguage":"de-DE","potentialAction":[{"@type":"ReadAction","target":["https:\/\/konkret.store\/de\/produkt\/abgerundetes-anrichte-beta-massivholz-eiche\/"]}]},{"@type":"ImageObject","inLanguage":"de-DE","@id":"https:\/\/konkret.store\/de\/produkt\/abgerundetes-anrichte-beta-massivholz-eiche\/#primaryimage","url":"https:\/\/konkret.store\/app\/uploads\/2025\/10\/beta.png","contentUrl":"https:\/\/konkret.store\/app\/uploads\/2025\/10\/beta.png","width":1200,"height":1200},{"@type":"BreadcrumbList","@id":"https:\/\/konkret.store\/de\/produkt\/abgerundetes-anrichte-beta-massivholz-eiche\/#breadcrumb","itemListElement":[{"@type":"ListItem","position":1,"name":"Strona g\u0142\u00f3wna","item":"https:\/\/konkret.store\/de\/"},{"@type":"ListItem","position":2,"name":"Gesch\u00e4ft","item":"https:\/\/konkret.store\/de\/geschaeft\/"},{"@type":"ListItem","position":3,"name":"Abgerundetes anrichte BETA \u2013 Massivholz Eiche"}]},{"@type":"WebSite","@id":"https:\/\/konkret.store\/de\/#website","url":"https:\/\/konkret.store\/de\/","name":"konkret.store","description":"Tylko konkrety","potentialAction":[{"@type":"SearchAction","target":{"@type":"EntryPoint","urlTemplate":"https:\/\/konkret.store\/de\/?s={search_term_string}"},"query-input":{"@type":"PropertyValueSpecification","valueRequired":true,"valueName":"search_term_string"}}],"inLanguage":"de-DE"}]}},"_links":{"self":[{"href":"https:\/\/konkret.store\/de\/wp-json\/wp\/v2\/product\/25159","targetHints":{"allow":["GET"]}}],"collection":[{"href":"https:\/\/konkret.store\/de\/wp-json\/wp\/v2\/product"}],"about":[{"href":"https:\/\/konkret.store\/de\/wp-json\/wp\/v2\/types\/product"}],"replies":[{"embeddable":true,"href":"https:\/\/konkret.store\/de\/wp-json\/wp\/v2\/comments?post=25159"}],"wp:featuredmedia":[{"embeddable":true,"href":"https:\/\/konkret.store\/de\/wp-json\/wp\/v2\/media\/25168"}],"wp:attachment":[{"href":"https:\/\/konkret.store\/de\/wp-json\/wp\/v2\/media?parent=25159"}],"wp:term":[{"taxonomy":"product_brand","embeddable":true,"href":"https:\/\/konkret.store\/de\/wp-json\/wp\/v2\/product_brand?post=25159"},{"taxonomy":"product_cat","embeddable":true,"href":"https:\/\/konkret.store\/de\/wp-json\/wp\/v2\/product_cat?post=25159"},{"taxonomy":"product_tag","embeddable":true,"href":"https:\/\/konkret.store\/de\/wp-json\/wp\/v2\/product_tag?post=25159"}],"curies":[{"name":"wp","href":"https:\/\/api.w.org\/{rel}","templated":true}]}}