{"id":25375,"date":"2025-11-30T22:07:23","date_gmt":"2025-11-30T21:07:23","guid":{"rendered":"https:\/\/konkret.store\/?post_type=product&#038;p=25375"},"modified":"2025-12-01T13:41:10","modified_gmt":"2025-12-01T12:41:10","slug":"hangeschrank-moon-ii-massivholz-eiche","status":"publish","type":"product","link":"https:\/\/konkret.store\/de\/produkt\/hangeschrank-moon-ii-massivholz-eiche\/","title":{"rendered":"H\u00e4ngeschrank MOON II \u2013 Massivholz Eiche"},"content":{"rendered":"<section class=\"image-text\">\n  <div class=\"container\">\n    <div class=\"row align-items-center\">\n      <div class=\"col-lg-6  image-text--left\">\n        <div class=\"image-text__image\">\n          <img loading=\"lazy\" decoding=\"async\" width=\"495\" height=\"828\" src=\"https:\/\/konkret.store\/app\/uploads\/2025\/11\/moon-svart.jpg\" class=\"attachment-full size-full\" alt=\"\" srcset=\"https:\/\/konkret.store\/app\/uploads\/2025\/11\/moon-svart.jpg 495w, https:\/\/konkret.store\/app\/uploads\/2025\/11\/moon-svart-179x300.jpg 179w\" sizes=\"auto, (max-width: 495px) 100vw, 495px\" \/>        <\/div>\n      <\/div>\n      <div class=\"col-lg-5  offset-lg-1 \">\n                <h2>Wir k\u00fcmmern uns um die Details!<\/h2>\n        <div class=\"image-text__text\">\n          <p>H\u00e4ngeschrank aus unserer modernen M\u00f6belserie \u201eMoon\u201c, gefertigt aus massivem Eichenholz.<\/p>\n<p>\u25b8 \u00a0Design und Verarbeitung von h\u00f6chster Qualit\u00e4t<\/p>\n<p>\u25b8 \u00a0Exklusivit\u00e4t und zeitlose Eleganz<\/p>\n        <\/div>\n              <\/div>\n    <\/div>\n  <\/div>\n<\/section>\n","protected":false},"excerpt":{"rendered":"<p>Regal aus unserer modernen M\u00f6belserie \u201eMoon\u201c, gefertigt aus massivem Eichenholz. Die Serie \u201eMoon\u201c zeichnet sich durch ein raffiniertes und elegantes Design aus, das sowohl in klassischen als auch in modernen Interieurs hervorragend zur Geltung kommt \u2013 und sich m\u00fchelos an Ihren pers\u00f6nlichen Stil anpasst.<\/p>\n<p>Der Schrank ist mit t\u00fcren ausgestattet und bietet praktischen Stauraum.<\/p>\n<p>Hergestellt aus FSC-zertifiziertem Holz\u00a0<a href=\"https:\/\/pl.fsc.org\/pl-pl\/sprawdz-i-znajdz-certyfikat\"><img loading=\"lazy\" decoding=\"async\" class=\"alignnone wp-image-11268 lazyloaded\" src=\"https:\/\/konkret.store\/app\/uploads\/2023\/02\/Forest_Stewardship_Council_logo-251x300.png\" alt=\"\" width=\"32\" height=\"38\" data-src=\"https:\/\/konkret.store\/app\/uploads\/2023\/02\/Forest_Stewardship_Council_logo-251x300.png\" srcset=\"https:\/\/konkret.store\/app\/uploads\/2023\/02\/Forest_Stewardship_Council_logo-251x300.png 251w, https:\/\/konkret.store\/app\/uploads\/2023\/02\/Forest_Stewardship_Council_logo-855x1024.png 855w, https:\/\/konkret.store\/app\/uploads\/2023\/02\/Forest_Stewardship_Council_logo-768x920.png 768w, https:\/\/konkret.store\/app\/uploads\/2023\/02\/Forest_Stewardship_Council_logo-610x730.png 610w, https:\/\/konkret.store\/app\/uploads\/2023\/02\/Forest_Stewardship_Council_logo-64x77.png 64w, https:\/\/konkret.store\/app\/uploads\/2023\/02\/Forest_Stewardship_Council_logo.png 1200w\" sizes=\"auto, (max-width: 32px) 100vw, 32px\" \/><\/a><\/p>\n<hr \/>\n<p>Sind Sie sich nicht sicher, welche Farbe Sie w\u00e4hlen sollen? Bestellen Sie <strong><a href=\"https:\/\/konkret.store\/de\/produkt\/eichenholzproben-9-farben\/\">sie hier<\/a><\/strong>, um Farbproben zu erhalten.<\/p>\n","protected":false},"featured_media":25391,"comment_status":"closed","ping_status":"closed","template":"","meta":{"_acf_changed":true},"product_brand":[],"product_cat":[271],"product_tag":[],"class_list":{"0":"post-25375","1":"product","2":"type-product","3":"status-publish","4":"has-post-thumbnail","6":"product_cat-unsere-konkrete","8":"first","9":"onbackorder","10":"taxable","11":"shipping-taxable","12":"purchasable","13":"product-type-simple"},"exclude_global_add_ons":false,"addons":[{"name":"H\u00f6he","type":"multiple_choice","position":0,"required":true,"title_format":"label","default":"","description_enable":false,"description":"","placeholder_enable":false,"placeholder":"","display":"select","restrictions_type":"any_text","adjust_price":false,"price":"","price_type":"flat_fee","restrictions":false,"min":"0","max":"0","options":[{"label":"160cm","price":"","price_type":"quantity_based","image":0,"visibility":true},{"label":"180cm","price":"400","price_type":"quantity_based","image":0,"visibility":true},{"label":"200cm","price":"800","price_type":"quantity_based","image":0,"visibility":true}],"id":1744752887},{"name":"Breite","type":"multiple_choice","position":1,"required":true,"title_format":"label","default":"","description_enable":false,"description":"","placeholder_enable":false,"placeholder":"","display":"select","restrictions_type":"any_text","adjust_price":false,"price":"","price_type":"flat_fee","restrictions":false,"min":"0","max":"0","options":[{"label":"30cm","price":"","price_type":"quantity_based","image":0,"visibility":true},{"label":"35cm","price":"500","price_type":"quantity_based","image":0,"visibility":true}],"id":1744752888},{"name":"Tiefe","type":"multiple_choice","position":2,"required":true,"title_format":"label","default":"","description_enable":false,"description":"","placeholder_enable":false,"placeholder":"","display":"select","restrictions_type":"any_text","adjust_price":false,"price":"","price_type":"flat_fee","restrictions":false,"min":"0","max":"0","options":[{"label":"30cm","price":"","price_type":"quantity_based","image":0,"visibility":true},{"label":"35cm","price":"300","price_type":"quantity_based","image":0,"visibility":true}],"id":1744752889},{"name":"Holzfarbe","type":"multiple_choice","position":3,"required":true,"title_format":"label","default":"","description_enable":true,"description":"Jede Farbe auf dem M\u00f6belst\u00fcck ist mit Lack \u00fcberzogen, was bedeutet, dass es keine Wartung erfordert. Der Lack bietet einen soliden Schutz und minimiert den Bedarf an regelm\u00e4\u00dfiger Pflege, sodass das M\u00f6belst\u00fcck sein sch\u00f6nes Aussehen ohne zus\u00e4tzlichen Aufwand bewahren kann.\r\nHergestellt aus massivem Eichenholz oder Walnuss.","placeholder_enable":false,"placeholder":"","display":"patterns","restrictions_type":"any_text","adjust_price":false,"price":"","price_type":"flat_fee","restrictions":false,"min":"0","max":"0","options":[{"label":"24030","price":"","price_type":"quantity_based","image":0,"visibility":true},{"label":"24026","price":"45","price_type":"percentage_based","image":0,"visibility":true}],"id":1744752890},{"name":"Kudde variant","type":"multiple_choice","position":0,"required":true,"title_format":"label","default":"","description_enable":false,"description":"","placeholder_enable":false,"placeholder":"","display":"select","restrictions_type":"any_text","adjust_price":false,"price":"","price_type":"flat_fee","restrictions":false,"min":"0","max":"0","options":[{"label":"Kuba","price":"","price_type":"quantity_based","image":0,"visibility":true},{"label":"Haiti","price":"","price_type":"quantity_based","image":0,"visibility":true},{"label":"Barbados","price":"","price_type":"quantity_based","image":0,"visibility":true},{"label":"Aruba","price":"","price_type":"quantity_based","image":0,"visibility":true}]}],"acf":[],"yoast_head":"<!-- This site is optimized with the Yoast SEO plugin v26.8 - https:\/\/yoast.com\/product\/yoast-seo-wordpress\/ -->\n<title>H\u00e4ngeschrank MOON II \u2013 Massivholz Eiche - konkret.store<\/title>\n<meta name=\"description\" content=\"Regal aus unserer modernen M\u00f6belserie \u201eMoon, gefertigt aus massivem Eichenholz.Die Serie \u201eMoon\u201c zeichnet sich durch ein raffiniertes und elegantes Design aus, das sowohl in klassischen als auch in modernen Innenr\u00e4umen perfekt zur Geltung kommt \u2013 und sich m\u00fchelos an Ihren pers\u00f6nlichen Stil anpasst.\" \/>\n<meta name=\"robots\" content=\"index, follow, max-snippet:-1, max-image-preview:large, max-video-preview:-1\" \/>\n<link rel=\"canonical\" href=\"https:\/\/konkret.store\/de\/produkt\/hangeschrank-moon-ii-massivholz-eiche\/\" \/>\n<meta property=\"og:locale\" content=\"de_DE\" \/>\n<meta property=\"og:type\" content=\"article\" \/>\n<meta property=\"og:title\" content=\"H\u00e4ngeschrank MOON II \u2013 Massivholz Eiche - konkret.store\" \/>\n<meta property=\"og:description\" content=\"Regal aus unserer modernen M\u00f6belserie \u201eMoon, gefertigt aus massivem Eichenholz.Die Serie \u201eMoon\u201c zeichnet sich durch ein raffiniertes und elegantes Design aus, das sowohl in klassischen als auch in modernen Innenr\u00e4umen perfekt zur Geltung kommt \u2013 und sich m\u00fchelos an Ihren pers\u00f6nlichen Stil anpasst.\" \/>\n<meta property=\"og:url\" content=\"https:\/\/konkret.store\/de\/produkt\/hangeschrank-moon-ii-massivholz-eiche\/\" \/>\n<meta property=\"og:site_name\" content=\"konkret.store\" \/>\n<meta property=\"article:publisher\" content=\"https:\/\/facebook.com\/konkret.store\/\" \/>\n<meta property=\"article:modified_time\" content=\"2025-12-01T12:41:10+00:00\" \/>\n<meta property=\"og:image\" content=\"https:\/\/konkret.store\/app\/uploads\/2025\/11\/gavl-2.png\" \/>\n\t<meta property=\"og:image:width\" content=\"1200\" \/>\n\t<meta property=\"og:image:height\" content=\"1200\" \/>\n\t<meta property=\"og:image:type\" content=\"image\/png\" \/>\n<meta name=\"twitter:card\" content=\"summary_large_image\" \/>\n<meta name=\"twitter:label1\" content=\"Est. reading time\" \/>\n\t<meta name=\"twitter:data1\" content=\"1 minute\" \/>\n<script type=\"application\/ld+json\" class=\"yoast-schema-graph\">{\"@context\":\"https:\/\/schema.org\",\"@graph\":[{\"@type\":\"WebPage\",\"@id\":\"https:\/\/konkret.store\/de\/produkt\/hangeschrank-moon-ii-massivholz-eiche\/\",\"url\":\"https:\/\/konkret.store\/de\/produkt\/hangeschrank-moon-ii-massivholz-eiche\/\",\"name\":\"H\u00e4ngeschrank MOON II \u2013 Massivholz Eiche - konkret.store\",\"isPartOf\":{\"@id\":\"https:\/\/konkret.store\/de\/#website\"},\"primaryImageOfPage\":{\"@id\":\"https:\/\/konkret.store\/de\/produkt\/hangeschrank-moon-ii-massivholz-eiche\/#primaryimage\"},\"image\":{\"@id\":\"https:\/\/konkret.store\/de\/produkt\/hangeschrank-moon-ii-massivholz-eiche\/#primaryimage\"},\"thumbnailUrl\":\"https:\/\/konkret.store\/app\/uploads\/2025\/11\/gavl-2.png\",\"datePublished\":\"2025-11-30T21:07:23+00:00\",\"dateModified\":\"2025-12-01T12:41:10+00:00\",\"description\":\"Regal aus unserer modernen M\u00f6belserie \u201eMoon, gefertigt aus massivem Eichenholz.Die Serie \u201eMoon\u201c zeichnet sich durch ein raffiniertes und elegantes Design aus, das sowohl in klassischen als auch in modernen Innenr\u00e4umen perfekt zur Geltung kommt \u2013 und sich m\u00fchelos an Ihren pers\u00f6nlichen Stil anpasst.\",\"breadcrumb\":{\"@id\":\"https:\/\/konkret.store\/de\/produkt\/hangeschrank-moon-ii-massivholz-eiche\/#breadcrumb\"},\"inLanguage\":\"de-DE\",\"potentialAction\":[{\"@type\":\"ReadAction\",\"target\":[\"https:\/\/konkret.store\/de\/produkt\/hangeschrank-moon-ii-massivholz-eiche\/\"]}]},{\"@type\":\"ImageObject\",\"inLanguage\":\"de-DE\",\"@id\":\"https:\/\/konkret.store\/de\/produkt\/hangeschrank-moon-ii-massivholz-eiche\/#primaryimage\",\"url\":\"https:\/\/konkret.store\/app\/uploads\/2025\/11\/gavl-2.png\",\"contentUrl\":\"https:\/\/konkret.store\/app\/uploads\/2025\/11\/gavl-2.png\",\"width\":1200,\"height\":1200},{\"@type\":\"BreadcrumbList\",\"@id\":\"https:\/\/konkret.store\/de\/produkt\/hangeschrank-moon-ii-massivholz-eiche\/#breadcrumb\",\"itemListElement\":[{\"@type\":\"ListItem\",\"position\":1,\"name\":\"Strona g\u0142\u00f3wna\",\"item\":\"https:\/\/konkret.store\/de\/\"},{\"@type\":\"ListItem\",\"position\":2,\"name\":\"Gesch\u00e4ft\",\"item\":\"https:\/\/konkret.store\/de\/geschaeft\/\"},{\"@type\":\"ListItem\",\"position\":3,\"name\":\"H\u00e4ngeschrank MOON II \u2013 Massivholz Eiche\"}]},{\"@type\":\"WebSite\",\"@id\":\"https:\/\/konkret.store\/de\/#website\",\"url\":\"https:\/\/konkret.store\/de\/\",\"name\":\"konkret.store\",\"description\":\"Tylko konkrety\",\"potentialAction\":[{\"@type\":\"SearchAction\",\"target\":{\"@type\":\"EntryPoint\",\"urlTemplate\":\"https:\/\/konkret.store\/de\/?s={search_term_string}\"},\"query-input\":{\"@type\":\"PropertyValueSpecification\",\"valueRequired\":true,\"valueName\":\"search_term_string\"}}],\"inLanguage\":\"de-DE\"}]}<\/script>\n<!-- \/ Yoast SEO plugin. -->","yoast_head_json":{"title":"H\u00e4ngeschrank MOON II \u2013 Massivholz Eiche - konkret.store","description":"Regal aus unserer modernen M\u00f6belserie \u201eMoon, gefertigt aus massivem Eichenholz.Die Serie \u201eMoon\u201c zeichnet sich durch ein raffiniertes und elegantes Design aus, das sowohl in klassischen als auch in modernen Innenr\u00e4umen perfekt zur Geltung kommt \u2013 und sich m\u00fchelos an Ihren pers\u00f6nlichen Stil anpasst.","robots":{"index":"index","follow":"follow","max-snippet":"max-snippet:-1","max-image-preview":"max-image-preview:large","max-video-preview":"max-video-preview:-1"},"canonical":"https:\/\/konkret.store\/de\/produkt\/hangeschrank-moon-ii-massivholz-eiche\/","og_locale":"de_DE","og_type":"article","og_title":"H\u00e4ngeschrank MOON II \u2013 Massivholz Eiche - konkret.store","og_description":"Regal aus unserer modernen M\u00f6belserie \u201eMoon, gefertigt aus massivem Eichenholz.Die Serie \u201eMoon\u201c zeichnet sich durch ein raffiniertes und elegantes Design aus, das sowohl in klassischen als auch in modernen Innenr\u00e4umen perfekt zur Geltung kommt \u2013 und sich m\u00fchelos an Ihren pers\u00f6nlichen Stil anpasst.","og_url":"https:\/\/konkret.store\/de\/produkt\/hangeschrank-moon-ii-massivholz-eiche\/","og_site_name":"konkret.store","article_publisher":"https:\/\/facebook.com\/konkret.store\/","article_modified_time":"2025-12-01T12:41:10+00:00","og_image":[{"width":1200,"height":1200,"url":"https:\/\/konkret.store\/app\/uploads\/2025\/11\/gavl-2.png","type":"image\/png"}],"twitter_card":"summary_large_image","twitter_misc":{"Est. reading time":"1 minute"},"schema":{"@context":"https:\/\/schema.org","@graph":[{"@type":"WebPage","@id":"https:\/\/konkret.store\/de\/produkt\/hangeschrank-moon-ii-massivholz-eiche\/","url":"https:\/\/konkret.store\/de\/produkt\/hangeschrank-moon-ii-massivholz-eiche\/","name":"H\u00e4ngeschrank MOON II \u2013 Massivholz Eiche - konkret.store","isPartOf":{"@id":"https:\/\/konkret.store\/de\/#website"},"primaryImageOfPage":{"@id":"https:\/\/konkret.store\/de\/produkt\/hangeschrank-moon-ii-massivholz-eiche\/#primaryimage"},"image":{"@id":"https:\/\/konkret.store\/de\/produkt\/hangeschrank-moon-ii-massivholz-eiche\/#primaryimage"},"thumbnailUrl":"https:\/\/konkret.store\/app\/uploads\/2025\/11\/gavl-2.png","datePublished":"2025-11-30T21:07:23+00:00","dateModified":"2025-12-01T12:41:10+00:00","description":"Regal aus unserer modernen M\u00f6belserie \u201eMoon, gefertigt aus massivem Eichenholz.Die Serie \u201eMoon\u201c zeichnet sich durch ein raffiniertes und elegantes Design aus, das sowohl in klassischen als auch in modernen Innenr\u00e4umen perfekt zur Geltung kommt \u2013 und sich m\u00fchelos an Ihren pers\u00f6nlichen Stil anpasst.","breadcrumb":{"@id":"https:\/\/konkret.store\/de\/produkt\/hangeschrank-moon-ii-massivholz-eiche\/#breadcrumb"},"inLanguage":"de-DE","potentialAction":[{"@type":"ReadAction","target":["https:\/\/konkret.store\/de\/produkt\/hangeschrank-moon-ii-massivholz-eiche\/"]}]},{"@type":"ImageObject","inLanguage":"de-DE","@id":"https:\/\/konkret.store\/de\/produkt\/hangeschrank-moon-ii-massivholz-eiche\/#primaryimage","url":"https:\/\/konkret.store\/app\/uploads\/2025\/11\/gavl-2.png","contentUrl":"https:\/\/konkret.store\/app\/uploads\/2025\/11\/gavl-2.png","width":1200,"height":1200},{"@type":"BreadcrumbList","@id":"https:\/\/konkret.store\/de\/produkt\/hangeschrank-moon-ii-massivholz-eiche\/#breadcrumb","itemListElement":[{"@type":"ListItem","position":1,"name":"Strona g\u0142\u00f3wna","item":"https:\/\/konkret.store\/de\/"},{"@type":"ListItem","position":2,"name":"Gesch\u00e4ft","item":"https:\/\/konkret.store\/de\/geschaeft\/"},{"@type":"ListItem","position":3,"name":"H\u00e4ngeschrank MOON II \u2013 Massivholz Eiche"}]},{"@type":"WebSite","@id":"https:\/\/konkret.store\/de\/#website","url":"https:\/\/konkret.store\/de\/","name":"konkret.store","description":"Tylko konkrety","potentialAction":[{"@type":"SearchAction","target":{"@type":"EntryPoint","urlTemplate":"https:\/\/konkret.store\/de\/?s={search_term_string}"},"query-input":{"@type":"PropertyValueSpecification","valueRequired":true,"valueName":"search_term_string"}}],"inLanguage":"de-DE"}]}},"_links":{"self":[{"href":"https:\/\/konkret.store\/de\/wp-json\/wp\/v2\/product\/25375","targetHints":{"allow":["GET"]}}],"collection":[{"href":"https:\/\/konkret.store\/de\/wp-json\/wp\/v2\/product"}],"about":[{"href":"https:\/\/konkret.store\/de\/wp-json\/wp\/v2\/types\/product"}],"replies":[{"embeddable":true,"href":"https:\/\/konkret.store\/de\/wp-json\/wp\/v2\/comments?post=25375"}],"wp:featuredmedia":[{"embeddable":true,"href":"https:\/\/konkret.store\/de\/wp-json\/wp\/v2\/media\/25391"}],"wp:attachment":[{"href":"https:\/\/konkret.store\/de\/wp-json\/wp\/v2\/media?parent=25375"}],"wp:term":[{"taxonomy":"product_brand","embeddable":true,"href":"https:\/\/konkret.store\/de\/wp-json\/wp\/v2\/product_brand?post=25375"},{"taxonomy":"product_cat","embeddable":true,"href":"https:\/\/konkret.store\/de\/wp-json\/wp\/v2\/product_cat?post=25375"},{"taxonomy":"product_tag","embeddable":true,"href":"https:\/\/konkret.store\/de\/wp-json\/wp\/v2\/product_tag?post=25375"}],"curies":[{"name":"wp","href":"https:\/\/api.w.org\/{rel}","templated":true}]}}