{"id":25698,"date":"2026-05-06T21:12:46","date_gmt":"2026-05-06T20:12:46","guid":{"rendered":"https:\/\/konkret.store\/?post_type=product&#038;p=25698"},"modified":"2026-05-08T10:27:37","modified_gmt":"2026-05-08T09:27:37","slug":"runder-ausziehtisch-ida-massivholz-eiche","status":"publish","type":"product","link":"https:\/\/konkret.store\/de\/produkt\/runder-ausziehtisch-ida-massivholz-eiche\/","title":{"rendered":"Runder Ausziehtisch IDA &#8211; Massivholz Eiche"},"content":{"rendered":"<section class=\"image-text\">\n  <div class=\"container\">\n    <div class=\"row align-items-center\">\n      <div class=\"col-lg-6  offset-lg-1  image-text--right\">\n        <div class=\"image-text__image\">\n          <img loading=\"lazy\" decoding=\"async\" width=\"1280\" height=\"853\" src=\"https:\/\/konkret.store\/app\/uploads\/2026\/05\/Stol_Ida_Owal.jpeg\" class=\"attachment-full size-full\" alt=\"\" srcset=\"https:\/\/konkret.store\/app\/uploads\/2026\/05\/Stol_Ida_Owal.jpeg 1280w, https:\/\/konkret.store\/app\/uploads\/2026\/05\/Stol_Ida_Owal-300x200.jpeg 300w, https:\/\/konkret.store\/app\/uploads\/2026\/05\/Stol_Ida_Owal-1024x682.jpeg 1024w, https:\/\/konkret.store\/app\/uploads\/2026\/05\/Stol_Ida_Owal-768x512.jpeg 768w, https:\/\/konkret.store\/app\/uploads\/2026\/05\/Stol_Ida_Owal-610x407.jpeg 610w, https:\/\/konkret.store\/app\/uploads\/2026\/05\/Stol_Ida_Owal-64x43.jpeg 64w\" sizes=\"auto, (max-width: 1280px) 100vw, 1280px\" \/>        <\/div>\n      <\/div>\n      <div class=\"col-lg-5 \">\n                <h2><\/h2>\n        <div class=\"image-text__text\">\n          <p>IDA f\u00fcgt sich perfekt sowohl in ein elegantes Esszimmer, einen modernen Wohnraum als auch in B\u00fcrobereiche oder kleine Konferenzr\u00e4ume ein.<\/p>\n<p>&nbsp;<\/p>\n<p>Dieser Tisch wurde f\u00fcr Menschen geschaffen, die anspruchsvolles Design, hervorragende Handwerkskunst und die zeitlose Sch\u00f6nheit nat\u00fcrlicher Materialien sch\u00e4tzen.<\/p>\n        <\/div>\n              <\/div>\n    <\/div>\n  <\/div>\n<\/section>\n","protected":false},"excerpt":{"rendered":"<p>IDA \u2014 ein Tisch, der mit seiner Form begeistert und jedem Interieur einen besonderen Charakter verleiht. Er vereint Funktionalit\u00e4t, Eleganz und zeitloses Design in perfekter Harmonie und wurde f\u00fcr R\u00e4ume geschaffen, in denen sowohl \u00c4sthetik als auch allt\u00e4glicher Komfort von Bedeutung sind.<\/p>\n<p>Sein abgerundeter, zentraler Sockel geht flie\u00dfend in die elegant auskragende Tischplatte \u00fcber und schafft eine harmonische Silhouette mit weichen, raffinierten Linien. Je nach Blickwinkel zeigt IDA ein anderes Gesicht \u2014 mal minimalistisch und ruhig, mal ausdrucksstark und beinahe skulptural. Dadurch wird der Tisch nicht nur zu einem M\u00f6belst\u00fcck, sondern zum zentralen Element jeder Einrichtung.<\/p>\n<p>Hergestellt aus FSC-zertifiziertem Holz\u00a0\u00a0<a href=\"https:\/\/pl.fsc.org\/pl-pl\/sprawdz-i-znajdz-certyfikat\"><img loading=\"lazy\" decoding=\"async\" class=\"alignnone wp-image-11268 lazyloaded\" src=\"https:\/\/konkret.store\/app\/uploads\/2023\/02\/Forest_Stewardship_Council_logo-251x300.png\" alt=\"\" width=\"32\" height=\"38\" data-src=\"https:\/\/konkret.store\/app\/uploads\/2023\/02\/Forest_Stewardship_Council_logo-251x300.png\" srcset=\"https:\/\/konkret.store\/app\/uploads\/2023\/02\/Forest_Stewardship_Council_logo-251x300.png 251w, https:\/\/konkret.store\/app\/uploads\/2023\/02\/Forest_Stewardship_Council_logo-855x1024.png 855w, https:\/\/konkret.store\/app\/uploads\/2023\/02\/Forest_Stewardship_Council_logo-768x920.png 768w, https:\/\/konkret.store\/app\/uploads\/2023\/02\/Forest_Stewardship_Council_logo-610x730.png 610w, https:\/\/konkret.store\/app\/uploads\/2023\/02\/Forest_Stewardship_Council_logo-64x77.png 64w, https:\/\/konkret.store\/app\/uploads\/2023\/02\/Forest_Stewardship_Council_logo.png 1200w\" sizes=\"auto, (max-width: 32px) 100vw, 32px\" \/><\/a><\/p>\n<hr \/>\n<p>Sind Sie sich nicht sicher, welche Farbe Sie w\u00e4hlen sollen? Bestellen Sie <strong><a href=\"https:\/\/konkret.store\/de\/produkt\/eichenholzproben-9-farben\/\">sie hier<\/a><\/strong>, um Farbproben zu erhalten.<\/p>\n","protected":false},"featured_media":25708,"template":"","meta":{"_acf_changed":true},"product_brand":[],"product_cat":[271],"product_tag":[],"class_list":{"0":"post-25698","1":"product","2":"type-product","3":"status-publish","4":"has-post-thumbnail","6":"product_cat-unsere-konkrete","8":"first","9":"onbackorder","10":"taxable","11":"shipping-taxable","12":"purchasable","13":"product-type-simple"},"exclude_global_add_ons":false,"addons":[{"name":"Holzfarbe","type":"multiple_choice","position":0,"required":true,"title_format":"label","default":"","description_enable":true,"description":"Jede Farbe auf dem M\u00f6belst\u00fcck ist mit Lack \u00fcberzogen, was bedeutet, dass es keine Wartung erfordert. Der Lack bietet einen soliden Schutz und minimiert den Bedarf an regelm\u00e4\u00dfiger Pflege, sodass das M\u00f6belst\u00fcck sein sch\u00f6nes Aussehen ohne zus\u00e4tzlichen Aufwand bewahren kann.  \r\nHergestellt aus massivem Eichenholz oder Walnuss.","placeholder_enable":false,"placeholder":"","display":"patterns","restrictions_type":"any_text","adjust_price":false,"price":"","price_type":"flat_fee","restrictions":false,"min":"0","max":"0","options":[{"label":"24030","price":"","price_type":"quantity_based","image":0,"visibility":true},{"label":"24026","price":"75","price_type":"percentage_based","image":0,"visibility":true}],"id":1744753717},{"name":"Durchmesser","type":"multiple_choice","position":1,"required":true,"title_format":"label","default":"","description_enable":false,"description":"","placeholder_enable":false,"placeholder":"","display":"select","restrictions_type":"any_text","adjust_price":false,"price":"","price_type":"flat_fee","restrictions":false,"min":"0","max":"0","options":[{"label":"\u00d8110cm","price":"","price_type":"quantity_based","image":0,"visibility":true},{"label":"\u00d8120cm","price":"400","price_type":"quantity_based","image":0,"visibility":true},{"label":"\u00d8130cm","price":"600","price_type":"quantity_based","image":0,"visibility":true},{"label":"\u00d8140cm","price":"900","price_type":"quantity_based","image":0,"visibility":true}],"id":1744753718},{"name":"Kudde variant","type":"multiple_choice","position":0,"required":true,"title_format":"label","default":"","description_enable":false,"description":"","placeholder_enable":false,"placeholder":"","display":"select","restrictions_type":"any_text","adjust_price":false,"price":"","price_type":"flat_fee","restrictions":false,"min":"0","max":"0","options":[{"label":"Kuba","price":"","price_type":"quantity_based","image":0,"visibility":true},{"label":"Haiti","price":"","price_type":"quantity_based","image":0,"visibility":true},{"label":"Barbados","price":"","price_type":"quantity_based","image":0,"visibility":true},{"label":"Aruba","price":"","price_type":"quantity_based","image":0,"visibility":true}]}],"acf":[],"yoast_head":"<!-- This site is optimized with the Yoast SEO plugin v26.8 - https:\/\/yoast.com\/product\/yoast-seo-wordpress\/ -->\n<title>Runder Ausziehtisch IDA - Massivholz Eiche - konkret.store<\/title>\n<meta name=\"description\" content=\"IDA \u2014 ein Tisch, der mit seiner Form begeistert und jedem Interieur einen besonderen Charakter verleiht. Er vereint Funktionalit\u00e4t, Eleganz und zeitloses Design in perfekter Harmonie und wurde f\u00fcr R\u00e4ume geschaffen, in denen sowohl \u00c4sthetik als auch allt\u00e4glicher Komfort von Bedeutung sind.Sein abgerundeter, zentraler Sockel geht flie\u00dfend in die elegant auskragende Tischplatte \u00fcber und schafft eine harmonische Silhouette mit weichen, raffinierten Linien. Je nach Blickwinkel zeigt IDA ein anderes Gesicht \u2014 mal minimalistisch und ruhig, mal ausdrucksstark und beinahe skulptural. Dadurch wird der Tisch nicht nur zu einem M\u00f6belst\u00fcck, sondern zum zentralen Element jeder Einrichtung.\" \/>\n<meta name=\"robots\" content=\"index, follow, max-snippet:-1, max-image-preview:large, max-video-preview:-1\" \/>\n<link rel=\"canonical\" href=\"https:\/\/konkret.store\/de\/produkt\/runder-ausziehtisch-ida-massivholz-eiche\/\" \/>\n<meta property=\"og:locale\" content=\"de_DE\" \/>\n<meta property=\"og:type\" content=\"article\" \/>\n<meta property=\"og:title\" content=\"Runder Ausziehtisch IDA - Massivholz Eiche - konkret.store\" \/>\n<meta property=\"og:description\" content=\"IDA \u2014 ein Tisch, der mit seiner Form begeistert und jedem Interieur einen besonderen Charakter verleiht. Er vereint Funktionalit\u00e4t, Eleganz und zeitloses Design in perfekter Harmonie und wurde f\u00fcr R\u00e4ume geschaffen, in denen sowohl \u00c4sthetik als auch allt\u00e4glicher Komfort von Bedeutung sind.Sein abgerundeter, zentraler Sockel geht flie\u00dfend in die elegant auskragende Tischplatte \u00fcber und schafft eine harmonische Silhouette mit weichen, raffinierten Linien. Je nach Blickwinkel zeigt IDA ein anderes Gesicht \u2014 mal minimalistisch und ruhig, mal ausdrucksstark und beinahe skulptural. Dadurch wird der Tisch nicht nur zu einem M\u00f6belst\u00fcck, sondern zum zentralen Element jeder Einrichtung.\" \/>\n<meta property=\"og:url\" content=\"https:\/\/konkret.store\/de\/produkt\/runder-ausziehtisch-ida-massivholz-eiche\/\" \/>\n<meta property=\"og:site_name\" content=\"konkret.store\" \/>\n<meta property=\"article:publisher\" content=\"https:\/\/facebook.com\/konkret.store\/\" \/>\n<meta property=\"article:modified_time\" content=\"2026-05-08T09:27:37+00:00\" \/>\n<meta property=\"og:image\" content=\"https:\/\/konkret.store\/app\/uploads\/2026\/05\/ida.-okragly.png\" \/>\n\t<meta property=\"og:image:width\" content=\"1200\" \/>\n\t<meta property=\"og:image:height\" content=\"1200\" \/>\n\t<meta property=\"og:image:type\" content=\"image\/png\" \/>\n<meta name=\"twitter:card\" content=\"summary_large_image\" \/>\n<meta name=\"twitter:label1\" content=\"Est. reading time\" \/>\n\t<meta name=\"twitter:data1\" content=\"1 minute\" \/>\n<script type=\"application\/ld+json\" class=\"yoast-schema-graph\">{\"@context\":\"https:\/\/schema.org\",\"@graph\":[{\"@type\":\"WebPage\",\"@id\":\"https:\/\/konkret.store\/de\/produkt\/runder-ausziehtisch-ida-massivholz-eiche\/\",\"url\":\"https:\/\/konkret.store\/de\/produkt\/runder-ausziehtisch-ida-massivholz-eiche\/\",\"name\":\"Runder Ausziehtisch IDA - Massivholz Eiche - konkret.store\",\"isPartOf\":{\"@id\":\"https:\/\/konkret.store\/de\/#website\"},\"primaryImageOfPage\":{\"@id\":\"https:\/\/konkret.store\/de\/produkt\/runder-ausziehtisch-ida-massivholz-eiche\/#primaryimage\"},\"image\":{\"@id\":\"https:\/\/konkret.store\/de\/produkt\/runder-ausziehtisch-ida-massivholz-eiche\/#primaryimage\"},\"thumbnailUrl\":\"https:\/\/konkret.store\/app\/uploads\/2026\/05\/ida.-okragly.png\",\"datePublished\":\"2026-05-06T20:12:46+00:00\",\"dateModified\":\"2026-05-08T09:27:37+00:00\",\"description\":\"IDA \u2014 ein Tisch, der mit seiner Form begeistert und jedem Interieur einen besonderen Charakter verleiht. Er vereint Funktionalit\u00e4t, Eleganz und zeitloses Design in perfekter Harmonie und wurde f\u00fcr R\u00e4ume geschaffen, in denen sowohl \u00c4sthetik als auch allt\u00e4glicher Komfort von Bedeutung sind.Sein abgerundeter, zentraler Sockel geht flie\u00dfend in die elegant auskragende Tischplatte \u00fcber und schafft eine harmonische Silhouette mit weichen, raffinierten Linien. Je nach Blickwinkel zeigt IDA ein anderes Gesicht \u2014 mal minimalistisch und ruhig, mal ausdrucksstark und beinahe skulptural. Dadurch wird der Tisch nicht nur zu einem M\u00f6belst\u00fcck, sondern zum zentralen Element jeder Einrichtung.\",\"breadcrumb\":{\"@id\":\"https:\/\/konkret.store\/de\/produkt\/runder-ausziehtisch-ida-massivholz-eiche\/#breadcrumb\"},\"inLanguage\":\"de-DE\",\"potentialAction\":[{\"@type\":\"ReadAction\",\"target\":[\"https:\/\/konkret.store\/de\/produkt\/runder-ausziehtisch-ida-massivholz-eiche\/\"]}]},{\"@type\":\"ImageObject\",\"inLanguage\":\"de-DE\",\"@id\":\"https:\/\/konkret.store\/de\/produkt\/runder-ausziehtisch-ida-massivholz-eiche\/#primaryimage\",\"url\":\"https:\/\/konkret.store\/app\/uploads\/2026\/05\/ida.-okragly.png\",\"contentUrl\":\"https:\/\/konkret.store\/app\/uploads\/2026\/05\/ida.-okragly.png\",\"width\":1200,\"height\":1200},{\"@type\":\"BreadcrumbList\",\"@id\":\"https:\/\/konkret.store\/de\/produkt\/runder-ausziehtisch-ida-massivholz-eiche\/#breadcrumb\",\"itemListElement\":[{\"@type\":\"ListItem\",\"position\":1,\"name\":\"Strona g\u0142\u00f3wna\",\"item\":\"https:\/\/konkret.store\/de\/\"},{\"@type\":\"ListItem\",\"position\":2,\"name\":\"Gesch\u00e4ft\",\"item\":\"https:\/\/konkret.store\/de\/geschaeft\/\"},{\"@type\":\"ListItem\",\"position\":3,\"name\":\"Runder Ausziehtisch IDA &#8211; Massivholz Eiche\"}]},{\"@type\":\"WebSite\",\"@id\":\"https:\/\/konkret.store\/de\/#website\",\"url\":\"https:\/\/konkret.store\/de\/\",\"name\":\"konkret.store\",\"description\":\"Tylko konkrety\",\"potentialAction\":[{\"@type\":\"SearchAction\",\"target\":{\"@type\":\"EntryPoint\",\"urlTemplate\":\"https:\/\/konkret.store\/de\/?s={search_term_string}\"},\"query-input\":{\"@type\":\"PropertyValueSpecification\",\"valueRequired\":true,\"valueName\":\"search_term_string\"}}],\"inLanguage\":\"de-DE\"}]}<\/script>\n<!-- \/ Yoast SEO plugin. -->","yoast_head_json":{"title":"Runder Ausziehtisch IDA - Massivholz Eiche - konkret.store","description":"IDA \u2014 ein Tisch, der mit seiner Form begeistert und jedem Interieur einen besonderen Charakter verleiht. Er vereint Funktionalit\u00e4t, Eleganz und zeitloses Design in perfekter Harmonie und wurde f\u00fcr R\u00e4ume geschaffen, in denen sowohl \u00c4sthetik als auch allt\u00e4glicher Komfort von Bedeutung sind.Sein abgerundeter, zentraler Sockel geht flie\u00dfend in die elegant auskragende Tischplatte \u00fcber und schafft eine harmonische Silhouette mit weichen, raffinierten Linien. Je nach Blickwinkel zeigt IDA ein anderes Gesicht \u2014 mal minimalistisch und ruhig, mal ausdrucksstark und beinahe skulptural. Dadurch wird der Tisch nicht nur zu einem M\u00f6belst\u00fcck, sondern zum zentralen Element jeder Einrichtung.","robots":{"index":"index","follow":"follow","max-snippet":"max-snippet:-1","max-image-preview":"max-image-preview:large","max-video-preview":"max-video-preview:-1"},"canonical":"https:\/\/konkret.store\/de\/produkt\/runder-ausziehtisch-ida-massivholz-eiche\/","og_locale":"de_DE","og_type":"article","og_title":"Runder Ausziehtisch IDA - Massivholz Eiche - konkret.store","og_description":"IDA \u2014 ein Tisch, der mit seiner Form begeistert und jedem Interieur einen besonderen Charakter verleiht. Er vereint Funktionalit\u00e4t, Eleganz und zeitloses Design in perfekter Harmonie und wurde f\u00fcr R\u00e4ume geschaffen, in denen sowohl \u00c4sthetik als auch allt\u00e4glicher Komfort von Bedeutung sind.Sein abgerundeter, zentraler Sockel geht flie\u00dfend in die elegant auskragende Tischplatte \u00fcber und schafft eine harmonische Silhouette mit weichen, raffinierten Linien. Je nach Blickwinkel zeigt IDA ein anderes Gesicht \u2014 mal minimalistisch und ruhig, mal ausdrucksstark und beinahe skulptural. Dadurch wird der Tisch nicht nur zu einem M\u00f6belst\u00fcck, sondern zum zentralen Element jeder Einrichtung.","og_url":"https:\/\/konkret.store\/de\/produkt\/runder-ausziehtisch-ida-massivholz-eiche\/","og_site_name":"konkret.store","article_publisher":"https:\/\/facebook.com\/konkret.store\/","article_modified_time":"2026-05-08T09:27:37+00:00","og_image":[{"width":1200,"height":1200,"url":"https:\/\/konkret.store\/app\/uploads\/2026\/05\/ida.-okragly.png","type":"image\/png"}],"twitter_card":"summary_large_image","twitter_misc":{"Est. reading time":"1 minute"},"schema":{"@context":"https:\/\/schema.org","@graph":[{"@type":"WebPage","@id":"https:\/\/konkret.store\/de\/produkt\/runder-ausziehtisch-ida-massivholz-eiche\/","url":"https:\/\/konkret.store\/de\/produkt\/runder-ausziehtisch-ida-massivholz-eiche\/","name":"Runder Ausziehtisch IDA - Massivholz Eiche - konkret.store","isPartOf":{"@id":"https:\/\/konkret.store\/de\/#website"},"primaryImageOfPage":{"@id":"https:\/\/konkret.store\/de\/produkt\/runder-ausziehtisch-ida-massivholz-eiche\/#primaryimage"},"image":{"@id":"https:\/\/konkret.store\/de\/produkt\/runder-ausziehtisch-ida-massivholz-eiche\/#primaryimage"},"thumbnailUrl":"https:\/\/konkret.store\/app\/uploads\/2026\/05\/ida.-okragly.png","datePublished":"2026-05-06T20:12:46+00:00","dateModified":"2026-05-08T09:27:37+00:00","description":"IDA \u2014 ein Tisch, der mit seiner Form begeistert und jedem Interieur einen besonderen Charakter verleiht. Er vereint Funktionalit\u00e4t, Eleganz und zeitloses Design in perfekter Harmonie und wurde f\u00fcr R\u00e4ume geschaffen, in denen sowohl \u00c4sthetik als auch allt\u00e4glicher Komfort von Bedeutung sind.Sein abgerundeter, zentraler Sockel geht flie\u00dfend in die elegant auskragende Tischplatte \u00fcber und schafft eine harmonische Silhouette mit weichen, raffinierten Linien. Je nach Blickwinkel zeigt IDA ein anderes Gesicht \u2014 mal minimalistisch und ruhig, mal ausdrucksstark und beinahe skulptural. Dadurch wird der Tisch nicht nur zu einem M\u00f6belst\u00fcck, sondern zum zentralen Element jeder Einrichtung.","breadcrumb":{"@id":"https:\/\/konkret.store\/de\/produkt\/runder-ausziehtisch-ida-massivholz-eiche\/#breadcrumb"},"inLanguage":"de-DE","potentialAction":[{"@type":"ReadAction","target":["https:\/\/konkret.store\/de\/produkt\/runder-ausziehtisch-ida-massivholz-eiche\/"]}]},{"@type":"ImageObject","inLanguage":"de-DE","@id":"https:\/\/konkret.store\/de\/produkt\/runder-ausziehtisch-ida-massivholz-eiche\/#primaryimage","url":"https:\/\/konkret.store\/app\/uploads\/2026\/05\/ida.-okragly.png","contentUrl":"https:\/\/konkret.store\/app\/uploads\/2026\/05\/ida.-okragly.png","width":1200,"height":1200},{"@type":"BreadcrumbList","@id":"https:\/\/konkret.store\/de\/produkt\/runder-ausziehtisch-ida-massivholz-eiche\/#breadcrumb","itemListElement":[{"@type":"ListItem","position":1,"name":"Strona g\u0142\u00f3wna","item":"https:\/\/konkret.store\/de\/"},{"@type":"ListItem","position":2,"name":"Gesch\u00e4ft","item":"https:\/\/konkret.store\/de\/geschaeft\/"},{"@type":"ListItem","position":3,"name":"Runder Ausziehtisch IDA &#8211; Massivholz Eiche"}]},{"@type":"WebSite","@id":"https:\/\/konkret.store\/de\/#website","url":"https:\/\/konkret.store\/de\/","name":"konkret.store","description":"Tylko konkrety","potentialAction":[{"@type":"SearchAction","target":{"@type":"EntryPoint","urlTemplate":"https:\/\/konkret.store\/de\/?s={search_term_string}"},"query-input":{"@type":"PropertyValueSpecification","valueRequired":true,"valueName":"search_term_string"}}],"inLanguage":"de-DE"}]}},"_links":{"self":[{"href":"https:\/\/konkret.store\/de\/wp-json\/wp\/v2\/product\/25698","targetHints":{"allow":["GET"]}}],"collection":[{"href":"https:\/\/konkret.store\/de\/wp-json\/wp\/v2\/product"}],"about":[{"href":"https:\/\/konkret.store\/de\/wp-json\/wp\/v2\/types\/product"}],"wp:featuredmedia":[{"embeddable":true,"href":"https:\/\/konkret.store\/de\/wp-json\/wp\/v2\/media\/25708"}],"wp:attachment":[{"href":"https:\/\/konkret.store\/de\/wp-json\/wp\/v2\/media?parent=25698"}],"wp:term":[{"taxonomy":"product_brand","embeddable":true,"href":"https:\/\/konkret.store\/de\/wp-json\/wp\/v2\/product_brand?post=25698"},{"taxonomy":"product_cat","embeddable":true,"href":"https:\/\/konkret.store\/de\/wp-json\/wp\/v2\/product_cat?post=25698"},{"taxonomy":"product_tag","embeddable":true,"href":"https:\/\/konkret.store\/de\/wp-json\/wp\/v2\/product_tag?post=25698"}],"curies":[{"name":"wp","href":"https:\/\/api.w.org\/{rel}","templated":true}]}}