{"id":22681,"date":"2024-04-14T22:20:56","date_gmt":"2024-04-14T21:20:56","guid":{"rendered":"https:\/\/konkret.store\/?page_id=22681"},"modified":"2025-04-01T22:01:59","modified_gmt":"2025-04-01T21:01:59","slug":"prawa-autorskie","status":"publish","type":"page","link":"https:\/\/konkret.store\/pl\/prawa-autorskie\/","title":{"rendered":"Prawa autorskie"},"content":{"rendered":"<section class=\"image-text\">\n  <div class=\"container\">\n    <div class=\"row align-items-center\">\n      <div class=\"col-lg-6  image-text--left\">\n        <div class=\"image-text__image\">\n          <img loading=\"lazy\" decoding=\"async\" width=\"450\" height=\"210\" src=\"https:\/\/konkret.store\/app\/uploads\/2024\/04\/213988040-prawa-autorskie-do-kreskowek-lub-litera-c-i-klodka-prawo-do-pierwszej-publikacji-kopia-prawo-removebg-preview.png\" class=\"attachment-full size-full\" alt=\"\" srcset=\"https:\/\/konkret.store\/app\/uploads\/2024\/04\/213988040-prawa-autorskie-do-kreskowek-lub-litera-c-i-klodka-prawo-do-pierwszej-publikacji-kopia-prawo-removebg-preview.png 450w, https:\/\/konkret.store\/app\/uploads\/2024\/04\/213988040-prawa-autorskie-do-kreskowek-lub-litera-c-i-klodka-prawo-do-pierwszej-publikacji-kopia-prawo-removebg-preview-300x140.png 300w, https:\/\/konkret.store\/app\/uploads\/2024\/04\/213988040-prawa-autorskie-do-kreskowek-lub-litera-c-i-klodka-prawo-do-pierwszej-publikacji-kopia-prawo-removebg-preview-64x30.png 64w\" sizes=\"auto, (max-width: 450px) 100vw, 450px\" \/>        <\/div>\n      <\/div>\n      <div class=\"col-lg-5  offset-lg-1 \">\n                <h2><\/h2>\n        <div class=\"image-text__text\">\n          <p class=\"text-center\"><b>PRAWA AUTORSKIE<\/b><\/p>\n<ol>\n<li>\n<p class=\"text-justify\">Wszelkie prawa autorskie do tre\u015bci znajduj\u0105cych si\u0119 na stronie internetowej Sklepu posiada Sprzedawca i s\u0105 one zastrze\u017cone. Materia\u0142y znajduj\u0105ce si\u0119 na stronie internetowej Sklepu, w tym teksty, grafika i kody \u017ar\u00f3d\u0142owe nie mog\u0105 by\u0107 powielane, przesy\u0142ane b\u0105d\u017a wykorzystywane w jakiejkolwiek formie i w jakikolwiek spos\u00f3b. Zabrania si\u0119 wykorzystywania zawarto\u015bci strony internetowej Sklepu bez uprzedniego uzyskania pozwolenia Sprzedawcy wyra\u017conego na pi\u015bmie pod rygorem niewa\u017cno\u015bci.<\/p>\n<\/li>\n<li>\n<p class=\"text-justify\">Zakazane jest umieszczanie przez Klienta w Sklepie, w tym w opiniach o Towarach tre\u015bci o charakterze bezprawnym, w szczeg\u00f3lno\u015bci o charakterze obra\u017aliwym, naruszaj\u0105cych dobra osobiste Sprzedawcy lub os\u00f3b trzecich, nieprawdziwych lub mog\u0105cych wprowadzi\u0107 w b\u0142\u0105d.<\/p>\n<\/li>\n<li>\n<p class=\"text-justify\">Zakazane jest wykorzystywanie przez Klienta strony internetowej Sklepu lub us\u0142ug \u015bwiadczonych przez Sprzedawc\u0119 drog\u0105 elektroniczn\u0105 w spos\u00f3b sprzeczny z prawem, dobrymi obyczajami, naruszaj\u0105cy dobra osobiste Sprzedawcy lub os\u00f3b trzecich.<\/p>\n<\/li>\n<li>\n<p class=\"text-justify\">Zakazane jest wykorzystywanie przez Klient\u00f3w strony internetowej Sklepu, jego zasob\u00f3w i udost\u0119pnionych funkcji, celem prowadzenia dzia\u0142alno\u015bci, kt\u00f3ra narusza\u0142aby interesy Sprzedawcy b\u0105d\u017a negatywnie wp\u0142ywa\u0142a na funkcjonowanie Sklepu Internetowego.<\/p>\n<\/li>\n<li>\n<p class=\"text-justify\">Zakazane jest wykorzystywanie Sklepu do cel\u00f3w sprzecznych z jego przeznaczeniem, w szczeg\u00f3lno\u015bci do przesy\u0142ania przez Klient\u00f3w wszelkich informacji handlowych, prowadzenia przez Klient\u00f3w dzia\u0142alno\u015bci komercyjnej lub reklamowej itp.<\/p>\n<\/li>\n<li>\n<p class=\"text-justify\">Klient, kt\u00f3ry powe\u017amie informacj\u0119, i\u017c w Sklepie Internetowym zamieszczono tre\u015b\u0107 niezgodn\u0105 z prawem lub Regulaminem mo\u017ce zg\u0142osi\u0107 ten fakt Sprzedawcy przesy\u0142aj\u0105c wiadomo\u015b\u0107 na adres e-mail: <a href=\"mailto:hello@konkret.store\">hello@konkret.store<\/a><\/p>\n<\/li>\n<\/ol>\n<p style=\"text-align: center;\">\n        <\/div>\n              <\/div>\n    <\/div>\n  <\/div>\n<\/section>\n\n\n<section class=\"text-block\">\n  <div class=\"container\">\n          <p style=\"text-align: center;\" data-pm-slice=\"1 1 []\"><strong>Wszystkie produkty marki konkret.store podlegaj\u0105 ochronie na podstawie Ustawy z dnia 4 lutego 1994 r. o prawie autorskim i prawach pokrewnych (Dz. U. z 2018 r. poz. 1191 z p\u00f3\u017an. zm.). Bez pisemnej zgody w\u0142a\u015bciciela konkret.store zabronione jest wykorzystywanie tych produkt\u00f3w w jakikolwiek spos\u00f3b, w szczeg\u00f3lno\u015bci poprzez ich kopiowanie oraz przerabianie. Zakaz wykorzystywania w jakikolwiek spos\u00f3b, bez pisemnej zgody w\u0142a\u015bciciela marki konkret.store, dotyczy r\u00f3wnie\u017c wszelkich tre\u015bci zamieszczonych na stronie internetowej https:\/\/konkret.store (w szczeg\u00f3lno\u015bci tekst\u00f3w, zdj\u0119\u0107, wizualizacji i innych).<\/strong><\/p>\n<p style=\"text-align: center;\"><strong>Nieuprawnione na\u015bladownictwo produkt\u00f3w marki konkret.store stanowi tak\u017ce czyn nieuczciwej konkurencji okre\u015blony w art. 13 ust. 1 ustawy z dnia 16 kwietnia 1993 r. o zwalczaniu nieuczciwej konkurencji (\u201eCzynem nieuczciwej konkurencji jest na\u015bladowanie gotowego produktu, polegaj\u0105ce na tym, \u017ce za pomoc\u0105 technicznych \u015brodk\u00f3w reprodukcji jest kopiowana zewn\u0119trzna posta\u0107 produktu, je\u017celi mo\u017ce wprowadzi\u0107 klient\u00f3w w b\u0142\u0105d co do to\u017csamo\u015bci producenta lub produktu\u201d) oraz stanowi przest\u0119pstwo zagro\u017cone kar\u0105 grzywny, kar\u0105 ograniczenia wolno\u015bci, lub kar\u0105 pozbawienia wolno\u015bci do lat 2 (\u201eKto, za pomoc\u0105 technicznych \u015brodk\u00f3w reprodukcji, kopiuje zewn\u0119trzn\u0105 posta\u0107 produktu lub tak skopiowany wprowadza do obrotu, stwarzaj\u0105c tym mo\u017cliwo\u015b\u0107 wprowadzenia klient\u00f3w w b\u0142\u0105d co do to\u017csamo\u015bci producenta lub produktu, czym wyrz\u0105dza powa\u017cn\u0105 szkod\u0119 przedsi\u0119biorcy, podlega grzywnie, karze ograniczenia wolno\u015bci albo pozbawienia wolno\u015bci do lat 2\u201d).<\/strong><\/p>\n      <\/div>\n<\/section>\n","protected":false},"excerpt":{"rendered":"","protected":false},"author":2,"featured_media":0,"parent":0,"menu_order":0,"comment_status":"closed","ping_status":"closed","template":"views\/page-informational.blade.php","meta":{"_acf_changed":false,"footnotes":""},"class_list":["post-22681","page","type-page","status-publish","hentry"],"acf":[],"yoast_head":"<!-- This site is optimized with the Yoast SEO plugin v26.8 - https:\/\/yoast.com\/product\/yoast-seo-wordpress\/ -->\n<title>Prawa autorskie - konkret.store<\/title>\n<meta name=\"description\" content=\"Wszelkie prawa autorskie do tre\u015bci znajduj\u0105cych si\u0119 na stronie internetowej Sklepu posiada Sprzedawca i s\u0105 one zastrze\u017cone. Materia\u0142y znajduj\u0105ce si\u0119 na stronie internetowej Sklepu, w tym teksty, grafika i kody \u017ar\u00f3d\u0142owe nie mog\u0105 by\u0107 powielane, przesy\u0142ane b\u0105d\u017a wykorzystywane w jakiejkolwiek formie i w jakikolwiek spos\u00f3b. Zabrania si\u0119 wykorzystywania zawarto\u015bci strony internetowej Sklepu bez uprzedniego uzyskania pozwolenia Sprzedawcy wyra\u017conego na pi\u015bmie pod rygorem niewa\u017cno\u015bci.\" \/>\n<meta name=\"robots\" content=\"index, follow, max-snippet:-1, max-image-preview:large, max-video-preview:-1\" \/>\n<link rel=\"canonical\" href=\"https:\/\/konkret.store\/pl\/prawa-autorskie\/\" \/>\n<meta property=\"og:locale\" content=\"pl_PL\" \/>\n<meta property=\"og:type\" content=\"article\" \/>\n<meta property=\"og:title\" content=\"Prawa autorskie - konkret.store\" \/>\n<meta property=\"og:description\" content=\"Wszelkie prawa autorskie do tre\u015bci znajduj\u0105cych si\u0119 na stronie internetowej Sklepu posiada Sprzedawca i s\u0105 one zastrze\u017cone. Materia\u0142y znajduj\u0105ce si\u0119 na stronie internetowej Sklepu, w tym teksty, grafika i kody \u017ar\u00f3d\u0142owe nie mog\u0105 by\u0107 powielane, przesy\u0142ane b\u0105d\u017a wykorzystywane w jakiejkolwiek formie i w jakikolwiek spos\u00f3b. Zabrania si\u0119 wykorzystywania zawarto\u015bci strony internetowej Sklepu bez uprzedniego uzyskania pozwolenia Sprzedawcy wyra\u017conego na pi\u015bmie pod rygorem niewa\u017cno\u015bci.\" \/>\n<meta property=\"og:url\" content=\"https:\/\/konkret.store\/pl\/prawa-autorskie\/\" \/>\n<meta property=\"og:site_name\" content=\"konkret.store\" \/>\n<meta property=\"article:publisher\" content=\"https:\/\/facebook.com\/konkret.store\/\" \/>\n<meta property=\"article:modified_time\" content=\"2025-04-01T21:01:59+00:00\" \/>\n<meta name=\"twitter:card\" content=\"summary_large_image\" \/>\n<script type=\"application\/ld+json\" class=\"yoast-schema-graph\">{\"@context\":\"https:\/\/schema.org\",\"@graph\":[{\"@type\":\"WebPage\",\"@id\":\"https:\/\/konkret.store\/pl\/prawa-autorskie\/\",\"url\":\"https:\/\/konkret.store\/pl\/prawa-autorskie\/\",\"name\":\"Prawa autorskie - konkret.store\",\"isPartOf\":{\"@id\":\"https:\/\/konkret.store\/pl\/#website\"},\"datePublished\":\"2024-04-14T21:20:56+00:00\",\"dateModified\":\"2025-04-01T21:01:59+00:00\",\"description\":\"Wszelkie prawa autorskie do tre\u015bci znajduj\u0105cych si\u0119 na stronie internetowej Sklepu posiada Sprzedawca i s\u0105 one zastrze\u017cone. Materia\u0142y znajduj\u0105ce si\u0119 na stronie internetowej Sklepu, w tym teksty, grafika i kody \u017ar\u00f3d\u0142owe nie mog\u0105 by\u0107 powielane, przesy\u0142ane b\u0105d\u017a wykorzystywane w jakiejkolwiek formie i w jakikolwiek spos\u00f3b. Zabrania si\u0119 wykorzystywania zawarto\u015bci strony internetowej Sklepu bez uprzedniego uzyskania pozwolenia Sprzedawcy wyra\u017conego na pi\u015bmie pod rygorem niewa\u017cno\u015bci.\",\"breadcrumb\":{\"@id\":\"https:\/\/konkret.store\/pl\/prawa-autorskie\/#breadcrumb\"},\"inLanguage\":\"pl-PL\",\"potentialAction\":[{\"@type\":\"ReadAction\",\"target\":[\"https:\/\/konkret.store\/pl\/prawa-autorskie\/\"]}]},{\"@type\":\"BreadcrumbList\",\"@id\":\"https:\/\/konkret.store\/pl\/prawa-autorskie\/#breadcrumb\",\"itemListElement\":[{\"@type\":\"ListItem\",\"position\":1,\"name\":\"Strona g\u0142\u00f3wna\",\"item\":\"https:\/\/konkret.store\/pl\/\"},{\"@type\":\"ListItem\",\"position\":2,\"name\":\"Prawa autorskie\"}]},{\"@type\":\"WebSite\",\"@id\":\"https:\/\/konkret.store\/pl\/#website\",\"url\":\"https:\/\/konkret.store\/pl\/\",\"name\":\"konkret.store\",\"description\":\"Tylko konkrety\",\"potentialAction\":[{\"@type\":\"SearchAction\",\"target\":{\"@type\":\"EntryPoint\",\"urlTemplate\":\"https:\/\/konkret.store\/pl\/?s={search_term_string}\"},\"query-input\":{\"@type\":\"PropertyValueSpecification\",\"valueRequired\":true,\"valueName\":\"search_term_string\"}}],\"inLanguage\":\"pl-PL\"}]}<\/script>\n<!-- \/ Yoast SEO plugin. -->","yoast_head_json":{"title":"Prawa autorskie - konkret.store","description":"Wszelkie prawa autorskie do tre\u015bci znajduj\u0105cych si\u0119 na stronie internetowej Sklepu posiada Sprzedawca i s\u0105 one zastrze\u017cone. Materia\u0142y znajduj\u0105ce si\u0119 na stronie internetowej Sklepu, w tym teksty, grafika i kody \u017ar\u00f3d\u0142owe nie mog\u0105 by\u0107 powielane, przesy\u0142ane b\u0105d\u017a wykorzystywane w jakiejkolwiek formie i w jakikolwiek spos\u00f3b. Zabrania si\u0119 wykorzystywania zawarto\u015bci strony internetowej Sklepu bez uprzedniego uzyskania pozwolenia Sprzedawcy wyra\u017conego na pi\u015bmie pod rygorem niewa\u017cno\u015bci.","robots":{"index":"index","follow":"follow","max-snippet":"max-snippet:-1","max-image-preview":"max-image-preview:large","max-video-preview":"max-video-preview:-1"},"canonical":"https:\/\/konkret.store\/pl\/prawa-autorskie\/","og_locale":"pl_PL","og_type":"article","og_title":"Prawa autorskie - konkret.store","og_description":"Wszelkie prawa autorskie do tre\u015bci znajduj\u0105cych si\u0119 na stronie internetowej Sklepu posiada Sprzedawca i s\u0105 one zastrze\u017cone. Materia\u0142y znajduj\u0105ce si\u0119 na stronie internetowej Sklepu, w tym teksty, grafika i kody \u017ar\u00f3d\u0142owe nie mog\u0105 by\u0107 powielane, przesy\u0142ane b\u0105d\u017a wykorzystywane w jakiejkolwiek formie i w jakikolwiek spos\u00f3b. Zabrania si\u0119 wykorzystywania zawarto\u015bci strony internetowej Sklepu bez uprzedniego uzyskania pozwolenia Sprzedawcy wyra\u017conego na pi\u015bmie pod rygorem niewa\u017cno\u015bci.","og_url":"https:\/\/konkret.store\/pl\/prawa-autorskie\/","og_site_name":"konkret.store","article_publisher":"https:\/\/facebook.com\/konkret.store\/","article_modified_time":"2025-04-01T21:01:59+00:00","twitter_card":"summary_large_image","schema":{"@context":"https:\/\/schema.org","@graph":[{"@type":"WebPage","@id":"https:\/\/konkret.store\/pl\/prawa-autorskie\/","url":"https:\/\/konkret.store\/pl\/prawa-autorskie\/","name":"Prawa autorskie - konkret.store","isPartOf":{"@id":"https:\/\/konkret.store\/pl\/#website"},"datePublished":"2024-04-14T21:20:56+00:00","dateModified":"2025-04-01T21:01:59+00:00","description":"Wszelkie prawa autorskie do tre\u015bci znajduj\u0105cych si\u0119 na stronie internetowej Sklepu posiada Sprzedawca i s\u0105 one zastrze\u017cone. Materia\u0142y znajduj\u0105ce si\u0119 na stronie internetowej Sklepu, w tym teksty, grafika i kody \u017ar\u00f3d\u0142owe nie mog\u0105 by\u0107 powielane, przesy\u0142ane b\u0105d\u017a wykorzystywane w jakiejkolwiek formie i w jakikolwiek spos\u00f3b. Zabrania si\u0119 wykorzystywania zawarto\u015bci strony internetowej Sklepu bez uprzedniego uzyskania pozwolenia Sprzedawcy wyra\u017conego na pi\u015bmie pod rygorem niewa\u017cno\u015bci.","breadcrumb":{"@id":"https:\/\/konkret.store\/pl\/prawa-autorskie\/#breadcrumb"},"inLanguage":"pl-PL","potentialAction":[{"@type":"ReadAction","target":["https:\/\/konkret.store\/pl\/prawa-autorskie\/"]}]},{"@type":"BreadcrumbList","@id":"https:\/\/konkret.store\/pl\/prawa-autorskie\/#breadcrumb","itemListElement":[{"@type":"ListItem","position":1,"name":"Strona g\u0142\u00f3wna","item":"https:\/\/konkret.store\/pl\/"},{"@type":"ListItem","position":2,"name":"Prawa autorskie"}]},{"@type":"WebSite","@id":"https:\/\/konkret.store\/pl\/#website","url":"https:\/\/konkret.store\/pl\/","name":"konkret.store","description":"Tylko konkrety","potentialAction":[{"@type":"SearchAction","target":{"@type":"EntryPoint","urlTemplate":"https:\/\/konkret.store\/pl\/?s={search_term_string}"},"query-input":{"@type":"PropertyValueSpecification","valueRequired":true,"valueName":"search_term_string"}}],"inLanguage":"pl-PL"}]}},"_links":{"self":[{"href":"https:\/\/konkret.store\/pl\/wp-json\/wp\/v2\/pages\/22681","targetHints":{"allow":["GET"]}}],"collection":[{"href":"https:\/\/konkret.store\/pl\/wp-json\/wp\/v2\/pages"}],"about":[{"href":"https:\/\/konkret.store\/pl\/wp-json\/wp\/v2\/types\/page"}],"author":[{"embeddable":true,"href":"https:\/\/konkret.store\/pl\/wp-json\/wp\/v2\/users\/2"}],"replies":[{"embeddable":true,"href":"https:\/\/konkret.store\/pl\/wp-json\/wp\/v2\/comments?post=22681"}],"version-history":[{"count":2,"href":"https:\/\/konkret.store\/pl\/wp-json\/wp\/v2\/pages\/22681\/revisions"}],"predecessor-version":[{"id":24569,"href":"https:\/\/konkret.store\/pl\/wp-json\/wp\/v2\/pages\/22681\/revisions\/24569"}],"wp:attachment":[{"href":"https:\/\/konkret.store\/pl\/wp-json\/wp\/v2\/media?parent=22681"}],"curies":[{"name":"wp","href":"https:\/\/api.w.org\/{rel}","templated":true}]}}