{"id":24718,"date":"2025-04-24T11:52:47","date_gmt":"2025-04-24T10:52:47","guid":{"rendered":"https:\/\/konkret.store\/?page_id=24718"},"modified":"2025-04-24T15:00:18","modified_gmt":"2025-04-24T14:00:18","slug":"kontakt","status":"publish","type":"page","link":"https:\/\/konkret.store\/pl\/kontakt\/","title":{"rendered":"Kontakt"},"content":{"rendered":"<section class=\"contact\">\n  <div class=\"container\">\n    <div class=\"row\">\n      <div class=\"col-lg-5\">\n        <h2><\/h2>\n              <\/div>\n      <div class=\"col-lg-6 offset-lg-1\">\n              <\/div>\n    <\/div>\n  <\/div>\n<\/section>\n\n\n<section class=\"contact\">\n  <div class=\"contact__card\">\n    <div class=\"container\">\n      <div class=\"row\">\n        <div class=\"col-lg-5 offset-lg-1\">\n          <h1 class=\"h2\"><\/h1>\n          <div class=\"contact__text\"><p>&nbsp;<\/p>\n<p>&nbsp;<\/p>\n<p><span style=\"text-align: var(--bs-body-text-align);\">Uzyskaj szybk\u0105 odpowied\u017a i skontaktuj si\u0119 z Nami<\/span><\/p>\n<p>przez czat lub e-mail.<\/p>\n<p>Jeste\u015bmy dost\u0119pni 24 \/ 7 za po\u015brednictwem e-maila.<\/p>\n<p>Konkret Store Sp. z o.o<\/p>\n<p>Dworcowa 4<\/p>\n<p>64-224 \u015awi\u0119tno<\/p>\n<p>Polska<\/p>\n<\/div>\n        \n          <div class=\"contact__email\"><a href=\"mailto:hello@konkret.store\"><span class=\"spk-icon spk-icon-icon-message\"><\/span>hello@konkret.store<\/a><\/div>\n          <div class=\"contact__phone\"><a href=\"tel:+48888031266\"><span class=\"spk-icon spk-icon-viber\"><\/span>+48888031266<\/a><\/div>\n          <div class=\"contact__chat\"><a href=\"Jeste\u015bmy dost\u0119pni na WhatsApp!\" target=\"_blank\"><span class=\"spk-icon spk-icon-naver-line-logo\"><\/span>Jeste\u015bmy dost\u0119pni na WhatsApp!<\/a><\/div>\n        \n        <\/div>\n        <div class=\"col-lg-5\">\n          <div class=\"contact__info\">\n            <h2 class=\"h2\"><\/h2>\n            <div class=\"contact__text\">\n<div class=\"wpcf7 no-js\" id=\"wpcf7-f9094-o1\" lang=\"pl-PL\" dir=\"ltr\" data-wpcf7-id=\"9094\">\n<div class=\"screen-reader-response\"><p role=\"status\" aria-live=\"polite\" aria-atomic=\"true\"><\/p> <ul><\/ul><\/div>\n<form action=\"\/pl\/wp-json\/wp\/v2\/pages\/24718#wpcf7-f9094-o1\" method=\"post\" class=\"wpcf7-form init\" aria-label=\"Formularz kontaktowy\" novalidate=\"novalidate\" data-status=\"init\">\n<fieldset class=\"hidden-fields-container\"><input type=\"hidden\" name=\"_wpcf7\" value=\"9094\" \/><input type=\"hidden\" name=\"_wpcf7_version\" value=\"6.1.4\" \/><input type=\"hidden\" name=\"_wpcf7_locale\" value=\"pl_PL\" \/><input type=\"hidden\" name=\"_wpcf7_unit_tag\" value=\"wpcf7-f9094-o1\" \/><input type=\"hidden\" name=\"_wpcf7_container_post\" value=\"0\" \/><input type=\"hidden\" name=\"_wpcf7_posted_data_hash\" value=\"\" \/><input type=\"hidden\" name=\"_wpcf7_recaptcha_response\" value=\"\" \/>\n<\/fieldset>\n<div class=\"contactform\">\n\t<h4>Wy\u015blij nam wiadomo\u015b\u0107\n\t<\/h4>\n\t<div class=\"contactform__line\">\n\t\t<p><span class=\"wpcf7-form-control-wrap\" data-name=\"your-name\"><input size=\"40\" maxlength=\"400\" class=\"wpcf7-form-control wpcf7-text wpcf7-validates-as-required\" aria-required=\"true\" aria-invalid=\"false\" placeholder=\"Imi\u0119\" value=\"\" type=\"text\" name=\"your-name\" \/><\/span>\n\t\t<\/p>\n\t<\/div>\n\t<div class=\"contactform__line\">\n\t\t<p><span class=\"wpcf7-form-control-wrap\" data-name=\"your-email\"><input size=\"40\" maxlength=\"400\" class=\"wpcf7-form-control wpcf7-email wpcf7-validates-as-required wpcf7-text wpcf7-validates-as-email\" aria-required=\"true\" aria-invalid=\"false\" placeholder=\"Adres e-mail\" value=\"\" type=\"email\" name=\"your-email\" \/><\/span>\n\t\t<\/p>\n\t<\/div>\n\t<div class=\"contactform__line\">\n\t\t<p><span class=\"wpcf7-form-control-wrap\" data-name=\"your-message\"><textarea cols=\"40\" rows=\"10\" maxlength=\"2000\" class=\"wpcf7-form-control wpcf7-textarea wpcf7-validates-as-required\" aria-required=\"true\" aria-invalid=\"false\" placeholder=\"Wiadomo\u015b\u0107\" name=\"your-message\"><\/textarea><\/span>\n\t\t<\/p>\n\t<\/div>\n\t<div class=\"contactform__line\" style=\"margin-bottom:25px;margin-top:-5px;>\n\t\t<p><span class=\"wpcf7-form-control-wrap\" data-name=\"upload-file-549\"><input size=\"40\" class=\"wpcf7-form-control wpcf7-drag-n-drop-file d-none\" aria-invalid=\"false\" type=\"file\" multiple=\"multiple\" data-name=\"upload-file-549\" data-type=\"jpeg|png|jpg|gif|pdf\" data-id=\"9094\" data-version=\"free version 1.3.9.1\" accept=\".jpeg, .png, .jpg, .gif, .pdf\" \/><\/span>\n\t\t<\/p>\n\t<\/div>\n\t<div class=\"contactform__submit\">\n\t<div class=\"wpcf7-response-output\" aria-hidden=\"true\"><\/div>\n\t\t<p><button type=\"submit\" class=\"btn\">Wy\u015blij<\/button>\n\t\t<\/p>\n\t<\/div>\n<\/div>\n<\/form>\n<\/div>\n\n<\/div>\n          <\/div>\n        <\/div>\n      <\/div>\n      <div class=\"row row-second\">\n        <div class=\"col-lg-5 offset-lg-1\">\n                  <\/div>\n        <div class=\"col-lg-5\">\n          <div class=\"contact__info2\">\n            <div class=\"contact__map\"><\/div>\n          <\/div>\n        <\/div>\n      <\/div>\n    <\/div>\n  <\/div>\n  <div class=\"container\">\n    <div class=\"row\">\n      <div class=\"col-lg-6 offset-lg-3\">\n      <\/div>\n    <\/div>\n  <\/div>\n<\/section>\n","protected":false},"excerpt":{"rendered":"","protected":false},"author":2,"featured_media":0,"parent":0,"menu_order":0,"comment_status":"closed","ping_status":"closed","template":"","meta":{"_acf_changed":false,"footnotes":""},"class_list":["post-24718","page","type-page","status-publish","hentry"],"acf":[],"yoast_head":"<!-- This site is optimized with the Yoast SEO plugin v26.8 - https:\/\/yoast.com\/product\/yoast-seo-wordpress\/ -->\n<title>Kontakt - konkret.store<\/title>\n<meta name=\"robots\" content=\"index, follow, max-snippet:-1, max-image-preview:large, max-video-preview:-1\" \/>\n<link rel=\"canonical\" href=\"https:\/\/konkret.store\/pl\/kontakt\/\" \/>\n<meta property=\"og:locale\" content=\"pl_PL\" \/>\n<meta property=\"og:type\" content=\"article\" \/>\n<meta property=\"og:title\" content=\"Kontakt - konkret.store\" \/>\n<meta property=\"og:url\" content=\"https:\/\/konkret.store\/pl\/kontakt\/\" \/>\n<meta property=\"og:site_name\" content=\"konkret.store\" \/>\n<meta property=\"article:publisher\" content=\"https:\/\/facebook.com\/konkret.store\/\" \/>\n<meta property=\"article:modified_time\" content=\"2025-04-24T14:00:18+00:00\" \/>\n<meta name=\"twitter:card\" content=\"summary_large_image\" \/>\n<script type=\"application\/ld+json\" class=\"yoast-schema-graph\">{\"@context\":\"https:\/\/schema.org\",\"@graph\":[{\"@type\":\"WebPage\",\"@id\":\"https:\/\/konkret.store\/pl\/kontakt\/\",\"url\":\"https:\/\/konkret.store\/pl\/kontakt\/\",\"name\":\"Kontakt - konkret.store\",\"isPartOf\":{\"@id\":\"https:\/\/konkret.store\/pl\/#website\"},\"datePublished\":\"2025-04-24T10:52:47+00:00\",\"dateModified\":\"2025-04-24T14:00:18+00:00\",\"breadcrumb\":{\"@id\":\"https:\/\/konkret.store\/pl\/kontakt\/#breadcrumb\"},\"inLanguage\":\"pl-PL\",\"potentialAction\":[{\"@type\":\"ReadAction\",\"target\":[\"https:\/\/konkret.store\/pl\/kontakt\/\"]}]},{\"@type\":\"BreadcrumbList\",\"@id\":\"https:\/\/konkret.store\/pl\/kontakt\/#breadcrumb\",\"itemListElement\":[{\"@type\":\"ListItem\",\"position\":1,\"name\":\"Strona g\u0142\u00f3wna\",\"item\":\"https:\/\/konkret.store\/pl\/\"},{\"@type\":\"ListItem\",\"position\":2,\"name\":\"Kontakt\"}]},{\"@type\":\"WebSite\",\"@id\":\"https:\/\/konkret.store\/pl\/#website\",\"url\":\"https:\/\/konkret.store\/pl\/\",\"name\":\"konkret.store\",\"description\":\"Tylko konkrety\",\"potentialAction\":[{\"@type\":\"SearchAction\",\"target\":{\"@type\":\"EntryPoint\",\"urlTemplate\":\"https:\/\/konkret.store\/pl\/?s={search_term_string}\"},\"query-input\":{\"@type\":\"PropertyValueSpecification\",\"valueRequired\":true,\"valueName\":\"search_term_string\"}}],\"inLanguage\":\"pl-PL\"}]}<\/script>\n<!-- \/ Yoast SEO plugin. -->","yoast_head_json":{"title":"Kontakt - konkret.store","robots":{"index":"index","follow":"follow","max-snippet":"max-snippet:-1","max-image-preview":"max-image-preview:large","max-video-preview":"max-video-preview:-1"},"canonical":"https:\/\/konkret.store\/pl\/kontakt\/","og_locale":"pl_PL","og_type":"article","og_title":"Kontakt - konkret.store","og_url":"https:\/\/konkret.store\/pl\/kontakt\/","og_site_name":"konkret.store","article_publisher":"https:\/\/facebook.com\/konkret.store\/","article_modified_time":"2025-04-24T14:00:18+00:00","twitter_card":"summary_large_image","schema":{"@context":"https:\/\/schema.org","@graph":[{"@type":"WebPage","@id":"https:\/\/konkret.store\/pl\/kontakt\/","url":"https:\/\/konkret.store\/pl\/kontakt\/","name":"Kontakt - konkret.store","isPartOf":{"@id":"https:\/\/konkret.store\/pl\/#website"},"datePublished":"2025-04-24T10:52:47+00:00","dateModified":"2025-04-24T14:00:18+00:00","breadcrumb":{"@id":"https:\/\/konkret.store\/pl\/kontakt\/#breadcrumb"},"inLanguage":"pl-PL","potentialAction":[{"@type":"ReadAction","target":["https:\/\/konkret.store\/pl\/kontakt\/"]}]},{"@type":"BreadcrumbList","@id":"https:\/\/konkret.store\/pl\/kontakt\/#breadcrumb","itemListElement":[{"@type":"ListItem","position":1,"name":"Strona g\u0142\u00f3wna","item":"https:\/\/konkret.store\/pl\/"},{"@type":"ListItem","position":2,"name":"Kontakt"}]},{"@type":"WebSite","@id":"https:\/\/konkret.store\/pl\/#website","url":"https:\/\/konkret.store\/pl\/","name":"konkret.store","description":"Tylko konkrety","potentialAction":[{"@type":"SearchAction","target":{"@type":"EntryPoint","urlTemplate":"https:\/\/konkret.store\/pl\/?s={search_term_string}"},"query-input":{"@type":"PropertyValueSpecification","valueRequired":true,"valueName":"search_term_string"}}],"inLanguage":"pl-PL"}]}},"_links":{"self":[{"href":"https:\/\/konkret.store\/pl\/wp-json\/wp\/v2\/pages\/24718","targetHints":{"allow":["GET"]}}],"collection":[{"href":"https:\/\/konkret.store\/pl\/wp-json\/wp\/v2\/pages"}],"about":[{"href":"https:\/\/konkret.store\/pl\/wp-json\/wp\/v2\/types\/page"}],"author":[{"embeddable":true,"href":"https:\/\/konkret.store\/pl\/wp-json\/wp\/v2\/users\/2"}],"replies":[{"embeddable":true,"href":"https:\/\/konkret.store\/pl\/wp-json\/wp\/v2\/comments?post=24718"}],"version-history":[{"count":2,"href":"https:\/\/konkret.store\/pl\/wp-json\/wp\/v2\/pages\/24718\/revisions"}],"predecessor-version":[{"id":24738,"href":"https:\/\/konkret.store\/pl\/wp-json\/wp\/v2\/pages\/24718\/revisions\/24738"}],"wp:attachment":[{"href":"https:\/\/konkret.store\/pl\/wp-json\/wp\/v2\/media?parent=24718"}],"curies":[{"name":"wp","href":"https:\/\/api.w.org\/{rel}","templated":true}]}}