{"id":4696,"date":"2019-04-17T08:02:01","date_gmt":"2019-04-17T08:02:01","guid":{"rendered":"https:\/\/konkret.store\/?page_id=4696"},"modified":"2025-03-17T20:30:53","modified_gmt":"2025-03-17T19:30:53","slug":"reklamacje","status":"publish","type":"page","link":"https:\/\/konkret.store\/pl\/reklamacje\/","title":{"rendered":"Reklamacje"},"content":{"rendered":"<section class=\"image-text\">\n  <div class=\"container\">\n    <div class=\"row align-items-center\">\n      <div class=\"col-lg-6  image-text--left\">\n        <div class=\"image-text__image\">\n          <img loading=\"lazy\" decoding=\"async\" width=\"200\" height=\"191\" src=\"https:\/\/konkret.store\/app\/uploads\/2019\/05\/retur-logo.png\" class=\"attachment-full size-full\" alt=\"\" \/>        <\/div>\n      <\/div>\n      <div class=\"col-lg-5  offset-lg-1 \">\n                <h2>Co\u015b posz\u0142o nie\u00a0tak?<\/h2>\n        <div class=\"image-text__text\">\n          <p><img loading=\"lazy\" decoding=\"async\" class=\"alignnone wp-image-16049 lazyloaded\" src=\"https:\/\/konkret.store\/app\/uploads\/2023\/04\/star-removebg-300x231.png\" sizes=\"auto, (max-width: 27px) 100vw, 27px\" srcset=\"https:\/\/konkret.store\/app\/uploads\/2023\/04\/star-removebg-300x231.png 300w, https:\/\/konkret.store\/app\/uploads\/2023\/04\/star-removebg-610x469.png 610w, https:\/\/konkret.store\/app\/uploads\/2023\/04\/star-removebg-64x49.png 64w, https:\/\/konkret.store\/app\/uploads\/2023\/04\/star-removebg.png 612w\" alt=\"\" width=\"27\" height=\"21\" data-srcset=\"https:\/\/konkret.store\/app\/uploads\/2023\/04\/star-removebg-300x231.png 300w, https:\/\/konkret.store\/app\/uploads\/2023\/04\/star-removebg-610x469.png 610w, https:\/\/konkret.store\/app\/uploads\/2023\/04\/star-removebg-64x49.png 64w, https:\/\/konkret.store\/app\/uploads\/2023\/04\/star-removebg.png 612w\" data-src=\"https:\/\/konkret.store\/app\/uploads\/2023\/04\/star-removebg-300x231.png\" data-sizes=\"(max-width: 27px) 100vw, 27px\" \/>Okaza\u0142o si\u0119, \u017ce produkt jest wadliwy lub uszkodzony?<\/p>\n<p>Je\u017celi produkt zosta\u0142 uszkodzony w transporcie, prosimy o za\u0142\u0105czenie protoko\u0142u szkody spisanego w obecno\u015bci kuriera.<\/p>\n<p><img loading=\"lazy\" decoding=\"async\" class=\"alignnone wp-image-16049 lazyloaded\" src=\"https:\/\/konkret.store\/app\/uploads\/2023\/04\/star-removebg-300x231.png\" sizes=\"auto, (max-width: 27px) 100vw, 27px\" srcset=\"https:\/\/konkret.store\/app\/uploads\/2023\/04\/star-removebg-300x231.png 300w, https:\/\/konkret.store\/app\/uploads\/2023\/04\/star-removebg-610x469.png 610w, https:\/\/konkret.store\/app\/uploads\/2023\/04\/star-removebg-64x49.png 64w, https:\/\/konkret.store\/app\/uploads\/2023\/04\/star-removebg.png 612w\" alt=\"\" width=\"27\" height=\"21\" data-srcset=\"https:\/\/konkret.store\/app\/uploads\/2023\/04\/star-removebg-300x231.png 300w, https:\/\/konkret.store\/app\/uploads\/2023\/04\/star-removebg-610x469.png 610w, https:\/\/konkret.store\/app\/uploads\/2023\/04\/star-removebg-64x49.png 64w, https:\/\/konkret.store\/app\/uploads\/2023\/04\/star-removebg.png 612w\" data-src=\"https:\/\/konkret.store\/app\/uploads\/2023\/04\/star-removebg-300x231.png\" data-sizes=\"(max-width: 27px) 100vw, 27px\" \/>W paczce znajduje si\u0119 produkt inny ni\u017c zam\u00f3wiony? Jest jaki\u015b inny pow\u00f3d?<\/p>\n<p>Reklamacj\u0119 mog\u0105 zg\u0142osi\u0107 Pa\u0144stwo mailowo na adres: <a href=\"mailto:hello@konkret.store\">hello@konkret.store<\/a><\/p>\n<p><img loading=\"lazy\" decoding=\"async\" class=\"alignnone wp-image-16049 lazyloaded\" src=\"https:\/\/konkret.store\/app\/uploads\/2023\/04\/star-removebg-300x231.png\" sizes=\"auto, (max-width: 27px) 100vw, 27px\" srcset=\"https:\/\/konkret.store\/app\/uploads\/2023\/04\/star-removebg-300x231.png 300w, https:\/\/konkret.store\/app\/uploads\/2023\/04\/star-removebg-610x469.png 610w, https:\/\/konkret.store\/app\/uploads\/2023\/04\/star-removebg-64x49.png 64w, https:\/\/konkret.store\/app\/uploads\/2023\/04\/star-removebg.png 612w\" alt=\"\" width=\"27\" height=\"21\" data-srcset=\"https:\/\/konkret.store\/app\/uploads\/2023\/04\/star-removebg-300x231.png 300w, https:\/\/konkret.store\/app\/uploads\/2023\/04\/star-removebg-610x469.png 610w, https:\/\/konkret.store\/app\/uploads\/2023\/04\/star-removebg-64x49.png 64w, https:\/\/konkret.store\/app\/uploads\/2023\/04\/star-removebg.png 612w\" data-src=\"https:\/\/konkret.store\/app\/uploads\/2023\/04\/star-removebg-300x231.png\" data-sizes=\"(max-width: 27px) 100vw, 27px\" \/>Termin udzielenia odpowiedzi na reklamacj\u0119.<\/p>\n<p>Termin na rozpatrzenie reklamacji towaru zakupionego przed 1 stycznia 2023 roku wynosi 14 dni kalendarzowych i dotyczy wy\u0142\u0105cznie \u017c\u0105da\u0144: naprawy, wymiany lub obni\u017cenia ceny.<\/p>\n<p><img loading=\"lazy\" decoding=\"async\" class=\"alignnone wp-image-16049 lazyloaded\" src=\"https:\/\/konkret.store\/app\/uploads\/2023\/04\/star-removebg-300x231.png\" sizes=\"auto, (max-width: 27px) 100vw, 27px\" srcset=\"https:\/\/konkret.store\/app\/uploads\/2023\/04\/star-removebg-300x231.png 300w, https:\/\/konkret.store\/app\/uploads\/2023\/04\/star-removebg-610x469.png 610w, https:\/\/konkret.store\/app\/uploads\/2023\/04\/star-removebg-64x49.png 64w, https:\/\/konkret.store\/app\/uploads\/2023\/04\/star-removebg.png 612w\" alt=\"\" width=\"27\" height=\"21\" data-srcset=\"https:\/\/konkret.store\/app\/uploads\/2023\/04\/star-removebg-300x231.png 300w, https:\/\/konkret.store\/app\/uploads\/2023\/04\/star-removebg-610x469.png 610w, https:\/\/konkret.store\/app\/uploads\/2023\/04\/star-removebg-64x49.png 64w, https:\/\/konkret.store\/app\/uploads\/2023\/04\/star-removebg.png 612w\" data-src=\"https:\/\/konkret.store\/app\/uploads\/2023\/04\/star-removebg-300x231.png\" data-sizes=\"(max-width: 27px) 100vw, 27px\" \/>Co potrzebujemy?<\/p>\n<p>Twoje dane kontaktowe oraz informacje o reklamacji ( Nazwa produktu, Numer zam\u00f3wienia, opis reklamacji oraz niezb\u0119dne fotografie )<\/p>\n<p>W ten spos\u00f3b w kr\u00f3tkim czasie uzyskamy wszystkie niezb\u0119dne informacje, kt\u00f3re u\u0142atwi\u0105 prace nad Pa\u0144stwa reklamacj\u0105.<br \/>\n<strong>Bardzo nam to pomo\u017ce, dzi\u0119kujemy!<\/strong><\/p>\n        <\/div>\n              <\/div>\n    <\/div>\n  <\/div>\n<\/section>\n","protected":false},"excerpt":{"rendered":"","protected":false},"author":1,"featured_media":0,"parent":0,"menu_order":0,"comment_status":"closed","ping_status":"closed","template":"views\/page-informational.blade.php","meta":{"_acf_changed":false,"footnotes":""},"class_list":["post-4696","page","type-page","status-publish","hentry"],"acf":[],"yoast_head":"<!-- This site is optimized with the Yoast SEO plugin v26.8 - https:\/\/yoast.com\/product\/yoast-seo-wordpress\/ -->\n<title>Reklamacje - konkret.store<\/title>\n<meta name=\"description\" content=\"Co\u015b posz\u0142o nie\u00a0tak?\" \/>\n<meta name=\"robots\" content=\"index, follow, max-snippet:-1, max-image-preview:large, max-video-preview:-1\" \/>\n<link rel=\"canonical\" href=\"https:\/\/konkret.store\/pl\/reklamacje\/\" \/>\n<meta property=\"og:locale\" content=\"pl_PL\" \/>\n<meta property=\"og:type\" content=\"article\" \/>\n<meta property=\"og:title\" content=\"Reklamacje - konkret.store\" \/>\n<meta property=\"og:description\" content=\"Co\u015b posz\u0142o nie\u00a0tak?\" \/>\n<meta property=\"og:url\" content=\"https:\/\/konkret.store\/pl\/reklamacje\/\" \/>\n<meta property=\"og:site_name\" content=\"konkret.store\" \/>\n<meta property=\"article:publisher\" content=\"https:\/\/facebook.com\/konkret.store\/\" \/>\n<meta property=\"article:modified_time\" content=\"2025-03-17T19:30:53+00:00\" \/>\n<meta name=\"twitter:card\" content=\"summary_large_image\" \/>\n<script type=\"application\/ld+json\" class=\"yoast-schema-graph\">{\"@context\":\"https:\/\/schema.org\",\"@graph\":[{\"@type\":\"WebPage\",\"@id\":\"https:\/\/konkret.store\/pl\/reklamacje\/\",\"url\":\"https:\/\/konkret.store\/pl\/reklamacje\/\",\"name\":\"Reklamacje - konkret.store\",\"isPartOf\":{\"@id\":\"https:\/\/konkret.store\/pl\/#website\"},\"datePublished\":\"2019-04-17T08:02:01+00:00\",\"dateModified\":\"2025-03-17T19:30:53+00:00\",\"description\":\"Co\u015b posz\u0142o nie\u00a0tak?\",\"breadcrumb\":{\"@id\":\"https:\/\/konkret.store\/pl\/reklamacje\/#breadcrumb\"},\"inLanguage\":\"pl-PL\",\"potentialAction\":[{\"@type\":\"ReadAction\",\"target\":[\"https:\/\/konkret.store\/pl\/reklamacje\/\"]}]},{\"@type\":\"BreadcrumbList\",\"@id\":\"https:\/\/konkret.store\/pl\/reklamacje\/#breadcrumb\",\"itemListElement\":[{\"@type\":\"ListItem\",\"position\":1,\"name\":\"Strona g\u0142\u00f3wna\",\"item\":\"https:\/\/konkret.store\/pl\/\"},{\"@type\":\"ListItem\",\"position\":2,\"name\":\"Reklamacje\"}]},{\"@type\":\"WebSite\",\"@id\":\"https:\/\/konkret.store\/pl\/#website\",\"url\":\"https:\/\/konkret.store\/pl\/\",\"name\":\"konkret.store\",\"description\":\"Tylko konkrety\",\"potentialAction\":[{\"@type\":\"SearchAction\",\"target\":{\"@type\":\"EntryPoint\",\"urlTemplate\":\"https:\/\/konkret.store\/pl\/?s={search_term_string}\"},\"query-input\":{\"@type\":\"PropertyValueSpecification\",\"valueRequired\":true,\"valueName\":\"search_term_string\"}}],\"inLanguage\":\"pl-PL\"}]}<\/script>\n<!-- \/ Yoast SEO plugin. -->","yoast_head_json":{"title":"Reklamacje - konkret.store","description":"Co\u015b posz\u0142o nie\u00a0tak?","robots":{"index":"index","follow":"follow","max-snippet":"max-snippet:-1","max-image-preview":"max-image-preview:large","max-video-preview":"max-video-preview:-1"},"canonical":"https:\/\/konkret.store\/pl\/reklamacje\/","og_locale":"pl_PL","og_type":"article","og_title":"Reklamacje - konkret.store","og_description":"Co\u015b posz\u0142o nie\u00a0tak?","og_url":"https:\/\/konkret.store\/pl\/reklamacje\/","og_site_name":"konkret.store","article_publisher":"https:\/\/facebook.com\/konkret.store\/","article_modified_time":"2025-03-17T19:30:53+00:00","twitter_card":"summary_large_image","schema":{"@context":"https:\/\/schema.org","@graph":[{"@type":"WebPage","@id":"https:\/\/konkret.store\/pl\/reklamacje\/","url":"https:\/\/konkret.store\/pl\/reklamacje\/","name":"Reklamacje - konkret.store","isPartOf":{"@id":"https:\/\/konkret.store\/pl\/#website"},"datePublished":"2019-04-17T08:02:01+00:00","dateModified":"2025-03-17T19:30:53+00:00","description":"Co\u015b posz\u0142o nie\u00a0tak?","breadcrumb":{"@id":"https:\/\/konkret.store\/pl\/reklamacje\/#breadcrumb"},"inLanguage":"pl-PL","potentialAction":[{"@type":"ReadAction","target":["https:\/\/konkret.store\/pl\/reklamacje\/"]}]},{"@type":"BreadcrumbList","@id":"https:\/\/konkret.store\/pl\/reklamacje\/#breadcrumb","itemListElement":[{"@type":"ListItem","position":1,"name":"Strona g\u0142\u00f3wna","item":"https:\/\/konkret.store\/pl\/"},{"@type":"ListItem","position":2,"name":"Reklamacje"}]},{"@type":"WebSite","@id":"https:\/\/konkret.store\/pl\/#website","url":"https:\/\/konkret.store\/pl\/","name":"konkret.store","description":"Tylko konkrety","potentialAction":[{"@type":"SearchAction","target":{"@type":"EntryPoint","urlTemplate":"https:\/\/konkret.store\/pl\/?s={search_term_string}"},"query-input":{"@type":"PropertyValueSpecification","valueRequired":true,"valueName":"search_term_string"}}],"inLanguage":"pl-PL"}]}},"_links":{"self":[{"href":"https:\/\/konkret.store\/pl\/wp-json\/wp\/v2\/pages\/4696","targetHints":{"allow":["GET"]}}],"collection":[{"href":"https:\/\/konkret.store\/pl\/wp-json\/wp\/v2\/pages"}],"about":[{"href":"https:\/\/konkret.store\/pl\/wp-json\/wp\/v2\/types\/page"}],"author":[{"embeddable":true,"href":"https:\/\/konkret.store\/pl\/wp-json\/wp\/v2\/users\/1"}],"replies":[{"embeddable":true,"href":"https:\/\/konkret.store\/pl\/wp-json\/wp\/v2\/comments?post=4696"}],"version-history":[{"count":2,"href":"https:\/\/konkret.store\/pl\/wp-json\/wp\/v2\/pages\/4696\/revisions"}],"predecessor-version":[{"id":23858,"href":"https:\/\/konkret.store\/pl\/wp-json\/wp\/v2\/pages\/4696\/revisions\/23858"}],"wp:attachment":[{"href":"https:\/\/konkret.store\/pl\/wp-json\/wp\/v2\/media?parent=4696"}],"curies":[{"name":"wp","href":"https:\/\/api.w.org\/{rel}","templated":true}]}}