{"id":9023,"date":"2022-12-08T08:19:47","date_gmt":"2022-12-08T08:19:47","guid":{"rendered":"https:\/\/konkret.store\/?page_id=9023"},"modified":"2025-02-18T09:54:52","modified_gmt":"2025-02-18T08:54:52","slug":"meble-na-miare","status":"publish","type":"page","link":"https:\/\/konkret.store\/pl\/meble-na-miare\/","title":{"rendered":"Meble na miar\u0119 !"},"content":{"rendered":"<div class=\"hero hero--image\" style=\"background-image:url(https:\/\/konkret.store\/app\/uploads\/2025\/02\/uslugi-projektowe-2.jpg)\">\n        <div class=\"container\">\n          <div class=\"row align-items-center\">\n            <div class=\"col-lg-6 \">\n              <h1><\/h1>\n              <div class=\"hero__text\"><h3><\/h3>\n<p>&nbsp;<\/p>\n<h3><\/h3>\n<h3><\/h3>\n<h3><\/h3>\n<h3><\/h3>\n<h3><\/h3>\n<h3><\/h3>\n<h3><\/h3>\n<p>&nbsp;<\/p>\n<p>&nbsp;<\/p>\n<p>&nbsp;<\/p>\n<p>&nbsp;<\/p>\n<p>&nbsp;<\/p>\n<p>&nbsp;<\/p>\n<p>&nbsp;<\/p>\n<p>&nbsp;<\/p>\n<p><span style=\"color: #000000;\">Masz szkic, pomys\u0142 &#8211; robimy meble na wymiar !<\/span><\/p>\n<p><span style=\"color: #000000;\">Skontaktuj si\u0119, a pomo\u017cemy Ci dalej w procesie.<\/span><\/p>\n<p>&nbsp;<\/p>\n<\/div>\n                          <\/div>\n          <\/div>\n        <\/div>\n      <\/div>\n      \n\n<section class=\"icons\">\n  <div class=\"container\">\n          <div class=\"row\">\n                  <div class=\"col-lg-8 text-left\">\n            <h2><\/h2>\n            <div class=\"icons__text\"><div class=\"single-info single-element\">\n<article class=\"icon-about-service\">\n<h3 style=\"text-align: center;\">Uwielbiamy wsp\u00f3\u0142pracowa\u0107 z najlepszymi w swojej bran\u017cy.<\/h3>\n<\/article>\n<\/div>\n<div class=\"single-info single-element\">\n<article class=\"icon-about-engagement\">\u00a0<\/article>\n<\/div>\n<\/div>\n          <\/div>\n              <\/div>\n        <div class=\"icons__wrapper\">\n              <div class=\"icons__icon\">\n          <div class=\"icons__icon__image\">\n            <img loading=\"lazy\" decoding=\"async\" width=\"774\" height=\"182\" src=\"https:\/\/konkret.store\/app\/uploads\/2024\/02\/cleaf.jpeg\" class=\"attachment-full size-full\" alt=\"\" \/>          <\/div>\n          <div class=\"icons__icon__text h6\"><\/div>\n        <\/div>\n              <div class=\"icons__icon\">\n          <div class=\"icons__icon__image\">\n            <img loading=\"lazy\" decoding=\"async\" width=\"774\" height=\"182\" src=\"https:\/\/konkret.store\/app\/uploads\/2024\/02\/eegger.jpeg\" class=\"attachment-full size-full\" alt=\"\" \/>          <\/div>\n          <div class=\"icons__icon__text h6\"><\/div>\n        <\/div>\n              <div class=\"icons__icon\">\n          <div class=\"icons__icon__image\">\n            <img loading=\"lazy\" decoding=\"async\" width=\"774\" height=\"182\" src=\"https:\/\/konkret.store\/app\/uploads\/2024\/02\/forner.jpeg\" class=\"attachment-full size-full\" alt=\"\" \/>          <\/div>\n          <div class=\"icons__icon__text h6\"><\/div>\n        <\/div>\n              <div class=\"icons__icon\">\n          <div class=\"icons__icon__image\">\n            <img loading=\"lazy\" decoding=\"async\" width=\"774\" height=\"182\" src=\"https:\/\/konkret.store\/app\/uploads\/2024\/02\/italiana.jpeg\" class=\"attachment-full size-full\" alt=\"\" \/>          <\/div>\n          <div class=\"icons__icon__text h6\"><\/div>\n        <\/div>\n              <div class=\"icons__icon\">\n          <div class=\"icons__icon__image\">\n            <img loading=\"lazy\" decoding=\"async\" width=\"774\" height=\"182\" src=\"https:\/\/konkret.store\/app\/uploads\/2024\/02\/swiss.jpeg\" class=\"attachment-full size-full\" alt=\"\" \/>          <\/div>\n          <div class=\"icons__icon__text h6\"><\/div>\n        <\/div>\n              <div class=\"icons__icon\">\n          <div class=\"icons__icon__image\">\n            <img loading=\"lazy\" decoding=\"async\" width=\"798\" height=\"298\" src=\"https:\/\/konkret.store\/app\/uploads\/2025\/02\/blum.png\" class=\"attachment-full size-full\" alt=\"\" srcset=\"https:\/\/konkret.store\/app\/uploads\/2025\/02\/blum.png 798w, https:\/\/konkret.store\/app\/uploads\/2025\/02\/blum-300x112.png 300w, https:\/\/konkret.store\/app\/uploads\/2025\/02\/blum-768x287.png 768w, https:\/\/konkret.store\/app\/uploads\/2025\/02\/blum-610x228.png 610w, https:\/\/konkret.store\/app\/uploads\/2025\/02\/blum-64x24.png 64w\" sizes=\"auto, (max-width: 798px) 100vw, 798px\" \/>          <\/div>\n          <div class=\"icons__icon__text h6\"><\/div>\n        <\/div>\n          <\/div>\n  <\/div>\n<\/section>\n\n\n<section class=\"hero hero--gallery\">\n    <div class=\"swiper heroSwiper\">\n      <div class=\"swiper-wrapper\">\n                  <div class=\"swiper-slide\" style=\"background-image: url(https:\/\/konkret.store\/app\/uploads\/2024\/02\/271178219_1062229617685227_5095821192901.jpeg)\">\n            <div class=\"container\">\n              <div class=\"row align-items-center\">\n                <div class=\"col-lg-6  offset-lg-3 text-center \">\n                  <h1><\/h1>\n                  <div class=\"hero__text\"><p>Posiadamy du\u017cy wyb\u00f3r kolor\u00f3w i materia\u0142\u00f3w oraz zawsze znajdujemy dobre rozwi\u0105zania dla trudnych zada\u0144.<\/p>\n<\/div>\n                                  <\/div>\n              <\/div>\n            <\/div>\n          <\/div>\n                  <div class=\"swiper-slide\" style=\"background-image: url(https:\/\/konkret.store\/app\/uploads\/2024\/02\/261260752_4369391853169168_1945539120755143567_n.jpeg)\">\n            <div class=\"container\">\n              <div class=\"row align-items-center\">\n                <div class=\"col-lg-6 \">\n                  <h1><\/h1>\n                  <div class=\"hero__text\"><p>Dzi\u0119ki spersonalizowanym, dopasowanym do wymiar\u00f3w rozwi\u0105zaniom, szafa zostanie dostosowana zar\u00f3wno do Twoich praktycznych, jak i estetycznych potrzeb.<\/p>\n<\/div>\n                                  <\/div>\n              <\/div>\n            <\/div>\n          <\/div>\n                  <div class=\"swiper-slide\" style=\"background-image: url(https:\/\/konkret.store\/app\/uploads\/2024\/02\/ProfMedica-NOTI.jpeg)\">\n            <div class=\"container\">\n              <div class=\"row align-items-center\">\n                <div class=\"col-lg-6  offset-lg-3 text-center \">\n                  <h1><\/h1>\n                  <div class=\"hero__text\"><p>Tworzymy meble na wymiar &#8211; dok\u0142adnie tak, jak sobie tego \u017cycz\u0105 Pa\u0144stwo!<\/p>\n<\/div>\n                                  <\/div>\n              <\/div>\n            <\/div>\n          <\/div>\n                  <div class=\"swiper-slide\" style=\"background-image: url(https:\/\/konkret.store\/app\/uploads\/2024\/02\/IMG_4919.jpeg)\">\n            <div class=\"container\">\n              <div class=\"row align-items-center\">\n                <div class=\"col-lg-6  offset-lg-3 text-center \">\n                  <h1><\/h1>\n                  <div class=\"hero__text\"><\/div>\n                                  <\/div>\n              <\/div>\n            <\/div>\n          <\/div>\n              <\/div>\n    <\/div>\n  <\/section>\n\n\n<section class=\"image-text\">\n  <div class=\"container\">\n    <div class=\"row align-items-center\">\n      <div class=\"col-lg-6  offset-lg-1  image-text--right\">\n        <div class=\"image-text__image\">\n          <img loading=\"lazy\" decoding=\"async\" width=\"1200\" height=\"820\" src=\"https:\/\/konkret.store\/app\/uploads\/2024\/02\/EGGER_CLEAF_3.jpeg\" class=\"attachment-full size-full\" alt=\"\" \/>        <\/div>\n      <\/div>\n      <div class=\"col-lg-5 \">\n                <h2>Co to jest design ?<\/h2>\n        <div class=\"image-text__text\">\n          <p>Projektowanie polega na okre\u015blaniu wygl\u0105du oraz funkcji produktu. S\u0142owo &#8222;projektowanie&#8221; odnosi si\u0119 zar\u00f3wno do procesu tw\u00f3rczego, jak i do ko\u0144cowego rezultatu.<\/p>\n<p>Otaczamy si\u0119 projektowaniem ca\u0142y czas, zar\u00f3wno w przestrzeniach publicznych jak i w naszych domach. Wszystko, co jest stworzone przez cz\u0142owieka, ma sw\u00f3j wygl\u0105d, a wszystko, co u\u017cywamy w ci\u0105gu dnia, powinno dzia\u0142a\u0107. Nasze do\u015bwiadczenia z kolorami, formami i funkcjami tworz\u0105 atmosfer\u0119 i wp\u0142ywaj\u0105 na nasze samopoczucie.<\/p>\n        <\/div>\n              <\/div>\n    <\/div>\n  <\/div>\n<\/section>\n\n\n<section class=\"image-text image-text--centered\">\n  <div class=\"container\">\n    <div class=\"row align-items-center\">\n      <div class=\"col-lg-6 offset-lg-3\">\n                <h2>Projektowanie i zr\u00f3wnowa\u017cony rozw\u00f3j<\/h2>\n        <div class=\"image-text__text\">\n          <p>W \u015bwiecie ograniczonych zasob\u00f3w wa\u017cne jest, aby\u015bmy my\u015bleli o zr\u00f3wnowa\u017conym rozwoju. Musimy mie\u0107 wiedz\u0119 na temat materia\u0142\u00f3w i proces\u00f3w produkcyjnych, aby podejmowa\u0107 etyczne i \u015bwiadome wybory z punktu widzenia \u015brodowiska. Czy potrafimy zobaczy\u0107, w jaki spos\u00f3b nasze wybory wp\u0142ywaj\u0105 na natur\u0119?<\/p>\n<p>Dobra jako\u015b\u0107 sprawia, \u017ce produkty s\u0105 trwalsze i nie musz\u0105 by\u0107 wymieniane na nowe. Mo\u017cliwo\u015b\u0107 naprawy i konserwacji mo\u017ce przeciwdzia\u0142a\u0107 mentalno\u015bci &#8222;u\u017cyj i wyrzu\u0107&#8221;.<\/p>\n        <\/div>\n              <\/div>\n      <div class=\"col-lg-8 offset-lg-2\">\n        <div class=\"image-text__image\">\n          <img loading=\"lazy\" decoding=\"async\" width=\"1000\" height=\"630\" src=\"https:\/\/konkret.store\/app\/uploads\/2024\/02\/Volunteer-for-Local-Environmental-Group-1000x630-1.jpeg\" class=\"attachment-full size-full\" alt=\"\" \/>        <\/div>\n      <\/div>\n    <\/div>\n  <\/div>\n<\/section>\n\n\n<section class=\"contact\">\n  <div class=\"container\">\n    <div class=\"row\">\n      <div class=\"col-lg-5\">\n        <h2>Dlaczego MY ?<\/h2>\n        <p>Wybieraj\u0105c nas, otrzymujesz meble wykonane na zam\u00f3wienie, dostosowane do Twoich wymiar\u00f3w i preferencji. Mo\u017ce to by\u0107 zar\u00f3wno garderoba, kredens, jak i mebel specjalnie zaprojektowany do Twojego domu.<\/p>\n<p>Posiadamy szeroki wyb\u00f3r kolor\u00f3w i materia\u0142\u00f3w oraz zawsze znajdujemy dobre rozwi\u0105zania dla trudnych zada\u0144. Nasze us\u0142ugi oferujemy bezp\u0142atnie, wraz z rysunkami ilustracyjnymi. Dostarczamy na terenie ca\u0142ego kraju.<\/p>\n<p>Mo\u017cesz r\u00f3wnie\u017c przes\u0142a\u0107 nam szkic z wymiarami pomieszczenia. Ch\u0119tnie przyjmiemy r\u00f3wnie\u017c zdj\u0119cia pomieszczenia, kt\u00f3re chcesz urz\u0105dzi\u0107. Im wi\u0119cej informacji maj\u0105 nasi konsultanci, tym lepiej mo\u017cemy dopasowa\u0107 rozwi\u0105zanie do Twoich potrzeb.<\/p>\n<p>A na koniec, jak ma wygl\u0105da\u0107 mebel? Jak sobie go wyobra\u017casz? Jakie materia\u0142y i powierzchnie preferujesz? Nie wahaj si\u0119 pokaza\u0107 nam zdj\u0119\u0107 inspiracyjnych z internetu lub od s\u0105siada.<\/p>\n      <\/div>\n      <div class=\"col-lg-6 offset-lg-1\">\n        \n<div class=\"wpcf7 no-js\" id=\"wpcf7-f9094-o1\" lang=\"pl-PL\" dir=\"ltr\" data-wpcf7-id=\"9094\">\n<div class=\"screen-reader-response\"><p role=\"status\" aria-live=\"polite\" aria-atomic=\"true\"><\/p> <ul><\/ul><\/div>\n<form action=\"\/pl\/wp-json\/wp\/v2\/pages\/9023#wpcf7-f9094-o1\" method=\"post\" class=\"wpcf7-form init\" aria-label=\"Formularz kontaktowy\" novalidate=\"novalidate\" data-status=\"init\">\n<fieldset class=\"hidden-fields-container\"><input type=\"hidden\" name=\"_wpcf7\" value=\"9094\" \/><input type=\"hidden\" name=\"_wpcf7_version\" value=\"6.1.4\" \/><input type=\"hidden\" name=\"_wpcf7_locale\" value=\"pl_PL\" \/><input type=\"hidden\" name=\"_wpcf7_unit_tag\" value=\"wpcf7-f9094-o1\" \/><input type=\"hidden\" name=\"_wpcf7_container_post\" value=\"0\" \/><input type=\"hidden\" name=\"_wpcf7_posted_data_hash\" value=\"\" \/><input type=\"hidden\" name=\"_wpcf7_recaptcha_response\" value=\"\" \/>\n<\/fieldset>\n<div class=\"contactform\">\n\t<h4>Wy\u015blij nam wiadomo\u015b\u0107\n\t<\/h4>\n\t<div class=\"contactform__line\">\n\t\t<p><span class=\"wpcf7-form-control-wrap\" data-name=\"your-name\"><input size=\"40\" maxlength=\"400\" class=\"wpcf7-form-control wpcf7-text wpcf7-validates-as-required\" aria-required=\"true\" aria-invalid=\"false\" placeholder=\"Imi\u0119\" value=\"\" type=\"text\" name=\"your-name\" \/><\/span>\n\t\t<\/p>\n\t<\/div>\n\t<div class=\"contactform__line\">\n\t\t<p><span class=\"wpcf7-form-control-wrap\" data-name=\"your-email\"><input size=\"40\" maxlength=\"400\" class=\"wpcf7-form-control wpcf7-email wpcf7-validates-as-required wpcf7-text wpcf7-validates-as-email\" aria-required=\"true\" aria-invalid=\"false\" placeholder=\"Adres e-mail\" value=\"\" type=\"email\" name=\"your-email\" \/><\/span>\n\t\t<\/p>\n\t<\/div>\n\t<div class=\"contactform__line\">\n\t\t<p><span class=\"wpcf7-form-control-wrap\" data-name=\"your-message\"><textarea cols=\"40\" rows=\"10\" maxlength=\"2000\" class=\"wpcf7-form-control wpcf7-textarea wpcf7-validates-as-required\" aria-required=\"true\" aria-invalid=\"false\" placeholder=\"Wiadomo\u015b\u0107\" name=\"your-message\"><\/textarea><\/span>\n\t\t<\/p>\n\t<\/div>\n\t<div class=\"contactform__line\" style=\"margin-bottom:25px;margin-top:-5px;>\n\t\t<p><span class=\"wpcf7-form-control-wrap\" data-name=\"upload-file-549\"><input size=\"40\" class=\"wpcf7-form-control wpcf7-drag-n-drop-file d-none\" aria-invalid=\"false\" type=\"file\" multiple=\"multiple\" data-name=\"upload-file-549\" data-type=\"jpeg|png|jpg|gif|pdf\" data-id=\"9094\" data-version=\"free version 1.3.9.1\" accept=\".jpeg, .png, .jpg, .gif, .pdf\" \/><\/span>\n\t\t<\/p>\n\t<\/div>\n\t<div class=\"contactform__submit\">\n\t<div class=\"wpcf7-response-output\" aria-hidden=\"true\"><\/div>\n\t\t<p><button type=\"submit\" class=\"btn\">Wy\u015blij<\/button>\n\t\t<\/p>\n\t<\/div>\n<\/div>\n<\/form>\n<\/div>\n      <\/div>\n    <\/div>\n  <\/div>\n<\/section>\n\n\n<section class=\"text-block\">\n  <div class=\"container\">\n          <p style=\"text-align: center;\">W ka\u017cdym projekcie \u015bwiadomie wsp\u00f3\u0142pracujemy z inwestorem, aby osi\u0105gn\u0105\u0107 najlepszy rezultat zar\u00f3wno pod wzgl\u0119dem jako\u015bciowym, jak i ekonomicznym. Skupiaj\u0105c si\u0119 na odpowiednich wyborach i szybkich decyzjach, zapewniamy profesjonalne wykonanie, efektywne post\u0119py i zako\u0144czenie prac zgodnie z ustaleniami.<\/p>\n      <\/div>\n<\/section>\n\n\n<section class=\"image-text\">\n  <div class=\"container\">\n    <div class=\"row align-items-center\">\n      <div class=\"col-lg-7  image-text--left\">\n        <div class=\"image-text__image\">\n          <img loading=\"lazy\" decoding=\"async\" width=\"2016\" height=\"1512\" src=\"https:\/\/konkret.store\/app\/uploads\/2024\/02\/IMG_5467.jpeg\" class=\"attachment-full size-full\" alt=\"\" \/>        <\/div>\n      <\/div>\n      <div class=\"col-lg-4  offset-lg-1 \">\n        <h2 class=\"higher underlined\"><\/h2>\n        <div class=\"image-text__text\">\n          <p>Wykonujemy garderoby przesuwne na wymiar oraz r\u00f3\u017cne rozwi\u0105zania typu walk-in.<\/p>\n        <\/div>\n              <\/div>\n    <\/div>\n  <\/div>\n<\/section>\n\n\n<section class=\"image-text\">\n  <div class=\"container\">\n    <div class=\"row align-items-center\">\n      <div class=\"col-lg-7  offset-lg-1  image-text--right\">\n        <div class=\"image-text__image\">\n          <img loading=\"lazy\" decoding=\"async\" width=\"2016\" height=\"1512\" src=\"https:\/\/konkret.store\/app\/uploads\/2024\/02\/IMG_5524.jpeg\" class=\"attachment-full size-full\" alt=\"\" \/>        <\/div>\n      <\/div>\n      <div class=\"col-lg-4 \">\n        <h2 class=\"higher underlined\"><\/h2>\n        <div class=\"image-text__text\">\n          <p>Niezale\u017cnie od tego, czy potrzebujesz du\u017cej i przestronnej szafy, czy ma\u0142ej i funkcjonalnej szafki, mamy szeroki wyb\u00f3r szafek RTV i rozwi\u0105za\u0144 do przechowywania.<\/p>\n        <\/div>\n              <\/div>\n    <\/div>\n  <\/div>\n<\/section>\n\n\n<section class=\"image-text\">\n  <div class=\"container\">\n    <div class=\"row align-items-center\">\n      <div class=\"col-lg-7  image-text--left\">\n        <div class=\"image-text__image\">\n          <img loading=\"lazy\" decoding=\"async\" width=\"2560\" height=\"1920\" src=\"https:\/\/konkret.store\/app\/uploads\/2025\/02\/IMG_0228-scaled-1.jpg\" class=\"attachment-full size-full\" alt=\"\" srcset=\"https:\/\/konkret.store\/app\/uploads\/2025\/02\/IMG_0228-scaled-1.jpg 2560w, https:\/\/konkret.store\/app\/uploads\/2025\/02\/IMG_0228-scaled-1-300x225.jpg 300w, https:\/\/konkret.store\/app\/uploads\/2025\/02\/IMG_0228-scaled-1-1024x768.jpg 1024w, https:\/\/konkret.store\/app\/uploads\/2025\/02\/IMG_0228-scaled-1-768x576.jpg 768w, https:\/\/konkret.store\/app\/uploads\/2025\/02\/IMG_0228-scaled-1-1536x1152.jpg 1536w, https:\/\/konkret.store\/app\/uploads\/2025\/02\/IMG_0228-scaled-1-2048x1536.jpg 2048w, https:\/\/konkret.store\/app\/uploads\/2025\/02\/IMG_0228-scaled-1-610x458.jpg 610w, https:\/\/konkret.store\/app\/uploads\/2025\/02\/IMG_0228-scaled-1-64x48.jpg 64w\" sizes=\"auto, (max-width: 2560px) 100vw, 2560px\" \/>        <\/div>\n      <\/div>\n      <div class=\"col-lg-4  offset-lg-1 \">\n        <h2 class=\"higher underlined\"><\/h2>\n        <div class=\"image-text__text\">\n          <p>R\u0119cznie wykonane, na wymiar meble wysokiej jako\u015bci. Pi\u0119kne i unikalne r\u0119cznie robione meble oraz wyposa\u017cenie wn\u0119trz z litego drewna do domu i domku letniskowego.<\/p>\n        <\/div>\n              <\/div>\n    <\/div>\n  <\/div>\n<\/section>\n\n\n<section class=\"image-text\">\n  <div class=\"container\">\n    <div class=\"row align-items-center\">\n      <div class=\"col-lg-7  offset-lg-1  image-text--right\">\n        <div class=\"image-text__image\">\n          <img loading=\"lazy\" decoding=\"async\" width=\"2279\" height=\"2560\" src=\"https:\/\/konkret.store\/app\/uploads\/2025\/02\/IMG_7274-scaled-1.jpg\" class=\"attachment-full size-full\" alt=\"\" srcset=\"https:\/\/konkret.store\/app\/uploads\/2025\/02\/IMG_7274-scaled-1.jpg 2279w, https:\/\/konkret.store\/app\/uploads\/2025\/02\/IMG_7274-scaled-1-267x300.jpg 267w, https:\/\/konkret.store\/app\/uploads\/2025\/02\/IMG_7274-scaled-1-912x1024.jpg 912w, https:\/\/konkret.store\/app\/uploads\/2025\/02\/IMG_7274-scaled-1-768x863.jpg 768w, https:\/\/konkret.store\/app\/uploads\/2025\/02\/IMG_7274-scaled-1-1367x1536.jpg 1367w, https:\/\/konkret.store\/app\/uploads\/2025\/02\/IMG_7274-scaled-1-1823x2048.jpg 1823w, https:\/\/konkret.store\/app\/uploads\/2025\/02\/IMG_7274-scaled-1-610x685.jpg 610w, https:\/\/konkret.store\/app\/uploads\/2025\/02\/IMG_7274-scaled-1-64x72.jpg 64w\" sizes=\"auto, (max-width: 2279px) 100vw, 2279px\" \/>        <\/div>\n      <\/div>\n      <div class=\"col-lg-4 \">\n        <h2 class=\"higher underlined\"><\/h2>\n        <div class=\"image-text__text\">\n          <p>Szafka RTV mo\u017ce \u0142atwo od\u015bwie\u017cy\u0107 styl salonu, a jednocze\u015bnie poprawi\u0107 komfort ogl\u0105dania telewizji.<\/p>\n        <\/div>\n              <\/div>\n    <\/div>\n  <\/div>\n<\/section>\n","protected":false},"excerpt":{"rendered":"","protected":false},"author":1,"featured_media":0,"parent":0,"menu_order":0,"comment_status":"closed","ping_status":"closed","template":"","meta":{"_acf_changed":false,"footnotes":""},"class_list":["post-9023","page","type-page","status-publish","hentry"],"acf":[],"yoast_head":"<!-- This site is optimized with the Yoast SEO plugin v26.8 - https:\/\/yoast.com\/product\/yoast-seo-wordpress\/ -->\n<title>Meble na miar\u0119 ! - konkret.store<\/title>\n<meta name=\"description\" content=\"Masz szkic, pomys\u0142 - robimy meble na wymiar !Skontaktuj si\u0119, a pomo\u017cemy Ci dalej w procesie.\" \/>\n<meta name=\"robots\" content=\"index, follow, max-snippet:-1, max-image-preview:large, max-video-preview:-1\" \/>\n<link rel=\"canonical\" href=\"https:\/\/konkret.store\/pl\/meble-na-miare\/\" \/>\n<meta property=\"og:locale\" content=\"pl_PL\" \/>\n<meta property=\"og:type\" content=\"article\" \/>\n<meta property=\"og:title\" content=\"Meble na miar\u0119 ! - konkret.store\" \/>\n<meta property=\"og:description\" content=\"Masz szkic, pomys\u0142 - robimy meble na wymiar !Skontaktuj si\u0119, a pomo\u017cemy Ci dalej w procesie.\" \/>\n<meta property=\"og:url\" content=\"https:\/\/konkret.store\/pl\/meble-na-miare\/\" \/>\n<meta property=\"og:site_name\" content=\"konkret.store\" \/>\n<meta property=\"article:publisher\" content=\"https:\/\/facebook.com\/konkret.store\/\" \/>\n<meta property=\"article:modified_time\" content=\"2025-02-18T08:54:52+00:00\" \/>\n<meta name=\"twitter:card\" content=\"summary_large_image\" \/>\n<script type=\"application\/ld+json\" class=\"yoast-schema-graph\">{\"@context\":\"https:\/\/schema.org\",\"@graph\":[{\"@type\":\"WebPage\",\"@id\":\"https:\/\/konkret.store\/pl\/meble-na-miare\/\",\"url\":\"https:\/\/konkret.store\/pl\/meble-na-miare\/\",\"name\":\"Meble na miar\u0119 ! - konkret.store\",\"isPartOf\":{\"@id\":\"https:\/\/konkret.store\/pl\/#website\"},\"datePublished\":\"2022-12-08T08:19:47+00:00\",\"dateModified\":\"2025-02-18T08:54:52+00:00\",\"description\":\"Masz szkic, pomys\u0142 - robimy meble na wymiar !Skontaktuj si\u0119, a pomo\u017cemy Ci dalej w procesie.\",\"breadcrumb\":{\"@id\":\"https:\/\/konkret.store\/pl\/meble-na-miare\/#breadcrumb\"},\"inLanguage\":\"pl-PL\",\"potentialAction\":[{\"@type\":\"ReadAction\",\"target\":[\"https:\/\/konkret.store\/pl\/meble-na-miare\/\"]}]},{\"@type\":\"BreadcrumbList\",\"@id\":\"https:\/\/konkret.store\/pl\/meble-na-miare\/#breadcrumb\",\"itemListElement\":[{\"@type\":\"ListItem\",\"position\":1,\"name\":\"Strona g\u0142\u00f3wna\",\"item\":\"https:\/\/konkret.store\/pl\/\"},{\"@type\":\"ListItem\",\"position\":2,\"name\":\"Meble na miar\u0119 !\"}]},{\"@type\":\"WebSite\",\"@id\":\"https:\/\/konkret.store\/pl\/#website\",\"url\":\"https:\/\/konkret.store\/pl\/\",\"name\":\"konkret.store\",\"description\":\"Tylko konkrety\",\"potentialAction\":[{\"@type\":\"SearchAction\",\"target\":{\"@type\":\"EntryPoint\",\"urlTemplate\":\"https:\/\/konkret.store\/pl\/?s={search_term_string}\"},\"query-input\":{\"@type\":\"PropertyValueSpecification\",\"valueRequired\":true,\"valueName\":\"search_term_string\"}}],\"inLanguage\":\"pl-PL\"}]}<\/script>\n<!-- \/ Yoast SEO plugin. -->","yoast_head_json":{"title":"Meble na miar\u0119 ! - konkret.store","description":"Masz szkic, pomys\u0142 - robimy meble na wymiar !Skontaktuj si\u0119, a pomo\u017cemy Ci dalej w procesie.","robots":{"index":"index","follow":"follow","max-snippet":"max-snippet:-1","max-image-preview":"max-image-preview:large","max-video-preview":"max-video-preview:-1"},"canonical":"https:\/\/konkret.store\/pl\/meble-na-miare\/","og_locale":"pl_PL","og_type":"article","og_title":"Meble na miar\u0119 ! - konkret.store","og_description":"Masz szkic, pomys\u0142 - robimy meble na wymiar !Skontaktuj si\u0119, a pomo\u017cemy Ci dalej w procesie.","og_url":"https:\/\/konkret.store\/pl\/meble-na-miare\/","og_site_name":"konkret.store","article_publisher":"https:\/\/facebook.com\/konkret.store\/","article_modified_time":"2025-02-18T08:54:52+00:00","twitter_card":"summary_large_image","schema":{"@context":"https:\/\/schema.org","@graph":[{"@type":"WebPage","@id":"https:\/\/konkret.store\/pl\/meble-na-miare\/","url":"https:\/\/konkret.store\/pl\/meble-na-miare\/","name":"Meble na miar\u0119 ! - konkret.store","isPartOf":{"@id":"https:\/\/konkret.store\/pl\/#website"},"datePublished":"2022-12-08T08:19:47+00:00","dateModified":"2025-02-18T08:54:52+00:00","description":"Masz szkic, pomys\u0142 - robimy meble na wymiar !Skontaktuj si\u0119, a pomo\u017cemy Ci dalej w procesie.","breadcrumb":{"@id":"https:\/\/konkret.store\/pl\/meble-na-miare\/#breadcrumb"},"inLanguage":"pl-PL","potentialAction":[{"@type":"ReadAction","target":["https:\/\/konkret.store\/pl\/meble-na-miare\/"]}]},{"@type":"BreadcrumbList","@id":"https:\/\/konkret.store\/pl\/meble-na-miare\/#breadcrumb","itemListElement":[{"@type":"ListItem","position":1,"name":"Strona g\u0142\u00f3wna","item":"https:\/\/konkret.store\/pl\/"},{"@type":"ListItem","position":2,"name":"Meble na miar\u0119 !"}]},{"@type":"WebSite","@id":"https:\/\/konkret.store\/pl\/#website","url":"https:\/\/konkret.store\/pl\/","name":"konkret.store","description":"Tylko konkrety","potentialAction":[{"@type":"SearchAction","target":{"@type":"EntryPoint","urlTemplate":"https:\/\/konkret.store\/pl\/?s={search_term_string}"},"query-input":{"@type":"PropertyValueSpecification","valueRequired":true,"valueName":"search_term_string"}}],"inLanguage":"pl-PL"}]}},"_links":{"self":[{"href":"https:\/\/konkret.store\/pl\/wp-json\/wp\/v2\/pages\/9023","targetHints":{"allow":["GET"]}}],"collection":[{"href":"https:\/\/konkret.store\/pl\/wp-json\/wp\/v2\/pages"}],"about":[{"href":"https:\/\/konkret.store\/pl\/wp-json\/wp\/v2\/types\/page"}],"author":[{"embeddable":true,"href":"https:\/\/konkret.store\/pl\/wp-json\/wp\/v2\/users\/1"}],"replies":[{"embeddable":true,"href":"https:\/\/konkret.store\/pl\/wp-json\/wp\/v2\/comments?post=9023"}],"version-history":[{"count":2,"href":"https:\/\/konkret.store\/pl\/wp-json\/wp\/v2\/pages\/9023\/revisions"}],"predecessor-version":[{"id":24725,"href":"https:\/\/konkret.store\/pl\/wp-json\/wp\/v2\/pages\/9023\/revisions\/24725"}],"wp:attachment":[{"href":"https:\/\/konkret.store\/pl\/wp-json\/wp\/v2\/media?parent=9023"}],"curies":[{"name":"wp","href":"https:\/\/api.w.org\/{rel}","templated":true}]}}