{"id":9171,"date":"2022-12-20T20:50:41","date_gmt":"2022-12-20T20:50:41","guid":{"rendered":"https:\/\/konkret.store\/?page_id=9171"},"modified":"2024-07-15T16:42:37","modified_gmt":"2024-07-15T15:42:37","slug":"pielegnacja","status":"publish","type":"page","link":"https:\/\/konkret.store\/pl\/pielegnacja\/","title":{"rendered":"Piel\u0119gnacja i u\u017cytkowanie"},"content":{"rendered":"<section class=\"text-block\">\n  <div class=\"container\">\n          <p style=\"text-align: center;\">W KONKRET STORE znajdziesz meble odpowiadaj\u0105ce Twoim oczekiwaniom, dzi\u0119ki kt\u00f3rym stworzysz pi\u0119kne wn\u0119trze i pokochasz je jeszcze bardziej.<\/p>\r\n<p style=\"text-align: center;\">Dlatego zebrali\u015bmy gar\u015b\u0107 informacji, dzi\u0119ki kt\u00f3rym odpowiednio zadbasz o sw\u00f3j nowy mebel, tak aby d\u0142ugo cieszy\u0107 si\u0119 jego wyj\u0105tkowym charakterem.<\/p>\r\n<p style=\"text-align: center;\">Pi\u0119kno wymaga czasu, dlatego wi\u0119kszo\u015b\u0107 naszych przedmiot\u00f3w jest wykonywana na zam\u00f3wienie z wykorzystaniem naturalnych materia\u0142\u00f3w.<\/p>\r\n<p style=\"text-align: center;\">Za ich unikalno\u015bci\u0105 stoi nie tylko pieczo\u0142owito\u015b\u0107 wykonania, ale tak\u017ce ekologiczna i zr\u00f3wnowa\u017cona produkcja.<\/p>\r\n<p style=\"text-align: center;\"><span style=\"text-align: var(--bs-body-text-align);\"><b>Pami\u0119taj<\/b><\/span><strong> chro\u0144 \u015brodowisko\u00a0\u2013 nie drukuj je\u015bli\u00a0nie musisz.<\/strong><\/p>\r\n&nbsp;      <\/div>\n<\/section>\n\n\n<section class=\"text-block\">\n  <div class=\"container\">\n          <hr \/>\r\n<p style=\"text-align: center;\">KONKRET STORE pracuje nad zwi\u0119kszeniem udzia\u0142u materia\u0142\u00f3w zr\u00f3wnowa\u017conych. Dzieje si\u0119 to w celu oferowania szerokiej gamy produkt\u00f3w zr\u00f3wnowa\u017conych w asortymencie, a tym samym przyczyniania si\u0119 do zmniejszenia wp\u0142ywu na \u015brodowisko i w d\u0142u\u017cszej perspektywie do zdrowszej planety. Wp\u0142yw produktu na \u015brodowisko jest cz\u0119\u015bciowo okre\u015blany przez wyb\u00f3r materia\u0142\u00f3w. Niekt\u00f3re materia\u0142y maj\u0105 mniejszy wp\u0142yw na \u015brodowisko, poniewa\u017c nie wymagaj\u0105 tak du\u017cej ilo\u015bci chemikali\u00f3w, energii i dost\u0119pu do wody jak inne.<\/p>\r\n<img loading=\"lazy\" decoding=\"async\" class=\" wp-image-14690 aligncenter\" src=\"https:\/\/konkret.store\/app\/uploads\/2023\/03\/organic_materials-300x291.png\" alt=\"\" width=\"118\" height=\"114\" srcset=\"https:\/\/konkret.store\/app\/uploads\/2023\/03\/organic_materials-300x291.png 300w, https:\/\/konkret.store\/app\/uploads\/2023\/03\/organic_materials-64x62.png 64w, https:\/\/konkret.store\/app\/uploads\/2023\/03\/organic_materials.png 557w\" sizes=\"auto, (max-width: 118px) 100vw, 118px\" \/>\r\n\r\n<hr \/>\r\n\r\n<div><\/div>      <\/div>\n<\/section>\n\n\n<section class=\"image-text\">\n  <div class=\"container\">\n    <div class=\"row align-items-center\">\n      <div class=\"col-lg-6  image-text--left\">\n        <div class=\"image-text__image\">\n          <img loading=\"lazy\" decoding=\"async\" width=\"1600\" height=\"1067\" src=\"https:\/\/konkret.store\/app\/uploads\/2024\/04\/image-3.jpeg\" class=\"attachment-full size-full\" alt=\"\" srcset=\"https:\/\/konkret.store\/app\/uploads\/2024\/04\/image-3.jpeg 1600w, https:\/\/konkret.store\/app\/uploads\/2024\/04\/image-3-300x200.jpeg 300w, https:\/\/konkret.store\/app\/uploads\/2024\/04\/image-3-1024x683.jpeg 1024w, https:\/\/konkret.store\/app\/uploads\/2024\/04\/image-3-768x512.jpeg 768w, https:\/\/konkret.store\/app\/uploads\/2024\/04\/image-3-1536x1024.jpeg 1536w, https:\/\/konkret.store\/app\/uploads\/2024\/04\/image-3-610x407.jpeg 610w, https:\/\/konkret.store\/app\/uploads\/2024\/04\/image-3-64x43.jpeg 64w\" sizes=\"auto, (max-width: 1600px) 100vw, 1600px\" \/>        <\/div>\n      <\/div>\n      <div class=\"col-lg-5  offset-lg-1 \">\n                <h2>Meble z litego drewna<\/h2>\n        <div class=\"image-text__text\">\n          Najbardziej wszechobecny i jednocze\u015bnie naturalny surowiec w otoczeniu ka\u017cdego cz\u0142owieka. Jego popularno\u015b\u0107 wynika g\u0142\u00f3wnie z dost\u0119pno\u015bci i unikatowo\u015bci, a tak\u017ce stosunkowej odnawialno\u015bci jego zasob\u00f3w. O czym mowa?\r\n\r\n<strong>O drewnie!<\/strong>\r\n\r\n&nbsp;\r\n\r\nDrewno to materia\u0142, kt\u00f3rego proces jest niezwykle ciekawy i w czasie kt\u00f3rego dziej\u0105 si\u0119 ma\u0142e cuda. To jedne z najpopularniejszych materia\u0142\u00f3w, z jakich najlepsze polskie marki tworz\u0105 swoje produkty. Nic dziwnego \u2013 surowiec drzewny jest podstawowym materia\u0142em wykorzystywanym w produkcji meblowej.\r\n\r\n&nbsp;\r\n\r\nDlatego zebrali\u015bmy najwa\u017cniejsze i najciekawsze informacje ze \u015bwiata natury, przemys\u0142u oraz designu i stworzyli\u015bmy dla Was zebrane w jednym miejscu kompendium wiedzy o drewnie.\r\n\r\n&nbsp;\r\n\r\n&nbsp;\r\n\r\n&nbsp;        <\/div>\n              <\/div>\n    <\/div>\n  <\/div>\n<\/section>\n\n\n<section class=\"image-text\">\n  <div class=\"container\">\n    <div class=\"row align-items-center\">\n      <div class=\"col-lg-6  offset-lg-1  image-text--right\">\n        <div class=\"image-text__image\">\n          <img loading=\"lazy\" decoding=\"async\" width=\"577\" height=\"600\" src=\"https:\/\/konkret.store\/app\/uploads\/2024\/04\/blyszcz-sek-drewno.jpg\" class=\"attachment-full size-full\" alt=\"\" srcset=\"https:\/\/konkret.store\/app\/uploads\/2024\/04\/blyszcz-sek-drewno.jpg 577w, https:\/\/konkret.store\/app\/uploads\/2024\/04\/blyszcz-sek-drewno-289x300.jpg 289w, https:\/\/konkret.store\/app\/uploads\/2024\/04\/blyszcz-sek-drewno-64x67.jpg 64w\" sizes=\"auto, (max-width: 577px) 100vw, 577px\" \/>        <\/div>\n      <\/div>\n      <div class=\"col-lg-5 \">\n                <h2><\/h2>\n        <div class=\"image-text__text\">\n          <p style=\"text-align: left;\">Meble wykonane\u00a0z litego drewna\u00a0lub\u00a0te wykonane z wykorzystaniem powierzchni fornirowanych nale\u017c\u0105 do niekwestionowanej klasyki.\u00a0Cenimy\u00a0drewno\u00a0za\u00a0jego\u00a0szlachetno\u015b\u0107,\u00a0naturalno\u015b\u0107, trwa\u0142o\u015b\u0107 oraz zr\u00f3\u017cnicowanie.\r\nTo r\u00f3wnie\u017c cechy, kt\u00f3re sprawiaj\u0105, \u017ce nale\u017cy mu si\u0119 szczeg\u00f3lna uwaga.<\/p>\r\n<p style=\"text-align: left;\">Ka\u017cdy gatunek drewna posiada inne cechy szczeg\u00f3lne.\r\nJe\u017celi zdecydowa\u0142e\u015b si\u0119 na drewno d\u0119bowe rysunek\u00a0drewna\u00a0z\u00a0pewno\u015bci\u0105\u00a0b\u0119dzie\u00a0wyra\u017any\u00a0i\u00a0charakterystyczny.<\/p>\r\n<p style=\"text-align: left;\">Jesion posiada bardzo zr\u00f3\u017cnicowane us\u0142ojenie \u2013 ja\u015bniejsze odcienie przenikaj\u0105 si\u0119\u00a0zamiennie z brunatnymi. W przypadku orzecha wybarwienie mo\u017ce by\u0107 r\u00f3wnie zr\u00f3\u017cnicowane.\u00a0Osobi\u015bcie s\u0105dzimy, \u017ce jego najwi\u0119kszym atutem jest niezwyk\u0142y i unikalny uk\u0142ad us\u0142ojenia,\u00a0kt\u00f3ry jednocze\u015bnie jest wyra\u017any i nieregularny.<\/p>\r\n<p style=\"text-align: left;\">Niezale\u017cnie od tego, kt\u00f3ry gatunek drewna wybra\u0142e\u015b, z pewno\u015bci\u0105 posiada on naturalne cechy, kt\u00f3rych nie nale\u017cy odbiera\u0107 jako wady. Ka\u017cdy jego centymetr jest inny, posiada naturalne r\u00f3\u017cnice w odcieniu,<\/p>\r\n<p style=\"text-align: left;\">widoczne promienie rdzeniowe oraz inne elementy budowy anatomicznej drewna, takie jak niewielkie ciemniejsze zabarwienia tzw. fa\u0142szywa twardziel, naturalne ubytki, p\u0119kni\u0119cia, b\u0142yszcz oraz s\u0119ki. Te ostatnie maj\u0105 wiele form, dlatego\u00a0je\u017celi\u00a0zdecydowa\u0142e\u015b\u00a0si\u0119\u00a0na\u00a0zakup\u00a0mebla\u00a0o rustykalnym charakterze, istnieje szansa na pojawienie si\u0119 s\u0119k\u00f3w przelotowych \u2013 najbardziej szczeg\u00f3lnych.<\/p>\r\n<p style=\"text-align: left;\">Elementy poddane barwieniu i lakierowaniu mog\u0105 r\u00f3\u017cni\u0107 si\u0119 odcieniami. Wszystkie te cechy \u015bwiadcz\u0105 o wiarygodno\u015bci drewna i jego wyj\u0105tkowym charakterze \u2013 nie s\u0105 podstaw\u0105 do reklamacji. Dopuszcza si\u0119 tak\u017ce r\u00f3\u017cnice w odcieniach w wybarwieniu pomi\u0119dzy w\u0142a\u015bciwym meblem a jego wzornikiem. Wynika to mi\u0119dzy innymi z niepor\u00f3wnywalnie mniejszych rozmiar\u00f3w wzornik\u00f3w.<\/p>\r\n<p style=\"text-align: left;\"><\/p>        <\/div>\n              <\/div>\n    <\/div>\n  <\/div>\n<\/section>\n\n\n<section class=\"text-block\">\n  <div class=\"container\">\n          <p style=\"text-align: center;\"><strong>\u201eNATURALNE DREWNO JEST NIEPOWTARZALNE !\u201d<\/strong><\/p>\r\n<p style=\"text-align: center;\"><strong>BARWA I US\u0141OJENIE<\/strong><\/p>\r\n<p style=\"text-align: center;\">Walory naturalnego drewna np. d\u0119bowego lub orzechowego to jego pi\u0119kny \u201erysunek\u201d, charakterystyczny dla ka\u017cdego gatunku, a tak\u017ce niepowtarzalne odcienie i r\u00f3\u017cnorodne us\u0142ojenie. W zale\u017cno\u015bci od warunk\u00f3w w jakich ros\u0142o drzewo, pozyskany z niego surowiec, charakteryzuje si\u0119 unikalnymi cechami.<\/p>\r\n<p style=\"text-align: center;\">Pami\u0119tajmy, \u017ce materia\u0142 ten mo\u017ce by\u0107 niejednorodny, z naturalnymi przebarwieniami, plamkami, niepowtarzalnymi zakrzywieniami s\u0142oj\u00f3w b\u0119d\u0105 s\u0119kami. Nawet najwy\u017cszej klasy materia\u0142 mo\u017ce si\u0119 r\u00f3\u017cni\u0107, ka\u017cda partia jest inna \u2013 \u201enic dwa razy si\u0119 nie zdarza\u201d. Jest to charakterystyczna cecha i niezaprzeczalny urok drewna, kt\u00f3re m.in. poprzez swoj\u0105 niepowtarzalno\u015b\u0107 r\u00f3\u017cni si\u0119 od jego imitacji z tworzyw sztucznych.<\/p>\r\n<p style=\"text-align: center;\">Nale\u017cy pami\u0119ta\u0107 o tym, \u017ce odcie\u0144 wybarwienia tego typu wyrob\u00f3w, ulega z czasem naturalnej zmianie pod wp\u0142ywem takich czynnik\u00f3w jak \u015bwiat\u0142o i wilgo\u0107.<\/p>\r\n<p style=\"text-align: center;\"><\/p>      <\/div>\n<\/section>\n\n\n<section class=\"image-text image-text--centered\">\n  <div class=\"container\">\n    <div class=\"row align-items-center\">\n      <div class=\"col-lg-6 offset-lg-3\">\n                <h2><\/h2>\n        <div class=\"image-text__text\">\n                  <\/div>\n              <\/div>\n      <div class=\"col-lg-8 offset-lg-2\">\n        <div class=\"image-text__image\">\n          <img loading=\"lazy\" decoding=\"async\" width=\"2000\" height=\"1040\" src=\"https:\/\/konkret.store\/app\/uploads\/2024\/04\/parowanie1-e1645615807983.jpg\" class=\"attachment-full size-full\" alt=\"\" srcset=\"https:\/\/konkret.store\/app\/uploads\/2024\/04\/parowanie1-e1645615807983.jpg 2000w, https:\/\/konkret.store\/app\/uploads\/2024\/04\/parowanie1-e1645615807983-300x156.jpg 300w, https:\/\/konkret.store\/app\/uploads\/2024\/04\/parowanie1-e1645615807983-1024x532.jpg 1024w, https:\/\/konkret.store\/app\/uploads\/2024\/04\/parowanie1-e1645615807983-768x399.jpg 768w, https:\/\/konkret.store\/app\/uploads\/2024\/04\/parowanie1-e1645615807983-1536x799.jpg 1536w, https:\/\/konkret.store\/app\/uploads\/2024\/04\/parowanie1-e1645615807983-610x317.jpg 610w, https:\/\/konkret.store\/app\/uploads\/2024\/04\/parowanie1-e1645615807983-64x33.jpg 64w\" sizes=\"auto, (max-width: 2000px) 100vw, 2000px\" \/>        <\/div>\n      <\/div>\n    <\/div>\n  <\/div>\n<\/section>\n\n\n<section class=\"image-text image-text--centered\">\n  <div class=\"container\">\n    <div class=\"row align-items-center\">\n      <div class=\"col-lg-6 offset-lg-3\">\n                <h2>Piel\u0119gnacja mebli z litego drewna<\/h2>\n        <div class=\"image-text__text\">\n          Wybieraj\u0105c mebel o powierzchni lakierowanej czy wyko\u0144czonej olejowoskiem\/woskiem z powodzeniem udaje si\u0119\u00a0unikn\u0105\u0107 procesu olejowania. To skutecznie zabezpieczona powierzchnia, jednak nale\u017cy o ni\u0105 zadba\u0107 w nie mniejszym stopniu\u00a0jak o meble olejowane. Lakier czy olejowoski i woski r\u00f3wnie\u017c\u00a0s\u0105 wra\u017cliwe na zarysowania oraz na gor\u0105ce naczynia. Tych kilka prostych zasad jest gwarancj\u0105 posiadania pi\u0119knego mebla\u00a0przez lata.\r\n\r\nCiesz\u0105c si\u0119 drewnianymi meblami nale\u017cy r\u00f3wnie\u017c zachowa\u0107 odpowiednie warunki w pomieszczeniu.\u00a0Przede wszystkim wilgotno\u015b\u0107 powietrza powinna znajdowa\u0107 si\u0119 pomi\u0119dzy 45% a 60%. Bezwarunkowo trzeba\u00a0r\u00f3wnie\u017c unika\u0107 ustawiania mebla w pobli\u017cu \u017ar\u00f3d\u0142a ciep\u0142a\u00a0np. kominka, grzejnika czy pieca. Naturalnym procesem\u00a0jest kurczenie si\u0119 drewna w suchych warunkach oraz rozszerzanie w \u015brodowisku wilgotnym.\r\n\r\nR\u00f3wnie nieuniknionym procesem jest starzenie si\u0119 drewna, czego skutkiem jest zmiana jego barwy. Dla op\u00f3\u017anienia tego procesu nale\u017cy unika\u0107 nadmiernego eksponowania drewna na \u015bwiat\u0142o s\u0142oneczne.\u00a0Powy\u017csze cechy oraz zalecenia dotycz\u0105 litego drewna oraz\u00a0mebli z wykorzystaniem okleiny naturalnej.        <\/div>\n              <\/div>\n      <div class=\"col-lg-8 offset-lg-2\">\n        <div class=\"image-text__image\">\n          <img loading=\"lazy\" decoding=\"async\" width=\"1000\" height=\"252\" src=\"https:\/\/konkret.store\/app\/uploads\/2024\/04\/zasady-pielegnacji-1-drewno-piktohgramy-e1661406876625-removebg.png\" class=\"attachment-full size-full\" alt=\"\" srcset=\"https:\/\/konkret.store\/app\/uploads\/2024\/04\/zasady-pielegnacji-1-drewno-piktohgramy-e1661406876625-removebg.png 1000w, https:\/\/konkret.store\/app\/uploads\/2024\/04\/zasady-pielegnacji-1-drewno-piktohgramy-e1661406876625-removebg-300x76.png 300w, https:\/\/konkret.store\/app\/uploads\/2024\/04\/zasady-pielegnacji-1-drewno-piktohgramy-e1661406876625-removebg-768x194.png 768w, https:\/\/konkret.store\/app\/uploads\/2024\/04\/zasady-pielegnacji-1-drewno-piktohgramy-e1661406876625-removebg-610x154.png 610w, https:\/\/konkret.store\/app\/uploads\/2024\/04\/zasady-pielegnacji-1-drewno-piktohgramy-e1661406876625-removebg-64x16.png 64w\" sizes=\"auto, (max-width: 1000px) 100vw, 1000px\" \/>        <\/div>\n      <\/div>\n    <\/div>\n  <\/div>\n<\/section>\n","protected":false},"excerpt":{"rendered":"","protected":false},"author":1,"featured_media":0,"parent":0,"menu_order":0,"comment_status":"closed","ping_status":"closed","template":"views\/page-informational.blade.php","meta":{"_acf_changed":false,"footnotes":""},"class_list":["post-9171","page","type-page","status-publish","hentry"],"acf":[],"yoast_head":"<!-- This site is optimized with the Yoast SEO plugin v26.8 - https:\/\/yoast.com\/product\/yoast-seo-wordpress\/ -->\n<title>Piel\u0119gnacja i u\u017cytkowanie - konkret.store<\/title>\n<meta name=\"robots\" content=\"index, follow, max-snippet:-1, max-image-preview:large, max-video-preview:-1\" \/>\n<link rel=\"canonical\" href=\"https:\/\/konkret.store\/pl\/pielegnacja\/\" \/>\n<meta property=\"og:locale\" content=\"pl_PL\" \/>\n<meta property=\"og:type\" content=\"article\" \/>\n<meta property=\"og:title\" content=\"Piel\u0119gnacja i u\u017cytkowanie - konkret.store\" \/>\n<meta property=\"og:url\" content=\"https:\/\/konkret.store\/pl\/pielegnacja\/\" \/>\n<meta property=\"og:site_name\" content=\"konkret.store\" \/>\n<meta property=\"article:publisher\" content=\"https:\/\/facebook.com\/konkret.store\/\" \/>\n<meta property=\"article:modified_time\" content=\"2024-07-15T15:42:37+00:00\" \/>\n<meta name=\"twitter:card\" content=\"summary_large_image\" \/>\n<script type=\"application\/ld+json\" class=\"yoast-schema-graph\">{\"@context\":\"https:\/\/schema.org\",\"@graph\":[{\"@type\":\"WebPage\",\"@id\":\"https:\/\/konkret.store\/pl\/pielegnacja\/\",\"url\":\"https:\/\/konkret.store\/pl\/pielegnacja\/\",\"name\":\"Piel\u0119gnacja i u\u017cytkowanie - konkret.store\",\"isPartOf\":{\"@id\":\"https:\/\/konkret.store\/pl\/#website\"},\"datePublished\":\"2022-12-20T20:50:41+00:00\",\"dateModified\":\"2024-07-15T15:42:37+00:00\",\"breadcrumb\":{\"@id\":\"https:\/\/konkret.store\/pl\/pielegnacja\/#breadcrumb\"},\"inLanguage\":\"pl-PL\",\"potentialAction\":[{\"@type\":\"ReadAction\",\"target\":[\"https:\/\/konkret.store\/pl\/pielegnacja\/\"]}]},{\"@type\":\"BreadcrumbList\",\"@id\":\"https:\/\/konkret.store\/pl\/pielegnacja\/#breadcrumb\",\"itemListElement\":[{\"@type\":\"ListItem\",\"position\":1,\"name\":\"Strona g\u0142\u00f3wna\",\"item\":\"https:\/\/konkret.store\/pl\/\"},{\"@type\":\"ListItem\",\"position\":2,\"name\":\"Piel\u0119gnacja i u\u017cytkowanie\"}]},{\"@type\":\"WebSite\",\"@id\":\"https:\/\/konkret.store\/pl\/#website\",\"url\":\"https:\/\/konkret.store\/pl\/\",\"name\":\"konkret.store\",\"description\":\"Tylko konkrety\",\"potentialAction\":[{\"@type\":\"SearchAction\",\"target\":{\"@type\":\"EntryPoint\",\"urlTemplate\":\"https:\/\/konkret.store\/pl\/?s={search_term_string}\"},\"query-input\":{\"@type\":\"PropertyValueSpecification\",\"valueRequired\":true,\"valueName\":\"search_term_string\"}}],\"inLanguage\":\"pl-PL\"}]}<\/script>\n<!-- \/ Yoast SEO plugin. -->","yoast_head_json":{"title":"Piel\u0119gnacja i u\u017cytkowanie - konkret.store","robots":{"index":"index","follow":"follow","max-snippet":"max-snippet:-1","max-image-preview":"max-image-preview:large","max-video-preview":"max-video-preview:-1"},"canonical":"https:\/\/konkret.store\/pl\/pielegnacja\/","og_locale":"pl_PL","og_type":"article","og_title":"Piel\u0119gnacja i u\u017cytkowanie - konkret.store","og_url":"https:\/\/konkret.store\/pl\/pielegnacja\/","og_site_name":"konkret.store","article_publisher":"https:\/\/facebook.com\/konkret.store\/","article_modified_time":"2024-07-15T15:42:37+00:00","twitter_card":"summary_large_image","schema":{"@context":"https:\/\/schema.org","@graph":[{"@type":"WebPage","@id":"https:\/\/konkret.store\/pl\/pielegnacja\/","url":"https:\/\/konkret.store\/pl\/pielegnacja\/","name":"Piel\u0119gnacja i u\u017cytkowanie - konkret.store","isPartOf":{"@id":"https:\/\/konkret.store\/pl\/#website"},"datePublished":"2022-12-20T20:50:41+00:00","dateModified":"2024-07-15T15:42:37+00:00","breadcrumb":{"@id":"https:\/\/konkret.store\/pl\/pielegnacja\/#breadcrumb"},"inLanguage":"pl-PL","potentialAction":[{"@type":"ReadAction","target":["https:\/\/konkret.store\/pl\/pielegnacja\/"]}]},{"@type":"BreadcrumbList","@id":"https:\/\/konkret.store\/pl\/pielegnacja\/#breadcrumb","itemListElement":[{"@type":"ListItem","position":1,"name":"Strona g\u0142\u00f3wna","item":"https:\/\/konkret.store\/pl\/"},{"@type":"ListItem","position":2,"name":"Piel\u0119gnacja i u\u017cytkowanie"}]},{"@type":"WebSite","@id":"https:\/\/konkret.store\/pl\/#website","url":"https:\/\/konkret.store\/pl\/","name":"konkret.store","description":"Tylko konkrety","potentialAction":[{"@type":"SearchAction","target":{"@type":"EntryPoint","urlTemplate":"https:\/\/konkret.store\/pl\/?s={search_term_string}"},"query-input":{"@type":"PropertyValueSpecification","valueRequired":true,"valueName":"search_term_string"}}],"inLanguage":"pl-PL"}]}},"_links":{"self":[{"href":"https:\/\/konkret.store\/pl\/wp-json\/wp\/v2\/pages\/9171","targetHints":{"allow":["GET"]}}],"collection":[{"href":"https:\/\/konkret.store\/pl\/wp-json\/wp\/v2\/pages"}],"about":[{"href":"https:\/\/konkret.store\/pl\/wp-json\/wp\/v2\/types\/page"}],"author":[{"embeddable":true,"href":"https:\/\/konkret.store\/pl\/wp-json\/wp\/v2\/users\/1"}],"replies":[{"embeddable":true,"href":"https:\/\/konkret.store\/pl\/wp-json\/wp\/v2\/comments?post=9171"}],"version-history":[{"count":2,"href":"https:\/\/konkret.store\/pl\/wp-json\/wp\/v2\/pages\/9171\/revisions"}],"predecessor-version":[{"id":23379,"href":"https:\/\/konkret.store\/pl\/wp-json\/wp\/v2\/pages\/9171\/revisions\/23379"}],"wp:attachment":[{"href":"https:\/\/konkret.store\/pl\/wp-json\/wp\/v2\/media?parent=9171"}],"curies":[{"name":"wp","href":"https:\/\/api.w.org\/{rel}","templated":true}]}}