{"id":12840,"date":"2023-02-26T21:20:10","date_gmt":"2023-02-26T20:20:10","guid":{"rendered":"https:\/\/konkret.store\/?post_type=product&#038;p=12840"},"modified":"2026-02-10T20:05:19","modified_gmt":"2026-02-10T19:05:19","slug":"witryna-hugo","status":"publish","type":"product","link":"https:\/\/konkret.store\/pl\/produkt\/witryna-hugo\/","title":{"rendered":"Witryna HUGO"},"content":{"rendered":"<section class=\"image-text\">\n  <div class=\"container\">\n    <div class=\"row align-items-center\">\n      <div class=\"col-lg-6  image-text--left\">\n        <div class=\"image-text__image\">\n          <img loading=\"lazy\" decoding=\"async\" width=\"800\" height=\"444\" src=\"https:\/\/konkret.store\/app\/uploads\/2023\/02\/Flutes.webp\" class=\"attachment-full size-full\" alt=\"\" srcset=\"https:\/\/konkret.store\/app\/uploads\/2023\/02\/Flutes.webp 800w, https:\/\/konkret.store\/app\/uploads\/2023\/02\/Flutes-300x167.webp 300w, https:\/\/konkret.store\/app\/uploads\/2023\/02\/Flutes-768x426.webp 768w, https:\/\/konkret.store\/app\/uploads\/2023\/02\/Flutes-610x339.webp 610w, https:\/\/konkret.store\/app\/uploads\/2023\/02\/Flutes-64x36.webp 64w\" sizes=\"auto, (max-width: 800px) 100vw, 800px\" \/>        <\/div>\n      <\/div>\n      <div class=\"col-lg-5  offset-lg-1 \">\n                <h2><\/h2>\n        <div class=\"image-text__text\">\n          <p>Witryna Hugo doskonale nadaje si\u0119 do przechowywania zastawy sto\u0142owej i szk\u0142a.<\/p>\n<p>Mo\u017cliwo\u015bci zastosowania s\u0105 liczne &#8211; tutaj tylko wyobra\u017ania stawia granice.<\/p>\n        <\/div>\n              <\/div>\n    <\/div>\n  <\/div>\n<\/section>\n\n\n<section class=\"image-text\">\n  <div class=\"container\">\n    <div class=\"row align-items-center\">\n      <div class=\"col-lg-6  offset-lg-1  image-text--right\">\n        <div class=\"image-text__image\">\n          <img loading=\"lazy\" decoding=\"async\" width=\"1654\" height=\"1654\" src=\"https:\/\/konkret.store\/app\/uploads\/2023\/02\/zobal_Z-23-scena01B_View02_P.jpg\" class=\"attachment-full size-full\" alt=\"\" srcset=\"https:\/\/konkret.store\/app\/uploads\/2023\/02\/zobal_Z-23-scena01B_View02_P.jpg 1654w, https:\/\/konkret.store\/app\/uploads\/2023\/02\/zobal_Z-23-scena01B_View02_P-300x300.jpg 300w, https:\/\/konkret.store\/app\/uploads\/2023\/02\/zobal_Z-23-scena01B_View02_P-1024x1024.jpg 1024w, https:\/\/konkret.store\/app\/uploads\/2023\/02\/zobal_Z-23-scena01B_View02_P-768x768.jpg 768w, https:\/\/konkret.store\/app\/uploads\/2023\/02\/zobal_Z-23-scena01B_View02_P-1536x1536.jpg 1536w, https:\/\/konkret.store\/app\/uploads\/2023\/02\/zobal_Z-23-scena01B_View02_P-610x610.jpg 610w, https:\/\/konkret.store\/app\/uploads\/2023\/02\/zobal_Z-23-scena01B_View02_P-100x100.jpg 100w, https:\/\/konkret.store\/app\/uploads\/2023\/02\/zobal_Z-23-scena01B_View02_P-64x64.jpg 64w\" sizes=\"auto, (max-width: 1654px) 100vw, 1654px\" \/>        <\/div>\n      <\/div>\n      <div class=\"col-lg-5 \">\n                <h2><\/h2>\n        <div class=\"image-text__text\">\n          <p>&nbsp;<\/p>\n<p>\u25b8 \u00a0szk\u0142a ornamentowe &#8211; \u00a0jako\u015b\u0107 i estetyka<\/p>\n<p>\u25b8 \u00a0nowoczesne o\u015bwietlenie LED<\/p>\n<p>\u25b8 \u00a0dolne cz\u0119\u015bci szuflad s\u0105 wy\u0142o\u017cone czarn\u0105 imitacj\u0105 sk\u00f3ry<\/p>\n<p>&nbsp;<\/p>\n        <\/div>\n              <\/div>\n    <\/div>\n  <\/div>\n<\/section>\n\n\n<section class=\"image-text\">\n  <div class=\"container\">\n    <div class=\"row align-items-center\">\n      <div class=\"col-lg-6  offset-lg-1  image-text--right\">\n        <div class=\"image-text__image\">\n                  <\/div>\n      <\/div>\n      <div class=\"col-lg-5 \">\n                <h2><\/h2>\n        <div class=\"image-text__text\">\n                  <\/div>\n              <\/div>\n    <\/div>\n  <\/div>\n<\/section>\n","protected":false},"excerpt":{"rendered":"<p>Witryna Hugo to doskona\u0142e po\u0142\u0105czenie nowoczesnego i klasycznego designu.<br \/>\nDu\u017ce szuflady zapewniaj\u0105 ukryte, bezkurzowe przechowywanie.<\/p>\n","protected":false},"featured_media":12869,"template":"","meta":{"_acf_changed":true},"product_brand":[],"product_cat":[40],"product_tag":[],"class_list":{"0":"post-12840","1":"product","2":"type-product","3":"status-publish","4":"has-post-thumbnail","6":"product_cat-konkrety","8":"first","9":"onbackorder","10":"taxable","11":"shipping-taxable","12":"purchasable","13":"product-type-simple"},"exclude_global_add_ons":false,"addons":[{"name":"Materia\u0142","type":"multiple_choice","position":0,"required":true,"title_format":"label","default":"","description_enable":false,"description":"","placeholder_enable":false,"placeholder":"","display":"patterns","restrictions_type":"any_text","adjust_price":false,"price":"","price_type":"flat_fee","restrictions":false,"min":"0","max":"0","options":[{"label":"10580","price":"","price_type":"quantity_based","image":0,"visibility":true},{"label":"2797","price":"2000","price_type":"quantity_based","image":0,"visibility":true}],"id":1770753920},{"name":"Rodzaj szk\u0142a","type":"multiple_choice","position":1,"required":true,"title_format":"label","default":"","description_enable":true,"description":"Wybierz sw\u00f3j styl i ciesz si\u0119 pi\u0119knym wn\u0119trzem","placeholder_enable":false,"placeholder":"","display":"patterns","restrictions_type":"any_text","adjust_price":false,"price":"","price_type":"flat_fee","restrictions":false,"min":"0","max":"0","options":[{"label":"5280","price":"","price_type":"quantity_based","image":0,"visibility":true}],"id":1770753921},{"name":"Kudde variant","type":"multiple_choice","position":0,"required":true,"title_format":"label","default":"","description_enable":false,"description":"","placeholder_enable":false,"placeholder":"","display":"select","restrictions_type":"any_text","adjust_price":false,"price":"","price_type":"flat_fee","restrictions":false,"min":"0","max":"0","options":[{"label":"Kuba","price":"","price_type":"quantity_based","image":0,"visibility":true},{"label":"Haiti","price":"","price_type":"quantity_based","image":0,"visibility":true},{"label":"Barbados","price":"","price_type":"quantity_based","image":0,"visibility":true},{"label":"Aruba","price":"","price_type":"quantity_based","image":0,"visibility":true}]}],"acf":[],"yoast_head":"<!-- This site is optimized with the Yoast SEO plugin v26.8 - https:\/\/yoast.com\/product\/yoast-seo-wordpress\/ -->\n<title>Witryna HUGO - konkret.store<\/title>\n<meta name=\"description\" content=\"Witryna Hugo to doskona\u0142e po\u0142\u0105czenie nowoczesnego i klasycznego designu.Du\u017ce szuflady zapewniaj\u0105 ukryte, bezkurzowe przechowywanie.\" \/>\n<meta name=\"robots\" content=\"index, follow, max-snippet:-1, max-image-preview:large, max-video-preview:-1\" \/>\n<link rel=\"canonical\" href=\"https:\/\/konkret.store\/pl\/produkt\/witryna-hugo\/\" \/>\n<meta property=\"og:locale\" content=\"pl_PL\" \/>\n<meta property=\"og:type\" content=\"article\" \/>\n<meta property=\"og:title\" content=\"Witryna HUGO - konkret.store\" \/>\n<meta property=\"og:description\" content=\"Witryna Hugo to doskona\u0142e po\u0142\u0105czenie nowoczesnego i klasycznego designu.Du\u017ce szuflady zapewniaj\u0105 ukryte, bezkurzowe przechowywanie.\" \/>\n<meta property=\"og:url\" content=\"https:\/\/konkret.store\/pl\/produkt\/witryna-hugo\/\" \/>\n<meta property=\"og:site_name\" content=\"konkret.store\" \/>\n<meta property=\"article:publisher\" content=\"https:\/\/facebook.com\/konkret.store\/\" \/>\n<meta property=\"article:modified_time\" content=\"2026-02-10T19:05:19+00:00\" \/>\n<meta property=\"og:image\" content=\"https:\/\/konkret.store\/app\/uploads\/2023\/02\/vitrineskap-Hugo-removebg.png\" \/>\n\t<meta property=\"og:image:width\" content=\"800\" \/>\n\t<meta property=\"og:image:height\" content=\"800\" \/>\n\t<meta property=\"og:image:type\" content=\"image\/png\" \/>\n<meta name=\"twitter:card\" content=\"summary_large_image\" \/>\n<meta name=\"twitter:label1\" content=\"Szacowany czas czytania\" \/>\n\t<meta name=\"twitter:data1\" content=\"1 minuta\" \/>\n<script type=\"application\/ld+json\" class=\"yoast-schema-graph\">{\"@context\":\"https:\/\/schema.org\",\"@graph\":[{\"@type\":\"WebPage\",\"@id\":\"https:\/\/konkret.store\/pl\/produkt\/witryna-hugo\/\",\"url\":\"https:\/\/konkret.store\/pl\/produkt\/witryna-hugo\/\",\"name\":\"Witryna HUGO - konkret.store\",\"isPartOf\":{\"@id\":\"https:\/\/konkret.store\/pl\/#website\"},\"primaryImageOfPage\":{\"@id\":\"https:\/\/konkret.store\/pl\/produkt\/witryna-hugo\/#primaryimage\"},\"image\":{\"@id\":\"https:\/\/konkret.store\/pl\/produkt\/witryna-hugo\/#primaryimage\"},\"thumbnailUrl\":\"https:\/\/konkret.store\/app\/uploads\/2023\/02\/vitrineskap-Hugo-removebg.png\",\"datePublished\":\"2023-02-26T20:20:10+00:00\",\"dateModified\":\"2026-02-10T19:05:19+00:00\",\"description\":\"Witryna Hugo to doskona\u0142e po\u0142\u0105czenie nowoczesnego i klasycznego designu.Du\u017ce szuflady zapewniaj\u0105 ukryte, bezkurzowe przechowywanie.\",\"breadcrumb\":{\"@id\":\"https:\/\/konkret.store\/pl\/produkt\/witryna-hugo\/#breadcrumb\"},\"inLanguage\":\"pl-PL\",\"potentialAction\":[{\"@type\":\"ReadAction\",\"target\":[\"https:\/\/konkret.store\/pl\/produkt\/witryna-hugo\/\"]}]},{\"@type\":\"ImageObject\",\"inLanguage\":\"pl-PL\",\"@id\":\"https:\/\/konkret.store\/pl\/produkt\/witryna-hugo\/#primaryimage\",\"url\":\"https:\/\/konkret.store\/app\/uploads\/2023\/02\/vitrineskap-Hugo-removebg.png\",\"contentUrl\":\"https:\/\/konkret.store\/app\/uploads\/2023\/02\/vitrineskap-Hugo-removebg.png\",\"width\":800,\"height\":800},{\"@type\":\"BreadcrumbList\",\"@id\":\"https:\/\/konkret.store\/pl\/produkt\/witryna-hugo\/#breadcrumb\",\"itemListElement\":[{\"@type\":\"ListItem\",\"position\":1,\"name\":\"Strona g\u0142\u00f3wna\",\"item\":\"https:\/\/konkret.store\/pl\/\"},{\"@type\":\"ListItem\",\"position\":2,\"name\":\"Shop\",\"item\":\"https:\/\/konkret.store\/shop\/\"},{\"@type\":\"ListItem\",\"position\":3,\"name\":\"Witryna HUGO\"}]},{\"@type\":\"WebSite\",\"@id\":\"https:\/\/konkret.store\/pl\/#website\",\"url\":\"https:\/\/konkret.store\/pl\/\",\"name\":\"konkret.store\",\"description\":\"Tylko konkrety\",\"potentialAction\":[{\"@type\":\"SearchAction\",\"target\":{\"@type\":\"EntryPoint\",\"urlTemplate\":\"https:\/\/konkret.store\/pl\/?s={search_term_string}\"},\"query-input\":{\"@type\":\"PropertyValueSpecification\",\"valueRequired\":true,\"valueName\":\"search_term_string\"}}],\"inLanguage\":\"pl-PL\"}]}<\/script>\n<!-- \/ Yoast SEO plugin. -->","yoast_head_json":{"title":"Witryna HUGO - konkret.store","description":"Witryna Hugo to doskona\u0142e po\u0142\u0105czenie nowoczesnego i klasycznego designu.Du\u017ce szuflady zapewniaj\u0105 ukryte, bezkurzowe przechowywanie.","robots":{"index":"index","follow":"follow","max-snippet":"max-snippet:-1","max-image-preview":"max-image-preview:large","max-video-preview":"max-video-preview:-1"},"canonical":"https:\/\/konkret.store\/pl\/produkt\/witryna-hugo\/","og_locale":"pl_PL","og_type":"article","og_title":"Witryna HUGO - konkret.store","og_description":"Witryna Hugo to doskona\u0142e po\u0142\u0105czenie nowoczesnego i klasycznego designu.Du\u017ce szuflady zapewniaj\u0105 ukryte, bezkurzowe przechowywanie.","og_url":"https:\/\/konkret.store\/pl\/produkt\/witryna-hugo\/","og_site_name":"konkret.store","article_publisher":"https:\/\/facebook.com\/konkret.store\/","article_modified_time":"2026-02-10T19:05:19+00:00","og_image":[{"width":800,"height":800,"url":"https:\/\/konkret.store\/app\/uploads\/2023\/02\/vitrineskap-Hugo-removebg.png","type":"image\/png"}],"twitter_card":"summary_large_image","twitter_misc":{"Szacowany czas czytania":"1 minuta"},"schema":{"@context":"https:\/\/schema.org","@graph":[{"@type":"WebPage","@id":"https:\/\/konkret.store\/pl\/produkt\/witryna-hugo\/","url":"https:\/\/konkret.store\/pl\/produkt\/witryna-hugo\/","name":"Witryna HUGO - konkret.store","isPartOf":{"@id":"https:\/\/konkret.store\/pl\/#website"},"primaryImageOfPage":{"@id":"https:\/\/konkret.store\/pl\/produkt\/witryna-hugo\/#primaryimage"},"image":{"@id":"https:\/\/konkret.store\/pl\/produkt\/witryna-hugo\/#primaryimage"},"thumbnailUrl":"https:\/\/konkret.store\/app\/uploads\/2023\/02\/vitrineskap-Hugo-removebg.png","datePublished":"2023-02-26T20:20:10+00:00","dateModified":"2026-02-10T19:05:19+00:00","description":"Witryna Hugo to doskona\u0142e po\u0142\u0105czenie nowoczesnego i klasycznego designu.Du\u017ce szuflady zapewniaj\u0105 ukryte, bezkurzowe przechowywanie.","breadcrumb":{"@id":"https:\/\/konkret.store\/pl\/produkt\/witryna-hugo\/#breadcrumb"},"inLanguage":"pl-PL","potentialAction":[{"@type":"ReadAction","target":["https:\/\/konkret.store\/pl\/produkt\/witryna-hugo\/"]}]},{"@type":"ImageObject","inLanguage":"pl-PL","@id":"https:\/\/konkret.store\/pl\/produkt\/witryna-hugo\/#primaryimage","url":"https:\/\/konkret.store\/app\/uploads\/2023\/02\/vitrineskap-Hugo-removebg.png","contentUrl":"https:\/\/konkret.store\/app\/uploads\/2023\/02\/vitrineskap-Hugo-removebg.png","width":800,"height":800},{"@type":"BreadcrumbList","@id":"https:\/\/konkret.store\/pl\/produkt\/witryna-hugo\/#breadcrumb","itemListElement":[{"@type":"ListItem","position":1,"name":"Strona g\u0142\u00f3wna","item":"https:\/\/konkret.store\/pl\/"},{"@type":"ListItem","position":2,"name":"Shop","item":"https:\/\/konkret.store\/shop\/"},{"@type":"ListItem","position":3,"name":"Witryna HUGO"}]},{"@type":"WebSite","@id":"https:\/\/konkret.store\/pl\/#website","url":"https:\/\/konkret.store\/pl\/","name":"konkret.store","description":"Tylko konkrety","potentialAction":[{"@type":"SearchAction","target":{"@type":"EntryPoint","urlTemplate":"https:\/\/konkret.store\/pl\/?s={search_term_string}"},"query-input":{"@type":"PropertyValueSpecification","valueRequired":true,"valueName":"search_term_string"}}],"inLanguage":"pl-PL"}]}},"_links":{"self":[{"href":"https:\/\/konkret.store\/pl\/wp-json\/wp\/v2\/product\/12840","targetHints":{"allow":["GET"]}}],"collection":[{"href":"https:\/\/konkret.store\/pl\/wp-json\/wp\/v2\/product"}],"about":[{"href":"https:\/\/konkret.store\/pl\/wp-json\/wp\/v2\/types\/product"}],"wp:featuredmedia":[{"embeddable":true,"href":"https:\/\/konkret.store\/pl\/wp-json\/wp\/v2\/media\/12869"}],"wp:attachment":[{"href":"https:\/\/konkret.store\/pl\/wp-json\/wp\/v2\/media?parent=12840"}],"wp:term":[{"taxonomy":"product_brand","embeddable":true,"href":"https:\/\/konkret.store\/pl\/wp-json\/wp\/v2\/product_brand?post=12840"},{"taxonomy":"product_cat","embeddable":true,"href":"https:\/\/konkret.store\/pl\/wp-json\/wp\/v2\/product_cat?post=12840"},{"taxonomy":"product_tag","embeddable":true,"href":"https:\/\/konkret.store\/pl\/wp-json\/wp\/v2\/product_tag?post=12840"}],"curies":[{"name":"wp","href":"https:\/\/api.w.org\/{rel}","templated":true}]}}