{"id":13785,"date":"2023-03-09T10:26:33","date_gmt":"2023-03-09T10:26:33","guid":{"rendered":"https:\/\/konkret.store\/?post_type=product&#038;p=13785"},"modified":"2026-04-02T09:49:31","modified_gmt":"2026-04-02T08:49:31","slug":"szafkartv-air","status":"publish","type":"product","link":"https:\/\/konkret.store\/pl\/produkt\/szafkartv-air\/","title":{"rendered":"Szafka RTV AIR z frontami z tkaniny"},"content":{"rendered":"<section class=\"image-text\">\n  <div class=\"container\">\n    <div class=\"row align-items-center\">\n      <div class=\"col-lg-6  image-text--left\">\n        <div class=\"image-text__image\">\n                                    <div class=\"videoContainer\">\n                <video src=\"https:\/\/konkret.store\/app\/uploads\/2023\/03\/AIR.mp4\" controls webkit-playsinline playsinline loop muted autoplay><\/video>\n              <\/div>\n                              <\/div>\n      <\/div>\n      <div class=\"col-lg-5  offset-lg-1 \">\n                <h2><\/h2>\n        <div class=\"image-text__text\">\n          <p>Luksusowy akcent w Twoim domu!<\/p>\n<p>&nbsp;<\/p>\n<pre>W wideo: Air w wersji wisz\u0105cej\r\n\r\nD\u0142ugo\u015b\u0107: 180 cm\r\n\r\nG\u0142\u0119boko\u015b\u0107: 30 cm\r\n\r\nWysoko\u015b\u0107: 30 cm\r\n\r\nKolor: EGGER \u2013 Soft Black<\/pre>\n        <\/div>\n              <\/div>\n    <\/div>\n  <\/div>\n<\/section>\n\n\n<section class=\"image-text\">\n  <div class=\"container\">\n    <div class=\"row align-items-center\">\n      <div class=\"col-lg-6  offset-lg-1  image-text--right\">\n        <div class=\"image-text__image\">\n          <img loading=\"lazy\" decoding=\"async\" width=\"800\" height=\"736\" src=\"https:\/\/konkret.store\/app\/uploads\/2023\/03\/tv-benk_air-removebg-20240215-144008.png\" class=\"attachment-full size-full\" alt=\"\" \/>        <\/div>\n      <\/div>\n      <div class=\"col-lg-5 \">\n                <h2><\/h2>\n        <div class=\"image-text__text\">\n          <p>Szafka jest wykonana z p\u0142yty o grubo\u015bci 18 mm, sklejonej, przykr\u0119canej i zmontowanej w ca\u0142o\u015bci, a nast\u0119pnie fornirowanej, lakierowanej itp. Ta konstrukcja zapewnia du\u017c\u0105 wytrzyma\u0142o\u015b\u0107 i no\u015bno\u015b\u0107.<\/p>\n<p>&nbsp;<\/p>\n<p>\u25b8 \u00a0sygna\u0142 pilota dzia\u0142a przez tkanin\u0119, co tak\u017ce zapewnia odpowiednia cyrkulacj\u0119 powietrza dla sprz\u0119tu audio znajduj\u0105cego si\u0119 w szafce<\/p>\n<p>\u25b8 \u00a0mebel zaprojektowany jest \u00a0tak, aby pomie\u015bci\u0107 soundbar<\/p>\n<p>\u25b8 \u00a0szafka dostarczana bez plec\u00f3w<\/p>\n<p>\u25b8 \u00a0przegrody oddzielaj\u0105ce posiadaj\u0105 wyci\u0119cia do prowadzenia kabli wewn\u0105trz szafki<\/p>\n<p>&nbsp;<\/p>\n<h5><\/h5>\n        <\/div>\n              <\/div>\n    <\/div>\n  <\/div>\n<\/section>\n\n\n<section class=\"image-text\">\n  <div class=\"container\">\n    <div class=\"row align-items-center\">\n      <div class=\"col-lg-6  image-text--left\">\n        <div class=\"image-text__image\">\n          <img loading=\"lazy\" decoding=\"async\" width=\"1512\" height=\"2016\" src=\"https:\/\/konkret.store\/app\/uploads\/2023\/03\/IMG_5593-rotated-1.jpeg\" class=\"attachment-full size-full\" alt=\"\" \/>        <\/div>\n      <\/div>\n      <div class=\"col-lg-5  offset-lg-1 \">\n                <h2>Troszczymy si\u0119 o detale !<\/h2>\n        <div class=\"image-text__text\">\n          <p>&nbsp;<\/p>\n<p>\u25b8 \u00a0zawiasy &#8211; o bardzo wysokiej precyzji i jako\u015bci od <a href=\"https:\/\/www.blum.com\/no\/en\/\"><strong>Blum\u2122<\/strong><\/a><\/p>\n<p>\u25b8 \u00a0system otwierania \u2013 bardzo wysoka precyzja i jako\u015b\u0107 od <a href=\"https:\/\/www.italianaferramenta.it\"><strong>Italiana Ferramenta\u2122<\/strong><\/a><\/p>\n<div class=\"image-text__text\">\n<p>\u25b8 \u00a0przegrody oddzielaj\u0105ce posiadaj\u0105 wyci\u0119cia do prowadzenia kabli wewn\u0105trz szafki<\/p>\n<p>\u25b8 \u00a0dolna p\u0142yta wyposa\u017cona jest w przepust kablowy \u2013 3\u00d71 cm ( g\u00f3rna do wyboru )<\/p>\n<\/div>\n<p><img loading=\"lazy\" decoding=\"async\" class=\"alignnone wp-image-20698\" src=\"https:\/\/konkret.store\/app\/uploads\/2023\/03\/kabel-removebg-300x127.png\" alt=\"\" width=\"300\" height=\"127\" srcset=\"https:\/\/konkret.store\/app\/uploads\/2023\/03\/kabel-removebg-300x127.png 300w, https:\/\/konkret.store\/app\/uploads\/2023\/03\/kabel-removebg-768x326.png 768w, https:\/\/konkret.store\/app\/uploads\/2023\/03\/kabel-removebg-610x259.png 610w, https:\/\/konkret.store\/app\/uploads\/2023\/03\/kabel-removebg-64x27.png 64w, https:\/\/konkret.store\/app\/uploads\/2023\/03\/kabel-removebg.png 776w\" sizes=\"auto, (max-width: 300px) 100vw, 300px\" \/><\/p>\n        <\/div>\n              <\/div>\n    <\/div>\n  <\/div>\n<\/section>\n","protected":false},"excerpt":{"rendered":"<p><strong>Dodaj luksusu i elegancji do swojego domu.<\/strong><\/p>\n<p><strong>Szafka telewizyjna Air zosta\u0142a wykonana z du\u017c\u0105 precyzj\u0105, solidna i bardzo praktyczna.<\/strong><\/p>\n<hr \/>\n<p>N\u00f3\u017cki mo\u017cna kupi\u0107 osobno dla tych, kt\u00f3rzy nie maj\u0105 mo\u017cliwo\u015bci zamocowania mebli do \u015bciany &#8211; <a href=\"https:\/\/konkret.store\/kategoria-produktu\/dodatki\/\"><strong>kliknij tutaj.<\/strong><\/a><\/p>\n","protected":false},"featured_media":16612,"comment_status":"closed","ping_status":"closed","template":"","meta":{"_acf_changed":true},"product_brand":[],"product_cat":[40],"product_tag":[],"class_list":{"0":"post-13785","1":"product","2":"type-product","3":"status-publish","4":"has-post-thumbnail","6":"product_cat-konkrety","8":"first","9":"onbackorder","10":"taxable","11":"shipping-taxable","12":"purchasable","13":"product-type-simple"},"exclude_global_add_ons":false,"addons":[{"name":"Szeroko\u015b\u0107","type":"multiple_choice","position":0,"required":true,"title_format":"label","default":"","description_enable":false,"description":"","placeholder_enable":false,"placeholder":"","display":"select","restrictions_type":"any_text","adjust_price":false,"price":"","price_type":"flat_fee","restrictions":false,"min":"0","max":"0","options":[{"label":"100cm | 1 front","price":"","price_type":"quantity_based","image":0,"visibility":true},{"label":"120cm | 1 front","price":"200","price_type":"quantity_based","image":0,"visibility":true},{"label":"140cm | 2 fronty","price":"400","price_type":"quantity_based","image":0,"visibility":true},{"label":"160cm | 2 fronty","price":"600","price_type":"quantity_based","image":0,"visibility":true},{"label":"180cm | 2 fronty","price":"800","price_type":"quantity_based","image":0,"visibility":true},{"label":"200cm | 2 fronty","price":"1000","price_type":"quantity_based","image":0,"visibility":true},{"label":"220cm | 3 fronty","price":"1200","price_type":"quantity_based","image":0,"visibility":true},{"label":"240cm | 3 fronty","price":"1500","price_type":"quantity_based","image":0,"visibility":true},{"label":"270cm | 3 fronty","price":"1800","price_type":"quantity_based","image":0,"visibility":true}],"id":1745446166},{"name":"G\u0142eboko\u015b\u0107","type":"multiple_choice","position":1,"required":true,"title_format":"label","default":"","description_enable":false,"description":"","placeholder_enable":false,"placeholder":"","display":"select","restrictions_type":"any_text","adjust_price":false,"price":"","price_type":"flat_fee","restrictions":false,"min":"0","max":"0","options":[{"label":"30cm","price":"","price_type":"quantity_based","image":0,"visibility":true},{"label":"35cm","price":"100","price_type":"quantity_based","image":0,"visibility":true},{"label":"42cm","price":"200","price_type":"quantity_based","image":0,"visibility":true},{"label":"47cm","price":"300","price_type":"quantity_based","image":0,"visibility":true}],"id":1745446167},{"name":"Wysoko\u015b\u0107","type":"multiple_choice","position":2,"required":true,"title_format":"label","default":"","description_enable":false,"description":"","placeholder_enable":false,"placeholder":"","display":"select","restrictions_type":"any_text","adjust_price":false,"price":"","price_type":"flat_fee","restrictions":false,"min":"0","max":"0","options":[{"label":"20cm","price":"","price_type":"quantity_based","image":0,"visibility":true},{"label":"25cm","price":"100","price_type":"quantity_based","image":0,"visibility":true},{"label":"30cm","price":"200","price_type":"quantity_based","image":0,"visibility":true},{"label":"35cm","price":"300","price_type":"quantity_based","image":0,"visibility":true}],"id":1745446168},{"name":"Materia\u0142","type":"multiple_choice","position":3,"required":true,"title_format":"label","default":"","description_enable":true,"description":"Dost\u0119pny w r\u00f3\u017cnych kolorach i materia\u0142ach.","placeholder_enable":false,"placeholder":"","display":"patterns","restrictions_type":"any_text","adjust_price":false,"price":"","price_type":"flat_fee","restrictions":false,"min":"0","max":"0","options":[{"label":"3443","price":"","price_type":"percentage_based","image":0,"visibility":true},{"label":"10580","price":"50","price_type":"percentage_based","image":0,"visibility":true},{"label":"13730","price":"65","price_type":"percentage_based","image":0,"visibility":true},{"label":"2797","price":"70","price_type":"percentage_based","image":0,"visibility":true},{"label":"2951","price":"90","price_type":"percentage_based","image":0,"visibility":true}],"id":1745446169},{"name":"Kolor tkaniny","type":"multiple_choice","position":4,"required":true,"title_format":"label","default":"","description_enable":true,"description":"Tkanina akustyczna. Bardzo dobra transparentno\u015b\u0107 d\u017awi\u0119ku.","placeholder_enable":false,"placeholder":"","display":"patterns","restrictions_type":"any_text","adjust_price":false,"price":"","price_type":"flat_fee","restrictions":false,"min":"0","max":"0","options":[{"label":"22997","price":"","price_type":"quantity_based","image":0,"visibility":true}],"id":1745446170},{"name":"Przepust kablowy","type":"multiple_choice","position":5,"required":true,"title_format":"label","default":"","description_enable":true,"description":"Przepust na g\u00f3rze u\u0142atwia prowadzenie kabli do wn\u0119trza szafki telewizyjnej.","placeholder_enable":false,"placeholder":"","display":"select","restrictions_type":"any_text","adjust_price":false,"price":"","price_type":"flat_fee","restrictions":false,"min":"0","max":"0","options":[{"label":"bez przepustu","price":"","price_type":"quantity_based","image":0,"visibility":true},{"label":"z przepustem 3x1cm | wieniec g\u00f3rny","price":"","price_type":"quantity_based","image":0,"visibility":true}],"id":1745446171},{"name":"\u0141adowarka bezprzewodowa do telefonu kom\u00f3rkowego","type":"multiple_choice","position":6,"required":true,"title_format":"label","default":"","description_enable":true,"description":"Z bezprzewodow\u0105 \u0142adowark\u0105 wystarczy umie\u015bci\u0107 kompatybilny telefon na \u0142adowarce, a zacznie si\u0119 \u0142adowa\u0107 natychmiast.","placeholder_enable":false,"placeholder":"","display":"select","restrictions_type":"any_text","adjust_price":false,"price":"","price_type":"flat_fee","restrictions":false,"min":"0","max":"0","options":[{"label":"Nie","price":"","price_type":"quantity_based","image":0,"visibility":true},{"label":"Tak","price":"300","price_type":"quantity_based","image":0,"visibility":true}],"id":1745446172},{"name":"\u015awiat\u0142o LED z funkcj\u0105 regulacji jasno\u015bci","type":"multiple_choice","position":7,"required":true,"title_format":"label","default":"","description_enable":true,"description":"Zintegrowany profil LED zosta\u0142 zamontowany w dolnej cz\u0119\u015bci blatu, aby stworzy\u0107 efektowne po\u015brednie \u015bwiat\u0142o.\r\nUkryty prze\u0142\u0105cznik znajduje si\u0119 na g\u00f3rnej p\u0142ycie.\r\nKolor: Ciep\u0142y bia\u0142y (3000K)","placeholder_enable":false,"placeholder":"","display":"select","restrictions_type":"any_text","adjust_price":false,"price":"","price_type":"flat_fee","restrictions":false,"min":"0","max":"0","options":[{"label":"Nie","price":"","price_type":"quantity_based","image":0,"visibility":true},{"label":"Tak","price":"380","price_type":"quantity_based","image":0,"visibility":true}],"id":1745446173},{"name":"Kudde variant","type":"multiple_choice","position":0,"required":true,"title_format":"label","default":"","description_enable":false,"description":"","placeholder_enable":false,"placeholder":"","display":"select","restrictions_type":"any_text","adjust_price":false,"price":"","price_type":"flat_fee","restrictions":false,"min":"0","max":"0","options":[{"label":"Kuba","price":"","price_type":"quantity_based","image":0,"visibility":true},{"label":"Haiti","price":"","price_type":"quantity_based","image":0,"visibility":true},{"label":"Barbados","price":"","price_type":"quantity_based","image":0,"visibility":true},{"label":"Aruba","price":"","price_type":"quantity_based","image":0,"visibility":true}]}],"acf":[],"yoast_head":"<!-- This site is optimized with the Yoast SEO plugin v26.8 - https:\/\/yoast.com\/product\/yoast-seo-wordpress\/ -->\n<title>Szafka RTV AIR z frontami z tkaniny - konkret.store<\/title>\n<meta name=\"description\" content=\"Dodaj luksusu i elegancji do swojego domu.Szafka telewizyjna Air zosta\u0142a wykonana z du\u017c\u0105 precyzj\u0105, solidna i bardzo praktyczna.Mo\u017cesz wybra\u0107, czy postawi\u0107 j\u0105 na pod\u0142odze, czy zamontowa\u0107 na \u015bcianie.\" \/>\n<meta name=\"robots\" content=\"index, follow, max-snippet:-1, max-image-preview:large, max-video-preview:-1\" \/>\n<link rel=\"canonical\" href=\"https:\/\/konkret.store\/pl\/produkt\/szafkartv-air\/\" \/>\n<meta property=\"og:locale\" content=\"pl_PL\" \/>\n<meta property=\"og:type\" content=\"article\" \/>\n<meta property=\"og:title\" content=\"Szafka RTV AIR z frontami z tkaniny - konkret.store\" \/>\n<meta property=\"og:description\" content=\"Dodaj luksusu i elegancji do swojego domu.Szafka telewizyjna Air zosta\u0142a wykonana z du\u017c\u0105 precyzj\u0105, solidna i bardzo praktyczna.Mo\u017cesz wybra\u0107, czy postawi\u0107 j\u0105 na pod\u0142odze, czy zamontowa\u0107 na \u015bcianie.\" \/>\n<meta property=\"og:url\" content=\"https:\/\/konkret.store\/pl\/produkt\/szafkartv-air\/\" \/>\n<meta property=\"og:site_name\" content=\"konkret.store\" \/>\n<meta property=\"article:publisher\" content=\"https:\/\/facebook.com\/konkret.store\/\" \/>\n<meta property=\"article:modified_time\" content=\"2026-04-02T08:49:31+00:00\" \/>\n<meta property=\"og:image\" content=\"https:\/\/konkret.store\/app\/uploads\/2023\/03\/tv_benk_air_200cm_natural-removebg-e1678358223715-1-1.png\" \/>\n\t<meta property=\"og:image:width\" content=\"651\" \/>\n\t<meta property=\"og:image:height\" content=\"651\" \/>\n\t<meta property=\"og:image:type\" content=\"image\/png\" \/>\n<meta name=\"twitter:card\" content=\"summary_large_image\" \/>\n<meta name=\"twitter:label1\" content=\"Szacowany czas czytania\" \/>\n\t<meta name=\"twitter:data1\" content=\"1 minuta\" \/>\n<script type=\"application\/ld+json\" class=\"yoast-schema-graph\">{\"@context\":\"https:\/\/schema.org\",\"@graph\":[{\"@type\":\"WebPage\",\"@id\":\"https:\/\/konkret.store\/pl\/produkt\/szafkartv-air\/\",\"url\":\"https:\/\/konkret.store\/pl\/produkt\/szafkartv-air\/\",\"name\":\"Szafka RTV AIR z frontami z tkaniny - konkret.store\",\"isPartOf\":{\"@id\":\"https:\/\/konkret.store\/pl\/#website\"},\"primaryImageOfPage\":{\"@id\":\"https:\/\/konkret.store\/pl\/produkt\/szafkartv-air\/#primaryimage\"},\"image\":{\"@id\":\"https:\/\/konkret.store\/pl\/produkt\/szafkartv-air\/#primaryimage\"},\"thumbnailUrl\":\"https:\/\/konkret.store\/app\/uploads\/2023\/03\/tv_benk_air_200cm_natural-removebg-e1678358223715-1-1.png\",\"datePublished\":\"2023-03-09T10:26:33+00:00\",\"dateModified\":\"2026-04-02T08:49:31+00:00\",\"description\":\"Dodaj luksusu i elegancji do swojego domu.Szafka telewizyjna Air zosta\u0142a wykonana z du\u017c\u0105 precyzj\u0105, solidna i bardzo praktyczna.Mo\u017cesz wybra\u0107, czy postawi\u0107 j\u0105 na pod\u0142odze, czy zamontowa\u0107 na \u015bcianie.\",\"breadcrumb\":{\"@id\":\"https:\/\/konkret.store\/pl\/produkt\/szafkartv-air\/#breadcrumb\"},\"inLanguage\":\"pl-PL\",\"potentialAction\":[{\"@type\":\"ReadAction\",\"target\":[\"https:\/\/konkret.store\/pl\/produkt\/szafkartv-air\/\"]}]},{\"@type\":\"ImageObject\",\"inLanguage\":\"pl-PL\",\"@id\":\"https:\/\/konkret.store\/pl\/produkt\/szafkartv-air\/#primaryimage\",\"url\":\"https:\/\/konkret.store\/app\/uploads\/2023\/03\/tv_benk_air_200cm_natural-removebg-e1678358223715-1-1.png\",\"contentUrl\":\"https:\/\/konkret.store\/app\/uploads\/2023\/03\/tv_benk_air_200cm_natural-removebg-e1678358223715-1-1.png\",\"width\":651,\"height\":651},{\"@type\":\"BreadcrumbList\",\"@id\":\"https:\/\/konkret.store\/pl\/produkt\/szafkartv-air\/#breadcrumb\",\"itemListElement\":[{\"@type\":\"ListItem\",\"position\":1,\"name\":\"Strona g\u0142\u00f3wna\",\"item\":\"https:\/\/konkret.store\/pl\/\"},{\"@type\":\"ListItem\",\"position\":2,\"name\":\"Shop\",\"item\":\"https:\/\/konkret.store\/shop\/\"},{\"@type\":\"ListItem\",\"position\":3,\"name\":\"Szafka RTV AIR z frontami z tkaniny\"}]},{\"@type\":\"WebSite\",\"@id\":\"https:\/\/konkret.store\/pl\/#website\",\"url\":\"https:\/\/konkret.store\/pl\/\",\"name\":\"konkret.store\",\"description\":\"Tylko konkrety\",\"potentialAction\":[{\"@type\":\"SearchAction\",\"target\":{\"@type\":\"EntryPoint\",\"urlTemplate\":\"https:\/\/konkret.store\/pl\/?s={search_term_string}\"},\"query-input\":{\"@type\":\"PropertyValueSpecification\",\"valueRequired\":true,\"valueName\":\"search_term_string\"}}],\"inLanguage\":\"pl-PL\"}]}<\/script>\n<!-- \/ Yoast SEO plugin. -->","yoast_head_json":{"title":"Szafka RTV AIR z frontami z tkaniny - konkret.store","description":"Dodaj luksusu i elegancji do swojego domu.Szafka telewizyjna Air zosta\u0142a wykonana z du\u017c\u0105 precyzj\u0105, solidna i bardzo praktyczna.Mo\u017cesz wybra\u0107, czy postawi\u0107 j\u0105 na pod\u0142odze, czy zamontowa\u0107 na \u015bcianie.","robots":{"index":"index","follow":"follow","max-snippet":"max-snippet:-1","max-image-preview":"max-image-preview:large","max-video-preview":"max-video-preview:-1"},"canonical":"https:\/\/konkret.store\/pl\/produkt\/szafkartv-air\/","og_locale":"pl_PL","og_type":"article","og_title":"Szafka RTV AIR z frontami z tkaniny - konkret.store","og_description":"Dodaj luksusu i elegancji do swojego domu.Szafka telewizyjna Air zosta\u0142a wykonana z du\u017c\u0105 precyzj\u0105, solidna i bardzo praktyczna.Mo\u017cesz wybra\u0107, czy postawi\u0107 j\u0105 na pod\u0142odze, czy zamontowa\u0107 na \u015bcianie.","og_url":"https:\/\/konkret.store\/pl\/produkt\/szafkartv-air\/","og_site_name":"konkret.store","article_publisher":"https:\/\/facebook.com\/konkret.store\/","article_modified_time":"2026-04-02T08:49:31+00:00","og_image":[{"width":651,"height":651,"url":"https:\/\/konkret.store\/app\/uploads\/2023\/03\/tv_benk_air_200cm_natural-removebg-e1678358223715-1-1.png","type":"image\/png"}],"twitter_card":"summary_large_image","twitter_misc":{"Szacowany czas czytania":"1 minuta"},"schema":{"@context":"https:\/\/schema.org","@graph":[{"@type":"WebPage","@id":"https:\/\/konkret.store\/pl\/produkt\/szafkartv-air\/","url":"https:\/\/konkret.store\/pl\/produkt\/szafkartv-air\/","name":"Szafka RTV AIR z frontami z tkaniny - konkret.store","isPartOf":{"@id":"https:\/\/konkret.store\/pl\/#website"},"primaryImageOfPage":{"@id":"https:\/\/konkret.store\/pl\/produkt\/szafkartv-air\/#primaryimage"},"image":{"@id":"https:\/\/konkret.store\/pl\/produkt\/szafkartv-air\/#primaryimage"},"thumbnailUrl":"https:\/\/konkret.store\/app\/uploads\/2023\/03\/tv_benk_air_200cm_natural-removebg-e1678358223715-1-1.png","datePublished":"2023-03-09T10:26:33+00:00","dateModified":"2026-04-02T08:49:31+00:00","description":"Dodaj luksusu i elegancji do swojego domu.Szafka telewizyjna Air zosta\u0142a wykonana z du\u017c\u0105 precyzj\u0105, solidna i bardzo praktyczna.Mo\u017cesz wybra\u0107, czy postawi\u0107 j\u0105 na pod\u0142odze, czy zamontowa\u0107 na \u015bcianie.","breadcrumb":{"@id":"https:\/\/konkret.store\/pl\/produkt\/szafkartv-air\/#breadcrumb"},"inLanguage":"pl-PL","potentialAction":[{"@type":"ReadAction","target":["https:\/\/konkret.store\/pl\/produkt\/szafkartv-air\/"]}]},{"@type":"ImageObject","inLanguage":"pl-PL","@id":"https:\/\/konkret.store\/pl\/produkt\/szafkartv-air\/#primaryimage","url":"https:\/\/konkret.store\/app\/uploads\/2023\/03\/tv_benk_air_200cm_natural-removebg-e1678358223715-1-1.png","contentUrl":"https:\/\/konkret.store\/app\/uploads\/2023\/03\/tv_benk_air_200cm_natural-removebg-e1678358223715-1-1.png","width":651,"height":651},{"@type":"BreadcrumbList","@id":"https:\/\/konkret.store\/pl\/produkt\/szafkartv-air\/#breadcrumb","itemListElement":[{"@type":"ListItem","position":1,"name":"Strona g\u0142\u00f3wna","item":"https:\/\/konkret.store\/pl\/"},{"@type":"ListItem","position":2,"name":"Shop","item":"https:\/\/konkret.store\/shop\/"},{"@type":"ListItem","position":3,"name":"Szafka RTV AIR z frontami z tkaniny"}]},{"@type":"WebSite","@id":"https:\/\/konkret.store\/pl\/#website","url":"https:\/\/konkret.store\/pl\/","name":"konkret.store","description":"Tylko konkrety","potentialAction":[{"@type":"SearchAction","target":{"@type":"EntryPoint","urlTemplate":"https:\/\/konkret.store\/pl\/?s={search_term_string}"},"query-input":{"@type":"PropertyValueSpecification","valueRequired":true,"valueName":"search_term_string"}}],"inLanguage":"pl-PL"}]}},"_links":{"self":[{"href":"https:\/\/konkret.store\/pl\/wp-json\/wp\/v2\/product\/13785","targetHints":{"allow":["GET"]}}],"collection":[{"href":"https:\/\/konkret.store\/pl\/wp-json\/wp\/v2\/product"}],"about":[{"href":"https:\/\/konkret.store\/pl\/wp-json\/wp\/v2\/types\/product"}],"replies":[{"embeddable":true,"href":"https:\/\/konkret.store\/pl\/wp-json\/wp\/v2\/comments?post=13785"}],"wp:featuredmedia":[{"embeddable":true,"href":"https:\/\/konkret.store\/pl\/wp-json\/wp\/v2\/media\/16612"}],"wp:attachment":[{"href":"https:\/\/konkret.store\/pl\/wp-json\/wp\/v2\/media?parent=13785"}],"wp:term":[{"taxonomy":"product_brand","embeddable":true,"href":"https:\/\/konkret.store\/pl\/wp-json\/wp\/v2\/product_brand?post=13785"},{"taxonomy":"product_cat","embeddable":true,"href":"https:\/\/konkret.store\/pl\/wp-json\/wp\/v2\/product_cat?post=13785"},{"taxonomy":"product_tag","embeddable":true,"href":"https:\/\/konkret.store\/pl\/wp-json\/wp\/v2\/product_tag?post=13785"}],"curies":[{"name":"wp","href":"https:\/\/api.w.org\/{rel}","templated":true}]}}