{"id":13827,"date":"2023-03-09T20:52:04","date_gmt":"2023-03-09T20:52:04","guid":{"rendered":"https:\/\/konkret.store\/?post_type=product&#038;p=13827"},"modified":"2025-03-17T23:21:25","modified_gmt":"2025-03-17T22:21:25","slug":"szafkartv-pablo","status":"publish","type":"product","link":"https:\/\/konkret.store\/pl\/produkt\/szafkartv-pablo\/","title":{"rendered":"Szafka RTV PABLO z frontem z tkaniny"},"content":{"rendered":"<section class=\"image-text\">\n  <div class=\"container\">\n    <div class=\"row align-items-center\">\n      <div class=\"col-lg-6  image-text--left\">\n        <div class=\"image-text__image\">\n          <img loading=\"lazy\" decoding=\"async\" width=\"800\" height=\"800\" src=\"https:\/\/konkret.store\/app\/uploads\/2024\/01\/Pablo-amerikansk-valnott-finer.jpeg\" class=\"attachment-full size-full\" alt=\"\" \/>        <\/div>\n      <\/div>\n      <div class=\"col-lg-5  offset-lg-1 \">\n                <h2>Troszczymy si\u0119 o detale !<\/h2>\n        <div class=\"image-text__text\">\n          <p>Szafka jest wykonana z p\u0142yty o grubo\u015bci 18 mm, sklejonej, przykr\u0119canej i zmontowanej w ca\u0142o\u015bci, a nast\u0119pnie fornirowanej, lakierowanej itp. Ta konstrukcja zapewnia du\u017c\u0105 wytrzyma\u0142o\u015b\u0107 i no\u015bno\u015b\u0107.<\/p>\n<p>&nbsp;<\/p>\n<p>\u25b8 \u00a0sygna\u0142 pilota dzia\u0142a przez tkanin\u0119, co tak\u017ce zapewnia odpowiednia cyrkulacj\u0119 powietrza dla sprz\u0119tu audio znajduj\u0105cego si\u0119 w szafce<\/p>\n<p>\u25b8 \u00a0szafka dostarczana bez plec\u00f3w<\/p>\n<p>\u25b8 \u00a0przegrody oddzielaj\u0105ce posiadaj\u0105 wyci\u0119cia do prowadzenia kabli wewn\u0105trz szafki<\/p>\n        <\/div>\n              <\/div>\n    <\/div>\n  <\/div>\n<\/section>\n\n\n<section class=\"image-text\">\n  <div class=\"container\">\n    <div class=\"row align-items-center\">\n      <div class=\"col-lg-6  offset-lg-1  image-text--right\">\n        <div class=\"image-text__image\">\n          <img loading=\"lazy\" decoding=\"async\" width=\"800\" height=\"736\" src=\"https:\/\/konkret.store\/app\/uploads\/2023\/03\/Tv_benk_Pablo_dorer-removebg-20240215-143812.png\" class=\"attachment-full size-full\" alt=\"\" \/>        <\/div>\n      <\/div>\n      <div class=\"col-lg-5 \">\n                <h2><\/h2>\n        <div class=\"image-text__text\">\n          <p>&nbsp;<\/p>\n<p>\u25b8 \u00a0zawiasy &#8211; o bardzo wysokiej precyzji i jako\u015bci od <a href=\"https:\/\/www.blum.com\/no\/en\/\"><strong>Blum\u2122<\/strong><\/a><\/p>\n<p>\u25b8 \u00a0system otwierania \u2013 bardzo wysoka precyzja i jako\u015b\u0107 od <a href=\"https:\/\/www.italianaferramenta.it\"><strong>Italiana Ferramenta\u2122<\/strong><\/a><\/p>\n<div class=\"image-text__text\">\n<p>\u25b8 \u00a0przegrody oddzielaj\u0105ce posiadaj\u0105 wyci\u0119cia do prowadzenia kabli wewn\u0105trz szafki<\/p>\n<\/div>\n<p>&nbsp;<\/p>\n<h5><\/h5>\n        <\/div>\n              <\/div>\n    <\/div>\n  <\/div>\n<\/section>\n","protected":false},"excerpt":{"rendered":"<p><strong>Jeste\u015b z pewno\u015bci\u0105 osob\u0105, kt\u00f3ra docenia estetyk\u0119 w swoim domu! Pablo to niezwykle elegancka szafka telewizyjna, zainspirowana nowoczesn\u0105 architektur\u0105.<\/strong><\/p>\n<hr \/>\n<p>N\u00f3\u017cki mo\u017cna kupi\u0107 osobno dla tych, kt\u00f3rzy nie maj\u0105 mo\u017cliwo\u015bci zamocowania mebli do \u015bciany &#8211; <a href=\"https:\/\/konkret.store\/kategoria-produktu\/dodatki\/\"><strong>kliknij tutaj.<\/strong><\/a><\/p>\n","protected":false},"featured_media":22985,"template":"","meta":{"_acf_changed":true},"product_brand":[],"product_cat":[40],"product_tag":[],"class_list":{"0":"post-13827","1":"product","2":"type-product","3":"status-publish","4":"has-post-thumbnail","6":"product_cat-konkrety","8":"first","9":"onbackorder","10":"taxable","11":"shipping-taxable","12":"purchasable","13":"product-type-simple"},"exclude_global_add_ons":false,"addons":[{"name":"Szeroko\u015b\u0107","type":"multiple_choice","position":0,"required":true,"title_format":"label","default":"","description_enable":false,"description":"","placeholder_enable":false,"placeholder":"","display":"select","restrictions_type":"any_text","adjust_price":false,"price":"","price_type":"flat_fee","restrictions":false,"min":"0","max":"0","options":[{"label":"180cm","price":"","price_type":"quantity_based","image":0,"visibility":true},{"label":"200cm","price":"250","price_type":"quantity_based","image":0,"visibility":true},{"label":"220cm","price":"500","price_type":"quantity_based","image":0,"visibility":true},{"label":"240cm","price":"800","price_type":"quantity_based","image":0,"visibility":true},{"label":"270cm","price":"1200","price_type":"quantity_based","image":0,"visibility":true}]},{"name":"G\u0142\u0119boko\u015b\u0107","type":"multiple_choice","position":1,"required":true,"title_format":"label","default":"","description_enable":false,"description":"","placeholder_enable":false,"placeholder":"","display":"select","restrictions_type":"any_text","adjust_price":false,"price":"","price_type":"flat_fee","restrictions":false,"min":"0","max":"0","options":[{"label":"35cm","price":"","price_type":"quantity_based","image":0,"visibility":true},{"label":"42cm","price":"100","price_type":"quantity_based","image":0,"visibility":true},{"label":"47cm","price":"200","price_type":"quantity_based","image":0,"visibility":true}]},{"name":"Wysoko\u015b\u0107","type":"multiple_choice","position":2,"required":true,"title_format":"label","default":"","description_enable":false,"description":"","placeholder_enable":false,"placeholder":"","display":"select","restrictions_type":"any_text","adjust_price":false,"price":"","price_type":"flat_fee","restrictions":false,"min":"0","max":"0","options":[{"label":"30cm","price":"","price_type":"quantity_based","image":0,"visibility":true},{"label":"35cm","price":"100","price_type":"quantity_based","image":0,"visibility":true},{"label":"40cm","price":"200","price_type":"quantity_based","image":0,"visibility":true}]},{"name":"Materia\u0142","type":"multiple_choice","position":3,"required":true,"title_format":"label","default":"","description_enable":true,"description":"Dost\u0119pny w r\u00f3\u017cnych kolorach i materia\u0142ach","placeholder_enable":false,"placeholder":"","display":"patterns","restrictions_type":"any_text","adjust_price":false,"price":"","price_type":"flat_fee","restrictions":false,"min":"0","max":"0","options":[{"label":"3443","price":"","price_type":"percentage_based","image":0,"visibility":true},{"label":"10580","price":"15","price_type":"percentage_based","image":0,"visibility":true},{"label":"13730","price":"25","price_type":"percentage_based","image":0,"visibility":true},{"label":"2797","price":"25","price_type":"percentage_based","image":0,"visibility":true},{"label":"2951","price":"30","price_type":"percentage_based","image":0,"visibility":true}]},{"name":"Kolor tkaniny","type":"multiple_choice","position":4,"required":true,"title_format":"label","default":"","description_enable":false,"description":"","placeholder_enable":false,"placeholder":"","display":"patterns","restrictions_type":"any_text","adjust_price":false,"price":"","price_type":"flat_fee","restrictions":false,"min":"0","max":"0","options":[{"label":"22997","price":"","price_type":"quantity_based","image":0,"visibility":true}]},{"name":"Przepust kablowy","type":"multiple_choice","position":5,"required":true,"title_format":"label","default":"","description_enable":true,"description":"Przepust na g\u00f3rze u\u0142atwia prowadzenie kabli do wn\u0119trza szafki telewizyjnej","placeholder_enable":false,"placeholder":"","display":"select","restrictions_type":"any_text","adjust_price":false,"price":"","price_type":"flat_fee","restrictions":false,"min":"0","max":"0","options":[{"label":"bez przepustu","price":"","price_type":"quantity_based","image":0,"visibility":true},{"label":"z przepustem kablowym","price":"","price_type":"quantity_based","image":0,"visibility":true}]},{"name":"\u0141adowarka bezprzewodowa do telefonu kom\u00f3rkowego","type":"multiple_choice","position":6,"required":true,"title_format":"label","default":"","description_enable":true,"description":"Z bezprzewodow\u0105 \u0142adowark\u0105 wystarczy umie\u015bci\u0107 kompatybilny telefon na \u0142adowarce, a zacznie si\u0119 \u0142adowa\u0107 natychmiast.","placeholder_enable":false,"placeholder":"","display":"select","restrictions_type":"any_text","adjust_price":false,"price":"","price_type":"flat_fee","restrictions":false,"min":"0","max":"0","options":[{"label":"Nie","price":"","price_type":"quantity_based","image":0,"visibility":true},{"label":"Tak","price":"300","price_type":"quantity_based","image":0,"visibility":true}]},{"name":"\u015awiat\u0142o LED z funkcj\u0105 regulacji jasno\u015bci","type":"multiple_choice","position":7,"required":true,"title_format":"label","default":"","description_enable":true,"description":"Zintegrowany profil LED zosta\u0142 zamontowany w dolnej cz\u0119\u015bci blatu, aby stworzy\u0107 efektowne po\u015brednie \u015bwiat\u0142o.\r\nUkryty prze\u0142\u0105cznik znajduje si\u0119 na g\u00f3rnej p\u0142ycie.\r\nKolor: Ciep\u0142y bia\u0142y (3000K)","placeholder_enable":false,"placeholder":"","display":"select","restrictions_type":"any_text","adjust_price":false,"price":"","price_type":"flat_fee","restrictions":false,"min":"0","max":"0","options":[{"label":"Nie","price":"","price_type":"quantity_based","image":0,"visibility":true},{"label":"Tak","price":"380","price_type":"quantity_based","image":0,"visibility":true}]},{"name":"Kudde variant","type":"multiple_choice","position":0,"required":true,"title_format":"label","default":"","description_enable":false,"description":"","placeholder_enable":false,"placeholder":"","display":"select","restrictions_type":"any_text","adjust_price":false,"price":"","price_type":"flat_fee","restrictions":false,"min":"0","max":"0","options":[{"label":"Kuba","price":"","price_type":"quantity_based","image":0,"visibility":true},{"label":"Haiti","price":"","price_type":"quantity_based","image":0,"visibility":true},{"label":"Barbados","price":"","price_type":"quantity_based","image":0,"visibility":true},{"label":"Aruba","price":"","price_type":"quantity_based","image":0,"visibility":true}]}],"acf":[],"yoast_head":"<!-- This site is optimized with the Yoast SEO plugin v26.8 - https:\/\/yoast.com\/product\/yoast-seo-wordpress\/ -->\n<title>Szafka RTV PABLO z frontem z tkaniny - konkret.store<\/title>\n<meta name=\"description\" content=\"Jeste\u015b z pewno\u015bci\u0105 osob\u0105, kt\u00f3ra docenia estetyk\u0119 w swoim domu! Pablo to niezwykle elegancka szafka telewizyjna, zainspirowana nowoczesn\u0105 architektur\u0105. Mo\u017cesz wybra\u0107, czy postawi\u0107 j\u0105 na pod\u0142odze, czy zamontowa\u0107 na \u015bcianie.\" \/>\n<meta name=\"robots\" content=\"index, follow, max-snippet:-1, max-image-preview:large, max-video-preview:-1\" \/>\n<link rel=\"canonical\" href=\"https:\/\/konkret.store\/pl\/produkt\/szafkartv-pablo\/\" \/>\n<meta property=\"og:locale\" content=\"pl_PL\" \/>\n<meta property=\"og:type\" content=\"article\" \/>\n<meta property=\"og:title\" content=\"Szafka RTV PABLO z frontem z tkaniny - konkret.store\" \/>\n<meta property=\"og:description\" content=\"Jeste\u015b z pewno\u015bci\u0105 osob\u0105, kt\u00f3ra docenia estetyk\u0119 w swoim domu! Pablo to niezwykle elegancka szafka telewizyjna, zainspirowana nowoczesn\u0105 architektur\u0105. Mo\u017cesz wybra\u0107, czy postawi\u0107 j\u0105 na pod\u0142odze, czy zamontowa\u0107 na \u015bcianie.\" \/>\n<meta property=\"og:url\" content=\"https:\/\/konkret.store\/pl\/produkt\/szafkartv-pablo\/\" \/>\n<meta property=\"og:site_name\" content=\"konkret.store\" \/>\n<meta property=\"article:publisher\" content=\"https:\/\/facebook.com\/konkret.store\/\" \/>\n<meta property=\"article:modified_time\" content=\"2025-03-17T22:21:25+00:00\" \/>\n<meta property=\"og:image\" content=\"https:\/\/konkret.store\/app\/uploads\/2023\/03\/Tv-benk-Pablo-ra-eik-effekt-removebg.png\" \/>\n\t<meta property=\"og:image:width\" content=\"800\" \/>\n\t<meta property=\"og:image:height\" content=\"736\" \/>\n\t<meta property=\"og:image:type\" content=\"image\/png\" \/>\n<meta name=\"twitter:card\" content=\"summary_large_image\" \/>\n<meta name=\"twitter:label1\" content=\"Szacowany czas czytania\" \/>\n\t<meta name=\"twitter:data1\" content=\"1 minuta\" \/>\n<script type=\"application\/ld+json\" class=\"yoast-schema-graph\">{\"@context\":\"https:\/\/schema.org\",\"@graph\":[{\"@type\":\"WebPage\",\"@id\":\"https:\/\/konkret.store\/pl\/produkt\/szafkartv-pablo\/\",\"url\":\"https:\/\/konkret.store\/pl\/produkt\/szafkartv-pablo\/\",\"name\":\"Szafka RTV PABLO z frontem z tkaniny - konkret.store\",\"isPartOf\":{\"@id\":\"https:\/\/konkret.store\/pl\/#website\"},\"primaryImageOfPage\":{\"@id\":\"https:\/\/konkret.store\/pl\/produkt\/szafkartv-pablo\/#primaryimage\"},\"image\":{\"@id\":\"https:\/\/konkret.store\/pl\/produkt\/szafkartv-pablo\/#primaryimage\"},\"thumbnailUrl\":\"https:\/\/konkret.store\/app\/uploads\/2023\/03\/Tv-benk-Pablo-ra-eik-effekt-removebg.png\",\"datePublished\":\"2023-03-09T20:52:04+00:00\",\"dateModified\":\"2025-03-17T22:21:25+00:00\",\"description\":\"Jeste\u015b z pewno\u015bci\u0105 osob\u0105, kt\u00f3ra docenia estetyk\u0119 w swoim domu! Pablo to niezwykle elegancka szafka telewizyjna, zainspirowana nowoczesn\u0105 architektur\u0105. Mo\u017cesz wybra\u0107, czy postawi\u0107 j\u0105 na pod\u0142odze, czy zamontowa\u0107 na \u015bcianie.\",\"breadcrumb\":{\"@id\":\"https:\/\/konkret.store\/pl\/produkt\/szafkartv-pablo\/#breadcrumb\"},\"inLanguage\":\"pl-PL\",\"potentialAction\":[{\"@type\":\"ReadAction\",\"target\":[\"https:\/\/konkret.store\/pl\/produkt\/szafkartv-pablo\/\"]}]},{\"@type\":\"ImageObject\",\"inLanguage\":\"pl-PL\",\"@id\":\"https:\/\/konkret.store\/pl\/produkt\/szafkartv-pablo\/#primaryimage\",\"url\":\"https:\/\/konkret.store\/app\/uploads\/2023\/03\/Tv-benk-Pablo-ra-eik-effekt-removebg.png\",\"contentUrl\":\"https:\/\/konkret.store\/app\/uploads\/2023\/03\/Tv-benk-Pablo-ra-eik-effekt-removebg.png\",\"width\":800,\"height\":736},{\"@type\":\"BreadcrumbList\",\"@id\":\"https:\/\/konkret.store\/pl\/produkt\/szafkartv-pablo\/#breadcrumb\",\"itemListElement\":[{\"@type\":\"ListItem\",\"position\":1,\"name\":\"Strona g\u0142\u00f3wna\",\"item\":\"https:\/\/konkret.store\/pl\/\"},{\"@type\":\"ListItem\",\"position\":2,\"name\":\"Shop\",\"item\":\"https:\/\/konkret.store\/shop\/\"},{\"@type\":\"ListItem\",\"position\":3,\"name\":\"Szafka RTV PABLO z frontem z tkaniny\"}]},{\"@type\":\"WebSite\",\"@id\":\"https:\/\/konkret.store\/pl\/#website\",\"url\":\"https:\/\/konkret.store\/pl\/\",\"name\":\"konkret.store\",\"description\":\"Tylko konkrety\",\"potentialAction\":[{\"@type\":\"SearchAction\",\"target\":{\"@type\":\"EntryPoint\",\"urlTemplate\":\"https:\/\/konkret.store\/pl\/?s={search_term_string}\"},\"query-input\":{\"@type\":\"PropertyValueSpecification\",\"valueRequired\":true,\"valueName\":\"search_term_string\"}}],\"inLanguage\":\"pl-PL\"}]}<\/script>\n<!-- \/ Yoast SEO plugin. -->","yoast_head_json":{"title":"Szafka RTV PABLO z frontem z tkaniny - konkret.store","description":"Jeste\u015b z pewno\u015bci\u0105 osob\u0105, kt\u00f3ra docenia estetyk\u0119 w swoim domu! Pablo to niezwykle elegancka szafka telewizyjna, zainspirowana nowoczesn\u0105 architektur\u0105. Mo\u017cesz wybra\u0107, czy postawi\u0107 j\u0105 na pod\u0142odze, czy zamontowa\u0107 na \u015bcianie.","robots":{"index":"index","follow":"follow","max-snippet":"max-snippet:-1","max-image-preview":"max-image-preview:large","max-video-preview":"max-video-preview:-1"},"canonical":"https:\/\/konkret.store\/pl\/produkt\/szafkartv-pablo\/","og_locale":"pl_PL","og_type":"article","og_title":"Szafka RTV PABLO z frontem z tkaniny - konkret.store","og_description":"Jeste\u015b z pewno\u015bci\u0105 osob\u0105, kt\u00f3ra docenia estetyk\u0119 w swoim domu! Pablo to niezwykle elegancka szafka telewizyjna, zainspirowana nowoczesn\u0105 architektur\u0105. Mo\u017cesz wybra\u0107, czy postawi\u0107 j\u0105 na pod\u0142odze, czy zamontowa\u0107 na \u015bcianie.","og_url":"https:\/\/konkret.store\/pl\/produkt\/szafkartv-pablo\/","og_site_name":"konkret.store","article_publisher":"https:\/\/facebook.com\/konkret.store\/","article_modified_time":"2025-03-17T22:21:25+00:00","og_image":[{"width":800,"height":736,"url":"https:\/\/konkret.store\/app\/uploads\/2023\/03\/Tv-benk-Pablo-ra-eik-effekt-removebg.png","type":"image\/png"}],"twitter_card":"summary_large_image","twitter_misc":{"Szacowany czas czytania":"1 minuta"},"schema":{"@context":"https:\/\/schema.org","@graph":[{"@type":"WebPage","@id":"https:\/\/konkret.store\/pl\/produkt\/szafkartv-pablo\/","url":"https:\/\/konkret.store\/pl\/produkt\/szafkartv-pablo\/","name":"Szafka RTV PABLO z frontem z tkaniny - konkret.store","isPartOf":{"@id":"https:\/\/konkret.store\/pl\/#website"},"primaryImageOfPage":{"@id":"https:\/\/konkret.store\/pl\/produkt\/szafkartv-pablo\/#primaryimage"},"image":{"@id":"https:\/\/konkret.store\/pl\/produkt\/szafkartv-pablo\/#primaryimage"},"thumbnailUrl":"https:\/\/konkret.store\/app\/uploads\/2023\/03\/Tv-benk-Pablo-ra-eik-effekt-removebg.png","datePublished":"2023-03-09T20:52:04+00:00","dateModified":"2025-03-17T22:21:25+00:00","description":"Jeste\u015b z pewno\u015bci\u0105 osob\u0105, kt\u00f3ra docenia estetyk\u0119 w swoim domu! Pablo to niezwykle elegancka szafka telewizyjna, zainspirowana nowoczesn\u0105 architektur\u0105. Mo\u017cesz wybra\u0107, czy postawi\u0107 j\u0105 na pod\u0142odze, czy zamontowa\u0107 na \u015bcianie.","breadcrumb":{"@id":"https:\/\/konkret.store\/pl\/produkt\/szafkartv-pablo\/#breadcrumb"},"inLanguage":"pl-PL","potentialAction":[{"@type":"ReadAction","target":["https:\/\/konkret.store\/pl\/produkt\/szafkartv-pablo\/"]}]},{"@type":"ImageObject","inLanguage":"pl-PL","@id":"https:\/\/konkret.store\/pl\/produkt\/szafkartv-pablo\/#primaryimage","url":"https:\/\/konkret.store\/app\/uploads\/2023\/03\/Tv-benk-Pablo-ra-eik-effekt-removebg.png","contentUrl":"https:\/\/konkret.store\/app\/uploads\/2023\/03\/Tv-benk-Pablo-ra-eik-effekt-removebg.png","width":800,"height":736},{"@type":"BreadcrumbList","@id":"https:\/\/konkret.store\/pl\/produkt\/szafkartv-pablo\/#breadcrumb","itemListElement":[{"@type":"ListItem","position":1,"name":"Strona g\u0142\u00f3wna","item":"https:\/\/konkret.store\/pl\/"},{"@type":"ListItem","position":2,"name":"Shop","item":"https:\/\/konkret.store\/shop\/"},{"@type":"ListItem","position":3,"name":"Szafka RTV PABLO z frontem z tkaniny"}]},{"@type":"WebSite","@id":"https:\/\/konkret.store\/pl\/#website","url":"https:\/\/konkret.store\/pl\/","name":"konkret.store","description":"Tylko konkrety","potentialAction":[{"@type":"SearchAction","target":{"@type":"EntryPoint","urlTemplate":"https:\/\/konkret.store\/pl\/?s={search_term_string}"},"query-input":{"@type":"PropertyValueSpecification","valueRequired":true,"valueName":"search_term_string"}}],"inLanguage":"pl-PL"}]}},"_links":{"self":[{"href":"https:\/\/konkret.store\/pl\/wp-json\/wp\/v2\/product\/13827","targetHints":{"allow":["GET"]}}],"collection":[{"href":"https:\/\/konkret.store\/pl\/wp-json\/wp\/v2\/product"}],"about":[{"href":"https:\/\/konkret.store\/pl\/wp-json\/wp\/v2\/types\/product"}],"wp:featuredmedia":[{"embeddable":true,"href":"https:\/\/konkret.store\/pl\/wp-json\/wp\/v2\/media\/22985"}],"wp:attachment":[{"href":"https:\/\/konkret.store\/pl\/wp-json\/wp\/v2\/media?parent=13827"}],"wp:term":[{"taxonomy":"product_brand","embeddable":true,"href":"https:\/\/konkret.store\/pl\/wp-json\/wp\/v2\/product_brand?post=13827"},{"taxonomy":"product_cat","embeddable":true,"href":"https:\/\/konkret.store\/pl\/wp-json\/wp\/v2\/product_cat?post=13827"},{"taxonomy":"product_tag","embeddable":true,"href":"https:\/\/konkret.store\/pl\/wp-json\/wp\/v2\/product_tag?post=13827"}],"curies":[{"name":"wp","href":"https:\/\/api.w.org\/{rel}","templated":true}]}}