{"id":15137,"date":"2023-03-25T21:52:09","date_gmt":"2023-03-25T21:52:09","guid":{"rendered":"https:\/\/konkret.store\/?post_type=product&#038;p=15137"},"modified":"2025-03-17T18:13:19","modified_gmt":"2025-03-17T17:13:19","slug":"gipsanker-toggler-5stk","status":"publish","type":"product","link":"https:\/\/konkret.store\/pl\/produkt\/gipsanker-toggler-5stk\/","title":{"rendered":"Ko\u0142ki do p\u0142yt gipsowo-kartonowych Toggler\u2122"},"content":{"rendered":"<section class=\"image-text\">\n  <div class=\"container\">\n    <div class=\"row align-items-center\">\n      <div class=\"col-lg-6  image-text--left\">\n        <div class=\"image-text__image\">\n          <img loading=\"lazy\" decoding=\"async\" width=\"1000\" height=\"728\" src=\"https:\/\/konkret.store\/app\/uploads\/2023\/03\/TOGBM10_10-removebg.png\" class=\"attachment-full size-full\" alt=\"\" srcset=\"https:\/\/konkret.store\/app\/uploads\/2023\/03\/TOGBM10_10-removebg.png 1000w, https:\/\/konkret.store\/app\/uploads\/2023\/03\/TOGBM10_10-removebg-300x218.png 300w, https:\/\/konkret.store\/app\/uploads\/2023\/03\/TOGBM10_10-removebg-768x559.png 768w, https:\/\/konkret.store\/app\/uploads\/2023\/03\/TOGBM10_10-removebg-610x444.png 610w, https:\/\/konkret.store\/app\/uploads\/2023\/03\/TOGBM10_10-removebg-64x47.png 64w\" sizes=\"auto, (max-width: 1000px) 100vw, 1000px\" \/>        <\/div>\n      <\/div>\n      <div class=\"col-lg-5  offset-lg-1 \">\n                <h2>Mocne i wytrzyma\u0142e !<\/h2>\n        <div class=\"image-text__text\">\n          <p><img loading=\"lazy\" decoding=\"async\" class=\"alignnone wp-image-16049 ls-is-cached lazyloaded\" src=\"https:\/\/konkret.store\/app\/uploads\/2023\/04\/star-removebg-300x231.png\" sizes=\"auto, (max-width: 27px) 100vw, 27px\" srcset=\"https:\/\/konkret.store\/app\/uploads\/2023\/04\/star-removebg-300x231.png 300w, https:\/\/konkret.store\/app\/uploads\/2023\/04\/star-removebg-610x469.png 610w, https:\/\/konkret.store\/app\/uploads\/2023\/04\/star-removebg-64x49.png 64w, https:\/\/konkret.store\/app\/uploads\/2023\/04\/star-removebg.png 612w\" alt=\"\" width=\"27\" height=\"21\" data-srcset=\"https:\/\/konkret.store\/app\/uploads\/2023\/04\/star-removebg-300x231.png 300w, https:\/\/konkret.store\/app\/uploads\/2023\/04\/star-removebg-610x469.png 610w, https:\/\/konkret.store\/app\/uploads\/2023\/04\/star-removebg-64x49.png 64w, https:\/\/konkret.store\/app\/uploads\/2023\/04\/star-removebg.png 612w\" data-src=\"https:\/\/konkret.store\/app\/uploads\/2023\/04\/star-removebg-300x231.png\" data-sizes=\"(max-width: 27px) 100vw, 27px\" \/>Silne &#8211; do dwukrotnego obci\u0105\u017cenia w por\u00f3wnaniu z tradycyjnym zaczepem z motylkiem.<\/p>\n<p><img loading=\"lazy\" decoding=\"async\" class=\"alignnone wp-image-16049 ls-is-cached lazyloaded\" src=\"https:\/\/konkret.store\/app\/uploads\/2023\/04\/star-removebg-300x231.png\" sizes=\"auto, (max-width: 27px) 100vw, 27px\" srcset=\"https:\/\/konkret.store\/app\/uploads\/2023\/04\/star-removebg-300x231.png 300w, https:\/\/konkret.store\/app\/uploads\/2023\/04\/star-removebg-610x469.png 610w, https:\/\/konkret.store\/app\/uploads\/2023\/04\/star-removebg-64x49.png 64w, https:\/\/konkret.store\/app\/uploads\/2023\/04\/star-removebg.png 612w\" alt=\"\" width=\"27\" height=\"21\" data-srcset=\"https:\/\/konkret.store\/app\/uploads\/2023\/04\/star-removebg-300x231.png 300w, https:\/\/konkret.store\/app\/uploads\/2023\/04\/star-removebg-610x469.png 610w, https:\/\/konkret.store\/app\/uploads\/2023\/04\/star-removebg-64x49.png 64w, https:\/\/konkret.store\/app\/uploads\/2023\/04\/star-removebg.png 612w\" data-src=\"https:\/\/konkret.store\/app\/uploads\/2023\/04\/star-removebg-300x231.png\" data-sizes=\"(max-width: 27px) 100vw, 27px\" \/>\u0142atwa instalacja<\/p>\n<p><img loading=\"lazy\" decoding=\"async\" class=\"wp-image-22940 alignleft\" role=\"img\" src=\"https:\/\/konkret.store\/app\/uploads\/2023\/03\/made-in-usa.svg\" alt=\"\" width=\"82\" height=\"54\" \/><\/p>\n        <\/div>\n              <\/div>\n    <\/div>\n  <\/div>\n<\/section>\n\n\n<section class=\"video\">\n  <div class=\"container\">\n    <video src=\"https:\/\/konkret.store\/app\/uploads\/2023\/03\/Y2Mate.is-SNAPTOGGLE-Toggle-Bolts-SC1ZuxuZ2PU-480p-1656120106451-20240215-143525.mp4\" poster=\"\" webkit-playsinline playsinline loop muted autoplay><\/video>\n  <\/div>\n<\/section>\n","protected":false},"excerpt":{"rendered":"<p>Ko\u0142ki do p\u0142yt gipsowych z tworzywa sztucznego z kotwic\u0105 stalow\u0105.<\/p>\n<p><strong>Toggler\u2122<\/strong> nadaj\u0105 si\u0119 do mocowania ci\u0119\u017cszych element\u00f3w w zale\u017cno\u015bci od w\u0142a\u015bciwo\u015bci materia\u0142u p\u0142yty &#8211; dla grubo\u015bci p\u0142yty od 5 do 45 mm, wymaga otworu za p\u0142yt\u0105.<\/p>\n<p>Dostarczane w komplecie ze \u015brub\u0105.<\/p>\n","protected":false},"featured_media":22936,"template":"","meta":{"_acf_changed":true},"product_brand":[],"product_cat":[185],"product_tag":[],"class_list":{"0":"post-15137","1":"product","2":"type-product","3":"status-publish","4":"has-post-thumbnail","6":"product_cat-dodatki","8":"first","9":"instock","10":"taxable","11":"shipping-taxable","12":"purchasable","13":"product-type-simple"},"exclude_global_add_ons":[],"addons":[],"acf":[],"yoast_head":"<!-- This site is optimized with the Yoast SEO plugin v26.8 - https:\/\/yoast.com\/product\/yoast-seo-wordpress\/ -->\n<title>Ko\u0142ki do p\u0142yt gipsowo-kartonowych Toggler\u2122 - konkret.store<\/title>\n<meta name=\"description\" content=\"Ko\u0142ki do p\u0142yt gipsowych z tworzywa sztucznego z kotwic\u0105 stalow\u0105. Toggler\u2122 nadaj\u0105 si\u0119 do mocowania ci\u0119\u017cszych element\u00f3w w zale\u017cno\u015bci od w\u0142a\u015bciwo\u015bci materia\u0142u p\u0142yty - dla grubo\u015bci p\u0142yty od 5 do 45 mm, wymaga otworu za p\u0142yt\u0105. Dostarczane w komplecie ze \u015brub\u0105.\" \/>\n<meta name=\"robots\" content=\"index, follow, max-snippet:-1, max-image-preview:large, max-video-preview:-1\" \/>\n<link rel=\"canonical\" href=\"https:\/\/konkret.store\/pl\/produkt\/gipsanker-toggler-5stk\/\" \/>\n<meta property=\"og:locale\" content=\"pl_PL\" \/>\n<meta property=\"og:type\" content=\"article\" \/>\n<meta property=\"og:title\" content=\"Ko\u0142ki do p\u0142yt gipsowo-kartonowych Toggler\u2122 - konkret.store\" \/>\n<meta property=\"og:description\" content=\"Ko\u0142ki do p\u0142yt gipsowych z tworzywa sztucznego z kotwic\u0105 stalow\u0105. Toggler\u2122 nadaj\u0105 si\u0119 do mocowania ci\u0119\u017cszych element\u00f3w w zale\u017cno\u015bci od w\u0142a\u015bciwo\u015bci materia\u0142u p\u0142yty - dla grubo\u015bci p\u0142yty od 5 do 45 mm, wymaga otworu za p\u0142yt\u0105. Dostarczane w komplecie ze \u015brub\u0105.\" \/>\n<meta property=\"og:url\" content=\"https:\/\/konkret.store\/pl\/produkt\/gipsanker-toggler-5stk\/\" \/>\n<meta property=\"og:site_name\" content=\"konkret.store\" \/>\n<meta property=\"article:publisher\" content=\"https:\/\/facebook.com\/konkret.store\/\" \/>\n<meta property=\"article:modified_time\" content=\"2025-03-17T17:13:19+00:00\" \/>\n<meta property=\"og:image\" content=\"https:\/\/konkret.store\/app\/uploads\/2023\/03\/TOGBM10_10-removebg.png\" \/>\n\t<meta property=\"og:image:width\" content=\"1000\" \/>\n\t<meta property=\"og:image:height\" content=\"728\" \/>\n\t<meta property=\"og:image:type\" content=\"image\/png\" \/>\n<meta name=\"twitter:card\" content=\"summary_large_image\" \/>\n<meta name=\"twitter:label1\" content=\"Szacowany czas czytania\" \/>\n\t<meta name=\"twitter:data1\" content=\"1 minuta\" \/>\n<script type=\"application\/ld+json\" class=\"yoast-schema-graph\">{\"@context\":\"https:\/\/schema.org\",\"@graph\":[{\"@type\":\"WebPage\",\"@id\":\"https:\/\/konkret.store\/pl\/produkt\/gipsanker-toggler-5stk\/\",\"url\":\"https:\/\/konkret.store\/pl\/produkt\/gipsanker-toggler-5stk\/\",\"name\":\"Ko\u0142ki do p\u0142yt gipsowo-kartonowych Toggler\u2122 - konkret.store\",\"isPartOf\":{\"@id\":\"https:\/\/konkret.store\/pl\/#website\"},\"primaryImageOfPage\":{\"@id\":\"https:\/\/konkret.store\/pl\/produkt\/gipsanker-toggler-5stk\/#primaryimage\"},\"image\":{\"@id\":\"https:\/\/konkret.store\/pl\/produkt\/gipsanker-toggler-5stk\/#primaryimage\"},\"thumbnailUrl\":\"https:\/\/konkret.store\/app\/uploads\/2023\/03\/TOGBM10_10-removebg.png\",\"datePublished\":\"2023-03-25T21:52:09+00:00\",\"dateModified\":\"2025-03-17T17:13:19+00:00\",\"description\":\"Ko\u0142ki do p\u0142yt gipsowych z tworzywa sztucznego z kotwic\u0105 stalow\u0105. Toggler\u2122 nadaj\u0105 si\u0119 do mocowania ci\u0119\u017cszych element\u00f3w w zale\u017cno\u015bci od w\u0142a\u015bciwo\u015bci materia\u0142u p\u0142yty - dla grubo\u015bci p\u0142yty od 5 do 45 mm, wymaga otworu za p\u0142yt\u0105. Dostarczane w komplecie ze \u015brub\u0105.\",\"breadcrumb\":{\"@id\":\"https:\/\/konkret.store\/pl\/produkt\/gipsanker-toggler-5stk\/#breadcrumb\"},\"inLanguage\":\"pl-PL\",\"potentialAction\":[{\"@type\":\"ReadAction\",\"target\":[\"https:\/\/konkret.store\/pl\/produkt\/gipsanker-toggler-5stk\/\"]}]},{\"@type\":\"ImageObject\",\"inLanguage\":\"pl-PL\",\"@id\":\"https:\/\/konkret.store\/pl\/produkt\/gipsanker-toggler-5stk\/#primaryimage\",\"url\":\"https:\/\/konkret.store\/app\/uploads\/2023\/03\/TOGBM10_10-removebg.png\",\"contentUrl\":\"https:\/\/konkret.store\/app\/uploads\/2023\/03\/TOGBM10_10-removebg.png\",\"width\":1000,\"height\":728},{\"@type\":\"BreadcrumbList\",\"@id\":\"https:\/\/konkret.store\/pl\/produkt\/gipsanker-toggler-5stk\/#breadcrumb\",\"itemListElement\":[{\"@type\":\"ListItem\",\"position\":1,\"name\":\"Strona g\u0142\u00f3wna\",\"item\":\"https:\/\/konkret.store\/pl\/\"},{\"@type\":\"ListItem\",\"position\":2,\"name\":\"Shop\",\"item\":\"https:\/\/konkret.store\/shop\/\"},{\"@type\":\"ListItem\",\"position\":3,\"name\":\"Ko\u0142ki do p\u0142yt gipsowo-kartonowych Toggler\u2122\"}]},{\"@type\":\"WebSite\",\"@id\":\"https:\/\/konkret.store\/pl\/#website\",\"url\":\"https:\/\/konkret.store\/pl\/\",\"name\":\"konkret.store\",\"description\":\"Tylko konkrety\",\"potentialAction\":[{\"@type\":\"SearchAction\",\"target\":{\"@type\":\"EntryPoint\",\"urlTemplate\":\"https:\/\/konkret.store\/pl\/?s={search_term_string}\"},\"query-input\":{\"@type\":\"PropertyValueSpecification\",\"valueRequired\":true,\"valueName\":\"search_term_string\"}}],\"inLanguage\":\"pl-PL\"}]}<\/script>\n<!-- \/ Yoast SEO plugin. -->","yoast_head_json":{"title":"Ko\u0142ki do p\u0142yt gipsowo-kartonowych Toggler\u2122 - konkret.store","description":"Ko\u0142ki do p\u0142yt gipsowych z tworzywa sztucznego z kotwic\u0105 stalow\u0105. Toggler\u2122 nadaj\u0105 si\u0119 do mocowania ci\u0119\u017cszych element\u00f3w w zale\u017cno\u015bci od w\u0142a\u015bciwo\u015bci materia\u0142u p\u0142yty - dla grubo\u015bci p\u0142yty od 5 do 45 mm, wymaga otworu za p\u0142yt\u0105. Dostarczane w komplecie ze \u015brub\u0105.","robots":{"index":"index","follow":"follow","max-snippet":"max-snippet:-1","max-image-preview":"max-image-preview:large","max-video-preview":"max-video-preview:-1"},"canonical":"https:\/\/konkret.store\/pl\/produkt\/gipsanker-toggler-5stk\/","og_locale":"pl_PL","og_type":"article","og_title":"Ko\u0142ki do p\u0142yt gipsowo-kartonowych Toggler\u2122 - konkret.store","og_description":"Ko\u0142ki do p\u0142yt gipsowych z tworzywa sztucznego z kotwic\u0105 stalow\u0105. Toggler\u2122 nadaj\u0105 si\u0119 do mocowania ci\u0119\u017cszych element\u00f3w w zale\u017cno\u015bci od w\u0142a\u015bciwo\u015bci materia\u0142u p\u0142yty - dla grubo\u015bci p\u0142yty od 5 do 45 mm, wymaga otworu za p\u0142yt\u0105. Dostarczane w komplecie ze \u015brub\u0105.","og_url":"https:\/\/konkret.store\/pl\/produkt\/gipsanker-toggler-5stk\/","og_site_name":"konkret.store","article_publisher":"https:\/\/facebook.com\/konkret.store\/","article_modified_time":"2025-03-17T17:13:19+00:00","og_image":[{"width":1000,"height":728,"url":"https:\/\/konkret.store\/app\/uploads\/2023\/03\/TOGBM10_10-removebg.png","type":"image\/png"}],"twitter_card":"summary_large_image","twitter_misc":{"Szacowany czas czytania":"1 minuta"},"schema":{"@context":"https:\/\/schema.org","@graph":[{"@type":"WebPage","@id":"https:\/\/konkret.store\/pl\/produkt\/gipsanker-toggler-5stk\/","url":"https:\/\/konkret.store\/pl\/produkt\/gipsanker-toggler-5stk\/","name":"Ko\u0142ki do p\u0142yt gipsowo-kartonowych Toggler\u2122 - konkret.store","isPartOf":{"@id":"https:\/\/konkret.store\/pl\/#website"},"primaryImageOfPage":{"@id":"https:\/\/konkret.store\/pl\/produkt\/gipsanker-toggler-5stk\/#primaryimage"},"image":{"@id":"https:\/\/konkret.store\/pl\/produkt\/gipsanker-toggler-5stk\/#primaryimage"},"thumbnailUrl":"https:\/\/konkret.store\/app\/uploads\/2023\/03\/TOGBM10_10-removebg.png","datePublished":"2023-03-25T21:52:09+00:00","dateModified":"2025-03-17T17:13:19+00:00","description":"Ko\u0142ki do p\u0142yt gipsowych z tworzywa sztucznego z kotwic\u0105 stalow\u0105. Toggler\u2122 nadaj\u0105 si\u0119 do mocowania ci\u0119\u017cszych element\u00f3w w zale\u017cno\u015bci od w\u0142a\u015bciwo\u015bci materia\u0142u p\u0142yty - dla grubo\u015bci p\u0142yty od 5 do 45 mm, wymaga otworu za p\u0142yt\u0105. Dostarczane w komplecie ze \u015brub\u0105.","breadcrumb":{"@id":"https:\/\/konkret.store\/pl\/produkt\/gipsanker-toggler-5stk\/#breadcrumb"},"inLanguage":"pl-PL","potentialAction":[{"@type":"ReadAction","target":["https:\/\/konkret.store\/pl\/produkt\/gipsanker-toggler-5stk\/"]}]},{"@type":"ImageObject","inLanguage":"pl-PL","@id":"https:\/\/konkret.store\/pl\/produkt\/gipsanker-toggler-5stk\/#primaryimage","url":"https:\/\/konkret.store\/app\/uploads\/2023\/03\/TOGBM10_10-removebg.png","contentUrl":"https:\/\/konkret.store\/app\/uploads\/2023\/03\/TOGBM10_10-removebg.png","width":1000,"height":728},{"@type":"BreadcrumbList","@id":"https:\/\/konkret.store\/pl\/produkt\/gipsanker-toggler-5stk\/#breadcrumb","itemListElement":[{"@type":"ListItem","position":1,"name":"Strona g\u0142\u00f3wna","item":"https:\/\/konkret.store\/pl\/"},{"@type":"ListItem","position":2,"name":"Shop","item":"https:\/\/konkret.store\/shop\/"},{"@type":"ListItem","position":3,"name":"Ko\u0142ki do p\u0142yt gipsowo-kartonowych Toggler\u2122"}]},{"@type":"WebSite","@id":"https:\/\/konkret.store\/pl\/#website","url":"https:\/\/konkret.store\/pl\/","name":"konkret.store","description":"Tylko konkrety","potentialAction":[{"@type":"SearchAction","target":{"@type":"EntryPoint","urlTemplate":"https:\/\/konkret.store\/pl\/?s={search_term_string}"},"query-input":{"@type":"PropertyValueSpecification","valueRequired":true,"valueName":"search_term_string"}}],"inLanguage":"pl-PL"}]}},"_links":{"self":[{"href":"https:\/\/konkret.store\/pl\/wp-json\/wp\/v2\/product\/15137","targetHints":{"allow":["GET"]}}],"collection":[{"href":"https:\/\/konkret.store\/pl\/wp-json\/wp\/v2\/product"}],"about":[{"href":"https:\/\/konkret.store\/pl\/wp-json\/wp\/v2\/types\/product"}],"wp:featuredmedia":[{"embeddable":true,"href":"https:\/\/konkret.store\/pl\/wp-json\/wp\/v2\/media\/22936"}],"wp:attachment":[{"href":"https:\/\/konkret.store\/pl\/wp-json\/wp\/v2\/media?parent=15137"}],"wp:term":[{"taxonomy":"product_brand","embeddable":true,"href":"https:\/\/konkret.store\/pl\/wp-json\/wp\/v2\/product_brand?post=15137"},{"taxonomy":"product_cat","embeddable":true,"href":"https:\/\/konkret.store\/pl\/wp-json\/wp\/v2\/product_cat?post=15137"},{"taxonomy":"product_tag","embeddable":true,"href":"https:\/\/konkret.store\/pl\/wp-json\/wp\/v2\/product_tag?post=15137"}],"curies":[{"name":"wp","href":"https:\/\/api.w.org\/{rel}","templated":true}]}}