{"id":15976,"date":"2023-04-03T21:50:25","date_gmt":"2023-04-03T21:50:25","guid":{"rendered":"https:\/\/konkret.store\/?post_type=product&#038;p=15976"},"modified":"2025-02-09T22:10:50","modified_gmt":"2025-02-09T21:10:50","slug":"nozkimeblowe-01","status":"publish","type":"product","link":"https:\/\/konkret.store\/pl\/produkt\/nozkimeblowe-01\/","title":{"rendered":"N\u00f3\u017cki meblowe 01 &#8211; zestaw"},"content":{"rendered":"<section class=\"image-text\">\n  <div class=\"container\">\n    <div class=\"row align-items-center\">\n      <div class=\"col-lg-6  image-text--left\">\n        <div class=\"image-text__image\">\n                  <\/div>\n      <\/div>\n      <div class=\"col-lg-5  offset-lg-1 \">\n                <h2><\/h2>\n        <div class=\"image-text__text\">\n                  <\/div>\n              <\/div>\n    <\/div>\n  <\/div>\n<\/section>\n\n\n<section class=\"image-text\">\n  <div class=\"container\">\n    <div class=\"row align-items-center\">\n      <div class=\"col-lg-6  image-text--left\">\n        <div class=\"image-text__image\">\n          <img loading=\"lazy\" decoding=\"async\" width=\"180\" height=\"180\" src=\"https:\/\/konkret.store\/app\/uploads\/2023\/04\/n30reg_cz-removebg-preview.png\" class=\"attachment-full size-full\" alt=\"\" srcset=\"https:\/\/konkret.store\/app\/uploads\/2023\/04\/n30reg_cz-removebg-preview.png 180w, https:\/\/konkret.store\/app\/uploads\/2023\/04\/n30reg_cz-removebg-preview-100x100.png 100w, https:\/\/konkret.store\/app\/uploads\/2023\/04\/n30reg_cz-removebg-preview-64x64.png 64w\" sizes=\"auto, (max-width: 180px) 100vw, 180px\" \/>        <\/div>\n      <\/div>\n      <div class=\"col-lg-5  offset-lg-1 \">\n                <h2>Troszczymy si\u0119 o detale!<\/h2>\n        <div class=\"image-text__text\">\n          <p><strong>Jaka powinna by\u0107 n\u00f3\u017cka?<\/strong><\/p>\n<p>N\u00f3\u017cka musi wizualnie pasowa\u0107 do mebla, ale te\u017c do reszty stylu wn\u0119trza. Czasem to w\u0142a\u015bnie jest wyznacznikiem.<\/p>\n<p><img loading=\"lazy\" decoding=\"async\" class=\"alignnone wp-image-16049 lazyloaded\" src=\"https:\/\/konkret.store\/app\/uploads\/2023\/04\/star-removebg-300x231.png\" sizes=\"auto, (max-width: 27px) 100vw, 27px\" srcset=\"https:\/\/konkret.store\/app\/uploads\/2023\/04\/star-removebg-300x231.png 300w, https:\/\/konkret.store\/app\/uploads\/2023\/04\/star-removebg-610x469.png 610w, https:\/\/konkret.store\/app\/uploads\/2023\/04\/star-removebg-64x49.png 64w, https:\/\/konkret.store\/app\/uploads\/2023\/04\/star-removebg.png 612w\" alt=\"\" width=\"27\" height=\"21\" data-srcset=\"https:\/\/konkret.store\/app\/uploads\/2023\/04\/star-removebg-300x231.png 300w, https:\/\/konkret.store\/app\/uploads\/2023\/04\/star-removebg-610x469.png 610w, https:\/\/konkret.store\/app\/uploads\/2023\/04\/star-removebg-64x49.png 64w, https:\/\/konkret.store\/app\/uploads\/2023\/04\/star-removebg.png 612w\" data-src=\"https:\/\/konkret.store\/app\/uploads\/2023\/04\/star-removebg-300x231.png\" data-sizes=\"(max-width: 27px) 100vw, 27px\" \/> Wysoka jako\u015b\u0107 n\u00f3\u017cek zapewnia elegancki wygl\u0105d<\/p>\n        <\/div>\n              <\/div>\n    <\/div>\n  <\/div>\n<\/section>\n","protected":false},"excerpt":{"rendered":"<p>Nogi wykonane s\u0105 z malowanej proszkowo stali, kwadratowy profil 30&#215;30 mm.<br \/>\nRegulowana wysoko\u015b\u0107, maksymalnie 10 mm, aby skompensowa\u0107 r\u00f3\u017cnice wysoko\u015bci na nier\u00f3wnych powierzchniach.<br \/>\nZestaw zawiera 4 sztuki + 1 n\u00f3\u017cka podporowa.<br \/>\nN\u00f3\u017cka podporowa umieszczana jest na \u015brodku, aby zapewni\u0107 stabilno\u015b\u0107.<\/p>\n<p>W opakowaniu znajduj\u0105 si\u0119 \u015bruby.<\/p>\n","protected":false},"featured_media":22848,"template":"","meta":{"_acf_changed":false},"product_brand":[],"product_cat":[185],"product_tag":[],"class_list":{"0":"post-15976","1":"product","2":"type-product","3":"status-publish","4":"has-post-thumbnail","6":"product_cat-dodatki","8":"first","9":"onbackorder","10":"taxable","11":"shipping-taxable","12":"purchasable","13":"product-type-simple"},"exclude_global_add_ons":false,"addons":[{"name":"Kolor","type":"multiple_choice","position":0,"required":true,"title_format":"label","default":"","description_enable":false,"description":"","placeholder_enable":false,"placeholder":"","display":"images","restrictions_type":"any_text","adjust_price":false,"price":"","price_type":"flat_fee","restrictions":false,"min":"0","max":"0","options":[{"label":"czarny mat","price":"","price_type":"quantity_based","image":22842,"visibility":true},{"label":"bialy mat","price":"","price_type":"quantity_based","image":22848,"visibility":true},{"label":"stal polerowana","price":"","price_type":"quantity_based","image":22846,"visibility":true},{"label":"stal szczotkowana INOX","price":"","price_type":"quantity_based","image":22844,"visibility":true}]},{"name":"Wysoko\u015b\u0107","type":"multiple_choice","position":1,"required":true,"title_format":"label","default":"","description_enable":false,"description":"","placeholder_enable":false,"placeholder":"","display":"select","restrictions_type":"any_text","adjust_price":false,"price":"","price_type":"flat_fee","restrictions":false,"min":"0","max":"0","options":[{"label":"10cm","price":"","price_type":"quantity_based","image":0,"visibility":true},{"label":"15cm","price":"15","price_type":"quantity_based","image":0,"visibility":true},{"label":"20cm","price":"20","price_type":"quantity_based","image":0,"visibility":true}]},{"name":"Kudde variant","type":"multiple_choice","position":0,"required":true,"title_format":"label","default":"","description_enable":false,"description":"","placeholder_enable":false,"placeholder":"","display":"select","restrictions_type":"any_text","adjust_price":false,"price":"","price_type":"flat_fee","restrictions":false,"min":"0","max":"0","options":[{"label":"Kuba","price":"","price_type":"quantity_based","image":0,"visibility":true},{"label":"Haiti","price":"","price_type":"quantity_based","image":0,"visibility":true},{"label":"Barbados","price":"","price_type":"quantity_based","image":0,"visibility":true},{"label":"Aruba","price":"","price_type":"quantity_based","image":0,"visibility":true}]}],"acf":[],"yoast_head":"<!-- This site is optimized with the Yoast SEO plugin v26.8 - https:\/\/yoast.com\/product\/yoast-seo-wordpress\/ -->\n<title>N\u00f3\u017cki meblowe 01 - zestaw - konkret.store<\/title>\n<meta name=\"description\" content=\"Nogi wykonane s\u0105 z malowanej proszkowo stali, kwadratowy profil 30x30 mm. Regulowana wysoko\u015b\u0107 wynosi maksymalnie 10 mm, aby skompensowa\u0107 r\u00f3\u017cnice wysoko\u015bci na nier\u00f3wnych powierzchniach. W zestawie znajduj\u0105 si\u0119 \u015bruby.\" \/>\n<meta name=\"robots\" content=\"index, follow, max-snippet:-1, max-image-preview:large, max-video-preview:-1\" \/>\n<link rel=\"canonical\" href=\"https:\/\/konkret.store\/pl\/produkt\/nozkimeblowe-01\/\" \/>\n<meta property=\"og:locale\" content=\"pl_PL\" \/>\n<meta property=\"og:type\" content=\"article\" \/>\n<meta property=\"og:title\" content=\"N\u00f3\u017cki meblowe 01 - zestaw - konkret.store\" \/>\n<meta property=\"og:description\" content=\"Nogi wykonane s\u0105 z malowanej proszkowo stali, kwadratowy profil 30x30 mm. Regulowana wysoko\u015b\u0107 wynosi maksymalnie 10 mm, aby skompensowa\u0107 r\u00f3\u017cnice wysoko\u015bci na nier\u00f3wnych powierzchniach. W zestawie znajduj\u0105 si\u0119 \u015bruby.\" \/>\n<meta property=\"og:url\" content=\"https:\/\/konkret.store\/pl\/produkt\/nozkimeblowe-01\/\" \/>\n<meta property=\"og:site_name\" content=\"konkret.store\" \/>\n<meta property=\"article:publisher\" content=\"https:\/\/facebook.com\/konkret.store\/\" \/>\n<meta property=\"article:modified_time\" content=\"2025-02-09T21:10:50+00:00\" \/>\n<meta property=\"og:image\" content=\"https:\/\/konkret.store\/app\/uploads\/2023\/04\/n_white-removebg-1.png\" \/>\n\t<meta property=\"og:image:width\" content=\"1479\" \/>\n\t<meta property=\"og:image:height\" content=\"1477\" \/>\n\t<meta property=\"og:image:type\" content=\"image\/png\" \/>\n<meta name=\"twitter:card\" content=\"summary_large_image\" \/>\n<meta name=\"twitter:label1\" content=\"Szacowany czas czytania\" \/>\n\t<meta name=\"twitter:data1\" content=\"1 minuta\" \/>\n<script type=\"application\/ld+json\" class=\"yoast-schema-graph\">{\"@context\":\"https:\/\/schema.org\",\"@graph\":[{\"@type\":\"WebPage\",\"@id\":\"https:\/\/konkret.store\/pl\/produkt\/nozkimeblowe-01\/\",\"url\":\"https:\/\/konkret.store\/pl\/produkt\/nozkimeblowe-01\/\",\"name\":\"N\u00f3\u017cki meblowe 01 - zestaw - konkret.store\",\"isPartOf\":{\"@id\":\"https:\/\/konkret.store\/pl\/#website\"},\"primaryImageOfPage\":{\"@id\":\"https:\/\/konkret.store\/pl\/produkt\/nozkimeblowe-01\/#primaryimage\"},\"image\":{\"@id\":\"https:\/\/konkret.store\/pl\/produkt\/nozkimeblowe-01\/#primaryimage\"},\"thumbnailUrl\":\"https:\/\/konkret.store\/app\/uploads\/2023\/04\/n_white-removebg-1.png\",\"datePublished\":\"2023-04-03T21:50:25+00:00\",\"dateModified\":\"2025-02-09T21:10:50+00:00\",\"description\":\"Nogi wykonane s\u0105 z malowanej proszkowo stali, kwadratowy profil 30x30 mm. Regulowana wysoko\u015b\u0107 wynosi maksymalnie 10 mm, aby skompensowa\u0107 r\u00f3\u017cnice wysoko\u015bci na nier\u00f3wnych powierzchniach. W zestawie znajduj\u0105 si\u0119 \u015bruby.\",\"breadcrumb\":{\"@id\":\"https:\/\/konkret.store\/pl\/produkt\/nozkimeblowe-01\/#breadcrumb\"},\"inLanguage\":\"pl-PL\",\"potentialAction\":[{\"@type\":\"ReadAction\",\"target\":[\"https:\/\/konkret.store\/pl\/produkt\/nozkimeblowe-01\/\"]}]},{\"@type\":\"ImageObject\",\"inLanguage\":\"pl-PL\",\"@id\":\"https:\/\/konkret.store\/pl\/produkt\/nozkimeblowe-01\/#primaryimage\",\"url\":\"https:\/\/konkret.store\/app\/uploads\/2023\/04\/n_white-removebg-1.png\",\"contentUrl\":\"https:\/\/konkret.store\/app\/uploads\/2023\/04\/n_white-removebg-1.png\",\"width\":1479,\"height\":1477},{\"@type\":\"BreadcrumbList\",\"@id\":\"https:\/\/konkret.store\/pl\/produkt\/nozkimeblowe-01\/#breadcrumb\",\"itemListElement\":[{\"@type\":\"ListItem\",\"position\":1,\"name\":\"Strona g\u0142\u00f3wna\",\"item\":\"https:\/\/konkret.store\/pl\/\"},{\"@type\":\"ListItem\",\"position\":2,\"name\":\"Shop\",\"item\":\"https:\/\/konkret.store\/shop\/\"},{\"@type\":\"ListItem\",\"position\":3,\"name\":\"N\u00f3\u017cki meblowe 01 &#8211; zestaw\"}]},{\"@type\":\"WebSite\",\"@id\":\"https:\/\/konkret.store\/pl\/#website\",\"url\":\"https:\/\/konkret.store\/pl\/\",\"name\":\"konkret.store\",\"description\":\"Tylko konkrety\",\"potentialAction\":[{\"@type\":\"SearchAction\",\"target\":{\"@type\":\"EntryPoint\",\"urlTemplate\":\"https:\/\/konkret.store\/pl\/?s={search_term_string}\"},\"query-input\":{\"@type\":\"PropertyValueSpecification\",\"valueRequired\":true,\"valueName\":\"search_term_string\"}}],\"inLanguage\":\"pl-PL\"}]}<\/script>\n<!-- \/ Yoast SEO plugin. -->","yoast_head_json":{"title":"N\u00f3\u017cki meblowe 01 - zestaw - konkret.store","description":"Nogi wykonane s\u0105 z malowanej proszkowo stali, kwadratowy profil 30x30 mm. Regulowana wysoko\u015b\u0107 wynosi maksymalnie 10 mm, aby skompensowa\u0107 r\u00f3\u017cnice wysoko\u015bci na nier\u00f3wnych powierzchniach. W zestawie znajduj\u0105 si\u0119 \u015bruby.","robots":{"index":"index","follow":"follow","max-snippet":"max-snippet:-1","max-image-preview":"max-image-preview:large","max-video-preview":"max-video-preview:-1"},"canonical":"https:\/\/konkret.store\/pl\/produkt\/nozkimeblowe-01\/","og_locale":"pl_PL","og_type":"article","og_title":"N\u00f3\u017cki meblowe 01 - zestaw - konkret.store","og_description":"Nogi wykonane s\u0105 z malowanej proszkowo stali, kwadratowy profil 30x30 mm. Regulowana wysoko\u015b\u0107 wynosi maksymalnie 10 mm, aby skompensowa\u0107 r\u00f3\u017cnice wysoko\u015bci na nier\u00f3wnych powierzchniach. W zestawie znajduj\u0105 si\u0119 \u015bruby.","og_url":"https:\/\/konkret.store\/pl\/produkt\/nozkimeblowe-01\/","og_site_name":"konkret.store","article_publisher":"https:\/\/facebook.com\/konkret.store\/","article_modified_time":"2025-02-09T21:10:50+00:00","og_image":[{"width":1479,"height":1477,"url":"https:\/\/konkret.store\/app\/uploads\/2023\/04\/n_white-removebg-1.png","type":"image\/png"}],"twitter_card":"summary_large_image","twitter_misc":{"Szacowany czas czytania":"1 minuta"},"schema":{"@context":"https:\/\/schema.org","@graph":[{"@type":"WebPage","@id":"https:\/\/konkret.store\/pl\/produkt\/nozkimeblowe-01\/","url":"https:\/\/konkret.store\/pl\/produkt\/nozkimeblowe-01\/","name":"N\u00f3\u017cki meblowe 01 - zestaw - konkret.store","isPartOf":{"@id":"https:\/\/konkret.store\/pl\/#website"},"primaryImageOfPage":{"@id":"https:\/\/konkret.store\/pl\/produkt\/nozkimeblowe-01\/#primaryimage"},"image":{"@id":"https:\/\/konkret.store\/pl\/produkt\/nozkimeblowe-01\/#primaryimage"},"thumbnailUrl":"https:\/\/konkret.store\/app\/uploads\/2023\/04\/n_white-removebg-1.png","datePublished":"2023-04-03T21:50:25+00:00","dateModified":"2025-02-09T21:10:50+00:00","description":"Nogi wykonane s\u0105 z malowanej proszkowo stali, kwadratowy profil 30x30 mm. Regulowana wysoko\u015b\u0107 wynosi maksymalnie 10 mm, aby skompensowa\u0107 r\u00f3\u017cnice wysoko\u015bci na nier\u00f3wnych powierzchniach. W zestawie znajduj\u0105 si\u0119 \u015bruby.","breadcrumb":{"@id":"https:\/\/konkret.store\/pl\/produkt\/nozkimeblowe-01\/#breadcrumb"},"inLanguage":"pl-PL","potentialAction":[{"@type":"ReadAction","target":["https:\/\/konkret.store\/pl\/produkt\/nozkimeblowe-01\/"]}]},{"@type":"ImageObject","inLanguage":"pl-PL","@id":"https:\/\/konkret.store\/pl\/produkt\/nozkimeblowe-01\/#primaryimage","url":"https:\/\/konkret.store\/app\/uploads\/2023\/04\/n_white-removebg-1.png","contentUrl":"https:\/\/konkret.store\/app\/uploads\/2023\/04\/n_white-removebg-1.png","width":1479,"height":1477},{"@type":"BreadcrumbList","@id":"https:\/\/konkret.store\/pl\/produkt\/nozkimeblowe-01\/#breadcrumb","itemListElement":[{"@type":"ListItem","position":1,"name":"Strona g\u0142\u00f3wna","item":"https:\/\/konkret.store\/pl\/"},{"@type":"ListItem","position":2,"name":"Shop","item":"https:\/\/konkret.store\/shop\/"},{"@type":"ListItem","position":3,"name":"N\u00f3\u017cki meblowe 01 &#8211; zestaw"}]},{"@type":"WebSite","@id":"https:\/\/konkret.store\/pl\/#website","url":"https:\/\/konkret.store\/pl\/","name":"konkret.store","description":"Tylko konkrety","potentialAction":[{"@type":"SearchAction","target":{"@type":"EntryPoint","urlTemplate":"https:\/\/konkret.store\/pl\/?s={search_term_string}"},"query-input":{"@type":"PropertyValueSpecification","valueRequired":true,"valueName":"search_term_string"}}],"inLanguage":"pl-PL"}]}},"_links":{"self":[{"href":"https:\/\/konkret.store\/pl\/wp-json\/wp\/v2\/product\/15976","targetHints":{"allow":["GET"]}}],"collection":[{"href":"https:\/\/konkret.store\/pl\/wp-json\/wp\/v2\/product"}],"about":[{"href":"https:\/\/konkret.store\/pl\/wp-json\/wp\/v2\/types\/product"}],"wp:featuredmedia":[{"embeddable":true,"href":"https:\/\/konkret.store\/pl\/wp-json\/wp\/v2\/media\/22848"}],"wp:attachment":[{"href":"https:\/\/konkret.store\/pl\/wp-json\/wp\/v2\/media?parent=15976"}],"wp:term":[{"taxonomy":"product_brand","embeddable":true,"href":"https:\/\/konkret.store\/pl\/wp-json\/wp\/v2\/product_brand?post=15976"},{"taxonomy":"product_cat","embeddable":true,"href":"https:\/\/konkret.store\/pl\/wp-json\/wp\/v2\/product_cat?post=15976"},{"taxonomy":"product_tag","embeddable":true,"href":"https:\/\/konkret.store\/pl\/wp-json\/wp\/v2\/product_tag?post=15976"}],"curies":[{"name":"wp","href":"https:\/\/api.w.org\/{rel}","templated":true}]}}