{"id":15998,"date":"2023-04-04T08:55:13","date_gmt":"2023-04-04T08:55:13","guid":{"rendered":"https:\/\/konkret.store\/?post_type=product&#038;p=15998"},"modified":"2025-03-24T21:34:20","modified_gmt":"2025-03-24T20:34:20","slug":"nozkimeblowe-04","status":"publish","type":"product","link":"https:\/\/konkret.store\/pl\/produkt\/nozkimeblowe-04\/","title":{"rendered":"N\u00f3\u017cki meblowe 04 \u2013 zestaw"},"content":{"rendered":"<section class=\"image-text image-text--centered\">\n  <div class=\"container\">\n    <div class=\"row align-items-center\">\n      <div class=\"col-lg-6 offset-lg-3\">\n                <h2><\/h2>\n        <div class=\"image-text__text\">\n                  <\/div>\n              <\/div>\n      <div class=\"col-lg-8 offset-lg-2\">\n        <div class=\"image-text__image\">\n                  <\/div>\n      <\/div>\n    <\/div>\n  <\/div>\n<\/section>\n\n\n<section class=\"image-text\">\n  <div class=\"container\">\n    <div class=\"row align-items-center\">\n      <div class=\"col-lg-6  image-text--left\">\n        <div class=\"image-text__image\">\n          <img loading=\"lazy\" decoding=\"async\" width=\"605\" height=\"768\" src=\"https:\/\/konkret.store\/app\/uploads\/2024\/05\/Moon-zoom.jpg\" class=\"attachment-full size-full\" alt=\"\" srcset=\"https:\/\/konkret.store\/app\/uploads\/2024\/05\/Moon-zoom.jpg 605w, https:\/\/konkret.store\/app\/uploads\/2024\/05\/Moon-zoom-236x300.jpg 236w, https:\/\/konkret.store\/app\/uploads\/2024\/05\/Moon-zoom-64x81.jpg 64w\" sizes=\"auto, (max-width: 605px) 100vw, 605px\" \/>        <\/div>\n      <\/div>\n      <div class=\"col-lg-5  offset-lg-1 \">\n                <h2>Troszczymy si\u0119 o detale !<\/h2>\n        <div class=\"image-text__text\">\n          <h2><strong style=\"font-size: 15px; text-align: var(--bs-body-text-align);\">Jaka powinna by\u0107 n\u00f3\u017cka?<\/strong><\/h2>\n<div class=\"image-text__text\">\n<p>N\u00f3\u017cka musi wizualnie pasowa\u0107 do mebla, ale te\u017c do reszty stylu wn\u0119trza. Czasem to w\u0142a\u015bnie jest wyznacznikiem.<\/p>\n<p><img loading=\"lazy\" decoding=\"async\" class=\"alignnone wp-image-16049 lazyloaded\" src=\"https:\/\/konkret.store\/app\/uploads\/2023\/04\/star-removebg-300x231.png\" sizes=\"auto, (max-width: 27px) 100vw, 27px\" srcset=\"https:\/\/konkret.store\/app\/uploads\/2023\/04\/star-removebg-300x231.png 300w, https:\/\/konkret.store\/app\/uploads\/2023\/04\/star-removebg-610x469.png 610w, https:\/\/konkret.store\/app\/uploads\/2023\/04\/star-removebg-64x49.png 64w, https:\/\/konkret.store\/app\/uploads\/2023\/04\/star-removebg.png 612w\" alt=\"\" width=\"27\" height=\"21\" data-srcset=\"https:\/\/konkret.store\/app\/uploads\/2023\/04\/star-removebg-300x231.png 300w, https:\/\/konkret.store\/app\/uploads\/2023\/04\/star-removebg-610x469.png 610w, https:\/\/konkret.store\/app\/uploads\/2023\/04\/star-removebg-64x49.png 64w, https:\/\/konkret.store\/app\/uploads\/2023\/04\/star-removebg.png 612w\" data-src=\"https:\/\/konkret.store\/app\/uploads\/2023\/04\/star-removebg-300x231.png\" data-sizes=\"(max-width: 27px) 100vw, 27px\" \/> Wysoka jako\u015b\u0107 n\u00f3\u017cek zapewnia elegancki wygl\u0105d<\/p>\n<p class=\"mgmw_wo mli8_k4 mp0t_ji munh_0 m3h2_0 mp4t_0 mqu1_1j m9qz_yq mgn2_16 mgn2_17_s mryx_8 _7030e_LKD2N\">\n<\/div>\n        <\/div>\n              <\/div>\n    <\/div>\n  <\/div>\n<\/section>\n","protected":false},"excerpt":{"rendered":"<p>Nogi wykonane s\u0105 z litego drewna d\u0119bowego. Zestaw zawiera 4 sztuki + 1 n\u00f3\u017cka podporowa.<br \/>\nN\u00f3\u017cka podporowa umieszczana jest na \u015brodku, aby zapewni\u0107 stabilno\u015b\u0107. W opakowaniu znajduj\u0105 si\u0119 \u015bruby.<\/p>\n","protected":false},"featured_media":23160,"template":"","meta":{"_acf_changed":true},"product_brand":[],"product_cat":[185],"product_tag":[],"class_list":{"0":"post-15998","1":"product","2":"type-product","3":"status-publish","4":"has-post-thumbnail","6":"product_cat-dodatki","8":"first","9":"onbackorder","10":"taxable","11":"shipping-taxable","12":"purchasable","13":"product-type-simple"},"exclude_global_add_ons":false,"addons":[{"name":"Wybarwienie drewna","type":"multiple_choice","position":0,"required":true,"title_format":"label","default":"","description_enable":false,"description":"","placeholder_enable":false,"placeholder":"","display":"patterns","restrictions_type":"any_text","adjust_price":false,"price":"","price_type":"flat_fee","restrictions":false,"min":"0","max":"0","options":[{"label":"7589","price":"","price_type":"quantity_based","image":0,"visibility":true},{"label":"14159","price":"150","price_type":"quantity_based","image":0,"visibility":true}]},{"name":"Wysoko\u015b\u0107","type":"multiple_choice","position":1,"required":true,"title_format":"label","default":"","description_enable":false,"description":"","placeholder_enable":false,"placeholder":"","display":"select","restrictions_type":"any_text","adjust_price":false,"price":"","price_type":"flat_fee","restrictions":false,"min":"0","max":"0","options":[{"label":"15cm","price":"","price_type":"quantity_based","image":0,"visibility":true},{"label":"20cm","price":"60","price_type":"quantity_based","image":0,"visibility":true},{"label":"25cm","price":"80","price_type":"quantity_based","image":0,"visibility":true}]},{"name":"Kudde variant","type":"multiple_choice","position":0,"required":true,"title_format":"label","default":"","description_enable":false,"description":"","placeholder_enable":false,"placeholder":"","display":"select","restrictions_type":"any_text","adjust_price":false,"price":"","price_type":"flat_fee","restrictions":false,"min":"0","max":"0","options":[{"label":"Kuba","price":"","price_type":"quantity_based","image":0,"visibility":true},{"label":"Haiti","price":"","price_type":"quantity_based","image":0,"visibility":true},{"label":"Barbados","price":"","price_type":"quantity_based","image":0,"visibility":true},{"label":"Aruba","price":"","price_type":"quantity_based","image":0,"visibility":true}]}],"acf":[],"yoast_head":"<!-- This site is optimized with the Yoast SEO plugin v26.8 - https:\/\/yoast.com\/product\/yoast-seo-wordpress\/ -->\n<title>N\u00f3\u017cki meblowe 04 \u2013 zestaw - konkret.store<\/title>\n<meta name=\"description\" content=\"Nogi wykonane s\u0105 z litego drewna d\u0119bowego. Zestaw zawiera 4 sztuki + 1 n\u00f3\u017cka podporowa.N\u00f3\u017cka podporowa umieszczana jest na \u015brodku, aby zapewni\u0107 stabilno\u015b\u0107.W opakowaniu znajduj\u0105 si\u0119 \u015bruby.\" \/>\n<meta name=\"robots\" content=\"index, follow, max-snippet:-1, max-image-preview:large, max-video-preview:-1\" \/>\n<link rel=\"canonical\" href=\"https:\/\/konkret.store\/pl\/produkt\/nozkimeblowe-04\/\" \/>\n<meta property=\"og:locale\" content=\"pl_PL\" \/>\n<meta property=\"og:type\" content=\"article\" \/>\n<meta property=\"og:title\" content=\"N\u00f3\u017cki meblowe 04 \u2013 zestaw - konkret.store\" \/>\n<meta property=\"og:description\" content=\"Nogi wykonane s\u0105 z litego drewna d\u0119bowego. Zestaw zawiera 4 sztuki + 1 n\u00f3\u017cka podporowa.N\u00f3\u017cka podporowa umieszczana jest na \u015brodku, aby zapewni\u0107 stabilno\u015b\u0107.W opakowaniu znajduj\u0105 si\u0119 \u015bruby.\" \/>\n<meta property=\"og:url\" content=\"https:\/\/konkret.store\/pl\/produkt\/nozkimeblowe-04\/\" \/>\n<meta property=\"og:site_name\" content=\"konkret.store\" \/>\n<meta property=\"article:publisher\" content=\"https:\/\/facebook.com\/konkret.store\/\" \/>\n<meta property=\"article:modified_time\" content=\"2025-03-24T20:34:20+00:00\" \/>\n<meta property=\"og:image\" content=\"https:\/\/konkret.store\/app\/uploads\/2024\/05\/Moon-220cm.jpg\" \/>\n\t<meta property=\"og:image:width\" content=\"1280\" \/>\n\t<meta property=\"og:image:height\" content=\"1280\" \/>\n\t<meta property=\"og:image:type\" content=\"image\/jpeg\" \/>\n<meta name=\"twitter:card\" content=\"summary_large_image\" \/>\n<meta name=\"twitter:label1\" content=\"Szacowany czas czytania\" \/>\n\t<meta name=\"twitter:data1\" content=\"1 minuta\" \/>\n<script type=\"application\/ld+json\" class=\"yoast-schema-graph\">{\"@context\":\"https:\/\/schema.org\",\"@graph\":[{\"@type\":\"WebPage\",\"@id\":\"https:\/\/konkret.store\/pl\/produkt\/nozkimeblowe-04\/\",\"url\":\"https:\/\/konkret.store\/pl\/produkt\/nozkimeblowe-04\/\",\"name\":\"N\u00f3\u017cki meblowe 04 \u2013 zestaw - konkret.store\",\"isPartOf\":{\"@id\":\"https:\/\/konkret.store\/pl\/#website\"},\"primaryImageOfPage\":{\"@id\":\"https:\/\/konkret.store\/pl\/produkt\/nozkimeblowe-04\/#primaryimage\"},\"image\":{\"@id\":\"https:\/\/konkret.store\/pl\/produkt\/nozkimeblowe-04\/#primaryimage\"},\"thumbnailUrl\":\"https:\/\/konkret.store\/app\/uploads\/2024\/05\/Moon-220cm.jpg\",\"datePublished\":\"2023-04-04T08:55:13+00:00\",\"dateModified\":\"2025-03-24T20:34:20+00:00\",\"description\":\"Nogi wykonane s\u0105 z litego drewna d\u0119bowego. Zestaw zawiera 4 sztuki + 1 n\u00f3\u017cka podporowa.N\u00f3\u017cka podporowa umieszczana jest na \u015brodku, aby zapewni\u0107 stabilno\u015b\u0107.W opakowaniu znajduj\u0105 si\u0119 \u015bruby.\",\"breadcrumb\":{\"@id\":\"https:\/\/konkret.store\/pl\/produkt\/nozkimeblowe-04\/#breadcrumb\"},\"inLanguage\":\"pl-PL\",\"potentialAction\":[{\"@type\":\"ReadAction\",\"target\":[\"https:\/\/konkret.store\/pl\/produkt\/nozkimeblowe-04\/\"]}]},{\"@type\":\"ImageObject\",\"inLanguage\":\"pl-PL\",\"@id\":\"https:\/\/konkret.store\/pl\/produkt\/nozkimeblowe-04\/#primaryimage\",\"url\":\"https:\/\/konkret.store\/app\/uploads\/2024\/05\/Moon-220cm.jpg\",\"contentUrl\":\"https:\/\/konkret.store\/app\/uploads\/2024\/05\/Moon-220cm.jpg\",\"width\":1280,\"height\":1280},{\"@type\":\"BreadcrumbList\",\"@id\":\"https:\/\/konkret.store\/pl\/produkt\/nozkimeblowe-04\/#breadcrumb\",\"itemListElement\":[{\"@type\":\"ListItem\",\"position\":1,\"name\":\"Strona g\u0142\u00f3wna\",\"item\":\"https:\/\/konkret.store\/pl\/\"},{\"@type\":\"ListItem\",\"position\":2,\"name\":\"Shop\",\"item\":\"https:\/\/konkret.store\/shop\/\"},{\"@type\":\"ListItem\",\"position\":3,\"name\":\"N\u00f3\u017cki meblowe 04 \u2013 zestaw\"}]},{\"@type\":\"WebSite\",\"@id\":\"https:\/\/konkret.store\/pl\/#website\",\"url\":\"https:\/\/konkret.store\/pl\/\",\"name\":\"konkret.store\",\"description\":\"Tylko konkrety\",\"potentialAction\":[{\"@type\":\"SearchAction\",\"target\":{\"@type\":\"EntryPoint\",\"urlTemplate\":\"https:\/\/konkret.store\/pl\/?s={search_term_string}\"},\"query-input\":{\"@type\":\"PropertyValueSpecification\",\"valueRequired\":true,\"valueName\":\"search_term_string\"}}],\"inLanguage\":\"pl-PL\"}]}<\/script>\n<!-- \/ Yoast SEO plugin. -->","yoast_head_json":{"title":"N\u00f3\u017cki meblowe 04 \u2013 zestaw - konkret.store","description":"Nogi wykonane s\u0105 z litego drewna d\u0119bowego. Zestaw zawiera 4 sztuki + 1 n\u00f3\u017cka podporowa.N\u00f3\u017cka podporowa umieszczana jest na \u015brodku, aby zapewni\u0107 stabilno\u015b\u0107.W opakowaniu znajduj\u0105 si\u0119 \u015bruby.","robots":{"index":"index","follow":"follow","max-snippet":"max-snippet:-1","max-image-preview":"max-image-preview:large","max-video-preview":"max-video-preview:-1"},"canonical":"https:\/\/konkret.store\/pl\/produkt\/nozkimeblowe-04\/","og_locale":"pl_PL","og_type":"article","og_title":"N\u00f3\u017cki meblowe 04 \u2013 zestaw - konkret.store","og_description":"Nogi wykonane s\u0105 z litego drewna d\u0119bowego. Zestaw zawiera 4 sztuki + 1 n\u00f3\u017cka podporowa.N\u00f3\u017cka podporowa umieszczana jest na \u015brodku, aby zapewni\u0107 stabilno\u015b\u0107.W opakowaniu znajduj\u0105 si\u0119 \u015bruby.","og_url":"https:\/\/konkret.store\/pl\/produkt\/nozkimeblowe-04\/","og_site_name":"konkret.store","article_publisher":"https:\/\/facebook.com\/konkret.store\/","article_modified_time":"2025-03-24T20:34:20+00:00","og_image":[{"width":1280,"height":1280,"url":"https:\/\/konkret.store\/app\/uploads\/2024\/05\/Moon-220cm.jpg","type":"image\/jpeg"}],"twitter_card":"summary_large_image","twitter_misc":{"Szacowany czas czytania":"1 minuta"},"schema":{"@context":"https:\/\/schema.org","@graph":[{"@type":"WebPage","@id":"https:\/\/konkret.store\/pl\/produkt\/nozkimeblowe-04\/","url":"https:\/\/konkret.store\/pl\/produkt\/nozkimeblowe-04\/","name":"N\u00f3\u017cki meblowe 04 \u2013 zestaw - konkret.store","isPartOf":{"@id":"https:\/\/konkret.store\/pl\/#website"},"primaryImageOfPage":{"@id":"https:\/\/konkret.store\/pl\/produkt\/nozkimeblowe-04\/#primaryimage"},"image":{"@id":"https:\/\/konkret.store\/pl\/produkt\/nozkimeblowe-04\/#primaryimage"},"thumbnailUrl":"https:\/\/konkret.store\/app\/uploads\/2024\/05\/Moon-220cm.jpg","datePublished":"2023-04-04T08:55:13+00:00","dateModified":"2025-03-24T20:34:20+00:00","description":"Nogi wykonane s\u0105 z litego drewna d\u0119bowego. Zestaw zawiera 4 sztuki + 1 n\u00f3\u017cka podporowa.N\u00f3\u017cka podporowa umieszczana jest na \u015brodku, aby zapewni\u0107 stabilno\u015b\u0107.W opakowaniu znajduj\u0105 si\u0119 \u015bruby.","breadcrumb":{"@id":"https:\/\/konkret.store\/pl\/produkt\/nozkimeblowe-04\/#breadcrumb"},"inLanguage":"pl-PL","potentialAction":[{"@type":"ReadAction","target":["https:\/\/konkret.store\/pl\/produkt\/nozkimeblowe-04\/"]}]},{"@type":"ImageObject","inLanguage":"pl-PL","@id":"https:\/\/konkret.store\/pl\/produkt\/nozkimeblowe-04\/#primaryimage","url":"https:\/\/konkret.store\/app\/uploads\/2024\/05\/Moon-220cm.jpg","contentUrl":"https:\/\/konkret.store\/app\/uploads\/2024\/05\/Moon-220cm.jpg","width":1280,"height":1280},{"@type":"BreadcrumbList","@id":"https:\/\/konkret.store\/pl\/produkt\/nozkimeblowe-04\/#breadcrumb","itemListElement":[{"@type":"ListItem","position":1,"name":"Strona g\u0142\u00f3wna","item":"https:\/\/konkret.store\/pl\/"},{"@type":"ListItem","position":2,"name":"Shop","item":"https:\/\/konkret.store\/shop\/"},{"@type":"ListItem","position":3,"name":"N\u00f3\u017cki meblowe 04 \u2013 zestaw"}]},{"@type":"WebSite","@id":"https:\/\/konkret.store\/pl\/#website","url":"https:\/\/konkret.store\/pl\/","name":"konkret.store","description":"Tylko konkrety","potentialAction":[{"@type":"SearchAction","target":{"@type":"EntryPoint","urlTemplate":"https:\/\/konkret.store\/pl\/?s={search_term_string}"},"query-input":{"@type":"PropertyValueSpecification","valueRequired":true,"valueName":"search_term_string"}}],"inLanguage":"pl-PL"}]}},"_links":{"self":[{"href":"https:\/\/konkret.store\/pl\/wp-json\/wp\/v2\/product\/15998","targetHints":{"allow":["GET"]}}],"collection":[{"href":"https:\/\/konkret.store\/pl\/wp-json\/wp\/v2\/product"}],"about":[{"href":"https:\/\/konkret.store\/pl\/wp-json\/wp\/v2\/types\/product"}],"wp:featuredmedia":[{"embeddable":true,"href":"https:\/\/konkret.store\/pl\/wp-json\/wp\/v2\/media\/23160"}],"wp:attachment":[{"href":"https:\/\/konkret.store\/pl\/wp-json\/wp\/v2\/media?parent=15998"}],"wp:term":[{"taxonomy":"product_brand","embeddable":true,"href":"https:\/\/konkret.store\/pl\/wp-json\/wp\/v2\/product_brand?post=15998"},{"taxonomy":"product_cat","embeddable":true,"href":"https:\/\/konkret.store\/pl\/wp-json\/wp\/v2\/product_cat?post=15998"},{"taxonomy":"product_tag","embeddable":true,"href":"https:\/\/konkret.store\/pl\/wp-json\/wp\/v2\/product_tag?post=15998"}],"curies":[{"name":"wp","href":"https:\/\/api.w.org\/{rel}","templated":true}]}}