{"id":17404,"date":"2023-04-13T15:01:33","date_gmt":"2023-04-13T15:01:33","guid":{"rendered":"https:\/\/konkret.store\/?post_type=product&#038;p=17404"},"modified":"2025-12-16T17:58:41","modified_gmt":"2025-12-16T16:58:41","slug":"szafka-rtv-luna","status":"publish","type":"product","link":"https:\/\/konkret.store\/pl\/produkt\/szafka-rtv-luna\/","title":{"rendered":"Szafka RTV LUNA &#8211; lity d\u0105b"},"content":{"rendered":"<section class=\"image-text\">\n  <div class=\"container\">\n    <div class=\"row align-items-center\">\n      <div class=\"col-lg-6  offset-lg-1  image-text--right\">\n        <div class=\"image-text__image\">\n          <img loading=\"lazy\" decoding=\"async\" width=\"3000\" height=\"3000\" src=\"https:\/\/konkret.store\/app\/uploads\/2024\/01\/MixCollage-04-Jan-2024-08-57-PM-4425-removebg.png\" class=\"attachment-full size-full\" alt=\"\" \/>        <\/div>\n      <\/div>\n      <div class=\"col-lg-5 \">\n                <h2>Troszczymy si\u0119 o detale !<\/h2>\n        <div class=\"image-text__text\">\n          <p>Projekt i wykonanie najwy\u017cszej jako\u015bci.<\/p>\n<p>&nbsp;<\/p>\n<p>\u25b8 \u00a0system otwierania i zawiasy \u2013 bardzo wysoka precyzja i jako\u015b\u0107 od <a href=\"https:\/\/www.italianaferramenta.it\"><strong>Italiana Ferramenta\u2122<\/strong><\/a><\/p>\n<div class=\"image-text__text\">\n<p>\u25b8 \u00a0sygna\u0142 pilota dzia\u0142a poprzez szczeliny, co tak\u017ce zapewnia odpowiednia cyrkulacj\u0119 powietrza dla sprz\u0119tu audio znajduj\u0105cego si\u0119 w szafce<\/p>\n<p>\u25b8 \u00a0szafka dostarczana bez plec\u00f3w<\/p>\n<p>\u25b8 \u00a0przegrody oddzielaj\u0105ce posiadaj\u0105 wyci\u0119cia do prowadzenia kabli wewn\u0105trz szafki<\/p>\n<p>\u25b8 \u00a0dolna i g\u00f3rna p\u0142yta wyposa\u017cona jest w przepust kablowy \u2013 3\u00d71 cm<\/p>\n<\/div>\n<p><img loading=\"lazy\" decoding=\"async\" class=\"alignnone size-medium wp-image-20698\" src=\"https:\/\/konkret.store\/app\/uploads\/2023\/03\/kabel-removebg-300x127.png\" alt=\"\" width=\"300\" height=\"127\" srcset=\"https:\/\/konkret.store\/app\/uploads\/2023\/03\/kabel-removebg-300x127.png 300w, https:\/\/konkret.store\/app\/uploads\/2023\/03\/kabel-removebg-768x326.png 768w, https:\/\/konkret.store\/app\/uploads\/2023\/03\/kabel-removebg-610x259.png 610w, https:\/\/konkret.store\/app\/uploads\/2023\/03\/kabel-removebg-64x27.png 64w, https:\/\/konkret.store\/app\/uploads\/2023\/03\/kabel-removebg.png 776w\" sizes=\"auto, (max-width: 300px) 100vw, 300px\" \/><\/p>\n        <\/div>\n              <\/div>\n    <\/div>\n  <\/div>\n<\/section>\n\n\n<section class=\"fullImage\">\n  <img loading=\"lazy\" decoding=\"async\" width=\"1170\" height=\"780\" src=\"https:\/\/konkret.store\/app\/uploads\/2024\/01\/IMG_7841.jpeg\" class=\"attachment-fullwidth size-fullwidth\" alt=\"\" \/><\/section>\n","protected":false},"excerpt":{"rendered":"<p><strong>Luna to po\u0142\u0105czenie wyrafinowanego designu i skandynawskiej prostoty. Poziome lamele nadaj\u0105 szafce dodatkowego charakteru.<\/strong> Szafka RTV Luna jest wykonana wy\u0142\u0105cznie z litego d\u0119bu lub orzecha w\u0142oskiego.<\/p>\n<p>Produkowana z drewna FSC\u00a0 <a href=\"https:\/\/pl.fsc.org\/pl-pl\/sprawdz-i-znajdz-certyfikat\"><img loading=\"lazy\" decoding=\"async\" class=\"alignnone wp-image-11268 lazyloaded\" src=\"https:\/\/konkret.store\/app\/uploads\/2023\/02\/Forest_Stewardship_Council_logo-251x300.png\" alt=\"\" width=\"32\" height=\"38\" data-src=\"https:\/\/konkret.store\/app\/uploads\/2023\/02\/Forest_Stewardship_Council_logo-251x300.png\" srcset=\"https:\/\/konkret.store\/app\/uploads\/2023\/02\/Forest_Stewardship_Council_logo-251x300.png 251w, https:\/\/konkret.store\/app\/uploads\/2023\/02\/Forest_Stewardship_Council_logo-855x1024.png 855w, https:\/\/konkret.store\/app\/uploads\/2023\/02\/Forest_Stewardship_Council_logo-768x920.png 768w, https:\/\/konkret.store\/app\/uploads\/2023\/02\/Forest_Stewardship_Council_logo-610x730.png 610w, https:\/\/konkret.store\/app\/uploads\/2023\/02\/Forest_Stewardship_Council_logo-64x77.png 64w, https:\/\/konkret.store\/app\/uploads\/2023\/02\/Forest_Stewardship_Council_logo.png 1200w\" sizes=\"auto, (max-width: 32px) 100vw, 32px\" \/><\/a><\/p>\n<p>N\u00f3\u017cki mo\u017cna kupi\u0107 osobno dla tych, kt\u00f3rzy nie maj\u0105 mo\u017cliwo\u015bci zamocowania mebli do \u015bciany &#8211; <a href=\"https:\/\/konkret.store\/kategoria-produktu\/dodatki\/\"><strong>kliknij tutaj.<\/strong><\/a><\/p>\n<hr \/>\n<p>Nie jeste\u015b pewien, kt\u00f3re wybarwienie wybra\u0107? Zam\u00f3w je <strong><a href=\"https:\/\/konkret.store\/pl\/produkt\/probki-drewna\/\">tutaj<\/a><\/strong>, aby otrzyma\u0107 pr\u00f3bki kolor\u00f3w.<\/p>\n","protected":false},"featured_media":19951,"comment_status":"closed","ping_status":"closed","template":"","meta":{"_acf_changed":true},"product_brand":[],"product_cat":[40],"product_tag":[],"class_list":{"0":"post-17404","1":"product","2":"type-product","3":"status-publish","4":"has-post-thumbnail","6":"product_cat-konkrety","8":"first","9":"onbackorder","10":"taxable","11":"shipping-taxable","12":"purchasable","13":"product-type-simple"},"exclude_global_add_ons":false,"addons":[{"name":"Wersja","type":"multiple_choice","position":0,"required":true,"title_format":"label","default":"","description_enable":false,"description":"","placeholder_enable":false,"placeholder":"","display":"images","restrictions_type":"any_text","adjust_price":false,"price":"","price_type":"flat_fee","restrictions":false,"min":"0","max":"0","options":[{"label":"Luna I","price":"","price_type":"quantity_based","image":17419,"visibility":true},{"label":"Luna II","price":"","price_type":"quantity_based","image":17420,"visibility":true}]},{"name":"Szeroko\u015b\u0107","type":"multiple_choice","position":1,"required":true,"title_format":"label","default":"","description_enable":false,"description":"","placeholder_enable":false,"placeholder":"","display":"select","restrictions_type":"any_text","adjust_price":false,"price":"","price_type":"flat_fee","restrictions":false,"min":"0","max":"0","options":[{"label":"160cm","price":"","price_type":"quantity_based","image":0,"visibility":true},{"label":"180cm","price":"200","price_type":"quantity_based","image":0,"visibility":true},{"label":"200cm","price":"400","price_type":"quantity_based","image":0,"visibility":true},{"label":"220cm","price":"700","price_type":"quantity_based","image":0,"visibility":true},{"label":"240cm","price":"1000","price_type":"quantity_based","image":0,"visibility":true},{"label":"260cm","price":"1300","price_type":"quantity_based","image":0,"visibility":true},{"label":"280cm","price":"2000","price_type":"quantity_based","image":0,"visibility":true}]},{"name":"G\u0142\u0119boko\u015b\u0107","type":"multiple_choice","position":2,"required":true,"title_format":"label","default":"","description_enable":false,"description":"","placeholder_enable":false,"placeholder":"","display":"select","restrictions_type":"any_text","adjust_price":false,"price":"","price_type":"flat_fee","restrictions":false,"min":"0","max":"0","options":[{"label":"30cm","price":"","price_type":"quantity_based","image":0,"visibility":true},{"label":"35cm","price":"400","price_type":"quantity_based","image":0,"visibility":true},{"label":"42cm","price":"700","price_type":"quantity_based","image":0,"visibility":true}]},{"name":"Wysoko\u015b\u0107","type":"multiple_choice","position":3,"required":true,"title_format":"label","default":"","description_enable":false,"description":"","placeholder_enable":false,"placeholder":"","display":"select","restrictions_type":"any_text","adjust_price":false,"price":"","price_type":"flat_fee","restrictions":false,"min":"0","max":"0","options":[{"label":"20cm","price":"","price_type":"quantity_based","image":0,"visibility":true},{"label":"30cm","price":"400","price_type":"quantity_based","image":0,"visibility":true}]},{"name":"Wybarwienie drewna","type":"multiple_choice","position":4,"required":true,"title_format":"label","default":"","description_enable":true,"description":"Ka\u017cdy kolor na meblu jest pokryty lakierem, co oznacza, \u017ce nie wymaga on \u017cadnej konserwacji. Lakier zapewnia solidn\u0105 ochron\u0119, minimalizuj\u0105c potrzeb\u0119 regularnej piel\u0119gnacji, dzi\u0119ki czemu szafka mo\u017ce zachowa\u0107 sw\u00f3j pi\u0119kny wygl\u0105d bez dodatkowego wysi\u0142ku.\r\nWykonany z litego d\u0119bu lub orzecha w\u0142oskiego.","placeholder_enable":false,"placeholder":"","display":"patterns","restrictions_type":"any_text","adjust_price":false,"price":"","price_type":"flat_fee","restrictions":false,"min":"0","max":"0","options":[{"label":"7589","price":"","price_type":"quantity_based","image":0,"visibility":true},{"label":"14159","price":"45","price_type":"percentage_based","image":0,"visibility":true}]},{"name":"\u0141adowarka bezprzewodowa do telefonu kom\u00f3rkowego","type":"multiple_choice","position":5,"required":true,"title_format":"label","default":"","description_enable":true,"description":"Z bezprzewodow\u0105 \u0142adowark\u0105 wystarczy umie\u015bci\u0107 kompatybilny telefon na \u0142adowarce, a zacznie si\u0119 \u0142adowa\u0107 natychmiast.","placeholder_enable":false,"placeholder":"","display":"select","restrictions_type":"any_text","adjust_price":false,"price":"","price_type":"flat_fee","restrictions":false,"min":"0","max":"0","options":[{"label":"Nie","price":"","price_type":"quantity_based","image":0,"visibility":true},{"label":"Tak","price":"300","price_type":"quantity_based","image":0,"visibility":true}]},{"name":"\u015awiat\u0142o LED z funkcj\u0105 regulacji jasno\u015bci","type":"multiple_choice","position":6,"required":true,"title_format":"label","default":"","description_enable":true,"description":"Zintegrowany profil LED zosta\u0142 zamontowany w dolnej cz\u0119\u015bci blatu, aby stworzy\u0107 efektowne po\u015brednie \u015bwiat\u0142o.\r\nUkryty prze\u0142\u0105cznik znajduje si\u0119 na g\u00f3rnej p\u0142ycie.\r\nKolor: Ciep\u0142y bia\u0142y (3000K)","placeholder_enable":false,"placeholder":"","display":"select","restrictions_type":"any_text","adjust_price":false,"price":"","price_type":"flat_fee","restrictions":false,"min":"0","max":"0","options":[{"label":"Nie","price":"","price_type":"quantity_based","image":0,"visibility":true},{"label":"Tak","price":"380","price_type":"quantity_based","image":0,"visibility":true}]},{"name":"Kudde variant","type":"multiple_choice","position":0,"required":true,"title_format":"label","default":"","description_enable":false,"description":"","placeholder_enable":false,"placeholder":"","display":"select","restrictions_type":"any_text","adjust_price":false,"price":"","price_type":"flat_fee","restrictions":false,"min":"0","max":"0","options":[{"label":"Kuba","price":"","price_type":"quantity_based","image":0,"visibility":true},{"label":"Haiti","price":"","price_type":"quantity_based","image":0,"visibility":true},{"label":"Barbados","price":"","price_type":"quantity_based","image":0,"visibility":true},{"label":"Aruba","price":"","price_type":"quantity_based","image":0,"visibility":true}]}],"acf":[],"yoast_head":"<!-- This site is optimized with the Yoast SEO plugin v26.8 - https:\/\/yoast.com\/product\/yoast-seo-wordpress\/ -->\n<title>Szafka RTV LUNA - lity d\u0105b - konkret.store<\/title>\n<meta name=\"description\" content=\"Luna to po\u0142\u0105czenie wyrafinowanego designu i skandynawskiej prostoty. Poziome lamele nadaj\u0105 meblom dodatkowego charakteru. Szafka RTV Luna jest wykonana wy\u0142\u0105cznie z litego d\u0119bu lub orzecha w\u0142oskiego.\" \/>\n<meta name=\"robots\" content=\"index, follow, max-snippet:-1, max-image-preview:large, max-video-preview:-1\" \/>\n<link rel=\"canonical\" href=\"https:\/\/konkret.store\/pl\/produkt\/szafka-rtv-luna\/\" \/>\n<meta property=\"og:locale\" content=\"pl_PL\" \/>\n<meta property=\"og:type\" content=\"article\" \/>\n<meta property=\"og:title\" content=\"Szafka RTV LUNA - lity d\u0105b - konkret.store\" \/>\n<meta property=\"og:description\" content=\"Luna to po\u0142\u0105czenie wyrafinowanego designu i skandynawskiej prostoty. Poziome lamele nadaj\u0105 meblom dodatkowego charakteru. Szafka RTV Luna jest wykonana wy\u0142\u0105cznie z litego d\u0119bu lub orzecha w\u0142oskiego.\" \/>\n<meta property=\"og:url\" content=\"https:\/\/konkret.store\/pl\/produkt\/szafka-rtv-luna\/\" \/>\n<meta property=\"og:site_name\" content=\"konkret.store\" \/>\n<meta property=\"article:publisher\" content=\"https:\/\/facebook.com\/konkret.store\/\" \/>\n<meta property=\"article:modified_time\" content=\"2025-12-16T16:58:41+00:00\" \/>\n<meta property=\"og:image\" content=\"https:\/\/konkret.store\/app\/uploads\/2023\/04\/P2_A_V1-removebg-2-scaled-3.jpg\" \/>\n\t<meta property=\"og:image:width\" content=\"2003\" \/>\n\t<meta property=\"og:image:height\" content=\"2002\" \/>\n\t<meta property=\"og:image:type\" content=\"image\/jpeg\" \/>\n<meta name=\"twitter:card\" content=\"summary_large_image\" \/>\n<meta name=\"twitter:label1\" content=\"Szacowany czas czytania\" \/>\n\t<meta name=\"twitter:data1\" content=\"1 minuta\" \/>\n<script type=\"application\/ld+json\" class=\"yoast-schema-graph\">{\"@context\":\"https:\/\/schema.org\",\"@graph\":[{\"@type\":\"WebPage\",\"@id\":\"https:\/\/konkret.store\/pl\/produkt\/szafka-rtv-luna\/\",\"url\":\"https:\/\/konkret.store\/pl\/produkt\/szafka-rtv-luna\/\",\"name\":\"Szafka RTV LUNA - lity d\u0105b - konkret.store\",\"isPartOf\":{\"@id\":\"https:\/\/konkret.store\/pl\/#website\"},\"primaryImageOfPage\":{\"@id\":\"https:\/\/konkret.store\/pl\/produkt\/szafka-rtv-luna\/#primaryimage\"},\"image\":{\"@id\":\"https:\/\/konkret.store\/pl\/produkt\/szafka-rtv-luna\/#primaryimage\"},\"thumbnailUrl\":\"https:\/\/konkret.store\/app\/uploads\/2023\/04\/P2_A_V1-removebg-2-scaled-3.jpg\",\"datePublished\":\"2023-04-13T15:01:33+00:00\",\"dateModified\":\"2025-12-16T16:58:41+00:00\",\"description\":\"Luna to po\u0142\u0105czenie wyrafinowanego designu i skandynawskiej prostoty. Poziome lamele nadaj\u0105 meblom dodatkowego charakteru. Szafka RTV Luna jest wykonana wy\u0142\u0105cznie z litego d\u0119bu lub orzecha w\u0142oskiego.\",\"breadcrumb\":{\"@id\":\"https:\/\/konkret.store\/pl\/produkt\/szafka-rtv-luna\/#breadcrumb\"},\"inLanguage\":\"pl-PL\",\"potentialAction\":[{\"@type\":\"ReadAction\",\"target\":[\"https:\/\/konkret.store\/pl\/produkt\/szafka-rtv-luna\/\"]}]},{\"@type\":\"ImageObject\",\"inLanguage\":\"pl-PL\",\"@id\":\"https:\/\/konkret.store\/pl\/produkt\/szafka-rtv-luna\/#primaryimage\",\"url\":\"https:\/\/konkret.store\/app\/uploads\/2023\/04\/P2_A_V1-removebg-2-scaled-3.jpg\",\"contentUrl\":\"https:\/\/konkret.store\/app\/uploads\/2023\/04\/P2_A_V1-removebg-2-scaled-3.jpg\",\"width\":2003,\"height\":2002},{\"@type\":\"BreadcrumbList\",\"@id\":\"https:\/\/konkret.store\/pl\/produkt\/szafka-rtv-luna\/#breadcrumb\",\"itemListElement\":[{\"@type\":\"ListItem\",\"position\":1,\"name\":\"Strona g\u0142\u00f3wna\",\"item\":\"https:\/\/konkret.store\/pl\/\"},{\"@type\":\"ListItem\",\"position\":2,\"name\":\"Shop\",\"item\":\"https:\/\/konkret.store\/shop\/\"},{\"@type\":\"ListItem\",\"position\":3,\"name\":\"Szafka RTV LUNA &#8211; lity d\u0105b\"}]},{\"@type\":\"WebSite\",\"@id\":\"https:\/\/konkret.store\/pl\/#website\",\"url\":\"https:\/\/konkret.store\/pl\/\",\"name\":\"konkret.store\",\"description\":\"Tylko konkrety\",\"potentialAction\":[{\"@type\":\"SearchAction\",\"target\":{\"@type\":\"EntryPoint\",\"urlTemplate\":\"https:\/\/konkret.store\/pl\/?s={search_term_string}\"},\"query-input\":{\"@type\":\"PropertyValueSpecification\",\"valueRequired\":true,\"valueName\":\"search_term_string\"}}],\"inLanguage\":\"pl-PL\"}]}<\/script>\n<!-- \/ Yoast SEO plugin. -->","yoast_head_json":{"title":"Szafka RTV LUNA - lity d\u0105b - konkret.store","description":"Luna to po\u0142\u0105czenie wyrafinowanego designu i skandynawskiej prostoty. Poziome lamele nadaj\u0105 meblom dodatkowego charakteru. Szafka RTV Luna jest wykonana wy\u0142\u0105cznie z litego d\u0119bu lub orzecha w\u0142oskiego.","robots":{"index":"index","follow":"follow","max-snippet":"max-snippet:-1","max-image-preview":"max-image-preview:large","max-video-preview":"max-video-preview:-1"},"canonical":"https:\/\/konkret.store\/pl\/produkt\/szafka-rtv-luna\/","og_locale":"pl_PL","og_type":"article","og_title":"Szafka RTV LUNA - lity d\u0105b - konkret.store","og_description":"Luna to po\u0142\u0105czenie wyrafinowanego designu i skandynawskiej prostoty. Poziome lamele nadaj\u0105 meblom dodatkowego charakteru. Szafka RTV Luna jest wykonana wy\u0142\u0105cznie z litego d\u0119bu lub orzecha w\u0142oskiego.","og_url":"https:\/\/konkret.store\/pl\/produkt\/szafka-rtv-luna\/","og_site_name":"konkret.store","article_publisher":"https:\/\/facebook.com\/konkret.store\/","article_modified_time":"2025-12-16T16:58:41+00:00","og_image":[{"width":2003,"height":2002,"url":"https:\/\/konkret.store\/app\/uploads\/2023\/04\/P2_A_V1-removebg-2-scaled-3.jpg","type":"image\/jpeg"}],"twitter_card":"summary_large_image","twitter_misc":{"Szacowany czas czytania":"1 minuta"},"schema":{"@context":"https:\/\/schema.org","@graph":[{"@type":"WebPage","@id":"https:\/\/konkret.store\/pl\/produkt\/szafka-rtv-luna\/","url":"https:\/\/konkret.store\/pl\/produkt\/szafka-rtv-luna\/","name":"Szafka RTV LUNA - lity d\u0105b - konkret.store","isPartOf":{"@id":"https:\/\/konkret.store\/pl\/#website"},"primaryImageOfPage":{"@id":"https:\/\/konkret.store\/pl\/produkt\/szafka-rtv-luna\/#primaryimage"},"image":{"@id":"https:\/\/konkret.store\/pl\/produkt\/szafka-rtv-luna\/#primaryimage"},"thumbnailUrl":"https:\/\/konkret.store\/app\/uploads\/2023\/04\/P2_A_V1-removebg-2-scaled-3.jpg","datePublished":"2023-04-13T15:01:33+00:00","dateModified":"2025-12-16T16:58:41+00:00","description":"Luna to po\u0142\u0105czenie wyrafinowanego designu i skandynawskiej prostoty. Poziome lamele nadaj\u0105 meblom dodatkowego charakteru. Szafka RTV Luna jest wykonana wy\u0142\u0105cznie z litego d\u0119bu lub orzecha w\u0142oskiego.","breadcrumb":{"@id":"https:\/\/konkret.store\/pl\/produkt\/szafka-rtv-luna\/#breadcrumb"},"inLanguage":"pl-PL","potentialAction":[{"@type":"ReadAction","target":["https:\/\/konkret.store\/pl\/produkt\/szafka-rtv-luna\/"]}]},{"@type":"ImageObject","inLanguage":"pl-PL","@id":"https:\/\/konkret.store\/pl\/produkt\/szafka-rtv-luna\/#primaryimage","url":"https:\/\/konkret.store\/app\/uploads\/2023\/04\/P2_A_V1-removebg-2-scaled-3.jpg","contentUrl":"https:\/\/konkret.store\/app\/uploads\/2023\/04\/P2_A_V1-removebg-2-scaled-3.jpg","width":2003,"height":2002},{"@type":"BreadcrumbList","@id":"https:\/\/konkret.store\/pl\/produkt\/szafka-rtv-luna\/#breadcrumb","itemListElement":[{"@type":"ListItem","position":1,"name":"Strona g\u0142\u00f3wna","item":"https:\/\/konkret.store\/pl\/"},{"@type":"ListItem","position":2,"name":"Shop","item":"https:\/\/konkret.store\/shop\/"},{"@type":"ListItem","position":3,"name":"Szafka RTV LUNA &#8211; lity d\u0105b"}]},{"@type":"WebSite","@id":"https:\/\/konkret.store\/pl\/#website","url":"https:\/\/konkret.store\/pl\/","name":"konkret.store","description":"Tylko konkrety","potentialAction":[{"@type":"SearchAction","target":{"@type":"EntryPoint","urlTemplate":"https:\/\/konkret.store\/pl\/?s={search_term_string}"},"query-input":{"@type":"PropertyValueSpecification","valueRequired":true,"valueName":"search_term_string"}}],"inLanguage":"pl-PL"}]}},"_links":{"self":[{"href":"https:\/\/konkret.store\/pl\/wp-json\/wp\/v2\/product\/17404","targetHints":{"allow":["GET"]}}],"collection":[{"href":"https:\/\/konkret.store\/pl\/wp-json\/wp\/v2\/product"}],"about":[{"href":"https:\/\/konkret.store\/pl\/wp-json\/wp\/v2\/types\/product"}],"replies":[{"embeddable":true,"href":"https:\/\/konkret.store\/pl\/wp-json\/wp\/v2\/comments?post=17404"}],"wp:featuredmedia":[{"embeddable":true,"href":"https:\/\/konkret.store\/pl\/wp-json\/wp\/v2\/media\/19951"}],"wp:attachment":[{"href":"https:\/\/konkret.store\/pl\/wp-json\/wp\/v2\/media?parent=17404"}],"wp:term":[{"taxonomy":"product_brand","embeddable":true,"href":"https:\/\/konkret.store\/pl\/wp-json\/wp\/v2\/product_brand?post=17404"},{"taxonomy":"product_cat","embeddable":true,"href":"https:\/\/konkret.store\/pl\/wp-json\/wp\/v2\/product_cat?post=17404"},{"taxonomy":"product_tag","embeddable":true,"href":"https:\/\/konkret.store\/pl\/wp-json\/wp\/v2\/product_tag?post=17404"}],"curies":[{"name":"wp","href":"https:\/\/api.w.org\/{rel}","templated":true}]}}