{"id":22890,"date":"2024-05-07T09:06:05","date_gmt":"2024-05-07T08:06:05","guid":{"rendered":"https:\/\/konkret.store\/?post_type=product&#038;p=22890"},"modified":"2026-02-03T22:33:24","modified_gmt":"2026-02-03T21:33:24","slug":"szafka-rtv-zeta-lity-dab","status":"publish","type":"product","link":"https:\/\/konkret.store\/pl\/produkt\/szafka-rtv-zeta-lity-dab\/","title":{"rendered":"Szafka RTV ZETA &#8211; lity d\u0105b"},"content":{"rendered":"<section class=\"image-text\">\n  <div class=\"container\">\n    <div class=\"row align-items-center\">\n      <div class=\"col-lg-6  image-text--left\">\n        <div class=\"image-text__image\">\n                                    <div class=\"videoContainer\">\n                <video src=\"https:\/\/konkret.store\/app\/uploads\/2026\/02\/ZETA-poziom.mov\" controls webkit-playsinline playsinline loop muted autoplay><\/video>\n              <\/div>\n                              <\/div>\n      <\/div>\n      <div class=\"col-lg-5  offset-lg-1 \">\n                <h2><\/h2>\n        <div class=\"image-text__text\">\n          <p><strong>Zeta emanuje dyskretn\u0105 szlachetno\u015bci\u0105 i ponadczasow\u0105 elegancj\u0105.<\/strong><\/p>\n<p><strong>Materia\u0142y najwy\u017cszej jako\u015bci, kt\u00f3re naprawd\u0119 wytrzymuj\u0105 u\u017cytkowanie \u2013 i dzi\u0119ki temu pi\u0119knie oraz naturalnie si\u0119 starzej\u0105.<\/strong><\/p>\n<p>&nbsp;<\/p>\n<pre>Na filmie: Zeta w wersji wisz\u0105cej\r\n\r\nD\u0142ugo\u015b\u0107: 260 cm\r\n\r\nG\u0142\u0119boko\u015b\u0107: 35 cm\r\n\r\nWysoko\u015b\u0107: 30 cm\r\n\r\nKolor: Bielony<\/pre>\n        <\/div>\n              <\/div>\n    <\/div>\n  <\/div>\n<\/section>\n\n\n<section class=\"image-text\">\n  <div class=\"container\">\n    <div class=\"row align-items-center\">\n      <div class=\"col-lg-6  offset-lg-1  image-text--right\">\n        <div class=\"image-text__image\">\n          <img loading=\"lazy\" decoding=\"async\" width=\"1453\" height=\"772\" src=\"https:\/\/konkret.store\/app\/uploads\/2024\/05\/Kiaro_Easy_02.jpg\" class=\"attachment-full size-full\" alt=\"\" srcset=\"https:\/\/konkret.store\/app\/uploads\/2024\/05\/Kiaro_Easy_02.jpg 1453w, https:\/\/konkret.store\/app\/uploads\/2024\/05\/Kiaro_Easy_02-300x159.jpg 300w, https:\/\/konkret.store\/app\/uploads\/2024\/05\/Kiaro_Easy_02-1024x544.jpg 1024w, https:\/\/konkret.store\/app\/uploads\/2024\/05\/Kiaro_Easy_02-768x408.jpg 768w, https:\/\/konkret.store\/app\/uploads\/2024\/05\/Kiaro_Easy_02-610x324.jpg 610w, https:\/\/konkret.store\/app\/uploads\/2024\/05\/Kiaro_Easy_02-64x34.jpg 64w\" sizes=\"auto, (max-width: 1453px) 100vw, 1453px\" \/>        <\/div>\n      <\/div>\n      <div class=\"col-lg-5 \">\n                <h2>Troszczymy si\u0119 o detale !<\/h2>\n        <div class=\"image-text__text\">\n          <p>&nbsp;<\/p>\n<p>\u25b8 \u00a0system otwierania i zawiasy &#8211; bardzo wysoka precyzja i jako\u015b\u0107 od <a href=\"https:\/\/www.italianaferramenta.it\"><strong>Italiana Ferramenta\u2122<\/strong><\/a><\/p>\n<p>\u25b8 \u00a0projekt i wykonanie najwy\u017cszej jako\u015bci<\/p>\n<p>\u25b8 \u00a0ekskluzywno\u015b\u0107<\/p>\n<p>\u25b8 \u00a0r\u0119cznie wykonane detale<\/p>\n<p>&nbsp;<\/p>\n        <\/div>\n              <\/div>\n    <\/div>\n  <\/div>\n<\/section>\n\n\n<section class=\"image-text\">\n  <div class=\"container\">\n    <div class=\"row align-items-center\">\n      <div class=\"col-lg-6  offset-lg-1  image-text--right\">\n        <div class=\"image-text__image\">\n          <img loading=\"lazy\" decoding=\"async\" width=\"4961\" height=\"3508\" src=\"https:\/\/konkret.store\/app\/uploads\/2024\/05\/Tv-benk_RTV_Zeta_160x30x25-2-ai-brush-removebg-gnxbzy0s.png\" class=\"attachment-full size-full\" alt=\"\" srcset=\"https:\/\/konkret.store\/app\/uploads\/2024\/05\/Tv-benk_RTV_Zeta_160x30x25-2-ai-brush-removebg-gnxbzy0s.png 4961w, https:\/\/konkret.store\/app\/uploads\/2024\/05\/Tv-benk_RTV_Zeta_160x30x25-2-ai-brush-removebg-gnxbzy0s-300x212.png 300w, https:\/\/konkret.store\/app\/uploads\/2024\/05\/Tv-benk_RTV_Zeta_160x30x25-2-ai-brush-removebg-gnxbzy0s-1024x724.png 1024w, https:\/\/konkret.store\/app\/uploads\/2024\/05\/Tv-benk_RTV_Zeta_160x30x25-2-ai-brush-removebg-gnxbzy0s-768x543.png 768w, https:\/\/konkret.store\/app\/uploads\/2024\/05\/Tv-benk_RTV_Zeta_160x30x25-2-ai-brush-removebg-gnxbzy0s-1536x1086.png 1536w, https:\/\/konkret.store\/app\/uploads\/2024\/05\/Tv-benk_RTV_Zeta_160x30x25-2-ai-brush-removebg-gnxbzy0s-2048x1448.png 2048w, https:\/\/konkret.store\/app\/uploads\/2024\/05\/Tv-benk_RTV_Zeta_160x30x25-2-ai-brush-removebg-gnxbzy0s-610x431.png 610w, https:\/\/konkret.store\/app\/uploads\/2024\/05\/Tv-benk_RTV_Zeta_160x30x25-2-ai-brush-removebg-gnxbzy0s-64x45.png 64w\" sizes=\"auto, (max-width: 4961px) 100vw, 4961px\" \/>        <\/div>\n      <\/div>\n      <div class=\"col-lg-5 \">\n                <h2><\/h2>\n        <div class=\"image-text__text\">\n          <p>\u25b8 \u00a0perforowane otwory umo\u017cliwiaj\u0105 \u00a0korzystanie z pilota, nawet gdy drzwi s\u0105 zamkni\u0119te<\/p>\n<p>\u25b8 \u00a0szafka dostarczana bez plec\u00f3w<\/p>\n<p>\u25b8 \u00a0przegrody oddzielaj\u0105ce posiadaj\u0105 wyci\u0119cia do prowadzenia kabli wewn\u0105trz szafki<\/p>\n<p>\u25b8 \u00a0dolna i g\u00f3rna p\u0142yta wyposa\u017cona jest w przepust kablowy \u2013 3\u00d71 cm<\/p>\n<p><img loading=\"lazy\" decoding=\"async\" class=\"alignnone wp-image-20698 lazyloaded\" src=\"https:\/\/design4u.no\/app\/uploads\/2023\/03\/kabel-removebg-300x127.png\" sizes=\"auto, (max-width: 300px) 100vw, 300px\" srcset=\"https:\/\/design4u.no\/app\/uploads\/2023\/03\/kabel-removebg-300x127.png 300w, https:\/\/design4u.no\/app\/uploads\/2023\/03\/kabel-removebg-768x326.png 768w, https:\/\/design4u.no\/app\/uploads\/2023\/03\/kabel-removebg-610x259.png 610w, https:\/\/design4u.no\/app\/uploads\/2023\/03\/kabel-removebg-64x27.png 64w, https:\/\/design4u.no\/app\/uploads\/2023\/03\/kabel-removebg.png 776w\" alt=\"\" width=\"300\" height=\"127\" data-srcset=\"https:\/\/design4u.no\/app\/uploads\/2023\/03\/kabel-removebg-300x127.png 300w, https:\/\/design4u.no\/app\/uploads\/2023\/03\/kabel-removebg-768x326.png 768w, https:\/\/design4u.no\/app\/uploads\/2023\/03\/kabel-removebg-610x259.png 610w, https:\/\/design4u.no\/app\/uploads\/2023\/03\/kabel-removebg-64x27.png 64w, https:\/\/design4u.no\/app\/uploads\/2023\/03\/kabel-removebg.png 776w\" data-src=\"https:\/\/design4u.no\/app\/uploads\/2023\/03\/kabel-removebg-300x127.png\" data-sizes=\"(max-width: 300px) 100vw, 300px\" \/><\/p>\n        <\/div>\n              <\/div>\n    <\/div>\n  <\/div>\n<\/section>\n","protected":false},"excerpt":{"rendered":"<p><strong>Zeta to ponadczasowa i stylowa szafka telewizyjna wykonana z litego d\u0119bu, zaprojektowana przez zesp\u00f3\u0142 konkret.store. Drzwi posiadaj\u0105 dekoracyjne otwory, co nadaje im wizualn\u0105 elegancj\u0119.<\/strong><\/p>\n<p>Produkowana z drewna FSC\u00a0\u00a0<a href=\"https:\/\/pl.fsc.org\/pl-pl\/sprawdz-i-znajdz-certyfikat\"><img loading=\"lazy\" decoding=\"async\" class=\"alignnone wp-image-11268 lazyloaded\" src=\"https:\/\/konkret.store\/app\/uploads\/2023\/02\/Forest_Stewardship_Council_logo-251x300.png\" alt=\"\" width=\"32\" height=\"38\" data-src=\"https:\/\/konkret.store\/app\/uploads\/2023\/02\/Forest_Stewardship_Council_logo-251x300.png\" srcset=\"https:\/\/konkret.store\/app\/uploads\/2023\/02\/Forest_Stewardship_Council_logo-251x300.png 251w, https:\/\/konkret.store\/app\/uploads\/2023\/02\/Forest_Stewardship_Council_logo-855x1024.png 855w, https:\/\/konkret.store\/app\/uploads\/2023\/02\/Forest_Stewardship_Council_logo-768x920.png 768w, https:\/\/konkret.store\/app\/uploads\/2023\/02\/Forest_Stewardship_Council_logo-610x730.png 610w, https:\/\/konkret.store\/app\/uploads\/2023\/02\/Forest_Stewardship_Council_logo-64x77.png 64w, https:\/\/konkret.store\/app\/uploads\/2023\/02\/Forest_Stewardship_Council_logo.png 1200w\" sizes=\"auto, (max-width: 32px) 100vw, 32px\" \/><\/a><\/p>\n<p>Mo\u017cesz wybra\u0107, czy umie\u015bci\u0107 szafk\u0119 na pod\u0142odze, czy zamontowa\u0107 ja na \u015bcianie. N\u00f3\u017cki mo\u017cna kupi\u0107 osobno dla tych, kt\u00f3rzy nie maj\u0105 mo\u017cliwo\u015bci zamocowania mebli do \u015bciany &#8211; <a href=\"https:\/\/konkret.store\/kategoria-produktu\/dodatki\/\"><strong>kliknij tutaj.<\/strong><\/a><\/p>\n<hr \/>\n<p>Nie jeste\u015b pewien, kt\u00f3re wybarwienie wybra\u0107? Zam\u00f3w je <strong><a href=\"https:\/\/konkret.store\/pl\/produkt\/probki-drewna\/\">tutaj<\/a><\/strong>, aby otrzyma\u0107 pr\u00f3bki kolor\u00f3w.<\/p>\n","protected":false},"featured_media":22898,"comment_status":"closed","ping_status":"closed","template":"","meta":{"_acf_changed":true},"product_brand":[],"product_cat":[40],"product_tag":[],"class_list":{"0":"post-22890","1":"product","2":"type-product","3":"status-publish","4":"has-post-thumbnail","6":"product_cat-konkrety","8":"first","9":"onbackorder","10":"taxable","11":"shipping-taxable","12":"purchasable","13":"product-type-simple"},"exclude_global_add_ons":false,"addons":[{"name":"Szeroko\u015b\u0107","type":"multiple_choice","position":0,"required":true,"title_format":"label","default":"","description_enable":false,"description":"","placeholder_enable":false,"placeholder":"","display":"select","restrictions_type":"any_text","adjust_price":false,"price":"","price_type":"flat_fee","restrictions":false,"min":"0","max":"0","options":[{"label":"160cm","price":"","price_type":"quantity_based","image":0,"visibility":true},{"label":"180cm","price":"200","price_type":"quantity_based","image":0,"visibility":true},{"label":"200cm","price":"400","price_type":"quantity_based","image":0,"visibility":true},{"label":"220cm","price":"700","price_type":"quantity_based","image":0,"visibility":true},{"label":"240cm","price":"1000","price_type":"quantity_based","image":0,"visibility":true},{"label":"260cm","price":"1300","price_type":"quantity_based","image":0,"visibility":true},{"label":"280cm","price":"2000","price_type":"quantity_based","image":0,"visibility":true}],"id":1770052074},{"name":"G\u0142\u0119boko\u015b\u0107","type":"multiple_choice","position":1,"required":true,"title_format":"label","default":"","description_enable":false,"description":"","placeholder_enable":false,"placeholder":"","display":"select","restrictions_type":"any_text","adjust_price":false,"price":"","price_type":"flat_fee","restrictions":false,"min":"0","max":"0","options":[{"label":"30cm","price":"","price_type":"quantity_based","image":0,"visibility":true},{"label":"35cm","price":"400","price_type":"quantity_based","image":0,"visibility":true},{"label":"42cm","price":"700","price_type":"quantity_based","image":0,"visibility":true}],"id":1770052075},{"name":"Wysoko\u015b\u0107","type":"multiple_choice","position":2,"required":true,"title_format":"label","default":"","description_enable":false,"description":"","placeholder_enable":false,"placeholder":"","display":"select","restrictions_type":"any_text","adjust_price":false,"price":"","price_type":"flat_fee","restrictions":false,"min":"0","max":"0","options":[{"label":"20cm","price":"","price_type":"quantity_based","image":0,"visibility":true},{"label":"30cm","price":"400","price_type":"quantity_based","image":0,"visibility":true}],"id":1770052076},{"name":"Wybarwienie drewna","type":"multiple_choice","position":3,"required":true,"title_format":"label","default":"","description_enable":true,"description":"Ka\u017cdy kolor na meblu jest pokryty lakierem, co oznacza, \u017ce nie wymaga on \u017cadnej konserwacji. Lakier zapewnia solidn\u0105 ochron\u0119, minimalizuj\u0105c potrzeb\u0119 regularnej piel\u0119gnacji, dzi\u0119ki czemu szafka mo\u017ce zachowa\u0107 sw\u00f3j pi\u0119kny wygl\u0105d bez dodatkowego wysi\u0142ku.\r\nWykonany z litego d\u0119bu lub orzecha w\u0142oskiego.","placeholder_enable":false,"placeholder":"","display":"patterns","restrictions_type":"any_text","adjust_price":false,"price":"","price_type":"flat_fee","restrictions":false,"min":"0","max":"0","options":[{"label":"7589","price":"","price_type":"quantity_based","image":0,"visibility":true},{"label":"14159","price":"45","price_type":"percentage_based","image":0,"visibility":true}],"id":1770052077},{"name":"\u0141adowarka bezprzewodowa do telefonu kom\u00f3rkowego","type":"multiple_choice","position":4,"required":true,"title_format":"label","default":"","description_enable":true,"description":"Z bezprzewodow\u0105 \u0142adowark\u0105 wystarczy umie\u015bci\u0107 kompatybilny telefon na \u0142adowarce, a zacznie si\u0119 \u0142adowa\u0107 natychmiast.","placeholder_enable":false,"placeholder":"","display":"select","restrictions_type":"any_text","adjust_price":false,"price":"","price_type":"flat_fee","restrictions":false,"min":"0","max":"0","options":[{"label":"Nie","price":"","price_type":"quantity_based","image":0,"visibility":true},{"label":"Tak","price":"300","price_type":"quantity_based","image":0,"visibility":true}],"id":1770052078},{"name":"\u015awiat\u0142o LED z funkcj\u0105 regulacji jasno\u015bci","type":"multiple_choice","position":5,"required":true,"title_format":"label","default":"","description_enable":true,"description":"Zintegrowany profil LED zosta\u0142 zamontowany w dolnej cz\u0119\u015bci blatu, aby stworzy\u0107 efektowne po\u015brednie \u015bwiat\u0142o.\r\nUkryty prze\u0142\u0105cznik znajduje si\u0119 na g\u00f3rnej p\u0142ycie.\r\nKolor: Ciep\u0142y bia\u0142y (3000K)","placeholder_enable":false,"placeholder":"","display":"select","restrictions_type":"any_text","adjust_price":false,"price":"","price_type":"flat_fee","restrictions":false,"min":"0","max":"0","options":[{"label":"Nie","price":"","price_type":"quantity_based","image":0,"visibility":true},{"label":"Tak","price":"380","price_type":"quantity_based","image":0,"visibility":true}],"id":1770052079},{"name":"Kudde variant","type":"multiple_choice","position":0,"required":true,"title_format":"label","default":"","description_enable":false,"description":"","placeholder_enable":false,"placeholder":"","display":"select","restrictions_type":"any_text","adjust_price":false,"price":"","price_type":"flat_fee","restrictions":false,"min":"0","max":"0","options":[{"label":"Kuba","price":"","price_type":"quantity_based","image":0,"visibility":true},{"label":"Haiti","price":"","price_type":"quantity_based","image":0,"visibility":true},{"label":"Barbados","price":"","price_type":"quantity_based","image":0,"visibility":true},{"label":"Aruba","price":"","price_type":"quantity_based","image":0,"visibility":true}]}],"acf":[],"yoast_head":"<!-- This site is optimized with the Yoast SEO plugin v26.8 - https:\/\/yoast.com\/product\/yoast-seo-wordpress\/ -->\n<title>Szafka RTV ZETA - lity d\u0105b - konkret.store<\/title>\n<meta name=\"description\" content=\"Zeta to ponadczasowa i stylowa szafka telewizyjna wykonana z litego d\u0119bu, zaprojektowana przez zesp\u00f3\u0142 konkret.store. Drzwi posiadaj\u0105 dekoracyjne otwory, co nadaje im wizualn\u0105 elegancj\u0119.\" \/>\n<meta name=\"robots\" content=\"index, follow, max-snippet:-1, max-image-preview:large, max-video-preview:-1\" \/>\n<link rel=\"canonical\" href=\"https:\/\/konkret.store\/pl\/produkt\/szafka-rtv-zeta-lity-dab\/\" \/>\n<meta property=\"og:locale\" content=\"pl_PL\" \/>\n<meta property=\"og:type\" content=\"article\" \/>\n<meta property=\"og:title\" content=\"Szafka RTV ZETA - lity d\u0105b - konkret.store\" \/>\n<meta property=\"og:description\" content=\"Zeta to ponadczasowa i stylowa szafka telewizyjna wykonana z litego d\u0119bu, zaprojektowana przez zesp\u00f3\u0142 konkret.store. Drzwi posiadaj\u0105 dekoracyjne otwory, co nadaje im wizualn\u0105 elegancj\u0119.\" \/>\n<meta property=\"og:url\" content=\"https:\/\/konkret.store\/pl\/produkt\/szafka-rtv-zeta-lity-dab\/\" \/>\n<meta property=\"og:site_name\" content=\"konkret.store\" \/>\n<meta property=\"article:publisher\" content=\"https:\/\/facebook.com\/konkret.store\/\" \/>\n<meta property=\"article:modified_time\" content=\"2026-02-03T21:33:24+00:00\" \/>\n<meta property=\"og:image\" content=\"https:\/\/konkret.store\/app\/uploads\/2024\/05\/2_ZETA_V3-scaled-1.jpg\" \/>\n\t<meta property=\"og:image:width\" content=\"2560\" \/>\n\t<meta property=\"og:image:height\" content=\"2560\" \/>\n\t<meta property=\"og:image:type\" content=\"image\/jpeg\" \/>\n<meta name=\"twitter:card\" content=\"summary_large_image\" \/>\n<meta name=\"twitter:label1\" content=\"Szacowany czas czytania\" \/>\n\t<meta name=\"twitter:data1\" content=\"1 minuta\" \/>\n<script type=\"application\/ld+json\" class=\"yoast-schema-graph\">{\"@context\":\"https:\/\/schema.org\",\"@graph\":[{\"@type\":\"WebPage\",\"@id\":\"https:\/\/konkret.store\/pl\/produkt\/szafka-rtv-zeta-lity-dab\/\",\"url\":\"https:\/\/konkret.store\/pl\/produkt\/szafka-rtv-zeta-lity-dab\/\",\"name\":\"Szafka RTV ZETA - lity d\u0105b - konkret.store\",\"isPartOf\":{\"@id\":\"https:\/\/konkret.store\/pl\/#website\"},\"primaryImageOfPage\":{\"@id\":\"https:\/\/konkret.store\/pl\/produkt\/szafka-rtv-zeta-lity-dab\/#primaryimage\"},\"image\":{\"@id\":\"https:\/\/konkret.store\/pl\/produkt\/szafka-rtv-zeta-lity-dab\/#primaryimage\"},\"thumbnailUrl\":\"https:\/\/konkret.store\/app\/uploads\/2024\/05\/2_ZETA_V3-scaled-1.jpg\",\"datePublished\":\"2024-05-07T08:06:05+00:00\",\"dateModified\":\"2026-02-03T21:33:24+00:00\",\"description\":\"Zeta to ponadczasowa i stylowa szafka telewizyjna wykonana z litego d\u0119bu, zaprojektowana przez zesp\u00f3\u0142 konkret.store. Drzwi posiadaj\u0105 dekoracyjne otwory, co nadaje im wizualn\u0105 elegancj\u0119.\",\"breadcrumb\":{\"@id\":\"https:\/\/konkret.store\/pl\/produkt\/szafka-rtv-zeta-lity-dab\/#breadcrumb\"},\"inLanguage\":\"pl-PL\",\"potentialAction\":[{\"@type\":\"ReadAction\",\"target\":[\"https:\/\/konkret.store\/pl\/produkt\/szafka-rtv-zeta-lity-dab\/\"]}]},{\"@type\":\"ImageObject\",\"inLanguage\":\"pl-PL\",\"@id\":\"https:\/\/konkret.store\/pl\/produkt\/szafka-rtv-zeta-lity-dab\/#primaryimage\",\"url\":\"https:\/\/konkret.store\/app\/uploads\/2024\/05\/2_ZETA_V3-scaled-1.jpg\",\"contentUrl\":\"https:\/\/konkret.store\/app\/uploads\/2024\/05\/2_ZETA_V3-scaled-1.jpg\",\"width\":2560,\"height\":2560},{\"@type\":\"BreadcrumbList\",\"@id\":\"https:\/\/konkret.store\/pl\/produkt\/szafka-rtv-zeta-lity-dab\/#breadcrumb\",\"itemListElement\":[{\"@type\":\"ListItem\",\"position\":1,\"name\":\"Strona g\u0142\u00f3wna\",\"item\":\"https:\/\/konkret.store\/pl\/\"},{\"@type\":\"ListItem\",\"position\":2,\"name\":\"Shop\",\"item\":\"https:\/\/konkret.store\/shop\/\"},{\"@type\":\"ListItem\",\"position\":3,\"name\":\"Szafka RTV ZETA &#8211; lity d\u0105b\"}]},{\"@type\":\"WebSite\",\"@id\":\"https:\/\/konkret.store\/pl\/#website\",\"url\":\"https:\/\/konkret.store\/pl\/\",\"name\":\"konkret.store\",\"description\":\"Tylko konkrety\",\"potentialAction\":[{\"@type\":\"SearchAction\",\"target\":{\"@type\":\"EntryPoint\",\"urlTemplate\":\"https:\/\/konkret.store\/pl\/?s={search_term_string}\"},\"query-input\":{\"@type\":\"PropertyValueSpecification\",\"valueRequired\":true,\"valueName\":\"search_term_string\"}}],\"inLanguage\":\"pl-PL\"}]}<\/script>\n<!-- \/ Yoast SEO plugin. -->","yoast_head_json":{"title":"Szafka RTV ZETA - lity d\u0105b - konkret.store","description":"Zeta to ponadczasowa i stylowa szafka telewizyjna wykonana z litego d\u0119bu, zaprojektowana przez zesp\u00f3\u0142 konkret.store. Drzwi posiadaj\u0105 dekoracyjne otwory, co nadaje im wizualn\u0105 elegancj\u0119.","robots":{"index":"index","follow":"follow","max-snippet":"max-snippet:-1","max-image-preview":"max-image-preview:large","max-video-preview":"max-video-preview:-1"},"canonical":"https:\/\/konkret.store\/pl\/produkt\/szafka-rtv-zeta-lity-dab\/","og_locale":"pl_PL","og_type":"article","og_title":"Szafka RTV ZETA - lity d\u0105b - konkret.store","og_description":"Zeta to ponadczasowa i stylowa szafka telewizyjna wykonana z litego d\u0119bu, zaprojektowana przez zesp\u00f3\u0142 konkret.store. Drzwi posiadaj\u0105 dekoracyjne otwory, co nadaje im wizualn\u0105 elegancj\u0119.","og_url":"https:\/\/konkret.store\/pl\/produkt\/szafka-rtv-zeta-lity-dab\/","og_site_name":"konkret.store","article_publisher":"https:\/\/facebook.com\/konkret.store\/","article_modified_time":"2026-02-03T21:33:24+00:00","og_image":[{"width":2560,"height":2560,"url":"https:\/\/konkret.store\/app\/uploads\/2024\/05\/2_ZETA_V3-scaled-1.jpg","type":"image\/jpeg"}],"twitter_card":"summary_large_image","twitter_misc":{"Szacowany czas czytania":"1 minuta"},"schema":{"@context":"https:\/\/schema.org","@graph":[{"@type":"WebPage","@id":"https:\/\/konkret.store\/pl\/produkt\/szafka-rtv-zeta-lity-dab\/","url":"https:\/\/konkret.store\/pl\/produkt\/szafka-rtv-zeta-lity-dab\/","name":"Szafka RTV ZETA - lity d\u0105b - konkret.store","isPartOf":{"@id":"https:\/\/konkret.store\/pl\/#website"},"primaryImageOfPage":{"@id":"https:\/\/konkret.store\/pl\/produkt\/szafka-rtv-zeta-lity-dab\/#primaryimage"},"image":{"@id":"https:\/\/konkret.store\/pl\/produkt\/szafka-rtv-zeta-lity-dab\/#primaryimage"},"thumbnailUrl":"https:\/\/konkret.store\/app\/uploads\/2024\/05\/2_ZETA_V3-scaled-1.jpg","datePublished":"2024-05-07T08:06:05+00:00","dateModified":"2026-02-03T21:33:24+00:00","description":"Zeta to ponadczasowa i stylowa szafka telewizyjna wykonana z litego d\u0119bu, zaprojektowana przez zesp\u00f3\u0142 konkret.store. Drzwi posiadaj\u0105 dekoracyjne otwory, co nadaje im wizualn\u0105 elegancj\u0119.","breadcrumb":{"@id":"https:\/\/konkret.store\/pl\/produkt\/szafka-rtv-zeta-lity-dab\/#breadcrumb"},"inLanguage":"pl-PL","potentialAction":[{"@type":"ReadAction","target":["https:\/\/konkret.store\/pl\/produkt\/szafka-rtv-zeta-lity-dab\/"]}]},{"@type":"ImageObject","inLanguage":"pl-PL","@id":"https:\/\/konkret.store\/pl\/produkt\/szafka-rtv-zeta-lity-dab\/#primaryimage","url":"https:\/\/konkret.store\/app\/uploads\/2024\/05\/2_ZETA_V3-scaled-1.jpg","contentUrl":"https:\/\/konkret.store\/app\/uploads\/2024\/05\/2_ZETA_V3-scaled-1.jpg","width":2560,"height":2560},{"@type":"BreadcrumbList","@id":"https:\/\/konkret.store\/pl\/produkt\/szafka-rtv-zeta-lity-dab\/#breadcrumb","itemListElement":[{"@type":"ListItem","position":1,"name":"Strona g\u0142\u00f3wna","item":"https:\/\/konkret.store\/pl\/"},{"@type":"ListItem","position":2,"name":"Shop","item":"https:\/\/konkret.store\/shop\/"},{"@type":"ListItem","position":3,"name":"Szafka RTV ZETA &#8211; lity d\u0105b"}]},{"@type":"WebSite","@id":"https:\/\/konkret.store\/pl\/#website","url":"https:\/\/konkret.store\/pl\/","name":"konkret.store","description":"Tylko konkrety","potentialAction":[{"@type":"SearchAction","target":{"@type":"EntryPoint","urlTemplate":"https:\/\/konkret.store\/pl\/?s={search_term_string}"},"query-input":{"@type":"PropertyValueSpecification","valueRequired":true,"valueName":"search_term_string"}}],"inLanguage":"pl-PL"}]}},"_links":{"self":[{"href":"https:\/\/konkret.store\/pl\/wp-json\/wp\/v2\/product\/22890","targetHints":{"allow":["GET"]}}],"collection":[{"href":"https:\/\/konkret.store\/pl\/wp-json\/wp\/v2\/product"}],"about":[{"href":"https:\/\/konkret.store\/pl\/wp-json\/wp\/v2\/types\/product"}],"replies":[{"embeddable":true,"href":"https:\/\/konkret.store\/pl\/wp-json\/wp\/v2\/comments?post=22890"}],"wp:featuredmedia":[{"embeddable":true,"href":"https:\/\/konkret.store\/pl\/wp-json\/wp\/v2\/media\/22898"}],"wp:attachment":[{"href":"https:\/\/konkret.store\/pl\/wp-json\/wp\/v2\/media?parent=22890"}],"wp:term":[{"taxonomy":"product_brand","embeddable":true,"href":"https:\/\/konkret.store\/pl\/wp-json\/wp\/v2\/product_brand?post=22890"},{"taxonomy":"product_cat","embeddable":true,"href":"https:\/\/konkret.store\/pl\/wp-json\/wp\/v2\/product_cat?post=22890"},{"taxonomy":"product_tag","embeddable":true,"href":"https:\/\/konkret.store\/pl\/wp-json\/wp\/v2\/product_tag?post=22890"}],"curies":[{"name":"wp","href":"https:\/\/api.w.org\/{rel}","templated":true}]}}