{"id":23651,"date":"2025-01-31T21:40:12","date_gmt":"2025-01-31T20:40:12","guid":{"rendered":"https:\/\/konkret.store\/?post_type=product&#038;p=23651"},"modified":"2025-03-17T22:55:10","modified_gmt":"2025-03-17T21:55:10","slug":"stol-okragly-vega-lity-dab","status":"publish","type":"product","link":"https:\/\/konkret.store\/pl\/produkt\/stol-okragly-vega-lity-dab\/","title":{"rendered":"St\u00f3\u0142 okr\u0105g\u0142y KALISTO+ rozk\u0142adany &#8211; lity d\u0105b"},"content":{"rendered":"<section class=\"image-text\">\n  <div class=\"container\">\n    <div class=\"row align-items-center\">\n      <div class=\"col-lg-6  offset-lg-1  image-text--right\">\n        <div class=\"image-text__image\">\n          <img loading=\"lazy\" decoding=\"async\" width=\"2560\" height=\"1706\" src=\"https:\/\/konkret.store\/app\/uploads\/2025\/01\/AR_stol_kalisto_roz-scaled-1.jpg\" class=\"attachment-full size-full\" alt=\"\" srcset=\"https:\/\/konkret.store\/app\/uploads\/2025\/01\/AR_stol_kalisto_roz-scaled-1.jpg 2560w, https:\/\/konkret.store\/app\/uploads\/2025\/01\/AR_stol_kalisto_roz-scaled-1-300x200.jpg 300w, https:\/\/konkret.store\/app\/uploads\/2025\/01\/AR_stol_kalisto_roz-scaled-1-1024x682.jpg 1024w, https:\/\/konkret.store\/app\/uploads\/2025\/01\/AR_stol_kalisto_roz-scaled-1-768x512.jpg 768w, https:\/\/konkret.store\/app\/uploads\/2025\/01\/AR_stol_kalisto_roz-scaled-1-1536x1024.jpg 1536w, https:\/\/konkret.store\/app\/uploads\/2025\/01\/AR_stol_kalisto_roz-scaled-1-2048x1365.jpg 2048w, https:\/\/konkret.store\/app\/uploads\/2025\/01\/AR_stol_kalisto_roz-scaled-1-610x407.jpg 610w, https:\/\/konkret.store\/app\/uploads\/2025\/01\/AR_stol_kalisto_roz-scaled-1-64x43.jpg 64w\" sizes=\"auto, (max-width: 2560px) 100vw, 2560px\" \/>        <\/div>\n      <\/div>\n      <div class=\"col-lg-5 \">\n                <h2><\/h2>\n        <div class=\"image-text__text\">\n          <p>St\u00f3\u0142 rozk\u0142adany, kt\u00f3ry zwi\u0119ksza swoj\u0105 powierzchni\u0119 nawet o 150 cm.<\/p>\n<p>Wygodny system rozk\u0142adania pozwala zwi\u0119kszy\u0107 powierzchni\u0119 blatu o tyle, ile w danej chwili potrzebujesz &#8211; 50, 100 lub 150 cm.<\/p>\n        <\/div>\n              <\/div>\n    <\/div>\n  <\/div>\n<\/section>\n\n\n<section class=\"image-text image-text--centered\">\n  <div class=\"container\">\n    <div class=\"row align-items-center\">\n      <div class=\"col-lg-6 offset-lg-3\">\n                          <div class=\"image-text__text\">\n            <p><img loading=\"lazy\" decoding=\"async\" class=\"alignnone wp-image-14171 ls-is-cached lazyloaded\" src=\"https:\/\/design4u.no\/app\/uploads\/2023\/03\/Hand_made-removebg-preview.png\" sizes=\"auto, (max-width: 35px) 100vw, 35px\" srcset=\"https:\/\/design4u.no\/app\/uploads\/2023\/03\/Hand_made-removebg-preview.png 76w, https:\/\/design4u.no\/app\/uploads\/2023\/03\/Hand_made-removebg-preview-64x64.png 64w\" alt=\"\" width=\"35\" height=\"35\" data-srcset=\"https:\/\/design4u.no\/app\/uploads\/2023\/03\/Hand_made-removebg-preview.png 76w, https:\/\/design4u.no\/app\/uploads\/2023\/03\/Hand_made-removebg-preview-64x64.png 64w\" data-src=\"https:\/\/design4u.no\/app\/uploads\/2023\/03\/Hand_made-removebg-preview.png\" data-sizes=\"(max-width: 35px) 100vw, 35px\" \/>\u00a0 \u00a0R\u0119czna produkcja najwy\u017cszej jako\u015bci \u00a0 <img loading=\"lazy\" decoding=\"async\" class=\"alignnone wp-image-23684\" src=\"https:\/\/konkret.store\/app\/uploads\/2025\/02\/solid--300x300.png\" sizes=\"auto, (max-width: 35px) 100vw, 35px\" srcset=\"https:\/\/konkret.store\/app\/uploads\/2025\/02\/solid--300x300.png 300w, https:\/\/konkret.store\/app\/uploads\/2025\/02\/solid--768x768.png 768w, https:\/\/konkret.store\/app\/uploads\/2025\/02\/solid--610x610.png 610w, https:\/\/konkret.store\/app\/uploads\/2025\/02\/solid--100x100.png 100w, https:\/\/konkret.store\/app\/uploads\/2025\/02\/solid--64x64.png 64w, https:\/\/konkret.store\/app\/uploads\/2025\/02\/solid-.png 800w\" alt=\"\" width=\"35\" height=\"35\" \/>\u00a0 \u00a0Lite drewno<\/p>\n          <\/div>\n                      <\/div>\n      <div class=\"col-lg-8 offset-lg-2\">\n        <div class=\"image-text__image\">\n                      <div class=\"swiper gallerySwiper\">\n              <div class=\"swiperNav\">\n                <div class=\"swiperNav-prev\"><svg width=\"81\" height=\"81\" viewBox=\"0 0 81 81\" fill=\"none\" xmlns=\"http:\/\/www.w3.org\/2000\/svg\"><rect width=\"81\" height=\"81\" rx=\"40\" fill=\"#333\"\/><path fill-rule=\"evenodd\" clip-rule=\"evenodd\" d=\"M46 28l-2-2-14 14 2 2 12 12 2-2-12-12 12-12z\" fill=\"#F2F2F2\"\/><\/svg><\/div>\n                <div class=\"swiperNav-next\"><svg width=\"82\" height=\"82\" viewBox=\"0 0 82 82\" fill=\"none\" xmlns=\"http:\/\/www.w3.org\/2000\/svg\"><rect width=\"82\" height=\"82\" rx=\"40\" fill=\"#333\"\/><path fill-rule=\"evenodd\" clip-rule=\"evenodd\" d=\"M35 52l2 2 14-14-2-2-12-12-2 2 12 12-12 12z\" fill=\"#F2F2F2\"\/><\/svg><\/div>\n              <\/div>\n              <div class=\"swiper-wrapper\">\n                                  <div class=\"swiper-slide\">\n                    <img loading=\"lazy\" decoding=\"async\" width=\"2560\" height=\"1706\" src=\"https:\/\/konkret.store\/app\/uploads\/2025\/01\/kalisto_1-scaled-1.jpg\" class=\"attachment-gallery size-gallery\" alt=\"\" srcset=\"https:\/\/konkret.store\/app\/uploads\/2025\/01\/kalisto_1-scaled-1.jpg 2560w, https:\/\/konkret.store\/app\/uploads\/2025\/01\/kalisto_1-scaled-1-300x200.jpg 300w, https:\/\/konkret.store\/app\/uploads\/2025\/01\/kalisto_1-scaled-1-1024x682.jpg 1024w, https:\/\/konkret.store\/app\/uploads\/2025\/01\/kalisto_1-scaled-1-768x512.jpg 768w, https:\/\/konkret.store\/app\/uploads\/2025\/01\/kalisto_1-scaled-1-1536x1024.jpg 1536w, https:\/\/konkret.store\/app\/uploads\/2025\/01\/kalisto_1-scaled-1-2048x1365.jpg 2048w, https:\/\/konkret.store\/app\/uploads\/2025\/01\/kalisto_1-scaled-1-610x407.jpg 610w, https:\/\/konkret.store\/app\/uploads\/2025\/01\/kalisto_1-scaled-1-64x43.jpg 64w\" sizes=\"auto, (max-width: 2560px) 100vw, 2560px\" \/>                  <\/div>\n                                  <div class=\"swiper-slide\">\n                    <img loading=\"lazy\" decoding=\"async\" width=\"2000\" height=\"1333\" src=\"https:\/\/konkret.store\/app\/uploads\/2025\/01\/2.jpg\" class=\"attachment-gallery size-gallery\" alt=\"\" srcset=\"https:\/\/konkret.store\/app\/uploads\/2025\/01\/2.jpg 2000w, https:\/\/konkret.store\/app\/uploads\/2025\/01\/2-300x200.jpg 300w, https:\/\/konkret.store\/app\/uploads\/2025\/01\/2-1024x682.jpg 1024w, https:\/\/konkret.store\/app\/uploads\/2025\/01\/2-768x512.jpg 768w, https:\/\/konkret.store\/app\/uploads\/2025\/01\/2-1536x1024.jpg 1536w, https:\/\/konkret.store\/app\/uploads\/2025\/01\/2-610x407.jpg 610w, https:\/\/konkret.store\/app\/uploads\/2025\/01\/2-64x43.jpg 64w\" sizes=\"auto, (max-width: 2000px) 100vw, 2000px\" \/>                  <\/div>\n                                  <div class=\"swiper-slide\">\n                    <img loading=\"lazy\" decoding=\"async\" width=\"2560\" height=\"1706\" src=\"https:\/\/konkret.store\/app\/uploads\/2025\/01\/kalisto_3-scaled-2.jpg\" class=\"attachment-gallery size-gallery\" alt=\"\" srcset=\"https:\/\/konkret.store\/app\/uploads\/2025\/01\/kalisto_3-scaled-2.jpg 2560w, https:\/\/konkret.store\/app\/uploads\/2025\/01\/kalisto_3-scaled-2-300x200.jpg 300w, https:\/\/konkret.store\/app\/uploads\/2025\/01\/kalisto_3-scaled-2-1024x682.jpg 1024w, https:\/\/konkret.store\/app\/uploads\/2025\/01\/kalisto_3-scaled-2-768x512.jpg 768w, https:\/\/konkret.store\/app\/uploads\/2025\/01\/kalisto_3-scaled-2-1536x1024.jpg 1536w, https:\/\/konkret.store\/app\/uploads\/2025\/01\/kalisto_3-scaled-2-2048x1365.jpg 2048w, https:\/\/konkret.store\/app\/uploads\/2025\/01\/kalisto_3-scaled-2-610x407.jpg 610w, https:\/\/konkret.store\/app\/uploads\/2025\/01\/kalisto_3-scaled-2-64x43.jpg 64w\" sizes=\"auto, (max-width: 2560px) 100vw, 2560px\" \/>                  <\/div>\n                              <\/div>\n            <\/div>\n                  <\/div>\n      <\/div>\n    <\/div>\n  <\/div>\n<\/section>\n","protected":false},"excerpt":{"rendered":"<p><strong>Prosty i elegancki okr\u0105g\u0142y st\u00f3\u0142 jadalny z solidn\u0105 nog\u0105 w kszta\u0142cie kolumny. Nadaje stylowy charakter ka\u017cdemu pomieszczeniu, od jadalni w prywatnym domu, przez nowoczesn\u0105 restauracj\u0119, po przestrze\u0144 wsp\u00f3ln\u0105 w biurze. <\/strong><\/p>\n<p>Masz go\u015bci? Z \u0142atwo\u015bci\u0105 powi\u0119kszysz go, dodaj\u0105c dodatkowe blaty.<\/p>\n<p>Produkowana z drewna FSC\u00a0\u00a0<a href=\"https:\/\/pl.fsc.org\/pl-pl\/sprawdz-i-znajdz-certyfikat\"><img loading=\"lazy\" decoding=\"async\" class=\"alignnone wp-image-11268 lazyloaded\" src=\"https:\/\/konkret.store\/app\/uploads\/2023\/02\/Forest_Stewardship_Council_logo-251x300.png\" alt=\"\" width=\"32\" height=\"38\" data-src=\"https:\/\/konkret.store\/app\/uploads\/2023\/02\/Forest_Stewardship_Council_logo-251x300.png\" srcset=\"https:\/\/konkret.store\/app\/uploads\/2023\/02\/Forest_Stewardship_Council_logo-251x300.png 251w, https:\/\/konkret.store\/app\/uploads\/2023\/02\/Forest_Stewardship_Council_logo-855x1024.png 855w, https:\/\/konkret.store\/app\/uploads\/2023\/02\/Forest_Stewardship_Council_logo-768x920.png 768w, https:\/\/konkret.store\/app\/uploads\/2023\/02\/Forest_Stewardship_Council_logo-610x730.png 610w, https:\/\/konkret.store\/app\/uploads\/2023\/02\/Forest_Stewardship_Council_logo-64x77.png 64w, https:\/\/konkret.store\/app\/uploads\/2023\/02\/Forest_Stewardship_Council_logo.png 1200w\" sizes=\"auto, (max-width: 32px) 100vw, 32px\" \/><\/a><\/p>\n<hr \/>\n<p>Nie jeste\u015b pewien, kt\u00f3re wybarwienie wybra\u0107? Zam\u00f3w je <strong><a href=\"https:\/\/konkret.store\/pl\/produkt\/probki-drewna\/\">tutaj<\/a><\/strong>, aby otrzyma\u0107 pr\u00f3bki kolor\u00f3w.<\/p>\n","protected":false},"featured_media":23655,"template":"","meta":{"_acf_changed":true},"product_brand":[],"product_cat":[40],"product_tag":[],"class_list":{"0":"post-23651","1":"product","2":"type-product","3":"status-publish","4":"has-post-thumbnail","6":"product_cat-konkrety","8":"first","9":"onbackorder","10":"taxable","11":"shipping-taxable","12":"purchasable","13":"product-type-simple"},"exclude_global_add_ons":false,"addons":[{"name":"Wybarwienie drewna","type":"multiple_choice","position":0,"required":true,"title_format":"label","default":"","description_enable":true,"description":"Ka\u017cdy kolor na meblu jest pokryty lakierem, co oznacza, \u017ce nie wymaga on \u017cadnej konserwacji. Lakier zapewnia solidn\u0105 ochron\u0119, minimalizuj\u0105c potrzeb\u0119 regularnej piel\u0119gnacji, dzi\u0119ki czemu szafka mo\u017ce zachowa\u0107 sw\u00f3j pi\u0119kny wygl\u0105d bez dodatkowego wysi\u0142ku.\r\nWykonany z litego d\u0119bu lub orzecha w\u0142oskiego.","placeholder_enable":false,"placeholder":"","display":"patterns","restrictions_type":"any_text","adjust_price":false,"price":"","price_type":"flat_fee","restrictions":false,"min":"0","max":"0","options":[{"label":"7589","price":"","price_type":"quantity_based","image":0,"visibility":true},{"label":"14159","price":"45","price_type":"percentage_based","image":0,"visibility":true}]},{"name":"\u015arednica","type":"multiple_choice","position":1,"required":true,"title_format":"label","default":"","description_enable":false,"description":"","placeholder_enable":false,"placeholder":"","display":"select","restrictions_type":"any_text","adjust_price":false,"price":"","price_type":"flat_fee","restrictions":false,"min":"0","max":"0","options":[{"label":"\u00d8110cm","price":"","price_type":"quantity_based","image":0,"visibility":true},{"label":"\u00d8120cm","price":"200","price_type":"quantity_based","image":0,"visibility":true},{"label":"\u00d8130cm","price":"400","price_type":"quantity_based","image":0,"visibility":true},{"label":"\u00d8140cm","price":"600","price_type":"quantity_based","image":0,"visibility":true}]},{"name":"Dostawki","type":"multiple_choice","position":2,"required":true,"title_format":"label","default":"","description_enable":true,"description":"St\u00f3\u0142 ma praktyczny metalowy mechanizm rozsuwania, kt\u00f3ry umo\u017cliwia \u0142atwe powi\u0119kszenie sto\u0142u, gdy potrzebujesz dodatkowej przestrzeni (brak miejsca do przechowywania w stole).","placeholder_enable":false,"placeholder":"","display":"select","restrictions_type":"any_text","adjust_price":false,"price":"","price_type":"flat_fee","restrictions":false,"min":"0","max":"0","options":[{"label":"1 x 50cm","price":"","price_type":"quantity_based","image":0,"visibility":true},{"label":"2 x 50cm","price":"700","price_type":"quantity_based","image":0,"visibility":true},{"label":"3 x 50cm","price":"1100","price_type":"quantity_based","image":0,"visibility":true}]},{"name":"Kudde variant","type":"multiple_choice","position":0,"required":true,"title_format":"label","default":"","description_enable":false,"description":"","placeholder_enable":false,"placeholder":"","display":"select","restrictions_type":"any_text","adjust_price":false,"price":"","price_type":"flat_fee","restrictions":false,"min":"0","max":"0","options":[{"label":"Kuba","price":"","price_type":"quantity_based","image":0,"visibility":true},{"label":"Haiti","price":"","price_type":"quantity_based","image":0,"visibility":true},{"label":"Barbados","price":"","price_type":"quantity_based","image":0,"visibility":true},{"label":"Aruba","price":"","price_type":"quantity_based","image":0,"visibility":true}]}],"acf":[],"yoast_head":"<!-- This site is optimized with the Yoast SEO plugin v26.8 - https:\/\/yoast.com\/product\/yoast-seo-wordpress\/ -->\n<title>St\u00f3\u0142 okr\u0105g\u0142y KALISTO+ rozk\u0142adany - lity d\u0105b - konkret.store<\/title>\n<meta name=\"description\" content=\"Prosty i elegancki okr\u0105g\u0142y st\u00f3\u0142 jadalny z solidn\u0105 nog\u0105 w kszta\u0142cie kolumny. Nadaje stylowy charakter ka\u017cdemu pomieszczeniu, od jadalni w prywatnym domu, przez nowoczesn\u0105 restauracj\u0119, po przestrze\u0144 wsp\u00f3ln\u0105 w biurze. Masz go\u015bci? Z \u0142atwo\u015bci\u0105 powi\u0119kszysz go, dodaj\u0105c dodatkowe blaty.\" \/>\n<meta name=\"robots\" content=\"index, follow, max-snippet:-1, max-image-preview:large, max-video-preview:-1\" \/>\n<link rel=\"canonical\" href=\"https:\/\/konkret.store\/pl\/produkt\/stol-okragly-vega-lity-dab\/\" \/>\n<meta property=\"og:locale\" content=\"pl_PL\" \/>\n<meta property=\"og:type\" content=\"article\" \/>\n<meta property=\"og:title\" content=\"St\u00f3\u0142 okr\u0105g\u0142y KALISTO+ rozk\u0142adany - lity d\u0105b - konkret.store\" \/>\n<meta property=\"og:description\" content=\"Prosty i elegancki okr\u0105g\u0142y st\u00f3\u0142 jadalny z solidn\u0105 nog\u0105 w kszta\u0142cie kolumny. Nadaje stylowy charakter ka\u017cdemu pomieszczeniu, od jadalni w prywatnym domu, przez nowoczesn\u0105 restauracj\u0119, po przestrze\u0144 wsp\u00f3ln\u0105 w biurze. Masz go\u015bci? Z \u0142atwo\u015bci\u0105 powi\u0119kszysz go, dodaj\u0105c dodatkowe blaty.\" \/>\n<meta property=\"og:url\" content=\"https:\/\/konkret.store\/pl\/produkt\/stol-okragly-vega-lity-dab\/\" \/>\n<meta property=\"og:site_name\" content=\"konkret.store\" \/>\n<meta property=\"article:publisher\" content=\"https:\/\/facebook.com\/konkret.store\/\" \/>\n<meta property=\"article:modified_time\" content=\"2025-03-17T21:55:10+00:00\" \/>\n<meta property=\"og:image\" content=\"https:\/\/konkret.store\/app\/uploads\/2025\/01\/vega-rundt.png\" \/>\n\t<meta property=\"og:image:width\" content=\"800\" \/>\n\t<meta property=\"og:image:height\" content=\"800\" \/>\n\t<meta property=\"og:image:type\" content=\"image\/png\" \/>\n<meta name=\"twitter:card\" content=\"summary_large_image\" \/>\n<meta name=\"twitter:label1\" content=\"Szacowany czas czytania\" \/>\n\t<meta name=\"twitter:data1\" content=\"1 minuta\" \/>\n<script type=\"application\/ld+json\" class=\"yoast-schema-graph\">{\"@context\":\"https:\/\/schema.org\",\"@graph\":[{\"@type\":\"WebPage\",\"@id\":\"https:\/\/konkret.store\/pl\/produkt\/stol-okragly-vega-lity-dab\/\",\"url\":\"https:\/\/konkret.store\/pl\/produkt\/stol-okragly-vega-lity-dab\/\",\"name\":\"St\u00f3\u0142 okr\u0105g\u0142y KALISTO+ rozk\u0142adany - lity d\u0105b - konkret.store\",\"isPartOf\":{\"@id\":\"https:\/\/konkret.store\/pl\/#website\"},\"primaryImageOfPage\":{\"@id\":\"https:\/\/konkret.store\/pl\/produkt\/stol-okragly-vega-lity-dab\/#primaryimage\"},\"image\":{\"@id\":\"https:\/\/konkret.store\/pl\/produkt\/stol-okragly-vega-lity-dab\/#primaryimage\"},\"thumbnailUrl\":\"https:\/\/konkret.store\/app\/uploads\/2025\/01\/vega-rundt.png\",\"datePublished\":\"2025-01-31T20:40:12+00:00\",\"dateModified\":\"2025-03-17T21:55:10+00:00\",\"description\":\"Prosty i elegancki okr\u0105g\u0142y st\u00f3\u0142 jadalny z solidn\u0105 nog\u0105 w kszta\u0142cie kolumny. Nadaje stylowy charakter ka\u017cdemu pomieszczeniu, od jadalni w prywatnym domu, przez nowoczesn\u0105 restauracj\u0119, po przestrze\u0144 wsp\u00f3ln\u0105 w biurze. Masz go\u015bci? Z \u0142atwo\u015bci\u0105 powi\u0119kszysz go, dodaj\u0105c dodatkowe blaty.\",\"breadcrumb\":{\"@id\":\"https:\/\/konkret.store\/pl\/produkt\/stol-okragly-vega-lity-dab\/#breadcrumb\"},\"inLanguage\":\"pl-PL\",\"potentialAction\":[{\"@type\":\"ReadAction\",\"target\":[\"https:\/\/konkret.store\/pl\/produkt\/stol-okragly-vega-lity-dab\/\"]}]},{\"@type\":\"ImageObject\",\"inLanguage\":\"pl-PL\",\"@id\":\"https:\/\/konkret.store\/pl\/produkt\/stol-okragly-vega-lity-dab\/#primaryimage\",\"url\":\"https:\/\/konkret.store\/app\/uploads\/2025\/01\/vega-rundt.png\",\"contentUrl\":\"https:\/\/konkret.store\/app\/uploads\/2025\/01\/vega-rundt.png\",\"width\":800,\"height\":800},{\"@type\":\"BreadcrumbList\",\"@id\":\"https:\/\/konkret.store\/pl\/produkt\/stol-okragly-vega-lity-dab\/#breadcrumb\",\"itemListElement\":[{\"@type\":\"ListItem\",\"position\":1,\"name\":\"Strona g\u0142\u00f3wna\",\"item\":\"https:\/\/konkret.store\/pl\/\"},{\"@type\":\"ListItem\",\"position\":2,\"name\":\"Shop\",\"item\":\"https:\/\/konkret.store\/shop\/\"},{\"@type\":\"ListItem\",\"position\":3,\"name\":\"St\u00f3\u0142 okr\u0105g\u0142y KALISTO+ rozk\u0142adany &#8211; lity d\u0105b\"}]},{\"@type\":\"WebSite\",\"@id\":\"https:\/\/konkret.store\/pl\/#website\",\"url\":\"https:\/\/konkret.store\/pl\/\",\"name\":\"konkret.store\",\"description\":\"Tylko konkrety\",\"potentialAction\":[{\"@type\":\"SearchAction\",\"target\":{\"@type\":\"EntryPoint\",\"urlTemplate\":\"https:\/\/konkret.store\/pl\/?s={search_term_string}\"},\"query-input\":{\"@type\":\"PropertyValueSpecification\",\"valueRequired\":true,\"valueName\":\"search_term_string\"}}],\"inLanguage\":\"pl-PL\"}]}<\/script>\n<!-- \/ Yoast SEO plugin. -->","yoast_head_json":{"title":"St\u00f3\u0142 okr\u0105g\u0142y KALISTO+ rozk\u0142adany - lity d\u0105b - konkret.store","description":"Prosty i elegancki okr\u0105g\u0142y st\u00f3\u0142 jadalny z solidn\u0105 nog\u0105 w kszta\u0142cie kolumny. Nadaje stylowy charakter ka\u017cdemu pomieszczeniu, od jadalni w prywatnym domu, przez nowoczesn\u0105 restauracj\u0119, po przestrze\u0144 wsp\u00f3ln\u0105 w biurze. Masz go\u015bci? Z \u0142atwo\u015bci\u0105 powi\u0119kszysz go, dodaj\u0105c dodatkowe blaty.","robots":{"index":"index","follow":"follow","max-snippet":"max-snippet:-1","max-image-preview":"max-image-preview:large","max-video-preview":"max-video-preview:-1"},"canonical":"https:\/\/konkret.store\/pl\/produkt\/stol-okragly-vega-lity-dab\/","og_locale":"pl_PL","og_type":"article","og_title":"St\u00f3\u0142 okr\u0105g\u0142y KALISTO+ rozk\u0142adany - lity d\u0105b - konkret.store","og_description":"Prosty i elegancki okr\u0105g\u0142y st\u00f3\u0142 jadalny z solidn\u0105 nog\u0105 w kszta\u0142cie kolumny. Nadaje stylowy charakter ka\u017cdemu pomieszczeniu, od jadalni w prywatnym domu, przez nowoczesn\u0105 restauracj\u0119, po przestrze\u0144 wsp\u00f3ln\u0105 w biurze. Masz go\u015bci? Z \u0142atwo\u015bci\u0105 powi\u0119kszysz go, dodaj\u0105c dodatkowe blaty.","og_url":"https:\/\/konkret.store\/pl\/produkt\/stol-okragly-vega-lity-dab\/","og_site_name":"konkret.store","article_publisher":"https:\/\/facebook.com\/konkret.store\/","article_modified_time":"2025-03-17T21:55:10+00:00","og_image":[{"width":800,"height":800,"url":"https:\/\/konkret.store\/app\/uploads\/2025\/01\/vega-rundt.png","type":"image\/png"}],"twitter_card":"summary_large_image","twitter_misc":{"Szacowany czas czytania":"1 minuta"},"schema":{"@context":"https:\/\/schema.org","@graph":[{"@type":"WebPage","@id":"https:\/\/konkret.store\/pl\/produkt\/stol-okragly-vega-lity-dab\/","url":"https:\/\/konkret.store\/pl\/produkt\/stol-okragly-vega-lity-dab\/","name":"St\u00f3\u0142 okr\u0105g\u0142y KALISTO+ rozk\u0142adany - lity d\u0105b - konkret.store","isPartOf":{"@id":"https:\/\/konkret.store\/pl\/#website"},"primaryImageOfPage":{"@id":"https:\/\/konkret.store\/pl\/produkt\/stol-okragly-vega-lity-dab\/#primaryimage"},"image":{"@id":"https:\/\/konkret.store\/pl\/produkt\/stol-okragly-vega-lity-dab\/#primaryimage"},"thumbnailUrl":"https:\/\/konkret.store\/app\/uploads\/2025\/01\/vega-rundt.png","datePublished":"2025-01-31T20:40:12+00:00","dateModified":"2025-03-17T21:55:10+00:00","description":"Prosty i elegancki okr\u0105g\u0142y st\u00f3\u0142 jadalny z solidn\u0105 nog\u0105 w kszta\u0142cie kolumny. Nadaje stylowy charakter ka\u017cdemu pomieszczeniu, od jadalni w prywatnym domu, przez nowoczesn\u0105 restauracj\u0119, po przestrze\u0144 wsp\u00f3ln\u0105 w biurze. Masz go\u015bci? Z \u0142atwo\u015bci\u0105 powi\u0119kszysz go, dodaj\u0105c dodatkowe blaty.","breadcrumb":{"@id":"https:\/\/konkret.store\/pl\/produkt\/stol-okragly-vega-lity-dab\/#breadcrumb"},"inLanguage":"pl-PL","potentialAction":[{"@type":"ReadAction","target":["https:\/\/konkret.store\/pl\/produkt\/stol-okragly-vega-lity-dab\/"]}]},{"@type":"ImageObject","inLanguage":"pl-PL","@id":"https:\/\/konkret.store\/pl\/produkt\/stol-okragly-vega-lity-dab\/#primaryimage","url":"https:\/\/konkret.store\/app\/uploads\/2025\/01\/vega-rundt.png","contentUrl":"https:\/\/konkret.store\/app\/uploads\/2025\/01\/vega-rundt.png","width":800,"height":800},{"@type":"BreadcrumbList","@id":"https:\/\/konkret.store\/pl\/produkt\/stol-okragly-vega-lity-dab\/#breadcrumb","itemListElement":[{"@type":"ListItem","position":1,"name":"Strona g\u0142\u00f3wna","item":"https:\/\/konkret.store\/pl\/"},{"@type":"ListItem","position":2,"name":"Shop","item":"https:\/\/konkret.store\/shop\/"},{"@type":"ListItem","position":3,"name":"St\u00f3\u0142 okr\u0105g\u0142y KALISTO+ rozk\u0142adany &#8211; lity d\u0105b"}]},{"@type":"WebSite","@id":"https:\/\/konkret.store\/pl\/#website","url":"https:\/\/konkret.store\/pl\/","name":"konkret.store","description":"Tylko konkrety","potentialAction":[{"@type":"SearchAction","target":{"@type":"EntryPoint","urlTemplate":"https:\/\/konkret.store\/pl\/?s={search_term_string}"},"query-input":{"@type":"PropertyValueSpecification","valueRequired":true,"valueName":"search_term_string"}}],"inLanguage":"pl-PL"}]}},"_links":{"self":[{"href":"https:\/\/konkret.store\/pl\/wp-json\/wp\/v2\/product\/23651","targetHints":{"allow":["GET"]}}],"collection":[{"href":"https:\/\/konkret.store\/pl\/wp-json\/wp\/v2\/product"}],"about":[{"href":"https:\/\/konkret.store\/pl\/wp-json\/wp\/v2\/types\/product"}],"wp:featuredmedia":[{"embeddable":true,"href":"https:\/\/konkret.store\/pl\/wp-json\/wp\/v2\/media\/23655"}],"wp:attachment":[{"href":"https:\/\/konkret.store\/pl\/wp-json\/wp\/v2\/media?parent=23651"}],"wp:term":[{"taxonomy":"product_brand","embeddable":true,"href":"https:\/\/konkret.store\/pl\/wp-json\/wp\/v2\/product_brand?post=23651"},{"taxonomy":"product_cat","embeddable":true,"href":"https:\/\/konkret.store\/pl\/wp-json\/wp\/v2\/product_cat?post=23651"},{"taxonomy":"product_tag","embeddable":true,"href":"https:\/\/konkret.store\/pl\/wp-json\/wp\/v2\/product_tag?post=23651"}],"curies":[{"name":"wp","href":"https:\/\/api.w.org\/{rel}","templated":true}]}}