{"id":24754,"date":"2025-05-03T22:15:46","date_gmt":"2025-05-03T21:15:46","guid":{"rendered":"https:\/\/konkret.store\/?post_type=product&#038;p=24754"},"modified":"2025-07-29T16:38:33","modified_gmt":"2025-07-29T15:38:33","slug":"stol-beta-lity-dab","status":"publish","type":"product","link":"https:\/\/konkret.store\/pl\/produkt\/stol-beta-lity-dab\/","title":{"rendered":"St\u00f3\u0142 BETA &#8211; lity d\u0105b"},"content":{"rendered":"<section class=\"image-text\">\n  <div class=\"container\">\n    <div class=\"row align-items-center\">\n      <div class=\"col-lg-6  offset-lg-1  image-text--right\">\n        <div class=\"image-text__image\">\n                                    <div class=\"videoContainer\">\n                <video src=\"https:\/\/konkret.store\/app\/uploads\/2025\/05\/SnapInsta.to_AQM8d764blAnJgH5qoCoJmQLLBrQo_s9opYhYQThsN4kPebN1sZsDe33ZUtWfiBNTR-4yrMn7p4ENSvnaMdaDGOYvlp8cQzwtXI6rAA.mp4\" controls webkit-playsinline playsinline loop muted autoplay><\/video>\n              <\/div>\n                              <\/div>\n      <\/div>\n      <div class=\"col-lg-5 \">\n                <h2><\/h2>\n        <div class=\"image-text__text\">\n          <p>Doskonale sprawdzi si\u0119 w nowoczesnej kuchni lub jadalni, a tak\u017ce jako stylowy st\u00f3\u0142 konferencyjny w przestrzeni biurowej.<\/p>\n<p>&nbsp;<\/p>\n<p><img loading=\"lazy\" decoding=\"async\" class=\"alignnone wp-image-14171 ls-is-cached lazyloaded\" src=\"https:\/\/design4u.no\/app\/uploads\/2023\/03\/Hand_made-removebg-preview.png\" sizes=\"auto, (max-width: 35px) 100vw, 35px\" srcset=\"https:\/\/design4u.no\/app\/uploads\/2023\/03\/Hand_made-removebg-preview.png 76w, https:\/\/design4u.no\/app\/uploads\/2023\/03\/Hand_made-removebg-preview-64x64.png 64w\" alt=\"\" width=\"35\" height=\"35\" data-srcset=\"https:\/\/design4u.no\/app\/uploads\/2023\/03\/Hand_made-removebg-preview.png 76w, https:\/\/design4u.no\/app\/uploads\/2023\/03\/Hand_made-removebg-preview-64x64.png 64w\" data-src=\"https:\/\/design4u.no\/app\/uploads\/2023\/03\/Hand_made-removebg-preview.png\" data-sizes=\"(max-width: 35px) 100vw, 35px\" \/>\u00a0 \u00a0R\u0119czna produkcja najwy\u017cszej jako\u015bci<\/p>\n<p><img loading=\"lazy\" decoding=\"async\" class=\"alignnone wp-image-23684 entered litespeed-loaded\" src=\"https:\/\/konkret.store\/app\/uploads\/2025\/02\/solid--300x300.png\" sizes=\"auto, (max-width: 35px) 100vw, 35px\" srcset=\"https:\/\/konkret.store\/app\/uploads\/2025\/02\/solid--300x300.png 300w, https:\/\/konkret.store\/app\/uploads\/2025\/02\/solid--768x768.png 768w, https:\/\/konkret.store\/app\/uploads\/2025\/02\/solid--610x610.png 610w, https:\/\/konkret.store\/app\/uploads\/2025\/02\/solid--100x100.png 100w, https:\/\/konkret.store\/app\/uploads\/2025\/02\/solid--64x64.png 64w, https:\/\/konkret.store\/app\/uploads\/2025\/02\/solid-.png 800w\" alt=\"\" width=\"35\" height=\"35\" data-lazyloaded=\"1\" data-src=\"https:\/\/konkret.store\/app\/uploads\/2025\/02\/solid--300x300.png\" data-srcset=\"https:\/\/konkret.store\/app\/uploads\/2025\/02\/solid--300x300.png 300w, https:\/\/konkret.store\/app\/uploads\/2025\/02\/solid--768x768.png 768w, https:\/\/konkret.store\/app\/uploads\/2025\/02\/solid--610x610.png 610w, https:\/\/konkret.store\/app\/uploads\/2025\/02\/solid--100x100.png 100w, https:\/\/konkret.store\/app\/uploads\/2025\/02\/solid--64x64.png 64w, https:\/\/konkret.store\/app\/uploads\/2025\/02\/solid-.png 800w\" data-sizes=\"(max-width: 35px) 100vw, 35px\" data-ll-status=\"loaded\" \/>\u00a0 \u00a0Lite drewno<\/p>\n        <\/div>\n              <\/div>\n    <\/div>\n  <\/div>\n<\/section>\n","protected":false},"excerpt":{"rendered":"<p>Prostok\u0105tny st\u00f3\u0142 jadalniany Beta jest wyrazem nordyckiego minimalizmu i funkcjonalno\u015bci.<\/p>\n<p>Prosta i harmonijna forma nadaje mu ponadczasow\u0105 estetyk\u0119, a zaokr\u0105glone nogi i precyzyjne detale tworz\u0105 subteln\u0105 r\u00f3wnowag\u0119 mi\u0119dzy elegancj\u0105 a solidno\u015bci\u0105.<\/p>\n<p>Produkowana z drewna FSC\u00a0\u00a0<a href=\"https:\/\/pl.fsc.org\/pl-pl\/sprawdz-i-znajdz-certyfikat\"><img loading=\"lazy\" decoding=\"async\" class=\"alignnone wp-image-11268 lazyloaded\" src=\"https:\/\/konkret.store\/app\/uploads\/2023\/02\/Forest_Stewardship_Council_logo-251x300.png\" alt=\"\" width=\"32\" height=\"38\" data-src=\"https:\/\/konkret.store\/app\/uploads\/2023\/02\/Forest_Stewardship_Council_logo-251x300.png\" srcset=\"https:\/\/konkret.store\/app\/uploads\/2023\/02\/Forest_Stewardship_Council_logo-251x300.png 251w, https:\/\/konkret.store\/app\/uploads\/2023\/02\/Forest_Stewardship_Council_logo-855x1024.png 855w, https:\/\/konkret.store\/app\/uploads\/2023\/02\/Forest_Stewardship_Council_logo-768x920.png 768w, https:\/\/konkret.store\/app\/uploads\/2023\/02\/Forest_Stewardship_Council_logo-610x730.png 610w, https:\/\/konkret.store\/app\/uploads\/2023\/02\/Forest_Stewardship_Council_logo-64x77.png 64w, https:\/\/konkret.store\/app\/uploads\/2023\/02\/Forest_Stewardship_Council_logo.png 1200w\" sizes=\"auto, (max-width: 32px) 100vw, 32px\" \/><\/a><\/p>\n<hr \/>\n<p>Nie jeste\u015b pewien, kt\u00f3re wybarwienie wybra\u0107? Zam\u00f3w je <strong><a href=\"https:\/\/konkret.store\/pl\/produkt\/probki-drewna\/\">tutaj<\/a><\/strong>, aby otrzyma\u0107 pr\u00f3bki kolor\u00f3w.<\/p>\n","protected":false},"featured_media":24760,"template":"","meta":{"_acf_changed":true},"product_brand":[],"product_cat":[40],"product_tag":[],"class_list":{"0":"post-24754","1":"product","2":"type-product","3":"status-publish","4":"has-post-thumbnail","6":"product_cat-konkrety","8":"first","9":"onbackorder","10":"taxable","11":"shipping-taxable","12":"purchasable","13":"product-type-simple"},"exclude_global_add_ons":false,"addons":[{"name":"Wybarwienie drewna","type":"multiple_choice","position":0,"required":true,"title_format":"label","default":"","description_enable":true,"description":"Ka\u017cdy kolor na meblu jest pokryty lakierem, co oznacza, \u017ce nie wymaga on \u017cadnej konserwacji. Lakier zapewnia solidn\u0105 ochron\u0119, minimalizuj\u0105c potrzeb\u0119 regularnej piel\u0119gnacji, dzi\u0119ki czemu szafka mo\u017ce zachowa\u0107 sw\u00f3j pi\u0119kny wygl\u0105d bez dodatkowego wysi\u0142ku.\r\nWykonany z litego d\u0119bu lub orzecha w\u0142oskiego.","placeholder_enable":false,"placeholder":"","display":"patterns","restrictions_type":"any_text","adjust_price":false,"price":"","price_type":"flat_fee","restrictions":false,"min":"0","max":"0","options":[{"label":"7589","price":"","price_type":"quantity_based","image":0,"visibility":true},{"label":"14159","price":"50","price_type":"percentage_based","image":0,"visibility":true}],"id":1746311089},{"name":"Szeroko\u015b\u0107","type":"multiple_choice","position":1,"required":true,"title_format":"label","default":"","description_enable":false,"description":"","placeholder_enable":false,"placeholder":"","display":"select","restrictions_type":"any_text","adjust_price":false,"price":"","price_type":"flat_fee","restrictions":false,"min":"0","max":"0","options":[{"label":"200cm","price":"","price_type":"quantity_based","image":0,"visibility":true},{"label":"220cm","price":"300","price_type":"quantity_based","image":0,"visibility":true},{"label":"230cm","price":"400","price_type":"quantity_based","image":0,"visibility":true},{"label":"240cm","price":"500","price_type":"quantity_based","image":0,"visibility":true},{"label":"250cm","price":"600","price_type":"quantity_based","image":0,"visibility":true},{"label":"260cm","price":"700","price_type":"quantity_based","image":0,"visibility":true},{"label":"280cm","price":"900","price_type":"quantity_based","image":0,"visibility":true},{"label":"300cm","price":"1200","price_type":"quantity_based","image":0,"visibility":true}],"id":1746311090},{"name":"G\u0142\u0119boko\u015b\u0107","type":"multiple_choice","position":2,"required":true,"title_format":"label","default":"","description_enable":false,"description":"","placeholder_enable":false,"placeholder":"","display":"select","restrictions_type":"any_text","adjust_price":false,"price":"","price_type":"flat_fee","restrictions":false,"min":"0","max":"0","options":[{"label":"90cm","price":"","price_type":"quantity_based","image":0,"visibility":true},{"label":"100cm","price":"200","price_type":"quantity_based","image":0,"visibility":true},{"label":"110cm","price":"300","price_type":"quantity_based","image":0,"visibility":true},{"label":"120cm","price":"400","price_type":"quantity_based","image":0,"visibility":true}],"id":1746311091},{"name":"Kudde variant","type":"multiple_choice","position":0,"required":true,"title_format":"label","default":"","description_enable":false,"description":"","placeholder_enable":false,"placeholder":"","display":"select","restrictions_type":"any_text","adjust_price":false,"price":"","price_type":"flat_fee","restrictions":false,"min":"0","max":"0","options":[{"label":"Kuba","price":"","price_type":"quantity_based","image":0,"visibility":true},{"label":"Haiti","price":"","price_type":"quantity_based","image":0,"visibility":true},{"label":"Barbados","price":"","price_type":"quantity_based","image":0,"visibility":true},{"label":"Aruba","price":"","price_type":"quantity_based","image":0,"visibility":true}]}],"acf":[],"yoast_head":"<!-- This site is optimized with the Yoast SEO plugin v26.8 - https:\/\/yoast.com\/product\/yoast-seo-wordpress\/ -->\n<title>St\u00f3\u0142 BETA - lity d\u0105b - konkret.store<\/title>\n<meta name=\"description\" content=\"Prostok\u0105tny st\u00f3\u0142 jadalniany Beta jest wyrazem nordyckiego minimalizmu i funkcjonalno\u015bci. St\u00f3\u0142 zosta\u0142 wykonany z litego d\u0119bu. Prosta i harmonijna forma nadaje mu ponadczasow\u0105 estetyk\u0119, a zaokr\u0105glone kraw\u0119dzie i precyzyjne detale tworz\u0105 subteln\u0105 r\u00f3wnowag\u0119 mi\u0119dzy elegancj\u0105 a solidno\u015bci\u0105.Doskonale sprawdzi si\u0119 w nowoczesnej kuchni lub jadalni, a tak\u017ce jako stylowy st\u00f3\u0142 konferencyjny w przestrzeni biurowej.\" \/>\n<meta name=\"robots\" content=\"index, follow, max-snippet:-1, max-image-preview:large, max-video-preview:-1\" \/>\n<link rel=\"canonical\" href=\"https:\/\/konkret.store\/pl\/produkt\/stol-beta-lity-dab\/\" \/>\n<meta property=\"og:locale\" content=\"pl_PL\" \/>\n<meta property=\"og:type\" content=\"article\" \/>\n<meta property=\"og:title\" content=\"St\u00f3\u0142 BETA - lity d\u0105b - konkret.store\" \/>\n<meta property=\"og:description\" content=\"Prostok\u0105tny st\u00f3\u0142 jadalniany Beta jest wyrazem nordyckiego minimalizmu i funkcjonalno\u015bci. St\u00f3\u0142 zosta\u0142 wykonany z litego d\u0119bu. Prosta i harmonijna forma nadaje mu ponadczasow\u0105 estetyk\u0119, a zaokr\u0105glone kraw\u0119dzie i precyzyjne detale tworz\u0105 subteln\u0105 r\u00f3wnowag\u0119 mi\u0119dzy elegancj\u0105 a solidno\u015bci\u0105.Doskonale sprawdzi si\u0119 w nowoczesnej kuchni lub jadalni, a tak\u017ce jako stylowy st\u00f3\u0142 konferencyjny w przestrzeni biurowej.\" \/>\n<meta property=\"og:url\" content=\"https:\/\/konkret.store\/pl\/produkt\/stol-beta-lity-dab\/\" \/>\n<meta property=\"og:site_name\" content=\"konkret.store\" \/>\n<meta property=\"article:publisher\" content=\"https:\/\/facebook.com\/konkret.store\/\" \/>\n<meta property=\"article:modified_time\" content=\"2025-07-29T15:38:33+00:00\" \/>\n<meta property=\"og:image\" content=\"https:\/\/konkret.store\/app\/uploads\/2025\/05\/ve.png\" \/>\n\t<meta property=\"og:image:width\" content=\"800\" \/>\n\t<meta property=\"og:image:height\" content=\"800\" \/>\n\t<meta property=\"og:image:type\" content=\"image\/png\" \/>\n<meta name=\"twitter:card\" content=\"summary_large_image\" \/>\n<meta name=\"twitter:label1\" content=\"Szacowany czas czytania\" \/>\n\t<meta name=\"twitter:data1\" content=\"1 minuta\" \/>\n<script type=\"application\/ld+json\" class=\"yoast-schema-graph\">{\"@context\":\"https:\/\/schema.org\",\"@graph\":[{\"@type\":\"WebPage\",\"@id\":\"https:\/\/konkret.store\/pl\/produkt\/stol-beta-lity-dab\/\",\"url\":\"https:\/\/konkret.store\/pl\/produkt\/stol-beta-lity-dab\/\",\"name\":\"St\u00f3\u0142 BETA - lity d\u0105b - konkret.store\",\"isPartOf\":{\"@id\":\"https:\/\/konkret.store\/pl\/#website\"},\"primaryImageOfPage\":{\"@id\":\"https:\/\/konkret.store\/pl\/produkt\/stol-beta-lity-dab\/#primaryimage\"},\"image\":{\"@id\":\"https:\/\/konkret.store\/pl\/produkt\/stol-beta-lity-dab\/#primaryimage\"},\"thumbnailUrl\":\"https:\/\/konkret.store\/app\/uploads\/2025\/05\/ve.png\",\"datePublished\":\"2025-05-03T21:15:46+00:00\",\"dateModified\":\"2025-07-29T15:38:33+00:00\",\"description\":\"Prostok\u0105tny st\u00f3\u0142 jadalniany Beta jest wyrazem nordyckiego minimalizmu i funkcjonalno\u015bci. St\u00f3\u0142 zosta\u0142 wykonany z litego d\u0119bu. Prosta i harmonijna forma nadaje mu ponadczasow\u0105 estetyk\u0119, a zaokr\u0105glone kraw\u0119dzie i precyzyjne detale tworz\u0105 subteln\u0105 r\u00f3wnowag\u0119 mi\u0119dzy elegancj\u0105 a solidno\u015bci\u0105.Doskonale sprawdzi si\u0119 w nowoczesnej kuchni lub jadalni, a tak\u017ce jako stylowy st\u00f3\u0142 konferencyjny w przestrzeni biurowej.\",\"breadcrumb\":{\"@id\":\"https:\/\/konkret.store\/pl\/produkt\/stol-beta-lity-dab\/#breadcrumb\"},\"inLanguage\":\"pl-PL\",\"potentialAction\":[{\"@type\":\"ReadAction\",\"target\":[\"https:\/\/konkret.store\/pl\/produkt\/stol-beta-lity-dab\/\"]}]},{\"@type\":\"ImageObject\",\"inLanguage\":\"pl-PL\",\"@id\":\"https:\/\/konkret.store\/pl\/produkt\/stol-beta-lity-dab\/#primaryimage\",\"url\":\"https:\/\/konkret.store\/app\/uploads\/2025\/05\/ve.png\",\"contentUrl\":\"https:\/\/konkret.store\/app\/uploads\/2025\/05\/ve.png\",\"width\":800,\"height\":800},{\"@type\":\"BreadcrumbList\",\"@id\":\"https:\/\/konkret.store\/pl\/produkt\/stol-beta-lity-dab\/#breadcrumb\",\"itemListElement\":[{\"@type\":\"ListItem\",\"position\":1,\"name\":\"Strona g\u0142\u00f3wna\",\"item\":\"https:\/\/konkret.store\/pl\/\"},{\"@type\":\"ListItem\",\"position\":2,\"name\":\"Shop\",\"item\":\"https:\/\/konkret.store\/shop\/\"},{\"@type\":\"ListItem\",\"position\":3,\"name\":\"St\u00f3\u0142 BETA &#8211; lity d\u0105b\"}]},{\"@type\":\"WebSite\",\"@id\":\"https:\/\/konkret.store\/pl\/#website\",\"url\":\"https:\/\/konkret.store\/pl\/\",\"name\":\"konkret.store\",\"description\":\"Tylko konkrety\",\"potentialAction\":[{\"@type\":\"SearchAction\",\"target\":{\"@type\":\"EntryPoint\",\"urlTemplate\":\"https:\/\/konkret.store\/pl\/?s={search_term_string}\"},\"query-input\":{\"@type\":\"PropertyValueSpecification\",\"valueRequired\":true,\"valueName\":\"search_term_string\"}}],\"inLanguage\":\"pl-PL\"}]}<\/script>\n<!-- \/ Yoast SEO plugin. -->","yoast_head_json":{"title":"St\u00f3\u0142 BETA - lity d\u0105b - konkret.store","description":"Prostok\u0105tny st\u00f3\u0142 jadalniany Beta jest wyrazem nordyckiego minimalizmu i funkcjonalno\u015bci. St\u00f3\u0142 zosta\u0142 wykonany z litego d\u0119bu. Prosta i harmonijna forma nadaje mu ponadczasow\u0105 estetyk\u0119, a zaokr\u0105glone kraw\u0119dzie i precyzyjne detale tworz\u0105 subteln\u0105 r\u00f3wnowag\u0119 mi\u0119dzy elegancj\u0105 a solidno\u015bci\u0105.Doskonale sprawdzi si\u0119 w nowoczesnej kuchni lub jadalni, a tak\u017ce jako stylowy st\u00f3\u0142 konferencyjny w przestrzeni biurowej.","robots":{"index":"index","follow":"follow","max-snippet":"max-snippet:-1","max-image-preview":"max-image-preview:large","max-video-preview":"max-video-preview:-1"},"canonical":"https:\/\/konkret.store\/pl\/produkt\/stol-beta-lity-dab\/","og_locale":"pl_PL","og_type":"article","og_title":"St\u00f3\u0142 BETA - lity d\u0105b - konkret.store","og_description":"Prostok\u0105tny st\u00f3\u0142 jadalniany Beta jest wyrazem nordyckiego minimalizmu i funkcjonalno\u015bci. St\u00f3\u0142 zosta\u0142 wykonany z litego d\u0119bu. Prosta i harmonijna forma nadaje mu ponadczasow\u0105 estetyk\u0119, a zaokr\u0105glone kraw\u0119dzie i precyzyjne detale tworz\u0105 subteln\u0105 r\u00f3wnowag\u0119 mi\u0119dzy elegancj\u0105 a solidno\u015bci\u0105.Doskonale sprawdzi si\u0119 w nowoczesnej kuchni lub jadalni, a tak\u017ce jako stylowy st\u00f3\u0142 konferencyjny w przestrzeni biurowej.","og_url":"https:\/\/konkret.store\/pl\/produkt\/stol-beta-lity-dab\/","og_site_name":"konkret.store","article_publisher":"https:\/\/facebook.com\/konkret.store\/","article_modified_time":"2025-07-29T15:38:33+00:00","og_image":[{"width":800,"height":800,"url":"https:\/\/konkret.store\/app\/uploads\/2025\/05\/ve.png","type":"image\/png"}],"twitter_card":"summary_large_image","twitter_misc":{"Szacowany czas czytania":"1 minuta"},"schema":{"@context":"https:\/\/schema.org","@graph":[{"@type":"WebPage","@id":"https:\/\/konkret.store\/pl\/produkt\/stol-beta-lity-dab\/","url":"https:\/\/konkret.store\/pl\/produkt\/stol-beta-lity-dab\/","name":"St\u00f3\u0142 BETA - lity d\u0105b - konkret.store","isPartOf":{"@id":"https:\/\/konkret.store\/pl\/#website"},"primaryImageOfPage":{"@id":"https:\/\/konkret.store\/pl\/produkt\/stol-beta-lity-dab\/#primaryimage"},"image":{"@id":"https:\/\/konkret.store\/pl\/produkt\/stol-beta-lity-dab\/#primaryimage"},"thumbnailUrl":"https:\/\/konkret.store\/app\/uploads\/2025\/05\/ve.png","datePublished":"2025-05-03T21:15:46+00:00","dateModified":"2025-07-29T15:38:33+00:00","description":"Prostok\u0105tny st\u00f3\u0142 jadalniany Beta jest wyrazem nordyckiego minimalizmu i funkcjonalno\u015bci. St\u00f3\u0142 zosta\u0142 wykonany z litego d\u0119bu. Prosta i harmonijna forma nadaje mu ponadczasow\u0105 estetyk\u0119, a zaokr\u0105glone kraw\u0119dzie i precyzyjne detale tworz\u0105 subteln\u0105 r\u00f3wnowag\u0119 mi\u0119dzy elegancj\u0105 a solidno\u015bci\u0105.Doskonale sprawdzi si\u0119 w nowoczesnej kuchni lub jadalni, a tak\u017ce jako stylowy st\u00f3\u0142 konferencyjny w przestrzeni biurowej.","breadcrumb":{"@id":"https:\/\/konkret.store\/pl\/produkt\/stol-beta-lity-dab\/#breadcrumb"},"inLanguage":"pl-PL","potentialAction":[{"@type":"ReadAction","target":["https:\/\/konkret.store\/pl\/produkt\/stol-beta-lity-dab\/"]}]},{"@type":"ImageObject","inLanguage":"pl-PL","@id":"https:\/\/konkret.store\/pl\/produkt\/stol-beta-lity-dab\/#primaryimage","url":"https:\/\/konkret.store\/app\/uploads\/2025\/05\/ve.png","contentUrl":"https:\/\/konkret.store\/app\/uploads\/2025\/05\/ve.png","width":800,"height":800},{"@type":"BreadcrumbList","@id":"https:\/\/konkret.store\/pl\/produkt\/stol-beta-lity-dab\/#breadcrumb","itemListElement":[{"@type":"ListItem","position":1,"name":"Strona g\u0142\u00f3wna","item":"https:\/\/konkret.store\/pl\/"},{"@type":"ListItem","position":2,"name":"Shop","item":"https:\/\/konkret.store\/shop\/"},{"@type":"ListItem","position":3,"name":"St\u00f3\u0142 BETA &#8211; lity d\u0105b"}]},{"@type":"WebSite","@id":"https:\/\/konkret.store\/pl\/#website","url":"https:\/\/konkret.store\/pl\/","name":"konkret.store","description":"Tylko konkrety","potentialAction":[{"@type":"SearchAction","target":{"@type":"EntryPoint","urlTemplate":"https:\/\/konkret.store\/pl\/?s={search_term_string}"},"query-input":{"@type":"PropertyValueSpecification","valueRequired":true,"valueName":"search_term_string"}}],"inLanguage":"pl-PL"}]}},"_links":{"self":[{"href":"https:\/\/konkret.store\/pl\/wp-json\/wp\/v2\/product\/24754","targetHints":{"allow":["GET"]}}],"collection":[{"href":"https:\/\/konkret.store\/pl\/wp-json\/wp\/v2\/product"}],"about":[{"href":"https:\/\/konkret.store\/pl\/wp-json\/wp\/v2\/types\/product"}],"wp:featuredmedia":[{"embeddable":true,"href":"https:\/\/konkret.store\/pl\/wp-json\/wp\/v2\/media\/24760"}],"wp:attachment":[{"href":"https:\/\/konkret.store\/pl\/wp-json\/wp\/v2\/media?parent=24754"}],"wp:term":[{"taxonomy":"product_brand","embeddable":true,"href":"https:\/\/konkret.store\/pl\/wp-json\/wp\/v2\/product_brand?post=24754"},{"taxonomy":"product_cat","embeddable":true,"href":"https:\/\/konkret.store\/pl\/wp-json\/wp\/v2\/product_cat?post=24754"},{"taxonomy":"product_tag","embeddable":true,"href":"https:\/\/konkret.store\/pl\/wp-json\/wp\/v2\/product_tag?post=24754"}],"curies":[{"name":"wp","href":"https:\/\/api.w.org\/{rel}","templated":true}]}}