{"id":24848,"date":"2025-05-18T20:32:16","date_gmt":"2025-05-18T19:32:16","guid":{"rendered":"https:\/\/konkret.store\/?post_type=product&#038;p=24848"},"modified":"2026-03-07T23:18:33","modified_gmt":"2026-03-07T22:18:33","slug":"zaokraglona-szafka-rtv-beta-lity-dab","status":"publish","type":"product","link":"https:\/\/konkret.store\/pl\/produkt\/zaokraglona-szafka-rtv-beta-lity-dab\/","title":{"rendered":"Zaokr\u0105glona szafka RTV BETA z IR &#8211; lity d\u0105b"},"content":{"rendered":"<section class=\"image-text\">\n  <div class=\"container\">\n    <div class=\"row align-items-center\">\n      <div class=\"col-lg-6  image-text--left\">\n        <div class=\"image-text__image\">\n                                    <div class=\"videoContainer\">\n                <video src=\"https:\/\/konkret.store\/app\/uploads\/2025\/05\/Tv-benk-Beta-2.mp4\" controls webkit-playsinline playsinline loop muted autoplay><\/video>\n              <\/div>\n                              <\/div>\n      <\/div>\n      <div class=\"col-lg-5  offset-lg-1 \">\n                <h2><\/h2>\n        <div class=\"image-text__text\">\n          <p>Beta emanuje dyskretn\u0105 szlachetno\u015bci\u0105 i ponadczasow\u0105 elegancj\u0105.<\/p>\n<p>Materia\u0142y najwy\u017cszej jako\u015bci, kt\u00f3re doskonale znosz\u0105 codzienne u\u017cytkowanie \u2013 dzi\u0119ki czemu starzej\u0105 si\u0119 pi\u0119knie i naturalnie.<\/p>\n<pre>W wideo: szafka RTV Beta z coko\u0142em\r\n\r\nD\u0142ugo\u015b\u0107: 160 cm\r\n\r\nG\u0142\u0119boko\u015b\u0107: 35 cm\r\n\r\nWysoko\u015b\u0107: 37 cm\r\n\r\nKolor: efekt surowego d\u0119bu<\/pre>\n        <\/div>\n              <\/div>\n    <\/div>\n  <\/div>\n<\/section>\n\n\n<section class=\"image-text\">\n  <div class=\"container\">\n    <div class=\"row align-items-center\">\n      <div class=\"col-lg-6  offset-lg-1  image-text--right\">\n        <div class=\"image-text__image\">\n          <img loading=\"lazy\" decoding=\"async\" width=\"1454\" height=\"1754\" src=\"https:\/\/konkret.store\/app\/uploads\/2025\/05\/BETA_B_V5.jpg\" class=\"attachment-full size-full\" alt=\"\" srcset=\"https:\/\/konkret.store\/app\/uploads\/2025\/05\/BETA_B_V5.jpg 1454w, https:\/\/konkret.store\/app\/uploads\/2025\/05\/BETA_B_V5-249x300.jpg 249w, https:\/\/konkret.store\/app\/uploads\/2025\/05\/BETA_B_V5-849x1024.jpg 849w, https:\/\/konkret.store\/app\/uploads\/2025\/05\/BETA_B_V5-768x926.jpg 768w, https:\/\/konkret.store\/app\/uploads\/2025\/05\/BETA_B_V5-1273x1536.jpg 1273w, https:\/\/konkret.store\/app\/uploads\/2025\/05\/BETA_B_V5-610x736.jpg 610w, https:\/\/konkret.store\/app\/uploads\/2025\/05\/BETA_B_V5-64x77.jpg 64w\" sizes=\"auto, (max-width: 1454px) 100vw, 1454px\" \/>        <\/div>\n      <\/div>\n      <div class=\"col-lg-5 \">\n                <h2>Troszczymy si\u0119 o detale !<\/h2>\n        <div class=\"image-text__text\">\n          <p>Beta promieniuje dyskretnym szlachetnym charakterem i ponadczasow\u0105 elegancj\u0105.<\/p>\n<p>&nbsp;<\/p>\n<p>\u25b8 \u00a0system otwierania i zawiasy \u2013 bardzo wysoka precyzja i jako\u015b\u0107 od <a href=\"https:\/\/www.italianaferramenta.it\"><strong>Italiana Ferramenta\u2122<\/strong><\/a><\/p>\n<p>\u25b8 \u00a0projekt i wykonanie najwy\u017cszej jako\u015bci<\/p>\n<p>\u25b8 \u00a0ekskluzywno\u015b\u0107<\/p>\n        <\/div>\n              <\/div>\n    <\/div>\n  <\/div>\n<\/section>\n\n\n<section class=\"image-text\">\n  <div class=\"container\">\n    <div class=\"row align-items-center\">\n      <div class=\"col-lg-6  image-text--left\">\n        <div class=\"image-text__image\">\n          <img loading=\"lazy\" decoding=\"async\" width=\"971\" height=\"617\" src=\"https:\/\/konkret.store\/app\/uploads\/2025\/05\/BETA-OTWARTA-V4-1-2.jpg\" class=\"attachment-full size-full\" alt=\"\" srcset=\"https:\/\/konkret.store\/app\/uploads\/2025\/05\/BETA-OTWARTA-V4-1-2.jpg 971w, https:\/\/konkret.store\/app\/uploads\/2025\/05\/BETA-OTWARTA-V4-1-2-300x191.jpg 300w, https:\/\/konkret.store\/app\/uploads\/2025\/05\/BETA-OTWARTA-V4-1-2-768x488.jpg 768w, https:\/\/konkret.store\/app\/uploads\/2025\/05\/BETA-OTWARTA-V4-1-2-610x388.jpg 610w, https:\/\/konkret.store\/app\/uploads\/2025\/05\/BETA-OTWARTA-V4-1-2-64x41.jpg 64w\" sizes=\"auto, (max-width: 971px) 100vw, 971px\" \/>        <\/div>\n      <\/div>\n      <div class=\"col-lg-5  offset-lg-1 \">\n                <h2><\/h2>\n        <div class=\"image-text__text\">\n          <p>\u25b8 \u00a0przed\u0142u\u017cacz sygna\u0142u pilota na podczerwie\u0144 umo\u017cliwia \u00a0korzystanie z pilota, nawet gdy drzwi s\u0105 zamkni\u0119te<\/p>\n<p>\u25b8 \u00a0szafka dostarczana bez plec\u00f3w<\/p>\n<p>\u25b8 \u00a0przegrody oddzielaj\u0105ce posiadaj\u0105 wyci\u0119cia do prowadzenia kabli wewn\u0105trz szafki<\/p>\n<p>\u25b8 \u00a0dolna i g\u00f3rna p\u0142yta wyposa\u017cona jest w przepust kablowy \u2013 3\u00d71 cm<\/p>\n<p><img loading=\"lazy\" decoding=\"async\" class=\"alignnone wp-image-20698 lazyloaded\" src=\"https:\/\/design4u.no\/app\/uploads\/2023\/03\/kabel-removebg-300x127.png\" sizes=\"auto, (max-width: 300px) 100vw, 300px\" srcset=\"https:\/\/design4u.no\/app\/uploads\/2023\/03\/kabel-removebg-300x127.png 300w, https:\/\/design4u.no\/app\/uploads\/2023\/03\/kabel-removebg-768x326.png 768w, https:\/\/design4u.no\/app\/uploads\/2023\/03\/kabel-removebg-610x259.png 610w, https:\/\/design4u.no\/app\/uploads\/2023\/03\/kabel-removebg-64x27.png 64w, https:\/\/design4u.no\/app\/uploads\/2023\/03\/kabel-removebg.png 776w\" alt=\"\" width=\"300\" height=\"127\" data-srcset=\"https:\/\/design4u.no\/app\/uploads\/2023\/03\/kabel-removebg-300x127.png 300w, https:\/\/design4u.no\/app\/uploads\/2023\/03\/kabel-removebg-768x326.png 768w, https:\/\/design4u.no\/app\/uploads\/2023\/03\/kabel-removebg-610x259.png 610w, https:\/\/design4u.no\/app\/uploads\/2023\/03\/kabel-removebg-64x27.png 64w, https:\/\/design4u.no\/app\/uploads\/2023\/03\/kabel-removebg.png 776w\" data-src=\"https:\/\/design4u.no\/app\/uploads\/2023\/03\/kabel-removebg-300x127.png\" data-sizes=\"(max-width: 300px) 100vw, 300px\" \/><\/p>\n        <\/div>\n              <\/div>\n    <\/div>\n  <\/div>\n<\/section>\n","protected":false},"excerpt":{"rendered":"<p><strong>Szafka RTV BETA zosta\u0142a wykonana z litego d\u0119bu i stanowi stylowe oraz praktyczne rozwi\u0105zanie do przechowywania sprz\u0119tu multimedialnego. Dzi\u0119ki ponadczasowemu designowi i czterem funkcjonalnym drzwiom mebel ten doskonale wpisuje si\u0119 w nowoczesne wn\u0119trza. <\/strong><br \/>\nNaturalna struktura drewna i proste linie tworz\u0105 harmonijny wygl\u0105d, kt\u00f3ry \u0142\u0105czy estetyk\u0119 z funkcjonalno\u015bci\u0105.<\/p>\n<p>Produkowana z drewna FSC\u00a0 <a href=\"https:\/\/pl.fsc.org\/pl-pl\/sprawdz-i-znajdz-certyfikat\"><img loading=\"lazy\" decoding=\"async\" class=\"alignnone wp-image-11268 lazyloaded\" src=\"https:\/\/konkret.store\/app\/uploads\/2023\/02\/Forest_Stewardship_Council_logo-251x300.png\" alt=\"\" width=\"32\" height=\"38\" data-src=\"https:\/\/konkret.store\/app\/uploads\/2023\/02\/Forest_Stewardship_Council_logo-251x300.png\" srcset=\"https:\/\/konkret.store\/app\/uploads\/2023\/02\/Forest_Stewardship_Council_logo-251x300.png 251w, https:\/\/konkret.store\/app\/uploads\/2023\/02\/Forest_Stewardship_Council_logo-855x1024.png 855w, https:\/\/konkret.store\/app\/uploads\/2023\/02\/Forest_Stewardship_Council_logo-768x920.png 768w, https:\/\/konkret.store\/app\/uploads\/2023\/02\/Forest_Stewardship_Council_logo-610x730.png 610w, https:\/\/konkret.store\/app\/uploads\/2023\/02\/Forest_Stewardship_Council_logo-64x77.png 64w, https:\/\/konkret.store\/app\/uploads\/2023\/02\/Forest_Stewardship_Council_logo.png 1200w\" sizes=\"auto, (max-width: 32px) 100vw, 32px\" \/><\/a><\/p>\n<hr \/>\n<p>Nie jeste\u015b pewien, kt\u00f3re wybarwienie wybra\u0107? Zam\u00f3w je <strong><a href=\"https:\/\/konkret.store\/pl\/produkt\/probki-drewna\/\">tutaj<\/a><\/strong>, aby otrzyma\u0107 pr\u00f3bki kolor\u00f3w.<\/p>\n","protected":false},"featured_media":25089,"template":"","meta":{"_acf_changed":true},"product_brand":[],"product_cat":[40],"product_tag":[],"class_list":{"0":"post-24848","1":"product","2":"type-product","3":"status-publish","4":"has-post-thumbnail","6":"product_cat-konkrety","8":"first","9":"onbackorder","10":"taxable","11":"shipping-taxable","12":"purchasable","13":"product-type-simple"},"exclude_global_add_ons":false,"addons":[{"name":"Wersja","type":"multiple_choice","position":0,"required":true,"title_format":"label","default":"","description_enable":true,"description":"Solidny i elegancki cok\u00f3\u0142 dla tych, kt\u00f3rzy nie chc\u0105 wisz\u0105cej na \u015bcianie szafki","placeholder_enable":false,"placeholder":"","display":"select","restrictions_type":"any_text","adjust_price":false,"price":"","price_type":"flat_fee","restrictions":false,"min":"0","max":"0","options":[{"label":"Podwieszana","price":"","price_type":"quantity_based","image":0,"visibility":true},{"label":"Z coko\u0142em + 7cm","price":"600","price_type":"quantity_based","image":0,"visibility":true}],"id":1747601797},{"name":"Szeroko\u015b\u0107","type":"multiple_choice","position":1,"required":true,"title_format":"label","default":"","description_enable":false,"description":"","placeholder_enable":false,"placeholder":"","display":"select","restrictions_type":"any_text","adjust_price":false,"price":"","price_type":"flat_fee","restrictions":false,"min":"0","max":"0","options":[{"label":"160cm | 3 fronty","price":"","price_type":"quantity_based","image":0,"visibility":true},{"label":"180cm | 3 fronty","price":"600","price_type":"quantity_based","image":0,"visibility":true},{"label":"200cm | 3 fronty","price":"1200","price_type":"quantity_based","image":0,"visibility":true},{"label":"220cm | 4 fronty","price":"1800","price_type":"quantity_based","image":0,"visibility":true},{"label":"240cm | 4 fronty","price":"2200","price_type":"quantity_based","image":0,"visibility":true},{"label":"260cm | 4 fronty","price":"3000","price_type":"quantity_based","image":0,"visibility":true},{"label":"280cm |\u00a04 fronty","price":"3800","price_type":"quantity_based","image":0,"visibility":true}],"id":1747601798},{"name":"G\u0142\u0119boko\u015b\u0107","type":"multiple_choice","position":2,"required":true,"title_format":"label","default":"","description_enable":false,"description":"","placeholder_enable":false,"placeholder":"","display":"select","restrictions_type":"any_text","adjust_price":false,"price":"","price_type":"flat_fee","restrictions":false,"min":"0","max":"0","options":[{"label":"35cm","price":"","price_type":"quantity_based","image":0,"visibility":true},{"label":"42cm","price":"400","price_type":"quantity_based","image":0,"visibility":true}],"id":1747601799},{"name":"Wysoko\u015b\u0107","type":"multiple_choice","position":3,"required":true,"title_format":"label","default":"","description_enable":false,"description":"","placeholder_enable":false,"placeholder":"","display":"select","restrictions_type":"any_text","adjust_price":false,"price":"","price_type":"flat_fee","restrictions":false,"min":"0","max":"0","options":[{"label":"30cm","price":"","price_type":"quantity_based","image":0,"visibility":true},{"label":"40cm","price":"500","price_type":"quantity_based","image":0,"visibility":true}],"id":1747601800},{"name":"Wybarwienie drewna","type":"multiple_choice","position":4,"required":true,"title_format":"label","default":"","description_enable":true,"description":"Ka\u017cdy kolor na meblu jest pokryty lakierem, co oznacza, \u017ce nie wymaga on \u017cadnej konserwacji. Lakier zapewnia solidn\u0105 ochron\u0119, minimalizuj\u0105c potrzeb\u0119 regularnej piel\u0119gnacji, dzi\u0119ki czemu szafka mo\u017ce zachowa\u0107 sw\u00f3j pi\u0119kny wygl\u0105d bez dodatkowego wysi\u0142ku.\r\nWykonany z litego d\u0119bu lub orzecha w\u0142oskiego.","placeholder_enable":false,"placeholder":"","display":"patterns","restrictions_type":"any_text","adjust_price":false,"price":"","price_type":"flat_fee","restrictions":false,"min":"0","max":"0","options":[{"label":"7589","price":"","price_type":"quantity_based","image":0,"visibility":true},{"label":"14159","price":"50","price_type":"percentage_based","image":0,"visibility":true}],"id":1747601801},{"name":"\u0141adowarka bezprzewodowa do telefonu kom\u00f3rkowego","type":"multiple_choice","position":5,"required":true,"title_format":"label","default":"","description_enable":true,"description":"Z bezprzewodow\u0105 \u0142adowark\u0105 wystarczy umie\u015bci\u0107 kompatybilny telefon na \u0142adowarce, a zacznie si\u0119 \u0142adowa\u0107 natychmiast.","placeholder_enable":false,"placeholder":"","display":"select","restrictions_type":"any_text","adjust_price":false,"price":"","price_type":"flat_fee","restrictions":false,"min":"0","max":"0","options":[{"label":"Nie","price":"","price_type":"quantity_based","image":0,"visibility":true},{"label":"Tak","price":"300","price_type":"quantity_based","image":0,"visibility":true}],"id":1747601802},{"name":"\u015awiat\u0142o LED z funkcj\u0105 regulacji jasno\u015bci","type":"multiple_choice","position":6,"required":true,"title_format":"label","default":"","description_enable":true,"description":"Zintegrowany profil LED zosta\u0142 zamontowany w dolnej cz\u0119\u015bci blatu, aby stworzy\u0107 efektowne po\u015brednie \u015bwiat\u0142o.\r\nUkryty prze\u0142\u0105cznik znajduje si\u0119 na g\u00f3rnej p\u0142ycie.\r\nKolor: Ciep\u0142y bia\u0142y (3000K)","placeholder_enable":false,"placeholder":"","display":"select","restrictions_type":"any_text","adjust_price":false,"price":"","price_type":"flat_fee","restrictions":false,"min":"0","max":"0","options":[{"label":"Nie","price":"","price_type":"quantity_based","image":0,"visibility":true},{"label":"Tak | Tylko w wersji podwieszanej","price":"380","price_type":"quantity_based","image":0,"visibility":true}],"id":1747601803},{"name":"Kudde variant","type":"multiple_choice","position":0,"required":true,"title_format":"label","default":"","description_enable":false,"description":"","placeholder_enable":false,"placeholder":"","display":"select","restrictions_type":"any_text","adjust_price":false,"price":"","price_type":"flat_fee","restrictions":false,"min":"0","max":"0","options":[{"label":"Kuba","price":"","price_type":"quantity_based","image":0,"visibility":true},{"label":"Haiti","price":"","price_type":"quantity_based","image":0,"visibility":true},{"label":"Barbados","price":"","price_type":"quantity_based","image":0,"visibility":true},{"label":"Aruba","price":"","price_type":"quantity_based","image":0,"visibility":true}]}],"acf":[],"yoast_head":"<!-- This site is optimized with the Yoast SEO plugin v26.8 - https:\/\/yoast.com\/product\/yoast-seo-wordpress\/ -->\n<title>Zaokr\u0105glona szafka RTV BETA z IR - lity d\u0105b - konkret.store<\/title>\n<meta name=\"description\" content=\"Szafka RTV BETA zosta\u0142a wykonana z litego d\u0119bu i stanowi stylowe oraz praktyczne rozwi\u0105zanie do przechowywania sprz\u0119tu multimedialnego. Dzi\u0119ki ponadczasowemu designowi i czterem funkcjonalnym drzwiom mebel ten doskonale wpisuje si\u0119 w nowoczesne wn\u0119trza. Naturalna struktura drewna i proste linie tworz\u0105 harmonijny wygl\u0105d, kt\u00f3ry \u0142\u0105czy estetyk\u0119 z funkcjonalno\u015bci\u0105.\" \/>\n<meta name=\"robots\" content=\"index, follow, max-snippet:-1, max-image-preview:large, max-video-preview:-1\" \/>\n<link rel=\"canonical\" href=\"https:\/\/konkret.store\/pl\/produkt\/zaokraglona-szafka-rtv-beta-lity-dab\/\" \/>\n<meta property=\"og:locale\" content=\"pl_PL\" \/>\n<meta property=\"og:type\" content=\"article\" \/>\n<meta property=\"og:title\" content=\"Zaokr\u0105glona szafka RTV BETA z IR - lity d\u0105b - konkret.store\" \/>\n<meta property=\"og:description\" content=\"Szafka RTV BETA zosta\u0142a wykonana z litego d\u0119bu i stanowi stylowe oraz praktyczne rozwi\u0105zanie do przechowywania sprz\u0119tu multimedialnego. Dzi\u0119ki ponadczasowemu designowi i czterem funkcjonalnym drzwiom mebel ten doskonale wpisuje si\u0119 w nowoczesne wn\u0119trza. Naturalna struktura drewna i proste linie tworz\u0105 harmonijny wygl\u0105d, kt\u00f3ry \u0142\u0105czy estetyk\u0119 z funkcjonalno\u015bci\u0105.\" \/>\n<meta property=\"og:url\" content=\"https:\/\/konkret.store\/pl\/produkt\/zaokraglona-szafka-rtv-beta-lity-dab\/\" \/>\n<meta property=\"og:site_name\" content=\"konkret.store\" \/>\n<meta property=\"article:publisher\" content=\"https:\/\/facebook.com\/konkret.store\/\" \/>\n<meta property=\"article:modified_time\" content=\"2026-03-07T22:18:33+00:00\" \/>\n<meta property=\"og:image\" content=\"https:\/\/konkret.store\/app\/uploads\/2025\/05\/california.png\" \/>\n\t<meta property=\"og:image:width\" content=\"1200\" \/>\n\t<meta property=\"og:image:height\" content=\"1200\" \/>\n\t<meta property=\"og:image:type\" content=\"image\/png\" \/>\n<meta name=\"twitter:card\" content=\"summary_large_image\" \/>\n<meta name=\"twitter:label1\" content=\"Szacowany czas czytania\" \/>\n\t<meta name=\"twitter:data1\" content=\"1 minuta\" \/>\n<script type=\"application\/ld+json\" class=\"yoast-schema-graph\">{\"@context\":\"https:\/\/schema.org\",\"@graph\":[{\"@type\":\"WebPage\",\"@id\":\"https:\/\/konkret.store\/pl\/produkt\/zaokraglona-szafka-rtv-beta-lity-dab\/\",\"url\":\"https:\/\/konkret.store\/pl\/produkt\/zaokraglona-szafka-rtv-beta-lity-dab\/\",\"name\":\"Zaokr\u0105glona szafka RTV BETA z IR - lity d\u0105b - konkret.store\",\"isPartOf\":{\"@id\":\"https:\/\/konkret.store\/pl\/#website\"},\"primaryImageOfPage\":{\"@id\":\"https:\/\/konkret.store\/pl\/produkt\/zaokraglona-szafka-rtv-beta-lity-dab\/#primaryimage\"},\"image\":{\"@id\":\"https:\/\/konkret.store\/pl\/produkt\/zaokraglona-szafka-rtv-beta-lity-dab\/#primaryimage\"},\"thumbnailUrl\":\"https:\/\/konkret.store\/app\/uploads\/2025\/05\/california.png\",\"datePublished\":\"2025-05-18T19:32:16+00:00\",\"dateModified\":\"2026-03-07T22:18:33+00:00\",\"description\":\"Szafka RTV BETA zosta\u0142a wykonana z litego d\u0119bu i stanowi stylowe oraz praktyczne rozwi\u0105zanie do przechowywania sprz\u0119tu multimedialnego. Dzi\u0119ki ponadczasowemu designowi i czterem funkcjonalnym drzwiom mebel ten doskonale wpisuje si\u0119 w nowoczesne wn\u0119trza. Naturalna struktura drewna i proste linie tworz\u0105 harmonijny wygl\u0105d, kt\u00f3ry \u0142\u0105czy estetyk\u0119 z funkcjonalno\u015bci\u0105.\",\"breadcrumb\":{\"@id\":\"https:\/\/konkret.store\/pl\/produkt\/zaokraglona-szafka-rtv-beta-lity-dab\/#breadcrumb\"},\"inLanguage\":\"pl-PL\",\"potentialAction\":[{\"@type\":\"ReadAction\",\"target\":[\"https:\/\/konkret.store\/pl\/produkt\/zaokraglona-szafka-rtv-beta-lity-dab\/\"]}]},{\"@type\":\"ImageObject\",\"inLanguage\":\"pl-PL\",\"@id\":\"https:\/\/konkret.store\/pl\/produkt\/zaokraglona-szafka-rtv-beta-lity-dab\/#primaryimage\",\"url\":\"https:\/\/konkret.store\/app\/uploads\/2025\/05\/california.png\",\"contentUrl\":\"https:\/\/konkret.store\/app\/uploads\/2025\/05\/california.png\",\"width\":1200,\"height\":1200},{\"@type\":\"BreadcrumbList\",\"@id\":\"https:\/\/konkret.store\/pl\/produkt\/zaokraglona-szafka-rtv-beta-lity-dab\/#breadcrumb\",\"itemListElement\":[{\"@type\":\"ListItem\",\"position\":1,\"name\":\"Strona g\u0142\u00f3wna\",\"item\":\"https:\/\/konkret.store\/pl\/\"},{\"@type\":\"ListItem\",\"position\":2,\"name\":\"Shop\",\"item\":\"https:\/\/konkret.store\/shop\/\"},{\"@type\":\"ListItem\",\"position\":3,\"name\":\"Zaokr\u0105glona szafka RTV BETA z IR &#8211; lity d\u0105b\"}]},{\"@type\":\"WebSite\",\"@id\":\"https:\/\/konkret.store\/pl\/#website\",\"url\":\"https:\/\/konkret.store\/pl\/\",\"name\":\"konkret.store\",\"description\":\"Tylko konkrety\",\"potentialAction\":[{\"@type\":\"SearchAction\",\"target\":{\"@type\":\"EntryPoint\",\"urlTemplate\":\"https:\/\/konkret.store\/pl\/?s={search_term_string}\"},\"query-input\":{\"@type\":\"PropertyValueSpecification\",\"valueRequired\":true,\"valueName\":\"search_term_string\"}}],\"inLanguage\":\"pl-PL\"}]}<\/script>\n<!-- \/ Yoast SEO plugin. -->","yoast_head_json":{"title":"Zaokr\u0105glona szafka RTV BETA z IR - lity d\u0105b - konkret.store","description":"Szafka RTV BETA zosta\u0142a wykonana z litego d\u0119bu i stanowi stylowe oraz praktyczne rozwi\u0105zanie do przechowywania sprz\u0119tu multimedialnego. Dzi\u0119ki ponadczasowemu designowi i czterem funkcjonalnym drzwiom mebel ten doskonale wpisuje si\u0119 w nowoczesne wn\u0119trza. Naturalna struktura drewna i proste linie tworz\u0105 harmonijny wygl\u0105d, kt\u00f3ry \u0142\u0105czy estetyk\u0119 z funkcjonalno\u015bci\u0105.","robots":{"index":"index","follow":"follow","max-snippet":"max-snippet:-1","max-image-preview":"max-image-preview:large","max-video-preview":"max-video-preview:-1"},"canonical":"https:\/\/konkret.store\/pl\/produkt\/zaokraglona-szafka-rtv-beta-lity-dab\/","og_locale":"pl_PL","og_type":"article","og_title":"Zaokr\u0105glona szafka RTV BETA z IR - lity d\u0105b - konkret.store","og_description":"Szafka RTV BETA zosta\u0142a wykonana z litego d\u0119bu i stanowi stylowe oraz praktyczne rozwi\u0105zanie do przechowywania sprz\u0119tu multimedialnego. Dzi\u0119ki ponadczasowemu designowi i czterem funkcjonalnym drzwiom mebel ten doskonale wpisuje si\u0119 w nowoczesne wn\u0119trza. Naturalna struktura drewna i proste linie tworz\u0105 harmonijny wygl\u0105d, kt\u00f3ry \u0142\u0105czy estetyk\u0119 z funkcjonalno\u015bci\u0105.","og_url":"https:\/\/konkret.store\/pl\/produkt\/zaokraglona-szafka-rtv-beta-lity-dab\/","og_site_name":"konkret.store","article_publisher":"https:\/\/facebook.com\/konkret.store\/","article_modified_time":"2026-03-07T22:18:33+00:00","og_image":[{"width":1200,"height":1200,"url":"https:\/\/konkret.store\/app\/uploads\/2025\/05\/california.png","type":"image\/png"}],"twitter_card":"summary_large_image","twitter_misc":{"Szacowany czas czytania":"1 minuta"},"schema":{"@context":"https:\/\/schema.org","@graph":[{"@type":"WebPage","@id":"https:\/\/konkret.store\/pl\/produkt\/zaokraglona-szafka-rtv-beta-lity-dab\/","url":"https:\/\/konkret.store\/pl\/produkt\/zaokraglona-szafka-rtv-beta-lity-dab\/","name":"Zaokr\u0105glona szafka RTV BETA z IR - lity d\u0105b - konkret.store","isPartOf":{"@id":"https:\/\/konkret.store\/pl\/#website"},"primaryImageOfPage":{"@id":"https:\/\/konkret.store\/pl\/produkt\/zaokraglona-szafka-rtv-beta-lity-dab\/#primaryimage"},"image":{"@id":"https:\/\/konkret.store\/pl\/produkt\/zaokraglona-szafka-rtv-beta-lity-dab\/#primaryimage"},"thumbnailUrl":"https:\/\/konkret.store\/app\/uploads\/2025\/05\/california.png","datePublished":"2025-05-18T19:32:16+00:00","dateModified":"2026-03-07T22:18:33+00:00","description":"Szafka RTV BETA zosta\u0142a wykonana z litego d\u0119bu i stanowi stylowe oraz praktyczne rozwi\u0105zanie do przechowywania sprz\u0119tu multimedialnego. Dzi\u0119ki ponadczasowemu designowi i czterem funkcjonalnym drzwiom mebel ten doskonale wpisuje si\u0119 w nowoczesne wn\u0119trza. Naturalna struktura drewna i proste linie tworz\u0105 harmonijny wygl\u0105d, kt\u00f3ry \u0142\u0105czy estetyk\u0119 z funkcjonalno\u015bci\u0105.","breadcrumb":{"@id":"https:\/\/konkret.store\/pl\/produkt\/zaokraglona-szafka-rtv-beta-lity-dab\/#breadcrumb"},"inLanguage":"pl-PL","potentialAction":[{"@type":"ReadAction","target":["https:\/\/konkret.store\/pl\/produkt\/zaokraglona-szafka-rtv-beta-lity-dab\/"]}]},{"@type":"ImageObject","inLanguage":"pl-PL","@id":"https:\/\/konkret.store\/pl\/produkt\/zaokraglona-szafka-rtv-beta-lity-dab\/#primaryimage","url":"https:\/\/konkret.store\/app\/uploads\/2025\/05\/california.png","contentUrl":"https:\/\/konkret.store\/app\/uploads\/2025\/05\/california.png","width":1200,"height":1200},{"@type":"BreadcrumbList","@id":"https:\/\/konkret.store\/pl\/produkt\/zaokraglona-szafka-rtv-beta-lity-dab\/#breadcrumb","itemListElement":[{"@type":"ListItem","position":1,"name":"Strona g\u0142\u00f3wna","item":"https:\/\/konkret.store\/pl\/"},{"@type":"ListItem","position":2,"name":"Shop","item":"https:\/\/konkret.store\/shop\/"},{"@type":"ListItem","position":3,"name":"Zaokr\u0105glona szafka RTV BETA z IR &#8211; lity d\u0105b"}]},{"@type":"WebSite","@id":"https:\/\/konkret.store\/pl\/#website","url":"https:\/\/konkret.store\/pl\/","name":"konkret.store","description":"Tylko konkrety","potentialAction":[{"@type":"SearchAction","target":{"@type":"EntryPoint","urlTemplate":"https:\/\/konkret.store\/pl\/?s={search_term_string}"},"query-input":{"@type":"PropertyValueSpecification","valueRequired":true,"valueName":"search_term_string"}}],"inLanguage":"pl-PL"}]}},"_links":{"self":[{"href":"https:\/\/konkret.store\/pl\/wp-json\/wp\/v2\/product\/24848","targetHints":{"allow":["GET"]}}],"collection":[{"href":"https:\/\/konkret.store\/pl\/wp-json\/wp\/v2\/product"}],"about":[{"href":"https:\/\/konkret.store\/pl\/wp-json\/wp\/v2\/types\/product"}],"wp:featuredmedia":[{"embeddable":true,"href":"https:\/\/konkret.store\/pl\/wp-json\/wp\/v2\/media\/25089"}],"wp:attachment":[{"href":"https:\/\/konkret.store\/pl\/wp-json\/wp\/v2\/media?parent=24848"}],"wp:term":[{"taxonomy":"product_brand","embeddable":true,"href":"https:\/\/konkret.store\/pl\/wp-json\/wp\/v2\/product_brand?post=24848"},{"taxonomy":"product_cat","embeddable":true,"href":"https:\/\/konkret.store\/pl\/wp-json\/wp\/v2\/product_cat?post=24848"},{"taxonomy":"product_tag","embeddable":true,"href":"https:\/\/konkret.store\/pl\/wp-json\/wp\/v2\/product_tag?post=24848"}],"curies":[{"name":"wp","href":"https:\/\/api.w.org\/{rel}","templated":true}]}}