{"id":24935,"date":"2025-07-11T22:39:06","date_gmt":"2025-07-11T21:39:06","guid":{"rendered":"https:\/\/konkret.store\/?post_type=product&#038;p=24935"},"modified":"2025-07-11T23:04:04","modified_gmt":"2025-07-11T22:04:04","slug":"stolik-kawowy-kalisto-lity-dab","status":"publish","type":"product","link":"https:\/\/konkret.store\/pl\/produkt\/stolik-kawowy-kalisto-lity-dab\/","title":{"rendered":"Stolik kawowy KALISTO &#8211; lity d\u0105b"},"content":{"rendered":"<section class=\"image-text\">\n  <div class=\"container\">\n    <div class=\"row align-items-center\">\n      <div class=\"col-lg-6  offset-lg-1  image-text--right\">\n        <div class=\"image-text__image\">\n          <img loading=\"lazy\" decoding=\"async\" width=\"1600\" height=\"1066\" src=\"https:\/\/konkret.store\/app\/uploads\/2025\/07\/stolik-kawowy-kalisto-2.jpg\" class=\"attachment-full size-full\" alt=\"\" srcset=\"https:\/\/konkret.store\/app\/uploads\/2025\/07\/stolik-kawowy-kalisto-2.jpg 1600w, https:\/\/konkret.store\/app\/uploads\/2025\/07\/stolik-kawowy-kalisto-2-300x200.jpg 300w, https:\/\/konkret.store\/app\/uploads\/2025\/07\/stolik-kawowy-kalisto-2-1024x682.jpg 1024w, https:\/\/konkret.store\/app\/uploads\/2025\/07\/stolik-kawowy-kalisto-2-768x512.jpg 768w, https:\/\/konkret.store\/app\/uploads\/2025\/07\/stolik-kawowy-kalisto-2-1536x1023.jpg 1536w, https:\/\/konkret.store\/app\/uploads\/2025\/07\/stolik-kawowy-kalisto-2-610x406.jpg 610w, https:\/\/konkret.store\/app\/uploads\/2025\/07\/stolik-kawowy-kalisto-2-64x43.jpg 64w\" sizes=\"auto, (max-width: 1600px) 100vw, 1600px\" \/>        <\/div>\n      <\/div>\n      <div class=\"col-lg-5 \">\n                <h2><\/h2>\n        <div class=\"image-text__text\">\n          <p>Kalisto to stolik zaprojektowany z my\u015bl\u0105 o nowoczesnych wn\u0119trzach w kt\u00f3rych panuje naturalny klimat prze\u0142amany ciep\u0142em drewna.<\/p>\n<p>Stolik kawowy doskonale komponuje si\u0119 z nasz\u0105 kolekcj\u0105 VEGA \u2013 razem tworz\u0105 sp\u00f3jn\u0105 i stylow\u0105 ca\u0142o\u015b\u0107.<\/p>\n<p><img loading=\"lazy\" decoding=\"async\" class=\"alignnone size-medium wp-image-24944\" src=\"https:\/\/konkret.store\/app\/uploads\/2025\/07\/kalisto-300x300.png\" alt=\"\" width=\"300\" height=\"300\" srcset=\"https:\/\/konkret.store\/app\/uploads\/2025\/07\/kalisto-300x300.png 300w, https:\/\/konkret.store\/app\/uploads\/2025\/07\/kalisto-768x768.png 768w, https:\/\/konkret.store\/app\/uploads\/2025\/07\/kalisto-610x610.png 610w, https:\/\/konkret.store\/app\/uploads\/2025\/07\/kalisto-100x100.png 100w, https:\/\/konkret.store\/app\/uploads\/2025\/07\/kalisto-32x32.png 32w, https:\/\/konkret.store\/app\/uploads\/2025\/07\/kalisto-64x64.png 64w, https:\/\/konkret.store\/app\/uploads\/2025\/07\/kalisto.png 800w\" sizes=\"auto, (max-width: 300px) 100vw, 300px\" \/><\/p>\n        <\/div>\n              <\/div>\n    <\/div>\n  <\/div>\n<\/section>\n","protected":false},"excerpt":{"rendered":"<p><strong>Okr\u0105g\u0142y stolik kawowy Kalisto wykonany jest w ca\u0142o\u015bci z litego drewna, bez wyj\u0105tk\u00f3w. <\/strong><br \/>\nSwobodna i estetyczna forma okr\u0105g\u0142ego blatu podkre\u015bla materia\u0142 wykonania jakim jest lite drewno.<\/p>\n<p>Produkowana z drewna FSC\u00a0\u00a0<a href=\"https:\/\/pl.fsc.org\/pl-pl\/sprawdz-i-znajdz-certyfikat\"><img loading=\"lazy\" decoding=\"async\" class=\"alignnone wp-image-11268 lazyloaded\" src=\"https:\/\/konkret.store\/app\/uploads\/2023\/02\/Forest_Stewardship_Council_logo-251x300.png\" alt=\"\" width=\"32\" height=\"38\" data-src=\"https:\/\/konkret.store\/app\/uploads\/2023\/02\/Forest_Stewardship_Council_logo-251x300.png\" srcset=\"https:\/\/konkret.store\/app\/uploads\/2023\/02\/Forest_Stewardship_Council_logo-251x300.png 251w, https:\/\/konkret.store\/app\/uploads\/2023\/02\/Forest_Stewardship_Council_logo-855x1024.png 855w, https:\/\/konkret.store\/app\/uploads\/2023\/02\/Forest_Stewardship_Council_logo-768x920.png 768w, https:\/\/konkret.store\/app\/uploads\/2023\/02\/Forest_Stewardship_Council_logo-610x730.png 610w, https:\/\/konkret.store\/app\/uploads\/2023\/02\/Forest_Stewardship_Council_logo-64x77.png 64w, https:\/\/konkret.store\/app\/uploads\/2023\/02\/Forest_Stewardship_Council_logo.png 1200w\" sizes=\"auto, (max-width: 32px) 100vw, 32px\" \/><\/a><\/p>\n<hr \/>\n<p>Nie jeste\u015b pewien, kt\u00f3re wybarwienie wybra\u0107? Zam\u00f3w je <strong><a href=\"https:\/\/konkret.store\/pl\/produkt\/probki-drewna\/\">tutaj<\/a><\/strong>, aby otrzyma\u0107 pr\u00f3bki kolor\u00f3w.<\/p>\n","protected":false},"featured_media":24941,"template":"","meta":{"_acf_changed":true},"product_brand":[],"product_cat":[40],"product_tag":[],"class_list":{"0":"post-24935","1":"product","2":"type-product","3":"status-publish","4":"has-post-thumbnail","6":"product_cat-konkrety","8":"first","9":"onbackorder","10":"taxable","11":"shipping-taxable","12":"purchasable","13":"product-type-simple"},"exclude_global_add_ons":false,"addons":[{"name":"Wybarwienie drewna","type":"multiple_choice","position":0,"required":true,"title_format":"label","default":"","description_enable":true,"description":"Ka\u017cdy kolor na meblu jest pokryty lakierem, co oznacza, \u017ce nie wymaga on \u017cadnej konserwacji. Lakier zapewnia solidn\u0105 ochron\u0119, minimalizuj\u0105c potrzeb\u0119 regularnej piel\u0119gnacji, dzi\u0119ki czemu szafka mo\u017ce zachowa\u0107 sw\u00f3j pi\u0119kny wygl\u0105d bez dodatkowego wysi\u0142ku.\r\nWykonany z litego d\u0119bu lub orzecha w\u0142oskiego.","placeholder_enable":false,"placeholder":"","display":"patterns","restrictions_type":"any_text","adjust_price":false,"price":"","price_type":"flat_fee","restrictions":false,"min":"0","max":"0","options":[{"label":"7589","price":"","price_type":"quantity_based","image":0,"visibility":true},{"label":"14159","price":"50","price_type":"percentage_based","image":0,"visibility":true}],"id":1752275044},{"name":"\u015arednica","type":"multiple_choice","position":1,"required":true,"title_format":"label","default":"","description_enable":false,"description":"","placeholder_enable":false,"placeholder":"","display":"select","restrictions_type":"any_text","adjust_price":false,"price":"","price_type":"flat_fee","restrictions":false,"min":"0","max":"0","options":[{"label":"\u00d860cm","price":"","price_type":"quantity_based","image":0,"visibility":true},{"label":"\u00d870cm","price":"200","price_type":"quantity_based","image":0,"visibility":true},{"label":"\u00d880cm","price":"400","price_type":"quantity_based","image":0,"visibility":true},{"label":"\u00d890cm","price":"600","price_type":"quantity_based","image":0,"visibility":true},{"label":"\u00d8100cm","price":"800","price_type":"quantity_based","image":0,"visibility":true}],"id":1752275045},{"name":"Wysoko\u015b\u0107","type":"multiple_choice","position":2,"required":true,"title_format":"label","default":"","description_enable":false,"description":"","placeholder_enable":false,"placeholder":"","display":"select","restrictions_type":"any_text","adjust_price":false,"price":"","price_type":"flat_fee","restrictions":false,"min":"0","max":"0","options":[{"label":"40cm","price":"","price_type":"quantity_based","image":0,"visibility":true},{"label":"45cm","price":"100","price_type":"quantity_based","image":0,"visibility":true},{"label":"50cm","price":"200","price_type":"quantity_based","image":0,"visibility":true}],"id":1752275046},{"name":"Kudde variant","type":"multiple_choice","position":0,"required":true,"title_format":"label","default":"","description_enable":false,"description":"","placeholder_enable":false,"placeholder":"","display":"select","restrictions_type":"any_text","adjust_price":false,"price":"","price_type":"flat_fee","restrictions":false,"min":"0","max":"0","options":[{"label":"Kuba","price":"","price_type":"quantity_based","image":0,"visibility":true},{"label":"Haiti","price":"","price_type":"quantity_based","image":0,"visibility":true},{"label":"Barbados","price":"","price_type":"quantity_based","image":0,"visibility":true},{"label":"Aruba","price":"","price_type":"quantity_based","image":0,"visibility":true}]}],"acf":[],"yoast_head":"<!-- This site is optimized with the Yoast SEO plugin v26.8 - https:\/\/yoast.com\/product\/yoast-seo-wordpress\/ -->\n<title>Stolik kawowy KALISTO - lity d\u0105b - konkret.store<\/title>\n<meta name=\"description\" content=\"Okr\u0105g\u0142y stolik kawowy Kalisto wykonany jest w ca\u0142o\u015bci z litego drewna, bez wyj\u0105tk\u00f3w. Swobodna i estetyczna forma okr\u0105g\u0142ego blatu podkre\u015bla materia\u0142 wykonania jakim jest lite drewno.\" \/>\n<meta name=\"robots\" content=\"index, follow, max-snippet:-1, max-image-preview:large, max-video-preview:-1\" \/>\n<link rel=\"canonical\" href=\"https:\/\/konkret.store\/pl\/produkt\/stolik-kawowy-kalisto-lity-dab\/\" \/>\n<meta property=\"og:locale\" content=\"pl_PL\" \/>\n<meta property=\"og:type\" content=\"article\" \/>\n<meta property=\"og:title\" content=\"Stolik kawowy KALISTO - lity d\u0105b - konkret.store\" \/>\n<meta property=\"og:description\" content=\"Okr\u0105g\u0142y stolik kawowy Kalisto wykonany jest w ca\u0142o\u015bci z litego drewna, bez wyj\u0105tk\u00f3w. Swobodna i estetyczna forma okr\u0105g\u0142ego blatu podkre\u015bla materia\u0142 wykonania jakim jest lite drewno.\" \/>\n<meta property=\"og:url\" content=\"https:\/\/konkret.store\/pl\/produkt\/stolik-kawowy-kalisto-lity-dab\/\" \/>\n<meta property=\"og:site_name\" content=\"konkret.store\" \/>\n<meta property=\"article:publisher\" content=\"https:\/\/facebook.com\/konkret.store\/\" \/>\n<meta property=\"article:modified_time\" content=\"2025-07-11T22:04:04+00:00\" \/>\n<meta property=\"og:image\" content=\"https:\/\/konkret.store\/app\/uploads\/2025\/07\/Kalisto-removebg.png\" \/>\n\t<meta property=\"og:image:width\" content=\"652\" \/>\n\t<meta property=\"og:image:height\" content=\"650\" \/>\n\t<meta property=\"og:image:type\" content=\"image\/png\" \/>\n<meta name=\"twitter:card\" content=\"summary_large_image\" \/>\n<meta name=\"twitter:label1\" content=\"Szacowany czas czytania\" \/>\n\t<meta name=\"twitter:data1\" content=\"1 minuta\" \/>\n<script type=\"application\/ld+json\" class=\"yoast-schema-graph\">{\"@context\":\"https:\/\/schema.org\",\"@graph\":[{\"@type\":\"WebPage\",\"@id\":\"https:\/\/konkret.store\/pl\/produkt\/stolik-kawowy-kalisto-lity-dab\/\",\"url\":\"https:\/\/konkret.store\/pl\/produkt\/stolik-kawowy-kalisto-lity-dab\/\",\"name\":\"Stolik kawowy KALISTO - lity d\u0105b - konkret.store\",\"isPartOf\":{\"@id\":\"https:\/\/konkret.store\/pl\/#website\"},\"primaryImageOfPage\":{\"@id\":\"https:\/\/konkret.store\/pl\/produkt\/stolik-kawowy-kalisto-lity-dab\/#primaryimage\"},\"image\":{\"@id\":\"https:\/\/konkret.store\/pl\/produkt\/stolik-kawowy-kalisto-lity-dab\/#primaryimage\"},\"thumbnailUrl\":\"https:\/\/konkret.store\/app\/uploads\/2025\/07\/Kalisto-removebg.png\",\"datePublished\":\"2025-07-11T21:39:06+00:00\",\"dateModified\":\"2025-07-11T22:04:04+00:00\",\"description\":\"Okr\u0105g\u0142y stolik kawowy Kalisto wykonany jest w ca\u0142o\u015bci z litego drewna, bez wyj\u0105tk\u00f3w. Swobodna i estetyczna forma okr\u0105g\u0142ego blatu podkre\u015bla materia\u0142 wykonania jakim jest lite drewno.\",\"breadcrumb\":{\"@id\":\"https:\/\/konkret.store\/pl\/produkt\/stolik-kawowy-kalisto-lity-dab\/#breadcrumb\"},\"inLanguage\":\"pl-PL\",\"potentialAction\":[{\"@type\":\"ReadAction\",\"target\":[\"https:\/\/konkret.store\/pl\/produkt\/stolik-kawowy-kalisto-lity-dab\/\"]}]},{\"@type\":\"ImageObject\",\"inLanguage\":\"pl-PL\",\"@id\":\"https:\/\/konkret.store\/pl\/produkt\/stolik-kawowy-kalisto-lity-dab\/#primaryimage\",\"url\":\"https:\/\/konkret.store\/app\/uploads\/2025\/07\/Kalisto-removebg.png\",\"contentUrl\":\"https:\/\/konkret.store\/app\/uploads\/2025\/07\/Kalisto-removebg.png\",\"width\":652,\"height\":650},{\"@type\":\"BreadcrumbList\",\"@id\":\"https:\/\/konkret.store\/pl\/produkt\/stolik-kawowy-kalisto-lity-dab\/#breadcrumb\",\"itemListElement\":[{\"@type\":\"ListItem\",\"position\":1,\"name\":\"Strona g\u0142\u00f3wna\",\"item\":\"https:\/\/konkret.store\/pl\/\"},{\"@type\":\"ListItem\",\"position\":2,\"name\":\"Shop\",\"item\":\"https:\/\/konkret.store\/shop\/\"},{\"@type\":\"ListItem\",\"position\":3,\"name\":\"Stolik kawowy KALISTO &#8211; lity d\u0105b\"}]},{\"@type\":\"WebSite\",\"@id\":\"https:\/\/konkret.store\/pl\/#website\",\"url\":\"https:\/\/konkret.store\/pl\/\",\"name\":\"konkret.store\",\"description\":\"Tylko konkrety\",\"potentialAction\":[{\"@type\":\"SearchAction\",\"target\":{\"@type\":\"EntryPoint\",\"urlTemplate\":\"https:\/\/konkret.store\/pl\/?s={search_term_string}\"},\"query-input\":{\"@type\":\"PropertyValueSpecification\",\"valueRequired\":true,\"valueName\":\"search_term_string\"}}],\"inLanguage\":\"pl-PL\"}]}<\/script>\n<!-- \/ Yoast SEO plugin. -->","yoast_head_json":{"title":"Stolik kawowy KALISTO - lity d\u0105b - konkret.store","description":"Okr\u0105g\u0142y stolik kawowy Kalisto wykonany jest w ca\u0142o\u015bci z litego drewna, bez wyj\u0105tk\u00f3w. Swobodna i estetyczna forma okr\u0105g\u0142ego blatu podkre\u015bla materia\u0142 wykonania jakim jest lite drewno.","robots":{"index":"index","follow":"follow","max-snippet":"max-snippet:-1","max-image-preview":"max-image-preview:large","max-video-preview":"max-video-preview:-1"},"canonical":"https:\/\/konkret.store\/pl\/produkt\/stolik-kawowy-kalisto-lity-dab\/","og_locale":"pl_PL","og_type":"article","og_title":"Stolik kawowy KALISTO - lity d\u0105b - konkret.store","og_description":"Okr\u0105g\u0142y stolik kawowy Kalisto wykonany jest w ca\u0142o\u015bci z litego drewna, bez wyj\u0105tk\u00f3w. Swobodna i estetyczna forma okr\u0105g\u0142ego blatu podkre\u015bla materia\u0142 wykonania jakim jest lite drewno.","og_url":"https:\/\/konkret.store\/pl\/produkt\/stolik-kawowy-kalisto-lity-dab\/","og_site_name":"konkret.store","article_publisher":"https:\/\/facebook.com\/konkret.store\/","article_modified_time":"2025-07-11T22:04:04+00:00","og_image":[{"width":652,"height":650,"url":"https:\/\/konkret.store\/app\/uploads\/2025\/07\/Kalisto-removebg.png","type":"image\/png"}],"twitter_card":"summary_large_image","twitter_misc":{"Szacowany czas czytania":"1 minuta"},"schema":{"@context":"https:\/\/schema.org","@graph":[{"@type":"WebPage","@id":"https:\/\/konkret.store\/pl\/produkt\/stolik-kawowy-kalisto-lity-dab\/","url":"https:\/\/konkret.store\/pl\/produkt\/stolik-kawowy-kalisto-lity-dab\/","name":"Stolik kawowy KALISTO - lity d\u0105b - konkret.store","isPartOf":{"@id":"https:\/\/konkret.store\/pl\/#website"},"primaryImageOfPage":{"@id":"https:\/\/konkret.store\/pl\/produkt\/stolik-kawowy-kalisto-lity-dab\/#primaryimage"},"image":{"@id":"https:\/\/konkret.store\/pl\/produkt\/stolik-kawowy-kalisto-lity-dab\/#primaryimage"},"thumbnailUrl":"https:\/\/konkret.store\/app\/uploads\/2025\/07\/Kalisto-removebg.png","datePublished":"2025-07-11T21:39:06+00:00","dateModified":"2025-07-11T22:04:04+00:00","description":"Okr\u0105g\u0142y stolik kawowy Kalisto wykonany jest w ca\u0142o\u015bci z litego drewna, bez wyj\u0105tk\u00f3w. Swobodna i estetyczna forma okr\u0105g\u0142ego blatu podkre\u015bla materia\u0142 wykonania jakim jest lite drewno.","breadcrumb":{"@id":"https:\/\/konkret.store\/pl\/produkt\/stolik-kawowy-kalisto-lity-dab\/#breadcrumb"},"inLanguage":"pl-PL","potentialAction":[{"@type":"ReadAction","target":["https:\/\/konkret.store\/pl\/produkt\/stolik-kawowy-kalisto-lity-dab\/"]}]},{"@type":"ImageObject","inLanguage":"pl-PL","@id":"https:\/\/konkret.store\/pl\/produkt\/stolik-kawowy-kalisto-lity-dab\/#primaryimage","url":"https:\/\/konkret.store\/app\/uploads\/2025\/07\/Kalisto-removebg.png","contentUrl":"https:\/\/konkret.store\/app\/uploads\/2025\/07\/Kalisto-removebg.png","width":652,"height":650},{"@type":"BreadcrumbList","@id":"https:\/\/konkret.store\/pl\/produkt\/stolik-kawowy-kalisto-lity-dab\/#breadcrumb","itemListElement":[{"@type":"ListItem","position":1,"name":"Strona g\u0142\u00f3wna","item":"https:\/\/konkret.store\/pl\/"},{"@type":"ListItem","position":2,"name":"Shop","item":"https:\/\/konkret.store\/shop\/"},{"@type":"ListItem","position":3,"name":"Stolik kawowy KALISTO &#8211; lity d\u0105b"}]},{"@type":"WebSite","@id":"https:\/\/konkret.store\/pl\/#website","url":"https:\/\/konkret.store\/pl\/","name":"konkret.store","description":"Tylko konkrety","potentialAction":[{"@type":"SearchAction","target":{"@type":"EntryPoint","urlTemplate":"https:\/\/konkret.store\/pl\/?s={search_term_string}"},"query-input":{"@type":"PropertyValueSpecification","valueRequired":true,"valueName":"search_term_string"}}],"inLanguage":"pl-PL"}]}},"_links":{"self":[{"href":"https:\/\/konkret.store\/pl\/wp-json\/wp\/v2\/product\/24935","targetHints":{"allow":["GET"]}}],"collection":[{"href":"https:\/\/konkret.store\/pl\/wp-json\/wp\/v2\/product"}],"about":[{"href":"https:\/\/konkret.store\/pl\/wp-json\/wp\/v2\/types\/product"}],"wp:featuredmedia":[{"embeddable":true,"href":"https:\/\/konkret.store\/pl\/wp-json\/wp\/v2\/media\/24941"}],"wp:attachment":[{"href":"https:\/\/konkret.store\/pl\/wp-json\/wp\/v2\/media?parent=24935"}],"wp:term":[{"taxonomy":"product_brand","embeddable":true,"href":"https:\/\/konkret.store\/pl\/wp-json\/wp\/v2\/product_brand?post=24935"},{"taxonomy":"product_cat","embeddable":true,"href":"https:\/\/konkret.store\/pl\/wp-json\/wp\/v2\/product_cat?post=24935"},{"taxonomy":"product_tag","embeddable":true,"href":"https:\/\/konkret.store\/pl\/wp-json\/wp\/v2\/product_tag?post=24935"}],"curies":[{"name":"wp","href":"https:\/\/api.w.org\/{rel}","templated":true}]}}