{"id":24979,"date":"2025-07-25T22:01:59","date_gmt":"2025-07-25T21:01:59","guid":{"rendered":"https:\/\/konkret.store\/?post_type=product&#038;p=24979"},"modified":"2025-07-29T16:35:18","modified_gmt":"2025-07-29T15:35:18","slug":"regal-jorden-lity-dab","status":"publish","type":"product","link":"https:\/\/konkret.store\/pl\/produkt\/regal-jorden-lity-dab\/","title":{"rendered":"Rega\u0142 JORDEN &#8211; lity d\u0105b"},"content":{"rendered":"<section class=\"image-text\">\n  <div class=\"container\">\n    <div class=\"row align-items-center\">\n      <div class=\"col-lg-6  image-text--left\">\n        <div class=\"image-text__image\">\n          <img loading=\"lazy\" decoding=\"async\" width=\"1280\" height=\"837\" src=\"https:\/\/konkret.store\/app\/uploads\/2025\/07\/regal-jorden-02.jpg\" class=\"attachment-full size-full\" alt=\"\" srcset=\"https:\/\/konkret.store\/app\/uploads\/2025\/07\/regal-jorden-02.jpg 1280w, https:\/\/konkret.store\/app\/uploads\/2025\/07\/regal-jorden-02-300x196.jpg 300w, https:\/\/konkret.store\/app\/uploads\/2025\/07\/regal-jorden-02-1024x670.jpg 1024w, https:\/\/konkret.store\/app\/uploads\/2025\/07\/regal-jorden-02-768x502.jpg 768w, https:\/\/konkret.store\/app\/uploads\/2025\/07\/regal-jorden-02-610x399.jpg 610w, https:\/\/konkret.store\/app\/uploads\/2025\/07\/regal-jorden-02-64x42.jpg 64w\" sizes=\"auto, (max-width: 1280px) 100vw, 1280px\" \/>        <\/div>\n      <\/div>\n      <div class=\"col-lg-5  offset-lg-1 \">\n                <h2><\/h2>\n        <div class=\"image-text__text\">\n          <p>Nowoczesne i lekkie wzornictwo, b\u0119d\u0105ce kontynuacj\u0105, a zarazem uzupe\u0142nieniem serii produkt\u00f3w wykonywanych w ca\u0142o\u015bci z naturalnego drewna.<\/p>\n<p>Na indywidualne zam\u00f3wienie rega\u0142 Jorden dost\u0119pny jest w dodatkowych rozmiarach oraz w innych gatunkach drewna.<\/p>\n<p>\u25b8 Ekskluzywno\u015b\u0107<\/p>\n<p>&nbsp;<\/p>\n        <\/div>\n              <\/div>\n    <\/div>\n  <\/div>\n<\/section>\n","protected":false},"excerpt":{"rendered":"<p>Nasz produkt to idealne miejsce na przechowywanie wszelkiego rodzaju rzeczy, pocz\u0105wszy od pi\u0119knych przedmiot\u00f3w, kt\u00f3re warto eksponowa\u0107, po te niezb\u0119dne, kt\u00f3re zawsze warto mie\u0107 pod r\u0119k\u0105.<\/p>\n<p>Produkowana z drewna FSC\u00a0\u00a0<a href=\"https:\/\/pl.fsc.org\/pl-pl\/sprawdz-i-znajdz-certyfikat\"><img loading=\"lazy\" decoding=\"async\" class=\"alignnone wp-image-11268 lazyloaded\" src=\"https:\/\/konkret.store\/app\/uploads\/2023\/02\/Forest_Stewardship_Council_logo-251x300.png\" alt=\"\" width=\"32\" height=\"38\" data-src=\"https:\/\/konkret.store\/app\/uploads\/2023\/02\/Forest_Stewardship_Council_logo-251x300.png\" srcset=\"https:\/\/konkret.store\/app\/uploads\/2023\/02\/Forest_Stewardship_Council_logo-251x300.png 251w, https:\/\/konkret.store\/app\/uploads\/2023\/02\/Forest_Stewardship_Council_logo-855x1024.png 855w, https:\/\/konkret.store\/app\/uploads\/2023\/02\/Forest_Stewardship_Council_logo-768x920.png 768w, https:\/\/konkret.store\/app\/uploads\/2023\/02\/Forest_Stewardship_Council_logo-610x730.png 610w, https:\/\/konkret.store\/app\/uploads\/2023\/02\/Forest_Stewardship_Council_logo-64x77.png 64w, https:\/\/konkret.store\/app\/uploads\/2023\/02\/Forest_Stewardship_Council_logo.png 1200w\" sizes=\"auto, (max-width: 32px) 100vw, 32px\" \/><\/a><\/p>\n<hr \/>\n<p>Nie jeste\u015b pewien, kt\u00f3re wybarwienie wybra\u0107? Zam\u00f3w je <strong><a href=\"https:\/\/konkret.store\/pl\/produkt\/probki-drewna\/\">tutaj<\/a><\/strong>, aby otrzyma\u0107 pr\u00f3bki kolor\u00f3w.<\/p>\n","protected":false},"featured_media":24997,"template":"","meta":{"_acf_changed":true},"product_brand":[],"product_cat":[40],"product_tag":[],"class_list":{"0":"post-24979","1":"product","2":"type-product","3":"status-publish","4":"has-post-thumbnail","6":"product_cat-konkrety","8":"first","9":"onbackorder","10":"taxable","11":"shipping-taxable","12":"purchasable","13":"product-type-simple"},"exclude_global_add_ons":false,"addons":[{"name":"Rozmiar","type":"multiple_choice","position":0,"required":true,"title_format":"label","default":"","description_enable":false,"description":"","placeholder_enable":false,"placeholder":"","display":"select","restrictions_type":"any_text","adjust_price":false,"price":"","price_type":"flat_fee","restrictions":false,"min":"0","max":"0","options":[{"label":"Szer. 90cm Wys. 120cm","price":"","price_type":"quantity_based","image":0,"visibility":true},{"label":"Szer. 120cm Wys. 120cm","price":"500","price_type":"quantity_based","image":0,"visibility":true},{"label":"Szer. 150cm Wys. 120cm","price":"800","price_type":"quantity_based","image":0,"visibility":true},{"label":"Szer. 150cm Wys. 150cm","price":"1300","price_type":"quantity_based","image":0,"visibility":true},{"label":"Szer. 150cm Wys. 180cm","price":"2000","price_type":"quantity_based","image":0,"visibility":true},{"label":"Szer. 120cm Wys. 210cm","price":"2800","price_type":"quantity_based","image":0,"visibility":true},{"label":"Szer. 150cm Wys. 210cm","price":"3500","price_type":"quantity_based","image":0,"visibility":true}],"id":1744758345},{"name":"G\u0142\u0119boko\u015b\u0107","type":"multiple_choice","position":1,"required":true,"title_format":"label","default":"","description_enable":false,"description":"","placeholder_enable":false,"placeholder":"","display":"select","restrictions_type":"any_text","adjust_price":false,"price":"","price_type":"flat_fee","restrictions":false,"min":"0","max":"0","options":[{"label":"25cm","price":"200","price_type":"quantity_based","image":0,"visibility":true},{"label":"30cm","price":"400","price_type":"quantity_based","image":0,"visibility":true},{"label":"35cm","price":"600","price_type":"quantity_based","image":0,"visibility":true}],"id":1753522137},{"name":"Wybarwienie drewna","type":"multiple_choice","position":2,"required":true,"title_format":"label","default":"","description_enable":true,"description":"Ka\u017cdy kolor na meblu jest pokryty lakierem, co oznacza, \u017ce nie wymaga on \u017cadnej konserwacji. Lakier zapewnia solidn\u0105 ochron\u0119, minimalizuj\u0105c potrzeb\u0119 regularnej piel\u0119gnacji, dzi\u0119ki czemu szafka mo\u017ce zachowa\u0107 sw\u00f3j pi\u0119kny wygl\u0105d bez dodatkowego wysi\u0142ku.\r\nWykonany z litego d\u0119bu lub orzecha w\u0142oskiego.","placeholder_enable":false,"placeholder":"","display":"patterns","restrictions_type":"any_text","adjust_price":false,"price":"","price_type":"flat_fee","restrictions":false,"min":"0","max":"0","options":[{"label":"7589","price":"","price_type":"quantity_based","image":0,"visibility":true},{"label":"14159","price":"50","price_type":"percentage_based","image":0,"visibility":true}],"id":1744758344},{"name":"Kudde variant","type":"multiple_choice","position":0,"required":true,"title_format":"label","default":"","description_enable":false,"description":"","placeholder_enable":false,"placeholder":"","display":"select","restrictions_type":"any_text","adjust_price":false,"price":"","price_type":"flat_fee","restrictions":false,"min":"0","max":"0","options":[{"label":"Kuba","price":"","price_type":"quantity_based","image":0,"visibility":true},{"label":"Haiti","price":"","price_type":"quantity_based","image":0,"visibility":true},{"label":"Barbados","price":"","price_type":"quantity_based","image":0,"visibility":true},{"label":"Aruba","price":"","price_type":"quantity_based","image":0,"visibility":true}]}],"acf":[],"yoast_head":"<!-- This site is optimized with the Yoast SEO plugin v26.8 - https:\/\/yoast.com\/product\/yoast-seo-wordpress\/ -->\n<title>Rega\u0142 JORDEN - lity d\u0105b - konkret.store<\/title>\n<meta name=\"description\" content=\"Nasz produkt to idealne miejsce na przechowywanie wszelkiego rodzaju rzeczy, pocz\u0105wszy od pi\u0119knych przedmiot\u00f3w, kt\u00f3re warto eksponowa\u0107, po te niezb\u0119dne, kt\u00f3re zawsze warto mie\u0107 pod r\u0119k\u0105.\" \/>\n<meta name=\"robots\" content=\"index, follow, max-snippet:-1, max-image-preview:large, max-video-preview:-1\" \/>\n<link rel=\"canonical\" href=\"https:\/\/konkret.store\/pl\/produkt\/regal-jorden-lity-dab\/\" \/>\n<meta property=\"og:locale\" content=\"pl_PL\" \/>\n<meta property=\"og:type\" content=\"article\" \/>\n<meta property=\"og:title\" content=\"Rega\u0142 JORDEN - lity d\u0105b - konkret.store\" \/>\n<meta property=\"og:description\" content=\"Nasz produkt to idealne miejsce na przechowywanie wszelkiego rodzaju rzeczy, pocz\u0105wszy od pi\u0119knych przedmiot\u00f3w, kt\u00f3re warto eksponowa\u0107, po te niezb\u0119dne, kt\u00f3re zawsze warto mie\u0107 pod r\u0119k\u0105.\" \/>\n<meta property=\"og:url\" content=\"https:\/\/konkret.store\/pl\/produkt\/regal-jorden-lity-dab\/\" \/>\n<meta property=\"og:site_name\" content=\"konkret.store\" \/>\n<meta property=\"article:publisher\" content=\"https:\/\/facebook.com\/konkret.store\/\" \/>\n<meta property=\"article:modified_time\" content=\"2025-07-29T15:35:18+00:00\" \/>\n<meta property=\"og:image\" content=\"https:\/\/konkret.store\/app\/uploads\/2025\/07\/regal-jorden-klasyczna-forma-removebg-1.png\" \/>\n\t<meta property=\"og:image:width\" content=\"865\" \/>\n\t<meta property=\"og:image:height\" content=\"868\" \/>\n\t<meta property=\"og:image:type\" content=\"image\/png\" \/>\n<meta name=\"twitter:card\" content=\"summary_large_image\" \/>\n<meta name=\"twitter:label1\" content=\"Szacowany czas czytania\" \/>\n\t<meta name=\"twitter:data1\" content=\"1 minuta\" \/>\n<script type=\"application\/ld+json\" class=\"yoast-schema-graph\">{\"@context\":\"https:\/\/schema.org\",\"@graph\":[{\"@type\":\"WebPage\",\"@id\":\"https:\/\/konkret.store\/pl\/produkt\/regal-jorden-lity-dab\/\",\"url\":\"https:\/\/konkret.store\/pl\/produkt\/regal-jorden-lity-dab\/\",\"name\":\"Rega\u0142 JORDEN - lity d\u0105b - konkret.store\",\"isPartOf\":{\"@id\":\"https:\/\/konkret.store\/pl\/#website\"},\"primaryImageOfPage\":{\"@id\":\"https:\/\/konkret.store\/pl\/produkt\/regal-jorden-lity-dab\/#primaryimage\"},\"image\":{\"@id\":\"https:\/\/konkret.store\/pl\/produkt\/regal-jorden-lity-dab\/#primaryimage\"},\"thumbnailUrl\":\"https:\/\/konkret.store\/app\/uploads\/2025\/07\/regal-jorden-klasyczna-forma-removebg-1.png\",\"datePublished\":\"2025-07-25T21:01:59+00:00\",\"dateModified\":\"2025-07-29T15:35:18+00:00\",\"description\":\"Nasz produkt to idealne miejsce na przechowywanie wszelkiego rodzaju rzeczy, pocz\u0105wszy od pi\u0119knych przedmiot\u00f3w, kt\u00f3re warto eksponowa\u0107, po te niezb\u0119dne, kt\u00f3re zawsze warto mie\u0107 pod r\u0119k\u0105.\",\"breadcrumb\":{\"@id\":\"https:\/\/konkret.store\/pl\/produkt\/regal-jorden-lity-dab\/#breadcrumb\"},\"inLanguage\":\"pl-PL\",\"potentialAction\":[{\"@type\":\"ReadAction\",\"target\":[\"https:\/\/konkret.store\/pl\/produkt\/regal-jorden-lity-dab\/\"]}]},{\"@type\":\"ImageObject\",\"inLanguage\":\"pl-PL\",\"@id\":\"https:\/\/konkret.store\/pl\/produkt\/regal-jorden-lity-dab\/#primaryimage\",\"url\":\"https:\/\/konkret.store\/app\/uploads\/2025\/07\/regal-jorden-klasyczna-forma-removebg-1.png\",\"contentUrl\":\"https:\/\/konkret.store\/app\/uploads\/2025\/07\/regal-jorden-klasyczna-forma-removebg-1.png\",\"width\":865,\"height\":868},{\"@type\":\"BreadcrumbList\",\"@id\":\"https:\/\/konkret.store\/pl\/produkt\/regal-jorden-lity-dab\/#breadcrumb\",\"itemListElement\":[{\"@type\":\"ListItem\",\"position\":1,\"name\":\"Strona g\u0142\u00f3wna\",\"item\":\"https:\/\/konkret.store\/pl\/\"},{\"@type\":\"ListItem\",\"position\":2,\"name\":\"Shop\",\"item\":\"https:\/\/konkret.store\/shop\/\"},{\"@type\":\"ListItem\",\"position\":3,\"name\":\"Rega\u0142 JORDEN &#8211; lity d\u0105b\"}]},{\"@type\":\"WebSite\",\"@id\":\"https:\/\/konkret.store\/pl\/#website\",\"url\":\"https:\/\/konkret.store\/pl\/\",\"name\":\"konkret.store\",\"description\":\"Tylko konkrety\",\"potentialAction\":[{\"@type\":\"SearchAction\",\"target\":{\"@type\":\"EntryPoint\",\"urlTemplate\":\"https:\/\/konkret.store\/pl\/?s={search_term_string}\"},\"query-input\":{\"@type\":\"PropertyValueSpecification\",\"valueRequired\":true,\"valueName\":\"search_term_string\"}}],\"inLanguage\":\"pl-PL\"}]}<\/script>\n<!-- \/ Yoast SEO plugin. -->","yoast_head_json":{"title":"Rega\u0142 JORDEN - lity d\u0105b - konkret.store","description":"Nasz produkt to idealne miejsce na przechowywanie wszelkiego rodzaju rzeczy, pocz\u0105wszy od pi\u0119knych przedmiot\u00f3w, kt\u00f3re warto eksponowa\u0107, po te niezb\u0119dne, kt\u00f3re zawsze warto mie\u0107 pod r\u0119k\u0105.","robots":{"index":"index","follow":"follow","max-snippet":"max-snippet:-1","max-image-preview":"max-image-preview:large","max-video-preview":"max-video-preview:-1"},"canonical":"https:\/\/konkret.store\/pl\/produkt\/regal-jorden-lity-dab\/","og_locale":"pl_PL","og_type":"article","og_title":"Rega\u0142 JORDEN - lity d\u0105b - konkret.store","og_description":"Nasz produkt to idealne miejsce na przechowywanie wszelkiego rodzaju rzeczy, pocz\u0105wszy od pi\u0119knych przedmiot\u00f3w, kt\u00f3re warto eksponowa\u0107, po te niezb\u0119dne, kt\u00f3re zawsze warto mie\u0107 pod r\u0119k\u0105.","og_url":"https:\/\/konkret.store\/pl\/produkt\/regal-jorden-lity-dab\/","og_site_name":"konkret.store","article_publisher":"https:\/\/facebook.com\/konkret.store\/","article_modified_time":"2025-07-29T15:35:18+00:00","og_image":[{"width":865,"height":868,"url":"https:\/\/konkret.store\/app\/uploads\/2025\/07\/regal-jorden-klasyczna-forma-removebg-1.png","type":"image\/png"}],"twitter_card":"summary_large_image","twitter_misc":{"Szacowany czas czytania":"1 minuta"},"schema":{"@context":"https:\/\/schema.org","@graph":[{"@type":"WebPage","@id":"https:\/\/konkret.store\/pl\/produkt\/regal-jorden-lity-dab\/","url":"https:\/\/konkret.store\/pl\/produkt\/regal-jorden-lity-dab\/","name":"Rega\u0142 JORDEN - lity d\u0105b - konkret.store","isPartOf":{"@id":"https:\/\/konkret.store\/pl\/#website"},"primaryImageOfPage":{"@id":"https:\/\/konkret.store\/pl\/produkt\/regal-jorden-lity-dab\/#primaryimage"},"image":{"@id":"https:\/\/konkret.store\/pl\/produkt\/regal-jorden-lity-dab\/#primaryimage"},"thumbnailUrl":"https:\/\/konkret.store\/app\/uploads\/2025\/07\/regal-jorden-klasyczna-forma-removebg-1.png","datePublished":"2025-07-25T21:01:59+00:00","dateModified":"2025-07-29T15:35:18+00:00","description":"Nasz produkt to idealne miejsce na przechowywanie wszelkiego rodzaju rzeczy, pocz\u0105wszy od pi\u0119knych przedmiot\u00f3w, kt\u00f3re warto eksponowa\u0107, po te niezb\u0119dne, kt\u00f3re zawsze warto mie\u0107 pod r\u0119k\u0105.","breadcrumb":{"@id":"https:\/\/konkret.store\/pl\/produkt\/regal-jorden-lity-dab\/#breadcrumb"},"inLanguage":"pl-PL","potentialAction":[{"@type":"ReadAction","target":["https:\/\/konkret.store\/pl\/produkt\/regal-jorden-lity-dab\/"]}]},{"@type":"ImageObject","inLanguage":"pl-PL","@id":"https:\/\/konkret.store\/pl\/produkt\/regal-jorden-lity-dab\/#primaryimage","url":"https:\/\/konkret.store\/app\/uploads\/2025\/07\/regal-jorden-klasyczna-forma-removebg-1.png","contentUrl":"https:\/\/konkret.store\/app\/uploads\/2025\/07\/regal-jorden-klasyczna-forma-removebg-1.png","width":865,"height":868},{"@type":"BreadcrumbList","@id":"https:\/\/konkret.store\/pl\/produkt\/regal-jorden-lity-dab\/#breadcrumb","itemListElement":[{"@type":"ListItem","position":1,"name":"Strona g\u0142\u00f3wna","item":"https:\/\/konkret.store\/pl\/"},{"@type":"ListItem","position":2,"name":"Shop","item":"https:\/\/konkret.store\/shop\/"},{"@type":"ListItem","position":3,"name":"Rega\u0142 JORDEN &#8211; lity d\u0105b"}]},{"@type":"WebSite","@id":"https:\/\/konkret.store\/pl\/#website","url":"https:\/\/konkret.store\/pl\/","name":"konkret.store","description":"Tylko konkrety","potentialAction":[{"@type":"SearchAction","target":{"@type":"EntryPoint","urlTemplate":"https:\/\/konkret.store\/pl\/?s={search_term_string}"},"query-input":{"@type":"PropertyValueSpecification","valueRequired":true,"valueName":"search_term_string"}}],"inLanguage":"pl-PL"}]}},"_links":{"self":[{"href":"https:\/\/konkret.store\/pl\/wp-json\/wp\/v2\/product\/24979","targetHints":{"allow":["GET"]}}],"collection":[{"href":"https:\/\/konkret.store\/pl\/wp-json\/wp\/v2\/product"}],"about":[{"href":"https:\/\/konkret.store\/pl\/wp-json\/wp\/v2\/types\/product"}],"wp:featuredmedia":[{"embeddable":true,"href":"https:\/\/konkret.store\/pl\/wp-json\/wp\/v2\/media\/24997"}],"wp:attachment":[{"href":"https:\/\/konkret.store\/pl\/wp-json\/wp\/v2\/media?parent=24979"}],"wp:term":[{"taxonomy":"product_brand","embeddable":true,"href":"https:\/\/konkret.store\/pl\/wp-json\/wp\/v2\/product_brand?post=24979"},{"taxonomy":"product_cat","embeddable":true,"href":"https:\/\/konkret.store\/pl\/wp-json\/wp\/v2\/product_cat?post=24979"},{"taxonomy":"product_tag","embeddable":true,"href":"https:\/\/konkret.store\/pl\/wp-json\/wp\/v2\/product_tag?post=24979"}],"curies":[{"name":"wp","href":"https:\/\/api.w.org\/{rel}","templated":true}]}}