{"id":25038,"date":"2025-08-02T22:16:47","date_gmt":"2025-08-02T21:16:47","guid":{"rendered":"https:\/\/konkret.store\/?post_type=product&#038;p=25038"},"modified":"2026-03-07T22:42:15","modified_gmt":"2026-03-07T21:42:15","slug":"zaokraglona-komoda-beta-lity-dab","status":"publish","type":"product","link":"https:\/\/konkret.store\/pl\/produkt\/zaokraglona-komoda-beta-lity-dab\/","title":{"rendered":"Zaokr\u0105glona komoda BETA &#8211; lity d\u0105b"},"content":{"rendered":"<section class=\"image-text\">\n  <div class=\"container\">\n    <div class=\"row align-items-center\">\n      <div class=\"col-lg-6  image-text--left\">\n        <div class=\"image-text__image\">\n                                    <div class=\"videoContainer\">\n                <video src=\"https:\/\/konkret.store\/app\/uploads\/2025\/08\/Skjenk-Beta-2.mp4\" controls webkit-playsinline playsinline loop muted autoplay><\/video>\n              <\/div>\n                              <\/div>\n      <\/div>\n      <div class=\"col-lg-5  offset-lg-1 \">\n                <h2><\/h2>\n        <div class=\"image-text__text\">\n          <p>Beta \u2013 dyskretna szlachetno\u015b\u0107 i ponadczasowa elegancja.<\/p>\n<p>Materia\u0142y najwy\u017cszej jako\u015bci, kt\u00f3re naprawd\u0119 wytrzymuj\u0105 codzienne u\u017cytkowanie \u2013 dzi\u0119ki czemu starzej\u0105 si\u0119 pi\u0119knie i naturalnie.<\/p>\n<pre>W wideo: Komoda Beta\r\n\r\nD\u0142ugo\u015b\u0107: 200 cm\r\n\r\nG\u0142\u0119boko\u015b\u0107: 40 cm\r\n\r\nWysoko\u015b\u0107: 72 cm\r\n\r\nKolor: efekt surowego d\u0119bu<\/pre>\n        <\/div>\n              <\/div>\n    <\/div>\n  <\/div>\n<\/section>\n\n\n<section class=\"image-text\">\n  <div class=\"container\">\n    <div class=\"row align-items-center\">\n      <div class=\"col-lg-6  offset-lg-1  image-text--right\">\n        <div class=\"image-text__image\">\n          <img loading=\"lazy\" decoding=\"async\" width=\"960\" height=\"1200\" src=\"https:\/\/konkret.store\/app\/uploads\/2025\/08\/image1.jpeg\" class=\"attachment-full size-full\" alt=\"\" srcset=\"https:\/\/konkret.store\/app\/uploads\/2025\/08\/image1.jpeg 960w, https:\/\/konkret.store\/app\/uploads\/2025\/08\/image1-240x300.jpeg 240w, https:\/\/konkret.store\/app\/uploads\/2025\/08\/image1-819x1024.jpeg 819w, https:\/\/konkret.store\/app\/uploads\/2025\/08\/image1-768x960.jpeg 768w, https:\/\/konkret.store\/app\/uploads\/2025\/08\/image1-610x763.jpeg 610w, https:\/\/konkret.store\/app\/uploads\/2025\/08\/image1-64x80.jpeg 64w\" sizes=\"auto, (max-width: 960px) 100vw, 960px\" \/>        <\/div>\n      <\/div>\n      <div class=\"col-lg-5 \">\n                <h2><\/h2>\n        <div class=\"image-text__text\">\n          <p data-start=\"39\" data-end=\"113\">\n<p data-start=\"115\" data-end=\"361\">Ka\u017cdy kolor komody jest chroniony lakierem, co oznacza, \u017ce nie wymaga \u017cadnej konserwacji. Lakier zapewnia solidn\u0105 ochron\u0119 i minimalizuje potrzeb\u0119 regularnej piel\u0119gnacji, dzi\u0119ki czemu kredens zachowuje sw\u00f3j pi\u0119kny wygl\u0105d bez dodatkowego wysi\u0142ku.<\/p>\n<p>\u25b8 \u00a0ekskluzywno\u015b\u0107<\/p>\n<p>\u25b8 regulowane p\u00f3\u0142ki umo\u017cliwiaj\u0105 dopasowanie przestrzeni do w\u0142asnych potrzeb.<\/p>\n        <\/div>\n              <\/div>\n    <\/div>\n  <\/div>\n<\/section>\n\n\n<section class=\"image-text\">\n  <div class=\"container\">\n    <div class=\"row align-items-center\">\n      <div class=\"col-lg-6  image-text--left\">\n        <div class=\"image-text__image\">\n          <img loading=\"lazy\" decoding=\"async\" width=\"1200\" height=\"1200\" src=\"https:\/\/konkret.store\/app\/uploads\/2024\/05\/Svart_detaljer-removebg.png\" class=\"attachment-full size-full\" alt=\"\" srcset=\"https:\/\/konkret.store\/app\/uploads\/2024\/05\/Svart_detaljer-removebg.png 1200w, https:\/\/konkret.store\/app\/uploads\/2024\/05\/Svart_detaljer-removebg-300x300.png 300w, https:\/\/konkret.store\/app\/uploads\/2024\/05\/Svart_detaljer-removebg-1024x1024.png 1024w, https:\/\/konkret.store\/app\/uploads\/2024\/05\/Svart_detaljer-removebg-768x768.png 768w, https:\/\/konkret.store\/app\/uploads\/2024\/05\/Svart_detaljer-removebg-610x610.png 610w, https:\/\/konkret.store\/app\/uploads\/2024\/05\/Svart_detaljer-removebg-100x100.png 100w, https:\/\/konkret.store\/app\/uploads\/2024\/05\/Svart_detaljer-removebg-64x64.png 64w\" sizes=\"auto, (max-width: 1200px) 100vw, 1200px\" \/>        <\/div>\n      <\/div>\n      <div class=\"col-lg-5  offset-lg-1 \">\n                <h2>Troszczymy si\u0119 o detale !<\/h2>\n        <div class=\"image-text__text\">\n          <p data-start=\"39\" data-end=\"291\">Komoda wykonana jest z litego d\u0119bu, co sprawia, \u017ce jest zar\u00f3wno stabilna, \u0142atwa w utrzymaniu, jak i pi\u0119kna w swoim wyrazie.<br data-start=\"167\" data-end=\"170\" \/>Wsp\u00f3lnym mianownikiem jest wysoka jako\u015b\u0107 i wiele mo\u017cliwo\u015bci wyboru \u2013 kr\u00f3tko m\u00f3wi\u0105c, mebel, z kt\u00f3rego b\u0119dziesz zadowolony.<\/p>\n<p data-start=\"293\" data-end=\"411\" data-is-last-node=\"\" data-is-only-node=\"\">Komoda posiada drzwi otwierane na dotyk (push-to-open) oraz wewn\u0119trzne p\u00f3\u0142ki.<br data-start=\"370\" data-end=\"373\" \/>Maksymalne obci\u0105\u017cenie na p\u00f3\u0142k\u0119: 20\u202fkg.<\/p>\n        <\/div>\n              <\/div>\n    <\/div>\n  <\/div>\n<\/section>\n","protected":false},"excerpt":{"rendered":"<p><strong>Zaprojektowany z delikatnie zaokr\u0105glon\u0105 sylwetk\u0105 \u2013 Beta od konkret.store emanuje naturalnym charakterem i starannie dopracowanymi detalami.<\/strong><\/p>\n<p>Produkowana z drewna FSC\u00a0\u00a0<a href=\"https:\/\/pl.fsc.org\/pl-pl\/sprawdz-i-znajdz-certyfikat\"><img loading=\"lazy\" decoding=\"async\" class=\"alignnone wp-image-11268 lazyloaded\" src=\"https:\/\/konkret.store\/app\/uploads\/2023\/02\/Forest_Stewardship_Council_logo-251x300.png\" alt=\"\" width=\"32\" height=\"38\" data-src=\"https:\/\/konkret.store\/app\/uploads\/2023\/02\/Forest_Stewardship_Council_logo-251x300.png\" srcset=\"https:\/\/konkret.store\/app\/uploads\/2023\/02\/Forest_Stewardship_Council_logo-251x300.png 251w, https:\/\/konkret.store\/app\/uploads\/2023\/02\/Forest_Stewardship_Council_logo-855x1024.png 855w, https:\/\/konkret.store\/app\/uploads\/2023\/02\/Forest_Stewardship_Council_logo-768x920.png 768w, https:\/\/konkret.store\/app\/uploads\/2023\/02\/Forest_Stewardship_Council_logo-610x730.png 610w, https:\/\/konkret.store\/app\/uploads\/2023\/02\/Forest_Stewardship_Council_logo-64x77.png 64w, https:\/\/konkret.store\/app\/uploads\/2023\/02\/Forest_Stewardship_Council_logo.png 1200w\" sizes=\"auto, (max-width: 32px) 100vw, 32px\" \/><\/a><\/p>\n<hr \/>\n<p>Nie jeste\u015b pewien, kt\u00f3re wybarwienie wybra\u0107? Zam\u00f3w je <strong><a href=\"https:\/\/konkret.store\/pl\/produkt\/probki-drewna\/\">tutaj<\/a><\/strong>, aby otrzyma\u0107 pr\u00f3bki kolor\u00f3w.<\/p>\n","protected":false},"featured_media":25044,"comment_status":"closed","ping_status":"closed","template":"","meta":{"_acf_changed":true},"product_brand":[],"product_cat":[40],"product_tag":[],"class_list":{"0":"post-25038","1":"product","2":"type-product","3":"status-publish","4":"has-post-thumbnail","6":"product_cat-konkrety","8":"first","9":"onbackorder","10":"taxable","11":"shipping-taxable","12":"purchasable","13":"product-type-simple"},"exclude_global_add_ons":false,"addons":[{"name":"Wysoko\u015b\u0107","type":"multiple_choice","position":0,"required":true,"title_format":"label","default":"","description_enable":false,"description":"","placeholder_enable":false,"placeholder":"","display":"select","restrictions_type":"any_text","adjust_price":false,"price":"","price_type":"flat_fee","restrictions":false,"min":"0","max":"0","options":[{"label":"55cm [ + 7cm cok\u00f3\u0142 ]","price":"","price_type":"quantity_based","image":0,"visibility":true},{"label":"65cm [ + 7cm cok\u00f3\u0142 ]","price":"8","price_type":"percentage_based","image":0,"visibility":true}],"id":1754213384},{"name":"Konfiguracja","type":"multiple_choice","position":1,"required":true,"title_format":"label","default":"","description_enable":false,"description":"","placeholder_enable":false,"placeholder":"","display":"select","restrictions_type":"any_text","adjust_price":false,"price":"","price_type":"flat_fee","restrictions":false,"min":"0","max":"0","options":[{"label":"2 x zaokr\u0105glone drzwi boczne \/ 1 x zwyk\u0142e drzwi po\u015brodku \u2013 150\u202fcm","price":"","price_type":"quantity_based","image":0,"visibility":true},{"label":"2 x zaokr\u0105glone drzwi boczne \/ 3 x szuflady po\u015brodku \u2013 150\u202fcm","price":"1500","price_type":"quantity_based","image":0,"visibility":true},{"label":"2 x zaokr\u0105glone drzwi boczne \/ 2 x zwyk\u0142e drzwi \u2013 200\u202fcm","price":"3300","price_type":"quantity_based","image":0,"visibility":true},{"label":"2 x zaokr\u0105glone drzwi boczne \/ 1 x zwyk\u0142e drzwi \/ 3 x szuflady\u2013 200\u202fcm","price":"5500","price_type":"quantity_based","image":0,"visibility":true},{"label":"2 x zaokr\u0105glone drzwi boczne \/ 3 x zwyk\u0142e drzwi \u2013 250\u202fcm","price":"7500","price_type":"quantity_based","image":0,"visibility":true},{"label":"2 x zaokr\u0105glone drzwi boczne \/ 2 x zwyk\u0142e drzwi \/ 3 x szuflady \u2013 250\u202fcm","price":"8500","price_type":"quantity_based","image":0,"visibility":true}],"id":1754213385},{"name":"Wybarwienie drewna","type":"multiple_choice","position":2,"required":true,"title_format":"label","default":"","description_enable":true,"description":"Ka\u017cdy kolor na meblu jest pokryty lakierem, co oznacza, \u017ce nie wymaga on \u017cadnej konserwacji. Lakier zapewnia solidn\u0105 ochron\u0119, minimalizuj\u0105c potrzeb\u0119 regularnej piel\u0119gnacji, dzi\u0119ki czemu szafka mo\u017ce zachowa\u0107 sw\u00f3j pi\u0119kny wygl\u0105d bez dodatkowego wysi\u0142ku.\r\nWykonany z litego d\u0119bu lub orzecha w\u0142oskiego.","placeholder_enable":false,"placeholder":"","display":"patterns","restrictions_type":"any_text","adjust_price":false,"price":"","price_type":"flat_fee","restrictions":false,"min":"0","max":"0","options":[{"label":"7589","price":"","price_type":"quantity_based","image":0,"visibility":true},{"label":"14159","price":"45","price_type":"percentage_based","image":0,"visibility":true}],"id":1754213386},{"name":"Kudde variant","type":"multiple_choice","position":0,"required":true,"title_format":"label","default":"","description_enable":false,"description":"","placeholder_enable":false,"placeholder":"","display":"select","restrictions_type":"any_text","adjust_price":false,"price":"","price_type":"flat_fee","restrictions":false,"min":"0","max":"0","options":[{"label":"Kuba","price":"","price_type":"quantity_based","image":0,"visibility":true},{"label":"Haiti","price":"","price_type":"quantity_based","image":0,"visibility":true},{"label":"Barbados","price":"","price_type":"quantity_based","image":0,"visibility":true},{"label":"Aruba","price":"","price_type":"quantity_based","image":0,"visibility":true}]}],"acf":[],"yoast_head":"<!-- This site is optimized with the Yoast SEO plugin v26.8 - https:\/\/yoast.com\/product\/yoast-seo-wordpress\/ -->\n<title>Zaokr\u0105glona komoda BETA - lity d\u0105b - konkret.store<\/title>\n<meta name=\"description\" content=\"Zaprojektowany z delikatnie zaokr\u0105glon\u0105 sylwetk\u0105 \u2013 Beta od konkret.store emanuje naturalnym charakterem i starannie dopracowanymi detalami.Produkowana z certyfikowanego \u00a0drewna FSC\u00a0\" \/>\n<meta name=\"robots\" content=\"index, follow, max-snippet:-1, max-image-preview:large, max-video-preview:-1\" \/>\n<link rel=\"canonical\" href=\"https:\/\/konkret.store\/pl\/produkt\/zaokraglona-komoda-beta-lity-dab\/\" \/>\n<meta property=\"og:locale\" content=\"pl_PL\" \/>\n<meta property=\"og:type\" content=\"article\" \/>\n<meta property=\"og:title\" content=\"Zaokr\u0105glona komoda BETA - lity d\u0105b - konkret.store\" \/>\n<meta property=\"og:description\" content=\"Zaprojektowany z delikatnie zaokr\u0105glon\u0105 sylwetk\u0105 \u2013 Beta od konkret.store emanuje naturalnym charakterem i starannie dopracowanymi detalami.Produkowana z certyfikowanego \u00a0drewna FSC\u00a0\" \/>\n<meta property=\"og:url\" content=\"https:\/\/konkret.store\/pl\/produkt\/zaokraglona-komoda-beta-lity-dab\/\" \/>\n<meta property=\"og:site_name\" content=\"konkret.store\" \/>\n<meta property=\"article:publisher\" content=\"https:\/\/facebook.com\/konkret.store\/\" \/>\n<meta property=\"article:modified_time\" content=\"2026-03-07T21:42:15+00:00\" \/>\n<meta property=\"og:image\" content=\"https:\/\/konkret.store\/app\/uploads\/2025\/08\/beta-2.png\" \/>\n\t<meta property=\"og:image:width\" content=\"1200\" \/>\n\t<meta property=\"og:image:height\" content=\"1200\" \/>\n\t<meta property=\"og:image:type\" content=\"image\/png\" \/>\n<meta name=\"twitter:card\" content=\"summary_large_image\" \/>\n<meta name=\"twitter:label1\" content=\"Szacowany czas czytania\" \/>\n\t<meta name=\"twitter:data1\" content=\"1 minuta\" \/>\n<script type=\"application\/ld+json\" class=\"yoast-schema-graph\">{\"@context\":\"https:\/\/schema.org\",\"@graph\":[{\"@type\":\"WebPage\",\"@id\":\"https:\/\/konkret.store\/pl\/produkt\/zaokraglona-komoda-beta-lity-dab\/\",\"url\":\"https:\/\/konkret.store\/pl\/produkt\/zaokraglona-komoda-beta-lity-dab\/\",\"name\":\"Zaokr\u0105glona komoda BETA - lity d\u0105b - konkret.store\",\"isPartOf\":{\"@id\":\"https:\/\/konkret.store\/pl\/#website\"},\"primaryImageOfPage\":{\"@id\":\"https:\/\/konkret.store\/pl\/produkt\/zaokraglona-komoda-beta-lity-dab\/#primaryimage\"},\"image\":{\"@id\":\"https:\/\/konkret.store\/pl\/produkt\/zaokraglona-komoda-beta-lity-dab\/#primaryimage\"},\"thumbnailUrl\":\"https:\/\/konkret.store\/app\/uploads\/2025\/08\/beta-2.png\",\"datePublished\":\"2025-08-02T21:16:47+00:00\",\"dateModified\":\"2026-03-07T21:42:15+00:00\",\"description\":\"Zaprojektowany z delikatnie zaokr\u0105glon\u0105 sylwetk\u0105 \u2013 Beta od konkret.store emanuje naturalnym charakterem i starannie dopracowanymi detalami.Produkowana z certyfikowanego \u00a0drewna FSC\u00a0\",\"breadcrumb\":{\"@id\":\"https:\/\/konkret.store\/pl\/produkt\/zaokraglona-komoda-beta-lity-dab\/#breadcrumb\"},\"inLanguage\":\"pl-PL\",\"potentialAction\":[{\"@type\":\"ReadAction\",\"target\":[\"https:\/\/konkret.store\/pl\/produkt\/zaokraglona-komoda-beta-lity-dab\/\"]}]},{\"@type\":\"ImageObject\",\"inLanguage\":\"pl-PL\",\"@id\":\"https:\/\/konkret.store\/pl\/produkt\/zaokraglona-komoda-beta-lity-dab\/#primaryimage\",\"url\":\"https:\/\/konkret.store\/app\/uploads\/2025\/08\/beta-2.png\",\"contentUrl\":\"https:\/\/konkret.store\/app\/uploads\/2025\/08\/beta-2.png\",\"width\":1200,\"height\":1200},{\"@type\":\"BreadcrumbList\",\"@id\":\"https:\/\/konkret.store\/pl\/produkt\/zaokraglona-komoda-beta-lity-dab\/#breadcrumb\",\"itemListElement\":[{\"@type\":\"ListItem\",\"position\":1,\"name\":\"Strona g\u0142\u00f3wna\",\"item\":\"https:\/\/konkret.store\/pl\/\"},{\"@type\":\"ListItem\",\"position\":2,\"name\":\"Shop\",\"item\":\"https:\/\/konkret.store\/shop\/\"},{\"@type\":\"ListItem\",\"position\":3,\"name\":\"Zaokr\u0105glona komoda BETA &#8211; lity d\u0105b\"}]},{\"@type\":\"WebSite\",\"@id\":\"https:\/\/konkret.store\/pl\/#website\",\"url\":\"https:\/\/konkret.store\/pl\/\",\"name\":\"konkret.store\",\"description\":\"Tylko konkrety\",\"potentialAction\":[{\"@type\":\"SearchAction\",\"target\":{\"@type\":\"EntryPoint\",\"urlTemplate\":\"https:\/\/konkret.store\/pl\/?s={search_term_string}\"},\"query-input\":{\"@type\":\"PropertyValueSpecification\",\"valueRequired\":true,\"valueName\":\"search_term_string\"}}],\"inLanguage\":\"pl-PL\"}]}<\/script>\n<!-- \/ Yoast SEO plugin. -->","yoast_head_json":{"title":"Zaokr\u0105glona komoda BETA - lity d\u0105b - konkret.store","description":"Zaprojektowany z delikatnie zaokr\u0105glon\u0105 sylwetk\u0105 \u2013 Beta od konkret.store emanuje naturalnym charakterem i starannie dopracowanymi detalami.Produkowana z certyfikowanego \u00a0drewna FSC\u00a0","robots":{"index":"index","follow":"follow","max-snippet":"max-snippet:-1","max-image-preview":"max-image-preview:large","max-video-preview":"max-video-preview:-1"},"canonical":"https:\/\/konkret.store\/pl\/produkt\/zaokraglona-komoda-beta-lity-dab\/","og_locale":"pl_PL","og_type":"article","og_title":"Zaokr\u0105glona komoda BETA - lity d\u0105b - konkret.store","og_description":"Zaprojektowany z delikatnie zaokr\u0105glon\u0105 sylwetk\u0105 \u2013 Beta od konkret.store emanuje naturalnym charakterem i starannie dopracowanymi detalami.Produkowana z certyfikowanego \u00a0drewna FSC\u00a0","og_url":"https:\/\/konkret.store\/pl\/produkt\/zaokraglona-komoda-beta-lity-dab\/","og_site_name":"konkret.store","article_publisher":"https:\/\/facebook.com\/konkret.store\/","article_modified_time":"2026-03-07T21:42:15+00:00","og_image":[{"width":1200,"height":1200,"url":"https:\/\/konkret.store\/app\/uploads\/2025\/08\/beta-2.png","type":"image\/png"}],"twitter_card":"summary_large_image","twitter_misc":{"Szacowany czas czytania":"1 minuta"},"schema":{"@context":"https:\/\/schema.org","@graph":[{"@type":"WebPage","@id":"https:\/\/konkret.store\/pl\/produkt\/zaokraglona-komoda-beta-lity-dab\/","url":"https:\/\/konkret.store\/pl\/produkt\/zaokraglona-komoda-beta-lity-dab\/","name":"Zaokr\u0105glona komoda BETA - lity d\u0105b - konkret.store","isPartOf":{"@id":"https:\/\/konkret.store\/pl\/#website"},"primaryImageOfPage":{"@id":"https:\/\/konkret.store\/pl\/produkt\/zaokraglona-komoda-beta-lity-dab\/#primaryimage"},"image":{"@id":"https:\/\/konkret.store\/pl\/produkt\/zaokraglona-komoda-beta-lity-dab\/#primaryimage"},"thumbnailUrl":"https:\/\/konkret.store\/app\/uploads\/2025\/08\/beta-2.png","datePublished":"2025-08-02T21:16:47+00:00","dateModified":"2026-03-07T21:42:15+00:00","description":"Zaprojektowany z delikatnie zaokr\u0105glon\u0105 sylwetk\u0105 \u2013 Beta od konkret.store emanuje naturalnym charakterem i starannie dopracowanymi detalami.Produkowana z certyfikowanego \u00a0drewna FSC\u00a0","breadcrumb":{"@id":"https:\/\/konkret.store\/pl\/produkt\/zaokraglona-komoda-beta-lity-dab\/#breadcrumb"},"inLanguage":"pl-PL","potentialAction":[{"@type":"ReadAction","target":["https:\/\/konkret.store\/pl\/produkt\/zaokraglona-komoda-beta-lity-dab\/"]}]},{"@type":"ImageObject","inLanguage":"pl-PL","@id":"https:\/\/konkret.store\/pl\/produkt\/zaokraglona-komoda-beta-lity-dab\/#primaryimage","url":"https:\/\/konkret.store\/app\/uploads\/2025\/08\/beta-2.png","contentUrl":"https:\/\/konkret.store\/app\/uploads\/2025\/08\/beta-2.png","width":1200,"height":1200},{"@type":"BreadcrumbList","@id":"https:\/\/konkret.store\/pl\/produkt\/zaokraglona-komoda-beta-lity-dab\/#breadcrumb","itemListElement":[{"@type":"ListItem","position":1,"name":"Strona g\u0142\u00f3wna","item":"https:\/\/konkret.store\/pl\/"},{"@type":"ListItem","position":2,"name":"Shop","item":"https:\/\/konkret.store\/shop\/"},{"@type":"ListItem","position":3,"name":"Zaokr\u0105glona komoda BETA &#8211; lity d\u0105b"}]},{"@type":"WebSite","@id":"https:\/\/konkret.store\/pl\/#website","url":"https:\/\/konkret.store\/pl\/","name":"konkret.store","description":"Tylko konkrety","potentialAction":[{"@type":"SearchAction","target":{"@type":"EntryPoint","urlTemplate":"https:\/\/konkret.store\/pl\/?s={search_term_string}"},"query-input":{"@type":"PropertyValueSpecification","valueRequired":true,"valueName":"search_term_string"}}],"inLanguage":"pl-PL"}]}},"_links":{"self":[{"href":"https:\/\/konkret.store\/pl\/wp-json\/wp\/v2\/product\/25038","targetHints":{"allow":["GET"]}}],"collection":[{"href":"https:\/\/konkret.store\/pl\/wp-json\/wp\/v2\/product"}],"about":[{"href":"https:\/\/konkret.store\/pl\/wp-json\/wp\/v2\/types\/product"}],"replies":[{"embeddable":true,"href":"https:\/\/konkret.store\/pl\/wp-json\/wp\/v2\/comments?post=25038"}],"wp:featuredmedia":[{"embeddable":true,"href":"https:\/\/konkret.store\/pl\/wp-json\/wp\/v2\/media\/25044"}],"wp:attachment":[{"href":"https:\/\/konkret.store\/pl\/wp-json\/wp\/v2\/media?parent=25038"}],"wp:term":[{"taxonomy":"product_brand","embeddable":true,"href":"https:\/\/konkret.store\/pl\/wp-json\/wp\/v2\/product_brand?post=25038"},{"taxonomy":"product_cat","embeddable":true,"href":"https:\/\/konkret.store\/pl\/wp-json\/wp\/v2\/product_cat?post=25038"},{"taxonomy":"product_tag","embeddable":true,"href":"https:\/\/konkret.store\/pl\/wp-json\/wp\/v2\/product_tag?post=25038"}],"curies":[{"name":"wp","href":"https:\/\/api.w.org\/{rel}","templated":true}]}}