{"id":25158,"date":"2025-10-31T23:54:39","date_gmt":"2025-10-31T22:54:39","guid":{"rendered":"https:\/\/konkret.store\/?post_type=product&#038;p=25158"},"modified":"2026-01-04T21:53:16","modified_gmt":"2026-01-04T20:53:16","slug":"zaokraglony-kredens-beta-lity-dab","status":"publish","type":"product","link":"https:\/\/konkret.store\/pl\/produkt\/zaokraglony-kredens-beta-lity-dab\/","title":{"rendered":"Zaokr\u0105glony kredens BETA &#8211; lity d\u0105b"},"content":{"rendered":"<section class=\"image-text\">\n  <div class=\"container\">\n    <div class=\"row align-items-center\">\n      <div class=\"col-lg-6  image-text--left\">\n        <div class=\"image-text__image\">\n          <img loading=\"lazy\" decoding=\"async\" width=\"1600\" height=\"1247\" src=\"https:\/\/konkret.store\/app\/uploads\/2025\/09\/VIZ1-ezgif.com-png-to-webp-converter-e1764698286263.webp\" class=\"attachment-full size-full\" alt=\"\" srcset=\"https:\/\/konkret.store\/app\/uploads\/2025\/09\/VIZ1-ezgif.com-png-to-webp-converter-e1764698286263.webp 1600w, https:\/\/konkret.store\/app\/uploads\/2025\/09\/VIZ1-ezgif.com-png-to-webp-converter-e1764698286263-300x234.webp 300w, https:\/\/konkret.store\/app\/uploads\/2025\/09\/VIZ1-ezgif.com-png-to-webp-converter-e1764698286263-1024x798.webp 1024w, https:\/\/konkret.store\/app\/uploads\/2025\/09\/VIZ1-ezgif.com-png-to-webp-converter-e1764698286263-768x599.webp 768w, https:\/\/konkret.store\/app\/uploads\/2025\/09\/VIZ1-ezgif.com-png-to-webp-converter-e1764698286263-1536x1197.webp 1536w, https:\/\/konkret.store\/app\/uploads\/2025\/09\/VIZ1-ezgif.com-png-to-webp-converter-e1764698286263-610x475.webp 610w\" sizes=\"auto, (max-width: 1600px) 100vw, 1600px\" \/>        <\/div>\n      <\/div>\n      <div class=\"col-lg-5  offset-lg-1 \">\n                <h2>Troszczymy si\u0119 o detale !<\/h2>\n        <div class=\"image-text__text\">\n          <p>Beta promieniuje dyskretnym szlachetnym charakterem i ponadczasow\u0105 elegancj\u0105.<\/p>\n<p>&nbsp;<\/p>\n<p>\u25b8 \u00a0projekt i wykonanie najwy\u017cszej jako\u015bci<\/p>\n<p>\u25b8 \u00a0ekskluzywno\u015b\u0107<\/p>\n        <\/div>\n              <\/div>\n    <\/div>\n  <\/div>\n<\/section>\n\n\n<section class=\"image-text\">\n  <div class=\"container\">\n    <div class=\"row align-items-center\">\n      <div class=\"col-lg-6  offset-lg-1  image-text--right\">\n        <div class=\"image-text__image\">\n          <img loading=\"lazy\" decoding=\"async\" width=\"1200\" height=\"1200\" src=\"https:\/\/konkret.store\/app\/uploads\/2024\/05\/Svart_detaljer-removebg.png\" class=\"attachment-full size-full\" alt=\"\" srcset=\"https:\/\/konkret.store\/app\/uploads\/2024\/05\/Svart_detaljer-removebg.png 1200w, https:\/\/konkret.store\/app\/uploads\/2024\/05\/Svart_detaljer-removebg-300x300.png 300w, https:\/\/konkret.store\/app\/uploads\/2024\/05\/Svart_detaljer-removebg-1024x1024.png 1024w, https:\/\/konkret.store\/app\/uploads\/2024\/05\/Svart_detaljer-removebg-768x768.png 768w, https:\/\/konkret.store\/app\/uploads\/2024\/05\/Svart_detaljer-removebg-610x610.png 610w, https:\/\/konkret.store\/app\/uploads\/2024\/05\/Svart_detaljer-removebg-100x100.png 100w, https:\/\/konkret.store\/app\/uploads\/2024\/05\/Svart_detaljer-removebg-64x64.png 64w\" sizes=\"auto, (max-width: 1200px) 100vw, 1200px\" \/>        <\/div>\n      <\/div>\n      <div class=\"col-lg-5 \">\n                <h2>Troszczymy si\u0119 o detale !<\/h2>\n        <div class=\"image-text__text\">\n          <p data-start=\"39\" data-end=\"291\">Kredens wykonany jest z litego d\u0119bu, co sprawia, \u017ce jest zar\u00f3wno stabilna, \u0142atwa w utrzymaniu, jak i pi\u0119kna w swoim wyrazie.<br data-start=\"167\" data-end=\"170\" \/>Wsp\u00f3lnym mianownikiem jest wysoka jako\u015b\u0107 i wiele mo\u017cliwo\u015bci wyboru \u2013 kr\u00f3tko m\u00f3wi\u0105c, mebel, z kt\u00f3rego b\u0119dziesz zadowolony.<\/p>\n<p data-start=\"293\" data-end=\"411\" data-is-last-node=\"\" data-is-only-node=\"\">Kredens posiada drzwi otwierane na dotyk (push-to-open) oraz wewn\u0119trzne p\u00f3\u0142ki.<br data-start=\"370\" data-end=\"373\" \/>Maksymalne obci\u0105\u017cenie na p\u00f3\u0142k\u0119: 20\u202fkg.<\/p>\n        <\/div>\n              <\/div>\n    <\/div>\n  <\/div>\n<\/section>\n","protected":false},"excerpt":{"rendered":"<p>Kredens Beta z konkret.store ma g\u0142adk\u0105, zaokr\u0105glon\u0105 sylwetk\u0119 i naturalny wygl\u0105d z pi\u0119knymi detalami. Ta elegancka szafa ma zaokr\u0105glone drzwi i jest idealna do przechowywania r\u00f3\u017cnych przedmiot\u00f3w \u2013 \u015bwietnie sprawdzi si\u0119 zar\u00f3wno w sypialni, jak i w salonie.<\/p>\n<p>Produkowana z drewna FSC\u00a0\u00a0<a href=\"https:\/\/pl.fsc.org\/pl-pl\/sprawdz-i-znajdz-certyfikat\"><img loading=\"lazy\" decoding=\"async\" class=\"alignnone wp-image-11268 lazyloaded\" src=\"https:\/\/konkret.store\/app\/uploads\/2023\/02\/Forest_Stewardship_Council_logo-251x300.png\" alt=\"\" width=\"32\" height=\"38\" data-src=\"https:\/\/konkret.store\/app\/uploads\/2023\/02\/Forest_Stewardship_Council_logo-251x300.png\" srcset=\"https:\/\/konkret.store\/app\/uploads\/2023\/02\/Forest_Stewardship_Council_logo-251x300.png 251w, https:\/\/konkret.store\/app\/uploads\/2023\/02\/Forest_Stewardship_Council_logo-855x1024.png 855w, https:\/\/konkret.store\/app\/uploads\/2023\/02\/Forest_Stewardship_Council_logo-768x920.png 768w, https:\/\/konkret.store\/app\/uploads\/2023\/02\/Forest_Stewardship_Council_logo-610x730.png 610w, https:\/\/konkret.store\/app\/uploads\/2023\/02\/Forest_Stewardship_Council_logo-64x77.png 64w, https:\/\/konkret.store\/app\/uploads\/2023\/02\/Forest_Stewardship_Council_logo.png 1200w\" sizes=\"auto, (max-width: 32px) 100vw, 32px\" \/><\/a><\/p>\n<hr \/>\n<p>Nie jeste\u015b pewien, kt\u00f3re wybarwienie wybra\u0107? Zam\u00f3w je <strong><a href=\"https:\/\/konkret.store\/pl\/produkt\/probki-drewna\/\">tutaj<\/a><\/strong>, aby otrzyma\u0107 pr\u00f3bki kolor\u00f3w.<\/p>\n","protected":false},"featured_media":25162,"template":"","meta":{"_acf_changed":true},"product_brand":[],"product_cat":[40],"product_tag":[],"class_list":{"0":"post-25158","1":"product","2":"type-product","3":"status-publish","4":"has-post-thumbnail","6":"product_cat-konkrety","8":"first","9":"onbackorder","10":"downloadable","11":"taxable","12":"shipping-taxable","13":"purchasable","14":"product-type-simple"},"exclude_global_add_ons":false,"addons":[{"name":"Wybarwienie drewna","type":"multiple_choice","position":0,"required":true,"title_format":"label","default":"","description_enable":true,"description":"Ka\u017cdy kolor na meblu jest pokryty lakierem, co oznacza, \u017ce nie wymaga on \u017cadnej konserwacji. Lakier zapewnia solidn\u0105 ochron\u0119, minimalizuj\u0105c potrzeb\u0119 regularnej piel\u0119gnacji, dzi\u0119ki czemu szafka mo\u017ce zachowa\u0107 sw\u00f3j pi\u0119kny wygl\u0105d bez dodatkowego wysi\u0142ku.\r\nWykonany z litego d\u0119bu lub orzecha w\u0142oskiego.","placeholder_enable":false,"placeholder":"","display":"patterns","restrictions_type":"any_text","adjust_price":false,"price":"","price_type":"flat_fee","restrictions":false,"min":"0","max":"0","options":[{"label":"7589","price":"","price_type":"quantity_based","image":0,"visibility":true},{"label":"14159","price":"45","price_type":"percentage_based","image":0,"visibility":true}],"id":1754213386},{"name":"Kudde variant","type":"multiple_choice","position":0,"required":true,"title_format":"label","default":"","description_enable":false,"description":"","placeholder_enable":false,"placeholder":"","display":"select","restrictions_type":"any_text","adjust_price":false,"price":"","price_type":"flat_fee","restrictions":false,"min":"0","max":"0","options":[{"label":"Kuba","price":"","price_type":"quantity_based","image":0,"visibility":true},{"label":"Haiti","price":"","price_type":"quantity_based","image":0,"visibility":true},{"label":"Barbados","price":"","price_type":"quantity_based","image":0,"visibility":true},{"label":"Aruba","price":"","price_type":"quantity_based","image":0,"visibility":true}]}],"acf":[],"yoast_head":"<!-- This site is optimized with the Yoast SEO plugin v26.8 - https:\/\/yoast.com\/product\/yoast-seo-wordpress\/ -->\n<title>Zaokr\u0105glony kredens BETA - lity d\u0105b - konkret.store<\/title>\n<meta name=\"description\" content=\"Kredens Beta z konkret.store ma g\u0142adk\u0105, zaokr\u0105glon\u0105 sylwetk\u0119 i naturalny wygl\u0105d z pi\u0119knymi detalami. Ta elegancka szafa ma zaokr\u0105glone drzwi i jest idealna do przechowywania r\u00f3\u017cnych przedmiot\u00f3w \u2013 \u015bwietnie sprawdzi si\u0119 zar\u00f3wno w sypialni, jak i w salonie.\" \/>\n<meta name=\"robots\" content=\"index, follow, max-snippet:-1, max-image-preview:large, max-video-preview:-1\" \/>\n<link rel=\"canonical\" href=\"https:\/\/konkret.store\/pl\/produkt\/zaokraglony-kredens-beta-lity-dab\/\" \/>\n<meta property=\"og:locale\" content=\"pl_PL\" \/>\n<meta property=\"og:type\" content=\"article\" \/>\n<meta property=\"og:title\" content=\"Zaokr\u0105glony kredens BETA - lity d\u0105b - konkret.store\" \/>\n<meta property=\"og:description\" content=\"Kredens Beta z konkret.store ma g\u0142adk\u0105, zaokr\u0105glon\u0105 sylwetk\u0119 i naturalny wygl\u0105d z pi\u0119knymi detalami. Ta elegancka szafa ma zaokr\u0105glone drzwi i jest idealna do przechowywania r\u00f3\u017cnych przedmiot\u00f3w \u2013 \u015bwietnie sprawdzi si\u0119 zar\u00f3wno w sypialni, jak i w salonie.\" \/>\n<meta property=\"og:url\" content=\"https:\/\/konkret.store\/pl\/produkt\/zaokraglony-kredens-beta-lity-dab\/\" \/>\n<meta property=\"og:site_name\" content=\"konkret.store\" \/>\n<meta property=\"article:publisher\" content=\"https:\/\/facebook.com\/konkret.store\/\" \/>\n<meta property=\"article:modified_time\" content=\"2026-01-04T20:53:16+00:00\" \/>\n<meta property=\"og:image\" content=\"https:\/\/konkret.store\/app\/uploads\/2025\/10\/beta.png\" \/>\n\t<meta property=\"og:image:width\" content=\"1200\" \/>\n\t<meta property=\"og:image:height\" content=\"1200\" \/>\n\t<meta property=\"og:image:type\" content=\"image\/png\" \/>\n<meta name=\"twitter:card\" content=\"summary_large_image\" \/>\n<meta name=\"twitter:label1\" content=\"Szacowany czas czytania\" \/>\n\t<meta name=\"twitter:data1\" content=\"1 minuta\" \/>\n<script type=\"application\/ld+json\" class=\"yoast-schema-graph\">{\"@context\":\"https:\/\/schema.org\",\"@graph\":[{\"@type\":\"WebPage\",\"@id\":\"https:\/\/konkret.store\/pl\/produkt\/zaokraglony-kredens-beta-lity-dab\/\",\"url\":\"https:\/\/konkret.store\/pl\/produkt\/zaokraglony-kredens-beta-lity-dab\/\",\"name\":\"Zaokr\u0105glony kredens BETA - lity d\u0105b - konkret.store\",\"isPartOf\":{\"@id\":\"https:\/\/konkret.store\/pl\/#website\"},\"primaryImageOfPage\":{\"@id\":\"https:\/\/konkret.store\/pl\/produkt\/zaokraglony-kredens-beta-lity-dab\/#primaryimage\"},\"image\":{\"@id\":\"https:\/\/konkret.store\/pl\/produkt\/zaokraglony-kredens-beta-lity-dab\/#primaryimage\"},\"thumbnailUrl\":\"https:\/\/konkret.store\/app\/uploads\/2025\/10\/beta.png\",\"datePublished\":\"2025-10-31T22:54:39+00:00\",\"dateModified\":\"2026-01-04T20:53:16+00:00\",\"description\":\"Kredens Beta z konkret.store ma g\u0142adk\u0105, zaokr\u0105glon\u0105 sylwetk\u0119 i naturalny wygl\u0105d z pi\u0119knymi detalami. Ta elegancka szafa ma zaokr\u0105glone drzwi i jest idealna do przechowywania r\u00f3\u017cnych przedmiot\u00f3w \u2013 \u015bwietnie sprawdzi si\u0119 zar\u00f3wno w sypialni, jak i w salonie.\",\"breadcrumb\":{\"@id\":\"https:\/\/konkret.store\/pl\/produkt\/zaokraglony-kredens-beta-lity-dab\/#breadcrumb\"},\"inLanguage\":\"pl-PL\",\"potentialAction\":[{\"@type\":\"ReadAction\",\"target\":[\"https:\/\/konkret.store\/pl\/produkt\/zaokraglony-kredens-beta-lity-dab\/\"]}]},{\"@type\":\"ImageObject\",\"inLanguage\":\"pl-PL\",\"@id\":\"https:\/\/konkret.store\/pl\/produkt\/zaokraglony-kredens-beta-lity-dab\/#primaryimage\",\"url\":\"https:\/\/konkret.store\/app\/uploads\/2025\/10\/beta.png\",\"contentUrl\":\"https:\/\/konkret.store\/app\/uploads\/2025\/10\/beta.png\",\"width\":1200,\"height\":1200},{\"@type\":\"BreadcrumbList\",\"@id\":\"https:\/\/konkret.store\/pl\/produkt\/zaokraglony-kredens-beta-lity-dab\/#breadcrumb\",\"itemListElement\":[{\"@type\":\"ListItem\",\"position\":1,\"name\":\"Strona g\u0142\u00f3wna\",\"item\":\"https:\/\/konkret.store\/pl\/\"},{\"@type\":\"ListItem\",\"position\":2,\"name\":\"Shop\",\"item\":\"https:\/\/konkret.store\/shop\/\"},{\"@type\":\"ListItem\",\"position\":3,\"name\":\"Zaokr\u0105glony kredens BETA &#8211; lity d\u0105b\"}]},{\"@type\":\"WebSite\",\"@id\":\"https:\/\/konkret.store\/pl\/#website\",\"url\":\"https:\/\/konkret.store\/pl\/\",\"name\":\"konkret.store\",\"description\":\"Tylko konkrety\",\"potentialAction\":[{\"@type\":\"SearchAction\",\"target\":{\"@type\":\"EntryPoint\",\"urlTemplate\":\"https:\/\/konkret.store\/pl\/?s={search_term_string}\"},\"query-input\":{\"@type\":\"PropertyValueSpecification\",\"valueRequired\":true,\"valueName\":\"search_term_string\"}}],\"inLanguage\":\"pl-PL\"}]}<\/script>\n<!-- \/ Yoast SEO plugin. -->","yoast_head_json":{"title":"Zaokr\u0105glony kredens BETA - lity d\u0105b - konkret.store","description":"Kredens Beta z konkret.store ma g\u0142adk\u0105, zaokr\u0105glon\u0105 sylwetk\u0119 i naturalny wygl\u0105d z pi\u0119knymi detalami. Ta elegancka szafa ma zaokr\u0105glone drzwi i jest idealna do przechowywania r\u00f3\u017cnych przedmiot\u00f3w \u2013 \u015bwietnie sprawdzi si\u0119 zar\u00f3wno w sypialni, jak i w salonie.","robots":{"index":"index","follow":"follow","max-snippet":"max-snippet:-1","max-image-preview":"max-image-preview:large","max-video-preview":"max-video-preview:-1"},"canonical":"https:\/\/konkret.store\/pl\/produkt\/zaokraglony-kredens-beta-lity-dab\/","og_locale":"pl_PL","og_type":"article","og_title":"Zaokr\u0105glony kredens BETA - lity d\u0105b - konkret.store","og_description":"Kredens Beta z konkret.store ma g\u0142adk\u0105, zaokr\u0105glon\u0105 sylwetk\u0119 i naturalny wygl\u0105d z pi\u0119knymi detalami. Ta elegancka szafa ma zaokr\u0105glone drzwi i jest idealna do przechowywania r\u00f3\u017cnych przedmiot\u00f3w \u2013 \u015bwietnie sprawdzi si\u0119 zar\u00f3wno w sypialni, jak i w salonie.","og_url":"https:\/\/konkret.store\/pl\/produkt\/zaokraglony-kredens-beta-lity-dab\/","og_site_name":"konkret.store","article_publisher":"https:\/\/facebook.com\/konkret.store\/","article_modified_time":"2026-01-04T20:53:16+00:00","og_image":[{"width":1200,"height":1200,"url":"https:\/\/konkret.store\/app\/uploads\/2025\/10\/beta.png","type":"image\/png"}],"twitter_card":"summary_large_image","twitter_misc":{"Szacowany czas czytania":"1 minuta"},"schema":{"@context":"https:\/\/schema.org","@graph":[{"@type":"WebPage","@id":"https:\/\/konkret.store\/pl\/produkt\/zaokraglony-kredens-beta-lity-dab\/","url":"https:\/\/konkret.store\/pl\/produkt\/zaokraglony-kredens-beta-lity-dab\/","name":"Zaokr\u0105glony kredens BETA - lity d\u0105b - konkret.store","isPartOf":{"@id":"https:\/\/konkret.store\/pl\/#website"},"primaryImageOfPage":{"@id":"https:\/\/konkret.store\/pl\/produkt\/zaokraglony-kredens-beta-lity-dab\/#primaryimage"},"image":{"@id":"https:\/\/konkret.store\/pl\/produkt\/zaokraglony-kredens-beta-lity-dab\/#primaryimage"},"thumbnailUrl":"https:\/\/konkret.store\/app\/uploads\/2025\/10\/beta.png","datePublished":"2025-10-31T22:54:39+00:00","dateModified":"2026-01-04T20:53:16+00:00","description":"Kredens Beta z konkret.store ma g\u0142adk\u0105, zaokr\u0105glon\u0105 sylwetk\u0119 i naturalny wygl\u0105d z pi\u0119knymi detalami. Ta elegancka szafa ma zaokr\u0105glone drzwi i jest idealna do przechowywania r\u00f3\u017cnych przedmiot\u00f3w \u2013 \u015bwietnie sprawdzi si\u0119 zar\u00f3wno w sypialni, jak i w salonie.","breadcrumb":{"@id":"https:\/\/konkret.store\/pl\/produkt\/zaokraglony-kredens-beta-lity-dab\/#breadcrumb"},"inLanguage":"pl-PL","potentialAction":[{"@type":"ReadAction","target":["https:\/\/konkret.store\/pl\/produkt\/zaokraglony-kredens-beta-lity-dab\/"]}]},{"@type":"ImageObject","inLanguage":"pl-PL","@id":"https:\/\/konkret.store\/pl\/produkt\/zaokraglony-kredens-beta-lity-dab\/#primaryimage","url":"https:\/\/konkret.store\/app\/uploads\/2025\/10\/beta.png","contentUrl":"https:\/\/konkret.store\/app\/uploads\/2025\/10\/beta.png","width":1200,"height":1200},{"@type":"BreadcrumbList","@id":"https:\/\/konkret.store\/pl\/produkt\/zaokraglony-kredens-beta-lity-dab\/#breadcrumb","itemListElement":[{"@type":"ListItem","position":1,"name":"Strona g\u0142\u00f3wna","item":"https:\/\/konkret.store\/pl\/"},{"@type":"ListItem","position":2,"name":"Shop","item":"https:\/\/konkret.store\/shop\/"},{"@type":"ListItem","position":3,"name":"Zaokr\u0105glony kredens BETA &#8211; lity d\u0105b"}]},{"@type":"WebSite","@id":"https:\/\/konkret.store\/pl\/#website","url":"https:\/\/konkret.store\/pl\/","name":"konkret.store","description":"Tylko konkrety","potentialAction":[{"@type":"SearchAction","target":{"@type":"EntryPoint","urlTemplate":"https:\/\/konkret.store\/pl\/?s={search_term_string}"},"query-input":{"@type":"PropertyValueSpecification","valueRequired":true,"valueName":"search_term_string"}}],"inLanguage":"pl-PL"}]}},"_links":{"self":[{"href":"https:\/\/konkret.store\/pl\/wp-json\/wp\/v2\/product\/25158","targetHints":{"allow":["GET"]}}],"collection":[{"href":"https:\/\/konkret.store\/pl\/wp-json\/wp\/v2\/product"}],"about":[{"href":"https:\/\/konkret.store\/pl\/wp-json\/wp\/v2\/types\/product"}],"wp:featuredmedia":[{"embeddable":true,"href":"https:\/\/konkret.store\/pl\/wp-json\/wp\/v2\/media\/25162"}],"wp:attachment":[{"href":"https:\/\/konkret.store\/pl\/wp-json\/wp\/v2\/media?parent=25158"}],"wp:term":[{"taxonomy":"product_brand","embeddable":true,"href":"https:\/\/konkret.store\/pl\/wp-json\/wp\/v2\/product_brand?post=25158"},{"taxonomy":"product_cat","embeddable":true,"href":"https:\/\/konkret.store\/pl\/wp-json\/wp\/v2\/product_cat?post=25158"},{"taxonomy":"product_tag","embeddable":true,"href":"https:\/\/konkret.store\/pl\/wp-json\/wp\/v2\/product_tag?post=25158"}],"curies":[{"name":"wp","href":"https:\/\/api.w.org\/{rel}","templated":true}]}}